{"id":378,"date":"2023-11-13T16:38:13","date_gmt":"2023-11-13T16:38:13","guid":{"rendered":"https:\/\/uk-gb.net\/wiza-zjednoczone-krolestwo\/"},"modified":"2026-03-03T09:53:58","modified_gmt":"2026-03-03T09:53:58","slug":"wiza-zjednoczone-krolestwo","status":"publish","type":"page","link":"https:\/\/uk-gb.net\/pl\/wiza-zjednoczone-krolestwo\/","title":{"rendered":"Formalno\u015bci zwi\u0105zane z podr\u00f3\u017c\u0105 do Wielkiej Brytanii"},"content":{"rendered":"\n<h1 class=\"wp-block-heading\">Formalno\u015bci wjazdowe do Wielkiej Brytanii dla os\u00f3b podr\u00f3\u017cuj\u0105cych z zagranicy<\/h1>\n\n<p>Wielka Brytania wprowadzi\u0142a system <strong>elektronicznej autoryzacji podr\u00f3\u017cy<\/strong> (ETA) dla obywateli niekt\u00f3rych kraj\u00f3w zwolnionych z obowi\u0105zku wizowego. Ta uproszczona procedura umo\u017cliwia wjazd do Wielkiej Brytanii na kr\u00f3tki pobyt bez tradycyjnej wizy. ETA jest wymagana w nast\u0119puj\u0105cych przypadkach: Pobyty turystyczne, wizyty u krewnych, podr\u00f3\u017ce s\u0142u\u017cbowe, kr\u00f3tkoterminowe studia lub mi\u0119dzyl\u0105dowania w Wielkiej Brytanii.  <\/p>\n\n<p><strong>Aby z\u0142o\u017cy\u0107 wniosek w ci\u0105gu <strong>zaledwie kilku minut<\/strong><\/strong>, wystarczy wype\u0142ni\u0107 <a href=\"https:\/\/uk-gb.net\/pl\/wiza-online-eta-anglii\/\">formularz ETA online<\/a>.<\/p>\n\n<div style=\"height:10px\" aria-hidden=\"true\" class=\"wp-block-spacer\"><\/div>\n\n<h2 class=\"wp-block-heading\">Kogo dotyczy brytyjska ETA?<\/h2>\n\n<p>Liczba <a href=\"https:\/\/uk-gb.net\/pl\/kraje-ktore-mogaubiegac-eta-wielka-brytania\/\">kraj\u00f3w kwalifikuj\u0105cych si\u0119 do brytyjskiego ETA<\/a> stopniowo ro\u015bnie.<\/p>\n\n<p>Program zosta\u0142 po raz pierwszy wdro\u017cony na Bliskim Wschodzie, z nast\u0119puj\u0105cymi etapami pocz\u0105tkowymi:<\/p>\n\n<ul class=\"wp-block-list\">\n<li>Od 2023 r. ETA umo\u017cliwia obywatelom Kataru unikni\u0119cie ubiegania si\u0119 o wiz\u0119 do Anglii z Kataru.<\/li>\n\n\n\n<li>Od lutego 2024 r.: <a href=\"https:\/\/uk-gb.net\/pl\/wiza-do-anglii-z-arabii-saudyjskiej\/\">obywatele Arabii Saudyjskiej mog\u0105 uzyska\u0107 ETA<\/a> zamiast wizy do Wielkiej Brytanii.<\/li>\n<\/ul>\n\n<div style=\"height:10px\" aria-hidden=\"true\" class=\"wp-block-spacer\"><\/div>\n\n<p>Wszystkie kraje europejskie zosta\u0142y dodane do brytyjskiego systemu ETA. Obywatele europejscy mog\u0105 teraz <a href=\"https:\/\/uk-gb.net\/pl\/wiza-online-eta-anglii\/\">ubiega\u0107 si\u0119 o ETA online<\/a> przed podr\u00f3\u017c\u0105 do Wielkiej Brytanii. <\/p>\n\n<h2 class=\"wp-block-heading\">Jakie wizy i zezwolenia s\u0105 wymagane, aby podr\u00f3\u017cowa\u0107 do Wielkiej Brytanii?<\/h2>\n\n<p>Wielka Brytania oferuje <a href=\"https:\/\/uk-gb.net\/pl\/rozne-rodzaje-wiz-brytyjskich\/\">kilka rodzaj\u00f3w wiz<\/a> lub zezwole\u0144 w zale\u017cno\u015bci od profilu podr\u00f3\u017cnego, powodu pobytu i jego d\u0142ugo\u015bci. W przypadku kr\u00f3tkiego pobytu niekt\u00f3rzy obywatele mog\u0105 unikn\u0105\u0107 tradycyjnej procedury wizowej, korzystaj\u0105c z elektronicznego zezwolenia ETA. Oto przejrzysty przewodnik po dost\u0119pnych opcjach.  <\/p>\n\n<h3 class=\"wp-block-heading\">Czy potrzebuj\u0119 wizy, aby podr\u00f3\u017cowa\u0107 do Wielkiej Brytanii?<\/h3>\n\n<p>Wszystko zale\u017cy od narodowo\u015bci i celu podr\u00f3\u017cy. Oto g\u0142\u00f3wne scenariusze: <\/p>\n\n<ul class=\"wp-block-list\">\n<li><strong>Je\u015bli jeste\u015b obywatelem Irlandii<\/strong>: Nie jest wymagana wiza ani ETA.<\/li>\n\n\n\n<li><strong>Jeste\u015b obywatelem kraju, kt\u00f3ry zosta\u0142 zwolniony z obowi\u0105zku wizowego<\/strong>: Dotyczy to obywateli Europy, Stan\u00f3w Zjednoczonych i innych kraj\u00f3w partnerskich. Od 2025 r. do wjazdu do Wielkiej Brytanii wymagana jest <a href=\"https:\/\/uk-gb.net\/pl\/eta-anglia-wielka-brytania\/\">brytyjska ETA<\/a>.  <\/li>\n\n\n\n<li>Pochodzisz <strong>z kraju, kt\u00f3ry jest ju\u017c cz\u0119\u015bci\u0105 systemu ETA (Katar, Arabia Saudyjska itp.)<\/strong>: Musisz <a href=\"https:\/\/uk-gb.net\/pl\/wiza-online-eta-anglii\/\">z\u0142o\u017cy\u0107 wniosek o ETA online<\/a>.<\/li>\n\n\n\n<li>Je\u015bli <strong>jeste\u015b obywatelem kraju wymagaj\u0105cego wizy<\/strong>: musisz z\u0142o\u017cy\u0107 wniosek o <a href=\"https:\/\/uk-gb.net\/pl\/wiza-turystyczna-anglia-wielka-brytania\/\">wiz\u0119 turystyczn\u0105<\/a> online, a nast\u0119pnie sfinalizowa\u0107 wniosek na <a href=\"https:\/\/uk-gb.net\/pl\/ambasada-ds-wiz-w-anglii\/\">spotkaniu w ambasadzie brytyjskiej<\/a>.<\/li>\n\n\n\n<li><strong>Przyk\u0142ad<\/strong>: <a href=\"https:\/\/uk-gb.net\/pl\/wiza-anglii-polska\/\" type=\"page\" id=\"972\">eTA z Polska<\/a>.<\/li>\n<\/ul>\n\n<div style=\"height:10px\" aria-hidden=\"true\" class=\"wp-block-spacer\"><\/div>\n\n<h3 class=\"wp-block-heading\">Jakie rodzaje wiz s\u0105 dost\u0119pne w Wielkiej Brytanii?<\/h3>\n\n<p>Rodzaj wizy zale\u017cy od powodu wizyty:<\/p>\n\n<figure class=\"wp-block-table\"><table><thead><tr><th>Rodzaj wizy; Typ wizy<\/th><th>G\u0142\u00f3wne zastosowanie<\/th><\/tr><\/thead><tbody><tr><td><a href=\"https:\/\/uk-gb.net\/pl\/wiza-turystyczna-anglia-wielka-brytania\/\">Wiza turystyczna<\/a><\/td><td>Wycieczki rekreacyjne lub wizyty u krewnych<\/td><\/tr><tr><td><a href=\"https:\/\/uk-gb.net\/pl\/wiza-biznesowa-do-anglii-wielkiej-brytanii\/\">Wiza biznesowa<\/a><\/td><td>Spotkania, konferencje, misje zawodowe<\/td><\/tr><tr><td><a href=\"https:\/\/uk-gb.net\/pl\/wiza-studencka-do-anglii\/\">Wiza studencka<\/a><\/td><td>D\u0142ugoterminowe studia lub specjalne szkolenia<\/td><\/tr><tr><td><a href=\"https:\/\/uk-gb.net\/pl\/postoj-z-wiza-tranzytowa-w-anglii\/\">Wiza tranzytowa<\/a><\/td><td>Tymczasowe przej\u015bcie przez brytyjskie lotnisko<\/td><\/tr><tr><td><a href=\"https:\/\/uk-gb.net\/pl\/wiza-rodzinna-do-anglii\/\">Wiza rodzinna<\/a><\/td><td>Rodzinne podr\u00f3\u017ce po Wielkiej Brytanii<\/td><\/tr><\/tbody><\/table><\/figure>\n\n<h3 class=\"wp-block-heading\">Tranzyt w Wielkiej Brytanii: ETA czy wiza?<\/h3>\n\n<p>Nawet je\u015bli zatrzymujesz <strong>si\u0119 tylko na lotnisku<\/strong>, b\u0119dziesz potrzebowa\u0107 <strong>zezwolenia na podr\u00f3\u017c<\/strong>. W zale\u017cno\u015bci od narodowo\u015bci mo\u017ce to by\u0107 <a href=\"https:\/\/uk-gb.net\/pl\/eta-anglia-wielka-brytania\/\">brytyjski ETA<\/a> lub <a href=\"https:\/\/uk-gb.net\/pl\/postoj-z-wiza-tranzytowa-w-anglii\/\">wiza tranzytowa<\/a>. Wym\u00f3g ten ma zastosowanie, nawet je\u015bli nie przechodzisz przez kontrol\u0119 graniczn\u0105.  <\/p>\n\n<h3 class=\"wp-block-heading\">Czy mog\u0119 podr\u00f3\u017cowa\u0107 z ETA zamiast wizy?<\/h3>\n\n<p><strong>Elektroniczna autoryzacja ETA<\/strong> jest wystarczaj\u0105ca, je\u015bli pobyt spe\u0142nia te warunki:<\/p>\n\n<p>\u2705 Pobyt turystyczny, wizyta rodzinna, kr\u00f3tkie studia, podr\u00f3\u017c s\u0142u\u017cbowa<br\/>\u2705 Maksymalny czas trwania 6 miesi\u0119cy<br\/>\u2705 Tranzyt przez Zjednoczone Kr\u00f3lestwo<br\/>\u2705 P\u0142atna misja artystyczna trwaj\u0105ca kr\u00f3cej ni\u017c 3 miesi\u0105ce (w niekt\u00f3rych szczeg\u00f3lnych przypadkach)<\/p>\n\n<h3 class=\"wp-block-heading\">Ograniczenia autoryzacji ETA<\/h3>\n\n<p>\u274c ETA nie zezwala na :<\/p>\n\n<ul class=\"wp-block-list\">\n<li>Pobyt d\u0142u\u017cszy ni\u017c 6 miesi\u0119cy<\/li>\n\n\n\n<li>Praca dla brytyjskiej firmy<\/li>\n\n\n\n<li>Zak\u0142adanie firmy lub samozatrudnienie<\/li>\n\n\n\n<li>Otrzymywanie finansowania publicznego<\/li>\n\n\n\n<li>Aby zawrze\u0107 zwi\u0105zek ma\u0142\u017ce\u0144ski lub cywilny<\/li>\n\n\n\n<li>Aby skonfigurowa\u0107 na sta\u0142e<\/li>\n<\/ul>\n\n<p>We wszystkich tych przypadkach wymagana jest <a href=\"https:\/\/uk-gb.net\/pl\/rozne-rodzaje-wiz-brytyjskich\/\">wiza brytyjska<\/a>.<\/p>\n\n<h3 class=\"wp-block-heading\">Kt\u00f3re miejsca docelowe s\u0105 najpopularniejsze w przypadku wniosk\u00f3w wizowych?<\/h3>\n\n<p>Londyn pozostaje g\u0142\u00f3wn\u0105 bram\u0105 kraju, ale inne miasta r\u00f3wnie\u017c przyci\u0105gaj\u0105 wielu turyst\u00f3w. Podr\u00f3\u017cni ubiegaj\u0105 si\u0119 o wiz\u0119 do <a href=\"https:\/\/uk-gb.net\/pl\/wiza-do-londynu\/\">Londynu<\/a>, aby wyl\u0105dowa\u0107 w Anglii. Zagraniczni tury\u015bci odwiedzaj\u0105 r\u00f3wnie\u017c inne g\u0142\u00f3wne miasta Anglii, ubiegaj\u0105c si\u0119 o wiz\u0119 <a href=\"https:\/\/uk-gb.net\/pl\/wiza-do-liverpoolu\/\">do Liverpoolu<\/a>. Istnieje r\u00f3wnie\u017c wiele wniosk\u00f3w wizowych <a href=\"https:\/\/uk-gb.net\/pl\/wiza-do-manchesteru\/\">do Manchesteru<\/a>.   <\/p>\n\n<p>G\u0142\u00f3wne miasta uniwersyteckie w Anglii r\u00f3wnie\u017c przyci\u0105gaj\u0105 wielu turyst\u00f3w na pobyty akademickie, przy czym <a href=\"https:\/\/uk-gb.net\/pl\/wiza-do-oksfordu\/\">Oxford wymaga wizy<\/a>, a Cambridge znajduje si\u0119 dalej na p\u00f3\u0142noc od Londynu.<\/p>\n\n<p>Na p\u00f3\u0142nocy Wielkiej Brytanii podr\u00f3\u017cni ubiegaj\u0105 si\u0119 o wiz\u0119 do Birmingham. Niekt\u00f3rzy podr\u00f3\u017cuj\u0105 jeszcze dalej na p\u00f3\u0142noc do Szkocji, ubiegaj\u0105c si\u0119 o wiz\u0119 do Edynburga lub <a href=\"https:\/\/uk-gb.net\/pl\/wiza-do-glasgow\/\">wiz\u0119 do Glasgow<\/a>. <\/p>\n\n<p>Walia jest r\u00f3wnie\u017c popularnym celem podr\u00f3\u017cy zagranicznych. Tury\u015bci potrzebuj\u0105 wizy do Cardiff. <\/p>\n","protected":false},"excerpt":{"rendered":"<p>Formalno\u015bci wjazdowe do Wielkiej Brytanii dla os\u00f3b podr\u00f3\u017cuj\u0105cych z zagranicy Wielka Brytania wprowadzi\u0142a system elektronicznej autoryzacji podr\u00f3\u017cy (ETA) dla obywateli niekt\u00f3rych kraj\u00f3w zwolnionych z obowi\u0105zku wizowego. Ta uproszczona procedura umo\u017cliwia wjazd do Wielkiej Brytanii na kr\u00f3tki pobyt bez tradycyjnej wizy. ETA jest wymagana w nast\u0119puj\u0105cych przypadkach: Pobyty turystyczne, wizyty u krewnych, podr\u00f3\u017ce s\u0142u\u017cbowe, kr\u00f3tkoterminowe studia [&hellip;]<\/p>\n","protected":false},"author":1,"featured_media":0,"parent":0,"menu_order":0,"comment_status":"closed","ping_status":"closed","template":"","meta":{"footnotes":""},"class_list":["post-378","page","type-page","status-publish","hentry"],"yoast_head":"<!-- This site is optimized with the Yoast SEO plugin v27.3 - https:\/\/yoast.com\/product\/yoast-seo-wordpress\/ -->\n<title>Formalno\u015bci zwi\u0105zane z podr\u00f3\u017c\u0105 do Wielkiej Brytanii<\/title>\n<meta name=\"description\" content=\"Zasady dla zagranicznych podr\u00f3\u017cnych wje\u017cd\u017caj\u0105cych do Wielkiej Brytanii zmieni\u0142y si\u0119 wraz z wprowadzeniem brytyjskiej eTA.\" \/>\n<meta name=\"robots\" content=\"index, follow, max-snippet:-1, max-image-preview:large, max-video-preview:-1\" \/>\n<link rel=\"canonical\" href=\"https:\/\/uk-gb.net\/pl\/wiza-zjednoczone-krolestwo\/\" \/>\n<meta property=\"og:locale\" content=\"pl_PL\" \/>\n<meta property=\"og:type\" content=\"article\" \/>\n<meta property=\"og:title\" content=\"Formalno\u015bci zwi\u0105zane z podr\u00f3\u017c\u0105 do Wielkiej Brytanii\" \/>\n<meta property=\"og:description\" content=\"Zasady dla zagranicznych podr\u00f3\u017cnych wje\u017cd\u017caj\u0105cych do Wielkiej Brytanii zmieni\u0142y si\u0119 wraz z wprowadzeniem brytyjskiej eTA.\" \/>\n<meta property=\"og:url\" content=\"https:\/\/uk-gb.net\/pl\/wiza-zjednoczone-krolestwo\/\" \/>\n<meta property=\"og:site_name\" content=\"UK GB\" \/>\n<meta property=\"article:modified_time\" content=\"2026-03-03T09:53:58+00:00\" \/>\n<meta name=\"twitter:card\" content=\"summary_large_image\" \/>\n<meta name=\"twitter:label1\" content=\"Szacowany czas czytania\" \/>\n\t<meta name=\"twitter:data1\" content=\"4 minuty\" \/>\n<script type=\"application\/ld+json\" class=\"yoast-schema-graph\">{\"@context\":\"https:\\\/\\\/schema.org\",\"@graph\":[{\"@type\":\"WebPage\",\"@id\":\"https:\\\/\\\/uk-gb.net\\\/pl\\\/wiza-zjednoczone-krolestwo\\\/\",\"url\":\"https:\\\/\\\/uk-gb.net\\\/pl\\\/wiza-zjednoczone-krolestwo\\\/\",\"name\":\"Formalno\u015bci zwi\u0105zane z podr\u00f3\u017c\u0105 do Wielkiej Brytanii\",\"isPartOf\":{\"@id\":\"https:\\\/\\\/uk-gb.net\\\/pl\\\/#website\"},\"datePublished\":\"2023-11-13T16:38:13+00:00\",\"dateModified\":\"2026-03-03T09:53:58+00:00\",\"description\":\"Zasady dla zagranicznych podr\u00f3\u017cnych wje\u017cd\u017caj\u0105cych do Wielkiej Brytanii zmieni\u0142y si\u0119 wraz z wprowadzeniem brytyjskiej eTA.\",\"inLanguage\":\"pl-PL\",\"potentialAction\":[{\"@type\":\"ReadAction\",\"target\":[\"https:\\\/\\\/uk-gb.net\\\/pl\\\/wiza-zjednoczone-krolestwo\\\/\"]}]},{\"@type\":\"WebSite\",\"@id\":\"https:\\\/\\\/uk-gb.net\\\/pl\\\/#website\",\"url\":\"https:\\\/\\\/uk-gb.net\\\/pl\\\/\",\"name\":\"UK GB\",\"description\":\"Travel to the UK\",\"potentialAction\":[{\"@type\":\"SearchAction\",\"target\":{\"@type\":\"EntryPoint\",\"urlTemplate\":\"https:\\\/\\\/uk-gb.net\\\/pl\\\/?s={search_term_string}\"},\"query-input\":{\"@type\":\"PropertyValueSpecification\",\"valueRequired\":true,\"valueName\":\"search_term_string\"}}],\"inLanguage\":\"pl-PL\"}]}<\/script>\n<!-- \/ Yoast SEO plugin. -->","yoast_head_json":{"title":"Formalno\u015bci zwi\u0105zane z podr\u00f3\u017c\u0105 do Wielkiej Brytanii","description":"Zasady dla zagranicznych podr\u00f3\u017cnych wje\u017cd\u017caj\u0105cych do Wielkiej Brytanii zmieni\u0142y si\u0119 wraz z wprowadzeniem brytyjskiej eTA.","robots":{"index":"index","follow":"follow","max-snippet":"max-snippet:-1","max-image-preview":"max-image-preview:large","max-video-preview":"max-video-preview:-1"},"canonical":"https:\/\/uk-gb.net\/pl\/wiza-zjednoczone-krolestwo\/","og_locale":"pl_PL","og_type":"article","og_title":"Formalno\u015bci zwi\u0105zane z podr\u00f3\u017c\u0105 do Wielkiej Brytanii","og_description":"Zasady dla zagranicznych podr\u00f3\u017cnych wje\u017cd\u017caj\u0105cych do Wielkiej Brytanii zmieni\u0142y si\u0119 wraz z wprowadzeniem brytyjskiej eTA.","og_url":"https:\/\/uk-gb.net\/pl\/wiza-zjednoczone-krolestwo\/","og_site_name":"UK GB","article_modified_time":"2026-03-03T09:53:58+00:00","twitter_card":"summary_large_image","twitter_misc":{"Szacowany czas czytania":"4 minuty"},"schema":{"@context":"https:\/\/schema.org","@graph":[{"@type":"WebPage","@id":"https:\/\/uk-gb.net\/pl\/wiza-zjednoczone-krolestwo\/","url":"https:\/\/uk-gb.net\/pl\/wiza-zjednoczone-krolestwo\/","name":"Formalno\u015bci zwi\u0105zane z podr\u00f3\u017c\u0105 do Wielkiej Brytanii","isPartOf":{"@id":"https:\/\/uk-gb.net\/pl\/#website"},"datePublished":"2023-11-13T16:38:13+00:00","dateModified":"2026-03-03T09:53:58+00:00","description":"Zasady dla zagranicznych podr\u00f3\u017cnych wje\u017cd\u017caj\u0105cych do Wielkiej Brytanii zmieni\u0142y si\u0119 wraz z wprowadzeniem brytyjskiej eTA.","inLanguage":"pl-PL","potentialAction":[{"@type":"ReadAction","target":["https:\/\/uk-gb.net\/pl\/wiza-zjednoczone-krolestwo\/"]}]},{"@type":"WebSite","@id":"https:\/\/uk-gb.net\/pl\/#website","url":"https:\/\/uk-gb.net\/pl\/","name":"UK GB","description":"Travel to the UK","potentialAction":[{"@type":"SearchAction","target":{"@type":"EntryPoint","urlTemplate":"https:\/\/uk-gb.net\/pl\/?s={search_term_string}"},"query-input":{"@type":"PropertyValueSpecification","valueRequired":true,"valueName":"search_term_string"}}],"inLanguage":"pl-PL"}]}},"_links":{"self":[{"href":"https:\/\/uk-gb.net\/pl\/wp-json\/wp\/v2\/pages\/378","targetHints":{"allow":["GET"]}}],"collection":[{"href":"https:\/\/uk-gb.net\/pl\/wp-json\/wp\/v2\/pages"}],"about":[{"href":"https:\/\/uk-gb.net\/pl\/wp-json\/wp\/v2\/types\/page"}],"author":[{"embeddable":true,"href":"https:\/\/uk-gb.net\/pl\/wp-json\/wp\/v2\/users\/1"}],"replies":[{"embeddable":true,"href":"https:\/\/uk-gb.net\/pl\/wp-json\/wp\/v2\/comments?post=378"}],"version-history":[{"count":0,"href":"https:\/\/uk-gb.net\/pl\/wp-json\/wp\/v2\/pages\/378\/revisions"}],"wp:attachment":[{"href":"https:\/\/uk-gb.net\/pl\/wp-json\/wp\/v2\/media?parent=378"}],"curies":[{"name":"wp","href":"https:\/\/api.w.org\/{rel}","templated":true}]}}