{"id":1515,"date":"2024-02-25T15:25:14","date_gmt":"2024-02-25T15:25:14","guid":{"rendered":"https:\/\/uk-gb.net\/contact\/"},"modified":"2025-08-27T09:14:30","modified_gmt":"2025-08-27T08:14:30","slug":"contact","status":"publish","type":"page","link":"https:\/\/uk-gb.net\/pl\/contact\/","title":{"rendered":"Kontakt"},"content":{"rendered":"\n<h1 class=\"wp-block-heading\">Formularz kontaktowy<\/h1>\n\n<p>Jeste\u015bmy prywatn\u0105 stron\u0105 internetow\u0105 z informacjami na temat wakacji w Wielkiej Brytanii.  <\/p>\n\n<p>Nie jeste\u015bmy w \u017caden spos\u00f3b powi\u0105zani z administracj\u0105 brytyjsk\u0105, ani \u017cadn\u0105 inn\u0105.\nNie jeste\u015bmy w stanie zapewni\u0107 wsparcia dla procedury przeprowadzanej na oficjalnej stronie internetowej lub prywatnej stronie internetowej zapewniaj\u0105cej pomoc w formalno\u015bciach administracyjnych. <\/p>\n\n<p>Nasza strona internetowa zawiera r\u00f3\u017cne hiper\u0142\u0105cza reklamowe do stron internetowych os\u00f3b trzecich. Nie mamy powi\u0105za\u0144 ani kontroli nad tymi witrynami i nie ponosimy odpowiedzialno\u015bci za ich polityk\u0119 prywatno\u015bci lub praktyki handlowe.<\/p>\n<div class=\"wpforms-container wpforms-container-full wpforms-block wpforms-block-97737c9a-6459-48bb-9e26-bc200d497ab8 wpforms-render-modern\" id=\"wpforms-1497\"><form id=\"wpforms-form-1497\" class=\"wpforms-validate wpforms-form wpforms-ajax-form\" data-formid=\"1497\" method=\"post\" enctype=\"multipart\/form-data\" action=\"\/pl\/wp-json\/wp\/v2\/pages\/1515\" data-token=\"094b1d5e87531b23206cb0f4085ab595\" data-token-time=\"1776096218\"><noscript class=\"wpforms-error-noscript\">Aby wype\u0142ni\u0107 ten formularz, w\u0142\u0105cz obs\u0142ug\u0119 JavaScript w przegl\u0105darce.<\/noscript><div id=\"wpforms-error-noscript\" style=\"display: none;\">Aby wype\u0142ni\u0107 ten formularz, w\u0142\u0105cz obs\u0142ug\u0119 JavaScript w przegl\u0105darce.<\/div><div class=\"wpforms-field-container\"><div id=\"wpforms-1497-field_0-container\" class=\"wpforms-field wpforms-field-name\" data-field-id=\"0\"><label class=\"wpforms-field-label\" for=\"wpforms-1497-field_0\">Name <span class=\"wpforms-required-label\" aria-hidden=\"true\">*<\/span><\/label><input type=\"text\" id=\"wpforms-1497-field_0\" class=\"wpforms-field-medium wpforms-field-required\" name=\"wpforms[fields][0]\" aria-errormessage=\"wpforms-1497-field_0-error\" required><\/div><div id=\"wpforms-1497-field_1-container\" class=\"wpforms-field wpforms-field-email\" data-field-id=\"1\"><label class=\"wpforms-field-label\" for=\"wpforms-1497-field_1\">E-mail <span class=\"wpforms-required-label\" aria-hidden=\"true\">*<\/span><\/label><input type=\"email\" id=\"wpforms-1497-field_1\" class=\"wpforms-field-medium wpforms-field-required\" name=\"wpforms[fields][1]\" spellcheck=\"false\" aria-errormessage=\"wpforms-1497-field_1-error\" required><\/div><div id=\"wpforms-1497-field_2-container\" class=\"wpforms-field wpforms-field-textarea\" data-field-id=\"2\"><label class=\"wpforms-field-label\" for=\"wpforms-1497-field_2\">Message<\/label><textarea id=\"wpforms-1497-field_2\" class=\"wpforms-field-medium\" name=\"wpforms[fields][2]\" aria-errormessage=\"wpforms-1497-field_2-error\" ><\/textarea><\/div><\/div><!-- .wpforms-field-container --><div class=\"wpforms-submit-container\" ><input type=\"hidden\" name=\"wpforms[id]\" value=\"1497\"><input type=\"hidden\" name=\"page_title\" value=\"\"><input type=\"hidden\" name=\"page_url\" value=\"https:\/\/uk-gb.net\/pl\/wp-json\/wp\/v2\/pages\/1515\"><input type=\"hidden\" name=\"url_referer\" value=\"\"><button type=\"submit\" name=\"wpforms[submit]\" id=\"wpforms-submit-1497\" class=\"wpforms-submit\" data-alt-text=\"in progress\" data-submit-text=\"OK\" aria-live=\"assertive\" value=\"wpforms-submit\">OK<\/button><img decoding=\"async\" src=\"https:\/\/uk-gb.net\/wp-content\/plugins\/wpforms-lite\/assets\/images\/submit-spin.svg\" class=\"wpforms-submit-spinner\" style=\"display: none;\" width=\"26\" height=\"26\" alt=\"Wczytywanie\"><\/div><\/form><\/div>  <!-- .wpforms-container -->","protected":false},"excerpt":{"rendered":"<p>Formularz kontaktowy Jeste\u015bmy prywatn\u0105 stron\u0105 internetow\u0105 z informacjami na temat wakacji w Wielkiej Brytanii. Nie jeste\u015bmy w \u017caden spos\u00f3b powi\u0105zani z administracj\u0105 brytyjsk\u0105, ani \u017cadn\u0105 inn\u0105. Nie jeste\u015bmy w stanie zapewni\u0107 wsparcia dla procedury przeprowadzanej na oficjalnej stronie internetowej lub prywatnej stronie internetowej zapewniaj\u0105cej pomoc w formalno\u015bciach administracyjnych. Nasza strona internetowa zawiera r\u00f3\u017cne hiper\u0142\u0105cza reklamowe [&hellip;]<\/p>\n","protected":false},"author":1,"featured_media":0,"parent":0,"menu_order":0,"comment_status":"closed","ping_status":"closed","template":"","meta":{"footnotes":""},"class_list":["post-1515","page","type-page","status-publish","hentry"],"yoast_head":"<!-- This site is optimized with the Yoast SEO plugin v27.3 - https:\/\/yoast.com\/product\/yoast-seo-wordpress\/ -->\n<title>Kontakt - UK GB<\/title>\n<meta name=\"description\" content=\"Formularz kontaktowy na stronie uk-gb.net\" \/>\n<meta name=\"robots\" content=\"noindex, nofollow\" \/>\n<meta property=\"og:locale\" content=\"pl_PL\" \/>\n<meta property=\"og:type\" content=\"article\" \/>\n<meta property=\"og:title\" content=\"Kontakt - UK GB\" \/>\n<meta property=\"og:description\" content=\"Formularz kontaktowy na stronie uk-gb.net\" \/>\n<meta property=\"og:url\" content=\"https:\/\/uk-gb.net\/pl\/contact\/\" \/>\n<meta property=\"og:site_name\" content=\"UK GB\" \/>\n<meta property=\"article:modified_time\" content=\"2025-08-27T08:14:30+00:00\" \/>\n<meta name=\"twitter:card\" content=\"summary_large_image\" \/>\n<script type=\"application\/ld+json\" class=\"yoast-schema-graph\">{\"@context\":\"https:\\\/\\\/schema.org\",\"@graph\":[{\"@type\":\"WebPage\",\"@id\":\"https:\\\/\\\/uk-gb.net\\\/pl\\\/contact\\\/\",\"url\":\"https:\\\/\\\/uk-gb.net\\\/pl\\\/contact\\\/\",\"name\":\"Kontakt - UK GB\",\"isPartOf\":{\"@id\":\"https:\\\/\\\/uk-gb.net\\\/pl\\\/#website\"},\"datePublished\":\"2024-02-25T15:25:14+00:00\",\"dateModified\":\"2025-08-27T08:14:30+00:00\",\"description\":\"Formularz kontaktowy na stronie uk-gb.net\",\"inLanguage\":\"pl-PL\",\"potentialAction\":[{\"@type\":\"ReadAction\",\"target\":[\"https:\\\/\\\/uk-gb.net\\\/pl\\\/contact\\\/\"]}]},{\"@type\":\"WebSite\",\"@id\":\"https:\\\/\\\/uk-gb.net\\\/pl\\\/#website\",\"url\":\"https:\\\/\\\/uk-gb.net\\\/pl\\\/\",\"name\":\"UK GB\",\"description\":\"Travel to the UK\",\"potentialAction\":[{\"@type\":\"SearchAction\",\"target\":{\"@type\":\"EntryPoint\",\"urlTemplate\":\"https:\\\/\\\/uk-gb.net\\\/pl\\\/?s={search_term_string}\"},\"query-input\":{\"@type\":\"PropertyValueSpecification\",\"valueRequired\":true,\"valueName\":\"search_term_string\"}}],\"inLanguage\":\"pl-PL\"}]}<\/script>\n<!-- \/ Yoast SEO plugin. -->","yoast_head_json":{"title":"Kontakt - UK GB","description":"Formularz kontaktowy na stronie uk-gb.net","robots":{"index":"noindex","follow":"nofollow"},"og_locale":"pl_PL","og_type":"article","og_title":"Kontakt - UK GB","og_description":"Formularz kontaktowy na stronie uk-gb.net","og_url":"https:\/\/uk-gb.net\/pl\/contact\/","og_site_name":"UK GB","article_modified_time":"2025-08-27T08:14:30+00:00","twitter_card":"summary_large_image","schema":{"@context":"https:\/\/schema.org","@graph":[{"@type":"WebPage","@id":"https:\/\/uk-gb.net\/pl\/contact\/","url":"https:\/\/uk-gb.net\/pl\/contact\/","name":"Kontakt - UK GB","isPartOf":{"@id":"https:\/\/uk-gb.net\/pl\/#website"},"datePublished":"2024-02-25T15:25:14+00:00","dateModified":"2025-08-27T08:14:30+00:00","description":"Formularz kontaktowy na stronie uk-gb.net","inLanguage":"pl-PL","potentialAction":[{"@type":"ReadAction","target":["https:\/\/uk-gb.net\/pl\/contact\/"]}]},{"@type":"WebSite","@id":"https:\/\/uk-gb.net\/pl\/#website","url":"https:\/\/uk-gb.net\/pl\/","name":"UK GB","description":"Travel to the UK","potentialAction":[{"@type":"SearchAction","target":{"@type":"EntryPoint","urlTemplate":"https:\/\/uk-gb.net\/pl\/?s={search_term_string}"},"query-input":{"@type":"PropertyValueSpecification","valueRequired":true,"valueName":"search_term_string"}}],"inLanguage":"pl-PL"}]}},"_links":{"self":[{"href":"https:\/\/uk-gb.net\/pl\/wp-json\/wp\/v2\/pages\/1515","targetHints":{"allow":["GET"]}}],"collection":[{"href":"https:\/\/uk-gb.net\/pl\/wp-json\/wp\/v2\/pages"}],"about":[{"href":"https:\/\/uk-gb.net\/pl\/wp-json\/wp\/v2\/types\/page"}],"author":[{"embeddable":true,"href":"https:\/\/uk-gb.net\/pl\/wp-json\/wp\/v2\/users\/1"}],"replies":[{"embeddable":true,"href":"https:\/\/uk-gb.net\/pl\/wp-json\/wp\/v2\/comments?post=1515"}],"version-history":[{"count":0,"href":"https:\/\/uk-gb.net\/pl\/wp-json\/wp\/v2\/pages\/1515\/revisions"}],"wp:attachment":[{"href":"https:\/\/uk-gb.net\/pl\/wp-json\/wp\/v2\/media?parent=1515"}],"curies":[{"name":"wp","href":"https:\/\/api.w.org\/{rel}","templated":true}]}}