{"id":1263,"date":"2024-02-25T10:29:22","date_gmt":"2024-02-25T10:29:22","guid":{"rendered":"https:\/\/uk-gb.net\/cena-eta-wielkiej-brytanii\/"},"modified":"2026-04-02T11:11:19","modified_gmt":"2026-04-02T10:11:19","slug":"cena-eta-wielkiej-brytanii","status":"publish","type":"page","link":"https:\/\/uk-gb.net\/pl\/cena-eta-wielkiej-brytanii\/","title":{"rendered":"Nagroda ETA dla Wielkiej Brytanii"},"content":{"rendered":"\n<h1 class=\"wp-block-heading\">Ile kosztuje zezwolenie ETA dla Wielkiej Brytanii?<\/h1>\n\n<p>Je\u015bli jeste\u015b obywatelem kraju kwalifikuj\u0105cego si\u0119 do brytyjskiego <strong>programu bezwizowego<\/strong>, mo\u017cesz <a href=\"https:\/\/uk-gb.net\/pl\/wiza-online-eta-anglii\/\">ubiega\u0107 si\u0119 o ETA<\/a>, aby wjecha\u0107 do Wielkiej Brytanii bez <a href=\"https:\/\/uk-gb.net\/pl\/rozne-rodzaje-wiz-brytyjskich\/\">wizy brytyjskiej<\/a>.  <\/p>\n\n<p><strong>Procedura jest szybka i w 100% online<\/strong> poprzez wype\u0142nienie <a href=\"https:\/\/uk-gb.net\/pl\/wiza-online-eta-anglii\/\">formularza ETA online<\/a>.<\/p>\n\n<div style=\"height:10px\" aria-hidden=\"true\" class=\"wp-block-spacer\"><\/div>\n\n<h2 class=\"wp-block-heading\">Taryfa ETA dla Wielkiej Brytanii<\/h2>\n\n<p>Od 8 kwietnia 2026 r. oficjalna cena ETA wynosi <strong>20 funt\u00f3w<\/strong>, czyli oko\u0142o <strong>23 euro<\/strong>. Jest to stawka <strong>rycza\u0142towa<\/strong>, identyczna dla wszystkich wnioskodawc\u00f3w, niezale\u017cnie od ich wieku lub kraju pochodzenia. <\/p>\n\n<p>Jest to znacznie mniej ni\u017c koszt <a href=\"https:\/\/uk-gb.net\/pl\/wiza-turystyczna-anglia-wielka-brytania\/\">wizy turystycznej<\/a>, kt\u00f3ry wynosi minimum <strong>115 funt\u00f3w<\/strong> za pobyt kr\u00f3tkoterminowy.<\/p>\n\n<h2 class=\"wp-block-heading\">Jak ustawi\u0107 ETA?<\/h2>\n\n<p>P\u0142atno\u015bci dokonuje si\u0119 <strong>bezpo\u015brednio online<\/strong> w momencie sk\u0142adania wniosku, kart\u0105 kredytow\u0105 (Visa, Mastercard itp.). P\u0142atno\u015b\u0107 jest <strong>obowi\u0105zkowa<\/strong>, aby wniosek zosta\u0142 uwzgl\u0119dniony: przetwarzanie nie rozpocznie si\u0119, dop\u00f3ki p\u0142atno\u015b\u0107 nie zostanie zatwierdzona. <\/p>\n\n<p>Po dokonaniu p\u0142atno\u015bci system natychmiast rozpoczyna analiz\u0119 pliku, a odpowied\u017a jest zazwyczaj wysy\u0142ana poczt\u0105 elektroniczn\u0105 w ci\u0105gu kilku godzin (lub do 3 dni, je\u015bli wymagana jest dalsza analiza).<\/p>\n\n<h2 class=\"wp-block-heading\">Brak mo\u017cliwo\u015bci zwrotu pieni\u0119dzy<\/h2>\n\n<p>Kwota zap\u0142acona za ETA <strong>nie podlega zwrotowi<\/strong>, nawet w przypadku odrzucenia wniosku, jego anulowania lub zmiany plan\u00f3w podr\u00f3\u017cy. Dlatego wa\u017cne jest, aby sprawdzi\u0107 swoje <strong>uprawnienia<\/strong> przed rozpocz\u0119ciem procedury, szczeg\u00f3lnie w przypadku zmiany paszportu lub je\u015bli nie jeste\u015b obywatelem <a href=\"https:\/\/uk-gb.net\/pl\/kraje-ktore-mogaubiegac-eta-wielka-brytania\/\">kraju kwalifikuj\u0105cego si\u0119 do programu ETA<\/a>. <\/p>\n\n<h2 class=\"wp-block-heading\">ETA zachowuje wa\u017cno\u015b\u0107 przez 2 lata<\/h2>\n\n<p>ETA jest <strong>wa\u017cna przez 2 lata<\/strong> lub do wyga\u015bni\u0119cia wa\u017cno\u015bci paszportu, w zale\u017cno\u015bci od tego, co nast\u0105pi wcze\u015bniej. Zezwala na wielokrotny wjazd do Wielkiej Brytanii w tym okresie, za ka\u017cdym razem na pobyt <strong>kr\u00f3tszy ni\u017c 6 miesi\u0119cy<\/strong>. <\/p>\n","protected":false},"excerpt":{"rendered":"<p>Ile kosztuje zezwolenie ETA dla Wielkiej Brytanii? Je\u015bli jeste\u015b obywatelem kraju kwalifikuj\u0105cego si\u0119 do brytyjskiego programu bezwizowego, mo\u017cesz ubiega\u0107 si\u0119 o ETA, aby wjecha\u0107 do Wielkiej Brytanii bez wizy brytyjskiej. Procedura jest szybka i w 100% online poprzez wype\u0142nienie formularza ETA online. Taryfa ETA dla Wielkiej Brytanii Od 8 kwietnia 2026 r. oficjalna cena ETA [&hellip;]<\/p>\n","protected":false},"author":1,"featured_media":0,"parent":0,"menu_order":0,"comment_status":"closed","ping_status":"closed","template":"","meta":{"footnotes":""},"class_list":["post-1263","page","type-page","status-publish","hentry"],"yoast_head":"<!-- This site is optimized with the Yoast SEO plugin v27.3 - https:\/\/yoast.com\/product\/yoast-seo-wordpress\/ -->\n<title>Nagroda ETA dla Wielkiej Brytanii - UK GB<\/title>\n<meta name=\"description\" content=\"Jaka jest op\u0142ata administracyjna, kt\u00f3r\u0105 nale\u017cy ui\u015bci\u0107 online w celu zatwierdzenia wniosku o elektroniczne zezwolenie na podr\u00f3\u017c ETA?\" \/>\n<meta name=\"robots\" content=\"index, follow, max-snippet:-1, max-image-preview:large, max-video-preview:-1\" \/>\n<link rel=\"canonical\" href=\"https:\/\/uk-gb.net\/pl\/cena-eta-wielkiej-brytanii\/\" \/>\n<meta property=\"og:locale\" content=\"pl_PL\" \/>\n<meta property=\"og:type\" content=\"article\" \/>\n<meta property=\"og:title\" content=\"Nagroda ETA dla Wielkiej Brytanii - UK GB\" \/>\n<meta property=\"og:description\" content=\"Jaka jest op\u0142ata administracyjna, kt\u00f3r\u0105 nale\u017cy ui\u015bci\u0107 online w celu zatwierdzenia wniosku o elektroniczne zezwolenie na podr\u00f3\u017c ETA?\" \/>\n<meta property=\"og:url\" content=\"https:\/\/uk-gb.net\/pl\/cena-eta-wielkiej-brytanii\/\" \/>\n<meta property=\"og:site_name\" content=\"UK GB\" \/>\n<meta property=\"article:modified_time\" content=\"2026-04-02T10:11:19+00:00\" \/>\n<meta name=\"twitter:card\" content=\"summary_large_image\" \/>\n<meta name=\"twitter:label1\" content=\"Szacowany czas czytania\" \/>\n\t<meta name=\"twitter:data1\" content=\"1 minuta\" \/>\n<script type=\"application\/ld+json\" class=\"yoast-schema-graph\">{\"@context\":\"https:\\\/\\\/schema.org\",\"@graph\":[{\"@type\":\"WebPage\",\"@id\":\"https:\\\/\\\/uk-gb.net\\\/pl\\\/cena-eta-wielkiej-brytanii\\\/\",\"url\":\"https:\\\/\\\/uk-gb.net\\\/pl\\\/cena-eta-wielkiej-brytanii\\\/\",\"name\":\"Nagroda ETA dla Wielkiej Brytanii - UK GB\",\"isPartOf\":{\"@id\":\"https:\\\/\\\/uk-gb.net\\\/pl\\\/#website\"},\"datePublished\":\"2024-02-25T10:29:22+00:00\",\"dateModified\":\"2026-04-02T10:11:19+00:00\",\"description\":\"Jaka jest op\u0142ata administracyjna, kt\u00f3r\u0105 nale\u017cy ui\u015bci\u0107 online w celu zatwierdzenia wniosku o elektroniczne zezwolenie na podr\u00f3\u017c ETA?\",\"inLanguage\":\"pl-PL\",\"potentialAction\":[{\"@type\":\"ReadAction\",\"target\":[\"https:\\\/\\\/uk-gb.net\\\/pl\\\/cena-eta-wielkiej-brytanii\\\/\"]}]},{\"@type\":\"WebSite\",\"@id\":\"https:\\\/\\\/uk-gb.net\\\/pl\\\/#website\",\"url\":\"https:\\\/\\\/uk-gb.net\\\/pl\\\/\",\"name\":\"UK GB\",\"description\":\"Travel to the UK\",\"potentialAction\":[{\"@type\":\"SearchAction\",\"target\":{\"@type\":\"EntryPoint\",\"urlTemplate\":\"https:\\\/\\\/uk-gb.net\\\/pl\\\/?s={search_term_string}\"},\"query-input\":{\"@type\":\"PropertyValueSpecification\",\"valueRequired\":true,\"valueName\":\"search_term_string\"}}],\"inLanguage\":\"pl-PL\"}]}<\/script>\n<!-- \/ Yoast SEO plugin. -->","yoast_head_json":{"title":"Nagroda ETA dla Wielkiej Brytanii - UK GB","description":"Jaka jest op\u0142ata administracyjna, kt\u00f3r\u0105 nale\u017cy ui\u015bci\u0107 online w celu zatwierdzenia wniosku o elektroniczne zezwolenie na podr\u00f3\u017c ETA?","robots":{"index":"index","follow":"follow","max-snippet":"max-snippet:-1","max-image-preview":"max-image-preview:large","max-video-preview":"max-video-preview:-1"},"canonical":"https:\/\/uk-gb.net\/pl\/cena-eta-wielkiej-brytanii\/","og_locale":"pl_PL","og_type":"article","og_title":"Nagroda ETA dla Wielkiej Brytanii - UK GB","og_description":"Jaka jest op\u0142ata administracyjna, kt\u00f3r\u0105 nale\u017cy ui\u015bci\u0107 online w celu zatwierdzenia wniosku o elektroniczne zezwolenie na podr\u00f3\u017c ETA?","og_url":"https:\/\/uk-gb.net\/pl\/cena-eta-wielkiej-brytanii\/","og_site_name":"UK GB","article_modified_time":"2026-04-02T10:11:19+00:00","twitter_card":"summary_large_image","twitter_misc":{"Szacowany czas czytania":"1 minuta"},"schema":{"@context":"https:\/\/schema.org","@graph":[{"@type":"WebPage","@id":"https:\/\/uk-gb.net\/pl\/cena-eta-wielkiej-brytanii\/","url":"https:\/\/uk-gb.net\/pl\/cena-eta-wielkiej-brytanii\/","name":"Nagroda ETA dla Wielkiej Brytanii - UK GB","isPartOf":{"@id":"https:\/\/uk-gb.net\/pl\/#website"},"datePublished":"2024-02-25T10:29:22+00:00","dateModified":"2026-04-02T10:11:19+00:00","description":"Jaka jest op\u0142ata administracyjna, kt\u00f3r\u0105 nale\u017cy ui\u015bci\u0107 online w celu zatwierdzenia wniosku o elektroniczne zezwolenie na podr\u00f3\u017c ETA?","inLanguage":"pl-PL","potentialAction":[{"@type":"ReadAction","target":["https:\/\/uk-gb.net\/pl\/cena-eta-wielkiej-brytanii\/"]}]},{"@type":"WebSite","@id":"https:\/\/uk-gb.net\/pl\/#website","url":"https:\/\/uk-gb.net\/pl\/","name":"UK GB","description":"Travel to the UK","potentialAction":[{"@type":"SearchAction","target":{"@type":"EntryPoint","urlTemplate":"https:\/\/uk-gb.net\/pl\/?s={search_term_string}"},"query-input":{"@type":"PropertyValueSpecification","valueRequired":true,"valueName":"search_term_string"}}],"inLanguage":"pl-PL"}]}},"_links":{"self":[{"href":"https:\/\/uk-gb.net\/pl\/wp-json\/wp\/v2\/pages\/1263","targetHints":{"allow":["GET"]}}],"collection":[{"href":"https:\/\/uk-gb.net\/pl\/wp-json\/wp\/v2\/pages"}],"about":[{"href":"https:\/\/uk-gb.net\/pl\/wp-json\/wp\/v2\/types\/page"}],"author":[{"embeddable":true,"href":"https:\/\/uk-gb.net\/pl\/wp-json\/wp\/v2\/users\/1"}],"replies":[{"embeddable":true,"href":"https:\/\/uk-gb.net\/pl\/wp-json\/wp\/v2\/comments?post=1263"}],"version-history":[{"count":0,"href":"https:\/\/uk-gb.net\/pl\/wp-json\/wp\/v2\/pages\/1263\/revisions"}],"wp:attachment":[{"href":"https:\/\/uk-gb.net\/pl\/wp-json\/wp\/v2\/media?parent=1263"}],"curies":[{"name":"wp","href":"https:\/\/api.w.org\/{rel}","templated":true}]}}