{"id":1249,"date":"2024-02-25T10:31:56","date_gmt":"2024-02-25T10:31:56","guid":{"rendered":"https:\/\/uk-gb.net\/procedura-wize-wielkiej-brytanii\/"},"modified":"2025-08-27T10:17:28","modified_gmt":"2025-08-27T09:17:28","slug":"procedura-wize-wielkiej-brytanii","status":"publish","type":"page","link":"https:\/\/uk-gb.net\/pl\/procedura-wize-wielkiej-brytanii\/","title":{"rendered":"Procedura ubiegania si\u0119 o wiz\u0119 brytyjsk\u0105"},"content":{"rendered":"\n<h1 class=\"wp-block-heading\">Procedura uzyskania wizy na podr\u00f3\u017c do Wielkiej Brytanii<\/h1>\n\n<p>Je\u015bli nie kwalifikujesz si\u0119 do uzyskania <a href=\"https:\/\/uk-gb.net\/pl\/eta-anglia-wielka-brytania\/\">zezwolenia ETA<\/a>, b\u0119dziesz musia\u0142 uzyska\u0107 <a href=\"https:\/\/uk-gb.net\/pl\/rozne-rodzaje-wiz-brytyjskich\/\">wiz\u0119 brytyjsk\u0105<\/a>, aby wjecha\u0107 do Wielkiej Brytanii. Wniosek sk\u0142ada si\u0119 z kilku etap\u00f3w, zawsze zaczynaj\u0105c od formularza online, a nast\u0119pnie wizyty w ambasadzie lub zatwierdzonym centrum sk\u0142adania wniosk\u00f3w. <\/p>\n\n<p><strong>W przypadku pobytu turystycznego lub biznesowego<\/strong> <strong>kr\u00f3tszego ni\u017c 6 miesi\u0119cy<\/strong>: Obywatele kwalifikuj\u0105cych si\u0119 kraj\u00f3w mog\u0105 <a href=\"https:\/\/uk-gb.net\/pl\/wiza-online-eta-anglii\/\">ubiega\u0107 si\u0119 o ETA online<\/a> zamiast wizy. Procedura ta jest szybsza i w 100% online. <\/p>\n\n<div style=\"height:10px\" aria-hidden=\"true\" class=\"wp-block-spacer\"><\/div>\n\n<h2 class=\"wp-block-heading\">Jak ubiega\u0107 si\u0119 o wiz\u0119 brytyjsk\u0105?<\/h2>\n\n<p>O wiz\u0119 brytyjsk\u0105 mo\u017cna ubiega\u0107 si\u0119 online. Procedura ubiegania si\u0119 o wiz\u0119 brytyjsk\u0105 sk\u0142ada si\u0119 z kilku obowi\u0105zkowych etap\u00f3w: <\/p>\n\n<ol class=\"wp-block-list\">\n<li>Okre\u015bl <a href=\"https:\/\/uk-gb.net\/pl\/rozne-rodzaje-wiz-brytyjskich\/\">rodzaj wymaganej wizy brytyjskiej<\/a> w zale\u017cno\u015bci od powodu podr\u00f3\u017cy (turystyka, nauka, praca, tranzyt);<\/li>\n\n\n\n<li>Zbierz wszystkie dokumenty potwierdzaj\u0105ce wymagane przez w\u0142adze brytyjskie;<\/li>\n\n\n\n<li>Wype\u0142nij formularz wniosku wizowego na oficjalnej stronie rz\u0105du Wielkiej Brytanii: <a class=\"\" href=\"https:\/\/www.gov.uk\/\">gov.uk<\/a>;<\/li>\n\n\n\n<li>Ui\u015bci\u0107 <a href=\"https:\/\/uk-gb.net\/pl\/cena-wizy-do-anglii\/\">op\u0142at\u0119 wizow\u0105<\/a> online w momencie sk\u0142adania wniosku;<\/li>\n\n\n\n<li>Um\u00f3w si\u0119 na wizyt\u0119 w <a href=\"https:\/\/uk-gb.net\/pl\/ambasada-ds-wiz-w-anglii\/\">ambasadzie brytyjskiej<\/a> lub zatwierdzonym centrum sk\u0142adania wniosk\u00f3w wizowych;<\/li>\n\n\n\n<li>Z\u0142o\u017cy\u0107 wszystkie oryginalne dokumenty i dowody potwierdzaj\u0105ce podczas <a href=\"https:\/\/uk-gb.net\/pl\/ambasada-ds-wiz-w-anglii\/\">wizyty wizowej w ambasadzie<\/a>;<\/li>\n\n\n\n<li>Uczestniczy\u0107 w rozmowie z urz\u0119dnikiem konsularnym, je\u015bli jest to wymagane dla danego rodzaju wizy.<\/li>\n<\/ol>\n\n<div style=\"height:10px\" aria-hidden=\"true\" class=\"wp-block-spacer\"><\/div>\n\n<h2 class=\"wp-block-heading\">Jakie dokumenty s\u0105 wymagane?<\/h2>\n\n<p>Wymagane dokumenty zale\u017c\u0105 od rodzaju wizy, ale zasadniczo musz\u0105 umo\u017cliwia\u0107 brytyjskim w\u0142adzom :<\/p>\n\n<ul class=\"wp-block-list\">\n<li>Sprawd\u017a, czy wje\u017cd\u017casz do Wielkiej Brytanii w celu podj\u0119cia <strong>dozwolonej dzia\u0142alno\u015bci<\/strong>;<\/li>\n\n\n\n<li>Potwierd\u017a, \u017ce opu\u015bcisz <strong>kraj po wyga\u015bni\u0119ciu wizy<\/strong>;<\/li>\n\n\n\n<li>Udowodnij, \u017ce jeste\u015b w stanie <strong>sfinansowa\u0107 pobyt sw\u00f3j<\/strong> i os\u00f3b towarzysz\u0105cych;<\/li>\n\n\n\n<li>Udowodnij, \u017ce jeste\u015b <strong>w stanie zap\u0142aci\u0107 za podr\u00f3\u017c powrotn\u0105<\/strong> lub nast\u0119pny cel podr\u00f3\u017cy.<\/li>\n<\/ul>\n\n<div style=\"height:10px\" aria-hidden=\"true\" class=\"wp-block-spacer\"><\/div>\n\n<p>Wszystkie dokumenty potwierdzaj\u0105ce musz\u0105 by\u0107 dostarczone w <strong>formacie cyfrowym zeskanowanym<\/strong> z <strong>oryginalnych dokument\u00f3w<\/strong>. Niepo\u015bwiadczone kserokopie lub t\u0142umaczenia mog\u0105 skutkowa\u0107 odmow\u0105. <\/p>\n\n<h2 class=\"wp-block-heading\">Czas przetwarzania i oczekiwania<\/h2>\n\n<p>Standardowy czas rozpatrywania wniosku wizowego wynosi \u015brednio <strong>3 tygodnie<\/strong> od daty wizyty konsularnej. Zaleca si\u0119 z\u0142o\u017cenie wniosku <strong>co najmniej miesi\u0105c przed planowanym wyjazdem<\/strong>, zw\u0142aszcza w okresach wzmo\u017conego ruchu. <\/p>\n\n<p>Opcje <strong>us\u0142ug<\/strong> priorytetowych s\u0105 dost\u0119pne za dodatkow\u0105 op\u0142at\u0105.<\/p>\n\n<h2 class=\"wp-block-heading\">Czy mog\u0119 zmieni\u0107 lub anulowa\u0107 wniosek wizowy?<\/h2>\n\n<p>Po z\u0142o\u017ceniu wniosku i uiszczeniu <a href=\"https:\/\/uk-gb.net\/pl\/cena-wizy-do-anglii\/\">op\u0142aty wizowej<\/a> nie mo\u017cna <strong>zmieni\u0107 wprowadzonych informacji<\/strong> ani otrzyma\u0107 zwrotu pieni\u0119dzy w przypadku anulowania. Je\u015bli pope\u0142ni\u0142e\u015b b\u0142\u0105d lub zmieni\u0142e\u015b swoje plany, b\u0119dziesz musia\u0142 z\u0142o\u017cy\u0107 <strong>nowy kompletny wniosek<\/strong> z nowymi op\u0142atami. <\/p>\n\n<h2 class=\"wp-block-heading\">Jaka jest r\u00f3\u017cnica mi\u0119dzy wiz\u0105 a ETA?<\/h2>\n\n<p><strong>Wiza<\/strong> jest standardowym zezwoleniem wydawanym po dok\u0142adnym sprawdzeniu, cz\u0119sto wymaganym w przypadku d\u0142ugich pobyt\u00f3w lub dla obywateli kraj\u00f3w spoza programu ETA.<\/p>\n\n<p><strong>ETA<\/strong> jest <strong>szybszy<\/strong>, <strong>ta\u0144szy<\/strong> (16 funt\u00f3w) i jest przeznaczony dla niekt\u00f3rych podr\u00f3\u017cnych zwolnionych z obowi\u0105zku wizowego. Jest wa\u017cny przez <strong>2 lata<\/strong> w przypadku pobyt\u00f3w <strong>kr\u00f3tszych ni\u017c 6 miesi\u0119cy<\/strong>. <\/p>\n","protected":false},"excerpt":{"rendered":"<p>Procedura uzyskania wizy na podr\u00f3\u017c do Wielkiej Brytanii Je\u015bli nie kwalifikujesz si\u0119 do uzyskania zezwolenia ETA, b\u0119dziesz musia\u0142 uzyska\u0107 wiz\u0119 brytyjsk\u0105, aby wjecha\u0107 do Wielkiej Brytanii. Wniosek sk\u0142ada si\u0119 z kilku etap\u00f3w, zawsze zaczynaj\u0105c od formularza online, a nast\u0119pnie wizyty w ambasadzie lub zatwierdzonym centrum sk\u0142adania wniosk\u00f3w. W przypadku pobytu turystycznego lub biznesowego kr\u00f3tszego ni\u017c [&hellip;]<\/p>\n","protected":false},"author":1,"featured_media":0,"parent":0,"menu_order":0,"comment_status":"closed","ping_status":"closed","template":"","meta":{"footnotes":""},"class_list":["post-1249","page","type-page","status-publish","hentry"],"yoast_head":"<!-- This site is optimized with the Yoast SEO plugin v27.3 - https:\/\/yoast.com\/product\/yoast-seo-wordpress\/ -->\n<title>Procedura ubiegania si\u0119 o wiz\u0119 brytyjsk\u0105 - UK GB<\/title>\n<meta name=\"description\" content=\"Dowiedz si\u0119, jak w kilku krokach ubiega\u0107 si\u0119 o wiz\u0119 online na podr\u00f3\u017c do Wielkiej Brytanii.\" \/>\n<meta name=\"robots\" content=\"index, follow, max-snippet:-1, max-image-preview:large, max-video-preview:-1\" \/>\n<link rel=\"canonical\" href=\"https:\/\/uk-gb.net\/pl\/procedura-wize-wielkiej-brytanii\/\" \/>\n<meta property=\"og:locale\" content=\"pl_PL\" \/>\n<meta property=\"og:type\" content=\"article\" \/>\n<meta property=\"og:title\" content=\"Procedura ubiegania si\u0119 o wiz\u0119 brytyjsk\u0105 - UK GB\" \/>\n<meta property=\"og:description\" content=\"Dowiedz si\u0119, jak w kilku krokach ubiega\u0107 si\u0119 o wiz\u0119 online na podr\u00f3\u017c do Wielkiej Brytanii.\" \/>\n<meta property=\"og:url\" content=\"https:\/\/uk-gb.net\/pl\/procedura-wize-wielkiej-brytanii\/\" \/>\n<meta property=\"og:site_name\" content=\"UK GB\" \/>\n<meta property=\"article:modified_time\" content=\"2025-08-27T09:17:28+00:00\" \/>\n<meta name=\"twitter:card\" content=\"summary_large_image\" \/>\n<meta name=\"twitter:label1\" content=\"Szacowany czas czytania\" \/>\n\t<meta name=\"twitter:data1\" content=\"2 minuty\" \/>\n<script type=\"application\/ld+json\" class=\"yoast-schema-graph\">{\"@context\":\"https:\\\/\\\/schema.org\",\"@graph\":[{\"@type\":\"WebPage\",\"@id\":\"https:\\\/\\\/uk-gb.net\\\/pl\\\/procedura-wize-wielkiej-brytanii\\\/\",\"url\":\"https:\\\/\\\/uk-gb.net\\\/pl\\\/procedura-wize-wielkiej-brytanii\\\/\",\"name\":\"Procedura ubiegania si\u0119 o wiz\u0119 brytyjsk\u0105 - UK GB\",\"isPartOf\":{\"@id\":\"https:\\\/\\\/uk-gb.net\\\/pl\\\/#website\"},\"datePublished\":\"2024-02-25T10:31:56+00:00\",\"dateModified\":\"2025-08-27T09:17:28+00:00\",\"description\":\"Dowiedz si\u0119, jak w kilku krokach ubiega\u0107 si\u0119 o wiz\u0119 online na podr\u00f3\u017c do Wielkiej Brytanii.\",\"inLanguage\":\"pl-PL\",\"potentialAction\":[{\"@type\":\"ReadAction\",\"target\":[\"https:\\\/\\\/uk-gb.net\\\/pl\\\/procedura-wize-wielkiej-brytanii\\\/\"]}]},{\"@type\":\"WebSite\",\"@id\":\"https:\\\/\\\/uk-gb.net\\\/pl\\\/#website\",\"url\":\"https:\\\/\\\/uk-gb.net\\\/pl\\\/\",\"name\":\"UK GB\",\"description\":\"Travel to the UK\",\"potentialAction\":[{\"@type\":\"SearchAction\",\"target\":{\"@type\":\"EntryPoint\",\"urlTemplate\":\"https:\\\/\\\/uk-gb.net\\\/pl\\\/?s={search_term_string}\"},\"query-input\":{\"@type\":\"PropertyValueSpecification\",\"valueRequired\":true,\"valueName\":\"search_term_string\"}}],\"inLanguage\":\"pl-PL\"}]}<\/script>\n<!-- \/ Yoast SEO plugin. -->","yoast_head_json":{"title":"Procedura ubiegania si\u0119 o wiz\u0119 brytyjsk\u0105 - UK GB","description":"Dowiedz si\u0119, jak w kilku krokach ubiega\u0107 si\u0119 o wiz\u0119 online na podr\u00f3\u017c do Wielkiej Brytanii.","robots":{"index":"index","follow":"follow","max-snippet":"max-snippet:-1","max-image-preview":"max-image-preview:large","max-video-preview":"max-video-preview:-1"},"canonical":"https:\/\/uk-gb.net\/pl\/procedura-wize-wielkiej-brytanii\/","og_locale":"pl_PL","og_type":"article","og_title":"Procedura ubiegania si\u0119 o wiz\u0119 brytyjsk\u0105 - UK GB","og_description":"Dowiedz si\u0119, jak w kilku krokach ubiega\u0107 si\u0119 o wiz\u0119 online na podr\u00f3\u017c do Wielkiej Brytanii.","og_url":"https:\/\/uk-gb.net\/pl\/procedura-wize-wielkiej-brytanii\/","og_site_name":"UK GB","article_modified_time":"2025-08-27T09:17:28+00:00","twitter_card":"summary_large_image","twitter_misc":{"Szacowany czas czytania":"2 minuty"},"schema":{"@context":"https:\/\/schema.org","@graph":[{"@type":"WebPage","@id":"https:\/\/uk-gb.net\/pl\/procedura-wize-wielkiej-brytanii\/","url":"https:\/\/uk-gb.net\/pl\/procedura-wize-wielkiej-brytanii\/","name":"Procedura ubiegania si\u0119 o wiz\u0119 brytyjsk\u0105 - UK GB","isPartOf":{"@id":"https:\/\/uk-gb.net\/pl\/#website"},"datePublished":"2024-02-25T10:31:56+00:00","dateModified":"2025-08-27T09:17:28+00:00","description":"Dowiedz si\u0119, jak w kilku krokach ubiega\u0107 si\u0119 o wiz\u0119 online na podr\u00f3\u017c do Wielkiej Brytanii.","inLanguage":"pl-PL","potentialAction":[{"@type":"ReadAction","target":["https:\/\/uk-gb.net\/pl\/procedura-wize-wielkiej-brytanii\/"]}]},{"@type":"WebSite","@id":"https:\/\/uk-gb.net\/pl\/#website","url":"https:\/\/uk-gb.net\/pl\/","name":"UK GB","description":"Travel to the UK","potentialAction":[{"@type":"SearchAction","target":{"@type":"EntryPoint","urlTemplate":"https:\/\/uk-gb.net\/pl\/?s={search_term_string}"},"query-input":{"@type":"PropertyValueSpecification","valueRequired":true,"valueName":"search_term_string"}}],"inLanguage":"pl-PL"}]}},"_links":{"self":[{"href":"https:\/\/uk-gb.net\/pl\/wp-json\/wp\/v2\/pages\/1249","targetHints":{"allow":["GET"]}}],"collection":[{"href":"https:\/\/uk-gb.net\/pl\/wp-json\/wp\/v2\/pages"}],"about":[{"href":"https:\/\/uk-gb.net\/pl\/wp-json\/wp\/v2\/types\/page"}],"author":[{"embeddable":true,"href":"https:\/\/uk-gb.net\/pl\/wp-json\/wp\/v2\/users\/1"}],"replies":[{"embeddable":true,"href":"https:\/\/uk-gb.net\/pl\/wp-json\/wp\/v2\/comments?post=1249"}],"version-history":[{"count":0,"href":"https:\/\/uk-gb.net\/pl\/wp-json\/wp\/v2\/pages\/1249\/revisions"}],"wp:attachment":[{"href":"https:\/\/uk-gb.net\/pl\/wp-json\/wp\/v2\/media?parent=1249"}],"curies":[{"name":"wp","href":"https:\/\/api.w.org\/{rel}","templated":true}]}}