{"id":1031,"date":"2023-12-31T15:10:49","date_gmt":"2023-12-31T15:10:49","guid":{"rendered":"https:\/\/uk-gb.net\/wiza-anglii-polska\/"},"modified":"2026-03-02T14:16:01","modified_gmt":"2026-03-02T14:16:01","slug":"wiza-anglii-polska","status":"publish","type":"page","link":"https:\/\/uk-gb.net\/pl\/wiza-anglii-polska\/","title":{"rendered":"Wiza do Anglii z Polska"},"content":{"rendered":"\n<h1 class=\"wp-block-heading\">Formalno\u015bci zwi\u0105zane z podr\u00f3\u017c\u0105 do Anglii z Polska<\/h1>\n\n<h2 class=\"wp-block-heading\">Czy obywatele polski potrzebuj\u0105 wizy, aby podr\u00f3\u017cowa\u0107 do Anglii?<\/h2>\n\n<p><strong>Obywatel Polski nie potrzebuje wizy do Wielkiej Brytanii na pobyt kr\u00f3tszy ni\u017c 6<\/strong> miesi\u0119cy dzi\u0119ki brytyjskiemu programowi bezwizowemu. Wszystko, co musz\u0105 zrobi\u0107, to z\u0142o\u017cy\u0107 wniosek o elektroniczne zezwolenie na podr\u00f3\u017c, wype\u0142niaj\u0105c <a href=\"https:\/\/uk-gb.net\/pl\/wiza-online-eta-anglii\/\">formularz eTA UK online<\/a>.<\/p>\n\n<div style=\"height:20px\" aria-hidden=\"true\" class=\"wp-block-spacer\"><\/div>\n\n<h2 class=\"wp-block-heading\">Czy obcokrajowcy mieszkaj\u0105cy we Polska potrzebuj\u0105 wizy do Wielkiej Brytanii?<\/h2>\n\n<p>Formalno\u015bci wymagane do wjazdu do Wielkiej Brytanii zale\u017c\u0105 od obywatelstwa podr\u00f3\u017cnego:<\/p>\n\n<ul class=\"wp-block-list\">\n<li>Je\u015bli cudzoziemiec przebywaj\u0105cy we Polska jest obywatelem <a href=\"https:\/\/uk-gb.net\/pl\/kraje-ktore-mogaubiegac-eta-wielka-brytania\/\">kraju korzystaj\u0105cego z programu bezwizowego<\/a>, mo\u017ce ubiega\u0107 si\u0119 o <a href=\"https:\/\/uk-gb.net\/pl\/eta-anglia-wielka-brytania\/\">brytyjski ETA<\/a> na pobyt kr\u00f3tszy ni\u017c 6 miesi\u0119cy.<\/li>\n\n\n\n<li>W przeciwnym razie b\u0119d\u0105 musieli uzyska\u0107 <a href=\"https:\/\/uk-gb.net\/pl\/rozne-rodzaje-wiz-brytyjskich\/\">wiz\u0119, aby podr\u00f3\u017cowa\u0107 do Anglii<\/a>.<\/li>\n<\/ul>\n\n<p>Cudzoziemiec mieszkaj\u0105cy we Polska mo\u017ce zatem uzyska\u0107 ETA, je\u015bli jego kraj pochodzenia korzysta z brytyjskiego zwolnienia z obowi\u0105zku wizowego.<\/p>\n\n<h2 class=\"wp-block-heading\">Jak ubiega\u0107 si\u0119 o wiz\u0119 do Anglii z Polska?<\/h2>\n\n<p>Aby uzyska\u0107 wiz\u0119 do Wielkiej Brytanii, nale\u017cy wype\u0142ni\u0107 formularz online na stronie UK Border Agency. Proces odbywa si\u0119 w kilku etapach, ca\u0142kowicie online. <\/p>\n\n<p>Proces uzyskiwania <a href=\"https:\/\/uk-gb.net\/pl\/cena-wizy-do-anglii\/\">wizy i nale\u017cne op\u0142aty<\/a> zale\u017c\u0105 od powodu pobytu w Wielkiej Brytanii.<\/p>\n\n<h3 class=\"wp-block-heading\">Jak ubiega\u0107 si\u0119 o wiz\u0119 turystyczn\u0105 do Anglii we Polska?<\/h3>\n\n<p>Je\u015bli Tw\u00f3j pobyt w Wielkiej Brytanii b\u0119dzie trwa\u0142 d\u0142u\u017cej ni\u017c 6 miesi\u0119cy, b\u0119dziesz musia\u0142 ubiega\u0107 si\u0119 o <a href=\"https:\/\/uk-gb.net\/pl\/wiza-turystyczna-anglia-wielka-brytania\/\">brytyjsk\u0105 wiz\u0119 turystyczn\u0105<\/a>. Tw\u00f3j wniosek zostanie rozpatrzony przez<a href=\"https:\/\/uk-gb.net\/pl\/ambasada-wielkiej-brytanii-polsce\/\">Ambasad\u0119 Brytyjsk\u0105<\/a>. <\/p>\n\n<h3 class=\"wp-block-heading\">Jak obywatel polski mo\u017ce uzyska\u0107 wiz\u0119 pracownicz\u0105 do Anglii?<\/h3>\n\n<p>Aby uzyska\u0107 wiz\u0119 pracownicz\u0105 do Wielkiej Brytanii, nale\u017cy najpierw uzyska\u0107 ofert\u0119 pracy od brytyjskiej firmy. Firma ta b\u0119dzie nast\u0119pnie musia\u0142a uzyska\u0107 certyfikat oddelegowania i zasponsorowa\u0107 wiz\u0119 do Wielkiej Brytanii. <\/p>\n\n<h3 class=\"wp-block-heading\">Jak mog\u0119 um\u00f3wi\u0107 si\u0119 na spotkanie w sprawie wizy brytyjskiej?<\/h3>\n\n<p>Je\u015bli Tw\u00f3j wniosek wymaga innego procesu, mo\u017cesz um\u00f3wi\u0107 si\u0119 <a href=\"https:\/\/uk-gb.net\/pl\/ambasada-ds-wiz-w-anglii\/\">na spotkanie w Ambasadzie Brytyjskiej<\/a>.<\/p>\n\n<p><\/p>\n","protected":false},"excerpt":{"rendered":"<p>Formalno\u015bci zwi\u0105zane z podr\u00f3\u017c\u0105 do Anglii z Polska Czy obywatele polski potrzebuj\u0105 wizy, aby podr\u00f3\u017cowa\u0107 do Anglii? Obywatel Polski nie potrzebuje wizy do Wielkiej Brytanii na pobyt kr\u00f3tszy ni\u017c 6 miesi\u0119cy dzi\u0119ki brytyjskiemu programowi bezwizowemu. Wszystko, co musz\u0105 zrobi\u0107, to z\u0142o\u017cy\u0107 wniosek o elektroniczne zezwolenie na podr\u00f3\u017c, wype\u0142niaj\u0105c formularz eTA UK online. Czy obcokrajowcy mieszkaj\u0105cy [&hellip;]<\/p>\n","protected":false},"author":1,"featured_media":0,"parent":0,"menu_order":0,"comment_status":"closed","ping_status":"closed","template":"","meta":{"footnotes":""},"class_list":["post-1031","page","type-page","status-publish","hentry"],"yoast_head":"<!-- This site is optimized with the Yoast SEO plugin v27.4 - https:\/\/yoast.com\/product\/yoast-seo-wordpress\/ -->\n<title>Wiza do Anglii z Polska - UK GB<\/title>\n<meta name=\"description\" content=\"Jak uzyska\u0107 wiz\u0119 online, aby podr\u00f3\u017cowa\u0107 do Wielkiej Brytanii z Polska w zaledwie kilka minut przy u\u017cyciu paszportu?\" \/>\n<meta name=\"robots\" content=\"index, follow, max-snippet:-1, max-image-preview:large, max-video-preview:-1\" \/>\n<link rel=\"canonical\" href=\"https:\/\/uk-gb.net\/pl\/wiza-anglii-polska\/\" \/>\n<meta property=\"og:locale\" content=\"pl_PL\" \/>\n<meta property=\"og:type\" content=\"article\" \/>\n<meta property=\"og:title\" content=\"Wiza do Anglii z Polska - UK GB\" \/>\n<meta property=\"og:description\" content=\"Jak uzyska\u0107 wiz\u0119 online, aby podr\u00f3\u017cowa\u0107 do Wielkiej Brytanii z Polska w zaledwie kilka minut przy u\u017cyciu paszportu?\" \/>\n<meta property=\"og:url\" content=\"https:\/\/uk-gb.net\/pl\/wiza-anglii-polska\/\" \/>\n<meta property=\"og:site_name\" content=\"UK GB\" \/>\n<meta property=\"article:modified_time\" content=\"2026-03-02T14:16:01+00:00\" \/>\n<meta name=\"twitter:card\" content=\"summary_large_image\" \/>\n<meta name=\"twitter:label1\" content=\"Szacowany czas czytania\" \/>\n\t<meta name=\"twitter:data1\" content=\"2 minuty\" \/>\n<script type=\"application\/ld+json\" class=\"yoast-schema-graph\">{\"@context\":\"https:\\\/\\\/schema.org\",\"@graph\":[{\"@type\":\"WebPage\",\"@id\":\"https:\\\/\\\/uk-gb.net\\\/pl\\\/wiza-anglii-polska\\\/\",\"url\":\"https:\\\/\\\/uk-gb.net\\\/pl\\\/wiza-anglii-polska\\\/\",\"name\":\"Wiza do Anglii z Polska - UK GB\",\"isPartOf\":{\"@id\":\"https:\\\/\\\/uk-gb.net\\\/pl\\\/#website\"},\"datePublished\":\"2023-12-31T15:10:49+00:00\",\"dateModified\":\"2026-03-02T14:16:01+00:00\",\"description\":\"Jak uzyska\u0107 wiz\u0119 online, aby podr\u00f3\u017cowa\u0107 do Wielkiej Brytanii z Polska w zaledwie kilka minut przy u\u017cyciu paszportu?\",\"inLanguage\":\"pl-PL\",\"potentialAction\":[{\"@type\":\"ReadAction\",\"target\":[\"https:\\\/\\\/uk-gb.net\\\/pl\\\/wiza-anglii-polska\\\/\"]}]},{\"@type\":\"WebSite\",\"@id\":\"https:\\\/\\\/uk-gb.net\\\/pl\\\/#website\",\"url\":\"https:\\\/\\\/uk-gb.net\\\/pl\\\/\",\"name\":\"UK GB\",\"description\":\"Travel to the UK\",\"potentialAction\":[{\"@type\":\"SearchAction\",\"target\":{\"@type\":\"EntryPoint\",\"urlTemplate\":\"https:\\\/\\\/uk-gb.net\\\/pl\\\/?s={search_term_string}\"},\"query-input\":{\"@type\":\"PropertyValueSpecification\",\"valueRequired\":true,\"valueName\":\"search_term_string\"}}],\"inLanguage\":\"pl-PL\"}]}<\/script>\n<!-- \/ Yoast SEO plugin. -->","yoast_head_json":{"title":"Wiza do Anglii z Polska - UK GB","description":"Jak uzyska\u0107 wiz\u0119 online, aby podr\u00f3\u017cowa\u0107 do Wielkiej Brytanii z Polska w zaledwie kilka minut przy u\u017cyciu paszportu?","robots":{"index":"index","follow":"follow","max-snippet":"max-snippet:-1","max-image-preview":"max-image-preview:large","max-video-preview":"max-video-preview:-1"},"canonical":"https:\/\/uk-gb.net\/pl\/wiza-anglii-polska\/","og_locale":"pl_PL","og_type":"article","og_title":"Wiza do Anglii z Polska - UK GB","og_description":"Jak uzyska\u0107 wiz\u0119 online, aby podr\u00f3\u017cowa\u0107 do Wielkiej Brytanii z Polska w zaledwie kilka minut przy u\u017cyciu paszportu?","og_url":"https:\/\/uk-gb.net\/pl\/wiza-anglii-polska\/","og_site_name":"UK GB","article_modified_time":"2026-03-02T14:16:01+00:00","twitter_card":"summary_large_image","twitter_misc":{"Szacowany czas czytania":"2 minuty"},"schema":{"@context":"https:\/\/schema.org","@graph":[{"@type":"WebPage","@id":"https:\/\/uk-gb.net\/pl\/wiza-anglii-polska\/","url":"https:\/\/uk-gb.net\/pl\/wiza-anglii-polska\/","name":"Wiza do Anglii z Polska - UK GB","isPartOf":{"@id":"https:\/\/uk-gb.net\/pl\/#website"},"datePublished":"2023-12-31T15:10:49+00:00","dateModified":"2026-03-02T14:16:01+00:00","description":"Jak uzyska\u0107 wiz\u0119 online, aby podr\u00f3\u017cowa\u0107 do Wielkiej Brytanii z Polska w zaledwie kilka minut przy u\u017cyciu paszportu?","inLanguage":"pl-PL","potentialAction":[{"@type":"ReadAction","target":["https:\/\/uk-gb.net\/pl\/wiza-anglii-polska\/"]}]},{"@type":"WebSite","@id":"https:\/\/uk-gb.net\/pl\/#website","url":"https:\/\/uk-gb.net\/pl\/","name":"UK GB","description":"Travel to the UK","potentialAction":[{"@type":"SearchAction","target":{"@type":"EntryPoint","urlTemplate":"https:\/\/uk-gb.net\/pl\/?s={search_term_string}"},"query-input":{"@type":"PropertyValueSpecification","valueRequired":true,"valueName":"search_term_string"}}],"inLanguage":"pl-PL"}]}},"_links":{"self":[{"href":"https:\/\/uk-gb.net\/pl\/wp-json\/wp\/v2\/pages\/1031","targetHints":{"allow":["GET"]}}],"collection":[{"href":"https:\/\/uk-gb.net\/pl\/wp-json\/wp\/v2\/pages"}],"about":[{"href":"https:\/\/uk-gb.net\/pl\/wp-json\/wp\/v2\/types\/page"}],"author":[{"embeddable":true,"href":"https:\/\/uk-gb.net\/pl\/wp-json\/wp\/v2\/users\/1"}],"replies":[{"embeddable":true,"href":"https:\/\/uk-gb.net\/pl\/wp-json\/wp\/v2\/comments?post=1031"}],"version-history":[{"count":0,"href":"https:\/\/uk-gb.net\/pl\/wp-json\/wp\/v2\/pages\/1031\/revisions"}],"wp:attachment":[{"href":"https:\/\/uk-gb.net\/pl\/wp-json\/wp\/v2\/media?parent=1031"}],"curies":[{"name":"wp","href":"https:\/\/api.w.org\/{rel}","templated":true}]}}