{"id":9894,"date":"2026-02-25T16:17:50","date_gmt":"2026-02-25T16:17:50","guid":{"rendered":"https:\/\/uk-gb.net\/causeway-coastal-route-no\/"},"modified":"2026-03-02T15:19:55","modified_gmt":"2026-03-02T15:19:55","slug":"causeway-coastal-route-no","status":"publish","type":"page","link":"https:\/\/uk-gb.net\/no\/causeway-coastal-route-no\/","title":{"rendered":"Causeway Coastal Route: full reiserute i Nord-Irland, kart og r\u00e5d"},"content":{"rendered":"\n<h1 class=\"wp-block-heading\">Oppdag Causeway Coastal Route i Nord-Irland<\/h1>\n\n<p>Causeway Coastal Route er en av de vakreste bilturene i Europa. Mellom spektakul\u00e6re klipper, slottsruiner, ville strender og pittoreske landsbyer g\u00e5r denne ruten mellom <a href=\"https:\/\/uk-gb.net\/no\/belfast\/\" type=\"page\" id=\"5344\">Belfast<\/a> og Derry (Londonderry) over en strekning p\u00e5 rundt 200 km. <\/p>\n\n<p>Det er et must for \u00e5 f\u00e5 en oppslukende opplevelse <strong>av Nord-Irland<\/strong>.<\/p>\n\n<figure class=\"wp-block-image size-large\"><img fetchpriority=\"high\" decoding=\"async\" width=\"1024\" height=\"458\" src=\"https:\/\/uk-gb.net\/wp-content\/uploads\/2026\/02\/causeway-carrick-a-rede-rope-bridge-1024x458.jpg\" alt=\"\" class=\"wp-image-9843\" srcset=\"https:\/\/uk-gb.net\/wp-content\/uploads\/2026\/02\/causeway-carrick-a-rede-rope-bridge-1024x458.jpg 1024w, https:\/\/uk-gb.net\/wp-content\/uploads\/2026\/02\/causeway-carrick-a-rede-rope-bridge-300x134.jpg 300w, https:\/\/uk-gb.net\/wp-content\/uploads\/2026\/02\/causeway-carrick-a-rede-rope-bridge-768x344.jpg 768w, https:\/\/uk-gb.net\/wp-content\/uploads\/2026\/02\/causeway-carrick-a-rede-rope-bridge.jpg 1050w\" sizes=\"(max-width: 1024px) 100vw, 1024px\" \/><\/figure>\n\n<h2 class=\"wp-block-heading\">Ruten til Causeway Coastal Route<\/h2>\n\n<p>Ruten f\u00f8lger nordkysten av Nord-Irland og kan gjennomf\u00f8res p\u00e5 1 til 3 dager, avhengig av tempoet ditt.<\/p>\n\n<p>\ud83d\udccd Hovedtrinn:<\/p>\n\n<ol class=\"wp-block-list\">\n<li>Belfast &#8211; utgangspunkt<\/li>\n\n\n\n<li>Carrickfergus Castle<\/li>\n\n\n\n<li>Carnlough &#8211; autentisk landsby<\/li>\n\n\n\n<li>Carrick-a-Rede taubro<\/li>\n\n\n\n<li>Giant&#8217;s Causeway (UNESCO-sted)<\/li>\n\n\n\n<li>Dunluce Castle<\/li>\n\n\n\n<li>Portrush &amp; Portstewart<\/li>\n\n\n\n<li>Mussenden-tempelet<\/li>\n\n\n\n<li>Derry \/ Londonderry<\/li>\n<\/ol>\n\n<div style=\"height:10px\" aria-hidden=\"true\" class=\"wp-block-spacer\"><\/div>\n\n<h2 class=\"wp-block-heading\">Must-sees<\/h2>\n\n<p><strong>Giant&#8217;s Causeway<\/strong>: Dette UNESCO-verdensarvstedet er kjent for sine sekskantede basalts\u00f8yler som er dannet ved et vulkanutbrudd. Det er et verdensunikt naturomr\u00e5de som best\u00e5r av 40 000 basalts\u00f8yler dannet av gammel vulkansk aktivitet. Utforsk turstiene, beundre fjellformasjonene og bes\u00f8k bes\u00f8kssenteret for \u00e5 l\u00e6re mer om legenden som omgir stedet.  <\/p>\n\n<figure class=\"wp-block-gallery has-nested-images columns-default is-cropped wp-block-gallery-1 is-layout-flex wp-block-gallery-is-layout-flex\">\n<figure class=\"wp-block-image size-large\"><img decoding=\"async\" width=\"1024\" height=\"566\" data-id=\"9845\" src=\"https:\/\/uk-gb.net\/wp-content\/uploads\/2026\/02\/giant-causeway-1-1024x566.jpg\" alt=\"\" class=\"wp-image-9845\" srcset=\"https:\/\/uk-gb.net\/wp-content\/uploads\/2026\/02\/giant-causeway-1-1024x566.jpg 1024w, https:\/\/uk-gb.net\/wp-content\/uploads\/2026\/02\/giant-causeway-1-300x166.jpg 300w, https:\/\/uk-gb.net\/wp-content\/uploads\/2026\/02\/giant-causeway-1-768x424.jpg 768w, https:\/\/uk-gb.net\/wp-content\/uploads\/2026\/02\/giant-causeway-1-1536x849.jpg 1536w, https:\/\/uk-gb.net\/wp-content\/uploads\/2026\/02\/giant-causeway-1.jpg 1549w\" sizes=\"(max-width: 1024px) 100vw, 1024px\" \/><figcaption class=\"wp-element-caption\"><strong>Giant&#8217;s Causeway<\/strong><\/figcaption><\/figure>\n<\/figure>\n\n<p><strong>Carrick-a-Rede Rope Bridge<\/strong>: Denne hengebroen byr p\u00e5 spektakul\u00e6r utsikt over havet og de omkringliggende klippene. Kryss broen for et adrenalinkick, og nyt den vakre naturen i omr\u00e5det rundt. <\/p>\n\n<figure class=\"wp-block-image size-full\"><img decoding=\"async\" width=\"964\" height=\"522\" src=\"https:\/\/uk-gb.net\/wp-content\/uploads\/2026\/03\/carrick-a-rede-rope-bridge.jpg\" alt=\"\" class=\"wp-image-9849\" srcset=\"https:\/\/uk-gb.net\/wp-content\/uploads\/2026\/03\/carrick-a-rede-rope-bridge.jpg 964w, https:\/\/uk-gb.net\/wp-content\/uploads\/2026\/03\/carrick-a-rede-rope-bridge-300x162.jpg 300w, https:\/\/uk-gb.net\/wp-content\/uploads\/2026\/03\/carrick-a-rede-rope-bridge-768x416.jpg 768w\" sizes=\"(max-width: 964px) 100vw, 964px\" \/><figcaption class=\"wp-element-caption\"><strong>Carrick-a-Rede taubro<\/strong><\/figcaption><\/figure>\n\n<p><strong>Dunluce Castle<\/strong>: Dette middelalderslottet ligger p\u00e5 en klippe med fantastisk utsikt over Atlanterhavet. Bes\u00f8k ruinene, l\u00e6r om slottets fascinerende historie og nyt det omkringliggende landskapet. <\/p>\n\n<figure class=\"wp-block-image size-large\"><img loading=\"lazy\" decoding=\"async\" width=\"1024\" height=\"509\" src=\"https:\/\/uk-gb.net\/wp-content\/uploads\/2026\/03\/Dunluce-castle-1024x509.jpg\" alt=\"\" class=\"wp-image-9848\" srcset=\"https:\/\/uk-gb.net\/wp-content\/uploads\/2026\/03\/Dunluce-castle-1024x509.jpg 1024w, https:\/\/uk-gb.net\/wp-content\/uploads\/2026\/03\/Dunluce-castle-300x149.jpg 300w, https:\/\/uk-gb.net\/wp-content\/uploads\/2026\/03\/Dunluce-castle-768x382.jpg 768w, https:\/\/uk-gb.net\/wp-content\/uploads\/2026\/03\/Dunluce-castle.jpg 1142w\" sizes=\"(max-width: 1024px) 100vw, 1024px\" \/><figcaption class=\"wp-element-caption\"><strong>Dunluce Castle<\/strong><\/figcaption><\/figure>\n\n<p>Praktiske r\u00e5d for bilturen din<\/p>\n\n<ul class=\"wp-block-list\">\n<li><strong>Beste tid \u00e5 bes\u00f8ke<\/strong>: Mai til september byr p\u00e5 mildere klima og lengre dager.<\/li>\n\n\n\n<li><strong>Leiebil<\/strong>: Velg en komfortabel bil for \u00e5 f\u00e5 mest mulig ut av landskapet. Husk \u00e5 bestille p\u00e5 forh\u00e5nd, spesielt i h\u00f8ysesongen. <\/li>\n\n\n\n<li><strong>Overnatting<\/strong>: Velg mellom B&amp;B, hotell eller campingplasser langs ruten for \u00e5 f\u00e5 en autentisk opplevelse.<\/li>\n\n\n\n<li><strong>Respekter milj\u00f8et<\/strong>: Ta vare p\u00e5 stedene du bes\u00f8ker, ta med deg s\u00f8ppelet ditt og respekter det lokale dyrelivet.<\/li>\n\n\n\n<li><strong>Reiseformaliteter<\/strong>: Husk \u00e5 forutse <a href=\"https:\/\/uk-gb.net\/no\/visum-forente-kongerike\/\" type=\"page\" id=\"373\">formalitetene for Storbritannia<\/a>.<\/li>\n<\/ul>\n\n<div style=\"height:10px\" aria-hidden=\"true\" class=\"wp-block-spacer\"><\/div>\n\n<h2 class=\"wp-block-heading\">Hvorfor ta Causeway Coastal Route?<\/h2>\n\n<p>En biltur langs Causeway Coastal Route er en uforglemmelig opplevelse som kombinerer naturskj\u00f8nnhet, historie og eventyr. Enten du vil utforske ikoniske steder eller bare nyte landskapet, er denne ruten et must n\u00e5r du bes\u00f8ker Nord-Irland.   <\/p>\n\n<p>Planlegg reiseruten din, ta med deg kameraet og dra ut for \u00e5 oppdage denne skjulte skatten.<\/p>\n","protected":false},"excerpt":{"rendered":"<p>Oppdag Causeway Coastal Route i Nord-Irland Causeway Coastal Route er en av de vakreste bilturene i Europa. Mellom spektakul\u00e6re klipper, slottsruiner, ville strender og pittoreske landsbyer g\u00e5r denne ruten mellom Belfast og Derry (Londonderry) over en strekning p\u00e5 rundt 200 km. Det er et must for \u00e5 f\u00e5 en oppslukende opplevelse av Nord-Irland. Ruten til [&hellip;]<\/p>\n","protected":false},"author":1,"featured_media":0,"parent":0,"menu_order":0,"comment_status":"closed","ping_status":"closed","template":"","meta":{"footnotes":""},"class_list":["post-9894","page","type-page","status-publish","hentry"],"yoast_head":"<!-- This site is optimized with the Yoast SEO plugin v27.4 - https:\/\/yoast.com\/product\/yoast-seo-wordpress\/ -->\n<title>Causeway Coastal Route: full reiserute i Nord-Irland, kart og r\u00e5d - UK GB<\/title>\n<meta name=\"description\" content=\"Causeway Coastal Route i Nord-Irland: detaljert reiserute, kart, viktige etapper og severdigheter mellom Belfast og Derry.\" \/>\n<meta name=\"robots\" content=\"index, follow, max-snippet:-1, max-image-preview:large, max-video-preview:-1\" \/>\n<link rel=\"canonical\" href=\"https:\/\/uk-gb.net\/no\/causeway-coastal-route-no\/\" \/>\n<meta property=\"og:locale\" content=\"nb_NO\" \/>\n<meta property=\"og:type\" content=\"article\" \/>\n<meta property=\"og:title\" content=\"Causeway Coastal Route: full reiserute i Nord-Irland, kart og r\u00e5d - UK GB\" \/>\n<meta property=\"og:description\" content=\"Causeway Coastal Route i Nord-Irland: detaljert reiserute, kart, viktige etapper og severdigheter mellom Belfast og Derry.\" \/>\n<meta property=\"og:url\" content=\"https:\/\/uk-gb.net\/no\/causeway-coastal-route-no\/\" \/>\n<meta property=\"og:site_name\" content=\"UK GB\" \/>\n<meta property=\"article:modified_time\" content=\"2026-03-02T15:19:55+00:00\" \/>\n<meta property=\"og:image\" content=\"https:\/\/uk-gb.net\/wp-content\/uploads\/2026\/02\/causeway-carrick-a-rede-rope-bridge.jpg\" \/>\n\t<meta property=\"og:image:width\" content=\"1050\" \/>\n\t<meta property=\"og:image:height\" content=\"470\" \/>\n\t<meta property=\"og:image:type\" content=\"image\/jpeg\" \/>\n<meta name=\"twitter:card\" content=\"summary_large_image\" \/>\n<meta name=\"twitter:label1\" content=\"Ansl. lesetid\" \/>\n\t<meta name=\"twitter:data1\" content=\"2 minutter\" \/>\n<script type=\"application\/ld+json\" class=\"yoast-schema-graph\">{\"@context\":\"https:\\\/\\\/schema.org\",\"@graph\":[{\"@type\":\"WebPage\",\"@id\":\"https:\\\/\\\/uk-gb.net\\\/no\\\/causeway-coastal-route-no\\\/\",\"url\":\"https:\\\/\\\/uk-gb.net\\\/no\\\/causeway-coastal-route-no\\\/\",\"name\":\"Causeway Coastal Route: full reiserute i Nord-Irland, kart og r\u00e5d - UK GB\",\"isPartOf\":{\"@id\":\"https:\\\/\\\/uk-gb.net\\\/no\\\/#website\"},\"primaryImageOfPage\":{\"@id\":\"https:\\\/\\\/uk-gb.net\\\/no\\\/causeway-coastal-route-no\\\/#primaryimage\"},\"image\":{\"@id\":\"https:\\\/\\\/uk-gb.net\\\/no\\\/causeway-coastal-route-no\\\/#primaryimage\"},\"thumbnailUrl\":\"https:\\\/\\\/uk-gb.net\\\/wp-content\\\/uploads\\\/2026\\\/02\\\/causeway-carrick-a-rede-rope-bridge-1024x458.jpg\",\"datePublished\":\"2026-02-25T16:17:50+00:00\",\"dateModified\":\"2026-03-02T15:19:55+00:00\",\"description\":\"Causeway Coastal Route i Nord-Irland: detaljert reiserute, kart, viktige etapper og severdigheter mellom Belfast og Derry.\",\"inLanguage\":\"nb-NO\",\"potentialAction\":[{\"@type\":\"ReadAction\",\"target\":[\"https:\\\/\\\/uk-gb.net\\\/no\\\/causeway-coastal-route-no\\\/\"]}]},{\"@type\":\"ImageObject\",\"inLanguage\":\"nb-NO\",\"@id\":\"https:\\\/\\\/uk-gb.net\\\/no\\\/causeway-coastal-route-no\\\/#primaryimage\",\"url\":\"https:\\\/\\\/uk-gb.net\\\/wp-content\\\/uploads\\\/2026\\\/02\\\/causeway-carrick-a-rede-rope-bridge-1024x458.jpg\",\"contentUrl\":\"https:\\\/\\\/uk-gb.net\\\/wp-content\\\/uploads\\\/2026\\\/02\\\/causeway-carrick-a-rede-rope-bridge-1024x458.jpg\"},{\"@type\":\"WebSite\",\"@id\":\"https:\\\/\\\/uk-gb.net\\\/no\\\/#website\",\"url\":\"https:\\\/\\\/uk-gb.net\\\/no\\\/\",\"name\":\"UK GB\",\"description\":\"Travel to the UK\",\"potentialAction\":[{\"@type\":\"SearchAction\",\"target\":{\"@type\":\"EntryPoint\",\"urlTemplate\":\"https:\\\/\\\/uk-gb.net\\\/no\\\/?s={search_term_string}\"},\"query-input\":{\"@type\":\"PropertyValueSpecification\",\"valueRequired\":true,\"valueName\":\"search_term_string\"}}],\"inLanguage\":\"nb-NO\"}]}<\/script>\n<!-- \/ Yoast SEO plugin. -->","yoast_head_json":{"title":"Causeway Coastal Route: full reiserute i Nord-Irland, kart og r\u00e5d - UK GB","description":"Causeway Coastal Route i Nord-Irland: detaljert reiserute, kart, viktige etapper og severdigheter mellom Belfast og Derry.","robots":{"index":"index","follow":"follow","max-snippet":"max-snippet:-1","max-image-preview":"max-image-preview:large","max-video-preview":"max-video-preview:-1"},"canonical":"https:\/\/uk-gb.net\/no\/causeway-coastal-route-no\/","og_locale":"nb_NO","og_type":"article","og_title":"Causeway Coastal Route: full reiserute i Nord-Irland, kart og r\u00e5d - UK GB","og_description":"Causeway Coastal Route i Nord-Irland: detaljert reiserute, kart, viktige etapper og severdigheter mellom Belfast og Derry.","og_url":"https:\/\/uk-gb.net\/no\/causeway-coastal-route-no\/","og_site_name":"UK GB","article_modified_time":"2026-03-02T15:19:55+00:00","og_image":[{"width":1050,"height":470,"url":"https:\/\/uk-gb.net\/wp-content\/uploads\/2026\/02\/causeway-carrick-a-rede-rope-bridge.jpg","type":"image\/jpeg"}],"twitter_card":"summary_large_image","twitter_misc":{"Ansl. lesetid":"2 minutter"},"schema":{"@context":"https:\/\/schema.org","@graph":[{"@type":"WebPage","@id":"https:\/\/uk-gb.net\/no\/causeway-coastal-route-no\/","url":"https:\/\/uk-gb.net\/no\/causeway-coastal-route-no\/","name":"Causeway Coastal Route: full reiserute i Nord-Irland, kart og r\u00e5d - UK GB","isPartOf":{"@id":"https:\/\/uk-gb.net\/no\/#website"},"primaryImageOfPage":{"@id":"https:\/\/uk-gb.net\/no\/causeway-coastal-route-no\/#primaryimage"},"image":{"@id":"https:\/\/uk-gb.net\/no\/causeway-coastal-route-no\/#primaryimage"},"thumbnailUrl":"https:\/\/uk-gb.net\/wp-content\/uploads\/2026\/02\/causeway-carrick-a-rede-rope-bridge-1024x458.jpg","datePublished":"2026-02-25T16:17:50+00:00","dateModified":"2026-03-02T15:19:55+00:00","description":"Causeway Coastal Route i Nord-Irland: detaljert reiserute, kart, viktige etapper og severdigheter mellom Belfast og Derry.","inLanguage":"nb-NO","potentialAction":[{"@type":"ReadAction","target":["https:\/\/uk-gb.net\/no\/causeway-coastal-route-no\/"]}]},{"@type":"ImageObject","inLanguage":"nb-NO","@id":"https:\/\/uk-gb.net\/no\/causeway-coastal-route-no\/#primaryimage","url":"https:\/\/uk-gb.net\/wp-content\/uploads\/2026\/02\/causeway-carrick-a-rede-rope-bridge-1024x458.jpg","contentUrl":"https:\/\/uk-gb.net\/wp-content\/uploads\/2026\/02\/causeway-carrick-a-rede-rope-bridge-1024x458.jpg"},{"@type":"WebSite","@id":"https:\/\/uk-gb.net\/no\/#website","url":"https:\/\/uk-gb.net\/no\/","name":"UK GB","description":"Travel to the UK","potentialAction":[{"@type":"SearchAction","target":{"@type":"EntryPoint","urlTemplate":"https:\/\/uk-gb.net\/no\/?s={search_term_string}"},"query-input":{"@type":"PropertyValueSpecification","valueRequired":true,"valueName":"search_term_string"}}],"inLanguage":"nb-NO"}]}},"_links":{"self":[{"href":"https:\/\/uk-gb.net\/no\/wp-json\/wp\/v2\/pages\/9894","targetHints":{"allow":["GET"]}}],"collection":[{"href":"https:\/\/uk-gb.net\/no\/wp-json\/wp\/v2\/pages"}],"about":[{"href":"https:\/\/uk-gb.net\/no\/wp-json\/wp\/v2\/types\/page"}],"author":[{"embeddable":true,"href":"https:\/\/uk-gb.net\/no\/wp-json\/wp\/v2\/users\/1"}],"replies":[{"embeddable":true,"href":"https:\/\/uk-gb.net\/no\/wp-json\/wp\/v2\/comments?post=9894"}],"version-history":[{"count":0,"href":"https:\/\/uk-gb.net\/no\/wp-json\/wp\/v2\/pages\/9894\/revisions"}],"wp:attachment":[{"href":"https:\/\/uk-gb.net\/no\/wp-json\/wp\/v2\/media?parent=9894"}],"curies":[{"name":"wp","href":"https:\/\/api.w.org\/{rel}","templated":true}]}}