{"id":8551,"date":"2025-09-05T14:11:50","date_gmt":"2025-09-05T13:11:50","guid":{"rendered":"https:\/\/uk-gb.net\/road-trip-cotswolds-road-2\/"},"modified":"2026-01-15T16:15:32","modified_gmt":"2026-01-15T16:15:32","slug":"road-trip-cotswolds-road","status":"publish","type":"page","link":"https:\/\/uk-gb.net\/no\/road-trip-cotswolds-road\/","title":{"rendered":"Cotswolds road trip fra Oxford: landsbyer og reiserute"},"content":{"rendered":"\n<h1 class=\"wp-block-heading\">Cotswolds Road trip fra Oxford<\/h1>\n\n<p><a href=\"https:\/\/uk-gb.net\/no\/oxford\/\">Oxford<\/a> ligger bare to timer fra <a href=\"https:\/\/uk-gb.net\/no\/london\/\">London<\/a>, og er det perfekte utgangspunkt for \u00e5 oppdage Cotswolds, et omr\u00e5de som er utpekt som Area of Outstanding Natural Beauty. Med sine pittoreske honningsteinslandsbyer, b\u00f8lgende gr\u00f8nne \u00e5ser og svingete veier er Cotswolds Route en av Storbritannias fineste bilturer. Denne ruten er perfekt for en langhelg eller en flerdagstur gjennom den engelske landsbygda.  <\/p>\n\n<h2 class=\"wp-block-heading\">Hvorfor velge Cotswolds for en bilferie?<\/h2>\n\n<p>Regionen fascinerer med sin tidl\u00f8se atmosf\u00e6re og rike kulturarv. \u00c5 reise til Cotswolds betyr \u00e5 nyte : <\/p>\n\n<ul class=\"wp-block-list\">\n<li>ikoniske landsbyer som Bibury, <a href=\"https:\/\/bourtoninfo.com\/\">Bourton-on-the-Water<\/a> og Stow-on-the-Wold<\/li>\n\n\n\n<li>historiske herreg\u00e5rder, slott og middelalderklostre<\/li>\n\n\n\n<li>B\u00f8lgende landskap som er ideelt for fotturer og fotopauser<\/li>\n\n\n\n<li>en typisk engelsk livsstil, med tradisjonelle puber, tehus og lokale markeder<\/li>\n<\/ul>\n\n<p>Det er det perfekte reisem\u00e5let for deg som elsker natur, historie og britisk sjarm.<\/p>\n\n<figure class=\"wp-block-image size-large\"><img decoding=\"async\" src=\"https:\/\/uk-gb.net\/wp-content\/uploads\/2025\/06\/cotswolds-road-1024x695.jpg\" alt=\"Foto av bilturen i Cotswolds\" class=\"wp-image-7731\"\/><figcaption class=\"wp-element-caption\">Bilde av en biltur p\u00e5 Cotswolds-veien<\/figcaption><\/figure>\n\n<h2 class=\"wp-block-heading\">Reiserute fra Oxford<\/h2>\n\n<p>Fra Oxford er det flere ruter gjennom Cotswolds. En klassisk 3 til 5 dagers reiserute inkluderer: <\/p>\n\n<ol class=\"wp-block-list\">\n<li>Oxford \u2192 Burford: F\u00f8rste stopp i landsbyen som har f\u00e5tt kallenavnet &laquo;Porten til Cotswolds&raquo;, med sine steinhus og antikvitetsbutikker.<\/li>\n\n\n\n<li>Bibury: regnes for \u00e5 v\u00e6re den vakreste landsbyen i England, sammen med Arlington Row.<\/li>\n\n\n\n<li><a href=\"https:\/\/bourtoninfo.com\/\">Bourton-on-the-Water<\/a>: Kallenavnet &laquo;Cotswolds Venezia&raquo;, som krysses av sjarmerende sm\u00e5 broer.<\/li>\n\n\n\n<li>Stow-on-the-Wold: en tidligere middelaldersk markedsby, kjent for sin kirke og sine antikviteter.<\/li>\n\n\n\n<li>Broadway og Chipping Campden: historiske landsbyer med typiske hytter og et godt utgangspunkt for \u00e5 utforske Broadway Tower.<\/li>\n\n\n\n<li>Tilbake til Oxford, gjennom noen mindre kjente, men like pittoreske landsbyer.<\/li>\n<\/ol>\n\n<div style=\"height:10px\" aria-hidden=\"true\" class=\"wp-block-spacer\"><\/div>\n\n<h2 class=\"wp-block-heading\">N\u00e5r skal man reise til Cotswolds?<\/h2>\n\n<ul class=\"wp-block-list\">\n<li><strong>V\u00e5ren<\/strong>: ideelt for \u00e5 beundre de blomstrende hagene, raps\u00e5krene og nyte det milde klimaet.<\/li>\n\n\n\n<li><strong>Sommeren<\/strong>: Den travleste sesongen, perfekt for festivaler og markeder, men landsbyene kan v\u00e6re sv\u00e6rt turistede.<\/li>\n\n\n\n<li><strong>H\u00f8sten<\/strong> er en fantastisk tid p\u00e5 \u00e5ret, med tr\u00e6rnes flamboyante farger og en roligere atmosf\u00e6re.<\/li>\n\n\n\n<li><strong>Vinter<\/strong>: romantisk atmosf\u00e6re, ideelt for pubber ved peisen, men noen turistattraksjoner er stengt.<\/li>\n<\/ul>\n\n<div style=\"height:10px\" aria-hidden=\"true\" class=\"wp-block-spacer\"><\/div>\n\n<h2 class=\"wp-block-heading\">Praktiske r\u00e5d for en vellykket bilferie<\/h2>\n\n<p>Hvor vellykket en biltur i Cotswolds blir, avhenger like mye av rutevalget som av forberedelsene. N\u00e5r det gjelder transport, er det lurt \u00e5 velge en liten bil for \u00e5 komme seg lett rundt p\u00e5 de smale, svingete veiene p\u00e5 den engelske landsbygda. Cotswolds er lett tilgjengelig og mindre krevende \u00e5 kj\u00f8re enn noen av de villere rutene, som for eksempel <a href=\"https:\/\/uk-gb.net\/no\/north-coast-500-road-trip\/\">North Coast 500 i Skottland<\/a>, noe som gj\u00f8r det til en ideell rute for en f\u00f8rste biltur i Storbritannia.  <\/p>\n\n<p>Overnatting spiller ogs\u00e5 en sentral rolle i opplevelsen. I landsbyene finnes det et stort antall gjestehus, typiske hytter og sjarmerende hoteller. I h\u00f8ysesongen er det mange turister, s\u00e5 det er best \u00e5 bestille p\u00e5 forh\u00e5nd for \u00e5 garantere de beste adressene og unng\u00e5 ubehagelige overraskelser. Ved \u00e5 planlegge noen strategiske stopp kan du balansere kulturbes\u00f8k, naturopplevelser og avslappende stunder p\u00e5 de tradisjonelle pubene som er selve kjernen i den britiske livsstilen.   <\/p>\n\n<p>Gode forberedelser sikrer en stressfri tur. Cotswolds kan ogs\u00e5 utforskes til fots, s\u00e5 det er lurt \u00e5 pakke komfortable sko for \u00e5 bes\u00f8ke landsbyer og g\u00e5 turer. V\u00e6ret kan v\u00e6re ustabilt, s\u00e5 det er best \u00e5 pakke kl\u00e6r som passer for alle \u00e5rstider, ogs\u00e5 om sommeren. Siden nettdekningen ikke alltid er p\u00e5litelig i enkelte landlige omr\u00e5der, er det lurt \u00e5 ta med en GPS eller laste ned et offline-kart. Og for en bekymringsfri avreise, ikke glem \u00e5 sjekke p\u00e5 forh\u00e5nd om <a href=\"https:\/\/uk-gb.net\/no\/visum-forente-kongerike\/\">visumformaliteter for Storbritannia<\/a>, som er obligatorisk for visse reisende avhengig av nasjonalitet.    <\/p>\n\n<h2 class=\"wp-block-heading\">Must-sees p\u00e5 Cotswolds-ruten<\/h2>\n\n<ul class=\"wp-block-list\">\n<li><a href=\"https:\/\/www.bibury.com\/arlington-row\/\">Arlington Row i Bibury<\/a>, symbolet p\u00e5 Cotswolds<\/li>\n\n\n\n<li>Den sjarmerende landsbyen <a href=\"https:\/\/bourtoninfo.com\/\">Bourton-on-the-Water<\/a><\/li>\n\n\n\n<li><a href=\"https:\/\/broadwaytower.co.uk\/\">Broadway Tower<\/a>, som ligger p\u00e5 toppen av en \u00e5s med panoramautsikt<\/li>\n\n\n\n<li>Overbygd marked i <a href=\"https:\/\/en.wikipedia.org\/wiki\/Chipping_Campden\">Chipping Campden<\/a><\/li>\n\n\n\n<li>Turstier som <a href=\"https:\/\/www.nationaltrail.co.uk\/en_GB\/trails\/cotswold-way\/\">Cotswold Way<\/a><\/li>\n<\/ul>\n\n<div style=\"height:10px\" aria-hidden=\"true\" class=\"wp-block-spacer\"><\/div>\n\n<h2 class=\"wp-block-heading\">I et n\u00f8tteskall<\/h2>\n\n<p>En biltur til Cotswolds fra Oxford er en fordypning i postkort-England. Med sine pittoreske landsbyer, b\u00f8lgende landskap og historiske arv byr denne ruten p\u00e5 en autentisk ferie full av sjarm. Enten det er for noen dager eller en uke, er dette en uforglemmelig reise gjennom en av Storbritannias vakreste regioner.  <\/p>\n","protected":false},"excerpt":{"rendered":"<p>Cotswolds Road trip fra Oxford Oxford ligger bare to timer fra London, og er det perfekte utgangspunkt for \u00e5 oppdage Cotswolds, et omr\u00e5de som er utpekt som Area of Outstanding Natural Beauty. Med sine pittoreske honningsteinslandsbyer, b\u00f8lgende gr\u00f8nne \u00e5ser og svingete veier er Cotswolds Route en av Storbritannias fineste bilturer. Denne ruten er perfekt for [&hellip;]<\/p>\n","protected":false},"author":1,"featured_media":0,"parent":0,"menu_order":0,"comment_status":"closed","ping_status":"closed","template":"","meta":{"footnotes":""},"class_list":["post-8551","page","type-page","status-publish","hentry"],"yoast_head":"<!-- This site is optimized with the Yoast SEO plugin v27.4 - https:\/\/yoast.com\/product\/yoast-seo-wordpress\/ -->\n<title>Cotswolds road trip fra Oxford: landsbyer og reiserute - UK GB<\/title>\n<meta name=\"description\" content=\"Dra fra Oxford til en biltur gjennom Cotswolds. Oppdag Bibury, Bourton-on-the-Water, Stow-on-the-Wold og de vakreste landsbyene.\" \/>\n<meta name=\"robots\" content=\"index, follow, max-snippet:-1, max-image-preview:large, max-video-preview:-1\" \/>\n<link rel=\"canonical\" href=\"https:\/\/uk-gb.net\/no\/road-trip-cotswolds-road\/\" \/>\n<meta property=\"og:locale\" content=\"nb_NO\" \/>\n<meta property=\"og:type\" content=\"article\" \/>\n<meta property=\"og:title\" content=\"Cotswolds road trip fra Oxford: landsbyer og reiserute - UK GB\" \/>\n<meta property=\"og:description\" content=\"Dra fra Oxford til en biltur gjennom Cotswolds. Oppdag Bibury, Bourton-on-the-Water, Stow-on-the-Wold og de vakreste landsbyene.\" \/>\n<meta property=\"og:url\" content=\"https:\/\/uk-gb.net\/no\/road-trip-cotswolds-road\/\" \/>\n<meta property=\"og:site_name\" content=\"UK GB\" \/>\n<meta property=\"article:modified_time\" content=\"2026-01-15T16:15:32+00:00\" \/>\n<meta property=\"og:image\" content=\"https:\/\/uk-gb.net\/wp-content\/uploads\/2025\/06\/cotswolds-road-e1750836905787.jpg\" \/>\n\t<meta property=\"og:image:width\" content=\"1200\" \/>\n\t<meta property=\"og:image:height\" content=\"698\" \/>\n\t<meta property=\"og:image:type\" content=\"image\/jpeg\" \/>\n<meta name=\"twitter:card\" content=\"summary_large_image\" \/>\n<meta name=\"twitter:label1\" content=\"Ansl. lesetid\" \/>\n\t<meta name=\"twitter:data1\" content=\"3 minutter\" \/>\n<script type=\"application\/ld+json\" class=\"yoast-schema-graph\">{\"@context\":\"https:\\\/\\\/schema.org\",\"@graph\":[{\"@type\":\"WebPage\",\"@id\":\"https:\\\/\\\/uk-gb.net\\\/no\\\/road-trip-cotswolds-road\\\/\",\"url\":\"https:\\\/\\\/uk-gb.net\\\/no\\\/road-trip-cotswolds-road\\\/\",\"name\":\"Cotswolds road trip fra Oxford: landsbyer og reiserute - UK GB\",\"isPartOf\":{\"@id\":\"https:\\\/\\\/uk-gb.net\\\/no\\\/#website\"},\"primaryImageOfPage\":{\"@id\":\"https:\\\/\\\/uk-gb.net\\\/no\\\/road-trip-cotswolds-road\\\/#primaryimage\"},\"image\":{\"@id\":\"https:\\\/\\\/uk-gb.net\\\/no\\\/road-trip-cotswolds-road\\\/#primaryimage\"},\"thumbnailUrl\":\"https:\\\/\\\/uk-gb.net\\\/wp-content\\\/uploads\\\/2025\\\/06\\\/cotswolds-road-1024x695.jpg\",\"datePublished\":\"2025-09-05T13:11:50+00:00\",\"dateModified\":\"2026-01-15T16:15:32+00:00\",\"description\":\"Dra fra Oxford til en biltur gjennom Cotswolds. Oppdag Bibury, Bourton-on-the-Water, Stow-on-the-Wold og de vakreste landsbyene.\",\"inLanguage\":\"nb-NO\",\"potentialAction\":[{\"@type\":\"ReadAction\",\"target\":[\"https:\\\/\\\/uk-gb.net\\\/no\\\/road-trip-cotswolds-road\\\/\"]}]},{\"@type\":\"ImageObject\",\"inLanguage\":\"nb-NO\",\"@id\":\"https:\\\/\\\/uk-gb.net\\\/no\\\/road-trip-cotswolds-road\\\/#primaryimage\",\"url\":\"https:\\\/\\\/uk-gb.net\\\/wp-content\\\/uploads\\\/2025\\\/06\\\/cotswolds-road-1024x695.jpg\",\"contentUrl\":\"https:\\\/\\\/uk-gb.net\\\/wp-content\\\/uploads\\\/2025\\\/06\\\/cotswolds-road-1024x695.jpg\"},{\"@type\":\"WebSite\",\"@id\":\"https:\\\/\\\/uk-gb.net\\\/no\\\/#website\",\"url\":\"https:\\\/\\\/uk-gb.net\\\/no\\\/\",\"name\":\"UK GB\",\"description\":\"Travel to the UK\",\"potentialAction\":[{\"@type\":\"SearchAction\",\"target\":{\"@type\":\"EntryPoint\",\"urlTemplate\":\"https:\\\/\\\/uk-gb.net\\\/no\\\/?s={search_term_string}\"},\"query-input\":{\"@type\":\"PropertyValueSpecification\",\"valueRequired\":true,\"valueName\":\"search_term_string\"}}],\"inLanguage\":\"nb-NO\"}]}<\/script>\n<!-- \/ Yoast SEO plugin. -->","yoast_head_json":{"title":"Cotswolds road trip fra Oxford: landsbyer og reiserute - UK GB","description":"Dra fra Oxford til en biltur gjennom Cotswolds. Oppdag Bibury, Bourton-on-the-Water, Stow-on-the-Wold og de vakreste landsbyene.","robots":{"index":"index","follow":"follow","max-snippet":"max-snippet:-1","max-image-preview":"max-image-preview:large","max-video-preview":"max-video-preview:-1"},"canonical":"https:\/\/uk-gb.net\/no\/road-trip-cotswolds-road\/","og_locale":"nb_NO","og_type":"article","og_title":"Cotswolds road trip fra Oxford: landsbyer og reiserute - UK GB","og_description":"Dra fra Oxford til en biltur gjennom Cotswolds. Oppdag Bibury, Bourton-on-the-Water, Stow-on-the-Wold og de vakreste landsbyene.","og_url":"https:\/\/uk-gb.net\/no\/road-trip-cotswolds-road\/","og_site_name":"UK GB","article_modified_time":"2026-01-15T16:15:32+00:00","og_image":[{"width":1200,"height":698,"url":"https:\/\/uk-gb.net\/wp-content\/uploads\/2025\/06\/cotswolds-road-e1750836905787.jpg","type":"image\/jpeg"}],"twitter_card":"summary_large_image","twitter_misc":{"Ansl. lesetid":"3 minutter"},"schema":{"@context":"https:\/\/schema.org","@graph":[{"@type":"WebPage","@id":"https:\/\/uk-gb.net\/no\/road-trip-cotswolds-road\/","url":"https:\/\/uk-gb.net\/no\/road-trip-cotswolds-road\/","name":"Cotswolds road trip fra Oxford: landsbyer og reiserute - UK GB","isPartOf":{"@id":"https:\/\/uk-gb.net\/no\/#website"},"primaryImageOfPage":{"@id":"https:\/\/uk-gb.net\/no\/road-trip-cotswolds-road\/#primaryimage"},"image":{"@id":"https:\/\/uk-gb.net\/no\/road-trip-cotswolds-road\/#primaryimage"},"thumbnailUrl":"https:\/\/uk-gb.net\/wp-content\/uploads\/2025\/06\/cotswolds-road-1024x695.jpg","datePublished":"2025-09-05T13:11:50+00:00","dateModified":"2026-01-15T16:15:32+00:00","description":"Dra fra Oxford til en biltur gjennom Cotswolds. Oppdag Bibury, Bourton-on-the-Water, Stow-on-the-Wold og de vakreste landsbyene.","inLanguage":"nb-NO","potentialAction":[{"@type":"ReadAction","target":["https:\/\/uk-gb.net\/no\/road-trip-cotswolds-road\/"]}]},{"@type":"ImageObject","inLanguage":"nb-NO","@id":"https:\/\/uk-gb.net\/no\/road-trip-cotswolds-road\/#primaryimage","url":"https:\/\/uk-gb.net\/wp-content\/uploads\/2025\/06\/cotswolds-road-1024x695.jpg","contentUrl":"https:\/\/uk-gb.net\/wp-content\/uploads\/2025\/06\/cotswolds-road-1024x695.jpg"},{"@type":"WebSite","@id":"https:\/\/uk-gb.net\/no\/#website","url":"https:\/\/uk-gb.net\/no\/","name":"UK GB","description":"Travel to the UK","potentialAction":[{"@type":"SearchAction","target":{"@type":"EntryPoint","urlTemplate":"https:\/\/uk-gb.net\/no\/?s={search_term_string}"},"query-input":{"@type":"PropertyValueSpecification","valueRequired":true,"valueName":"search_term_string"}}],"inLanguage":"nb-NO"}]}},"_links":{"self":[{"href":"https:\/\/uk-gb.net\/no\/wp-json\/wp\/v2\/pages\/8551","targetHints":{"allow":["GET"]}}],"collection":[{"href":"https:\/\/uk-gb.net\/no\/wp-json\/wp\/v2\/pages"}],"about":[{"href":"https:\/\/uk-gb.net\/no\/wp-json\/wp\/v2\/types\/page"}],"author":[{"embeddable":true,"href":"https:\/\/uk-gb.net\/no\/wp-json\/wp\/v2\/users\/1"}],"replies":[{"embeddable":true,"href":"https:\/\/uk-gb.net\/no\/wp-json\/wp\/v2\/comments?post=8551"}],"version-history":[{"count":0,"href":"https:\/\/uk-gb.net\/no\/wp-json\/wp\/v2\/pages\/8551\/revisions"}],"wp:attachment":[{"href":"https:\/\/uk-gb.net\/no\/wp-json\/wp\/v2\/media?parent=8551"}],"curies":[{"name":"wp","href":"https:\/\/api.w.org\/{rel}","templated":true}]}}