{"id":8295,"date":"2025-08-27T10:56:06","date_gmt":"2025-08-27T09:56:06","guid":{"rendered":"https:\/\/uk-gb.net\/north-coast-500-road-trip-2\/"},"modified":"2026-01-15T16:11:06","modified_gmt":"2026-01-15T16:11:06","slug":"north-coast-500-road-trip","status":"publish","type":"page","link":"https:\/\/uk-gb.net\/no\/north-coast-500-road-trip\/","title":{"rendered":"North Coast 500: komplett guide for bilturer til Skottland"},"content":{"rendered":"\n<h1 class=\"wp-block-heading\">Den britiske bilturen North Coast 500<\/h1>\n\n<p>North Coast 500, ofte omtalt som &laquo;Skottlands Route 66&raquo;, er en av de vakreste bilturrutene i Europa. Den 830 kilometer lange ruten g\u00e5r rundt h\u00f8ylandet i Nord-Skottland, starter i <a href=\"https:\/\/uk-gb.net\/no\/besok-inverness\/\">Inverness<\/a> og f\u00f8lger ville kystlinjer, mystiske innsj\u00f8er og historiske slott. For reisende p\u00e5 jakt etter eventyr, fantastisk natur og skotsk autentisitet har NC500 blitt en reiserute man bare m\u00e5 gj\u00f8re.  <\/p>\n\n<h2 class=\"wp-block-heading\">Hvorfor velge North Coast 500?<\/h2>\n\n<p>Denne bilturen er unik ved at den kombinerer flere opplevelser p\u00e5 \u00e9n og samme reise:<\/p>\n\n<ul class=\"wp-block-list\">\n<li>spektakul\u00e6re panoramaer med klipper, hvite sandstrender og majestetiske fjell<\/li>\n\n\n\n<li>svingete veier som er ideelle for kj\u00f8reentusiaster<\/li>\n\n\n\n<li>kulturelle stopp med slott, whiskydestillerier og fiskelandsbyer<\/li>\n\n\n\n<li>sjansen til \u00e5 observere sjeldne dyreliv: hjort, delfiner, seler og noen ganger til og med konge\u00f8rn<\/li>\n<\/ul>\n\n<p>Det er en rute som appellerer like mye til naturentusiaster som til de som elsker lokal historie og tradisjoner.<\/p>\n\n<figure class=\"wp-block-image size-large\"><img decoding=\"async\" src=\"https:\/\/uk-gb.net\/wp-content\/uploads\/2025\/06\/north-coast-500-road-trip-1024x576.jpeg\" alt=\"North Coast 500-roadtrip\" class=\"wp-image-7715\" \/><figcaption class=\"wp-element-caption\">North Coast 500 road trip-bilde<\/figcaption><\/figure>\n\n<h2 class=\"wp-block-heading\">Reiseruten i detalj<\/h2>\n\n<p>Utgangspunktet er vanligvis <a href=\"https:\/\/uk-gb.net\/no\/besok-inverness\/\">Inverness<\/a>, hovedstaden i h\u00f8ylandet. Derfra g\u00e5r reiseruten i form av en sl\u00f8yfe: <\/p>\n\n<ul class=\"wp-block-list\">\n<li><strong>\u00d8stkysten<\/strong>: <a href=\"https:\/\/www.dunrobincastle.co.uk\/\">Dunrobin-slott<\/a>, bratte klipper og fiskerlandsbyer<\/li>\n\n\n\n<li><strong>Nordkysten<\/strong>: ville landskap, bortgjemte strender og lite trafikkerte veier<\/li>\n\n\n\n<li><strong>Vestkysten<\/strong>: fjell, innsj\u00f8er, smale veier og spektakul\u00e6re utsikter<\/li>\n\n\n\n<li><strong>Tilbake til Inverness<\/strong>: via <a href=\"https:\/\/www.akissfromuk.com\/visiter-torridon-wester-ross-ecosse\">Torridon-regionen<\/a> og dens imponerende landskap<\/li>\n<\/ul>\n\n<p>I gjennomsnitt b\u00f8r du beregne <strong>7 til 10 dager<\/strong> for \u00e5 nyte North Coast 500 fullt ut, selv om noen reisende velger \u00e5 utforske den i l\u00f8pet av fjorten <strong>dager<\/strong> for \u00e5 rekke s\u00e5 mange stopp som mulig.<\/p>\n\n<h2 class=\"wp-block-heading\">N\u00e5r b\u00f8r du ta med NC500 p\u00e5 en biltur?<\/h2>\n\n<p>Den ideelle perioden avhenger av hvilken type erfaring du er ute etter:<\/p>\n\n<ul class=\"wp-block-list\">\n<li><strong>Sommer<\/strong>: Dette er h\u00f8ysesongen for turister, med lange dager (opptil 18 timer med dagslys i juni) og behagelige temperaturer. Det er den ideelle tiden for fotturer, vannsport og for \u00e5 nyte landskapet til fulle. P\u00e5 den annen side er det mer travelt p\u00e5 veier og overnattingssteder.  <\/li>\n\n\n\n<li><strong>April og oktober<\/strong>: Disse mellomsesongm\u00e5nedene er et flott alternativ, med f\u00e6rre mennesker og en villere atmosf\u00e6re. H\u00f8stfargene i oktober gir h\u00f8ylandet en helt spesiell sjarm. Klimaet kan imidlertid v\u00e6re ustabilt, med mer regn og vind.  <\/li>\n\n\n\n<li><strong>Vinter<\/strong>: Dagene er korte og noen veier kan v\u00e6re vanskelige, men opplevelsen er unik for de som elsker ensomhet og sn\u00f8dekte landskap. Det er ogs\u00e5 en flott tid for \u00e5 se nordlyset nord i Skottland, forutsatt at du er godt forberedt. <\/li>\n<\/ul>\n\n<h2 class=\"wp-block-heading\">North Coast 500 er et must \u00e5 se<\/h2>\n\n<p>Blant de mange mulige etappene er det noen du absolutt ikke m\u00e5 g\u00e5 glipp av:<\/p>\n\n<ul class=\"wp-block-list\">\n<li><a href=\"https:\/\/www.dunrobincastle.co.uk\/\">Dunrobin Castle<\/a> og den Versailles-inspirerte hagen<\/li>\n\n\n\n<li><a href=\"https:\/\/scotland.nordicvisitor.com\/travel-guide\/attractions\/northern-highlands\/durness-beach\/\">De hvite sandstrendene i Durness<\/a><\/li>\n\n\n\n<li>Den pittoreske landsbyen <a href=\"https:\/\/www.ullapool.com\/\">Ullapool<\/a><\/li>\n\n\n\n<li>De spektakul\u00e6re veiene ved <a href=\"https:\/\/en.wikipedia.org\/wiki\/Bealach_na_B%C3%A0\">Bealach na B\u00e0<\/a> (Applecross-passet)<\/li>\n\n\n\n<li>Skotske whiskydestillerier p\u00e5 \u00f8stkysten<\/li>\n<\/ul>\n\n<div style=\"height:10px\" aria-hidden=\"true\" class=\"wp-block-spacer\"><\/div>\n\n<h2 class=\"wp-block-heading\">Praktiske r\u00e5d for en vellykket bilferie<\/h2>\n\n<p>En biltur p\u00e5 North Coast 500 krever et minimum av organisering for \u00e5 f\u00e5 mest mulig ut av den. Her er noen nyttige anbefalinger: <\/p>\n\n<ol class=\"wp-block-list\">\n<li><strong>Velge riktig kj\u00f8ret\u00f8y<\/strong>: En vanlig bil er tilstrekkelig, men en varebil eller bobil gir deg mer frihet. Husk at noen veier er sv\u00e6rt smale og svingete. <\/li>\n\n\n\n<li><strong>Bestill p\u00e5 forh\u00e5nd i h\u00f8ysesongen<\/strong>: Overnattingssteder (hoteller, B&amp;B, vandrerhjem) blir raskt utsolgt om sommeren. For st\u00f8rre fleksibilitet er campingplasser og bobilparker et godt alternativ. <\/li>\n\n\n\n<li><strong>S\u00f8rg for<\/strong> at <strong>du har nettverkstilkobling<\/strong>: Noen omr\u00e5der i h\u00f8ylandet har ingen nettverksdekning. Last ned GPS-kart p\u00e5 forh\u00e5nd, eller ta med deg et papirkart. <\/li>\n\n\n\n<li><strong>Ta med passende kl\u00e6r<\/strong>: Det skotske klimaet er uforutsigbart. Det er ikke uvanlig \u00e5 oppleve alle de fire \u00e5rstidene p\u00e5 \u00e9n og samme dag. Regnt\u00f8y, fleece og tursko er uunnv\u00e6rlig.  <\/li>\n\n\n\n<li><strong>Ta deg god tid<\/strong>: Noen av veiene er enfeltsveier, med forbikj\u00f8ringsplasser for andre kj\u00f8ret\u00f8y. Det er best \u00e5 kj\u00f8re sakte og nyte utsikten. <\/li>\n\n\n\n<li><strong>Respekter naturen og lokalbefolkningen<\/strong>: NC500 g\u00e5r gjennom s\u00e5rbare omr\u00e5der og lokalsamfunn. Plukk opp s\u00f8ppel, unng\u00e5 uautorisert camping og vis respekt i sm\u00e5 landsbyer. <\/li>\n\n\n\n<li><strong>Reiseformaliteter<\/strong>: Reisende m\u00e5 fremvise visum eller f\u00e5 en <a href=\"https:\/\/uk-gb.net\/no\/eta-storbritannia-forente-kongerike\/\">ETA for Storbritannia<\/a> f\u00f8r ombordstigning.<\/li>\n<\/ol>\n\n<p><\/p>\n","protected":false},"excerpt":{"rendered":"<p>Den britiske bilturen North Coast 500 North Coast 500, ofte omtalt som &laquo;Skottlands Route 66&raquo;, er en av de vakreste bilturrutene i Europa. Den 830 kilometer lange ruten g\u00e5r rundt h\u00f8ylandet i Nord-Skottland, starter i Inverness og f\u00f8lger ville kystlinjer, mystiske innsj\u00f8er og historiske slott. For reisende p\u00e5 jakt etter eventyr, fantastisk natur og skotsk [&hellip;]<\/p>\n","protected":false},"author":1,"featured_media":0,"parent":0,"menu_order":0,"comment_status":"closed","ping_status":"closed","template":"","meta":{"footnotes":""},"class_list":["post-8295","page","type-page","status-publish","hentry"],"yoast_head":"<!-- This site is optimized with the Yoast SEO plugin v27.4 - https:\/\/yoast.com\/product\/yoast-seo-wordpress\/ -->\n<title>North Coast 500: komplett guide for bilturer til Skottland - UK GB<\/title>\n<meta name=\"description\" content=\"Oppdag North Coast 500, den legendariske bilturen gjennom det skotske h\u00f8ylandet. Reiserute og praktiske r\u00e5d for en vellykket tur.\" \/>\n<meta name=\"robots\" content=\"index, follow, max-snippet:-1, max-image-preview:large, max-video-preview:-1\" \/>\n<link rel=\"canonical\" href=\"https:\/\/uk-gb.net\/no\/north-coast-500-road-trip\/\" \/>\n<meta property=\"og:locale\" content=\"nb_NO\" \/>\n<meta property=\"og:type\" content=\"article\" \/>\n<meta property=\"og:title\" content=\"North Coast 500: komplett guide for bilturer til Skottland - UK GB\" \/>\n<meta property=\"og:description\" content=\"Oppdag North Coast 500, den legendariske bilturen gjennom det skotske h\u00f8ylandet. Reiserute og praktiske r\u00e5d for en vellykket tur.\" \/>\n<meta property=\"og:url\" content=\"https:\/\/uk-gb.net\/no\/north-coast-500-road-trip\/\" \/>\n<meta property=\"og:site_name\" content=\"UK GB\" \/>\n<meta property=\"article:modified_time\" content=\"2026-01-15T16:11:06+00:00\" \/>\n<meta property=\"og:image\" content=\"https:\/\/uk-gb.net\/wp-content\/uploads\/2025\/06\/north-coast-500-road-trip-e1750836403638.jpeg\" \/>\n\t<meta property=\"og:image:width\" content=\"1103\" \/>\n\t<meta property=\"og:image:height\" content=\"553\" \/>\n\t<meta property=\"og:image:type\" content=\"image\/jpeg\" \/>\n<meta name=\"twitter:card\" content=\"summary_large_image\" \/>\n<meta name=\"twitter:label1\" content=\"Ansl. lesetid\" \/>\n\t<meta name=\"twitter:data1\" content=\"3 minutter\" \/>\n<script type=\"application\/ld+json\" class=\"yoast-schema-graph\">{\"@context\":\"https:\\\/\\\/schema.org\",\"@graph\":[{\"@type\":\"WebPage\",\"@id\":\"https:\\\/\\\/uk-gb.net\\\/no\\\/north-coast-500-road-trip\\\/\",\"url\":\"https:\\\/\\\/uk-gb.net\\\/no\\\/north-coast-500-road-trip\\\/\",\"name\":\"North Coast 500: komplett guide for bilturer til Skottland - UK GB\",\"isPartOf\":{\"@id\":\"https:\\\/\\\/uk-gb.net\\\/no\\\/#website\"},\"primaryImageOfPage\":{\"@id\":\"https:\\\/\\\/uk-gb.net\\\/no\\\/north-coast-500-road-trip\\\/#primaryimage\"},\"image\":{\"@id\":\"https:\\\/\\\/uk-gb.net\\\/no\\\/north-coast-500-road-trip\\\/#primaryimage\"},\"thumbnailUrl\":\"https:\\\/\\\/uk-gb.net\\\/wp-content\\\/uploads\\\/2025\\\/06\\\/north-coast-500-road-trip-1024x576.jpeg\",\"datePublished\":\"2025-08-27T09:56:06+00:00\",\"dateModified\":\"2026-01-15T16:11:06+00:00\",\"description\":\"Oppdag North Coast 500, den legendariske bilturen gjennom det skotske h\u00f8ylandet. Reiserute og praktiske r\u00e5d for en vellykket tur.\",\"inLanguage\":\"nb-NO\",\"potentialAction\":[{\"@type\":\"ReadAction\",\"target\":[\"https:\\\/\\\/uk-gb.net\\\/no\\\/north-coast-500-road-trip\\\/\"]}]},{\"@type\":\"ImageObject\",\"inLanguage\":\"nb-NO\",\"@id\":\"https:\\\/\\\/uk-gb.net\\\/no\\\/north-coast-500-road-trip\\\/#primaryimage\",\"url\":\"https:\\\/\\\/uk-gb.net\\\/wp-content\\\/uploads\\\/2025\\\/06\\\/north-coast-500-road-trip-1024x576.jpeg\",\"contentUrl\":\"https:\\\/\\\/uk-gb.net\\\/wp-content\\\/uploads\\\/2025\\\/06\\\/north-coast-500-road-trip-1024x576.jpeg\"},{\"@type\":\"WebSite\",\"@id\":\"https:\\\/\\\/uk-gb.net\\\/no\\\/#website\",\"url\":\"https:\\\/\\\/uk-gb.net\\\/no\\\/\",\"name\":\"UK GB\",\"description\":\"Travel to the UK\",\"potentialAction\":[{\"@type\":\"SearchAction\",\"target\":{\"@type\":\"EntryPoint\",\"urlTemplate\":\"https:\\\/\\\/uk-gb.net\\\/no\\\/?s={search_term_string}\"},\"query-input\":{\"@type\":\"PropertyValueSpecification\",\"valueRequired\":true,\"valueName\":\"search_term_string\"}}],\"inLanguage\":\"nb-NO\"}]}<\/script>\n<!-- \/ Yoast SEO plugin. -->","yoast_head_json":{"title":"North Coast 500: komplett guide for bilturer til Skottland - UK GB","description":"Oppdag North Coast 500, den legendariske bilturen gjennom det skotske h\u00f8ylandet. Reiserute og praktiske r\u00e5d for en vellykket tur.","robots":{"index":"index","follow":"follow","max-snippet":"max-snippet:-1","max-image-preview":"max-image-preview:large","max-video-preview":"max-video-preview:-1"},"canonical":"https:\/\/uk-gb.net\/no\/north-coast-500-road-trip\/","og_locale":"nb_NO","og_type":"article","og_title":"North Coast 500: komplett guide for bilturer til Skottland - UK GB","og_description":"Oppdag North Coast 500, den legendariske bilturen gjennom det skotske h\u00f8ylandet. Reiserute og praktiske r\u00e5d for en vellykket tur.","og_url":"https:\/\/uk-gb.net\/no\/north-coast-500-road-trip\/","og_site_name":"UK GB","article_modified_time":"2026-01-15T16:11:06+00:00","og_image":[{"width":1103,"height":553,"url":"https:\/\/uk-gb.net\/wp-content\/uploads\/2025\/06\/north-coast-500-road-trip-e1750836403638.jpeg","type":"image\/jpeg"}],"twitter_card":"summary_large_image","twitter_misc":{"Ansl. lesetid":"3 minutter"},"schema":{"@context":"https:\/\/schema.org","@graph":[{"@type":"WebPage","@id":"https:\/\/uk-gb.net\/no\/north-coast-500-road-trip\/","url":"https:\/\/uk-gb.net\/no\/north-coast-500-road-trip\/","name":"North Coast 500: komplett guide for bilturer til Skottland - UK GB","isPartOf":{"@id":"https:\/\/uk-gb.net\/no\/#website"},"primaryImageOfPage":{"@id":"https:\/\/uk-gb.net\/no\/north-coast-500-road-trip\/#primaryimage"},"image":{"@id":"https:\/\/uk-gb.net\/no\/north-coast-500-road-trip\/#primaryimage"},"thumbnailUrl":"https:\/\/uk-gb.net\/wp-content\/uploads\/2025\/06\/north-coast-500-road-trip-1024x576.jpeg","datePublished":"2025-08-27T09:56:06+00:00","dateModified":"2026-01-15T16:11:06+00:00","description":"Oppdag North Coast 500, den legendariske bilturen gjennom det skotske h\u00f8ylandet. Reiserute og praktiske r\u00e5d for en vellykket tur.","inLanguage":"nb-NO","potentialAction":[{"@type":"ReadAction","target":["https:\/\/uk-gb.net\/no\/north-coast-500-road-trip\/"]}]},{"@type":"ImageObject","inLanguage":"nb-NO","@id":"https:\/\/uk-gb.net\/no\/north-coast-500-road-trip\/#primaryimage","url":"https:\/\/uk-gb.net\/wp-content\/uploads\/2025\/06\/north-coast-500-road-trip-1024x576.jpeg","contentUrl":"https:\/\/uk-gb.net\/wp-content\/uploads\/2025\/06\/north-coast-500-road-trip-1024x576.jpeg"},{"@type":"WebSite","@id":"https:\/\/uk-gb.net\/no\/#website","url":"https:\/\/uk-gb.net\/no\/","name":"UK GB","description":"Travel to the UK","potentialAction":[{"@type":"SearchAction","target":{"@type":"EntryPoint","urlTemplate":"https:\/\/uk-gb.net\/no\/?s={search_term_string}"},"query-input":{"@type":"PropertyValueSpecification","valueRequired":true,"valueName":"search_term_string"}}],"inLanguage":"nb-NO"}]}},"_links":{"self":[{"href":"https:\/\/uk-gb.net\/no\/wp-json\/wp\/v2\/pages\/8295","targetHints":{"allow":["GET"]}}],"collection":[{"href":"https:\/\/uk-gb.net\/no\/wp-json\/wp\/v2\/pages"}],"about":[{"href":"https:\/\/uk-gb.net\/no\/wp-json\/wp\/v2\/types\/page"}],"author":[{"embeddable":true,"href":"https:\/\/uk-gb.net\/no\/wp-json\/wp\/v2\/users\/1"}],"replies":[{"embeddable":true,"href":"https:\/\/uk-gb.net\/no\/wp-json\/wp\/v2\/comments?post=8295"}],"version-history":[{"count":0,"href":"https:\/\/uk-gb.net\/no\/wp-json\/wp\/v2\/pages\/8295\/revisions"}],"wp:attachment":[{"href":"https:\/\/uk-gb.net\/no\/wp-json\/wp\/v2\/media?parent=8295"}],"curies":[{"name":"wp","href":"https:\/\/api.w.org\/{rel}","templated":true}]}}