{"id":5178,"date":"2025-01-29T16:47:28","date_gmt":"2025-01-29T16:47:28","guid":{"rendered":"https:\/\/uk-gb.net\/cardiff\/"},"modified":"2026-01-15T15:06:02","modified_gmt":"2026-01-15T15:06:02","slug":"cardiff","status":"publish","type":"page","link":"https:\/\/uk-gb.net\/no\/cardiff\/","title":{"rendered":"Turistguide for Cardiff by"},"content":{"rendered":"\n<h1 class=\"wp-block-heading\">Bes\u00f8k Cardiff i Wales<\/h1>\n\n<p>Cardiff, hovedstaden i Wales, er en dynamisk og innbydende by som kombinerer historie, kultur og modernitet. Byen ligger p\u00e5 s\u00f8rkysten av landet, og er kjent for sitt middelalderslott, sin livlige strandpromenade og sine mange kulturelle arrangementer. Cardiff er et ideelt reisem\u00e5l for en oppdagelsesrik storbyferie.  <\/p>\n\n<h2 class=\"wp-block-heading\">Hvorfor bes\u00f8ke Cardiff?<\/h2>\n\n<p>Cardiff byr p\u00e5 en fengslende blanding av historisk arv og moderne dynamikk. Med sine fascinerende museer, gr\u00f8nne parker og livlige musikkscene appellerer byen til b\u00e5de historieinteresserte og sports- og matentusiaster. Den vennlige atmosf\u00e6ren gj\u00f8r byen til et hyggelig reisem\u00e5l \u00e5 utforske uansett \u00e5rstid.  <\/p>\n\n<figure class=\"wp-block-image size-large\"><img fetchpriority=\"high\" decoding=\"async\" width=\"1158\" height=\"367\" src=\"https:\/\/uk-gb.net\/wp-content\/uploads\/2025\/01\/cardiff-e1748002153120.jpg\" alt=\"\" class=\"wp-image-5141\" srcset=\"https:\/\/uk-gb.net\/wp-content\/uploads\/2025\/01\/cardiff-e1748002153120.jpg 1158w, https:\/\/uk-gb.net\/wp-content\/uploads\/2025\/01\/cardiff-e1748002153120-300x95.jpg 300w, https:\/\/uk-gb.net\/wp-content\/uploads\/2025\/01\/cardiff-e1748002153120-1024x325.jpg 1024w, https:\/\/uk-gb.net\/wp-content\/uploads\/2025\/01\/cardiff-e1748002153120-768x243.jpg 768w\" sizes=\"(max-width: 1158px) 100vw, 1158px\" \/><figcaption class=\"wp-element-caption\">Foto av Cardiff Bay<\/figcaption><\/figure>\n\n<div style=\"height:10px\" aria-hidden=\"true\" class=\"wp-block-spacer\"><\/div>\n\n<h2 class=\"wp-block-heading\">Det du m\u00e5 ha<\/h2>\n\n<ul class=\"wp-block-list\">\n<li><a href=\"https:\/\/www.cardiffcastle.com\/\">Cardiff Castle<\/a>: En imponerende middelalderfestning i hjertet av byen.<\/li>\n\n\n\n<li><a href=\"https:\/\/www.principalitystadium.wales\/\">Principality Stadium<\/a>: Et ikonisk sted for rugbykamper og konserter.<\/li>\n\n\n\n<li><a href=\"https:\/\/www.cardiffbay.co.uk\/\">Cardiff Bay<\/a>: Et kystdistrikt med restauranter, museer og moderne attraksjoner.<\/li>\n\n\n\n<li><a href=\"https:\/\/museum.wales\/cardiff\/\">National Museum Cardiff<\/a>: Et fascinerende museum som kombinerer kunst, arkeologi og naturhistorie.<\/li>\n\n\n\n<li><a href=\"https:\/\/bute-park.com\/\">Bute Park<\/a>: Et stort gr\u00f8ntomr\u00e5de som er perfekt for en spasertur eller piknik.<\/li>\n\n\n\n<li><a href=\"https:\/\/museum.wales\/stfagans\/\">Fagans nasjonale historiske museum <\/a>  Et friluftsmuseum som sporer Wales&#8217; historie.<\/li>\n<\/ul>\n\n<div style=\"height:10px\" aria-hidden=\"true\" class=\"wp-block-spacer\"><\/div>\n\n<h2 class=\"wp-block-heading\">Nabolag \u00e5 utforske<\/h2>\n\n<ul class=\"wp-block-list\">\n<li><strong>Sentrum<\/strong>: Det livlige hjertet av byen, ideelt for shopping og servering.<\/li>\n\n\n\n<li><strong>Cardiff Bay<\/strong>: Et moderne omr\u00e5de med kulturelle attraksjoner og spaserturer langs vannet.<\/li>\n\n\n\n<li><strong>Pontcanna<\/strong>: Et elegant boligomr\u00e5de, perfekt for en avslappet atmosf\u00e6re og koselige kafeer.<\/li>\n\n\n\n<li><strong>Roath<\/strong>: Kjent for sin store park og bohemske atmosf\u00e6re.<\/li>\n<\/ul>\n\n<div style=\"height:10px\" aria-hidden=\"true\" class=\"wp-block-spacer\"><\/div>\n\n<h2 class=\"wp-block-heading\">Praktiske r\u00e5d<\/h2>\n\n<figure class=\"wp-block-table\"><table><tbody><tr><th>Aspekt<\/th><th>Detaljer<\/th><\/tr><tr><td><strong>Transport<\/strong><\/td><td>Cardiff har gode tog- og bussforbindelser, og det er kort gangavstand til sentrum.<\/td><\/tr><tr><td><strong>Overnatting<\/strong><\/td><td>Alternativene spenner fra luksushoteller til rimelige vandrerhjem.<\/td><\/tr><tr><td><strong>Valuta<\/strong><\/td><td>Pund sterling (\u00a3). Kontaktl\u00f8se betalinger er allment akseptert. <\/td><\/tr><tr><td><strong>Spr\u00e5k<\/strong><\/td><td>Engelsk og walisisk.<\/td><\/tr><tr><td><strong>V\u00e6ret<\/strong><\/td><td>Klimaet er havklima, s\u00e5 ta med en paraply i tilfelle hyppige regnskyll.<\/td><\/tr><tr><td><strong>Formaliteter<\/strong><\/td><td>Det kan v\u00e6re n\u00f8dvendig \u00e5 skaffe <a href=\"https:\/\/uk-gb.net\/no\/visum-for-cardiff\/\">visum til Cardiff<\/a> for \u00e5 reise til Wales.<\/td><\/tr><\/tbody><\/table><\/figure>\n\n<div style=\"height:10px\" aria-hidden=\"true\" class=\"wp-block-spacer\"><\/div>\n\n<h2 class=\"wp-block-heading\">Hvor skal vi spise?<\/h2>\n\n<ul class=\"wp-block-list\">\n<li><a href=\"https:\/\/www.thepottedpig.com\/\">The Potted Pig<\/a>: En elegant restaurant som serverer walisisk mat med en vri.<\/li>\n\n\n\n<li><a href=\"https:\/\/www.chapel1877.com\/\">Chapel 1877<\/a>: Et unikt sted i et tidligere kapell som er omgjort til en raffinert restaurant.<\/li>\n\n\n\n<li><a href=\"https:\/\/www.barkerteahouse.com\/\">Barker Tea House<\/a>: Det perfekte stedet for en typisk britisk afternoon tea.<\/li>\n\n\n\n<li><a href=\"https:\/\/www.walesonline.co.uk\/whats-on\/whats-on-news\/hmp-cardiffs-clink-restaurant-shut-24948267\">The Clink<\/a>: En sosialt ansvarlig restaurant som serverer velsmakende retter tilberedt av fanger som er under rehabilitering.<\/li>\n\n\n\n<li><a href=\"https:\/\/www.instagram.com\/milgicardiff\/?hl=en\">Milgi<\/a>: Et utmerket valg for de som liker vegetarisk og \u00f8kologisk mat.<\/li>\n<\/ul>\n\n<div style=\"height:10px\" aria-hidden=\"true\" class=\"wp-block-spacer\"><\/div>\n\n<h2 class=\"wp-block-heading\">N\u00e5r skal man dra?<\/h2>\n\n<p>Cardiff er hyggelig \u00e5ret rundt, men v\u00e5ren og sommeren er de beste tidene for \u00e5 utforske byen i et mildere klima. H\u00f8sten er ideell for \u00e5 nyte naturens farger i parkene, mens vinteren er perfekt for julemarkeder og innend\u00f8rs kulturarrangementer. <\/p>\n\n<h2 class=\"wp-block-heading\">Konklusjon<\/h2>\n\n<p>Cardiff er en pulserende by der tradisjon og modernitet smelter sammen p\u00e5 en harmonisk m\u00e5te. Enten du er historieinteressert, rugbyfan eller bare p\u00e5 utkikk etter en varm og innbydende by, vil Cardiff overbevise deg. Planlegg reisen din og la deg sjarmere av den walisiske hovedstaden.  <\/p>\n\n<p>Sammenlignet med andre <a href=\"https:\/\/uk-gb.net\/no\/\">storbyer i Storbritannia<\/a> skiller Cardiff seg ut med sin mer avslappede atmosf\u00e6re og n\u00e6rhet til naturen. I motsetning til <a href=\"https:\/\/uk-gb.net\/no\/london\/\">London<\/a>, som tiltrekker seg bes\u00f8kende med sitt liv og r\u00f8re og sitt kulturelle mangfold, tilbyr Cardiff en mer intim og tilgjengelig atmosf\u00e6re. Mens <a href=\"https:\/\/uk-gb.net\/no\/oxford\/\">Oxford<\/a> og <a href=\"https:\/\/uk-gb.net\/no\/cambridge\/\">Cambridge<\/a>briljerer med sin akademiske arv, viser Cardiff frem sin unike walisiske kulturarv. <a href=\"https:\/\/uk-gb.net\/no\/liverpool\/\">Liverpool<\/a> og <a href=\"https:\/\/uk-gb.net\/no\/manchester\/\">Manchester<\/a>, kjent for sin musikk- og sportsscene, er mer industrielle og livlige, mens <a href=\"https:\/\/uk-gb.net\/no\/edinburgh\/\">Edinburgh<\/a> sjarmerer med sin historiske arkitektur og internasjonale festival. Hver by har sin egen karakter, og et bes\u00f8k til Cardiff er en flott m\u00e5te \u00e5 oppdage en annen, autentisk side av Storbritannia p\u00e5.   <\/p>\n","protected":false},"excerpt":{"rendered":"<p>Bes\u00f8k Cardiff i Wales Cardiff, hovedstaden i Wales, er en dynamisk og innbydende by som kombinerer historie, kultur og modernitet. Byen ligger p\u00e5 s\u00f8rkysten av landet, og er kjent for sitt middelalderslott, sin livlige strandpromenade og sine mange kulturelle arrangementer. Cardiff er et ideelt reisem\u00e5l for en oppdagelsesrik storbyferie. Hvorfor bes\u00f8ke Cardiff? Cardiff byr p\u00e5 [&hellip;]<\/p>\n","protected":false},"author":1,"featured_media":0,"parent":0,"menu_order":0,"comment_status":"closed","ping_status":"closed","template":"","meta":{"footnotes":""},"class_list":["post-5178","page","type-page","status-publish","hentry"],"yoast_head":"<!-- This site is optimized with the Yoast SEO plugin v27.4 - https:\/\/yoast.com\/product\/yoast-seo-wordpress\/ -->\n<title>Turistguide for Cardiff by - UK GB<\/title>\n<meta name=\"robots\" content=\"index, follow, max-snippet:-1, max-image-preview:large, max-video-preview:-1\" \/>\n<link rel=\"canonical\" href=\"https:\/\/uk-gb.net\/no\/cardiff\/\" \/>\n<meta property=\"og:locale\" content=\"nb_NO\" \/>\n<meta property=\"og:type\" content=\"article\" \/>\n<meta property=\"og:title\" content=\"Turistguide for Cardiff by - UK GB\" \/>\n<meta property=\"og:description\" content=\"Bes\u00f8k Cardiff i Wales Cardiff, hovedstaden i Wales, er en dynamisk og innbydende by som kombinerer historie, kultur og modernitet. Byen ligger p\u00e5 s\u00f8rkysten av landet, og er kjent for sitt middelalderslott, sin livlige strandpromenade og sine mange kulturelle arrangementer. Cardiff er et ideelt reisem\u00e5l for en oppdagelsesrik storbyferie. Hvorfor bes\u00f8ke Cardiff? Cardiff byr p\u00e5 [&hellip;]\" \/>\n<meta property=\"og:url\" content=\"https:\/\/uk-gb.net\/no\/cardiff\/\" \/>\n<meta property=\"og:site_name\" content=\"UK GB\" \/>\n<meta property=\"article:modified_time\" content=\"2026-01-15T15:06:02+00:00\" \/>\n<meta property=\"og:image\" content=\"https:\/\/uk-gb.net\/wp-content\/uploads\/2025\/01\/cardiff-e1748002153120.jpg\" \/>\n\t<meta property=\"og:image:width\" content=\"1158\" \/>\n\t<meta property=\"og:image:height\" content=\"367\" \/>\n\t<meta property=\"og:image:type\" content=\"image\/jpeg\" \/>\n<meta name=\"twitter:card\" content=\"summary_large_image\" \/>\n<meta name=\"twitter:label1\" content=\"Ansl. lesetid\" \/>\n\t<meta name=\"twitter:data1\" content=\"3 minutter\" \/>\n<script type=\"application\/ld+json\" class=\"yoast-schema-graph\">{\"@context\":\"https:\\\/\\\/schema.org\",\"@graph\":[{\"@type\":\"WebPage\",\"@id\":\"https:\\\/\\\/uk-gb.net\\\/no\\\/cardiff\\\/\",\"url\":\"https:\\\/\\\/uk-gb.net\\\/no\\\/cardiff\\\/\",\"name\":\"Turistguide for Cardiff by - UK GB\",\"isPartOf\":{\"@id\":\"https:\\\/\\\/uk-gb.net\\\/no\\\/#website\"},\"primaryImageOfPage\":{\"@id\":\"https:\\\/\\\/uk-gb.net\\\/no\\\/cardiff\\\/#primaryimage\"},\"image\":{\"@id\":\"https:\\\/\\\/uk-gb.net\\\/no\\\/cardiff\\\/#primaryimage\"},\"thumbnailUrl\":\"https:\\\/\\\/uk-gb.net\\\/wp-content\\\/uploads\\\/2025\\\/01\\\/cardiff-e1748002153120.jpg\",\"datePublished\":\"2025-01-29T16:47:28+00:00\",\"dateModified\":\"2026-01-15T15:06:02+00:00\",\"inLanguage\":\"nb-NO\",\"potentialAction\":[{\"@type\":\"ReadAction\",\"target\":[\"https:\\\/\\\/uk-gb.net\\\/no\\\/cardiff\\\/\"]}]},{\"@type\":\"ImageObject\",\"inLanguage\":\"nb-NO\",\"@id\":\"https:\\\/\\\/uk-gb.net\\\/no\\\/cardiff\\\/#primaryimage\",\"url\":\"https:\\\/\\\/uk-gb.net\\\/wp-content\\\/uploads\\\/2025\\\/01\\\/cardiff-e1748002153120.jpg\",\"contentUrl\":\"https:\\\/\\\/uk-gb.net\\\/wp-content\\\/uploads\\\/2025\\\/01\\\/cardiff-e1748002153120.jpg\"},{\"@type\":\"WebSite\",\"@id\":\"https:\\\/\\\/uk-gb.net\\\/no\\\/#website\",\"url\":\"https:\\\/\\\/uk-gb.net\\\/no\\\/\",\"name\":\"UK GB\",\"description\":\"Travel to the UK\",\"potentialAction\":[{\"@type\":\"SearchAction\",\"target\":{\"@type\":\"EntryPoint\",\"urlTemplate\":\"https:\\\/\\\/uk-gb.net\\\/no\\\/?s={search_term_string}\"},\"query-input\":{\"@type\":\"PropertyValueSpecification\",\"valueRequired\":true,\"valueName\":\"search_term_string\"}}],\"inLanguage\":\"nb-NO\"}]}<\/script>\n<!-- \/ Yoast SEO plugin. -->","yoast_head_json":{"title":"Turistguide for Cardiff by - UK GB","robots":{"index":"index","follow":"follow","max-snippet":"max-snippet:-1","max-image-preview":"max-image-preview:large","max-video-preview":"max-video-preview:-1"},"canonical":"https:\/\/uk-gb.net\/no\/cardiff\/","og_locale":"nb_NO","og_type":"article","og_title":"Turistguide for Cardiff by - UK GB","og_description":"Bes\u00f8k Cardiff i Wales Cardiff, hovedstaden i Wales, er en dynamisk og innbydende by som kombinerer historie, kultur og modernitet. Byen ligger p\u00e5 s\u00f8rkysten av landet, og er kjent for sitt middelalderslott, sin livlige strandpromenade og sine mange kulturelle arrangementer. Cardiff er et ideelt reisem\u00e5l for en oppdagelsesrik storbyferie. Hvorfor bes\u00f8ke Cardiff? Cardiff byr p\u00e5 [&hellip;]","og_url":"https:\/\/uk-gb.net\/no\/cardiff\/","og_site_name":"UK GB","article_modified_time":"2026-01-15T15:06:02+00:00","og_image":[{"width":1158,"height":367,"url":"https:\/\/uk-gb.net\/wp-content\/uploads\/2025\/01\/cardiff-e1748002153120.jpg","type":"image\/jpeg"}],"twitter_card":"summary_large_image","twitter_misc":{"Ansl. lesetid":"3 minutter"},"schema":{"@context":"https:\/\/schema.org","@graph":[{"@type":"WebPage","@id":"https:\/\/uk-gb.net\/no\/cardiff\/","url":"https:\/\/uk-gb.net\/no\/cardiff\/","name":"Turistguide for Cardiff by - UK GB","isPartOf":{"@id":"https:\/\/uk-gb.net\/no\/#website"},"primaryImageOfPage":{"@id":"https:\/\/uk-gb.net\/no\/cardiff\/#primaryimage"},"image":{"@id":"https:\/\/uk-gb.net\/no\/cardiff\/#primaryimage"},"thumbnailUrl":"https:\/\/uk-gb.net\/wp-content\/uploads\/2025\/01\/cardiff-e1748002153120.jpg","datePublished":"2025-01-29T16:47:28+00:00","dateModified":"2026-01-15T15:06:02+00:00","inLanguage":"nb-NO","potentialAction":[{"@type":"ReadAction","target":["https:\/\/uk-gb.net\/no\/cardiff\/"]}]},{"@type":"ImageObject","inLanguage":"nb-NO","@id":"https:\/\/uk-gb.net\/no\/cardiff\/#primaryimage","url":"https:\/\/uk-gb.net\/wp-content\/uploads\/2025\/01\/cardiff-e1748002153120.jpg","contentUrl":"https:\/\/uk-gb.net\/wp-content\/uploads\/2025\/01\/cardiff-e1748002153120.jpg"},{"@type":"WebSite","@id":"https:\/\/uk-gb.net\/no\/#website","url":"https:\/\/uk-gb.net\/no\/","name":"UK GB","description":"Travel to the UK","potentialAction":[{"@type":"SearchAction","target":{"@type":"EntryPoint","urlTemplate":"https:\/\/uk-gb.net\/no\/?s={search_term_string}"},"query-input":{"@type":"PropertyValueSpecification","valueRequired":true,"valueName":"search_term_string"}}],"inLanguage":"nb-NO"}]}},"_links":{"self":[{"href":"https:\/\/uk-gb.net\/no\/wp-json\/wp\/v2\/pages\/5178","targetHints":{"allow":["GET"]}}],"collection":[{"href":"https:\/\/uk-gb.net\/no\/wp-json\/wp\/v2\/pages"}],"about":[{"href":"https:\/\/uk-gb.net\/no\/wp-json\/wp\/v2\/types\/page"}],"author":[{"embeddable":true,"href":"https:\/\/uk-gb.net\/no\/wp-json\/wp\/v2\/users\/1"}],"replies":[{"embeddable":true,"href":"https:\/\/uk-gb.net\/no\/wp-json\/wp\/v2\/comments?post=5178"}],"version-history":[{"count":0,"href":"https:\/\/uk-gb.net\/no\/wp-json\/wp\/v2\/pages\/5178\/revisions"}],"wp:attachment":[{"href":"https:\/\/uk-gb.net\/no\/wp-json\/wp\/v2\/media?parent=5178"}],"curies":[{"name":"wp","href":"https:\/\/api.w.org\/{rel}","templated":true}]}}