{"id":4099,"date":"2025-01-11T11:44:15","date_gmt":"2025-01-11T11:44:15","guid":{"rendered":"https:\/\/uk-gb.net\/manchester\/"},"modified":"2026-01-15T16:28:35","modified_gmt":"2026-01-15T16:28:35","slug":"manchester","status":"publish","type":"page","link":"https:\/\/uk-gb.net\/no\/manchester\/","title":{"rendered":"P\u00e5 bes\u00f8k i Manchester"},"content":{"rendered":"\n<h1 class=\"wp-block-heading\">Bes\u00f8k byen Manchester i Nord-England<\/h1>\n\n<p>Manchester, en tidligere industriby som har blitt et viktig kulturelt knutepunkt, er i dag en av Englands mest dynamiske byer. Byen er kjent for sin arbeiderklassearv, sin kj\u00e6rlighet til fotball, sin legendariske musikkscene og sin kreative energi, og tiltrekker seg reisende p\u00e5 jakt etter autentisitet og en moderne, urban atmosf\u00e6re. Manchester er moderne, ung og full av kontraster, og etterlater ingen likegyldig.  <\/p>\n\n<figure class=\"wp-block-image size-large\"><img decoding=\"async\" src=\"https:\/\/uk-gb.net\/wp-content\/uploads\/2025\/01\/Manchester-1024x405.jpg\" alt=\"Byen North Manchester\" class=\"wp-image-4058\"\/><figcaption class=\"wp-element-caption\">Byen Manchester i Nord-England  <\/figcaption><\/figure>\n\n<h2 class=\"wp-block-heading\">Hvorfor bes\u00f8ke Manchester?<\/h2>\n\n<p>Manchester er en by med karakter, som dristig blander sin industrielle fortid med en kunstnerisk renessanse. Interaktive museer, trendy nabolag, uavhengige kafeer og en avslappet atmosf\u00e6re er alle sv\u00e6rt tiltalende. Enten du kommer for \u00e5 oppdage r\u00f8ttene til britisk rock, bes\u00f8ke de legendariske stadionene eller utforske de gamle lagerbygningene som er omgjort til gallerier, er Manchester et must p\u00e5 enhver <a href=\"https:\/\/uk-gb.net\/no\/\">reise til Storbritannia.<\/a>  <\/p>\n\n<h2 class=\"wp-block-heading\">Manchesters must-sees<\/h2>\n\n<ul class=\"wp-block-list\">\n<li><a href=\"https:\/\/www.museum.manchester.ac.uk\/\">Manchester Museum<\/a>: Et omfattende museum som kombinerer naturhistorie, kultur og vitenskap.<\/li>\n\n\n\n<li><a href=\"https:\/\/www.scienceandindustrymuseum.org.uk\/\">Science and Industry Museum<\/a>: Et fascinerende innblikk i byens industrihistorie.<\/li>\n\n\n\n<li><a href=\"https:\/\/www.library.manchester.ac.uk\/rylands\/visit\/\">John Rylands Library<\/a>: Et praktfullt nygotisk bibliotek verdig et filmsett.<\/li>\n\n\n\n<li><a href=\"https:\/\/www.manutd.com\/en\/visit-old-trafford\">Old Trafford Stadium<\/a>: Manchester Uniteds ikoniske fotballstadion.<\/li>\n\n\n\n<li><a href=\"https:\/\/www.mancity.com\/etihad-stadium\">Etihad Stadium<\/a>: Hjemstedet til Manchester Citys andre store fotballag.<\/li>\n\n\n\n<li><a href=\"https:\/\/northernquartermanchester.com\/\">Northern Quarter<\/a>: Et kreativt kvartal kjent for sine veggmalerier, gjenbruksbutikker og platebutikker.<\/li>\n<\/ul>\n\n<div style=\"height:10px\" aria-hidden=\"true\" class=\"wp-block-spacer\"><\/div>\n\n<h2 class=\"wp-block-heading\">Nabolag \u00e5 utforske<\/h2>\n\n<ul class=\"wp-block-list\">\n<li><strong>Northern Quarter<\/strong>: Et trendy sted med en alternativ kunstnerisk atmosf\u00e6re.<\/li>\n\n\n\n<li><strong>Ancoats<\/strong>: Renovert bydel, popul\u00e6r for sine restauranter, kafeer og loftsleiligheter.<\/li>\n\n\n\n<li><strong>Castlefield <\/strong>: Et historisk omr\u00e5de ved kanalen, rolig og gr\u00f8nt.<\/li>\n\n\n\n<li><strong>Spinningfields<\/strong>: Moderne forretningsstr\u00f8k med restauranter, elegante barer og butikker.<\/li>\n\n\n\n<li><strong>Chinatown<\/strong>: En av Storbritannias st\u00f8rste og mest fargerike Chinatowns.<\/li>\n<\/ul>\n\n<div style=\"height:10px\" aria-hidden=\"true\" class=\"wp-block-spacer\"><\/div>\n\n<h2 class=\"wp-block-heading\">Praktiske tips for \u00e5 bes\u00f8ke Manchester<\/h2>\n\n<figure class=\"wp-block-table is-style-regular\"><table><tbody><tr><td><strong>Transport<\/strong><\/td><td>Gode forbindelser med trikk, buss og tog, og sentrum er innen gangavstand.<\/td><\/tr><tr><td><strong>Overnatting<\/strong><\/td><td>Et bredt utvalg av alternativer, fra budsjett til luksus, i alle sentrale bydeler.<\/td><\/tr><tr><td><strong>Valuta<\/strong><\/td><td>Pund sterling (\u00a3). Utbredt kontaktl\u00f8s betaling. <\/td><\/tr><tr><td><strong>Visum<\/strong><\/td><td>Det er ikke n\u00f8dvendig med <a href=\"https:\/\/uk-gb.net\/no\/visum-for-manchester\/\">visum til Manchester<\/a> for turistbes\u00f8k<\/td><\/tr><tr><td><strong>V\u00e6ret<\/strong><\/td><td>Fuktig klima; ta med en mackintosh selv om sommeren.<\/td><\/tr><\/tbody><\/table><\/figure>\n\n<div style=\"height:10px\" aria-hidden=\"true\" class=\"wp-block-spacer\"><\/div>\n\n<h2 class=\"wp-block-heading\">Hvor kan man spise i Manchester?<\/h2>\n\n<ul class=\"wp-block-list\">\n<li><a href=\"https:\/\/www.rudyspizza.co.uk\/\">Rudy&#8217;s Neapolitan Pizza<\/a>: Et must for fans av ekte napolitansk pizza.<\/li>\n\n\n\n<li><a href=\"https:\/\/www.refugemcr.co.uk\/\">The Refuge<\/a>: Kreative retter i praktfulle art deco-omgivelser.<\/li>\n\n\n\n<li><a href=\"https:\/\/www.instagram.com\/mackiemayor\/?hl=en\">Mackie Mayor<\/a>: En moderne mathall med et bredt utvalg av salgsboder.<\/li>\n\n\n\n<li><a href=\"https:\/\/tattu.co.uk\/locations\/manchester\/\">Tattu<\/a>: Moderne asiatisk mat i spektakul\u00e6re omgivelser.<\/li>\n\n\n\n<li><a href=\"https:\/\/bundobust.com\/manchester\/\">Bundobust<\/a>: Indisk vegetarisk gatemat i en avslappet atmosf\u00e6re.<\/li>\n<\/ul>\n\n<div style=\"height:10px\" aria-hidden=\"true\" class=\"wp-block-spacer\"><\/div>\n\n<h2 class=\"wp-block-heading\">N\u00e5r skal man dra?<\/h2>\n\n<p>Manchester kan bes\u00f8kes \u00e5ret rundt, men v\u00e5ren og sommeren er ideelle for festivaler og utend\u00f8rsaktiviteter. H\u00f8sten er perfekt for \u00e5 utforske museene og de pittoreske bydelene, mens vinteren byr p\u00e5 en varm atmosf\u00e6re, spesielt p\u00e5 byens ber\u00f8mte julemarkeder. <\/p>\n\n<h2 class=\"wp-block-heading\">Vennligst merk<\/h2>\n\n<p>Formalitetene for \u00e5 bes\u00f8ke Manchester avhenger av nasjonaliteten din. Statsborgere fra EU, USA, Canada og mange andre land m\u00e5 n\u00e5 skaffe seg en <a href=\"https:\/\/uk-gb.net\/no\/eta-storbritannia-forente-kongerike\/\">elektronisk reisetillatelse (ETA)<\/a> hvis de ikke har <a href=\"https:\/\/uk-gb.net\/no\/visum-forente-kongerike\/\">visum til England<\/a>. <\/p>\n\n<p>ETA for Storbritannia kan bestilles p\u00e5 nettet eller via <a href=\"https:\/\/uk-gb.net\/no\/applikasjon-iphone-visum-eta-storbritannia\/\">den offisielle iPhone-applikasjonen<\/a>. Irske statsborgere og personer bosatt i Storbritannia ber\u00f8res ikke.<\/p>\n\n<p>Hvis du vil ha flere r\u00e5d eller personlige anbefalinger, kan du lese v\u00e5re andre guider om de st\u00f8rste engelske byene. Guidene v\u00e5re dekker <a href=\"https:\/\/uk-gb.net\/no\/london\/\">London<\/a>, <a href=\"https:\/\/uk-gb.net\/no\/oxford\/\">Oxford<\/a> og <a href=\"https:\/\/uk-gb.net\/no\/liverpool\/\">Liverpool.<\/a> <\/p>\n\n<p><\/p>\n","protected":false},"excerpt":{"rendered":"<p>Bes\u00f8k byen Manchester i Nord-England Manchester, en tidligere industriby som har blitt et viktig kulturelt knutepunkt, er i dag en av Englands mest dynamiske byer. Byen er kjent for sin arbeiderklassearv, sin kj\u00e6rlighet til fotball, sin legendariske musikkscene og sin kreative energi, og tiltrekker seg reisende p\u00e5 jakt etter autentisitet og en moderne, urban atmosf\u00e6re. [&hellip;]<\/p>\n","protected":false},"author":1,"featured_media":0,"parent":0,"menu_order":0,"comment_status":"closed","ping_status":"closed","template":"","meta":{"footnotes":""},"class_list":["post-4099","page","type-page","status-publish","hentry"],"yoast_head":"<!-- This site is optimized with the Yoast SEO plugin v27.4 - https:\/\/yoast.com\/product\/yoast-seo-wordpress\/ -->\n<title>P\u00e5 bes\u00f8k i Manchester - UK GB<\/title>\n<meta name=\"description\" content=\"Oppdag den engelske byen Manchester, med sin industrielle fortid og sin trendy kunstneriske oppblomstring.\" \/>\n<meta name=\"robots\" content=\"index, follow, max-snippet:-1, max-image-preview:large, max-video-preview:-1\" \/>\n<link rel=\"canonical\" href=\"https:\/\/uk-gb.net\/no\/manchester\/\" \/>\n<meta property=\"og:locale\" content=\"nb_NO\" \/>\n<meta property=\"og:type\" content=\"article\" \/>\n<meta property=\"og:title\" content=\"P\u00e5 bes\u00f8k i Manchester - UK GB\" \/>\n<meta property=\"og:description\" content=\"Oppdag den engelske byen Manchester, med sin industrielle fortid og sin trendy kunstneriske oppblomstring.\" \/>\n<meta property=\"og:url\" content=\"https:\/\/uk-gb.net\/no\/manchester\/\" \/>\n<meta property=\"og:site_name\" content=\"UK GB\" \/>\n<meta property=\"article:modified_time\" content=\"2026-01-15T16:28:35+00:00\" \/>\n<meta property=\"og:image\" content=\"https:\/\/uk-gb.net\/wp-content\/uploads\/2025\/01\/Manchester-e1747991434136.jpg\" \/>\n\t<meta property=\"og:image:width\" content=\"1455\" \/>\n\t<meta property=\"og:image:height\" content=\"640\" \/>\n\t<meta property=\"og:image:type\" content=\"image\/jpeg\" \/>\n<meta name=\"twitter:card\" content=\"summary_large_image\" \/>\n<meta name=\"twitter:label1\" content=\"Ansl. lesetid\" \/>\n\t<meta name=\"twitter:data1\" content=\"3 minutter\" \/>\n<script type=\"application\/ld+json\" class=\"yoast-schema-graph\">{\"@context\":\"https:\\\/\\\/schema.org\",\"@graph\":[{\"@type\":\"WebPage\",\"@id\":\"https:\\\/\\\/uk-gb.net\\\/no\\\/manchester\\\/\",\"url\":\"https:\\\/\\\/uk-gb.net\\\/no\\\/manchester\\\/\",\"name\":\"P\u00e5 bes\u00f8k i Manchester - UK GB\",\"isPartOf\":{\"@id\":\"https:\\\/\\\/uk-gb.net\\\/no\\\/#website\"},\"primaryImageOfPage\":{\"@id\":\"https:\\\/\\\/uk-gb.net\\\/no\\\/manchester\\\/#primaryimage\"},\"image\":{\"@id\":\"https:\\\/\\\/uk-gb.net\\\/no\\\/manchester\\\/#primaryimage\"},\"thumbnailUrl\":\"https:\\\/\\\/uk-gb.net\\\/wp-content\\\/uploads\\\/2025\\\/01\\\/Manchester-1024x405.jpg\",\"datePublished\":\"2025-01-11T11:44:15+00:00\",\"dateModified\":\"2026-01-15T16:28:35+00:00\",\"description\":\"Oppdag den engelske byen Manchester, med sin industrielle fortid og sin trendy kunstneriske oppblomstring.\",\"inLanguage\":\"nb-NO\",\"potentialAction\":[{\"@type\":\"ReadAction\",\"target\":[\"https:\\\/\\\/uk-gb.net\\\/no\\\/manchester\\\/\"]}]},{\"@type\":\"ImageObject\",\"inLanguage\":\"nb-NO\",\"@id\":\"https:\\\/\\\/uk-gb.net\\\/no\\\/manchester\\\/#primaryimage\",\"url\":\"https:\\\/\\\/uk-gb.net\\\/wp-content\\\/uploads\\\/2025\\\/01\\\/Manchester-1024x405.jpg\",\"contentUrl\":\"https:\\\/\\\/uk-gb.net\\\/wp-content\\\/uploads\\\/2025\\\/01\\\/Manchester-1024x405.jpg\"},{\"@type\":\"WebSite\",\"@id\":\"https:\\\/\\\/uk-gb.net\\\/no\\\/#website\",\"url\":\"https:\\\/\\\/uk-gb.net\\\/no\\\/\",\"name\":\"UK GB\",\"description\":\"Travel to the UK\",\"potentialAction\":[{\"@type\":\"SearchAction\",\"target\":{\"@type\":\"EntryPoint\",\"urlTemplate\":\"https:\\\/\\\/uk-gb.net\\\/no\\\/?s={search_term_string}\"},\"query-input\":{\"@type\":\"PropertyValueSpecification\",\"valueRequired\":true,\"valueName\":\"search_term_string\"}}],\"inLanguage\":\"nb-NO\"}]}<\/script>\n<!-- \/ Yoast SEO plugin. -->","yoast_head_json":{"title":"P\u00e5 bes\u00f8k i Manchester - UK GB","description":"Oppdag den engelske byen Manchester, med sin industrielle fortid og sin trendy kunstneriske oppblomstring.","robots":{"index":"index","follow":"follow","max-snippet":"max-snippet:-1","max-image-preview":"max-image-preview:large","max-video-preview":"max-video-preview:-1"},"canonical":"https:\/\/uk-gb.net\/no\/manchester\/","og_locale":"nb_NO","og_type":"article","og_title":"P\u00e5 bes\u00f8k i Manchester - UK GB","og_description":"Oppdag den engelske byen Manchester, med sin industrielle fortid og sin trendy kunstneriske oppblomstring.","og_url":"https:\/\/uk-gb.net\/no\/manchester\/","og_site_name":"UK GB","article_modified_time":"2026-01-15T16:28:35+00:00","og_image":[{"width":1455,"height":640,"url":"https:\/\/uk-gb.net\/wp-content\/uploads\/2025\/01\/Manchester-e1747991434136.jpg","type":"image\/jpeg"}],"twitter_card":"summary_large_image","twitter_misc":{"Ansl. lesetid":"3 minutter"},"schema":{"@context":"https:\/\/schema.org","@graph":[{"@type":"WebPage","@id":"https:\/\/uk-gb.net\/no\/manchester\/","url":"https:\/\/uk-gb.net\/no\/manchester\/","name":"P\u00e5 bes\u00f8k i Manchester - UK GB","isPartOf":{"@id":"https:\/\/uk-gb.net\/no\/#website"},"primaryImageOfPage":{"@id":"https:\/\/uk-gb.net\/no\/manchester\/#primaryimage"},"image":{"@id":"https:\/\/uk-gb.net\/no\/manchester\/#primaryimage"},"thumbnailUrl":"https:\/\/uk-gb.net\/wp-content\/uploads\/2025\/01\/Manchester-1024x405.jpg","datePublished":"2025-01-11T11:44:15+00:00","dateModified":"2026-01-15T16:28:35+00:00","description":"Oppdag den engelske byen Manchester, med sin industrielle fortid og sin trendy kunstneriske oppblomstring.","inLanguage":"nb-NO","potentialAction":[{"@type":"ReadAction","target":["https:\/\/uk-gb.net\/no\/manchester\/"]}]},{"@type":"ImageObject","inLanguage":"nb-NO","@id":"https:\/\/uk-gb.net\/no\/manchester\/#primaryimage","url":"https:\/\/uk-gb.net\/wp-content\/uploads\/2025\/01\/Manchester-1024x405.jpg","contentUrl":"https:\/\/uk-gb.net\/wp-content\/uploads\/2025\/01\/Manchester-1024x405.jpg"},{"@type":"WebSite","@id":"https:\/\/uk-gb.net\/no\/#website","url":"https:\/\/uk-gb.net\/no\/","name":"UK GB","description":"Travel to the UK","potentialAction":[{"@type":"SearchAction","target":{"@type":"EntryPoint","urlTemplate":"https:\/\/uk-gb.net\/no\/?s={search_term_string}"},"query-input":{"@type":"PropertyValueSpecification","valueRequired":true,"valueName":"search_term_string"}}],"inLanguage":"nb-NO"}]}},"_links":{"self":[{"href":"https:\/\/uk-gb.net\/no\/wp-json\/wp\/v2\/pages\/4099","targetHints":{"allow":["GET"]}}],"collection":[{"href":"https:\/\/uk-gb.net\/no\/wp-json\/wp\/v2\/pages"}],"about":[{"href":"https:\/\/uk-gb.net\/no\/wp-json\/wp\/v2\/types\/page"}],"author":[{"embeddable":true,"href":"https:\/\/uk-gb.net\/no\/wp-json\/wp\/v2\/users\/1"}],"replies":[{"embeddable":true,"href":"https:\/\/uk-gb.net\/no\/wp-json\/wp\/v2\/comments?post=4099"}],"version-history":[{"count":0,"href":"https:\/\/uk-gb.net\/no\/wp-json\/wp\/v2\/pages\/4099\/revisions"}],"wp:attachment":[{"href":"https:\/\/uk-gb.net\/no\/wp-json\/wp\/v2\/media?parent=4099"}],"curies":[{"name":"wp","href":"https:\/\/api.w.org\/{rel}","templated":true}]}}