{"id":3927,"date":"2025-01-11T11:00:01","date_gmt":"2025-01-11T11:00:01","guid":{"rendered":"https:\/\/uk-gb.net\/londres\/"},"modified":"2026-01-15T15:06:58","modified_gmt":"2026-01-15T15:06:58","slug":"london","status":"publish","type":"page","link":"https:\/\/uk-gb.net\/no\/london\/","title":{"rendered":"Reiseguide for London"},"content":{"rendered":"\n<h1 class=\"wp-block-heading\">Bes\u00f8k byen London i kongeriket England<\/h1>\n\n<p>London er en pulserende og innflytelsesrik hovedstad, et kulturelt og historisk veikryss. Byen har mange fasetter, og her blandes kongelig arv med moderne kreativitet. Fra ikoniske landemerker som Big Ben og Tower of London til avantgardistiske kunstgallerier og kosmopolitiske bydeler &#8211; den britiske hovedstaden fascinerer like mye med sitt mangfold som med sin energi. Enten du elsker historie, museer, gastronomi eller underholdning, lover London en rik og uutt\u00f8mmelig opplevelse.   <\/p>\n\n<figure class=\"wp-block-image size-large\"><img decoding=\"async\" src=\"https:\/\/uk-gb.net\/wp-content\/uploads\/2025\/01\/London-1024x469.jpeg\" alt=\"City of London\" class=\"wp-image-3893\"\/><figcaption class=\"wp-element-caption\">City of London, England<\/figcaption><\/figure>\n\n<h2 class=\"wp-block-heading\">Hvorfor bes\u00f8ke London?<\/h2>\n\n<p>London er et reisem\u00e5l i en klasse for seg, og byr p\u00e5 et mangfold av opplevelser rundt hvert hj\u00f8rne. Byen sjarmerer historieinteresserte med sine palasser og museer, tiltrekker seg shoppere med sine markeder og varehus, og gleder gourmeter med sin ekstremt mangfoldige kulinariske scene. Enten du er en familie, et par eller en soloreisende, er London en by der du alltid kommer tilbake med en f\u00f8lelse av at du bare har sett en del av det den har \u00e5 by p\u00e5.  <\/p>\n\n<h2 class=\"wp-block-heading\">Must-sees i London<\/h2>\n\n<ul class=\"wp-block-list\">\n<li><a href=\"https:\/\/www.rct.uk\/visit\/buckingham-palace\">Buckingham Palace<\/a>: Den offisielle residensen til det britiske monarkiet.<\/li>\n\n\n\n<li><a href=\"https:\/\/www.parliament.uk\/about\/living-heritage\/building\/palace\/big-ben\/\">Big Ben<\/a> og <a href=\"https:\/\/www.parliament.uk\/about\/living-heritage\/building\/palace\/\">Palace of Westminster<\/a>: Et av byens mest kjente symboler.<\/li>\n\n\n\n<li><a href=\"https:\/\/www.hrp.org.uk\/tower-of-london\/#gs.j42e6u\">Tower of London<\/a>: En tusen \u00e5r gammel festning som huser kronjuvelene.<\/li>\n\n\n\n<li><a href=\"https:\/\/www.westminster-abbey.org\/fr\/visit-us\/\">Westminster Ab<\/a> bey: Dette gamle klosteret er et landemerke i britisk historie.<\/li>\n\n\n\n<li><a href=\"https:\/\/www.londoneye.com\/\">London Eye<\/a>: Et ikonisk pariserhjul med panoramautsikt over byen.<\/li>\n\n\n\n<li><a href=\"https:\/\/www.britishmuseum.org\/\">British Museum<\/a>: Et gratis museum med imponerende samlinger fra hele verden.<\/li>\n<\/ul>\n\n<div style=\"height:10px\" aria-hidden=\"true\" class=\"wp-block-spacer\"><\/div>\n\n<h2 class=\"wp-block-heading\">Nabolag \u00e5 utforske<\/h2>\n\n<ul class=\"wp-block-list\">\n<li><strong>Notting Hill<\/strong>: En fargerik og pittoresk bydel, kjent for Portobello Road-markedet.<\/li>\n\n\n\n<li><strong>Camden<\/strong>: Et alternativt nabolag med trendy markeder og en undergrunnsmusikkscene.<\/li>\n\n\n\n<li><strong>South Bank<\/strong>: Kulturell elvebredd med Shakespeare&#8217;s Globe, London Eye og Tate Modern.<\/li>\n\n\n\n<li><strong>Soho<\/strong>: Hjertet av Londons uteliv, med sine teatre og trendy barer.<\/li>\n\n\n\n<li><strong>Covent Garden<\/strong>: Kjent for sine gatekunstnere, unike butikker og livlige atmosf\u00e6re.<\/li>\n<\/ul>\n\n<div style=\"height:10px\" aria-hidden=\"true\" class=\"wp-block-spacer\"><\/div>\n\n<h2 class=\"wp-block-heading\">Praktiske tips for bes\u00f8k i London<\/h2>\n\n<figure class=\"wp-block-table is-style-regular\"><table><tbody><tr><th>Aspekt<\/th><th>Detaljer<\/th><\/tr><tr><td><strong>Transport<\/strong><\/td><td>T-banenett, r\u00f8de busser, tog og selvbetjente sykler. <a href=\"https:\/\/oyster.tfl.gov.uk\/oyster\/entry.do\">Oyster Card<\/a> anbefales.<\/td><\/tr><tr><td><strong>Overnatting<\/strong><\/td><td>Et bredt utvalg av alternativer: herberger, boutiquehoteller, luksushoteller.<\/td><\/tr><tr><td><strong>Valuta<\/strong><\/td><td>Pund sterling (\u00a3). Kontaktl\u00f8se betalinger er utbredt. <\/td><\/tr><tr><td><strong>Visum<\/strong><\/td><td>Sjekk om du trenger en <a href=\"https:\/\/uk-gb.net\/no\/eta-storbritannia-forente-kongerike\/\">britisk ETA<\/a> eller et <a href=\"https:\/\/uk-gb.net\/no\/visum-for-london\/\">visum til London<\/a><\/td><\/tr><tr><td><strong>Elektriske stikkontakter<\/strong><\/td><td>Type G (adapter anbefales).<\/td><\/tr><tr><td><strong>V\u00e6ret<\/strong><\/td><td>Ta med kl\u00e6r som er egnet for regn, som er vanlig \u00e5ret rundt.<\/td><\/tr><\/tbody><\/table><\/figure>\n\n<div style=\"height:10px\" aria-hidden=\"true\" class=\"wp-block-spacer\"><\/div>\n\n<h2 class=\"wp-block-heading\">Hvor kan man spise i London?<\/h2>\n\n<ul class=\"wp-block-list\">\n<li><a href=\"https:\/\/www.thewolseley.com\/\">The Wolseley<\/a>: En institusjon i London for frokost eller ettermiddagste.<\/li>\n\n\n\n<li><a href=\"https:\/\/sketch.london\/\">Skisse<\/a>: Gastronomi og samtidskunst i en unik setting.<\/li>\n\n\n\n<li><a href=\"https:\/\/flatironsteak.co.uk\/\">Flat Iron<\/a>: Et popul\u00e6rt sted \u00e5 nyte en kvalitetsbiff til en rimelig pris.<\/li>\n\n\n\n<li><a href=\"https:\/\/boroughmarket.org.uk\/\">Borough Market<\/a>: Tempel for gatemat og h\u00e5ndverksprodukter.<\/li>\n\n\n\n<li><a href=\"https:\/\/www.dishoom.com\/\">Dishoom<\/a>: En popul\u00e6r indisk restaurant, en hyllest til kafeene i Bombay.<\/li>\n<\/ul>\n\n<div style=\"height:10px\" aria-hidden=\"true\" class=\"wp-block-spacer\"><\/div>\n\n<h2 class=\"wp-block-heading\">N\u00e5r skal jeg reise til London?<\/h2>\n\n<p>London kan bes\u00f8kes i alle \u00e5rstider. V\u00e5ren er herlig med blomstrende parker, mens sommeren byr p\u00e5 festivaler, terrasser og utend\u00f8rsarrangementer. H\u00f8sten byr p\u00e5 sublime farger i de kongelige hagene. Vinteren er magisk med sine julelys, festlige markeder og varehusvinduer.   <\/p>\n\n<h2 class=\"wp-block-heading\">Konklusjon<\/h2>\n\n<p><a href=\"https:\/\/www.london.gov.uk\/\">London<\/a> er en verdensby i stadig bevegelse, som byr p\u00e5 et uendelig spekter av kulturelle, historiske og menneskelige opplevelser. Byen er st\u00f8rre og mer mangfoldig enn byer som <a href=\"https:\/\/uk-gb.net\/no\/oxford\/\">Oxford<\/a> og Cambridge, mer internasjonal enn <a href=\"https:\/\/uk-gb.net\/no\/manchester\/\">Manchester<\/a> og Edinburgh, og den representerer essensen av det moderne Storbritannia. Forbered deg p\u00e5 oppholdet ditt, for London er ikke et sted \u00e5 bes\u00f8ke, det er et sted \u00e5 oppleve.  <\/p>\n\n<p>Formalitetene for \u00e5 bes\u00f8ke London avhenger av nasjonaliteten din. EU-borgere og borgere fra mange andre land m\u00e5 skaffe seg en <a href=\"https:\/\/uk-gb.net\/no\/eta-storbritannia-forente-kongerike\/\">elektronisk reisetillatelse (ETA)<\/a> hvis de ikke har <a href=\"https:\/\/uk-gb.net\/no\/visum-for-london\/\">visum til London.<\/a> <\/p>\n\n<p>ETA for Storbritannia m\u00e5 s\u00f8kes om p\u00e5 nettet via <a href=\"https:\/\/uk-gb.net\/no\/applikasjon-iphone-visum-eta-storbritannia\/\">den offisielle IPhone-applikasjonen<\/a>. Irske statsborgere og innbyggere i Storbritannia er ikke ber\u00f8rt. <\/p>\n","protected":false},"excerpt":{"rendered":"<p>Bes\u00f8k byen London i kongeriket England London er en pulserende og innflytelsesrik hovedstad, et kulturelt og historisk veikryss. Byen har mange fasetter, og her blandes kongelig arv med moderne kreativitet. Fra ikoniske landemerker som Big Ben og Tower of London til avantgardistiske kunstgallerier og kosmopolitiske bydeler &#8211; den britiske hovedstaden fascinerer like mye med sitt [&hellip;]<\/p>\n","protected":false},"author":1,"featured_media":0,"parent":0,"menu_order":0,"comment_status":"closed","ping_status":"closed","template":"","meta":{"footnotes":""},"class_list":["post-3927","page","type-page","status-publish","hentry"],"yoast_head":"<!-- This site is optimized with the Yoast SEO plugin v27.4 - https:\/\/yoast.com\/product\/yoast-seo-wordpress\/ -->\n<title>Reiseguide for London - UK GB<\/title>\n<meta name=\"description\" content=\"All turistinformasjon du trenger om London for \u00e5 f\u00e5 mest mulig ut av oppholdet ditt i denne kulturelle og historiske hovedstaden.\" \/>\n<meta name=\"robots\" content=\"index, follow, max-snippet:-1, max-image-preview:large, max-video-preview:-1\" \/>\n<link rel=\"canonical\" href=\"https:\/\/uk-gb.net\/no\/london\/\" \/>\n<meta property=\"og:locale\" content=\"nb_NO\" \/>\n<meta property=\"og:type\" content=\"article\" \/>\n<meta property=\"og:title\" content=\"Reiseguide for London - UK GB\" \/>\n<meta property=\"og:description\" content=\"All turistinformasjon du trenger om London for \u00e5 f\u00e5 mest mulig ut av oppholdet ditt i denne kulturelle og historiske hovedstaden.\" \/>\n<meta property=\"og:url\" content=\"https:\/\/uk-gb.net\/no\/london\/\" \/>\n<meta property=\"og:site_name\" content=\"UK GB\" \/>\n<meta property=\"article:modified_time\" content=\"2026-01-15T15:06:58+00:00\" \/>\n<meta property=\"og:image\" content=\"https:\/\/uk-gb.net\/wp-content\/uploads\/2025\/01\/London-scaled-e1747988544474.jpeg\" \/>\n\t<meta property=\"og:image:width\" content=\"2103\" \/>\n\t<meta property=\"og:image:height\" content=\"1028\" \/>\n\t<meta property=\"og:image:type\" content=\"image\/jpeg\" \/>\n<meta name=\"twitter:card\" content=\"summary_large_image\" \/>\n<meta name=\"twitter:label1\" content=\"Ansl. lesetid\" \/>\n\t<meta name=\"twitter:data1\" content=\"3 minutter\" \/>\n<script type=\"application\/ld+json\" class=\"yoast-schema-graph\">{\"@context\":\"https:\\\/\\\/schema.org\",\"@graph\":[{\"@type\":\"WebPage\",\"@id\":\"https:\\\/\\\/uk-gb.net\\\/no\\\/london\\\/\",\"url\":\"https:\\\/\\\/uk-gb.net\\\/no\\\/london\\\/\",\"name\":\"Reiseguide for London - UK GB\",\"isPartOf\":{\"@id\":\"https:\\\/\\\/uk-gb.net\\\/no\\\/#website\"},\"primaryImageOfPage\":{\"@id\":\"https:\\\/\\\/uk-gb.net\\\/no\\\/london\\\/#primaryimage\"},\"image\":{\"@id\":\"https:\\\/\\\/uk-gb.net\\\/no\\\/london\\\/#primaryimage\"},\"thumbnailUrl\":\"https:\\\/\\\/uk-gb.net\\\/wp-content\\\/uploads\\\/2025\\\/01\\\/London-1024x469.jpeg\",\"datePublished\":\"2025-01-11T11:00:01+00:00\",\"dateModified\":\"2026-01-15T15:06:58+00:00\",\"description\":\"All turistinformasjon du trenger om London for \u00e5 f\u00e5 mest mulig ut av oppholdet ditt i denne kulturelle og historiske hovedstaden.\",\"inLanguage\":\"nb-NO\",\"potentialAction\":[{\"@type\":\"ReadAction\",\"target\":[\"https:\\\/\\\/uk-gb.net\\\/no\\\/london\\\/\"]}]},{\"@type\":\"ImageObject\",\"inLanguage\":\"nb-NO\",\"@id\":\"https:\\\/\\\/uk-gb.net\\\/no\\\/london\\\/#primaryimage\",\"url\":\"https:\\\/\\\/uk-gb.net\\\/wp-content\\\/uploads\\\/2025\\\/01\\\/London-1024x469.jpeg\",\"contentUrl\":\"https:\\\/\\\/uk-gb.net\\\/wp-content\\\/uploads\\\/2025\\\/01\\\/London-1024x469.jpeg\"},{\"@type\":\"WebSite\",\"@id\":\"https:\\\/\\\/uk-gb.net\\\/no\\\/#website\",\"url\":\"https:\\\/\\\/uk-gb.net\\\/no\\\/\",\"name\":\"UK GB\",\"description\":\"Travel to the UK\",\"potentialAction\":[{\"@type\":\"SearchAction\",\"target\":{\"@type\":\"EntryPoint\",\"urlTemplate\":\"https:\\\/\\\/uk-gb.net\\\/no\\\/?s={search_term_string}\"},\"query-input\":{\"@type\":\"PropertyValueSpecification\",\"valueRequired\":true,\"valueName\":\"search_term_string\"}}],\"inLanguage\":\"nb-NO\"}]}<\/script>\n<!-- \/ Yoast SEO plugin. -->","yoast_head_json":{"title":"Reiseguide for London - UK GB","description":"All turistinformasjon du trenger om London for \u00e5 f\u00e5 mest mulig ut av oppholdet ditt i denne kulturelle og historiske hovedstaden.","robots":{"index":"index","follow":"follow","max-snippet":"max-snippet:-1","max-image-preview":"max-image-preview:large","max-video-preview":"max-video-preview:-1"},"canonical":"https:\/\/uk-gb.net\/no\/london\/","og_locale":"nb_NO","og_type":"article","og_title":"Reiseguide for London - UK GB","og_description":"All turistinformasjon du trenger om London for \u00e5 f\u00e5 mest mulig ut av oppholdet ditt i denne kulturelle og historiske hovedstaden.","og_url":"https:\/\/uk-gb.net\/no\/london\/","og_site_name":"UK GB","article_modified_time":"2026-01-15T15:06:58+00:00","og_image":[{"width":2103,"height":1028,"url":"https:\/\/uk-gb.net\/wp-content\/uploads\/2025\/01\/London-scaled-e1747988544474.jpeg","type":"image\/jpeg"}],"twitter_card":"summary_large_image","twitter_misc":{"Ansl. lesetid":"3 minutter"},"schema":{"@context":"https:\/\/schema.org","@graph":[{"@type":"WebPage","@id":"https:\/\/uk-gb.net\/no\/london\/","url":"https:\/\/uk-gb.net\/no\/london\/","name":"Reiseguide for London - UK GB","isPartOf":{"@id":"https:\/\/uk-gb.net\/no\/#website"},"primaryImageOfPage":{"@id":"https:\/\/uk-gb.net\/no\/london\/#primaryimage"},"image":{"@id":"https:\/\/uk-gb.net\/no\/london\/#primaryimage"},"thumbnailUrl":"https:\/\/uk-gb.net\/wp-content\/uploads\/2025\/01\/London-1024x469.jpeg","datePublished":"2025-01-11T11:00:01+00:00","dateModified":"2026-01-15T15:06:58+00:00","description":"All turistinformasjon du trenger om London for \u00e5 f\u00e5 mest mulig ut av oppholdet ditt i denne kulturelle og historiske hovedstaden.","inLanguage":"nb-NO","potentialAction":[{"@type":"ReadAction","target":["https:\/\/uk-gb.net\/no\/london\/"]}]},{"@type":"ImageObject","inLanguage":"nb-NO","@id":"https:\/\/uk-gb.net\/no\/london\/#primaryimage","url":"https:\/\/uk-gb.net\/wp-content\/uploads\/2025\/01\/London-1024x469.jpeg","contentUrl":"https:\/\/uk-gb.net\/wp-content\/uploads\/2025\/01\/London-1024x469.jpeg"},{"@type":"WebSite","@id":"https:\/\/uk-gb.net\/no\/#website","url":"https:\/\/uk-gb.net\/no\/","name":"UK GB","description":"Travel to the UK","potentialAction":[{"@type":"SearchAction","target":{"@type":"EntryPoint","urlTemplate":"https:\/\/uk-gb.net\/no\/?s={search_term_string}"},"query-input":{"@type":"PropertyValueSpecification","valueRequired":true,"valueName":"search_term_string"}}],"inLanguage":"nb-NO"}]}},"_links":{"self":[{"href":"https:\/\/uk-gb.net\/no\/wp-json\/wp\/v2\/pages\/3927","targetHints":{"allow":["GET"]}}],"collection":[{"href":"https:\/\/uk-gb.net\/no\/wp-json\/wp\/v2\/pages"}],"about":[{"href":"https:\/\/uk-gb.net\/no\/wp-json\/wp\/v2\/types\/page"}],"author":[{"embeddable":true,"href":"https:\/\/uk-gb.net\/no\/wp-json\/wp\/v2\/users\/1"}],"replies":[{"embeddable":true,"href":"https:\/\/uk-gb.net\/no\/wp-json\/wp\/v2\/comments?post=3927"}],"version-history":[{"count":0,"href":"https:\/\/uk-gb.net\/no\/wp-json\/wp\/v2\/pages\/3927\/revisions"}],"wp:attachment":[{"href":"https:\/\/uk-gb.net\/no\/wp-json\/wp\/v2\/media?parent=3927"}],"curies":[{"name":"wp","href":"https:\/\/api.w.org\/{rel}","templated":true}]}}