{"id":2490,"date":"2023-12-07T15:10:50","date_gmt":"2023-12-07T15:10:50","guid":{"rendered":"https:\/\/uk-gb.net\/storbritannia-familievisum\/"},"modified":"2026-01-15T16:20:46","modified_gmt":"2026-01-15T16:20:46","slug":"storbritannia-familievisum","status":"publish","type":"page","link":"https:\/\/uk-gb.net\/no\/storbritannia-familievisum\/","title":{"rendered":"Familievisum til Storbritannia"},"content":{"rendered":"\n<h1 class=\"wp-block-heading\">Familievisum for reiser til Storbritannia<\/h1>\n\n<p>Det britiske familievisumet gj\u00f8r det mulig for en utenlandsk statsborger \u00e5 slutte seg til et familiemedlem som bor lovlig i Storbritannia. Dette visumet gjelder for ektefeller, barn, foreldre og andre n\u00e6re familiemedlemmer. Her finner du en fullstendig guide til vilk\u00e5rene, prosedyrene og hvilke typer familievisum som er tilgjengelige for \u00e5 komme til Storbritannia.  <\/p>\n\n<p><strong>For korttidsopphold <\/strong>: Det er ikke n\u00f8dvendig \u00e5 skaffe visum, det er bare \u00e5 fylle ut <a href=\"https:\/\/uk-gb.net\/no\/online-skjema-eta-england\/\">ETA-skjemaet p\u00e5 nettet.<\/a><\/p>\n\n<div style=\"height:10px\" aria-hidden=\"true\" class=\"wp-block-spacer\"><\/div>\n\n<h2 class=\"wp-block-heading\">Hvem kan s\u00f8ke om familievisum til Storbritannia?<\/h2>\n\n<p>Familievisumet gjelder i flere situasjoner. Du kan s\u00f8ke om det hvis du \u00f8nsker \u00e5 : <\/p>\n\n<ul class=\"wp-block-list\">\n<li>Bli med ektefellen eller den registrerte partneren din som bor i Storbritannia ;<\/li>\n\n\n\n<li>Bor sammen med en britisk forelder eller et britisk barn eller er lovlig bosatt i Storbritannia;<\/li>\n\n\n\n<li>Bli med en ugift partner hvis du har v\u00e6rt i et stabilt forhold i minst to \u00e5r;<\/li>\n\n\n\n<li>Ledsage et familiemedlem som har flyktningstatus eller humanit\u00e6r beskyttelse i Storbritannia.<\/li>\n<\/ul>\n\n<p>Familiemedlemmet du skal etterf\u00f8lge, m\u00e5 som regel v\u00e6re britisk statsborger, ha permanent oppholdstillatelse (ILR) eller ha flyktningstatus.<\/p>\n\n<div style=\"height:10px\" aria-hidden=\"true\" class=\"wp-block-spacer\"><\/div>\n\n<p>Storbritannia har siden 2024 implementert det <a href=\"https:\/\/uk-gb.net\/no\/eta-storbritannia-forente-kongerike\/\">britiske ETA-systemet<\/a>. Utenlandske reisende som oppfyller kravene, kan n\u00e5 reise <a href=\"https:\/\/uk-gb.net\/no\/forskjellige-britiske-visum\/\">visumfritt til Storbritannia.<\/a><\/p>\n\n<p><strong>For \u00e5 be om ETA p\u00e5 nett<\/strong> fyller du bare ut <a href=\"https:\/\/uk-gb.net\/no\/online-skjema-eta-england\/\">ETA-skjemaet p\u00e5 nett<\/a>.<\/p>\n\n<div style=\"height:10px\" aria-hidden=\"true\" class=\"wp-block-spacer\"><\/div>\n\n<h2 class=\"wp-block-heading\">Kvalifikasjonskriterier for familievisum<\/h2>\n\n<p>For \u00e5 v\u00e6re kvalifisert for et <a href=\"https:\/\/www.gov.uk\/uk-family-visa\">britisk familievisum<\/a> m\u00e5 du minst oppfylle f\u00f8lgende vilk\u00e5r<\/p>\n\n<ul class=\"wp-block-list\">\n<li>v\u00e6re i et ekte og anerkjent forhold med en britisk statsborger eller en person med permanent oppholdstillatelse.<\/li>\n\n\n\n<li>Bevis at du har tilstrekkelige \u00f8konomiske ressurser til \u00e5 dekke dine behov uten \u00e5 m\u00e5tte ty til offentlige midler.<\/li>\n\n\n\n<li>Tilstrekkelige kunnskaper i engelsk.<\/li>\n\n\n\n<li>Fremlegg bevis p\u00e5 at du bor i England.<\/li>\n<\/ul>\n\n<div style=\"height:10px\" aria-hidden=\"true\" class=\"wp-block-spacer\"><\/div>\n\n<h2 class=\"wp-block-heading\">Fremgangsm\u00e5te for \u00e5 s\u00f8ke om familievisum<\/h2>\n\n<ol class=\"wp-block-list\">\n<li>Fyll ut det <a href=\"https:\/\/uk-gb.net\/no\/soknadsprosedyre-visa-forente-stater\/\">elektroniske visums\u00f8knadsskjemaet<\/a> p\u00e5 nettstedet til britiske myndigheter.<\/li>\n\n\n\n<li>Forbered alle n\u00f8dvendige dokumenter, inkludert bevis p\u00e5 slektskap, \u00f8konomisk dokumentasjon og resultater fra spr\u00e5ktester.<\/li>\n\n\n\n<li>Send inn s\u00f8knaden p\u00e5 nettet og betal gjeldende <a href=\"https:\/\/uk-gb.net\/no\/hvor-koster-visum-reise-storbritannia\/\">visumavgift<\/a>.<\/li>\n\n\n\n<li>Bestill time p\u00e5 et visums\u00f8knadssenter for \u00e5 avgi fingeravtrykk og ta bilde.<\/li>\n<\/ol>\n\n<div style=\"height:10px\" aria-hidden=\"true\" class=\"wp-block-spacer\"><\/div>\n\n<p>Det kan ta flere uker f\u00f8r visums\u00f8knaden er ferdigbehandlet og vedtaket er fattet.<\/p>\n\n<h2 class=\"wp-block-heading\">Dokumenter som skal fremlegges ved s\u00f8knad om visum<\/h2>\n\n<p>Minimumsdokumentene som kreves for en familievisums\u00f8knad er :<\/p>\n\n<ul class=\"wp-block-list\">\n<li>Gyldig pass.<\/li>\n\n\n\n<li>Bevis p\u00e5 slektskap (vigselsattest, f\u00f8dselsattest osv.).<\/li>\n\n\n\n<li>Bevis p\u00e5 \u00f8konomiske ressurser (kontoutskrifter, brev fra arbeidsgiver).<\/li>\n\n\n\n<li>Engelsk spr\u00e5ktest (hvis aktuelt).<\/li>\n\n\n\n<li>Bevis p\u00e5 at du bor i England.<\/li>\n<\/ul>\n","protected":false},"excerpt":{"rendered":"<p>Familievisum for reiser til Storbritannia Det britiske familievisumet gj\u00f8r det mulig for en utenlandsk statsborger \u00e5 slutte seg til et familiemedlem som bor lovlig i Storbritannia. Dette visumet gjelder for ektefeller, barn, foreldre og andre n\u00e6re familiemedlemmer. Her finner du en fullstendig guide til vilk\u00e5rene, prosedyrene og hvilke typer familievisum som er tilgjengelige for \u00e5 [&hellip;]<\/p>\n","protected":false},"author":1,"featured_media":0,"parent":0,"menu_order":0,"comment_status":"closed","ping_status":"closed","template":"","meta":{"footnotes":""},"class_list":["post-2490","page","type-page","status-publish","hentry"],"yoast_head":"<!-- This site is optimized with the Yoast SEO plugin v27.4 - https:\/\/yoast.com\/product\/yoast-seo-wordpress\/ -->\n<title>Familievisum til Storbritannia - UK GB<\/title>\n<meta name=\"description\" content=\"F\u00e5 et familievisum for \u00e5 oppholde seg i England og Storbritannia s\u00e5 lenge visumet gjelder\" \/>\n<meta name=\"robots\" content=\"index, follow, max-snippet:-1, max-image-preview:large, max-video-preview:-1\" \/>\n<link rel=\"canonical\" href=\"https:\/\/uk-gb.net\/no\/storbritannia-familievisum\/\" \/>\n<meta property=\"og:locale\" content=\"nb_NO\" \/>\n<meta property=\"og:type\" content=\"article\" \/>\n<meta property=\"og:title\" content=\"Familievisum til Storbritannia - UK GB\" \/>\n<meta property=\"og:description\" content=\"F\u00e5 et familievisum for \u00e5 oppholde seg i England og Storbritannia s\u00e5 lenge visumet gjelder\" \/>\n<meta property=\"og:url\" content=\"https:\/\/uk-gb.net\/no\/storbritannia-familievisum\/\" \/>\n<meta property=\"og:site_name\" content=\"UK GB\" \/>\n<meta property=\"article:modified_time\" content=\"2026-01-15T16:20:46+00:00\" \/>\n<meta name=\"twitter:card\" content=\"summary_large_image\" \/>\n<meta name=\"twitter:label1\" content=\"Ansl. lesetid\" \/>\n\t<meta name=\"twitter:data1\" content=\"2 minutter\" \/>\n<script type=\"application\/ld+json\" class=\"yoast-schema-graph\">{\"@context\":\"https:\\\/\\\/schema.org\",\"@graph\":[{\"@type\":\"WebPage\",\"@id\":\"https:\\\/\\\/uk-gb.net\\\/no\\\/storbritannia-familievisum\\\/\",\"url\":\"https:\\\/\\\/uk-gb.net\\\/no\\\/storbritannia-familievisum\\\/\",\"name\":\"Familievisum til Storbritannia - UK GB\",\"isPartOf\":{\"@id\":\"https:\\\/\\\/uk-gb.net\\\/no\\\/#website\"},\"datePublished\":\"2023-12-07T15:10:50+00:00\",\"dateModified\":\"2026-01-15T16:20:46+00:00\",\"description\":\"F\u00e5 et familievisum for \u00e5 oppholde seg i England og Storbritannia s\u00e5 lenge visumet gjelder\",\"inLanguage\":\"nb-NO\",\"potentialAction\":[{\"@type\":\"ReadAction\",\"target\":[\"https:\\\/\\\/uk-gb.net\\\/no\\\/storbritannia-familievisum\\\/\"]}]},{\"@type\":\"WebSite\",\"@id\":\"https:\\\/\\\/uk-gb.net\\\/no\\\/#website\",\"url\":\"https:\\\/\\\/uk-gb.net\\\/no\\\/\",\"name\":\"UK GB\",\"description\":\"Travel to the UK\",\"potentialAction\":[{\"@type\":\"SearchAction\",\"target\":{\"@type\":\"EntryPoint\",\"urlTemplate\":\"https:\\\/\\\/uk-gb.net\\\/no\\\/?s={search_term_string}\"},\"query-input\":{\"@type\":\"PropertyValueSpecification\",\"valueRequired\":true,\"valueName\":\"search_term_string\"}}],\"inLanguage\":\"nb-NO\"}]}<\/script>\n<!-- \/ Yoast SEO plugin. -->","yoast_head_json":{"title":"Familievisum til Storbritannia - UK GB","description":"F\u00e5 et familievisum for \u00e5 oppholde seg i England og Storbritannia s\u00e5 lenge visumet gjelder","robots":{"index":"index","follow":"follow","max-snippet":"max-snippet:-1","max-image-preview":"max-image-preview:large","max-video-preview":"max-video-preview:-1"},"canonical":"https:\/\/uk-gb.net\/no\/storbritannia-familievisum\/","og_locale":"nb_NO","og_type":"article","og_title":"Familievisum til Storbritannia - UK GB","og_description":"F\u00e5 et familievisum for \u00e5 oppholde seg i England og Storbritannia s\u00e5 lenge visumet gjelder","og_url":"https:\/\/uk-gb.net\/no\/storbritannia-familievisum\/","og_site_name":"UK GB","article_modified_time":"2026-01-15T16:20:46+00:00","twitter_card":"summary_large_image","twitter_misc":{"Ansl. lesetid":"2 minutter"},"schema":{"@context":"https:\/\/schema.org","@graph":[{"@type":"WebPage","@id":"https:\/\/uk-gb.net\/no\/storbritannia-familievisum\/","url":"https:\/\/uk-gb.net\/no\/storbritannia-familievisum\/","name":"Familievisum til Storbritannia - UK GB","isPartOf":{"@id":"https:\/\/uk-gb.net\/no\/#website"},"datePublished":"2023-12-07T15:10:50+00:00","dateModified":"2026-01-15T16:20:46+00:00","description":"F\u00e5 et familievisum for \u00e5 oppholde seg i England og Storbritannia s\u00e5 lenge visumet gjelder","inLanguage":"nb-NO","potentialAction":[{"@type":"ReadAction","target":["https:\/\/uk-gb.net\/no\/storbritannia-familievisum\/"]}]},{"@type":"WebSite","@id":"https:\/\/uk-gb.net\/no\/#website","url":"https:\/\/uk-gb.net\/no\/","name":"UK GB","description":"Travel to the UK","potentialAction":[{"@type":"SearchAction","target":{"@type":"EntryPoint","urlTemplate":"https:\/\/uk-gb.net\/no\/?s={search_term_string}"},"query-input":{"@type":"PropertyValueSpecification","valueRequired":true,"valueName":"search_term_string"}}],"inLanguage":"nb-NO"}]}},"_links":{"self":[{"href":"https:\/\/uk-gb.net\/no\/wp-json\/wp\/v2\/pages\/2490","targetHints":{"allow":["GET"]}}],"collection":[{"href":"https:\/\/uk-gb.net\/no\/wp-json\/wp\/v2\/pages"}],"about":[{"href":"https:\/\/uk-gb.net\/no\/wp-json\/wp\/v2\/types\/page"}],"author":[{"embeddable":true,"href":"https:\/\/uk-gb.net\/no\/wp-json\/wp\/v2\/users\/1"}],"replies":[{"embeddable":true,"href":"https:\/\/uk-gb.net\/no\/wp-json\/wp\/v2\/comments?post=2490"}],"version-history":[{"count":0,"href":"https:\/\/uk-gb.net\/no\/wp-json\/wp\/v2\/pages\/2490\/revisions"}],"wp:attachment":[{"href":"https:\/\/uk-gb.net\/no\/wp-json\/wp\/v2\/media?parent=2490"}],"curies":[{"name":"wp","href":"https:\/\/api.w.org\/{rel}","templated":true}]}}