{"id":2444,"date":"2023-12-07T16:36:32","date_gmt":"2023-12-07T16:36:32","guid":{"rendered":"https:\/\/uk-gb.net\/barnevisum-england-storbritannia\/"},"modified":"2026-01-15T16:21:10","modified_gmt":"2026-01-15T16:21:10","slug":"barnevisum-england-storbritannia","status":"publish","type":"page","link":"https:\/\/uk-gb.net\/no\/barnevisum-england-storbritannia\/","title":{"rendered":"Barnevisum for reiser til England og Storbritannia"},"content":{"rendered":"\n<p>Barn m\u00e5, i likhet med voksne, ha visum for \u00e5 reise inn i England hvis de ikke er statsborgere i et land som er fritatt for visum. Kravene kan variere avhengig av barnets nasjonalitet og lengden p\u00e5 det planlagte oppholdet. <\/p>\n\n<p><strong>For korttidsopphold i Storbritannia<\/strong>: Du trenger ikke barnevisum hvis du er statsborger i et <a href=\"https:\/\/uk-gb.net\/no\/land-som-kan-soke-om-eta-uk\/\">land som er kvalifisert for ETA i Storbritannia<\/a>. Bare fyll ut det <a href=\"https:\/\/uk-gb.net\/no\/online-skjema-eta-england\/\">elektroniske eTA-skjemaet<\/a> p\u00e5 vegne av barnet ditt.<\/p>\n\n<div style=\"height:10px\" aria-hidden=\"true\" class=\"wp-block-spacer\"><\/div>\n\n<h2 class=\"wp-block-heading\">Hvilke typer britiske visum er tilgjengelige for barn?<\/h2>\n\n<h3 class=\"wp-block-heading\">Turistvisum for barn<\/h3>\n\n<p>Det <a href=\"https:\/\/uk-gb.net\/no\/turist-besoker-england-forente-kongerikerike\/\">britiske turistvisumet<\/a> er den vanligste visumtypen for barn som reiser til England p\u00e5 ferie eller for \u00e5 bes\u00f8ke venner og familie. Dette visumet tillater et opphold p\u00e5 seks m\u00e5neder.<\/p>\n\n<h3 class=\"wp-block-heading\">Studentvisum for et barn<\/h3>\n\n<p>Hvis barnet ditt planlegger \u00e5 studere i England, trenger han eller hun et <a href=\"https:\/\/uk-gb.net\/no\/studentvisum-england-forente-kongerike\/\">britisk studentvisum<\/a>. Det finnes ulike typer studentvisum, avhengig av barnets alder og lengden p\u00e5 studiel\u00f8pet.<\/p>\n\n<h3 class=\"wp-block-heading\">Familievisum for \u00e5 tillate et barn \u00e5 reise til Storbritannia<\/h3>\n\n<p>For barn som skal reise sammen med foreldre eller foresatte som bor i England, kan det v\u00e6re n\u00f8dvendig med et <a href=\"https:\/\/uk-gb.net\/no\/storbritannia-familievisum\/\">engelsk familievisum<\/a>. Denne typen visum brukes vanligvis til langtidsopphold.<\/p>\n\n<h2 class=\"wp-block-heading\">Prosedyre for visums\u00f8knad for et mindre\u00e5rig barn<\/h2>\n\n<h3 class=\"wp-block-heading\">Dokumenter som kreves for \u00e5 s\u00f8ke om visum for barn<\/h3>\n\n<p>Her er listen over dokumenter som kreves n\u00e5r du s\u00f8ker om visum for et mindre\u00e5rig barn:<\/p>\n\n<ul class=\"wp-block-list\">\n<li>Et gyldig pass for barnet.<\/li>\n\n\n\n<li>Et nylig passbilde.<\/li>\n\n\n\n<li>Det utfylte visums\u00f8knadsskjemaet.<\/li>\n\n\n\n<li>Bevis p\u00e5 tilstrekkelige \u00f8konomiske ressurser.<\/li>\n\n\n\n<li>Et invitasjonsbrev (hvis aktuelt).<\/li>\n\n\n\n<li>Bevis p\u00e5 skolegang (for studentvisum).<\/li>\n<\/ul>\n\n<div style=\"height:10px\" aria-hidden=\"true\" class=\"wp-block-spacer\"><\/div>\n\n<h3 class=\"wp-block-heading\">Fremgangsm\u00e5te for \u00e5 s\u00f8ke om visum for et barn<\/h3>\n\n<ul class=\"wp-block-list\">\n<li>Fyll ut det elektroniske visums\u00f8knadsskjemaet p\u00e5 nettstedet til britiske myndigheter.<\/li>\n\n\n\n<li><a href=\"https:\/\/uk-gb.net\/no\/visumavtale-ved-den-britiske-ambassaden\/\">Avtal en tid for \u00e5 s\u00f8ke om visum<\/a> p\u00e5 et visumsenter for \u00e5 sende inn de n\u00f8dvendige dokumentene og oppgi barnets biometriske data.<\/li>\n\n\n\n<li>Betal <a href=\"https:\/\/uk-gb.net\/no\/hvor-koster-visum-reise-storbritannia\/\">visumavgifter<\/a> i henhold til visumtype og oppholdets varighet.<\/li>\n\n\n\n<li>Vent noen uker p\u00e5 at visums\u00f8knaden blir behandlet f\u00f8r du f\u00e5r en endelig avgj\u00f8relse.<\/li>\n<\/ul>\n\n<div style=\"height:10px\" aria-hidden=\"true\" class=\"wp-block-spacer\"><\/div>\n\n<div style=\"height:10px\" aria-hidden=\"true\" class=\"wp-block-spacer\"><\/div>\n","protected":false},"excerpt":{"rendered":"<p>Barn m\u00e5, i likhet med voksne, ha visum for \u00e5 reise inn i England hvis de ikke er statsborgere i et land som er fritatt for visum. Kravene kan variere avhengig av barnets nasjonalitet og lengden p\u00e5 det planlagte oppholdet. For korttidsopphold i Storbritannia: Du trenger ikke barnevisum hvis du er statsborger i et land [&hellip;]<\/p>\n","protected":false},"author":1,"featured_media":0,"parent":0,"menu_order":0,"comment_status":"closed","ping_status":"closed","template":"","meta":{"footnotes":""},"class_list":["post-2444","page","type-page","status-publish","hentry"],"yoast_head":"<!-- This site is optimized with the Yoast SEO plugin v27.4 - https:\/\/yoast.com\/product\/yoast-seo-wordpress\/ -->\n<title>Barnevisum for reiser til England og Storbritannia - UK GB<\/title>\n<meta name=\"description\" content=\"Med et barnevisum til England kan du reise til Storbritannia i en bestemt periode.\" \/>\n<meta name=\"robots\" content=\"index, follow, max-snippet:-1, max-image-preview:large, max-video-preview:-1\" \/>\n<link rel=\"canonical\" href=\"https:\/\/uk-gb.net\/no\/barnevisum-england-storbritannia\/\" \/>\n<meta property=\"og:locale\" content=\"nb_NO\" \/>\n<meta property=\"og:type\" content=\"article\" \/>\n<meta property=\"og:title\" content=\"Barnevisum for reiser til England og Storbritannia - UK GB\" \/>\n<meta property=\"og:description\" content=\"Med et barnevisum til England kan du reise til Storbritannia i en bestemt periode.\" \/>\n<meta property=\"og:url\" content=\"https:\/\/uk-gb.net\/no\/barnevisum-england-storbritannia\/\" \/>\n<meta property=\"og:site_name\" content=\"UK GB\" \/>\n<meta property=\"article:modified_time\" content=\"2026-01-15T16:21:10+00:00\" \/>\n<meta name=\"twitter:card\" content=\"summary_large_image\" \/>\n<meta name=\"twitter:label1\" content=\"Ansl. lesetid\" \/>\n\t<meta name=\"twitter:data1\" content=\"2 minutter\" \/>\n<script type=\"application\/ld+json\" class=\"yoast-schema-graph\">{\"@context\":\"https:\\\/\\\/schema.org\",\"@graph\":[{\"@type\":\"WebPage\",\"@id\":\"https:\\\/\\\/uk-gb.net\\\/no\\\/barnevisum-england-storbritannia\\\/\",\"url\":\"https:\\\/\\\/uk-gb.net\\\/no\\\/barnevisum-england-storbritannia\\\/\",\"name\":\"Barnevisum for reiser til England og Storbritannia - UK GB\",\"isPartOf\":{\"@id\":\"https:\\\/\\\/uk-gb.net\\\/no\\\/#website\"},\"datePublished\":\"2023-12-07T16:36:32+00:00\",\"dateModified\":\"2026-01-15T16:21:10+00:00\",\"description\":\"Med et barnevisum til England kan du reise til Storbritannia i en bestemt periode.\",\"inLanguage\":\"nb-NO\",\"potentialAction\":[{\"@type\":\"ReadAction\",\"target\":[\"https:\\\/\\\/uk-gb.net\\\/no\\\/barnevisum-england-storbritannia\\\/\"]}]},{\"@type\":\"WebSite\",\"@id\":\"https:\\\/\\\/uk-gb.net\\\/no\\\/#website\",\"url\":\"https:\\\/\\\/uk-gb.net\\\/no\\\/\",\"name\":\"UK GB\",\"description\":\"Travel to the UK\",\"potentialAction\":[{\"@type\":\"SearchAction\",\"target\":{\"@type\":\"EntryPoint\",\"urlTemplate\":\"https:\\\/\\\/uk-gb.net\\\/no\\\/?s={search_term_string}\"},\"query-input\":{\"@type\":\"PropertyValueSpecification\",\"valueRequired\":true,\"valueName\":\"search_term_string\"}}],\"inLanguage\":\"nb-NO\"}]}<\/script>\n<!-- \/ Yoast SEO plugin. -->","yoast_head_json":{"title":"Barnevisum for reiser til England og Storbritannia - UK GB","description":"Med et barnevisum til England kan du reise til Storbritannia i en bestemt periode.","robots":{"index":"index","follow":"follow","max-snippet":"max-snippet:-1","max-image-preview":"max-image-preview:large","max-video-preview":"max-video-preview:-1"},"canonical":"https:\/\/uk-gb.net\/no\/barnevisum-england-storbritannia\/","og_locale":"nb_NO","og_type":"article","og_title":"Barnevisum for reiser til England og Storbritannia - UK GB","og_description":"Med et barnevisum til England kan du reise til Storbritannia i en bestemt periode.","og_url":"https:\/\/uk-gb.net\/no\/barnevisum-england-storbritannia\/","og_site_name":"UK GB","article_modified_time":"2026-01-15T16:21:10+00:00","twitter_card":"summary_large_image","twitter_misc":{"Ansl. lesetid":"2 minutter"},"schema":{"@context":"https:\/\/schema.org","@graph":[{"@type":"WebPage","@id":"https:\/\/uk-gb.net\/no\/barnevisum-england-storbritannia\/","url":"https:\/\/uk-gb.net\/no\/barnevisum-england-storbritannia\/","name":"Barnevisum for reiser til England og Storbritannia - UK GB","isPartOf":{"@id":"https:\/\/uk-gb.net\/no\/#website"},"datePublished":"2023-12-07T16:36:32+00:00","dateModified":"2026-01-15T16:21:10+00:00","description":"Med et barnevisum til England kan du reise til Storbritannia i en bestemt periode.","inLanguage":"nb-NO","potentialAction":[{"@type":"ReadAction","target":["https:\/\/uk-gb.net\/no\/barnevisum-england-storbritannia\/"]}]},{"@type":"WebSite","@id":"https:\/\/uk-gb.net\/no\/#website","url":"https:\/\/uk-gb.net\/no\/","name":"UK GB","description":"Travel to the UK","potentialAction":[{"@type":"SearchAction","target":{"@type":"EntryPoint","urlTemplate":"https:\/\/uk-gb.net\/no\/?s={search_term_string}"},"query-input":{"@type":"PropertyValueSpecification","valueRequired":true,"valueName":"search_term_string"}}],"inLanguage":"nb-NO"}]}},"_links":{"self":[{"href":"https:\/\/uk-gb.net\/no\/wp-json\/wp\/v2\/pages\/2444","targetHints":{"allow":["GET"]}}],"collection":[{"href":"https:\/\/uk-gb.net\/no\/wp-json\/wp\/v2\/pages"}],"about":[{"href":"https:\/\/uk-gb.net\/no\/wp-json\/wp\/v2\/types\/page"}],"author":[{"embeddable":true,"href":"https:\/\/uk-gb.net\/no\/wp-json\/wp\/v2\/users\/1"}],"replies":[{"embeddable":true,"href":"https:\/\/uk-gb.net\/no\/wp-json\/wp\/v2\/comments?post=2444"}],"version-history":[{"count":0,"href":"https:\/\/uk-gb.net\/no\/wp-json\/wp\/v2\/pages\/2444\/revisions"}],"wp:attachment":[{"href":"https:\/\/uk-gb.net\/no\/wp-json\/wp\/v2\/media?parent=2444"}],"curies":[{"name":"wp","href":"https:\/\/api.w.org\/{rel}","templated":true}]}}