{"id":2416,"date":"2023-12-07T14:57:24","date_gmt":"2023-12-07T14:57:24","guid":{"rendered":"https:\/\/uk-gb.net\/visum-for-virksomhet-til-england-forente-rike\/"},"modified":"2026-01-15T16:18:54","modified_gmt":"2026-01-15T16:18:54","slug":"visum-for-virksomhet-til-england-forente-rike","status":"publish","type":"page","link":"https:\/\/uk-gb.net\/no\/visum-for-virksomhet-til-england-forente-rike\/","title":{"rendered":"Britisk forretningsvisum for \u00e5 oppholde seg i Storbritannia"},"content":{"rendered":"\n<h1 class=\"wp-block-heading\">Forretningsvisum til Storbritannia<\/h1>\n\n<p>Det <strong>britiske forretningsvisumet<\/strong> (Standard Visitor Visa &#8211; Business category) gir utenlandske fagpersoner mulighet til \u00e5 oppholde seg midlertidig i Storbritannia i forbindelse med forretninger, studier eller samarbeid. Visumet gir ikke innehaveren rett til \u00e5 jobbe for et britisk selskap, men gir tillatelse til visse veldefinerte oppdrag. <\/p>\n\n<p><strong>For opphold p\u00e5 mindre enn 6 m\u00e5neder<\/strong>: Du trenger ikke \u00e5 skaffe deg et forretningsvisum; du trenger bare \u00e5 s\u00f8ke om en ETA (Electronic Travel Authorisation) ved \u00e5 fylle ut <a href=\"https:\/\/uk-gb.net\/no\/online-skjema-eta-england\/\">ETA-skjemaet p\u00e5 nettet<\/a>.<\/p>\n\n<div style=\"height:10px\" aria-hidden=\"true\" class=\"wp-block-spacer\"><\/div>\n\n<h2 class=\"wp-block-heading\">Hva er form\u00e5let med forretningsvisumet til Storbritannia?<\/h2>\n\n<p>Forretningsvisumet er beregnet p\u00e5 bes\u00f8kende som \u00f8nsker \u00e5 bes\u00f8ke Storbritannia i <strong>jobbsammenheng<\/strong>, uten \u00e5 ta l\u00f8nnet arbeid p\u00e5 stedet. Det er beregnet p\u00e5 bedriftsledere, representanter, forskere, forelesere, investorer eller medlemmer av et utenlandsk selskap med tilknytning til britiske enheter. <\/p>\n\n<p>Spesielt kan du bruke den til \u00e5 :<\/p>\n\n<ul class=\"wp-block-list\">\n<li>Delta p\u00e5 <strong>m\u00f8ter<\/strong>, <strong>konferanser<\/strong> eller <strong>messer<\/strong><\/li>\n\n\n\n<li>Signering av <strong>kommersielle kontrakter<\/strong><\/li>\n\n\n\n<li>Gjennomf\u00f8ring av <strong>revisjoner<\/strong>, <strong>inspeksjoner<\/strong> og <strong>forhandlinger<\/strong><\/li>\n\n\n\n<li>Hold et <strong>foredrag<\/strong> eller delta i et seminar<\/li>\n\n\n\n<li>Ta et <strong>kort kurs<\/strong> (ikke betalt av en britisk arbeidsgiver)<\/li>\n\n\n\n<li>Utf\u00f8re visse <strong>vitenskapelige eller akademiske oppdrag<\/strong> for anerkjente universiteter eller institutter<\/li>\n<\/ul>\n\n<div style=\"height:10px\" aria-hidden=\"true\" class=\"wp-block-spacer\"><\/div>\n\n<h2 class=\"wp-block-heading\">Hvem kan s\u00f8ke om forretningsvisum i Storbritannia?<\/h2>\n\n<p>Forretningsvisumet er \u00e5pent for alle utlendinger som ikke er kvalifisert for en <a href=\"https:\/\/uk-gb.net\/no\/eta-storbritannia-forente-kongerike\/\">elektronisk reisetillatelse (ETA<\/a> ), eller som \u00f8nsker \u00e5 sikre seg et juridisk rammeverk for spesifikke forretningsaktiviteter.<\/p>\n\n<p>Statsborgere fra EU, USA, Canada og andre visumfrie land kan i noen tilfeller reise inn uten visum for begrensede forretningsaktiviteter, men <strong>visum anbefales<\/strong> for gjentatte, langvarige eller sensitive oppdrag.<\/p>\n\n<h2 class=\"wp-block-heading\">Hvordan s\u00f8ker jeg?<\/h2>\n\n<p>De viktigste trinnene i <a href=\"https:\/\/uk-gb.net\/no\/soknadsprosedyre-visa-forente-stater\/\">visumprosedyren i Storbritannia<\/a> er som f\u00f8lger:<\/p>\n\n<ol class=\"wp-block-list\">\n<li>Bes\u00f8k det offisielle nettstedet <a href=\"https:\/\/www.gov.uk\/uk-expansion-worker-visa\">gov.uk<\/a><\/li>\n\n\n\n<li>Fyll ut det <strong>elektroniske skjemaet<\/strong><\/li>\n\n\n\n<li><a href=\"https:\/\/uk-gb.net\/no\/hvor-koster-visum-reise-storbritannia\/\">Betal visumavgifter<\/a> p\u00e5 nett<\/li>\n\n\n\n<li>Bestill <strong>time<\/strong> p\u00e5 <strong>et visums\u00f8knadssenter<\/strong> for biometrisk registrering<\/li>\n\n\n\n<li>Legg <strong>ved dokumentasjon<\/strong><\/li>\n\n\n\n<li>F\u00f8lg s\u00f8knaden din helt til den endelige avgj\u00f8relsen<\/li>\n<\/ol>\n\n<div style=\"height:10px\" aria-hidden=\"true\" class=\"wp-block-spacer\"><\/div>\n\n<h2 class=\"wp-block-heading\">Kostnader for forretningsvisum til Storbritannia<\/h2>\n\n<figure class=\"wp-block-table\"><table><tbody><tr><td><strong>Standard bes\u00f8ksvisum<\/strong><\/td><td class=\"has-text-align-center\" data-align=\"center\"><strong>Visumgebyrer<\/strong><\/td><\/tr><tr><td>Visum for et opphold p\u00e5 maksimalt 6 m\u00e5neder<\/td><td class=\"has-text-align-center\" data-align=\"center\">115 \u00a3<\/td><\/tr><tr><td>2-\u00e5rs visum<\/td><td class=\"has-text-align-center\" data-align=\"center\">400 \u00a3<\/td><\/tr><tr><td>5-\u00e5rs visum<\/td><td class=\"has-text-align-center\" data-align=\"center\">771 \u00a3<\/td><\/tr><tr><td>10-\u00e5rs visum<\/td><td class=\"has-text-align-center\" data-align=\"center\">963 \u00a3<\/td><\/tr><\/tbody><\/table><figcaption class=\"wp-element-caption\">Tabell over avgifter for forretningsvisum<\/figcaption><\/figure>\n\n<p>For mer informasjon, se siden v\u00e5r med en fullstendig liste over <a href=\"https:\/\/uk-gb.net\/no\/hvor-koster-visum-reise-storbritannia\/\">visumavgifter i Storbritannia<\/a>.<\/p>\n\n<h2 class=\"wp-block-heading\">Kan jeg jobbe i Storbritannia p\u00e5 et forretningsvisum?<\/h2>\n\n<p>Forretningsvisumet gir <strong>ikke rett til l\u00f8nnet arbeid<\/strong> i et britisk selskap. Det gir deg heller ikke rett til \u00e5 s\u00f8ke arbeid eller bosette deg permanent i Storbritannia.  <\/p>\n\n<p>Et spesifikt <strong>arbeidsvisum<\/strong> (f.eks. fagl\u00e6rt arbeidstakervisum) m\u00e5 innhentes for all regelmessig, betalt eller langvarig yrkesaktivitet.<\/p>\n\n<h2 class=\"wp-block-heading\">Hva er det poengbaserte visumsystemet PBS?<\/h2>\n\n<p>Storbritannias <a href=\"https:\/\/uk-gb.net\/no\/pbs-system-poeng-visum-england\/\">poengbaserte system<\/a> (PBS) er f\u00f8rst og fremst rettet mot <strong>fagl\u00e6rte arbeidstakere<\/strong>, <strong>internasjonale studenter<\/strong> og <strong>innovative profiler<\/strong> som kan dekke Storbritannias \u00f8konomiske behov. Det tillater ikke at folk kommer for \u00e5 ta ufagl\u00e6rte jobber eller lengre opphold uten et godkjent jobbtilbud. <\/p>\n\n<p>F\u00f8r du sender inn en s\u00f8knad, er det viktig \u00e5 :<\/p>\n\n<ul class=\"wp-block-list\">\n<li>Forutse tiden og kostnadene forbundet med \u00e5 s\u00f8ke om visum<\/li>\n\n\n\n<li>Sjekk at du har oppn\u00e5dd minimum 70 poeng<\/li>\n\n\n\n<li>R\u00e5df\u00f8r deg med en innvandringsr\u00e5dgiver hvis situasjonen din er kompleks<\/li>\n<\/ul>\n\n<div style=\"height:10px\" aria-hidden=\"true\" class=\"wp-block-spacer\"><\/div>\n\n<p><\/p>\n","protected":false},"excerpt":{"rendered":"<p>Forretningsvisum til Storbritannia Det britiske forretningsvisumet (Standard Visitor Visa &#8211; Business category) gir utenlandske fagpersoner mulighet til \u00e5 oppholde seg midlertidig i Storbritannia i forbindelse med forretninger, studier eller samarbeid. Visumet gir ikke innehaveren rett til \u00e5 jobbe for et britisk selskap, men gir tillatelse til visse veldefinerte oppdrag. For opphold p\u00e5 mindre enn 6 [&hellip;]<\/p>\n","protected":false},"author":1,"featured_media":0,"parent":0,"menu_order":0,"comment_status":"closed","ping_status":"closed","template":"","meta":{"footnotes":""},"class_list":["post-2416","page","type-page","status-publish","hentry"],"yoast_head":"<!-- This site is optimized with the Yoast SEO plugin v27.4 - https:\/\/yoast.com\/product\/yoast-seo-wordpress\/ -->\n<title>Britisk forretningsvisum for \u00e5 oppholde seg i Storbritannia - UK GB<\/title>\n<meta name=\"description\" content=\"Hva er vilk\u00e5rene for \u00e5 f\u00e5 forretningsvisum for \u00e5 reise til Storbritannia i forretnings\u00f8yemed?\" \/>\n<meta name=\"robots\" content=\"index, follow, max-snippet:-1, max-image-preview:large, max-video-preview:-1\" \/>\n<link rel=\"canonical\" href=\"https:\/\/uk-gb.net\/no\/visum-for-virksomhet-til-england-forente-rike\/\" \/>\n<meta property=\"og:locale\" content=\"nb_NO\" \/>\n<meta property=\"og:type\" content=\"article\" \/>\n<meta property=\"og:title\" content=\"Britisk forretningsvisum for \u00e5 oppholde seg i Storbritannia - UK GB\" \/>\n<meta property=\"og:description\" content=\"Hva er vilk\u00e5rene for \u00e5 f\u00e5 forretningsvisum for \u00e5 reise til Storbritannia i forretnings\u00f8yemed?\" \/>\n<meta property=\"og:url\" content=\"https:\/\/uk-gb.net\/no\/visum-for-virksomhet-til-england-forente-rike\/\" \/>\n<meta property=\"og:site_name\" content=\"UK GB\" \/>\n<meta property=\"article:modified_time\" content=\"2026-01-15T16:18:54+00:00\" \/>\n<meta name=\"twitter:card\" content=\"summary_large_image\" \/>\n<meta name=\"twitter:label1\" content=\"Ansl. lesetid\" \/>\n\t<meta name=\"twitter:data1\" content=\"2 minutter\" \/>\n<script type=\"application\/ld+json\" class=\"yoast-schema-graph\">{\"@context\":\"https:\\\/\\\/schema.org\",\"@graph\":[{\"@type\":\"WebPage\",\"@id\":\"https:\\\/\\\/uk-gb.net\\\/no\\\/visum-for-virksomhet-til-england-forente-rike\\\/\",\"url\":\"https:\\\/\\\/uk-gb.net\\\/no\\\/visum-for-virksomhet-til-england-forente-rike\\\/\",\"name\":\"Britisk forretningsvisum for \u00e5 oppholde seg i Storbritannia - UK GB\",\"isPartOf\":{\"@id\":\"https:\\\/\\\/uk-gb.net\\\/no\\\/#website\"},\"datePublished\":\"2023-12-07T14:57:24+00:00\",\"dateModified\":\"2026-01-15T16:18:54+00:00\",\"description\":\"Hva er vilk\u00e5rene for \u00e5 f\u00e5 forretningsvisum for \u00e5 reise til Storbritannia i forretnings\u00f8yemed?\",\"inLanguage\":\"nb-NO\",\"potentialAction\":[{\"@type\":\"ReadAction\",\"target\":[\"https:\\\/\\\/uk-gb.net\\\/no\\\/visum-for-virksomhet-til-england-forente-rike\\\/\"]}]},{\"@type\":\"WebSite\",\"@id\":\"https:\\\/\\\/uk-gb.net\\\/no\\\/#website\",\"url\":\"https:\\\/\\\/uk-gb.net\\\/no\\\/\",\"name\":\"UK GB\",\"description\":\"Travel to the UK\",\"potentialAction\":[{\"@type\":\"SearchAction\",\"target\":{\"@type\":\"EntryPoint\",\"urlTemplate\":\"https:\\\/\\\/uk-gb.net\\\/no\\\/?s={search_term_string}\"},\"query-input\":{\"@type\":\"PropertyValueSpecification\",\"valueRequired\":true,\"valueName\":\"search_term_string\"}}],\"inLanguage\":\"nb-NO\"}]}<\/script>\n<!-- \/ Yoast SEO plugin. -->","yoast_head_json":{"title":"Britisk forretningsvisum for \u00e5 oppholde seg i Storbritannia - UK GB","description":"Hva er vilk\u00e5rene for \u00e5 f\u00e5 forretningsvisum for \u00e5 reise til Storbritannia i forretnings\u00f8yemed?","robots":{"index":"index","follow":"follow","max-snippet":"max-snippet:-1","max-image-preview":"max-image-preview:large","max-video-preview":"max-video-preview:-1"},"canonical":"https:\/\/uk-gb.net\/no\/visum-for-virksomhet-til-england-forente-rike\/","og_locale":"nb_NO","og_type":"article","og_title":"Britisk forretningsvisum for \u00e5 oppholde seg i Storbritannia - UK GB","og_description":"Hva er vilk\u00e5rene for \u00e5 f\u00e5 forretningsvisum for \u00e5 reise til Storbritannia i forretnings\u00f8yemed?","og_url":"https:\/\/uk-gb.net\/no\/visum-for-virksomhet-til-england-forente-rike\/","og_site_name":"UK GB","article_modified_time":"2026-01-15T16:18:54+00:00","twitter_card":"summary_large_image","twitter_misc":{"Ansl. lesetid":"2 minutter"},"schema":{"@context":"https:\/\/schema.org","@graph":[{"@type":"WebPage","@id":"https:\/\/uk-gb.net\/no\/visum-for-virksomhet-til-england-forente-rike\/","url":"https:\/\/uk-gb.net\/no\/visum-for-virksomhet-til-england-forente-rike\/","name":"Britisk forretningsvisum for \u00e5 oppholde seg i Storbritannia - UK GB","isPartOf":{"@id":"https:\/\/uk-gb.net\/no\/#website"},"datePublished":"2023-12-07T14:57:24+00:00","dateModified":"2026-01-15T16:18:54+00:00","description":"Hva er vilk\u00e5rene for \u00e5 f\u00e5 forretningsvisum for \u00e5 reise til Storbritannia i forretnings\u00f8yemed?","inLanguage":"nb-NO","potentialAction":[{"@type":"ReadAction","target":["https:\/\/uk-gb.net\/no\/visum-for-virksomhet-til-england-forente-rike\/"]}]},{"@type":"WebSite","@id":"https:\/\/uk-gb.net\/no\/#website","url":"https:\/\/uk-gb.net\/no\/","name":"UK GB","description":"Travel to the UK","potentialAction":[{"@type":"SearchAction","target":{"@type":"EntryPoint","urlTemplate":"https:\/\/uk-gb.net\/no\/?s={search_term_string}"},"query-input":{"@type":"PropertyValueSpecification","valueRequired":true,"valueName":"search_term_string"}}],"inLanguage":"nb-NO"}]}},"_links":{"self":[{"href":"https:\/\/uk-gb.net\/no\/wp-json\/wp\/v2\/pages\/2416","targetHints":{"allow":["GET"]}}],"collection":[{"href":"https:\/\/uk-gb.net\/no\/wp-json\/wp\/v2\/pages"}],"about":[{"href":"https:\/\/uk-gb.net\/no\/wp-json\/wp\/v2\/types\/page"}],"author":[{"embeddable":true,"href":"https:\/\/uk-gb.net\/no\/wp-json\/wp\/v2\/users\/1"}],"replies":[{"embeddable":true,"href":"https:\/\/uk-gb.net\/no\/wp-json\/wp\/v2\/comments?post=2416"}],"version-history":[{"count":0,"href":"https:\/\/uk-gb.net\/no\/wp-json\/wp\/v2\/pages\/2416\/revisions"}],"wp:attachment":[{"href":"https:\/\/uk-gb.net\/no\/wp-json\/wp\/v2\/media?parent=2416"}],"curies":[{"name":"wp","href":"https:\/\/api.w.org\/{rel}","templated":true}]}}