{"id":2340,"date":"2023-12-07T16:48:46","date_gmt":"2023-12-07T16:48:46","guid":{"rendered":"https:\/\/uk-gb.net\/visumavtale-ved-den-britiske-ambassaden\/"},"modified":"2026-01-15T15:10:10","modified_gmt":"2026-01-15T15:10:10","slug":"visumavtale-ved-den-britiske-ambassaden","status":"publish","type":"page","link":"https:\/\/uk-gb.net\/no\/visumavtale-ved-den-britiske-ambassaden\/","title":{"rendered":"Intervju p\u00e5 den britiske ambassaden for \u00e5 s\u00f8ke om visum"},"content":{"rendered":"\n<h1 class=\"wp-block-heading\">Bes\u00f8ke den britiske ambassaden for \u00e5 s\u00f8ke om visum<\/h1>\n\n<p>Utenlandske statsborgere som \u00f8nsker \u00e5 reise til Storbritannia, men som ikke er kvalifisert for ETA, m\u00e5 skaffe seg visum. Dette inneb\u00e6rer vanligvis et konsul\u00e6rt intervju. Dette skjer p\u00e5 et <strong>godkjent visums\u00f8knadssenter<\/strong> eller direkte p\u00e5 en <a href=\"https:\/\/uk-gb.net\/no\/ambassade-england-storbritannias-norge\/\">britisk ambassade<\/a>, avhengig av hvilket land du bor i.   Du kan se <a href=\"https:\/\/www.gov.uk\/find-a-visa-application-centre\">listen over visums\u00f8knadssentre etter land<\/a> for \u00e5 bestille time p\u00e5 senteret som ligger n\u00e6rmest deg.<\/p>\n\n<p><strong>For korttidsopphold<\/strong>: Det er ikke n\u00f8dvendig \u00e5 skaffe visum, det er bare \u00e5 fylle ut <a href=\"https:\/\/uk-gb.net\/no\/online-skjema-eta-england\/\">ETA-skjemaet p\u00e5 nettet.<\/a><\/p>\n\n<div style=\"height:10px\" aria-hidden=\"true\" class=\"wp-block-spacer\"><\/div>\n\n<h2 class=\"wp-block-heading\">Hvorfor er vedlikehold n\u00f8dvendig?<\/h2>\n\n<p>Det konsul\u00e6re intervjuet er et avgj\u00f8rende trinn i visums\u00f8knadsprosessen. Det gj\u00f8r det mulig for britiske myndigheter \u00e5 : <\/p>\n\n<ul class=\"wp-block-list\">\n<li>Kontroller s\u00f8kerens identitet<\/li>\n\n\n\n<li>Vurdere om reiseplanene dine er oppriktige<\/li>\n\n\n\n<li>Sikre at s\u00f8keren overholder innreisevilk\u00e5rene og vil forlate Storbritannia n\u00e5r visumet utl\u00f8per<\/li>\n<\/ul>\n\n<p>Dette intervjuet bidrar til \u00e5 <strong>forhindre svindel<\/strong> og til \u00e5 sikre at bare personer som oppfyller kriteriene for \u00e5 f\u00e5 visum, f\u00e5r det.<\/p>\n\n<h2 class=\"wp-block-heading\">Dokumenter du skal ta med deg p\u00e5 intervjudagen<\/h2>\n\n<p>P\u00e5 dagen du har timeavtale, m\u00e5 du ta med deg f\u00f8lgende dokumenter<\/p>\n\n<ul class=\"wp-block-list\">\n<li><strong>Trykt bekreftelse p\u00e5 avtalen<\/strong> mottatt p\u00e5 e-post<\/li>\n\n\n\n<li><strong>Kvittering for betaling<\/strong> <a href=\"https:\/\/uk-gb.net\/no\/hvor-koster-visum-reise-storbritannia\/\">av visums\u00f8knadsgebyret<\/a><\/li>\n\n\n\n<li><strong>Gyldig pass<\/strong> (eller original oppholdstillatelse, hvis aktuelt)<\/li>\n\n\n\n<li>Alle <strong>n\u00f8dvendige st\u00f8ttedokumenter<\/strong>, med kopier til saksmappen<\/li>\n\n\n\n<li>Den trykte <strong>forsiden av visums\u00f8knadsskjemaet<\/strong> <\/li>\n<\/ul>\n\n<div style=\"height:10px\" aria-hidden=\"true\" class=\"wp-block-spacer\"><\/div>\n\n<p>S\u00f8rg for at alle dokumenter er <strong>originale<\/strong>, tydelige og oppdaterte. Manglende dokumenter kan forsinke eller til og med avbryte prosedyren din. <\/p>\n\n<h2 class=\"wp-block-heading\">Hvordan fungerer en avtale p\u00e5 ambassaden?<\/h2>\n\n<p>Det anbefales at du ankommer senteret <strong>minst 15 minutter f\u00f8r avtalt tid<\/strong>, slik at du rekker sikkerhetskontrollen. N\u00e5r du har kommet inn p\u00e5 senteret, f\u00f8lger du vanligvis f\u00f8lgende trinn: <\/p>\n\n<ol class=\"wp-block-list\">\n<li><strong>Kontroll av identitet og dokumenter<\/strong><\/li>\n\n\n\n<li><strong>Fingeravtrykk og biometrisk fotografering<\/strong><\/li>\n\n\n\n<li><strong>Intervju med en konsul\u00e6r tjenestemann<\/strong><\/li>\n<\/ol>\n\n<div style=\"height:10px\" aria-hidden=\"true\" class=\"wp-block-spacer\"><\/div>\n\n<p>Intervjuet foreg\u00e5r vanligvis p\u00e5 <strong>engelsk<\/strong>. I visse tilfeller kan agenten uttrykke seg p\u00e5 det lokale spr\u00e5ket hvis han behersker det. Sp\u00f8rsm\u00e5lene som stilles, er utformet for \u00e5 avklare :  <\/p>\n\n<ul class=\"wp-block-list\">\n<li><strong>\u00c5rsaken til oppholdet ditt<\/strong> i Storbritannia<\/li>\n\n\n\n<li><strong>Reiseprogrammet<\/strong>: datoer, steder, overnatting<\/li>\n\n\n\n<li><strong>\u00d8konomisk kapasitet<\/strong> til \u00e5 dekke kostnadene for oppholdet og hjemreisen<\/li>\n<\/ul>\n\n<div style=\"height:10px\" aria-hidden=\"true\" class=\"wp-block-spacer\"><\/div>\n\n<h2 class=\"wp-block-heading\">Hvor lenge varer intervjuet?<\/h2>\n\n<p>Et gjennomsnittlig intervju for et britisk visum varer i rundt <strong>30 minutter<\/strong>, men dette kan variere avhengig av sakens kompleksitet. Hvis konsulatmedarbeideren anser det som n\u00f8dvendig \u00e5 g\u00e5 n\u00e6rmere inn p\u00e5 enkelte punkter, kan intervjuet vare i <strong>opptil en time eller mer.<\/strong> <\/p>\n\n<h2 class=\"wp-block-heading\">Og etter avtalen?<\/h2>\n\n<p>N\u00e5r intervjuet er over, vil senteret oppbevare passet ditt mens s\u00f8knaden behandles. Du vil f\u00e5 beskjed via e-post eller SMS s\u00e5 snart avgj\u00f8relsen er tatt. Passet vil deretter bli returnert til deg i posten eller hentet p\u00e5 senteret, avhengig av hvilket alternativ du valgte da du bestilte time.  <\/p>\n\n<p><strong>Merk<\/strong>: I n\u00f8dstilfeller eller ved korte tidsfrister tilbyr noen sentre <strong>fremskyndede tjenester<\/strong> mot en ekstra kostnad.<\/p>\n","protected":false},"excerpt":{"rendered":"<p>Bes\u00f8ke den britiske ambassaden for \u00e5 s\u00f8ke om visum Utenlandske statsborgere som \u00f8nsker \u00e5 reise til Storbritannia, men som ikke er kvalifisert for ETA, m\u00e5 skaffe seg visum. Dette inneb\u00e6rer vanligvis et konsul\u00e6rt intervju. Dette skjer p\u00e5 et godkjent visums\u00f8knadssenter eller direkte p\u00e5 en britisk ambassade, avhengig av hvilket land du bor i. Du kan [&hellip;]<\/p>\n","protected":false},"author":1,"featured_media":0,"parent":0,"menu_order":0,"comment_status":"closed","ping_status":"closed","template":"","meta":{"footnotes":""},"class_list":["post-2340","page","type-page","status-publish","hentry"],"yoast_head":"<!-- This site is optimized with the Yoast SEO plugin v27.4 - https:\/\/yoast.com\/product\/yoast-seo-wordpress\/ -->\n<title>Intervju p\u00e5 den britiske ambassaden for \u00e5 s\u00f8ke om visum - UK GB<\/title>\n<meta name=\"description\" content=\"Hvordan bestille time hos den britiske ambassaden for \u00e5 ferdigbehandle visums\u00f8knaden din til Storbritannia\" \/>\n<meta name=\"robots\" content=\"index, follow, max-snippet:-1, max-image-preview:large, max-video-preview:-1\" \/>\n<link rel=\"canonical\" href=\"https:\/\/uk-gb.net\/no\/visumavtale-ved-den-britiske-ambassaden\/\" \/>\n<meta property=\"og:locale\" content=\"nb_NO\" \/>\n<meta property=\"og:type\" content=\"article\" \/>\n<meta property=\"og:title\" content=\"Intervju p\u00e5 den britiske ambassaden for \u00e5 s\u00f8ke om visum - UK GB\" \/>\n<meta property=\"og:description\" content=\"Hvordan bestille time hos den britiske ambassaden for \u00e5 ferdigbehandle visums\u00f8knaden din til Storbritannia\" \/>\n<meta property=\"og:url\" content=\"https:\/\/uk-gb.net\/no\/visumavtale-ved-den-britiske-ambassaden\/\" \/>\n<meta property=\"og:site_name\" content=\"UK GB\" \/>\n<meta property=\"article:modified_time\" content=\"2026-01-15T15:10:10+00:00\" \/>\n<meta name=\"twitter:card\" content=\"summary_large_image\" \/>\n<meta name=\"twitter:label1\" content=\"Ansl. lesetid\" \/>\n\t<meta name=\"twitter:data1\" content=\"2 minutter\" \/>\n<script type=\"application\/ld+json\" class=\"yoast-schema-graph\">{\"@context\":\"https:\\\/\\\/schema.org\",\"@graph\":[{\"@type\":\"WebPage\",\"@id\":\"https:\\\/\\\/uk-gb.net\\\/no\\\/visumavtale-ved-den-britiske-ambassaden\\\/\",\"url\":\"https:\\\/\\\/uk-gb.net\\\/no\\\/visumavtale-ved-den-britiske-ambassaden\\\/\",\"name\":\"Intervju p\u00e5 den britiske ambassaden for \u00e5 s\u00f8ke om visum - UK GB\",\"isPartOf\":{\"@id\":\"https:\\\/\\\/uk-gb.net\\\/no\\\/#website\"},\"datePublished\":\"2023-12-07T16:48:46+00:00\",\"dateModified\":\"2026-01-15T15:10:10+00:00\",\"description\":\"Hvordan bestille time hos den britiske ambassaden for \u00e5 ferdigbehandle visums\u00f8knaden din til Storbritannia\",\"inLanguage\":\"nb-NO\",\"potentialAction\":[{\"@type\":\"ReadAction\",\"target\":[\"https:\\\/\\\/uk-gb.net\\\/no\\\/visumavtale-ved-den-britiske-ambassaden\\\/\"]}]},{\"@type\":\"WebSite\",\"@id\":\"https:\\\/\\\/uk-gb.net\\\/no\\\/#website\",\"url\":\"https:\\\/\\\/uk-gb.net\\\/no\\\/\",\"name\":\"UK GB\",\"description\":\"Travel to the UK\",\"potentialAction\":[{\"@type\":\"SearchAction\",\"target\":{\"@type\":\"EntryPoint\",\"urlTemplate\":\"https:\\\/\\\/uk-gb.net\\\/no\\\/?s={search_term_string}\"},\"query-input\":{\"@type\":\"PropertyValueSpecification\",\"valueRequired\":true,\"valueName\":\"search_term_string\"}}],\"inLanguage\":\"nb-NO\"}]}<\/script>\n<!-- \/ Yoast SEO plugin. -->","yoast_head_json":{"title":"Intervju p\u00e5 den britiske ambassaden for \u00e5 s\u00f8ke om visum - UK GB","description":"Hvordan bestille time hos den britiske ambassaden for \u00e5 ferdigbehandle visums\u00f8knaden din til Storbritannia","robots":{"index":"index","follow":"follow","max-snippet":"max-snippet:-1","max-image-preview":"max-image-preview:large","max-video-preview":"max-video-preview:-1"},"canonical":"https:\/\/uk-gb.net\/no\/visumavtale-ved-den-britiske-ambassaden\/","og_locale":"nb_NO","og_type":"article","og_title":"Intervju p\u00e5 den britiske ambassaden for \u00e5 s\u00f8ke om visum - UK GB","og_description":"Hvordan bestille time hos den britiske ambassaden for \u00e5 ferdigbehandle visums\u00f8knaden din til Storbritannia","og_url":"https:\/\/uk-gb.net\/no\/visumavtale-ved-den-britiske-ambassaden\/","og_site_name":"UK GB","article_modified_time":"2026-01-15T15:10:10+00:00","twitter_card":"summary_large_image","twitter_misc":{"Ansl. lesetid":"2 minutter"},"schema":{"@context":"https:\/\/schema.org","@graph":[{"@type":"WebPage","@id":"https:\/\/uk-gb.net\/no\/visumavtale-ved-den-britiske-ambassaden\/","url":"https:\/\/uk-gb.net\/no\/visumavtale-ved-den-britiske-ambassaden\/","name":"Intervju p\u00e5 den britiske ambassaden for \u00e5 s\u00f8ke om visum - UK GB","isPartOf":{"@id":"https:\/\/uk-gb.net\/no\/#website"},"datePublished":"2023-12-07T16:48:46+00:00","dateModified":"2026-01-15T15:10:10+00:00","description":"Hvordan bestille time hos den britiske ambassaden for \u00e5 ferdigbehandle visums\u00f8knaden din til Storbritannia","inLanguage":"nb-NO","potentialAction":[{"@type":"ReadAction","target":["https:\/\/uk-gb.net\/no\/visumavtale-ved-den-britiske-ambassaden\/"]}]},{"@type":"WebSite","@id":"https:\/\/uk-gb.net\/no\/#website","url":"https:\/\/uk-gb.net\/no\/","name":"UK GB","description":"Travel to the UK","potentialAction":[{"@type":"SearchAction","target":{"@type":"EntryPoint","urlTemplate":"https:\/\/uk-gb.net\/no\/?s={search_term_string}"},"query-input":{"@type":"PropertyValueSpecification","valueRequired":true,"valueName":"search_term_string"}}],"inLanguage":"nb-NO"}]}},"_links":{"self":[{"href":"https:\/\/uk-gb.net\/no\/wp-json\/wp\/v2\/pages\/2340","targetHints":{"allow":["GET"]}}],"collection":[{"href":"https:\/\/uk-gb.net\/no\/wp-json\/wp\/v2\/pages"}],"about":[{"href":"https:\/\/uk-gb.net\/no\/wp-json\/wp\/v2\/types\/page"}],"author":[{"embeddable":true,"href":"https:\/\/uk-gb.net\/no\/wp-json\/wp\/v2\/users\/1"}],"replies":[{"embeddable":true,"href":"https:\/\/uk-gb.net\/no\/wp-json\/wp\/v2\/comments?post=2340"}],"version-history":[{"count":0,"href":"https:\/\/uk-gb.net\/no\/wp-json\/wp\/v2\/pages\/2340\/revisions"}],"wp:attachment":[{"href":"https:\/\/uk-gb.net\/no\/wp-json\/wp\/v2\/media?parent=2340"}],"curies":[{"name":"wp","href":"https:\/\/api.w.org\/{rel}","templated":true}]}}