{"id":2260,"date":"2023-12-07T16:41:44","date_gmt":"2023-12-07T16:41:44","guid":{"rendered":"https:\/\/uk-gb.net\/hvor-mange-coute-visa-angleterre\/"},"modified":"2026-01-15T16:13:42","modified_gmt":"2026-01-15T16:13:42","slug":"hvor-koster-visum-reise-storbritannia","status":"publish","type":"page","link":"https:\/\/uk-gb.net\/no\/hvor-koster-visum-reise-storbritannia\/","title":{"rendered":"Kostnader for \u00e5 f\u00e5 visum for \u00e5 reise til England"},"content":{"rendered":"\n<h1 class=\"wp-block-heading\">Hvor mye koster et visum for \u00e5 reise til Storbritannia?<\/h1>\n\n<p>Alle visums\u00f8knader til Storbritannia er underlagt et obligatorisk gebyr. Dette gebyret dekker de administrative kostnadene ved \u00e5 unders\u00f8ke og behandle s\u00f8knadene. Gebyret varierer avhengig av hvilken <strong>type visum<\/strong> det <strong>s\u00f8kes<\/strong> om, <strong>lengden<\/strong> p\u00e5 <strong>oppholdet<\/strong> og <strong>s\u00f8kerens bostedsland<\/strong>.  <\/p>\n\n<p><strong>For turistopphold <\/strong>: Det er ikke n\u00f8dvendig \u00e5 skaffe visum, det er bare \u00e5 fylle ut <a href=\"https:\/\/uk-gb.net\/no\/online-skjema-eta-england\/\">ETA-skjemaet p\u00e5 nettet.<\/a><\/p>\n\n<div style=\"height:10px\" aria-hidden=\"true\" class=\"wp-block-spacer\"><\/div>\n\n<p>Her er noen veiledende eksempler for <strong>2025:<\/strong><\/p>\n\n<figure class=\"wp-block-table\"><table><tbody><tr><td><strong>Bes\u00f8ksvisum<\/strong><\/td><td class=\"has-text-align-center\" data-align=\"center\"><strong>Visumgebyrer<\/strong><\/td><\/tr><tr><td><a href=\"https:\/\/uk-gb.net\/no\/turist-besoker-england-forente-kongerikerike\/\">Turistvisum<\/a> for korttidsopphold i opptil 6 m\u00e5neder<\/td><td class=\"has-text-align-center\" data-align=\"center\">\u00a3 115<\/td><\/tr><tr><td>Langtidsvisum for bes\u00f8kende (2 \u00e5r)<\/td><td class=\"has-text-align-center\" data-align=\"center\">\u00a3 400<\/td><\/tr><tr><td>Langtidsvisum for bes\u00f8kende (5 \u00e5r)<\/td><td class=\"has-text-align-center\" data-align=\"center\">\u00a3 771<\/td><\/tr><tr><td>Langtidsvisum for bes\u00f8kende (10 \u00e5r)<\/td><td class=\"has-text-align-center\" data-align=\"center\">\u00a3 963<\/td><\/tr><\/tbody><\/table><figcaption class=\"wp-element-caption\">Tabell over visumavgifter for bes\u00f8ksvisum<\/figcaption><\/figure>\n\n<figure class=\"wp-block-table\"><table><tbody><tr><td><strong>Transitvisum<\/strong><\/td><td class=\"has-text-align-center\" data-align=\"center\"><strong><strong>Visumgebyrer<\/strong><\/strong><\/td><\/tr><tr><td>Direkte transittvisum p\u00e5 flysiden (DATV) for passasjerer som oppholder seg i den internasjonale sonen<\/td><td class=\"has-text-align-center\" data-align=\"center\">\u00a3 39<\/td><\/tr><tr><td>Visum for bes\u00f8kende i transitt: for passasjerer som m\u00e5 passere gjennom grensekontrollen<\/td><td class=\"has-text-align-center\" data-align=\"center\">\u00a3 64<\/td><\/tr><\/tbody><\/table><figcaption class=\"wp-element-caption\">Disse visumene tillater et opphold p\u00e5 maksimalt 48 timer i Storbritannia.<\/figcaption><\/figure>\n\n<div style=\"height:10px\" aria-hidden=\"true\" class=\"wp-block-spacer\"><\/div>\n\n<h2 class=\"wp-block-heading\">Gebyrer for studentvisum til Storbritannia<\/h2>\n\n<p>Internasjonale studenter som \u00f8nsker \u00e5 studere i Storbritannia, m\u00e5 skaffe seg <a href=\"https:\/\/uk-gb.net\/no\/studentvisum-england-forente-kongerike\/\">studentvisum<\/a>.<\/p>\n\n<figure class=\"wp-block-table\"><table><tbody><tr><td><strong>Korttidsvisum for studenter<\/strong><\/td><td class=\"has-text-align-center\" data-align=\"center\"><strong><strong>Visumgebyrer<\/strong><\/strong><\/td><\/tr><tr><td>Gebyr for visums\u00f8knad<\/td><td class=\"has-text-align-center\" data-align=\"center\">\u00a3 524<\/td><\/tr><tr><td>Helsetillegg for innvandring per \u00e5r<\/td><td class=\"has-text-align-center\" data-align=\"center\">\u00a3 776<\/td><\/tr><\/tbody><\/table><figcaption class=\"wp-element-caption\">Betaling av IHS er obligatorisk og gir tilgang til det nasjonale helsevesenet under hele oppholdet.<\/figcaption><\/figure>\n\n<div style=\"height:10px\" aria-hidden=\"true\" class=\"wp-block-spacer\"><\/div>\n\n<h2 class=\"wp-block-heading\">Kan britiske visumgebyrer betales i lokal valuta?<\/h2>\n\n<p>Visagebyrene er fastsatt i <strong>britiske pund (\u00a3).<\/strong> Du kan imidlertid vanligvis betale i den <g id=\"gid_1\">lokale valutaen<\/g> i bostedslandet, basert p\u00e5 valutakursen som brukes av britiske myndigheter. Denne kursen oppdateres regelmessig og brukes automatisk n\u00e5r du betaler p\u00e5 nettet.  <\/p>\n","protected":false},"excerpt":{"rendered":"<p>Hvor mye koster et visum for \u00e5 reise til Storbritannia? Alle visums\u00f8knader til Storbritannia er underlagt et obligatorisk gebyr. Dette gebyret dekker de administrative kostnadene ved \u00e5 unders\u00f8ke og behandle s\u00f8knadene. Gebyret varierer avhengig av hvilken type visum det s\u00f8kes om, lengden p\u00e5 oppholdet og s\u00f8kerens bostedsland. For turistopphold : Det er ikke n\u00f8dvendig \u00e5 [&hellip;]<\/p>\n","protected":false},"author":1,"featured_media":0,"parent":0,"menu_order":0,"comment_status":"closed","ping_status":"closed","template":"","meta":{"footnotes":""},"class_list":["post-2260","page","type-page","status-publish","hentry"],"yoast_head":"<!-- This site is optimized with the Yoast SEO plugin v27.4 - https:\/\/yoast.com\/product\/yoast-seo-wordpress\/ -->\n<title>Kostnader for \u00e5 f\u00e5 visum for \u00e5 reise til England - UK GB<\/title>\n<meta name=\"description\" content=\"Hva er de administrative gebyrene for \u00e5 s\u00f8ke om visum for \u00e5 reise i Storbritannia?\" \/>\n<meta name=\"robots\" content=\"index, follow, max-snippet:-1, max-image-preview:large, max-video-preview:-1\" \/>\n<link rel=\"canonical\" href=\"https:\/\/uk-gb.net\/no\/hvor-koster-visum-reise-storbritannia\/\" \/>\n<meta property=\"og:locale\" content=\"nb_NO\" \/>\n<meta property=\"og:type\" content=\"article\" \/>\n<meta property=\"og:title\" content=\"Kostnader for \u00e5 f\u00e5 visum for \u00e5 reise til England - UK GB\" \/>\n<meta property=\"og:description\" content=\"Hva er de administrative gebyrene for \u00e5 s\u00f8ke om visum for \u00e5 reise i Storbritannia?\" \/>\n<meta property=\"og:url\" content=\"https:\/\/uk-gb.net\/no\/hvor-koster-visum-reise-storbritannia\/\" \/>\n<meta property=\"og:site_name\" content=\"UK GB\" \/>\n<meta property=\"article:modified_time\" content=\"2026-01-15T16:13:42+00:00\" \/>\n<meta name=\"twitter:card\" content=\"summary_large_image\" \/>\n<meta name=\"twitter:label1\" content=\"Ansl. lesetid\" \/>\n\t<meta name=\"twitter:data1\" content=\"1 minutt\" \/>\n<script type=\"application\/ld+json\" class=\"yoast-schema-graph\">{\"@context\":\"https:\\\/\\\/schema.org\",\"@graph\":[{\"@type\":\"WebPage\",\"@id\":\"https:\\\/\\\/uk-gb.net\\\/no\\\/hvor-koster-visum-reise-storbritannia\\\/\",\"url\":\"https:\\\/\\\/uk-gb.net\\\/no\\\/hvor-koster-visum-reise-storbritannia\\\/\",\"name\":\"Kostnader for \u00e5 f\u00e5 visum for \u00e5 reise til England - UK GB\",\"isPartOf\":{\"@id\":\"https:\\\/\\\/uk-gb.net\\\/no\\\/#website\"},\"datePublished\":\"2023-12-07T16:41:44+00:00\",\"dateModified\":\"2026-01-15T16:13:42+00:00\",\"description\":\"Hva er de administrative gebyrene for \u00e5 s\u00f8ke om visum for \u00e5 reise i Storbritannia?\",\"inLanguage\":\"nb-NO\",\"potentialAction\":[{\"@type\":\"ReadAction\",\"target\":[\"https:\\\/\\\/uk-gb.net\\\/no\\\/hvor-koster-visum-reise-storbritannia\\\/\"]}]},{\"@type\":\"WebSite\",\"@id\":\"https:\\\/\\\/uk-gb.net\\\/no\\\/#website\",\"url\":\"https:\\\/\\\/uk-gb.net\\\/no\\\/\",\"name\":\"UK GB\",\"description\":\"Travel to the UK\",\"potentialAction\":[{\"@type\":\"SearchAction\",\"target\":{\"@type\":\"EntryPoint\",\"urlTemplate\":\"https:\\\/\\\/uk-gb.net\\\/no\\\/?s={search_term_string}\"},\"query-input\":{\"@type\":\"PropertyValueSpecification\",\"valueRequired\":true,\"valueName\":\"search_term_string\"}}],\"inLanguage\":\"nb-NO\"}]}<\/script>\n<!-- \/ Yoast SEO plugin. -->","yoast_head_json":{"title":"Kostnader for \u00e5 f\u00e5 visum for \u00e5 reise til England - UK GB","description":"Hva er de administrative gebyrene for \u00e5 s\u00f8ke om visum for \u00e5 reise i Storbritannia?","robots":{"index":"index","follow":"follow","max-snippet":"max-snippet:-1","max-image-preview":"max-image-preview:large","max-video-preview":"max-video-preview:-1"},"canonical":"https:\/\/uk-gb.net\/no\/hvor-koster-visum-reise-storbritannia\/","og_locale":"nb_NO","og_type":"article","og_title":"Kostnader for \u00e5 f\u00e5 visum for \u00e5 reise til England - UK GB","og_description":"Hva er de administrative gebyrene for \u00e5 s\u00f8ke om visum for \u00e5 reise i Storbritannia?","og_url":"https:\/\/uk-gb.net\/no\/hvor-koster-visum-reise-storbritannia\/","og_site_name":"UK GB","article_modified_time":"2026-01-15T16:13:42+00:00","twitter_card":"summary_large_image","twitter_misc":{"Ansl. lesetid":"1 minutt"},"schema":{"@context":"https:\/\/schema.org","@graph":[{"@type":"WebPage","@id":"https:\/\/uk-gb.net\/no\/hvor-koster-visum-reise-storbritannia\/","url":"https:\/\/uk-gb.net\/no\/hvor-koster-visum-reise-storbritannia\/","name":"Kostnader for \u00e5 f\u00e5 visum for \u00e5 reise til England - UK GB","isPartOf":{"@id":"https:\/\/uk-gb.net\/no\/#website"},"datePublished":"2023-12-07T16:41:44+00:00","dateModified":"2026-01-15T16:13:42+00:00","description":"Hva er de administrative gebyrene for \u00e5 s\u00f8ke om visum for \u00e5 reise i Storbritannia?","inLanguage":"nb-NO","potentialAction":[{"@type":"ReadAction","target":["https:\/\/uk-gb.net\/no\/hvor-koster-visum-reise-storbritannia\/"]}]},{"@type":"WebSite","@id":"https:\/\/uk-gb.net\/no\/#website","url":"https:\/\/uk-gb.net\/no\/","name":"UK GB","description":"Travel to the UK","potentialAction":[{"@type":"SearchAction","target":{"@type":"EntryPoint","urlTemplate":"https:\/\/uk-gb.net\/no\/?s={search_term_string}"},"query-input":{"@type":"PropertyValueSpecification","valueRequired":true,"valueName":"search_term_string"}}],"inLanguage":"nb-NO"}]}},"_links":{"self":[{"href":"https:\/\/uk-gb.net\/no\/wp-json\/wp\/v2\/pages\/2260","targetHints":{"allow":["GET"]}}],"collection":[{"href":"https:\/\/uk-gb.net\/no\/wp-json\/wp\/v2\/pages"}],"about":[{"href":"https:\/\/uk-gb.net\/no\/wp-json\/wp\/v2\/types\/page"}],"author":[{"embeddable":true,"href":"https:\/\/uk-gb.net\/no\/wp-json\/wp\/v2\/users\/1"}],"replies":[{"embeddable":true,"href":"https:\/\/uk-gb.net\/no\/wp-json\/wp\/v2\/comments?post=2260"}],"version-history":[{"count":0,"href":"https:\/\/uk-gb.net\/no\/wp-json\/wp\/v2\/pages\/2260\/revisions"}],"wp:attachment":[{"href":"https:\/\/uk-gb.net\/no\/wp-json\/wp\/v2\/media?parent=2260"}],"curies":[{"name":"wp","href":"https:\/\/api.w.org\/{rel}","templated":true}]}}