{"id":2169,"date":"2023-12-07T16:45:33","date_gmt":"2023-12-07T16:45:33","guid":{"rendered":"https:\/\/uk-gb.net\/ambassade-england-storbritannias-norge\/"},"modified":"2026-01-15T14:41:23","modified_gmt":"2026-01-15T14:41:23","slug":"ambassade-england-storbritannias-norge","status":"publish","type":"page","link":"https:\/\/uk-gb.net\/no\/ambassade-england-storbritannias-norge\/","title":{"rendered":"Storbritannias ambassade i Norge"},"content":{"rendered":"\n<h1 class=\"wp-block-heading\">Hva er Storbritannias ambassade?<\/h1>\n\n<p>Storbritannias ambassader, som er til stede i de fleste land, representerer offisielt britiske interesser i utlandet. Deres hovedoppgave er \u00e5 beskytte britiske statsborgere i utlandet, samtidig som de fremmer Storbritannias diplomatiske, \u00f8konomiske og kulturelle prioriteringer. De gir ogs\u00e5 konsul\u00e6r st\u00f8tte til borgere som reiser eller bor i utlandet.  <\/p>\n\n<p>N\u00e5r det gjelder mobilitet, spiller disse representasjonene en sentral rolle i behandlingen av <a href=\"https:\/\/uk-gb.net\/no\/soknadsprosedyre-visa-forente-stater\/\">visums\u00f8knader<\/a> for personer som \u00f8nsker \u00e5 reise til Storbritannia. Fra og med 2024 trenger imidlertid statsborgere fra visse <a href=\"https:\/\/uk-gb.net\/no\/land-som-kan-soke-om-eta-uk\/\">land som er kvalifisert for Visa Waiver-programmet<\/a>, ikke lenger \u00e5 s\u00f8ke om <a href=\"https:\/\/uk-gb.net\/no\/turist-besoker-england-forente-kongerikerike\/\">turistvisum<\/a> for korte opphold. <\/p>\n\n<p><strong>Du kan f\u00e5<\/strong> en <a href=\"https:\/\/uk-gb.net\/no\/eta-storbritannia-forente-kongerike\/\">eTA til Storbritannia<\/a> p\u00e5 <strong>nettet<\/strong> for et turistopphold p\u00e5 mindre enn 6 m\u00e5neder.<\/p>\n\n<div style=\"height:10px\" aria-hidden=\"true\" class=\"wp-block-spacer\"><\/div>\n\n<h2 class=\"wp-block-heading\">Hvor er den britiske ambassaden?<\/h2>\n\n<p>For \u00e5 finne din n\u00e6rmeste britiske ambassade eller konsulat, kan du g\u00e5 til <a href=\"https:\/\/www.gov.uk\/world\/embassies\">denne siden<\/a>, som inneholder en liste over alle Storbritannias diplomatiske representasjoner rundt om i verden.<\/p>\n\n<p><strong>Storbritannias ambassade i Norge ligger i Thomas Heftyes g. 8, 0244 Oslo. <\/strong><\/p>\n\n<h2 class=\"wp-block-heading\">Hvordan bestiller jeg time p\u00e5 en britisk ambassade?<\/h2>\n\n<p>N\u00e5r du s\u00f8ker om visum til Storbritannia, m\u00e5 du vanligvis m\u00f8te opp til et konsul\u00e6rt intervju. For \u00e5 bestille time til dette <a href=\"https:\/\/uk-gb.net\/no\/visumavtale-ved-den-britiske-ambassaden\/\">intervjuet m\u00e5 s\u00f8keren g\u00e5 inn p\u00e5 den offisielle nettsiden til britiske myndigheter (gov.uk) og velge en intervjudato ved den aktuelle ambassaden<\/a> eller visums\u00f8knadssenteret. <\/p>\n\n<p>N\u00e5r avtalen er bekreftet, kan du laste ned en offisiell invitasjon. Dette dokumentet m\u00e5 skrives ut og legges ved sammen med alle bilagene som kreves for intervjuet. <\/p>\n","protected":false},"excerpt":{"rendered":"<p>Hva er Storbritannias ambassade? Storbritannias ambassader, som er til stede i de fleste land, representerer offisielt britiske interesser i utlandet. Deres hovedoppgave er \u00e5 beskytte britiske statsborgere i utlandet, samtidig som de fremmer Storbritannias diplomatiske, \u00f8konomiske og kulturelle prioriteringer. De gir ogs\u00e5 konsul\u00e6r st\u00f8tte til borgere som reiser eller bor i utlandet. N\u00e5r det gjelder [&hellip;]<\/p>\n","protected":false},"author":1,"featured_media":0,"parent":0,"menu_order":0,"comment_status":"closed","ping_status":"closed","template":"","meta":{"footnotes":""},"class_list":["post-2169","page","type-page","status-publish","hentry"],"yoast_head":"<!-- This site is optimized with the Yoast SEO plugin v27.4 - https:\/\/yoast.com\/product\/yoast-seo-wordpress\/ -->\n<title>Storbritannias ambassade i Norge - UK GB<\/title>\n<meta name=\"description\" content=\"Kontakt den britiske ambassaden eller det britiske konsulatet i landet der du bor.\" \/>\n<meta name=\"robots\" content=\"index, follow, max-snippet:-1, max-image-preview:large, max-video-preview:-1\" \/>\n<link rel=\"canonical\" href=\"https:\/\/uk-gb.net\/no\/ambassade-england-storbritannias-norge\/\" \/>\n<meta property=\"og:locale\" content=\"nb_NO\" \/>\n<meta property=\"og:type\" content=\"article\" \/>\n<meta property=\"og:title\" content=\"Storbritannias ambassade i Norge - UK GB\" \/>\n<meta property=\"og:description\" content=\"Kontakt den britiske ambassaden eller det britiske konsulatet i landet der du bor.\" \/>\n<meta property=\"og:url\" content=\"https:\/\/uk-gb.net\/no\/ambassade-england-storbritannias-norge\/\" \/>\n<meta property=\"og:site_name\" content=\"UK GB\" \/>\n<meta property=\"article:modified_time\" content=\"2026-01-15T14:41:23+00:00\" \/>\n<meta name=\"twitter:card\" content=\"summary_large_image\" \/>\n<meta name=\"twitter:label1\" content=\"Ansl. lesetid\" \/>\n\t<meta name=\"twitter:data1\" content=\"1 minutt\" \/>\n<script type=\"application\/ld+json\" class=\"yoast-schema-graph\">{\"@context\":\"https:\\\/\\\/schema.org\",\"@graph\":[{\"@type\":\"WebPage\",\"@id\":\"https:\\\/\\\/uk-gb.net\\\/no\\\/ambassade-england-storbritannias-norge\\\/\",\"url\":\"https:\\\/\\\/uk-gb.net\\\/no\\\/ambassade-england-storbritannias-norge\\\/\",\"name\":\"Storbritannias ambassade i Norge - UK GB\",\"isPartOf\":{\"@id\":\"https:\\\/\\\/uk-gb.net\\\/no\\\/#website\"},\"datePublished\":\"2023-12-07T16:45:33+00:00\",\"dateModified\":\"2026-01-15T14:41:23+00:00\",\"description\":\"Kontakt den britiske ambassaden eller det britiske konsulatet i landet der du bor.\",\"inLanguage\":\"nb-NO\",\"potentialAction\":[{\"@type\":\"ReadAction\",\"target\":[\"https:\\\/\\\/uk-gb.net\\\/no\\\/ambassade-england-storbritannias-norge\\\/\"]}]},{\"@type\":\"WebSite\",\"@id\":\"https:\\\/\\\/uk-gb.net\\\/no\\\/#website\",\"url\":\"https:\\\/\\\/uk-gb.net\\\/no\\\/\",\"name\":\"UK GB\",\"description\":\"Travel to the UK\",\"potentialAction\":[{\"@type\":\"SearchAction\",\"target\":{\"@type\":\"EntryPoint\",\"urlTemplate\":\"https:\\\/\\\/uk-gb.net\\\/no\\\/?s={search_term_string}\"},\"query-input\":{\"@type\":\"PropertyValueSpecification\",\"valueRequired\":true,\"valueName\":\"search_term_string\"}}],\"inLanguage\":\"nb-NO\"}]}<\/script>\n<!-- \/ Yoast SEO plugin. -->","yoast_head_json":{"title":"Storbritannias ambassade i Norge - UK GB","description":"Kontakt den britiske ambassaden eller det britiske konsulatet i landet der du bor.","robots":{"index":"index","follow":"follow","max-snippet":"max-snippet:-1","max-image-preview":"max-image-preview:large","max-video-preview":"max-video-preview:-1"},"canonical":"https:\/\/uk-gb.net\/no\/ambassade-england-storbritannias-norge\/","og_locale":"nb_NO","og_type":"article","og_title":"Storbritannias ambassade i Norge - UK GB","og_description":"Kontakt den britiske ambassaden eller det britiske konsulatet i landet der du bor.","og_url":"https:\/\/uk-gb.net\/no\/ambassade-england-storbritannias-norge\/","og_site_name":"UK GB","article_modified_time":"2026-01-15T14:41:23+00:00","twitter_card":"summary_large_image","twitter_misc":{"Ansl. lesetid":"1 minutt"},"schema":{"@context":"https:\/\/schema.org","@graph":[{"@type":"WebPage","@id":"https:\/\/uk-gb.net\/no\/ambassade-england-storbritannias-norge\/","url":"https:\/\/uk-gb.net\/no\/ambassade-england-storbritannias-norge\/","name":"Storbritannias ambassade i Norge - UK GB","isPartOf":{"@id":"https:\/\/uk-gb.net\/no\/#website"},"datePublished":"2023-12-07T16:45:33+00:00","dateModified":"2026-01-15T14:41:23+00:00","description":"Kontakt den britiske ambassaden eller det britiske konsulatet i landet der du bor.","inLanguage":"nb-NO","potentialAction":[{"@type":"ReadAction","target":["https:\/\/uk-gb.net\/no\/ambassade-england-storbritannias-norge\/"]}]},{"@type":"WebSite","@id":"https:\/\/uk-gb.net\/no\/#website","url":"https:\/\/uk-gb.net\/no\/","name":"UK GB","description":"Travel to the UK","potentialAction":[{"@type":"SearchAction","target":{"@type":"EntryPoint","urlTemplate":"https:\/\/uk-gb.net\/no\/?s={search_term_string}"},"query-input":{"@type":"PropertyValueSpecification","valueRequired":true,"valueName":"search_term_string"}}],"inLanguage":"nb-NO"}]}},"_links":{"self":[{"href":"https:\/\/uk-gb.net\/no\/wp-json\/wp\/v2\/pages\/2169","targetHints":{"allow":["GET"]}}],"collection":[{"href":"https:\/\/uk-gb.net\/no\/wp-json\/wp\/v2\/pages"}],"about":[{"href":"https:\/\/uk-gb.net\/no\/wp-json\/wp\/v2\/types\/page"}],"author":[{"embeddable":true,"href":"https:\/\/uk-gb.net\/no\/wp-json\/wp\/v2\/users\/1"}],"replies":[{"embeddable":true,"href":"https:\/\/uk-gb.net\/no\/wp-json\/wp\/v2\/comments?post=2169"}],"version-history":[{"count":0,"href":"https:\/\/uk-gb.net\/no\/wp-json\/wp\/v2\/pages\/2169\/revisions"}],"wp:attachment":[{"href":"https:\/\/uk-gb.net\/no\/wp-json\/wp\/v2\/media?parent=2169"}],"curies":[{"name":"wp","href":"https:\/\/api.w.org\/{rel}","templated":true}]}}