{"id":2125,"date":"2023-12-07T14:55:09","date_gmt":"2023-12-07T14:55:09","guid":{"rendered":"https:\/\/uk-gb.net\/forskjellige-britiske-visum\/"},"modified":"2026-01-15T15:10:09","modified_gmt":"2026-01-15T15:10:09","slug":"forskjellige-britiske-visum","status":"publish","type":"page","link":"https:\/\/uk-gb.net\/no\/forskjellige-britiske-visum\/","title":{"rendered":"De ulike visumene for \u00e5 reise til Storbritannia"},"content":{"rendered":"\n<h1 class=\"wp-block-heading\">De viktigste visumene for Storbritannia<\/h1>\n\n<p>Storbritannia tilbyr flere typer visum, tilpasset de ulike profilene til de reisende: turister p\u00e5 gjennomreise, studenter, yrkesaktive eller familiemedlemmer som kommer p\u00e5 bes\u00f8k til en kj\u00e6r. Hvert visum oppfyller spesifikke vilk\u00e5r og tillater opphold av varierende lengde i Storbritannia. <\/p>\n\n<p>Her er en oversikt over de <strong>viktigste visumene som utstedes av Storbritannia<\/strong>:<\/p>\n\n<ul class=\"wp-block-list\">\n<li><strong>Transittvisum<\/strong>: for reisende som mellomlander eller bytter flyplass.<\/li>\n\n\n\n<li><strong>Familievisum<\/strong>: for \u00e5 bli med en ektefelle, et barn eller en forelder som bor i Storbritannia.<\/li>\n\n\n\n<li><strong>Studentvisum<\/strong>: for h\u00f8yere utdanning ved en britisk institusjon.<\/li>\n\n\n\n<li><strong>Forretningsvisum<\/strong>: for \u00e5 delta p\u00e5 m\u00f8ter, konferanser eller profesjonelle arrangementer.<\/li>\n<\/ul>\n\n<div style=\"height:10px\" aria-hidden=\"true\" class=\"wp-block-spacer\"><\/div>\n\n<p>Siden 2024 har Storbritannia innf\u00f8rt en elektronisk reisetillatelse (ETA) for statsborgere fra visse visumfrie land.<\/p>\n\n<p><strong>For \u00e5 be om ETA p\u00e5 nett<\/strong> fyller du bare ut <a href=\"https:\/\/uk-gb.net\/no\/online-skjema-eta-england\/\">ETA-skjemaet p\u00e5 nett<\/a>.<\/p>\n\n<div style=\"height:10px\" aria-hidden=\"true\" class=\"wp-block-spacer\"><\/div>\n\n<h2 class=\"wp-block-heading\">Trenger jeg visum for \u00e5 reise gjennom Storbritannia?<\/h2>\n\n<p>Et <a href=\"https:\/\/uk-gb.net\/no\/transitvisumstopp-storbritannia\/\">transittvisum<\/a> er p\u00e5krevd for reisende som m\u00e5 passere grensekontrollen n\u00e5r de bytter terminal eller flyplass. Det gir deg ogs\u00e5 mulighet til \u00e5 gj\u00f8re en <strong>lengre mellomlanding<\/strong> og midlertidig forlate flyplassen f\u00f8r du fortsetter flyreisen til en annen destinasjon.<\/p>\n\n<h2 class=\"wp-block-heading\">Studerer i Storbritannia: Hvilket visum b\u00f8r jeg f\u00e5?<\/h2>\n\n<p>Hvis du planlegger \u00e5 f\u00f8lge et langvarig studieprogram i Storbritannia, m\u00e5 du s\u00f8ke om <a href=\"https:\/\/uk-gb.net\/no\/studentvisum-england-forente-kongerike\/\">studentvisum<\/a>. For \u00e5 f\u00e5 det, m\u00e5 du vanligvis :<\/p>\n\n<ul class=\"wp-block-list\">\n<li>Send inn et <strong>sponsorbrev (CAS)<\/strong> utstedt av universitetet eller skolen.<\/li>\n\n\n\n<li>Bevis p\u00e5 <strong>tilstrekkelig engelskniv\u00e5<\/strong> (anerkjent test kreves).<\/li>\n\n\n\n<li><strong>Bevis p\u00e5 at du har \u00f8konomiske ressurser<\/strong> til \u00e5 dekke skolepenger og levekostnader.<\/li>\n<\/ul>\n\n<div style=\"height:10px\" aria-hidden=\"true\" class=\"wp-block-spacer\"><\/div>\n\n<h2 class=\"wp-block-heading\">Bli med et familiemedlem: familievisum<\/h2>\n\n<p>Det <a href=\"https:\/\/uk-gb.net\/no\/storbritannia-familievisum\/\">britiske familievisumet<\/a> gir deg mulighet til \u00e5 oppholde deg i Storbritannia i mer enn seks m\u00e5neder sammen med en n\u00e6r slektning: ektefelle, barn, foreldre eller andre familiemedlemmer. Denne typen visum er underlagt kriterier for familieb\u00e5nd, inntekt og noen ganger ogs\u00e5 bolig. Det finnes ogs\u00e5 et <a href=\"https:\/\/uk-gb.net\/no\/barnevisum-england-storbritannia\/\">barnevisum for Storbritannia<\/a>.  <\/p>\n\n<h2 class=\"wp-block-heading\">Forretningsreiser: N\u00e5r b\u00f8r du s\u00f8ke om forretningsvisum?<\/h2>\n\n<p><a href=\"https:\/\/uk-gb.net\/no\/visum-for-virksomhet-til-england-forente-rike\/\">Forretningsvisumet<\/a> er beregnet p\u00e5 utenlandske fagpersoner som reiser til Storbritannia for \u00e5 utf\u00f8re <strong>sporadiske aktiviteter som ikke l\u00f8nnes lokalt<\/strong>, for eksempel :<\/p>\n\n<ul class=\"wp-block-list\">\n<li>Deltakelse i et m\u00f8te eller en konferanse<\/li>\n\n\n\n<li>Forhandlinger om en kontrakt<\/li>\n\n\n\n<li>Gjennomf\u00f8re forskning eller presentere et akademisk prosjekt<\/li>\n<\/ul>\n\n<div style=\"height:10px\" aria-hidden=\"true\" class=\"wp-block-spacer\"><\/div>\n\n<p>Dette visumet <strong>gir deg ikke rett til \u00e5 jobbe for et britisk selskap<\/strong> eller til \u00e5 bosette <strong>deg<\/strong> permanent i Storbritannia.<\/p>\n","protected":false},"excerpt":{"rendered":"<p>De viktigste visumene for Storbritannia Storbritannia tilbyr flere typer visum, tilpasset de ulike profilene til de reisende: turister p\u00e5 gjennomreise, studenter, yrkesaktive eller familiemedlemmer som kommer p\u00e5 bes\u00f8k til en kj\u00e6r. Hvert visum oppfyller spesifikke vilk\u00e5r og tillater opphold av varierende lengde i Storbritannia. Her er en oversikt over de viktigste visumene som utstedes av [&hellip;]<\/p>\n","protected":false},"author":1,"featured_media":0,"parent":0,"menu_order":0,"comment_status":"closed","ping_status":"closed","template":"","meta":{"footnotes":""},"class_list":["post-2125","page","type-page","status-publish","hentry"],"yoast_head":"<!-- This site is optimized with the Yoast SEO plugin v27.4 - https:\/\/yoast.com\/product\/yoast-seo-wordpress\/ -->\n<title>De ulike visumene for \u00e5 reise til Storbritannia - UK GB<\/title>\n<meta name=\"description\" content=\"Hvilke visum er tilgjengelige for utenlandske reisende som \u00f8nsker \u00e5 bes\u00f8ke Storbritannia?\" \/>\n<meta name=\"robots\" content=\"index, follow, max-snippet:-1, max-image-preview:large, max-video-preview:-1\" \/>\n<link rel=\"canonical\" href=\"https:\/\/uk-gb.net\/no\/forskjellige-britiske-visum\/\" \/>\n<meta property=\"og:locale\" content=\"nb_NO\" \/>\n<meta property=\"og:type\" content=\"article\" \/>\n<meta property=\"og:title\" content=\"De ulike visumene for \u00e5 reise til Storbritannia - UK GB\" \/>\n<meta property=\"og:description\" content=\"Hvilke visum er tilgjengelige for utenlandske reisende som \u00f8nsker \u00e5 bes\u00f8ke Storbritannia?\" \/>\n<meta property=\"og:url\" content=\"https:\/\/uk-gb.net\/no\/forskjellige-britiske-visum\/\" \/>\n<meta property=\"og:site_name\" content=\"UK GB\" \/>\n<meta property=\"article:modified_time\" content=\"2026-01-15T15:10:09+00:00\" \/>\n<meta name=\"twitter:card\" content=\"summary_large_image\" \/>\n<meta name=\"twitter:label1\" content=\"Ansl. lesetid\" \/>\n\t<meta name=\"twitter:data1\" content=\"2 minutter\" \/>\n<script type=\"application\/ld+json\" class=\"yoast-schema-graph\">{\"@context\":\"https:\\\/\\\/schema.org\",\"@graph\":[{\"@type\":\"WebPage\",\"@id\":\"https:\\\/\\\/uk-gb.net\\\/no\\\/forskjellige-britiske-visum\\\/\",\"url\":\"https:\\\/\\\/uk-gb.net\\\/no\\\/forskjellige-britiske-visum\\\/\",\"name\":\"De ulike visumene for \u00e5 reise til Storbritannia - UK GB\",\"isPartOf\":{\"@id\":\"https:\\\/\\\/uk-gb.net\\\/no\\\/#website\"},\"datePublished\":\"2023-12-07T14:55:09+00:00\",\"dateModified\":\"2026-01-15T15:10:09+00:00\",\"description\":\"Hvilke visum er tilgjengelige for utenlandske reisende som \u00f8nsker \u00e5 bes\u00f8ke Storbritannia?\",\"inLanguage\":\"nb-NO\",\"potentialAction\":[{\"@type\":\"ReadAction\",\"target\":[\"https:\\\/\\\/uk-gb.net\\\/no\\\/forskjellige-britiske-visum\\\/\"]}]},{\"@type\":\"WebSite\",\"@id\":\"https:\\\/\\\/uk-gb.net\\\/no\\\/#website\",\"url\":\"https:\\\/\\\/uk-gb.net\\\/no\\\/\",\"name\":\"UK GB\",\"description\":\"Travel to the UK\",\"potentialAction\":[{\"@type\":\"SearchAction\",\"target\":{\"@type\":\"EntryPoint\",\"urlTemplate\":\"https:\\\/\\\/uk-gb.net\\\/no\\\/?s={search_term_string}\"},\"query-input\":{\"@type\":\"PropertyValueSpecification\",\"valueRequired\":true,\"valueName\":\"search_term_string\"}}],\"inLanguage\":\"nb-NO\"}]}<\/script>\n<!-- \/ Yoast SEO plugin. -->","yoast_head_json":{"title":"De ulike visumene for \u00e5 reise til Storbritannia - UK GB","description":"Hvilke visum er tilgjengelige for utenlandske reisende som \u00f8nsker \u00e5 bes\u00f8ke Storbritannia?","robots":{"index":"index","follow":"follow","max-snippet":"max-snippet:-1","max-image-preview":"max-image-preview:large","max-video-preview":"max-video-preview:-1"},"canonical":"https:\/\/uk-gb.net\/no\/forskjellige-britiske-visum\/","og_locale":"nb_NO","og_type":"article","og_title":"De ulike visumene for \u00e5 reise til Storbritannia - UK GB","og_description":"Hvilke visum er tilgjengelige for utenlandske reisende som \u00f8nsker \u00e5 bes\u00f8ke Storbritannia?","og_url":"https:\/\/uk-gb.net\/no\/forskjellige-britiske-visum\/","og_site_name":"UK GB","article_modified_time":"2026-01-15T15:10:09+00:00","twitter_card":"summary_large_image","twitter_misc":{"Ansl. lesetid":"2 minutter"},"schema":{"@context":"https:\/\/schema.org","@graph":[{"@type":"WebPage","@id":"https:\/\/uk-gb.net\/no\/forskjellige-britiske-visum\/","url":"https:\/\/uk-gb.net\/no\/forskjellige-britiske-visum\/","name":"De ulike visumene for \u00e5 reise til Storbritannia - UK GB","isPartOf":{"@id":"https:\/\/uk-gb.net\/no\/#website"},"datePublished":"2023-12-07T14:55:09+00:00","dateModified":"2026-01-15T15:10:09+00:00","description":"Hvilke visum er tilgjengelige for utenlandske reisende som \u00f8nsker \u00e5 bes\u00f8ke Storbritannia?","inLanguage":"nb-NO","potentialAction":[{"@type":"ReadAction","target":["https:\/\/uk-gb.net\/no\/forskjellige-britiske-visum\/"]}]},{"@type":"WebSite","@id":"https:\/\/uk-gb.net\/no\/#website","url":"https:\/\/uk-gb.net\/no\/","name":"UK GB","description":"Travel to the UK","potentialAction":[{"@type":"SearchAction","target":{"@type":"EntryPoint","urlTemplate":"https:\/\/uk-gb.net\/no\/?s={search_term_string}"},"query-input":{"@type":"PropertyValueSpecification","valueRequired":true,"valueName":"search_term_string"}}],"inLanguage":"nb-NO"}]}},"_links":{"self":[{"href":"https:\/\/uk-gb.net\/no\/wp-json\/wp\/v2\/pages\/2125","targetHints":{"allow":["GET"]}}],"collection":[{"href":"https:\/\/uk-gb.net\/no\/wp-json\/wp\/v2\/pages"}],"about":[{"href":"https:\/\/uk-gb.net\/no\/wp-json\/wp\/v2\/types\/page"}],"author":[{"embeddable":true,"href":"https:\/\/uk-gb.net\/no\/wp-json\/wp\/v2\/users\/1"}],"replies":[{"embeddable":true,"href":"https:\/\/uk-gb.net\/no\/wp-json\/wp\/v2\/comments?post=2125"}],"version-history":[{"count":0,"href":"https:\/\/uk-gb.net\/no\/wp-json\/wp\/v2\/pages\/2125\/revisions"}],"wp:attachment":[{"href":"https:\/\/uk-gb.net\/no\/wp-json\/wp\/v2\/media?parent=2125"}],"curies":[{"name":"wp","href":"https:\/\/api.w.org\/{rel}","templated":true}]}}