{"id":2103,"date":"2023-12-07T15:07:43","date_gmt":"2023-12-07T15:07:43","guid":{"rendered":"https:\/\/uk-gb.net\/studentvisum-england-forente-kongerike\/"},"modified":"2026-01-15T16:19:55","modified_gmt":"2026-01-15T16:19:55","slug":"studentvisum-england-forente-kongerike","status":"publish","type":"page","link":"https:\/\/uk-gb.net\/no\/studentvisum-england-forente-kongerike\/","title":{"rendered":"Studentvisum til Storbritannia"},"content":{"rendered":"\n<h1 class=\"wp-block-heading\">Visum for \u00e5 studere i Storbritannia<\/h1>\n\n<p>Det <strong>britiske studentvisumet<\/strong>, offisielt kjent som <strong>studentvisum<\/strong>, er obligatorisk for alle internasjonale studenter som \u00f8nsker \u00e5 studere i Storbritannia i mer enn 6 m\u00e5neder. \u00c5 studere i England, Skottland, Wales eller Nord-Irland gir deg muligheten til \u00e5 studere ved verdenskjente universiteter som Oxford, Cambridge, Edinburgh eller UCL. <\/p>\n\n<p><strong>For et skoleopphold p\u00e5 mindre enn 6 m\u00e5neder<\/strong>: Du trenger ikke \u00e5 skaffe deg et britisk studentvisum; du trenger bare \u00e5 s\u00f8ke om reisetillatelse ved \u00e5 fylle ut <a href=\"https:\/\/uk-gb.net\/no\/online-skjema-eta-england\/\">ETA-skjemaet p\u00e5 nettet<\/a>.<\/p>\n\n<div style=\"height:10px\" aria-hidden=\"true\" class=\"wp-block-spacer\"><\/div>\n\n<h2 class=\"wp-block-heading\">Hvem trenger studentvisum til Storbritannia?<\/h2>\n\n<p>Du m\u00e5 s\u00f8ke om studentvisum hvis du :<\/p>\n\n<ul class=\"wp-block-list\">\n<li>Er 16 \u00e5r eller eldre<\/li>\n\n\n\n<li>Har blitt tatt opp ved en godkjent utdanningsinstitusjon i Storbritannia<\/li>\n\n\n\n<li>\u00d8nsker \u00e5 f\u00f8lge et <strong>studieprogram som varer mer enn 6 m\u00e5neder<\/strong><\/li>\n\n\n\n<li><strong>Ikke er britisk eller irsk statsborger<\/strong><\/li>\n\n\n\n<li>Ikke er kvalifisert for en <a href=\"https:\/\/uk-gb.net\/no\/eta-storbritannia-forente-kongerike\/\">ETA i Storbritannia<\/a><\/li>\n<\/ul>\n\n<blockquote class=\"wp-block-quote is-layout-flow wp-block-quote-is-layout-flow\">\n<p>EU-borgere m\u00e5 ogs\u00e5 s\u00f8ke om studentvisum etter Storbritannias utmelding av EU.<\/p>\n<\/blockquote>\n\n<h2 class=\"wp-block-heading\">Vilk\u00e5r for \u00e5 f\u00e5 britisk studentvisum<\/h2>\n\n<p>For at s\u00f8knaden din skal bli godkjent, m\u00e5 du :<\/p>\n\n<p>\u2705 Motta en <strong>bekreftelse p\u00e5 at du er tatt opp til studier (Confirmation of Acceptance for Studies, CAS<\/strong>), utstedt av universitetet eller institusjonen<br\/>\u2705 Bevis at du har et <strong>tilstrekkelig engelskniv\u00e5<\/strong> (vanligvis niv\u00e5 B2 for h\u00f8yere utdanning)<br\/>\u2705 Bevis at du har tilstrekkelige <strong>\u00f8konomiske ressurser<\/strong> til \u00e5 dekke kostnadene for skolepenger, innkvartering og levekostnader p\u00e5 studiestedet<br\/>\u2705 Betal <strong>Immigration Health Surcharge<\/strong> for \u00e5 dra nytte av NHS under studiene dine<\/p>\n\n<div style=\"height:10px\" aria-hidden=\"true\" class=\"wp-block-spacer\"><\/div>\n\n<h2 class=\"wp-block-heading\">Gyldighetsperiode for studentvisumet<\/h2>\n\n<p>Visumets varighet avhenger av lengden p\u00e5 skoleprogrammet:<\/p>\n\n<ul class=\"wp-block-list\">\n<li><strong>For kurs p\u00e5 6 til 11 m\u00e5neder<\/strong>: visum av tilsvarende varighet<\/li>\n\n\n\n<li><strong>Bachelor, master eller ph.d.<\/strong>: programmets varighet + 1 til 2 ekstra m\u00e5neder<\/li>\n\n\n\n<li>Mulighet for \u00e5 forlenge eller fornye visumet ved videre studier eller endring av etableringssted<\/li>\n<\/ul>\n\n<p>Nyutdannede kan deretter s\u00f8ke om et <strong>Graduate Visa<\/strong>, som gir dem mulighet til \u00e5 bli i opptil to \u00e5r etter at de har fullf\u00f8rt studiene (tre \u00e5r for en doktorgrad).<\/p>\n\n<h2 class=\"wp-block-heading\">Hvor mye koster et studentvisum til Storbritannia?<\/h2>\n\n<figure class=\"wp-block-table\"><table><tbody><tr><td>Studentvisum (standard)<\/td><td>490 \u00a3<\/td><\/tr><tr><td>Tilleggsavgift for innvandrerhelse (IHS)<\/td><td>776 GBP per \u00e5r (eller 388 GBP for 6 m\u00e5neder)<\/td><\/tr><\/tbody><\/table><\/figure>\n\n<p><a href=\"https:\/\/uk-gb.net\/no\/hvor-koster-visum-reise-storbritannia\/\">Visumavgiften<\/a> betales online p\u00e5 s\u00f8knadstidspunktet. Dette gebyret <strong>refunderes ikke<\/strong>, selv ikke ved avslag. <\/p>\n\n<h2 class=\"wp-block-heading\">Slik s\u00f8ker du om studentvisum<\/h2>\n\n<ol class=\"wp-block-list\">\n<li><strong>Motta en CAS<\/strong> fra den valgte virksomheten<\/li>\n\n\n\n<li>Opprett en <strong>konto p\u00e5 gov.uk<\/strong> og fyll ut s\u00f8knadsskjemaet<\/li>\n\n\n\n<li><strong>Betal visumavgift + IHS<\/strong><\/li>\n\n\n\n<li><strong>Bestill time<\/strong> p\u00e5 <strong>et visums\u00f8knadssenter<\/strong> for biometriske data<\/li>\n\n\n\n<li><strong>Innlevering<\/strong> av st\u00f8ttedokumenter<\/li>\n\n\n\n<li>Venter p\u00e5 avgj\u00f8relsen<\/li>\n<\/ol>\n\n<blockquote class=\"wp-block-quote is-layout-flow wp-block-quote-is-layout-flow\">\n<p>N\u00e5r visumet ditt er godkjent, kan du <strong>jobbe opptil 20 timer i uken<\/strong> i kursperiodene, og fulltid i feriene.<\/p>\n<\/blockquote>\n\n<h2 class=\"wp-block-heading\">Kan jeg studere i Storbritannia med ETA og uten visum?<\/h2>\n\n<p>Ja, <strong>i noen tilfeller<\/strong> kan et skolebes\u00f8k til Storbritannia i noen m\u00e5neder gjennomf\u00f8res med en <a href=\"https:\/\/uk-gb.net\/no\/eta-storbritannia-forente-kongerike\/\">ETA til Storbritannia,<\/a> men dette avhenger av bes\u00f8kets n\u00f8yaktige karakter. Her er detaljene: <\/p>\n\n<ul class=\"wp-block-list\">\n<li>Oppholdet er <strong>kortere enn 6 m\u00e5neder<\/strong><\/li>\n\n\n\n<li>Det er et <strong>skoleutvekslingsprogram<\/strong> eller et <strong>ul\u00f8nnet<\/strong> program<\/li>\n\n\n\n<li>Vertsinstitusjonen er <strong>akkreditert<\/strong> i Storbritannia<\/li>\n\n\n\n<li>Studenten er statsborger i et <a href=\"https:\/\/uk-gb.net\/no\/land-som-kan-soke-om-eta-uk\/\">land som er ETA-berettiget<\/a> (EU, Canada, Japan osv.)<\/li>\n\n\n\n<li>Programmet omfatter ikke <strong>arbeid, l\u00f8nnet praksis eller langvarig formell utdanning.<\/strong><\/li>\n<\/ul>\n\n<blockquote class=\"wp-block-quote is-layout-flow wp-block-quote-is-layout-flow\">\n<p>Eksempel: En europeisk student reiser til en britisk skole i ett semester som en del av et utvekslingsprogram \u2192 en ETA er alt som trengs.<\/p>\n<\/blockquote>\n","protected":false},"excerpt":{"rendered":"<p>Visum for \u00e5 studere i Storbritannia Det britiske studentvisumet, offisielt kjent som studentvisum, er obligatorisk for alle internasjonale studenter som \u00f8nsker \u00e5 studere i Storbritannia i mer enn 6 m\u00e5neder. \u00c5 studere i England, Skottland, Wales eller Nord-Irland gir deg muligheten til \u00e5 studere ved verdenskjente universiteter som Oxford, Cambridge, Edinburgh eller UCL. For et [&hellip;]<\/p>\n","protected":false},"author":1,"featured_media":0,"parent":0,"menu_order":0,"comment_status":"closed","ping_status":"closed","template":"","meta":{"footnotes":""},"class_list":["post-2103","page","type-page","status-publish","hentry"],"yoast_head":"<!-- This site is optimized with the Yoast SEO plugin v27.4 - https:\/\/yoast.com\/product\/yoast-seo-wordpress\/ -->\n<title>Studentvisum til Storbritannia - UK GB<\/title>\n<meta name=\"description\" content=\"Her finner du den viktigste informasjonen om studentvisum for studier og opphold i Storbritannia som en del av studiel\u00f8pet ditt\" \/>\n<meta name=\"robots\" content=\"index, follow, max-snippet:-1, max-image-preview:large, max-video-preview:-1\" \/>\n<link rel=\"canonical\" href=\"https:\/\/uk-gb.net\/no\/studentvisum-england-forente-kongerike\/\" \/>\n<meta property=\"og:locale\" content=\"nb_NO\" \/>\n<meta property=\"og:type\" content=\"article\" \/>\n<meta property=\"og:title\" content=\"Studentvisum til Storbritannia - UK GB\" \/>\n<meta property=\"og:description\" content=\"Her finner du den viktigste informasjonen om studentvisum for studier og opphold i Storbritannia som en del av studiel\u00f8pet ditt\" \/>\n<meta property=\"og:url\" content=\"https:\/\/uk-gb.net\/no\/studentvisum-england-forente-kongerike\/\" \/>\n<meta property=\"og:site_name\" content=\"UK GB\" \/>\n<meta property=\"article:modified_time\" content=\"2026-01-15T16:19:55+00:00\" \/>\n<meta name=\"twitter:card\" content=\"summary_large_image\" \/>\n<meta name=\"twitter:label1\" content=\"Ansl. lesetid\" \/>\n\t<meta name=\"twitter:data1\" content=\"3 minutter\" \/>\n<script type=\"application\/ld+json\" class=\"yoast-schema-graph\">{\"@context\":\"https:\\\/\\\/schema.org\",\"@graph\":[{\"@type\":\"WebPage\",\"@id\":\"https:\\\/\\\/uk-gb.net\\\/no\\\/studentvisum-england-forente-kongerike\\\/\",\"url\":\"https:\\\/\\\/uk-gb.net\\\/no\\\/studentvisum-england-forente-kongerike\\\/\",\"name\":\"Studentvisum til Storbritannia - UK GB\",\"isPartOf\":{\"@id\":\"https:\\\/\\\/uk-gb.net\\\/no\\\/#website\"},\"datePublished\":\"2023-12-07T15:07:43+00:00\",\"dateModified\":\"2026-01-15T16:19:55+00:00\",\"description\":\"Her finner du den viktigste informasjonen om studentvisum for studier og opphold i Storbritannia som en del av studiel\u00f8pet ditt\",\"inLanguage\":\"nb-NO\",\"potentialAction\":[{\"@type\":\"ReadAction\",\"target\":[\"https:\\\/\\\/uk-gb.net\\\/no\\\/studentvisum-england-forente-kongerike\\\/\"]}]},{\"@type\":\"WebSite\",\"@id\":\"https:\\\/\\\/uk-gb.net\\\/no\\\/#website\",\"url\":\"https:\\\/\\\/uk-gb.net\\\/no\\\/\",\"name\":\"UK GB\",\"description\":\"Travel to the UK\",\"potentialAction\":[{\"@type\":\"SearchAction\",\"target\":{\"@type\":\"EntryPoint\",\"urlTemplate\":\"https:\\\/\\\/uk-gb.net\\\/no\\\/?s={search_term_string}\"},\"query-input\":{\"@type\":\"PropertyValueSpecification\",\"valueRequired\":true,\"valueName\":\"search_term_string\"}}],\"inLanguage\":\"nb-NO\"}]}<\/script>\n<!-- \/ Yoast SEO plugin. -->","yoast_head_json":{"title":"Studentvisum til Storbritannia - UK GB","description":"Her finner du den viktigste informasjonen om studentvisum for studier og opphold i Storbritannia som en del av studiel\u00f8pet ditt","robots":{"index":"index","follow":"follow","max-snippet":"max-snippet:-1","max-image-preview":"max-image-preview:large","max-video-preview":"max-video-preview:-1"},"canonical":"https:\/\/uk-gb.net\/no\/studentvisum-england-forente-kongerike\/","og_locale":"nb_NO","og_type":"article","og_title":"Studentvisum til Storbritannia - UK GB","og_description":"Her finner du den viktigste informasjonen om studentvisum for studier og opphold i Storbritannia som en del av studiel\u00f8pet ditt","og_url":"https:\/\/uk-gb.net\/no\/studentvisum-england-forente-kongerike\/","og_site_name":"UK GB","article_modified_time":"2026-01-15T16:19:55+00:00","twitter_card":"summary_large_image","twitter_misc":{"Ansl. lesetid":"3 minutter"},"schema":{"@context":"https:\/\/schema.org","@graph":[{"@type":"WebPage","@id":"https:\/\/uk-gb.net\/no\/studentvisum-england-forente-kongerike\/","url":"https:\/\/uk-gb.net\/no\/studentvisum-england-forente-kongerike\/","name":"Studentvisum til Storbritannia - UK GB","isPartOf":{"@id":"https:\/\/uk-gb.net\/no\/#website"},"datePublished":"2023-12-07T15:07:43+00:00","dateModified":"2026-01-15T16:19:55+00:00","description":"Her finner du den viktigste informasjonen om studentvisum for studier og opphold i Storbritannia som en del av studiel\u00f8pet ditt","inLanguage":"nb-NO","potentialAction":[{"@type":"ReadAction","target":["https:\/\/uk-gb.net\/no\/studentvisum-england-forente-kongerike\/"]}]},{"@type":"WebSite","@id":"https:\/\/uk-gb.net\/no\/#website","url":"https:\/\/uk-gb.net\/no\/","name":"UK GB","description":"Travel to the UK","potentialAction":[{"@type":"SearchAction","target":{"@type":"EntryPoint","urlTemplate":"https:\/\/uk-gb.net\/no\/?s={search_term_string}"},"query-input":{"@type":"PropertyValueSpecification","valueRequired":true,"valueName":"search_term_string"}}],"inLanguage":"nb-NO"}]}},"_links":{"self":[{"href":"https:\/\/uk-gb.net\/no\/wp-json\/wp\/v2\/pages\/2103","targetHints":{"allow":["GET"]}}],"collection":[{"href":"https:\/\/uk-gb.net\/no\/wp-json\/wp\/v2\/pages"}],"about":[{"href":"https:\/\/uk-gb.net\/no\/wp-json\/wp\/v2\/types\/page"}],"author":[{"embeddable":true,"href":"https:\/\/uk-gb.net\/no\/wp-json\/wp\/v2\/users\/1"}],"replies":[{"embeddable":true,"href":"https:\/\/uk-gb.net\/no\/wp-json\/wp\/v2\/comments?post=2103"}],"version-history":[{"count":0,"href":"https:\/\/uk-gb.net\/no\/wp-json\/wp\/v2\/pages\/2103\/revisions"}],"wp:attachment":[{"href":"https:\/\/uk-gb.net\/no\/wp-json\/wp\/v2\/media?parent=2103"}],"curies":[{"name":"wp","href":"https:\/\/api.w.org\/{rel}","templated":true}]}}