{"id":2014,"date":"2023-12-31T15:10:49","date_gmt":"2023-12-31T15:10:49","guid":{"rendered":"https:\/\/uk-gb.net\/visum-england-fra-norge\/"},"modified":"2026-03-02T14:31:19","modified_gmt":"2026-03-02T14:31:19","slug":"visum-england-fra-norge","status":"publish","type":"page","link":"https:\/\/uk-gb.net\/no\/visum-england-fra-norge\/","title":{"rendered":"Visum til England fra Norge"},"content":{"rendered":"\n<h1 class=\"wp-block-heading\">Formaliteter for \u00e5 reise til England fra Norge<\/h1>\n\n<h2 class=\"wp-block-heading\">Trenger norsk statsborgere visum for \u00e5 reise til England?<\/h2>\n\n<p><strong>Norsk statsborgere trenger ikke visum til Storbritannia for opphold p\u00e5 under 6 m\u00e5neder<\/strong> takket v\u00e6re det britiske visumfritaksprogrammet. Alt de trenger \u00e5 gj\u00f8re, er \u00e5 s\u00f8ke om en elektronisk reisetillatelse ved \u00e5 fylle ut <a href=\"https:\/\/uk-gb.net\/no\/online-skjema-eta-england\/\">eTA UK-skjemaet p\u00e5 nettet.<\/a><\/p>\n\n<div style=\"height:20px\" aria-hidden=\"true\" class=\"wp-block-spacer\"><\/div>\n\n<h2 class=\"wp-block-heading\">Trenger utenlandske statsborgere som bor i Norge visum til Storbritannia?<\/h2>\n\n<p>Hvilke formaliteter som kreves for \u00e5 reise inn i Storbritannia, avhenger av den reisendes nasjonalitet:<\/p>\n\n<ul class=\"wp-block-list\">\n<li>Hvis den utenlandske personen som oppholder seg i Norge, er statsborger i et <a href=\"https:\/\/uk-gb.net\/no\/land-som-kan-soke-om-eta-uk\/\">land som er omfattet av Visa Waiver-programmet<\/a>, kan han eller hun s\u00f8ke om en <a href=\"https:\/\/uk-gb.net\/no\/eta-storbritannia-forente-kongerike\/\">britisk ETA<\/a> for et opphold p\u00e5 mindre enn 6 m\u00e5neder.<\/li>\n\n\n\n<li>Ellers m\u00e5 de skaffe seg <a href=\"https:\/\/uk-gb.net\/no\/forskjellige-britiske-visum\/\">visum for \u00e5 reise til England<\/a>.<\/li>\n<\/ul>\n\n<p>En utlending som bor i Frankrike, kan derfor f\u00e5 en ETA hvis hjemlandet hans eller hennes nyter godt av britisk visumfritak.<\/p>\n\n<h2 class=\"wp-block-heading\">Hvordan s\u00f8ker jeg om visum til England fra Norge?<\/h2>\n\n<p>For \u00e5 f\u00e5 visum til Storbritannia m\u00e5 du fylle ut et elektronisk skjema p\u00e5 nettsiden til UK Border Agency. Prosessen foreg\u00e5r i flere trinn og er helt og holdent nettbasert. <\/p>\n\n<p>Prosessen for \u00e5 f\u00e5 visum og <a href=\"https:\/\/uk-gb.net\/no\/hvor-koster-visum-reise-storbritannia\/\">gebyrene som skal betales<\/a>, avhenger av \u00e5rsaken til oppholdet i Storbritannia.<\/p>\n\n<h3 class=\"wp-block-heading\">Hvordan s\u00f8ker jeg om turistvisum for England i Norge?<\/h3>\n\n<p>Hvis du skal oppholde deg i Storbritannia i mer enn 6 m\u00e5neder, m\u00e5 du s\u00f8ke om <a href=\"https:\/\/uk-gb.net\/no\/turist-besoker-england-forente-kongerikerike\/\">britisk turistvisum<\/a>. S\u00f8knaden din vil bli behandlet av den <a href=\"https:\/\/uk-gb.net\/no\/ambassade-england-storbritannias-norge\/\">britiske ambassaden<\/a>. <\/p>\n\n<h3 class=\"wp-block-heading\">Hvordan kan en norsk statsborger f\u00e5 arbeidsvisum til England?<\/h3>\n\n<p>For \u00e5 f\u00e5 et arbeidsvisum til Storbritannia m\u00e5 du f\u00f8rst f\u00e5 et jobbtilbud fra et britisk selskap. Dette selskapet m\u00e5 deretter sertifisere oppdraget ditt og sponse visumet ditt til Storbritannia. <\/p>\n\n<h3 class=\"wp-block-heading\">Hvordan f\u00e5r jeg time for visum til Storbritannia?<\/h3>\n\n<p>Hvis s\u00f8knaden din krever en annen prosess, kan du kanskje f\u00e5 en <a href=\"https:\/\/uk-gb.net\/no\/visumavtale-ved-den-britiske-ambassaden\/\">avtale p\u00e5 den britiske ambassaden<\/a>.<\/p>\n\n<p><\/p>\n","protected":false},"excerpt":{"rendered":"<p>Formaliteter for \u00e5 reise til England fra Norge Trenger norsk statsborgere visum for \u00e5 reise til England? Norsk statsborgere trenger ikke visum til Storbritannia for opphold p\u00e5 under 6 m\u00e5neder takket v\u00e6re det britiske visumfritaksprogrammet. Alt de trenger \u00e5 gj\u00f8re, er \u00e5 s\u00f8ke om en elektronisk reisetillatelse ved \u00e5 fylle ut eTA UK-skjemaet p\u00e5 nettet. [&hellip;]<\/p>\n","protected":false},"author":1,"featured_media":0,"parent":0,"menu_order":0,"comment_status":"closed","ping_status":"closed","template":"","meta":{"footnotes":""},"class_list":["post-2014","page","type-page","status-publish","hentry"],"yoast_head":"<!-- This site is optimized with the Yoast SEO plugin v27.4 - https:\/\/yoast.com\/product\/yoast-seo-wordpress\/ -->\n<title>Visum til England fra Norge - UK GB<\/title>\n<meta name=\"description\" content=\"Slik skaffer du deg et visum p\u00e5 nettet for \u00e5 reise til Storbritannia fra Norge p\u00e5 bare noen f\u00e5 minutter ved hjelp av passet ditt.\" \/>\n<meta name=\"robots\" content=\"index, follow, max-snippet:-1, max-image-preview:large, max-video-preview:-1\" \/>\n<link rel=\"canonical\" href=\"https:\/\/uk-gb.net\/no\/visum-england-fra-norge\/\" \/>\n<meta property=\"og:locale\" content=\"nb_NO\" \/>\n<meta property=\"og:type\" content=\"article\" \/>\n<meta property=\"og:title\" content=\"Visum til England fra Norge - UK GB\" \/>\n<meta property=\"og:description\" content=\"Slik skaffer du deg et visum p\u00e5 nettet for \u00e5 reise til Storbritannia fra Norge p\u00e5 bare noen f\u00e5 minutter ved hjelp av passet ditt.\" \/>\n<meta property=\"og:url\" content=\"https:\/\/uk-gb.net\/no\/visum-england-fra-norge\/\" \/>\n<meta property=\"og:site_name\" content=\"UK GB\" \/>\n<meta property=\"article:modified_time\" content=\"2026-03-02T14:31:19+00:00\" \/>\n<meta name=\"twitter:card\" content=\"summary_large_image\" \/>\n<meta name=\"twitter:label1\" content=\"Ansl. lesetid\" \/>\n\t<meta name=\"twitter:data1\" content=\"2 minutter\" \/>\n<script type=\"application\/ld+json\" class=\"yoast-schema-graph\">{\"@context\":\"https:\\\/\\\/schema.org\",\"@graph\":[{\"@type\":\"WebPage\",\"@id\":\"https:\\\/\\\/uk-gb.net\\\/no\\\/visum-england-fra-norge\\\/\",\"url\":\"https:\\\/\\\/uk-gb.net\\\/no\\\/visum-england-fra-norge\\\/\",\"name\":\"Visum til England fra Norge - UK GB\",\"isPartOf\":{\"@id\":\"https:\\\/\\\/uk-gb.net\\\/no\\\/#website\"},\"datePublished\":\"2023-12-31T15:10:49+00:00\",\"dateModified\":\"2026-03-02T14:31:19+00:00\",\"description\":\"Slik skaffer du deg et visum p\u00e5 nettet for \u00e5 reise til Storbritannia fra Norge p\u00e5 bare noen f\u00e5 minutter ved hjelp av passet ditt.\",\"inLanguage\":\"nb-NO\",\"potentialAction\":[{\"@type\":\"ReadAction\",\"target\":[\"https:\\\/\\\/uk-gb.net\\\/no\\\/visum-england-fra-norge\\\/\"]}]},{\"@type\":\"WebSite\",\"@id\":\"https:\\\/\\\/uk-gb.net\\\/no\\\/#website\",\"url\":\"https:\\\/\\\/uk-gb.net\\\/no\\\/\",\"name\":\"UK GB\",\"description\":\"Travel to the UK\",\"potentialAction\":[{\"@type\":\"SearchAction\",\"target\":{\"@type\":\"EntryPoint\",\"urlTemplate\":\"https:\\\/\\\/uk-gb.net\\\/no\\\/?s={search_term_string}\"},\"query-input\":{\"@type\":\"PropertyValueSpecification\",\"valueRequired\":true,\"valueName\":\"search_term_string\"}}],\"inLanguage\":\"nb-NO\"}]}<\/script>\n<!-- \/ Yoast SEO plugin. -->","yoast_head_json":{"title":"Visum til England fra Norge - UK GB","description":"Slik skaffer du deg et visum p\u00e5 nettet for \u00e5 reise til Storbritannia fra Norge p\u00e5 bare noen f\u00e5 minutter ved hjelp av passet ditt.","robots":{"index":"index","follow":"follow","max-snippet":"max-snippet:-1","max-image-preview":"max-image-preview:large","max-video-preview":"max-video-preview:-1"},"canonical":"https:\/\/uk-gb.net\/no\/visum-england-fra-norge\/","og_locale":"nb_NO","og_type":"article","og_title":"Visum til England fra Norge - UK GB","og_description":"Slik skaffer du deg et visum p\u00e5 nettet for \u00e5 reise til Storbritannia fra Norge p\u00e5 bare noen f\u00e5 minutter ved hjelp av passet ditt.","og_url":"https:\/\/uk-gb.net\/no\/visum-england-fra-norge\/","og_site_name":"UK GB","article_modified_time":"2026-03-02T14:31:19+00:00","twitter_card":"summary_large_image","twitter_misc":{"Ansl. lesetid":"2 minutter"},"schema":{"@context":"https:\/\/schema.org","@graph":[{"@type":"WebPage","@id":"https:\/\/uk-gb.net\/no\/visum-england-fra-norge\/","url":"https:\/\/uk-gb.net\/no\/visum-england-fra-norge\/","name":"Visum til England fra Norge - UK GB","isPartOf":{"@id":"https:\/\/uk-gb.net\/no\/#website"},"datePublished":"2023-12-31T15:10:49+00:00","dateModified":"2026-03-02T14:31:19+00:00","description":"Slik skaffer du deg et visum p\u00e5 nettet for \u00e5 reise til Storbritannia fra Norge p\u00e5 bare noen f\u00e5 minutter ved hjelp av passet ditt.","inLanguage":"nb-NO","potentialAction":[{"@type":"ReadAction","target":["https:\/\/uk-gb.net\/no\/visum-england-fra-norge\/"]}]},{"@type":"WebSite","@id":"https:\/\/uk-gb.net\/no\/#website","url":"https:\/\/uk-gb.net\/no\/","name":"UK GB","description":"Travel to the UK","potentialAction":[{"@type":"SearchAction","target":{"@type":"EntryPoint","urlTemplate":"https:\/\/uk-gb.net\/no\/?s={search_term_string}"},"query-input":{"@type":"PropertyValueSpecification","valueRequired":true,"valueName":"search_term_string"}}],"inLanguage":"nb-NO"}]}},"_links":{"self":[{"href":"https:\/\/uk-gb.net\/no\/wp-json\/wp\/v2\/pages\/2014","targetHints":{"allow":["GET"]}}],"collection":[{"href":"https:\/\/uk-gb.net\/no\/wp-json\/wp\/v2\/pages"}],"about":[{"href":"https:\/\/uk-gb.net\/no\/wp-json\/wp\/v2\/types\/page"}],"author":[{"embeddable":true,"href":"https:\/\/uk-gb.net\/no\/wp-json\/wp\/v2\/users\/1"}],"replies":[{"embeddable":true,"href":"https:\/\/uk-gb.net\/no\/wp-json\/wp\/v2\/comments?post=2014"}],"version-history":[{"count":0,"href":"https:\/\/uk-gb.net\/no\/wp-json\/wp\/v2\/pages\/2014\/revisions"}],"wp:attachment":[{"href":"https:\/\/uk-gb.net\/no\/wp-json\/wp\/v2\/media?parent=2014"}],"curies":[{"name":"wp","href":"https:\/\/api.w.org\/{rel}","templated":true}]}}