{"id":2004,"date":"2023-12-19T15:52:54","date_gmt":"2023-12-19T15:52:54","guid":{"rendered":"https:\/\/uk-gb.net\/visum-cambridge\/"},"modified":"2026-02-05T13:19:58","modified_gmt":"2026-02-05T13:19:58","slug":"visum-cambridge","status":"publish","type":"page","link":"https:\/\/uk-gb.net\/no\/visum-cambridge\/","title":{"rendered":"Visum for \u00e5 reise til Cambridge i Storbritannia"},"content":{"rendered":"\n<h1 class=\"wp-block-heading\">Visum for reiser til eller mellomlanding i Cambridge  <\/h1>\n\n<p><a href=\"https:\/\/uk-gb.net\/no\/cambridge\/\" type=\"page\" id=\"4530\">Cambridge <\/a>er en by \u00f8st i England, ved bredden av elven Cam. Byen er kjent for sitt prestisjefylte universitet, som ble grunnlagt i 1209, og har spilt en sentral rolle i Storbritannias historie n\u00e5r det gjelder utdanning, forskning og innovasjon. <\/p>\n\n<p>Utenlandske statsborgere som \u00f8nsker \u00e5 reise til Cambridge, m\u00e5 ha en reisetillatelse utstedt av Storbritannia. Det finnes flere typer reisetillatelser for reiser til Cambridge. <\/p>\n\n<h2 class=\"wp-block-heading\">Trenger jeg visum til Cambridge?<\/h2>\n\n<p>Cambridge er en storby i England, s\u00e5 alle utenlandske statsborgere som \u00f8nsker \u00e5 reise inn i Storbritannia via Cambridge, m\u00e5 ha oppholdstillatelse. Avhengig av form\u00e5let med oppholdet i Cambridge kan bes\u00f8kende s\u00f8ke om <a href=\"https:\/\/uk-gb.net\/no\/turist-besoker-england-forente-kongerikerike\/\">engelsk turistvisum<\/a>. <\/p>\n\n<p><strong>For opphold p\u00e5 under 6 m\u00e5neder<\/strong>: Du trenger ikke visum til Cambridge, da de fleste europeiske land har visumfrihet for sine statsborgere. Nylig har ogs\u00e5 enkelte land i Midt\u00f8sten kunnet f\u00e5 <a href=\"https:\/\/uk-gb.net\/no\/online-skjema-eta-england\/\">ETA-reisetillatelse<\/a> enkelt og greit p\u00e5 nettet. <\/p>\n\n<div style=\"height:10px\" aria-hidden=\"true\" class=\"wp-block-spacer\"><\/div>\n\n<h2 class=\"wp-block-heading\">Trenger jeg visum for en mellomlanding i Cambridge?<\/h2>\n\n<p>Det er to m\u00e5ter \u00e5 stoppe i Cambridge p\u00e5:<\/p>\n\n<ul class=\"wp-block-list\">\n<li>Reisende kan s\u00f8ke om <a href=\"https:\/\/uk-gb.net\/no\/transitvisumstopp-storbritannia\/\">transittvisum<\/a> for en mellomlanding i <a href=\"https:\/\/uk-gb.net\/no\/cambridge\/\" type=\"page\" id=\"4530\">Cambridge<\/a>;<\/li>\n\n\n\n<li>Hvis den reisende er statsborger i et <a href=\"https:\/\/uk-gb.net\/no\/land-som-kan-soke-om-eta-uk\/\">land som er medlem av UK Visa Waiver Programme<\/a>, kan de <a href=\"https:\/\/uk-gb.net\/no\/online-skjema-eta-england\/\">s\u00f8ke om en britisk ETA<\/a> for \u00e5 bes\u00f8ke Cambridge uten visum.<\/li>\n<\/ul>\n\n<div style=\"height:10px\" aria-hidden=\"true\" class=\"wp-block-spacer\"><\/div>\n\n<h2 class=\"wp-block-heading\">Hvor mye koster et visum til Cambridge?<\/h2>\n\n<p>Prisen p\u00e5 et visum til <a href=\"https:\/\/uk-gb.net\/no\/cambridge\/\" type=\"page\" id=\"4530\">Cambridge<\/a> avhenger av hvilken type visum du trenger for \u00e5 reise til Storbritannia. Administrasjonsgebyret for et turistbes\u00f8ksvisum p\u00e5 opptil 6 m\u00e5neder er 115 pund. Ved lengre opphold er de <a href=\"https:\/\/uk-gb.net\/no\/hvor-koster-visum-reise-storbritannia\/\">administrative kostnadene for visumet<\/a> h\u00f8yere. Hvis den reisende er kvalifisert til \u00e5 f\u00e5 en <a href=\"https:\/\/uk-gb.net\/no\/eta-storbritannia-forente-kongerike\/\">ETA for Storbritannia<\/a>, vil prisen v\u00e6re lavere: En <a href=\"https:\/\/uk-gb.net\/no\/eta-pris-storbritannia\/\">ETA koster<\/a> minst 10 pund.<\/p>\n\n<h2 class=\"wp-block-heading\">Hvordan f\u00e5r jeg visum til Cambridge?<\/h2>\n\n<p>For \u00e5 f\u00e5 visum til Cambridge m\u00e5 utenlandske statsborgere f\u00f8lge en <a href=\"https:\/\/uk-gb.net\/no\/soknadsprosedyre-visa-forente-stater\/\">online visums\u00f8knadsprosedyre<\/a>. Denne prosessen best\u00e5r av flere trinn:<\/p>\n\n<ul class=\"wp-block-list\">\n<li>Velg visumtype i henhold til form\u00e5let med reisen;<\/li>\n\n\n\n<li>Samle inn n\u00f8dvendig dokumentasjon;<\/li>\n\n\n\n<li>Fyll ut det elektroniske visums\u00f8knadsskjemaet ;<\/li>\n\n\n\n<li>Betal <a href=\"https:\/\/uk-gb.net\/no\/hvor-koster-visum-reise-storbritannia\/\">visumavgiften<\/a>;<\/li>\n\n\n\n<li>Gj\u00f8r en avtale med en <a href=\"https:\/\/uk-gb.net\/no\/ambassade-england-storbritannias-norge\/\">britisk ambassade<\/a>;<\/li>\n\n\n\n<li>Innlevering av dokumenter for \u00e5 fullf\u00f8re visums\u00f8knaden;<\/li>\n\n\n\n<li>Delta p\u00e5 et <a href=\"https:\/\/uk-gb.net\/no\/visumavtale-ved-den-britiske-ambassaden\/\">visumintervju<\/a> hvis s\u00f8knaden din krever det.<\/li>\n<\/ul>\n\n<div style=\"height:10px\" aria-hidden=\"true\" class=\"wp-block-spacer\"><\/div>\n\n<h2 class=\"wp-block-heading\">Trenger jeg ETA-godkjenning for Cambridge?<\/h2>\n\n<p>En kvalifisert utenlandsk statsborger kan s\u00f8ke om ETA for Cambridge. Det tar sv\u00e6rt kort tid \u00e5 f\u00e5 tak i. ETA for Oxford er gyldig i 2 \u00e5r for opphold p\u00e5 inntil 6 sammenhengende m\u00e5neder i Storbritannia.  <\/p>\n\n<h2 class=\"wp-block-heading\">Bilde av et visum for Cambridge i Storbritannia<\/h2>\n\n<p>Dette er et bilde av et visum til England. Med dette visumet kan du reise inn i Storbritannia via Cambridge. <\/p>\n\n<figure class=\"wp-block-image size-full\"><img fetchpriority=\"high\" decoding=\"async\" width=\"564\" height=\"338\" src=\"https:\/\/uk-gb.net\/wp-content\/uploads\/2024\/03\/UK-visa-C.jpg\" alt=\"turistvisum Storbritannia\" class=\"wp-image-1890\" srcset=\"https:\/\/uk-gb.net\/wp-content\/uploads\/2024\/03\/UK-visa-C.jpg 564w, https:\/\/uk-gb.net\/wp-content\/uploads\/2024\/03\/UK-visa-C-300x180.jpg 300w\" sizes=\"(max-width: 564px) 100vw, 564px\" \/><figcaption class=\"wp-element-caption\"><a href=\"https:\/\/uk-gb.net\/no\/turist-besoker-england-forente-kongerikerike\/\">Turistvisum med bilde til England<\/a><\/figcaption><\/figure>\n\n<p><\/p>\n","protected":false},"excerpt":{"rendered":"<p>Visum for reiser til eller mellomlanding i Cambridge Cambridge er en by \u00f8st i England, ved bredden av elven Cam. Byen er kjent for sitt prestisjefylte universitet, som ble grunnlagt i 1209, og har spilt en sentral rolle i Storbritannias historie n\u00e5r det gjelder utdanning, forskning og innovasjon. Utenlandske statsborgere som \u00f8nsker \u00e5 reise til [&hellip;]<\/p>\n","protected":false},"author":1,"featured_media":0,"parent":0,"menu_order":0,"comment_status":"closed","ping_status":"closed","template":"","meta":{"footnotes":""},"class_list":["post-2004","page","type-page","status-publish","hentry"],"yoast_head":"<!-- This site is optimized with the Yoast SEO plugin v27.3 - https:\/\/yoast.com\/product\/yoast-seo-wordpress\/ -->\n<title>Visum for \u00e5 reise til Cambridge i Storbritannia - UK GB<\/title>\n<meta name=\"description\" content=\"Skaff visum eller reisesertifikat til Cambridge. Det kreves tillatelse for \u00e5 reise til eller mellomlande i Cambridge.\" \/>\n<meta name=\"robots\" content=\"index, follow, max-snippet:-1, max-image-preview:large, max-video-preview:-1\" \/>\n<link rel=\"canonical\" href=\"https:\/\/uk-gb.net\/no\/visum-cambridge\/\" \/>\n<meta property=\"og:locale\" content=\"nb_NO\" \/>\n<meta property=\"og:type\" content=\"article\" \/>\n<meta property=\"og:title\" content=\"Visum for \u00e5 reise til Cambridge i Storbritannia - UK GB\" \/>\n<meta property=\"og:description\" content=\"Skaff visum eller reisesertifikat til Cambridge. Det kreves tillatelse for \u00e5 reise til eller mellomlande i Cambridge.\" \/>\n<meta property=\"og:url\" content=\"https:\/\/uk-gb.net\/no\/visum-cambridge\/\" \/>\n<meta property=\"og:site_name\" content=\"UK GB\" \/>\n<meta property=\"article:modified_time\" content=\"2026-02-05T13:19:58+00:00\" \/>\n<meta property=\"og:image\" content=\"https:\/\/uk-gb.net\/wp-content\/uploads\/2024\/03\/UK-visa-C.jpg\" \/>\n\t<meta property=\"og:image:width\" content=\"564\" \/>\n\t<meta property=\"og:image:height\" content=\"338\" \/>\n\t<meta property=\"og:image:type\" content=\"image\/jpeg\" \/>\n<meta name=\"twitter:card\" content=\"summary_large_image\" \/>\n<meta name=\"twitter:label1\" content=\"Ansl. lesetid\" \/>\n\t<meta name=\"twitter:data1\" content=\"2 minutter\" \/>\n<script type=\"application\/ld+json\" class=\"yoast-schema-graph\">{\"@context\":\"https:\\\/\\\/schema.org\",\"@graph\":[{\"@type\":\"WebPage\",\"@id\":\"https:\\\/\\\/uk-gb.net\\\/no\\\/visum-cambridge\\\/\",\"url\":\"https:\\\/\\\/uk-gb.net\\\/no\\\/visum-cambridge\\\/\",\"name\":\"Visum for \u00e5 reise til Cambridge i Storbritannia - UK GB\",\"isPartOf\":{\"@id\":\"https:\\\/\\\/uk-gb.net\\\/no\\\/#website\"},\"primaryImageOfPage\":{\"@id\":\"https:\\\/\\\/uk-gb.net\\\/no\\\/visum-cambridge\\\/#primaryimage\"},\"image\":{\"@id\":\"https:\\\/\\\/uk-gb.net\\\/no\\\/visum-cambridge\\\/#primaryimage\"},\"thumbnailUrl\":\"https:\\\/\\\/uk-gb.net\\\/wp-content\\\/uploads\\\/2024\\\/03\\\/UK-visa-C.jpg\",\"datePublished\":\"2023-12-19T15:52:54+00:00\",\"dateModified\":\"2026-02-05T13:19:58+00:00\",\"description\":\"Skaff visum eller reisesertifikat til Cambridge. Det kreves tillatelse for \u00e5 reise til eller mellomlande i Cambridge.\",\"inLanguage\":\"nb-NO\",\"potentialAction\":[{\"@type\":\"ReadAction\",\"target\":[\"https:\\\/\\\/uk-gb.net\\\/no\\\/visum-cambridge\\\/\"]}]},{\"@type\":\"ImageObject\",\"inLanguage\":\"nb-NO\",\"@id\":\"https:\\\/\\\/uk-gb.net\\\/no\\\/visum-cambridge\\\/#primaryimage\",\"url\":\"https:\\\/\\\/uk-gb.net\\\/wp-content\\\/uploads\\\/2024\\\/03\\\/UK-visa-C.jpg\",\"contentUrl\":\"https:\\\/\\\/uk-gb.net\\\/wp-content\\\/uploads\\\/2024\\\/03\\\/UK-visa-C.jpg\"},{\"@type\":\"WebSite\",\"@id\":\"https:\\\/\\\/uk-gb.net\\\/no\\\/#website\",\"url\":\"https:\\\/\\\/uk-gb.net\\\/no\\\/\",\"name\":\"UK GB\",\"description\":\"Travel to the UK\",\"potentialAction\":[{\"@type\":\"SearchAction\",\"target\":{\"@type\":\"EntryPoint\",\"urlTemplate\":\"https:\\\/\\\/uk-gb.net\\\/no\\\/?s={search_term_string}\"},\"query-input\":{\"@type\":\"PropertyValueSpecification\",\"valueRequired\":true,\"valueName\":\"search_term_string\"}}],\"inLanguage\":\"nb-NO\"}]}<\/script>\n<!-- \/ Yoast SEO plugin. -->","yoast_head_json":{"title":"Visum for \u00e5 reise til Cambridge i Storbritannia - UK GB","description":"Skaff visum eller reisesertifikat til Cambridge. Det kreves tillatelse for \u00e5 reise til eller mellomlande i Cambridge.","robots":{"index":"index","follow":"follow","max-snippet":"max-snippet:-1","max-image-preview":"max-image-preview:large","max-video-preview":"max-video-preview:-1"},"canonical":"https:\/\/uk-gb.net\/no\/visum-cambridge\/","og_locale":"nb_NO","og_type":"article","og_title":"Visum for \u00e5 reise til Cambridge i Storbritannia - UK GB","og_description":"Skaff visum eller reisesertifikat til Cambridge. Det kreves tillatelse for \u00e5 reise til eller mellomlande i Cambridge.","og_url":"https:\/\/uk-gb.net\/no\/visum-cambridge\/","og_site_name":"UK GB","article_modified_time":"2026-02-05T13:19:58+00:00","og_image":[{"width":564,"height":338,"url":"https:\/\/uk-gb.net\/wp-content\/uploads\/2024\/03\/UK-visa-C.jpg","type":"image\/jpeg"}],"twitter_card":"summary_large_image","twitter_misc":{"Ansl. lesetid":"2 minutter"},"schema":{"@context":"https:\/\/schema.org","@graph":[{"@type":"WebPage","@id":"https:\/\/uk-gb.net\/no\/visum-cambridge\/","url":"https:\/\/uk-gb.net\/no\/visum-cambridge\/","name":"Visum for \u00e5 reise til Cambridge i Storbritannia - UK GB","isPartOf":{"@id":"https:\/\/uk-gb.net\/no\/#website"},"primaryImageOfPage":{"@id":"https:\/\/uk-gb.net\/no\/visum-cambridge\/#primaryimage"},"image":{"@id":"https:\/\/uk-gb.net\/no\/visum-cambridge\/#primaryimage"},"thumbnailUrl":"https:\/\/uk-gb.net\/wp-content\/uploads\/2024\/03\/UK-visa-C.jpg","datePublished":"2023-12-19T15:52:54+00:00","dateModified":"2026-02-05T13:19:58+00:00","description":"Skaff visum eller reisesertifikat til Cambridge. Det kreves tillatelse for \u00e5 reise til eller mellomlande i Cambridge.","inLanguage":"nb-NO","potentialAction":[{"@type":"ReadAction","target":["https:\/\/uk-gb.net\/no\/visum-cambridge\/"]}]},{"@type":"ImageObject","inLanguage":"nb-NO","@id":"https:\/\/uk-gb.net\/no\/visum-cambridge\/#primaryimage","url":"https:\/\/uk-gb.net\/wp-content\/uploads\/2024\/03\/UK-visa-C.jpg","contentUrl":"https:\/\/uk-gb.net\/wp-content\/uploads\/2024\/03\/UK-visa-C.jpg"},{"@type":"WebSite","@id":"https:\/\/uk-gb.net\/no\/#website","url":"https:\/\/uk-gb.net\/no\/","name":"UK GB","description":"Travel to the UK","potentialAction":[{"@type":"SearchAction","target":{"@type":"EntryPoint","urlTemplate":"https:\/\/uk-gb.net\/no\/?s={search_term_string}"},"query-input":{"@type":"PropertyValueSpecification","valueRequired":true,"valueName":"search_term_string"}}],"inLanguage":"nb-NO"}]}},"_links":{"self":[{"href":"https:\/\/uk-gb.net\/no\/wp-json\/wp\/v2\/pages\/2004","targetHints":{"allow":["GET"]}}],"collection":[{"href":"https:\/\/uk-gb.net\/no\/wp-json\/wp\/v2\/pages"}],"about":[{"href":"https:\/\/uk-gb.net\/no\/wp-json\/wp\/v2\/types\/page"}],"author":[{"embeddable":true,"href":"https:\/\/uk-gb.net\/no\/wp-json\/wp\/v2\/users\/1"}],"replies":[{"embeddable":true,"href":"https:\/\/uk-gb.net\/no\/wp-json\/wp\/v2\/comments?post=2004"}],"version-history":[{"count":0,"href":"https:\/\/uk-gb.net\/no\/wp-json\/wp\/v2\/pages\/2004\/revisions"}],"wp:attachment":[{"href":"https:\/\/uk-gb.net\/no\/wp-json\/wp\/v2\/media?parent=2004"}],"curies":[{"name":"wp","href":"https:\/\/api.w.org\/{rel}","templated":true}]}}