{"id":1875,"date":"2023-12-19T16:05:55","date_gmt":"2023-12-19T16:05:55","guid":{"rendered":"https:\/\/uk-gb.net\/visum-england-fra-arabia-saudi\/"},"modified":"2026-01-15T16:21:34","modified_gmt":"2026-01-15T16:21:34","slug":"visum-england-fra-arabia-saudi","status":"publish","type":"page","link":"https:\/\/uk-gb.net\/no\/visum-england-fra-arabia-saudi\/","title":{"rendered":"Visum til Storbritannia fra Saudi-Arabia"},"content":{"rendered":"\n<h1 class=\"wp-block-heading\">Reisevisum til Storbritannia for saudiarabiske statsborgere<\/h1>\n\n<p>Er du statsborger eller bosatt i Saudi-Arabia og \u00f8nsker \u00e5 reise til Storbritannia? Finn ut mer om hvilke formaliteter som m\u00e5 oppfylles, ETA-systemet, hvilke visumtyper som er tilgjengelige og hvordan du g\u00e5r frem for \u00e5 sende inn s\u00f8knaden din. <\/p>\n\n<h2 class=\"wp-block-heading\">Trenger jeg visum for \u00e5 reise fra Saudi-Arabia til Storbritannia?<\/h2>\n\n<p>Fra <strong>22. februar 2024<\/strong> trenger saudiarabiske statsborgere ikke lenger et <a href=\"https:\/\/uk-gb.net\/no\/turist-besoker-england-forente-kongerikerike\/\">britisk turistvisum<\/a> for \u00e5 reise til Storbritannia. Saudiske statsborgere kan f\u00e5 en elektronisk reisetillatelse som gir dem tillatelse til \u00e5 oppholde seg i Storbritannia i opptil <strong>seks m\u00e5neder.<\/strong><\/p>\n\n<p><strong>For \u00e5 f\u00e5 denne reisetillatelsen p\u00e5 bare noen f\u00e5 minutter<\/strong>, fyller du ut <a href=\"https:\/\/uk-gb.net\/no\/online-skjema-eta-england\/\">ETA-skjemaet p\u00e5 nettet.<\/a><\/p>\n\n<div style=\"height:10px\" aria-hidden=\"true\" class=\"wp-block-spacer\"><\/div>\n\n<p>Denne elektroniske reisetillatelsen gir deg tillatelse til \u00e5 oppholde deg i Storbritannia i :<\/p>\n\n<ul class=\"wp-block-list\">\n<li>en turistreise,<\/li>\n\n\n\n<li>en forretningsreise,<\/li>\n\n\n\n<li>et familiebes\u00f8k,<\/li>\n\n\n\n<li>et kort studieopphold,<\/li>\n\n\n\n<li>eller flyplasstransport.<\/li>\n<\/ul>\n\n<div style=\"height:10px\" aria-hidden=\"true\" class=\"wp-block-spacer\"><\/div>\n\n<h2 class=\"wp-block-heading\">Hvordan s\u00f8ker jeg om ETA til Storbritannia fra Saudi-Arabia?<\/h2>\n\n<p>Det er enkelt \u00e5 s\u00f8ke om <a href=\"https:\/\/uk-gb.net\/no\/eta-storbritannia-forente-kongerike\/\">ETA i Storbritannia<\/a>, og det er 100 % nettbasert:<\/p>\n\n<ol class=\"wp-block-list\">\n<li><strong>Bes\u00f8k den offisielle portalen<\/strong>: <a>gov.uk\/eta<\/a><\/li>\n\n\n\n<li><strong>Fyll ut skjemaet<\/strong> med den reisendes personlige opplysninger.<\/li>\n\n\n\n<li><strong>Last opp et bilde<\/strong> (for eksempel en selfie) direkte via skjemaet eller mobilapplikasjonen.<\/li>\n\n\n\n<li><strong>Betal avgiften<\/strong> p\u00e5 rundt <strong>\u00a316 (\u20ac19)<\/strong> med kredittkort.<\/li>\n\n\n\n<li><strong>Du f\u00e5r ETA p\u00e5 e-post<\/strong> i l\u00f8pet av f\u00e5 minutter til maksimalt 3 dager.<\/li>\n<\/ol>\n\n<p>ETA er <strong>gyldig i to \u00e5r<\/strong> eller til passet utl\u00f8per. Det tillater <strong>flere innreiser<\/strong> til Storbritannia i l\u00f8pet av denne perioden. <\/p>\n\n<h2 class=\"wp-block-heading\">Hvem kan be om ETA fra Saudi-Arabia?<\/h2>\n\n<p>ETA er kun tilgjengelig for <strong>saudiarabiske statsborgere<\/strong> som har et <strong>biometrisk pass<\/strong>. Utenlandske statsborgere i Saudi-Arabia som ikke er statsborgere i et land som oppfyller vilk\u00e5rene, m\u00e5 <a href=\"https:\/\/uk-gb.net\/no\/soknadsprosedyre-visa-forente-stater\/\">s\u00f8ke om britisk visum<\/a> ved det <a href=\"https:\/\/uk-gb.net\/no\/ambassade-england-storbritannias-norge\/\">britiske konsulatet<\/a>. <\/p>\n\n<h2 class=\"wp-block-heading\">Trenger jeg visum hvis jeg ikke oppfyller ETA-vilk\u00e5rene?<\/h2>\n\n<p>Ja. Hvis du er : <\/p>\n\n<ul class=\"wp-block-list\">\n<li>Ikke statsborger i <a href=\"https:\/\/uk-gb.net\/no\/land-som-kan-soke-om-eta-uk\/\">et ETA-berettiget land<\/a>,<\/li>\n\n\n\n<li>Eller hvis du \u00f8nsker \u00e5 oppholde deg i Storbritannia i <strong>mer enn seks m\u00e5neder<\/strong>,<\/li>\n\n\n\n<li>Eller hvis du skal <strong>jobbe, gifte deg eller studere over lengre tid,<\/strong><\/li>\n<\/ul>\n\n<p>m\u00e5 du <strong>s\u00f8ke om et standard britisk visum<\/strong>.<\/p>\n\n<h2 class=\"wp-block-heading\">Hvor kan jeg s\u00f8ke om visum til Storbritannia fra Saudi-Arabia?<\/h2>\n\n<p>Visums\u00f8knader kan gj\u00f8res p\u00e5 den offisielle nettsiden <a class=\"\" href=\"https:\/\/www.gov.uk\">www.gov.uk.<\/a> N\u00e5r du har sendt inn skjemaet og betalt, m\u00e5 du <strong>bestille time p\u00e5 et TLScontact-<\/strong> eller <strong>VFS Global-senter<\/strong> p\u00e5 :<\/p>\n\n<ul class=\"wp-block-list\">\n<li>Riyadh<\/li>\n\n\n\n<li>Jeddah<\/li>\n\n\n\n<li>eller Al Khobar<\/li>\n<\/ul>\n\n<p>Du m\u00e5 vise frem originaldokumentene dine og ta <strong>biometriske fingeravtrykk<\/strong>.<\/p>\n\n<h2 class=\"wp-block-heading\">Hvilke typer visum er tilgjengelige?<\/h2>\n\n<p>Hvis du ikke kan f\u00e5 ETA, kan du s\u00f8ke om ett av f\u00f8lgende visum<\/p>\n\n<ul class=\"wp-block-list\">\n<li><a href=\"https:\/\/uk-gb.net\/no\/turist-besoker-england-forente-kongerikerike\/\">Turistvisum<\/a><\/li>\n\n\n\n<li><a href=\"https:\/\/uk-gb.net\/no\/studentvisum-england-forente-kongerike\/\">Studentvisum<\/a><\/li>\n\n\n\n<li><a href=\"https:\/\/uk-gb.net\/no\/visum-for-virksomhet-til-england-forente-rike\/\">Forretningsvisum<\/a><\/li>\n\n\n\n<li><strong>Familievisum<\/strong><\/li>\n\n\n\n<li><strong>Arbeidsvisum<\/strong><\/li>\n\n\n\n<li><a href=\"https:\/\/uk-gb.net\/no\/transitvisumstopp-storbritannia\/\">Transitvisum<\/a><\/li>\n<\/ul>\n\n<div style=\"height:10px\" aria-hidden=\"true\" class=\"wp-block-spacer\"><\/div>\n\n<h2 class=\"wp-block-heading\">Kan jeg reise til Storbritannia fra Saudi-Arabia uten visum?<\/h2>\n\n<p>Nei, selv for enkel <strong>flyplasstransitt uten utreise<\/strong> m\u00e5 saudiske statsborgere innhente <strong>ETA-godkjenning<\/strong> f\u00f8r de reiser til et reisem\u00e5l via Storbritannia.<\/p>\n\n<p>Det er to m\u00e5ter saudiarabiske statsborgere kan overnatte i Storbritannia p\u00e5:<\/p>\n\n<ul class=\"wp-block-list\">\n<li>Saudiarabiske reisende kan s\u00f8ke om <a href=\"https:\/\/uk-gb.net\/no\/transitvisumstopp-storbritannia\/\">transittvisum<\/a> for mellomlanding;<\/li>\n\n\n\n<li>Saudiarabiske reisende kan n\u00e5 reise med <a href=\"https:\/\/uk-gb.net\/no\/eta-storbritannia-forente-kongerike\/\">ETA UK-autorisasjon<\/a> for \u00e5 mellomlande i England uten visum.<\/li>\n<\/ul>\n","protected":false},"excerpt":{"rendered":"<p>Reisevisum til Storbritannia for saudiarabiske statsborgere Er du statsborger eller bosatt i Saudi-Arabia og \u00f8nsker \u00e5 reise til Storbritannia? Finn ut mer om hvilke formaliteter som m\u00e5 oppfylles, ETA-systemet, hvilke visumtyper som er tilgjengelige og hvordan du g\u00e5r frem for \u00e5 sende inn s\u00f8knaden din. Trenger jeg visum for \u00e5 reise fra Saudi-Arabia til Storbritannia? [&hellip;]<\/p>\n","protected":false},"author":1,"featured_media":0,"parent":0,"menu_order":0,"comment_status":"closed","ping_status":"closed","template":"","meta":{"footnotes":""},"class_list":["post-1875","page","type-page","status-publish","hentry"],"yoast_head":"<!-- This site is optimized with the Yoast SEO plugin v27.4 - https:\/\/yoast.com\/product\/yoast-seo-wordpress\/ -->\n<title>Visum til Storbritannia fra Saudi-Arabia - UK GB<\/title>\n<meta name=\"description\" content=\"Hva er de administrative formalitetene for en saudiarabisk statsborger som \u00f8nsker \u00e5 reise til Storbritannia?\" \/>\n<meta name=\"robots\" content=\"index, follow, max-snippet:-1, max-image-preview:large, max-video-preview:-1\" \/>\n<link rel=\"canonical\" href=\"https:\/\/uk-gb.net\/no\/visum-england-fra-arabia-saudi\/\" \/>\n<meta property=\"og:locale\" content=\"nb_NO\" \/>\n<meta property=\"og:type\" content=\"article\" \/>\n<meta property=\"og:title\" content=\"Visum til Storbritannia fra Saudi-Arabia - UK GB\" \/>\n<meta property=\"og:description\" content=\"Hva er de administrative formalitetene for en saudiarabisk statsborger som \u00f8nsker \u00e5 reise til Storbritannia?\" \/>\n<meta property=\"og:url\" content=\"https:\/\/uk-gb.net\/no\/visum-england-fra-arabia-saudi\/\" \/>\n<meta property=\"og:site_name\" content=\"UK GB\" \/>\n<meta property=\"article:modified_time\" content=\"2026-01-15T16:21:34+00:00\" \/>\n<meta name=\"twitter:card\" content=\"summary_large_image\" \/>\n<meta name=\"twitter:label1\" content=\"Ansl. lesetid\" \/>\n\t<meta name=\"twitter:data1\" content=\"2 minutter\" \/>\n<script type=\"application\/ld+json\" class=\"yoast-schema-graph\">{\"@context\":\"https:\\\/\\\/schema.org\",\"@graph\":[{\"@type\":\"WebPage\",\"@id\":\"https:\\\/\\\/uk-gb.net\\\/no\\\/visum-england-fra-arabia-saudi\\\/\",\"url\":\"https:\\\/\\\/uk-gb.net\\\/no\\\/visum-england-fra-arabia-saudi\\\/\",\"name\":\"Visum til Storbritannia fra Saudi-Arabia - UK GB\",\"isPartOf\":{\"@id\":\"https:\\\/\\\/uk-gb.net\\\/no\\\/#website\"},\"datePublished\":\"2023-12-19T16:05:55+00:00\",\"dateModified\":\"2026-01-15T16:21:34+00:00\",\"description\":\"Hva er de administrative formalitetene for en saudiarabisk statsborger som \u00f8nsker \u00e5 reise til Storbritannia?\",\"inLanguage\":\"nb-NO\",\"potentialAction\":[{\"@type\":\"ReadAction\",\"target\":[\"https:\\\/\\\/uk-gb.net\\\/no\\\/visum-england-fra-arabia-saudi\\\/\"]}]},{\"@type\":\"WebSite\",\"@id\":\"https:\\\/\\\/uk-gb.net\\\/no\\\/#website\",\"url\":\"https:\\\/\\\/uk-gb.net\\\/no\\\/\",\"name\":\"UK GB\",\"description\":\"Travel to the UK\",\"potentialAction\":[{\"@type\":\"SearchAction\",\"target\":{\"@type\":\"EntryPoint\",\"urlTemplate\":\"https:\\\/\\\/uk-gb.net\\\/no\\\/?s={search_term_string}\"},\"query-input\":{\"@type\":\"PropertyValueSpecification\",\"valueRequired\":true,\"valueName\":\"search_term_string\"}}],\"inLanguage\":\"nb-NO\"}]}<\/script>\n<!-- \/ Yoast SEO plugin. -->","yoast_head_json":{"title":"Visum til Storbritannia fra Saudi-Arabia - UK GB","description":"Hva er de administrative formalitetene for en saudiarabisk statsborger som \u00f8nsker \u00e5 reise til Storbritannia?","robots":{"index":"index","follow":"follow","max-snippet":"max-snippet:-1","max-image-preview":"max-image-preview:large","max-video-preview":"max-video-preview:-1"},"canonical":"https:\/\/uk-gb.net\/no\/visum-england-fra-arabia-saudi\/","og_locale":"nb_NO","og_type":"article","og_title":"Visum til Storbritannia fra Saudi-Arabia - UK GB","og_description":"Hva er de administrative formalitetene for en saudiarabisk statsborger som \u00f8nsker \u00e5 reise til Storbritannia?","og_url":"https:\/\/uk-gb.net\/no\/visum-england-fra-arabia-saudi\/","og_site_name":"UK GB","article_modified_time":"2026-01-15T16:21:34+00:00","twitter_card":"summary_large_image","twitter_misc":{"Ansl. lesetid":"2 minutter"},"schema":{"@context":"https:\/\/schema.org","@graph":[{"@type":"WebPage","@id":"https:\/\/uk-gb.net\/no\/visum-england-fra-arabia-saudi\/","url":"https:\/\/uk-gb.net\/no\/visum-england-fra-arabia-saudi\/","name":"Visum til Storbritannia fra Saudi-Arabia - UK GB","isPartOf":{"@id":"https:\/\/uk-gb.net\/no\/#website"},"datePublished":"2023-12-19T16:05:55+00:00","dateModified":"2026-01-15T16:21:34+00:00","description":"Hva er de administrative formalitetene for en saudiarabisk statsborger som \u00f8nsker \u00e5 reise til Storbritannia?","inLanguage":"nb-NO","potentialAction":[{"@type":"ReadAction","target":["https:\/\/uk-gb.net\/no\/visum-england-fra-arabia-saudi\/"]}]},{"@type":"WebSite","@id":"https:\/\/uk-gb.net\/no\/#website","url":"https:\/\/uk-gb.net\/no\/","name":"UK GB","description":"Travel to the UK","potentialAction":[{"@type":"SearchAction","target":{"@type":"EntryPoint","urlTemplate":"https:\/\/uk-gb.net\/no\/?s={search_term_string}"},"query-input":{"@type":"PropertyValueSpecification","valueRequired":true,"valueName":"search_term_string"}}],"inLanguage":"nb-NO"}]}},"_links":{"self":[{"href":"https:\/\/uk-gb.net\/no\/wp-json\/wp\/v2\/pages\/1875","targetHints":{"allow":["GET"]}}],"collection":[{"href":"https:\/\/uk-gb.net\/no\/wp-json\/wp\/v2\/pages"}],"about":[{"href":"https:\/\/uk-gb.net\/no\/wp-json\/wp\/v2\/types\/page"}],"author":[{"embeddable":true,"href":"https:\/\/uk-gb.net\/no\/wp-json\/wp\/v2\/users\/1"}],"replies":[{"embeddable":true,"href":"https:\/\/uk-gb.net\/no\/wp-json\/wp\/v2\/comments?post=1875"}],"version-history":[{"count":0,"href":"https:\/\/uk-gb.net\/no\/wp-json\/wp\/v2\/pages\/1875\/revisions"}],"wp:attachment":[{"href":"https:\/\/uk-gb.net\/no\/wp-json\/wp\/v2\/media?parent=1875"}],"curies":[{"name":"wp","href":"https:\/\/api.w.org\/{rel}","templated":true}]}}