{"id":1772,"date":"2023-12-07T16:39:43","date_gmt":"2023-12-07T16:39:43","guid":{"rendered":"https:\/\/uk-gb.net\/transitvisumstopp-storbritannia\/"},"modified":"2026-01-15T16:19:26","modified_gmt":"2026-01-15T16:19:26","slug":"transitvisumstopp-storbritannia","status":"publish","type":"page","link":"https:\/\/uk-gb.net\/no\/transitvisumstopp-storbritannia\/","title":{"rendered":"Transittvisum til Storbritannia"},"content":{"rendered":"\n<h1 class=\"wp-block-heading\">Transittformaliteter i Storbritannia<\/h1>\n\n<p>Hvis du skal reise til et tredjeland med en mellomlanding i Storbritannia, kan du trenge et <strong>transittvisum<\/strong>. Denne typen visum gj\u00f8r det mulig for passasjerer \u00e5 passere gjennom en flyplass eller bytte terminal uten \u00e5 bli v\u00e6rende i Storbritannia. <\/p>\n\n<p><strong>For enkel transitt gjennom Storbritannia<\/strong> er det i de fleste tilfeller ikke n\u00f8dvendig \u00e5 skaffe seg et transittvisum. Du kan s\u00f8ke om en elektronisk reisetillatelse ved \u00e5 fylle ut <a href=\"https:\/\/uk-gb.net\/no\/online-skjema-eta-england\/\">ETA-skjemaet p\u00e5 nettet.<\/a> <\/p>\n\n<div style=\"height:10px\" aria-hidden=\"true\" class=\"wp-block-spacer\"><\/div>\n\n<h2 class=\"wp-block-heading\">Hva er et transittvisum for mellomlandinger i Storbritannia?<\/h2>\n\n<p>Det britiske transittvisumet er et offisielt dokument som gj\u00f8r det mulig for utenlandske statsborgere \u00e5 reise gjennom Storbritannia uten \u00e5 oppholde seg der permanent. Det er <strong>obligatorisk for visse passasjerer<\/strong>, avhengig av nasjonalitet, reiserute og type transitt. <\/p>\n\n<h2 class=\"wp-block-heading\">De to typene transittvisum for Storbritannia<\/h2>\n\n<h3 class=\"wp-block-heading\">Visum for direkte transitt p\u00e5 flysiden (DATV)<\/h3>\n\n<p>Dette visumet er n\u00f8dvendig hvis du :<\/p>\n\n<ul class=\"wp-block-list\">\n<li>Opphold i den internasjonale sonen p\u00e5 en britisk flyplass<\/li>\n\n\n\n<li>Ikke g\u00e5 gjennom immigrasjonskontrollen<\/li>\n\n\n\n<li>Har et tilslutningsfly innen 24 timer<\/li>\n\n\n\n<li>Du trenger ikke \u00e5 hente bagasjen din eller bytte flyplass<\/li>\n<\/ul>\n\n<div style=\"height:10px\" aria-hidden=\"true\" class=\"wp-block-spacer\"><\/div>\n\n<h3 class=\"wp-block-heading\">Visum for bes\u00f8kende i transitt<\/h3>\n\n<p>Dette visumet er n\u00f8dvendig hvis du :<\/p>\n\n<ul class=\"wp-block-list\">\n<li>Behov for \u00e5 forlate den internasjonale sonen (bytte av terminal, flyplass, bagasjeutlevering&#8230;)<\/li>\n\n\n\n<li>Transitt gjennom Storbritannia i mindre enn 48 timer<\/li>\n\n\n\n<li>\u00d8nsker \u00e5 ta en kort mellomlanding (et raskt bes\u00f8k i byen mellom to flyreiser)<\/li>\n<\/ul>\n\n<div style=\"height:10px\" aria-hidden=\"true\" class=\"wp-block-spacer\"><\/div>\n\n<h2 class=\"wp-block-heading\">Hvor mye koster de ulike transittvisumene?<\/h2>\n\n<p>Gebyrene for transittvisum til Storbritannia varierer avhengig av en rekke faktorer, blant annet hvor du bor og hvilken type visum du s\u00f8ker om. <a href=\"https:\/\/uk-gb.net\/no\/hvor-koster-visum-reise-storbritannia\/\">Visumavgifter<\/a> og tillatt oppholdstid er : <\/p>\n\n<figure class=\"wp-block-table\"><table><tbody><tr><td class=\"has-text-align-center\" data-align=\"center\"><strong>Type transittvisum for Storbritannia<\/strong><\/td><td class=\"has-text-align-center\" data-align=\"center\"><strong>Avgifter som skal betales i 2025<\/strong><\/td><td class=\"has-text-align-center\" data-align=\"center\"><strong>Maksimal oppholdstid<\/strong><\/td><\/tr><tr><td class=\"has-text-align-center\" data-align=\"center\">Visum for direkte transitt p\u00e5 flysiden (DATV)<\/td><td class=\"has-text-align-center\" data-align=\"center\">\u00a3 39<\/td><td class=\"has-text-align-center\" data-align=\"center\">24 timer<\/td><\/tr><tr><td class=\"has-text-align-center\" data-align=\"center\">Visum for bes\u00f8kende i transitt<\/td><td class=\"has-text-align-center\" data-align=\"center\">\u00a3 64<\/td><td class=\"has-text-align-center\" data-align=\"center\">48 timer<\/td><\/tr><\/tbody><\/table><figcaption class=\"wp-element-caption\">Gebyrer for transittvisum<\/figcaption><\/figure>\n\n<h2 class=\"wp-block-heading\">Hvem trenger et britisk transittvisum?<\/h2>\n\n<p>Behovet for visum avhenger av en rekke kriterier:<\/p>\n\n<p>\u2705 <strong>Du trenger IKKE transittvisum<\/strong> hvis :<\/p>\n\n<ul class=\"wp-block-list\">\n<li>Du er statsborger i et land som er fritatt for visum (f.eks. EU, USA, Canada, Australia osv.)<\/li>\n\n\n\n<li>Du har gyldig <a href=\"https:\/\/uk-gb.net\/no\/forskjellige-britiske-visum\/\">britisk visum<\/a> eller <strong>oppholdstillatelse<\/strong> for USA, Canada, New Zealand, Australia eller et EU\/E\u00d8S-land, <strong>og du skal reise til eller fra det landet<\/strong><\/li>\n\n\n\n<li>Du har en <a href=\"https:\/\/uk-gb.net\/no\/eta-storbritannia-forente-kongerike\/\">elektronisk reisetillatelse ETA<\/a> i visse tilfeller<\/li>\n<\/ul>\n\n<p>\u274c <strong>Du trenger et transittvisum<\/strong> hvis :<\/p>\n\n<ul class=\"wp-block-list\">\n<li>Du er statsborger i et land som krever visum (f.eks. India, Pakistan, Nigeria, Ghana, Egypt osv.)<\/li>\n\n\n\n<li>Du oppfyller ikke unntaksvilk\u00e5rene ovenfor<\/li>\n\n\n\n<li>Transitten inneb\u00e6rer at du m\u00e5 bytte flyplass eller forlate den internasjonale sonen<\/li>\n<\/ul>\n\n<div style=\"height:10px\" aria-hidden=\"true\" class=\"wp-block-spacer\"><\/div>\n\n<p>Bes\u00f8k det offisielle nettstedet <a>gov.uk\/check-uk-visa<\/a> for \u00e5 sjekke situasjonen din.<\/p>\n\n<h2 class=\"wp-block-heading\">Hvor lang tid tar det \u00e5 f\u00e5 transittvisum til Storbritannia?<\/h2>\n\n<p>Behandlingen av en s\u00f8knad om transittvisum tar vanligvis <strong>rundt tre uker<\/strong> etter den biometriske unders\u00f8kelsen. Det anbefales \u00e5<strong>s\u00f8ke minst \u00e9n m\u00e5ned f\u00f8r avreise<\/strong>.   <\/p>\n","protected":false},"excerpt":{"rendered":"<p>Transittformaliteter i Storbritannia Hvis du skal reise til et tredjeland med en mellomlanding i Storbritannia, kan du trenge et transittvisum. Denne typen visum gj\u00f8r det mulig for passasjerer \u00e5 passere gjennom en flyplass eller bytte terminal uten \u00e5 bli v\u00e6rende i Storbritannia. For enkel transitt gjennom Storbritannia er det i de fleste tilfeller ikke n\u00f8dvendig [&hellip;]<\/p>\n","protected":false},"author":1,"featured_media":0,"parent":0,"menu_order":0,"comment_status":"closed","ping_status":"closed","template":"","meta":{"footnotes":""},"class_list":["post-1772","page","type-page","status-publish","hentry"],"yoast_head":"<!-- This site is optimized with the Yoast SEO plugin v27.4 - https:\/\/yoast.com\/product\/yoast-seo-wordpress\/ -->\n<title>Transittvisum til Storbritannia - UK GB<\/title>\n<meta name=\"description\" content=\"Vi beskriver de gjeldende reglene for behovet for transittvisum i Storbritannia\" \/>\n<meta name=\"robots\" content=\"index, follow, max-snippet:-1, max-image-preview:large, max-video-preview:-1\" \/>\n<link rel=\"canonical\" href=\"https:\/\/uk-gb.net\/no\/transitvisumstopp-storbritannia\/\" \/>\n<meta property=\"og:locale\" content=\"nb_NO\" \/>\n<meta property=\"og:type\" content=\"article\" \/>\n<meta property=\"og:title\" content=\"Transittvisum til Storbritannia - UK GB\" \/>\n<meta property=\"og:description\" content=\"Vi beskriver de gjeldende reglene for behovet for transittvisum i Storbritannia\" \/>\n<meta property=\"og:url\" content=\"https:\/\/uk-gb.net\/no\/transitvisumstopp-storbritannia\/\" \/>\n<meta property=\"og:site_name\" content=\"UK GB\" \/>\n<meta property=\"article:modified_time\" content=\"2026-01-15T16:19:26+00:00\" \/>\n<meta name=\"twitter:card\" content=\"summary_large_image\" \/>\n<meta name=\"twitter:label1\" content=\"Ansl. lesetid\" \/>\n\t<meta name=\"twitter:data1\" content=\"2 minutter\" \/>\n<script type=\"application\/ld+json\" class=\"yoast-schema-graph\">{\"@context\":\"https:\\\/\\\/schema.org\",\"@graph\":[{\"@type\":\"WebPage\",\"@id\":\"https:\\\/\\\/uk-gb.net\\\/no\\\/transitvisumstopp-storbritannia\\\/\",\"url\":\"https:\\\/\\\/uk-gb.net\\\/no\\\/transitvisumstopp-storbritannia\\\/\",\"name\":\"Transittvisum til Storbritannia - UK GB\",\"isPartOf\":{\"@id\":\"https:\\\/\\\/uk-gb.net\\\/no\\\/#website\"},\"datePublished\":\"2023-12-07T16:39:43+00:00\",\"dateModified\":\"2026-01-15T16:19:26+00:00\",\"description\":\"Vi beskriver de gjeldende reglene for behovet for transittvisum i Storbritannia\",\"inLanguage\":\"nb-NO\",\"potentialAction\":[{\"@type\":\"ReadAction\",\"target\":[\"https:\\\/\\\/uk-gb.net\\\/no\\\/transitvisumstopp-storbritannia\\\/\"]}]},{\"@type\":\"WebSite\",\"@id\":\"https:\\\/\\\/uk-gb.net\\\/no\\\/#website\",\"url\":\"https:\\\/\\\/uk-gb.net\\\/no\\\/\",\"name\":\"UK GB\",\"description\":\"Travel to the UK\",\"potentialAction\":[{\"@type\":\"SearchAction\",\"target\":{\"@type\":\"EntryPoint\",\"urlTemplate\":\"https:\\\/\\\/uk-gb.net\\\/no\\\/?s={search_term_string}\"},\"query-input\":{\"@type\":\"PropertyValueSpecification\",\"valueRequired\":true,\"valueName\":\"search_term_string\"}}],\"inLanguage\":\"nb-NO\"}]}<\/script>\n<!-- \/ Yoast SEO plugin. -->","yoast_head_json":{"title":"Transittvisum til Storbritannia - UK GB","description":"Vi beskriver de gjeldende reglene for behovet for transittvisum i Storbritannia","robots":{"index":"index","follow":"follow","max-snippet":"max-snippet:-1","max-image-preview":"max-image-preview:large","max-video-preview":"max-video-preview:-1"},"canonical":"https:\/\/uk-gb.net\/no\/transitvisumstopp-storbritannia\/","og_locale":"nb_NO","og_type":"article","og_title":"Transittvisum til Storbritannia - UK GB","og_description":"Vi beskriver de gjeldende reglene for behovet for transittvisum i Storbritannia","og_url":"https:\/\/uk-gb.net\/no\/transitvisumstopp-storbritannia\/","og_site_name":"UK GB","article_modified_time":"2026-01-15T16:19:26+00:00","twitter_card":"summary_large_image","twitter_misc":{"Ansl. lesetid":"2 minutter"},"schema":{"@context":"https:\/\/schema.org","@graph":[{"@type":"WebPage","@id":"https:\/\/uk-gb.net\/no\/transitvisumstopp-storbritannia\/","url":"https:\/\/uk-gb.net\/no\/transitvisumstopp-storbritannia\/","name":"Transittvisum til Storbritannia - UK GB","isPartOf":{"@id":"https:\/\/uk-gb.net\/no\/#website"},"datePublished":"2023-12-07T16:39:43+00:00","dateModified":"2026-01-15T16:19:26+00:00","description":"Vi beskriver de gjeldende reglene for behovet for transittvisum i Storbritannia","inLanguage":"nb-NO","potentialAction":[{"@type":"ReadAction","target":["https:\/\/uk-gb.net\/no\/transitvisumstopp-storbritannia\/"]}]},{"@type":"WebSite","@id":"https:\/\/uk-gb.net\/no\/#website","url":"https:\/\/uk-gb.net\/no\/","name":"UK GB","description":"Travel to the UK","potentialAction":[{"@type":"SearchAction","target":{"@type":"EntryPoint","urlTemplate":"https:\/\/uk-gb.net\/no\/?s={search_term_string}"},"query-input":{"@type":"PropertyValueSpecification","valueRequired":true,"valueName":"search_term_string"}}],"inLanguage":"nb-NO"}]}},"_links":{"self":[{"href":"https:\/\/uk-gb.net\/no\/wp-json\/wp\/v2\/pages\/1772","targetHints":{"allow":["GET"]}}],"collection":[{"href":"https:\/\/uk-gb.net\/no\/wp-json\/wp\/v2\/pages"}],"about":[{"href":"https:\/\/uk-gb.net\/no\/wp-json\/wp\/v2\/types\/page"}],"author":[{"embeddable":true,"href":"https:\/\/uk-gb.net\/no\/wp-json\/wp\/v2\/users\/1"}],"replies":[{"embeddable":true,"href":"https:\/\/uk-gb.net\/no\/wp-json\/wp\/v2\/comments?post=1772"}],"version-history":[{"count":0,"href":"https:\/\/uk-gb.net\/no\/wp-json\/wp\/v2\/pages\/1772\/revisions"}],"wp:attachment":[{"href":"https:\/\/uk-gb.net\/no\/wp-json\/wp\/v2\/media?parent=1772"}],"curies":[{"name":"wp","href":"https:\/\/api.w.org\/{rel}","templated":true}]}}