{"id":1737,"date":"2023-12-07T14:52:18","date_gmt":"2023-12-07T14:52:18","guid":{"rendered":"https:\/\/uk-gb.net\/pbs-system-poeng-visum-england\/"},"modified":"2026-01-15T16:17:47","modified_gmt":"2026-01-15T16:17:47","slug":"pbs-system-poeng-visum-england","status":"publish","type":"page","link":"https:\/\/uk-gb.net\/no\/pbs-system-poeng-visum-england\/","title":{"rendered":"PBS-poengsystem for \u00e5 f\u00e5 visum til England"},"content":{"rendered":"\n<h1 class=\"wp-block-heading\">PBS-poengsystemet for \u00e5 f\u00e5 visum til Storbritannia<\/h1>\n\n<p>Etter at Storbritannia forlot EU, har landet innf\u00f8rt et <strong>poengbasert innvandringssystem<\/strong>, ogs\u00e5 kjent som <strong>PBS (Points-Based System).<\/strong> PBS styrker den <a href=\"https:\/\/uk-gb.net\/no\/soknadsprosedyre-visa-forente-stater\/\">britiske visums\u00f8knadsprosessen<\/a>. Systemet gjelder for utlendinger som \u00f8nsker \u00e5 jobbe, studere eller bo i Storbritannia, uansett nasjonalitet.  <\/p>\n\n<h2 class=\"wp-block-heading\">Hva er det poengbaserte systemet i Storbritannia?<\/h2>\n\n<p><a href=\"https:\/\/www.gov.uk\/government\/publications\/uk-points-based-immigration-system-employer-information\/the-uks-points-based-immigration-system-an-introduction-for-employers\">PBS Points System<\/a> er et vurderingssystem som tildeler et antall poeng til hver enkelt s\u00f8ker om <a href=\"https:\/\/uk-gb.net\/no\/forskjellige-britiske-visum\/\">visum til Storbritannia<\/a> i henhold til klart definerte kriterier. For \u00e5 f\u00e5 visum m\u00e5 s\u00f8kerne n\u00e5 en <strong>minimumsgrense<\/strong> for <strong>poeng<\/strong>, som vanligvis er satt til <strong>70 poeng<\/strong>. <\/p>\n\n<p>M\u00e5let med dette systemet er \u00e5 fremme kvalifiserte, uavhengige profiler som dekker landets \u00f8konomiske behov, s\u00e6rlig i sektorer der det er mangel p\u00e5 arbeidskraft (helse, teknologi, ingeni\u00f8rfag osv.).<\/p>\n\n<h2 class=\"wp-block-heading\">Hvem p\u00e5virkes av PBS-systemet?<\/h2>\n\n<p>Det poengbaserte systemet gjelder for flere typer visum, blant annet :<\/p>\n\n<ul class=\"wp-block-list\">\n<li>Visum <strong>for fagl\u00e6rte<\/strong> arbeidere<\/li>\n\n\n\n<li><strong>Visumet for globale talenter<\/strong><\/li>\n\n\n\n<li><strong>Studentvisum<\/strong><\/li>\n\n\n\n<li><strong>Visum for innovat\u00f8rens grunnlegger<\/strong><\/li>\n\n\n\n<li><strong>Midlertidig<\/strong> arbeidstakervisum<\/li>\n<\/ul>\n\n<div style=\"height:10px\" aria-hidden=\"true\" class=\"wp-block-spacer\"><\/div>\n\n<p>Hver visumtype har sine egne kriterier og poenggrenser.<\/p>\n\n<h2 class=\"wp-block-heading\">Hvordan tildeles poeng?<\/h2>\n\n<p>Poeng tildeles p\u00e5 grunnlag av en rekke faktorer, blant annet :<\/p>\n\n<figure class=\"wp-block-table\"><table><thead><tr><th class=\"has-text-align-left\" data-align=\"left\"><strong>Kriterier<\/strong><\/th><th class=\"has-text-align-center\" data-align=\"center\"><strong>Antall poeng<\/strong><\/th><th class=\"has-text-align-center\" data-align=\"center\"><strong>Er det obligatorisk?<\/strong><\/th><\/tr><\/thead><tbody><tr><td class=\"has-text-align-left\" data-align=\"left\">Jobbtilbud validert av en sponsor<\/td><td class=\"has-text-align-center\" data-align=\"center\">20 poeng<\/td><td class=\"has-text-align-center\" data-align=\"center\">Ja<\/td><\/tr><tr><td class=\"has-text-align-left\" data-align=\"left\">Kvalifikasjonsniv\u00e5 for jobben<\/td><td class=\"has-text-align-center\" data-align=\"center\">20 poeng<\/td><td class=\"has-text-align-center\" data-align=\"center\">Ja<\/td><\/tr><tr><td class=\"has-text-align-left\" data-align=\"left\">Kunnskaper i engelsk (B1-niv\u00e5)<\/td><td class=\"has-text-align-center\" data-align=\"center\">10 poeng<\/td><td class=\"has-text-align-center\" data-align=\"center\">Ja<\/td><\/tr><tr><td class=\"has-text-align-left\" data-align=\"left\">\u00c5rsl\u00f8nn p\u00e5 26 200 pund eller mer<\/td><td class=\"has-text-align-center\" data-align=\"center\">20 poeng<\/td><td class=\"has-text-align-center\" data-align=\"center\">Ja (med noen unntak)<\/td><\/tr><tr><td class=\"has-text-align-left\" data-align=\"left\">Mangelyrke<\/td><td class=\"has-text-align-center\" data-align=\"center\">20 poeng<\/td><td class=\"has-text-align-center\" data-align=\"center\">Nei<\/td><\/tr><tr><td class=\"has-text-align-left\" data-align=\"left\">Doktorgrad (STEM)<\/td><td class=\"has-text-align-center\" data-align=\"center\">10 til 20 poeng<\/td><td class=\"has-text-align-center\" data-align=\"center\">Nei<\/td><\/tr><\/tbody><\/table><figcaption class=\"wp-element-caption\">Eksempel: En kvalifisert arbeidstaker med jobbtilbud i et yrke i rask vekst, gode engelskkunnskaper og en l\u00f8nn p\u00e5 over \u00a326 200 oppn\u00e5r lett de n\u00f8dvendige 70 poengene.<\/figcaption><\/figure>\n\n<h2 class=\"wp-block-heading\">Hva er trinnene for \u00e5 s\u00f8ke via PBS-systemet?<\/h2>\n\n<ol class=\"wp-block-list\">\n<li>Finn ut hvilken <a href=\"https:\/\/uk-gb.net\/no\/forskjellige-britiske-visum\/\">type britisk visum<\/a> som passer din profil<\/li>\n\n\n\n<li>Sjekk kriteriene for \u00e5 bli kvalifisert og beregn poengene dine<\/li>\n\n\n\n<li>Skaff deg en sponsor eller et sponsorbrev (arbeidsgiver, universitet osv.)<\/li>\n\n\n\n<li>Samle inn n\u00f8dvendig dokumentasjon (arbeidskontrakt, engelsk sertifikat, \u00f8konomiske bevis osv.)<\/li>\n\n\n\n<li>Fyll ut det elektroniske skjemaet p\u00e5 <a href=\"https:\/\/www.gov.uk\/\">gov.uk<\/a><\/li>\n\n\n\n<li>Betale <a href=\"https:\/\/uk-gb.net\/no\/hvor-koster-visum-reise-storbritannia\/\">visumavgift<\/a> og helseavgift (IHS)<\/li>\n\n\n\n<li><a href=\"https:\/\/uk-gb.net\/no\/visumavtale-ved-den-britiske-ambassaden\/\">Avtal tid for intervjuet p\u00e5 ambassaden<\/a><\/li>\n<\/ol>\n\n<div style=\"height:10px\" aria-hidden=\"true\" class=\"wp-block-spacer\"><\/div>\n\n<h2 class=\"wp-block-heading\">Spesifikke egenskaper ved studentvisumet i PBS-systemet<\/h2>\n\n<p>For <a href=\"https:\/\/uk-gb.net\/no\/studentvisum-england-forente-kongerike\/\">studentvisum<\/a> tildeles poeng p\u00e5 f\u00f8lgende m\u00e5te:<\/p>\n\n<ul class=\"wp-block-list\">\n<li>50 poeng: bekreftelse p\u00e5 godkjenning av studier (CAS) fra en akkreditert institusjon<\/li>\n\n\n\n<li>10 poeng: bevis p\u00e5 tilstrekkelige \u00f8konomiske ressurser<\/li>\n\n\n\n<li>10 poeng: engelskkunnskaper (minimum B2-niv\u00e5 i de fleste tilfeller)<\/li>\n<\/ul>\n\n<div style=\"height:10px\" aria-hidden=\"true\" class=\"wp-block-spacer\"><\/div>\n\n<p>Du trenger ogs\u00e5 <strong>70 poeng<\/strong> for \u00e5 f\u00e5 studentvisum.<\/p>\n","protected":false},"excerpt":{"rendered":"<p>PBS-poengsystemet for \u00e5 f\u00e5 visum til Storbritannia Etter at Storbritannia forlot EU, har landet innf\u00f8rt et poengbasert innvandringssystem, ogs\u00e5 kjent som PBS (Points-Based System). PBS styrker den britiske visums\u00f8knadsprosessen. Systemet gjelder for utlendinger som \u00f8nsker \u00e5 jobbe, studere eller bo i Storbritannia, uansett nasjonalitet. Hva er det poengbaserte systemet i Storbritannia? PBS Points System er [&hellip;]<\/p>\n","protected":false},"author":1,"featured_media":0,"parent":0,"menu_order":0,"comment_status":"closed","ping_status":"closed","template":"","meta":{"footnotes":""},"class_list":["post-1737","page","type-page","status-publish","hentry"],"yoast_head":"<!-- This site is optimized with the Yoast SEO plugin v27.4 - https:\/\/yoast.com\/product\/yoast-seo-wordpress\/ -->\n<title>PBS-poengsystem for \u00e5 f\u00e5 visum til England - UK GB<\/title>\n<meta name=\"description\" content=\"PBS-systemet er rettet mot fagarbeidere, internasjonale studenter og innovative profiler som \u00f8nsker \u00e5 jobbe i Storbritannia.\" \/>\n<meta name=\"robots\" content=\"index, follow, max-snippet:-1, max-image-preview:large, max-video-preview:-1\" \/>\n<link rel=\"canonical\" href=\"https:\/\/uk-gb.net\/no\/pbs-system-poeng-visum-england\/\" \/>\n<meta property=\"og:locale\" content=\"nb_NO\" \/>\n<meta property=\"og:type\" content=\"article\" \/>\n<meta property=\"og:title\" content=\"PBS-poengsystem for \u00e5 f\u00e5 visum til England - UK GB\" \/>\n<meta property=\"og:description\" content=\"PBS-systemet er rettet mot fagarbeidere, internasjonale studenter og innovative profiler som \u00f8nsker \u00e5 jobbe i Storbritannia.\" \/>\n<meta property=\"og:url\" content=\"https:\/\/uk-gb.net\/no\/pbs-system-poeng-visum-england\/\" \/>\n<meta property=\"og:site_name\" content=\"UK GB\" \/>\n<meta property=\"article:modified_time\" content=\"2026-01-15T16:17:47+00:00\" \/>\n<meta name=\"twitter:card\" content=\"summary_large_image\" \/>\n<meta name=\"twitter:label1\" content=\"Ansl. lesetid\" \/>\n\t<meta name=\"twitter:data1\" content=\"2 minutter\" \/>\n<script type=\"application\/ld+json\" class=\"yoast-schema-graph\">{\"@context\":\"https:\\\/\\\/schema.org\",\"@graph\":[{\"@type\":\"WebPage\",\"@id\":\"https:\\\/\\\/uk-gb.net\\\/no\\\/pbs-system-poeng-visum-england\\\/\",\"url\":\"https:\\\/\\\/uk-gb.net\\\/no\\\/pbs-system-poeng-visum-england\\\/\",\"name\":\"PBS-poengsystem for \u00e5 f\u00e5 visum til England - UK GB\",\"isPartOf\":{\"@id\":\"https:\\\/\\\/uk-gb.net\\\/no\\\/#website\"},\"datePublished\":\"2023-12-07T14:52:18+00:00\",\"dateModified\":\"2026-01-15T16:17:47+00:00\",\"description\":\"PBS-systemet er rettet mot fagarbeidere, internasjonale studenter og innovative profiler som \u00f8nsker \u00e5 jobbe i Storbritannia.\",\"inLanguage\":\"nb-NO\",\"potentialAction\":[{\"@type\":\"ReadAction\",\"target\":[\"https:\\\/\\\/uk-gb.net\\\/no\\\/pbs-system-poeng-visum-england\\\/\"]}]},{\"@type\":\"WebSite\",\"@id\":\"https:\\\/\\\/uk-gb.net\\\/no\\\/#website\",\"url\":\"https:\\\/\\\/uk-gb.net\\\/no\\\/\",\"name\":\"UK GB\",\"description\":\"Travel to the UK\",\"potentialAction\":[{\"@type\":\"SearchAction\",\"target\":{\"@type\":\"EntryPoint\",\"urlTemplate\":\"https:\\\/\\\/uk-gb.net\\\/no\\\/?s={search_term_string}\"},\"query-input\":{\"@type\":\"PropertyValueSpecification\",\"valueRequired\":true,\"valueName\":\"search_term_string\"}}],\"inLanguage\":\"nb-NO\"}]}<\/script>\n<!-- \/ Yoast SEO plugin. -->","yoast_head_json":{"title":"PBS-poengsystem for \u00e5 f\u00e5 visum til England - UK GB","description":"PBS-systemet er rettet mot fagarbeidere, internasjonale studenter og innovative profiler som \u00f8nsker \u00e5 jobbe i Storbritannia.","robots":{"index":"index","follow":"follow","max-snippet":"max-snippet:-1","max-image-preview":"max-image-preview:large","max-video-preview":"max-video-preview:-1"},"canonical":"https:\/\/uk-gb.net\/no\/pbs-system-poeng-visum-england\/","og_locale":"nb_NO","og_type":"article","og_title":"PBS-poengsystem for \u00e5 f\u00e5 visum til England - UK GB","og_description":"PBS-systemet er rettet mot fagarbeidere, internasjonale studenter og innovative profiler som \u00f8nsker \u00e5 jobbe i Storbritannia.","og_url":"https:\/\/uk-gb.net\/no\/pbs-system-poeng-visum-england\/","og_site_name":"UK GB","article_modified_time":"2026-01-15T16:17:47+00:00","twitter_card":"summary_large_image","twitter_misc":{"Ansl. lesetid":"2 minutter"},"schema":{"@context":"https:\/\/schema.org","@graph":[{"@type":"WebPage","@id":"https:\/\/uk-gb.net\/no\/pbs-system-poeng-visum-england\/","url":"https:\/\/uk-gb.net\/no\/pbs-system-poeng-visum-england\/","name":"PBS-poengsystem for \u00e5 f\u00e5 visum til England - UK GB","isPartOf":{"@id":"https:\/\/uk-gb.net\/no\/#website"},"datePublished":"2023-12-07T14:52:18+00:00","dateModified":"2026-01-15T16:17:47+00:00","description":"PBS-systemet er rettet mot fagarbeidere, internasjonale studenter og innovative profiler som \u00f8nsker \u00e5 jobbe i Storbritannia.","inLanguage":"nb-NO","potentialAction":[{"@type":"ReadAction","target":["https:\/\/uk-gb.net\/no\/pbs-system-poeng-visum-england\/"]}]},{"@type":"WebSite","@id":"https:\/\/uk-gb.net\/no\/#website","url":"https:\/\/uk-gb.net\/no\/","name":"UK GB","description":"Travel to the UK","potentialAction":[{"@type":"SearchAction","target":{"@type":"EntryPoint","urlTemplate":"https:\/\/uk-gb.net\/no\/?s={search_term_string}"},"query-input":{"@type":"PropertyValueSpecification","valueRequired":true,"valueName":"search_term_string"}}],"inLanguage":"nb-NO"}]}},"_links":{"self":[{"href":"https:\/\/uk-gb.net\/no\/wp-json\/wp\/v2\/pages\/1737","targetHints":{"allow":["GET"]}}],"collection":[{"href":"https:\/\/uk-gb.net\/no\/wp-json\/wp\/v2\/pages"}],"about":[{"href":"https:\/\/uk-gb.net\/no\/wp-json\/wp\/v2\/types\/page"}],"author":[{"embeddable":true,"href":"https:\/\/uk-gb.net\/no\/wp-json\/wp\/v2\/users\/1"}],"replies":[{"embeddable":true,"href":"https:\/\/uk-gb.net\/no\/wp-json\/wp\/v2\/comments?post=1737"}],"version-history":[{"count":0,"href":"https:\/\/uk-gb.net\/no\/wp-json\/wp\/v2\/pages\/1737\/revisions"}],"wp:attachment":[{"href":"https:\/\/uk-gb.net\/no\/wp-json\/wp\/v2\/media?parent=1737"}],"curies":[{"name":"wp","href":"https:\/\/api.w.org\/{rel}","templated":true}]}}