{"id":1686,"date":"2024-02-25T10:31:56","date_gmt":"2024-02-25T10:31:56","guid":{"rendered":"https:\/\/uk-gb.net\/soknadsprosedyre-visa-forente-stater\/"},"modified":"2026-01-15T16:15:10","modified_gmt":"2026-01-15T16:15:10","slug":"soknadsprosedyre-visa-forente-stater","status":"publish","type":"page","link":"https:\/\/uk-gb.net\/no\/soknadsprosedyre-visa-forente-stater\/","title":{"rendered":"Prosedyre for visums\u00f8knad til Storbritannia"},"content":{"rendered":"\n<h1 class=\"wp-block-heading\">Prosedyren for \u00e5 f\u00e5 visum for \u00e5 reise til Storbritannia<\/h1>\n\n<p>Hvis du ikke er kvalifisert for <a href=\"https:\/\/uk-gb.net\/no\/eta-storbritannia-forente-kongerike\/\">ETA<\/a>, m\u00e5 du skaffe deg et <a href=\"https:\/\/uk-gb.net\/no\/forskjellige-britiske-visum\/\">britisk visum<\/a> for \u00e5 reise inn i Storbritannia. S\u00f8knaden gj\u00f8res i flere trinn, og starter alltid med et elektronisk skjema, etterfulgt av en avtale p\u00e5 en ambassade eller et godkjent s\u00f8knadssenter. <\/p>\n\n<p><strong>For turist- eller forretningsopphold<\/strong> p\u00e5 <strong>mindre enn 6 m\u00e5neder<\/strong>: Statsborgere i kvalifiserte land kan <a href=\"https:\/\/uk-gb.net\/no\/online-skjema-eta-england\/\">s\u00f8ke om ETA p\u00e5 nettet<\/a> i stedet for visum. Denne prosedyren er raskere og 100 % nettbasert. <\/p>\n\n<div style=\"height:10px\" aria-hidden=\"true\" class=\"wp-block-spacer\"><\/div>\n\n<h2 class=\"wp-block-heading\">Hvordan s\u00f8ker jeg om visum til Storbritannia?<\/h2>\n\n<p>Du kan s\u00f8ke om visum til Storbritannia p\u00e5 nettet. Prosedyren for \u00e5 s\u00f8ke om visum til Storbritannia best\u00e5r av flere obligatoriske trinn: <\/p>\n\n<ol class=\"wp-block-list\">\n<li>Bestem hvilken <a href=\"https:\/\/uk-gb.net\/no\/forskjellige-britiske-visum\/\">type britisk visum<\/a> som kreves, avhengig av \u00e5rsaken til reisen (turisme, studier, arbeid, transitt);<\/li>\n\n\n\n<li>Samle inn all dokumentasjon som kreves av britiske myndigheter;<\/li>\n\n\n\n<li>Fyll ut visums\u00f8knadsskjemaet p\u00e5 den offisielle britiske regjeringens nettsted: <a class=\"\" href=\"https:\/\/www.gov.uk\/\">gov.uk<\/a>;<\/li>\n\n\n\n<li>Betal <a href=\"https:\/\/uk-gb.net\/no\/hvor-koster-visum-reise-storbritannia\/\">visumavgiften<\/a> p\u00e5 nettet n\u00e5r du sender inn s\u00f8knaden;<\/li>\n\n\n\n<li>Gj\u00f8r en avtale med en <a href=\"https:\/\/uk-gb.net\/no\/visumavtale-ved-den-britiske-ambassaden\/\">britisk ambassade<\/a> eller et godkjent visums\u00f8knadssenter;<\/li>\n\n\n\n<li>Send inn alle originaldokumenter og dokumentasjon ved <a href=\"https:\/\/uk-gb.net\/no\/visumavtale-ved-den-britiske-ambassaden\/\">visumbes\u00f8ket p\u00e5 ambassaden<\/a>;<\/li>\n\n\n\n<li>Delta p\u00e5 et intervju med en konsul\u00e6r tjenestemann hvis dette er p\u00e5krevd for visumtypen din.<\/li>\n<\/ol>\n\n<div style=\"height:10px\" aria-hidden=\"true\" class=\"wp-block-spacer\"><\/div>\n\n<h2 class=\"wp-block-heading\">Hvilke dokumenter kreves?<\/h2>\n\n<p>Hvilke dokumenter som kreves, avhenger av hvilket visum det s\u00f8kes om, men m\u00e5 generelt gj\u00f8re det mulig for britiske myndigheter \u00e5 :<\/p>\n\n<ul class=\"wp-block-list\">\n<li>Sjekk at du reiser inn i Storbritannia for \u00e5 utf\u00f8re en <strong>godkjent aktivitet<\/strong>;<\/li>\n\n\n\n<li>Bekreft at du <strong>kommer til \u00e5 forlate landet n\u00e5r visumet ditt utl\u00f8per<\/strong>;<\/li>\n\n\n\n<li>Bevis at du kan <strong>finansiere oppholdet ditt<\/strong> og eventuelle medf\u00f8lgende personers <strong>opphold<\/strong>;<\/li>\n\n\n\n<li>Bevis at du er i <strong>stand til \u00e5 betale for hjemreisen<\/strong> eller neste <strong>reisem\u00e5l<\/strong>.<\/li>\n<\/ul>\n\n<div style=\"height:10px\" aria-hidden=\"true\" class=\"wp-block-spacer\"><\/div>\n\n<p>Alle st\u00f8ttedokumenter m\u00e5 leveres i <strong>digitalt format, skannet<\/strong> fra <strong>originaldokumentene<\/strong>. Ubekreftede fotokopier eller oversettelser kan f\u00f8re til avslag. <\/p>\n\n<h2 class=\"wp-block-heading\">Behandlingstid og forventning<\/h2>\n\n<p>Standard behandlingstid for en visums\u00f8knad er i gjennomsnitt <strong>tre uker<\/strong> fra datoen for den konsul\u00e6re avtalen. Det anbefales \u00e5 sende inn s\u00f8knaden <strong>minst \u00e9n m\u00e5ned f\u00f8r planlagt avreise<\/strong>, spesielt i travle perioder. <\/p>\n\n<p>Prioritert <strong>service<\/strong> er tilgjengelig mot en ekstra kostnad.<\/p>\n\n<h2 class=\"wp-block-heading\">Kan jeg endre eller kansellere visums\u00f8knaden min?<\/h2>\n\n<p>N\u00e5r du har sendt inn s\u00f8knaden og betalt <a href=\"https:\/\/uk-gb.net\/no\/hvor-koster-visum-reise-storbritannia\/\">visumavgiften<\/a>, kan du ikke <strong>endre opplysningene du har oppgitt,<\/strong> og du kan heller ikke f\u00e5 refusjon ved en eventuell avbestilling. Hvis du har gjort en feil eller endret planene dine, m\u00e5 du sende inn <strong>en helt ny s\u00f8knad<\/strong> med nye avgifter. <\/p>\n\n<h2 class=\"wp-block-heading\">Hva er forskjellen mellom et visum og en ETA?<\/h2>\n\n<p><strong>Visumet<\/strong> er en standardtillatelse som utstedes etter en grundig unders\u00f8kelse, og som ofte kreves for lengre opphold eller for statsborgere fra land som ikke er omfattet av ETA-programmet.<\/p>\n\n<p><strong>ETA<\/strong> er <strong>raskere<\/strong>, <strong>billigere<\/strong> (\u00a316) og er beregnet p\u00e5 visse visumfrie reisende. Det er gyldig i <strong>to \u00e5r<\/strong> for opphold p\u00e5 <strong>mindre enn seks m\u00e5neder<\/strong>. <\/p>\n","protected":false},"excerpt":{"rendered":"<p>Prosedyren for \u00e5 f\u00e5 visum for \u00e5 reise til Storbritannia Hvis du ikke er kvalifisert for ETA, m\u00e5 du skaffe deg et britisk visum for \u00e5 reise inn i Storbritannia. S\u00f8knaden gj\u00f8res i flere trinn, og starter alltid med et elektronisk skjema, etterfulgt av en avtale p\u00e5 en ambassade eller et godkjent s\u00f8knadssenter. For turist- [&hellip;]<\/p>\n","protected":false},"author":1,"featured_media":0,"parent":0,"menu_order":0,"comment_status":"closed","ping_status":"closed","template":"","meta":{"footnotes":""},"class_list":["post-1686","page","type-page","status-publish","hentry"],"yoast_head":"<!-- This site is optimized with the Yoast SEO plugin v27.4 - https:\/\/yoast.com\/product\/yoast-seo-wordpress\/ -->\n<title>Prosedyre for visums\u00f8knad til Storbritannia - UK GB<\/title>\n<meta name=\"description\" content=\"Finn ut hvordan du s\u00f8ker om visum p\u00e5 nett for reisen til Storbritannia p\u00e5 bare noen f\u00e5 trinn.\" \/>\n<meta name=\"robots\" content=\"index, follow, max-snippet:-1, max-image-preview:large, max-video-preview:-1\" \/>\n<link rel=\"canonical\" href=\"https:\/\/uk-gb.net\/no\/soknadsprosedyre-visa-forente-stater\/\" \/>\n<meta property=\"og:locale\" content=\"nb_NO\" \/>\n<meta property=\"og:type\" content=\"article\" \/>\n<meta property=\"og:title\" content=\"Prosedyre for visums\u00f8knad til Storbritannia - UK GB\" \/>\n<meta property=\"og:description\" content=\"Finn ut hvordan du s\u00f8ker om visum p\u00e5 nett for reisen til Storbritannia p\u00e5 bare noen f\u00e5 trinn.\" \/>\n<meta property=\"og:url\" content=\"https:\/\/uk-gb.net\/no\/soknadsprosedyre-visa-forente-stater\/\" \/>\n<meta property=\"og:site_name\" content=\"UK GB\" \/>\n<meta property=\"article:modified_time\" content=\"2026-01-15T16:15:10+00:00\" \/>\n<meta name=\"twitter:card\" content=\"summary_large_image\" \/>\n<meta name=\"twitter:label1\" content=\"Ansl. lesetid\" \/>\n\t<meta name=\"twitter:data1\" content=\"2 minutter\" \/>\n<script type=\"application\/ld+json\" class=\"yoast-schema-graph\">{\"@context\":\"https:\\\/\\\/schema.org\",\"@graph\":[{\"@type\":\"WebPage\",\"@id\":\"https:\\\/\\\/uk-gb.net\\\/no\\\/soknadsprosedyre-visa-forente-stater\\\/\",\"url\":\"https:\\\/\\\/uk-gb.net\\\/no\\\/soknadsprosedyre-visa-forente-stater\\\/\",\"name\":\"Prosedyre for visums\u00f8knad til Storbritannia - UK GB\",\"isPartOf\":{\"@id\":\"https:\\\/\\\/uk-gb.net\\\/no\\\/#website\"},\"datePublished\":\"2024-02-25T10:31:56+00:00\",\"dateModified\":\"2026-01-15T16:15:10+00:00\",\"description\":\"Finn ut hvordan du s\u00f8ker om visum p\u00e5 nett for reisen til Storbritannia p\u00e5 bare noen f\u00e5 trinn.\",\"inLanguage\":\"nb-NO\",\"potentialAction\":[{\"@type\":\"ReadAction\",\"target\":[\"https:\\\/\\\/uk-gb.net\\\/no\\\/soknadsprosedyre-visa-forente-stater\\\/\"]}]},{\"@type\":\"WebSite\",\"@id\":\"https:\\\/\\\/uk-gb.net\\\/no\\\/#website\",\"url\":\"https:\\\/\\\/uk-gb.net\\\/no\\\/\",\"name\":\"UK GB\",\"description\":\"Travel to the UK\",\"potentialAction\":[{\"@type\":\"SearchAction\",\"target\":{\"@type\":\"EntryPoint\",\"urlTemplate\":\"https:\\\/\\\/uk-gb.net\\\/no\\\/?s={search_term_string}\"},\"query-input\":{\"@type\":\"PropertyValueSpecification\",\"valueRequired\":true,\"valueName\":\"search_term_string\"}}],\"inLanguage\":\"nb-NO\"}]}<\/script>\n<!-- \/ Yoast SEO plugin. -->","yoast_head_json":{"title":"Prosedyre for visums\u00f8knad til Storbritannia - UK GB","description":"Finn ut hvordan du s\u00f8ker om visum p\u00e5 nett for reisen til Storbritannia p\u00e5 bare noen f\u00e5 trinn.","robots":{"index":"index","follow":"follow","max-snippet":"max-snippet:-1","max-image-preview":"max-image-preview:large","max-video-preview":"max-video-preview:-1"},"canonical":"https:\/\/uk-gb.net\/no\/soknadsprosedyre-visa-forente-stater\/","og_locale":"nb_NO","og_type":"article","og_title":"Prosedyre for visums\u00f8knad til Storbritannia - UK GB","og_description":"Finn ut hvordan du s\u00f8ker om visum p\u00e5 nett for reisen til Storbritannia p\u00e5 bare noen f\u00e5 trinn.","og_url":"https:\/\/uk-gb.net\/no\/soknadsprosedyre-visa-forente-stater\/","og_site_name":"UK GB","article_modified_time":"2026-01-15T16:15:10+00:00","twitter_card":"summary_large_image","twitter_misc":{"Ansl. lesetid":"2 minutter"},"schema":{"@context":"https:\/\/schema.org","@graph":[{"@type":"WebPage","@id":"https:\/\/uk-gb.net\/no\/soknadsprosedyre-visa-forente-stater\/","url":"https:\/\/uk-gb.net\/no\/soknadsprosedyre-visa-forente-stater\/","name":"Prosedyre for visums\u00f8knad til Storbritannia - UK GB","isPartOf":{"@id":"https:\/\/uk-gb.net\/no\/#website"},"datePublished":"2024-02-25T10:31:56+00:00","dateModified":"2026-01-15T16:15:10+00:00","description":"Finn ut hvordan du s\u00f8ker om visum p\u00e5 nett for reisen til Storbritannia p\u00e5 bare noen f\u00e5 trinn.","inLanguage":"nb-NO","potentialAction":[{"@type":"ReadAction","target":["https:\/\/uk-gb.net\/no\/soknadsprosedyre-visa-forente-stater\/"]}]},{"@type":"WebSite","@id":"https:\/\/uk-gb.net\/no\/#website","url":"https:\/\/uk-gb.net\/no\/","name":"UK GB","description":"Travel to the UK","potentialAction":[{"@type":"SearchAction","target":{"@type":"EntryPoint","urlTemplate":"https:\/\/uk-gb.net\/no\/?s={search_term_string}"},"query-input":{"@type":"PropertyValueSpecification","valueRequired":true,"valueName":"search_term_string"}}],"inLanguage":"nb-NO"}]}},"_links":{"self":[{"href":"https:\/\/uk-gb.net\/no\/wp-json\/wp\/v2\/pages\/1686","targetHints":{"allow":["GET"]}}],"collection":[{"href":"https:\/\/uk-gb.net\/no\/wp-json\/wp\/v2\/pages"}],"about":[{"href":"https:\/\/uk-gb.net\/no\/wp-json\/wp\/v2\/types\/page"}],"author":[{"embeddable":true,"href":"https:\/\/uk-gb.net\/no\/wp-json\/wp\/v2\/users\/1"}],"replies":[{"embeddable":true,"href":"https:\/\/uk-gb.net\/no\/wp-json\/wp\/v2\/comments?post=1686"}],"version-history":[{"count":0,"href":"https:\/\/uk-gb.net\/no\/wp-json\/wp\/v2\/pages\/1686\/revisions"}],"wp:attachment":[{"href":"https:\/\/uk-gb.net\/no\/wp-json\/wp\/v2\/media?parent=1686"}],"curies":[{"name":"wp","href":"https:\/\/api.w.org\/{rel}","templated":true}]}}