{"id":1668,"date":"2023-12-19T19:58:55","date_gmt":"2023-12-19T19:58:55","guid":{"rendered":"https:\/\/uk-gb.net\/land-som-kan-soke-om-eta-uk\/"},"modified":"2026-01-15T16:11:34","modified_gmt":"2026-01-15T16:11:34","slug":"land-som-kan-soke-om-eta-uk","status":"publish","type":"page","link":"https:\/\/uk-gb.net\/no\/land-som-kan-soke-om-eta-uk\/","title":{"rendered":"Land som er kvalifisert for ETA i Storbritannia"},"content":{"rendered":"\n<h1 class=\"wp-block-heading\">Hvilke lands statsborgere kan f\u00e5 ETA i Storbritannia<\/h1>\n\n<p>Her er en liste over landene hvis statsborgere har rett til ETA for \u00e5 reise til Storbritannia, sammen med de viktigste datoene da ordningen ble innf\u00f8rt:<\/p>\n\n<figure class=\"wp-block-table\"><table><tbody><tr><td><strong>Land som er kvalifisert for ETA og s\u00f8knadsdatoer<\/strong><\/td><td><strong>Startdato for kravet om \u00e5 ha en ETA for \u00e5 reise<\/strong><\/td><\/tr><tr><td>Qatar<\/td><td>15. november 2023<\/td><\/tr><tr><td>Saudi-Arabia, Bahrain, De forente arabiske emirater, Kuwait, Oman<\/td><td>22. februar 2024<\/td><\/tr><tr><td>Antigua og Barbuda, Argentina, Australia, Bahamas, Barbados, Belize, Botswana, Brasil, Brunei, Canada, Chile, Costa Rica, Grenada, Guatemala, Guyana, Hong Kong, Israel, Japan, Kiribati, Macao, Malaysia, Maldivene, Marshall\u00f8yene, Mauritius, Mexico, Mikronesiaf\u00f8derasjonen, Nauru, New Zealand, Nicaragua, Palau, Panama, Papua Ny-Guinea, Paraguay, Peru, Samoa, Seychellene, Singapore, Salomon\u00f8yene, S\u00f8r-Korea, Saint Kitts og Nevis, Saint Lucia, Saint Vincent og Grenadinene, Taiwan, Tonga, Trinidad og Tobago, Tuvalu, USA, Uruguay.<\/td><td>8. januar 2025<\/td><\/tr><tr><td><strong>Europeiske land<\/strong>: Andorra, \u00d8sterrike, Belgia, Bulgaria, Kroatia, Kypros, Tsjekkia, Danmark, Estland, Finland, Frankrike, Tyskland, Hellas, Ungarn, Island, Italia, Latvia, Liechtenstein, Litauen, Luxembourg, Malta, Monaco, Nederland, Norge, Polen, Portugal, Romania, San Marino, Slovakia, Slovenia, Spania, Sverige, Sveits, Vatikanstaten.<\/td><td>2. april 2025<\/td><\/tr><\/tbody><\/table><figcaption class=\"wp-element-caption\">Liste over land som har tillatelse til \u00e5 be om ETA for Storbritannia<\/figcaption><\/figure>\n\n<p>EU-borgere m\u00e5 derfor reise med en britisk ETA fra 2. april 2025. De m\u00e5 <a href=\"https:\/\/uk-gb.net\/no\/online-skjema-eta-england\/\">s\u00f8ke om et britisk ETA p\u00e5 nettet<\/a>. <\/p>\n\n<h2 class=\"wp-block-heading\">Unntak fra ETA<\/h2>\n\n<p>F\u00f8lgende personer trenger ikke \u00e5 s\u00f8ke om ETA:<\/p>\n\n<ul class=\"wp-block-list\">\n<li>Britiske eller irske statsborgere<\/li>\n\n\n\n<li>Innehaver av gyldig britisk visum<\/li>\n\n\n\n<li>Permanent eller midlertidig bosatt i Storbritannia (settled eller pre-settled status)<\/li>\n\n\n\n<li>Personer som er lovlig bosatt i Irland og reiser fra Irland eller Kanal\u00f8yene<\/li>\n\n\n\n<li>Barn under 18 \u00e5r som deltar p\u00e5 en organisert skoletur (p\u00e5 visse vilk\u00e5r)<\/li>\n<\/ul>\n","protected":false},"excerpt":{"rendered":"<p>Hvilke lands statsborgere kan f\u00e5 ETA i Storbritannia Her er en liste over landene hvis statsborgere har rett til ETA for \u00e5 reise til Storbritannia, sammen med de viktigste datoene da ordningen ble innf\u00f8rt: EU-borgere m\u00e5 derfor reise med en britisk ETA fra 2. april 2025. De m\u00e5 s\u00f8ke om et britisk ETA p\u00e5 nettet. [&hellip;]<\/p>\n","protected":false},"author":1,"featured_media":0,"parent":0,"menu_order":0,"comment_status":"closed","ping_status":"closed","template":"","meta":{"footnotes":""},"class_list":["post-1668","page","type-page","status-publish","hentry"],"yoast_head":"<!-- This site is optimized with the Yoast SEO plugin v27.4 - https:\/\/yoast.com\/product\/yoast-seo-wordpress\/ -->\n<title>Land som er kvalifisert for ETA i Storbritannia - UK GB<\/title>\n<meta name=\"description\" content=\"Her er listen over land der innbyggerne kan s\u00f8ke om ETA for \u00e5 reise til Storbritannia uten visum.\" \/>\n<meta name=\"robots\" content=\"index, follow, max-snippet:-1, max-image-preview:large, max-video-preview:-1\" \/>\n<link rel=\"canonical\" href=\"https:\/\/uk-gb.net\/no\/land-som-kan-soke-om-eta-uk\/\" \/>\n<meta property=\"og:locale\" content=\"nb_NO\" \/>\n<meta property=\"og:type\" content=\"article\" \/>\n<meta property=\"og:title\" content=\"Land som er kvalifisert for ETA i Storbritannia - UK GB\" \/>\n<meta property=\"og:description\" content=\"Her er listen over land der innbyggerne kan s\u00f8ke om ETA for \u00e5 reise til Storbritannia uten visum.\" \/>\n<meta property=\"og:url\" content=\"https:\/\/uk-gb.net\/no\/land-som-kan-soke-om-eta-uk\/\" \/>\n<meta property=\"og:site_name\" content=\"UK GB\" \/>\n<meta property=\"article:modified_time\" content=\"2026-01-15T16:11:34+00:00\" \/>\n<meta name=\"twitter:card\" content=\"summary_large_image\" \/>\n<meta name=\"twitter:label1\" content=\"Ansl. lesetid\" \/>\n\t<meta name=\"twitter:data1\" content=\"1 minutt\" \/>\n<script type=\"application\/ld+json\" class=\"yoast-schema-graph\">{\"@context\":\"https:\\\/\\\/schema.org\",\"@graph\":[{\"@type\":\"WebPage\",\"@id\":\"https:\\\/\\\/uk-gb.net\\\/no\\\/land-som-kan-soke-om-eta-uk\\\/\",\"url\":\"https:\\\/\\\/uk-gb.net\\\/no\\\/land-som-kan-soke-om-eta-uk\\\/\",\"name\":\"Land som er kvalifisert for ETA i Storbritannia - UK GB\",\"isPartOf\":{\"@id\":\"https:\\\/\\\/uk-gb.net\\\/no\\\/#website\"},\"datePublished\":\"2023-12-19T19:58:55+00:00\",\"dateModified\":\"2026-01-15T16:11:34+00:00\",\"description\":\"Her er listen over land der innbyggerne kan s\u00f8ke om ETA for \u00e5 reise til Storbritannia uten visum.\",\"inLanguage\":\"nb-NO\",\"potentialAction\":[{\"@type\":\"ReadAction\",\"target\":[\"https:\\\/\\\/uk-gb.net\\\/no\\\/land-som-kan-soke-om-eta-uk\\\/\"]}]},{\"@type\":\"WebSite\",\"@id\":\"https:\\\/\\\/uk-gb.net\\\/no\\\/#website\",\"url\":\"https:\\\/\\\/uk-gb.net\\\/no\\\/\",\"name\":\"UK GB\",\"description\":\"Travel to the UK\",\"potentialAction\":[{\"@type\":\"SearchAction\",\"target\":{\"@type\":\"EntryPoint\",\"urlTemplate\":\"https:\\\/\\\/uk-gb.net\\\/no\\\/?s={search_term_string}\"},\"query-input\":{\"@type\":\"PropertyValueSpecification\",\"valueRequired\":true,\"valueName\":\"search_term_string\"}}],\"inLanguage\":\"nb-NO\"}]}<\/script>\n<!-- \/ Yoast SEO plugin. -->","yoast_head_json":{"title":"Land som er kvalifisert for ETA i Storbritannia - UK GB","description":"Her er listen over land der innbyggerne kan s\u00f8ke om ETA for \u00e5 reise til Storbritannia uten visum.","robots":{"index":"index","follow":"follow","max-snippet":"max-snippet:-1","max-image-preview":"max-image-preview:large","max-video-preview":"max-video-preview:-1"},"canonical":"https:\/\/uk-gb.net\/no\/land-som-kan-soke-om-eta-uk\/","og_locale":"nb_NO","og_type":"article","og_title":"Land som er kvalifisert for ETA i Storbritannia - UK GB","og_description":"Her er listen over land der innbyggerne kan s\u00f8ke om ETA for \u00e5 reise til Storbritannia uten visum.","og_url":"https:\/\/uk-gb.net\/no\/land-som-kan-soke-om-eta-uk\/","og_site_name":"UK GB","article_modified_time":"2026-01-15T16:11:34+00:00","twitter_card":"summary_large_image","twitter_misc":{"Ansl. lesetid":"1 minutt"},"schema":{"@context":"https:\/\/schema.org","@graph":[{"@type":"WebPage","@id":"https:\/\/uk-gb.net\/no\/land-som-kan-soke-om-eta-uk\/","url":"https:\/\/uk-gb.net\/no\/land-som-kan-soke-om-eta-uk\/","name":"Land som er kvalifisert for ETA i Storbritannia - UK GB","isPartOf":{"@id":"https:\/\/uk-gb.net\/no\/#website"},"datePublished":"2023-12-19T19:58:55+00:00","dateModified":"2026-01-15T16:11:34+00:00","description":"Her er listen over land der innbyggerne kan s\u00f8ke om ETA for \u00e5 reise til Storbritannia uten visum.","inLanguage":"nb-NO","potentialAction":[{"@type":"ReadAction","target":["https:\/\/uk-gb.net\/no\/land-som-kan-soke-om-eta-uk\/"]}]},{"@type":"WebSite","@id":"https:\/\/uk-gb.net\/no\/#website","url":"https:\/\/uk-gb.net\/no\/","name":"UK GB","description":"Travel to the UK","potentialAction":[{"@type":"SearchAction","target":{"@type":"EntryPoint","urlTemplate":"https:\/\/uk-gb.net\/no\/?s={search_term_string}"},"query-input":{"@type":"PropertyValueSpecification","valueRequired":true,"valueName":"search_term_string"}}],"inLanguage":"nb-NO"}]}},"_links":{"self":[{"href":"https:\/\/uk-gb.net\/no\/wp-json\/wp\/v2\/pages\/1668","targetHints":{"allow":["GET"]}}],"collection":[{"href":"https:\/\/uk-gb.net\/no\/wp-json\/wp\/v2\/pages"}],"about":[{"href":"https:\/\/uk-gb.net\/no\/wp-json\/wp\/v2\/types\/page"}],"author":[{"embeddable":true,"href":"https:\/\/uk-gb.net\/no\/wp-json\/wp\/v2\/users\/1"}],"replies":[{"embeddable":true,"href":"https:\/\/uk-gb.net\/no\/wp-json\/wp\/v2\/comments?post=1668"}],"version-history":[{"count":0,"href":"https:\/\/uk-gb.net\/no\/wp-json\/wp\/v2\/pages\/1668\/revisions"}],"wp:attachment":[{"href":"https:\/\/uk-gb.net\/no\/wp-json\/wp\/v2\/media?parent=1668"}],"curies":[{"name":"wp","href":"https:\/\/api.w.org\/{rel}","templated":true}]}}