{"id":1660,"date":"2024-02-25T10:29:22","date_gmt":"2024-02-25T10:29:22","guid":{"rendered":"https:\/\/uk-gb.net\/eta-pris-storbritannia\/"},"modified":"2026-04-02T11:10:49","modified_gmt":"2026-04-02T10:10:49","slug":"eta-pris-storbritannia","status":"publish","type":"page","link":"https:\/\/uk-gb.net\/no\/eta-pris-storbritannia\/","title":{"rendered":"ETA-prisen for Storbritannia"},"content":{"rendered":"\n<h1 class=\"wp-block-heading\">Hvor mye koster en ETA-autorisasjon for Storbritannia?<\/h1>\n\n<p>Hvis du er statsborger i et land som er kvalifisert for det britiske <strong>visumfritaksprogrammet<\/strong>, kan du <a href=\"https:\/\/uk-gb.net\/no\/online-skjema-eta-england\/\">s\u00f8ke om en ETA<\/a> for \u00e5 reise inn i Storbritannia uten <a href=\"https:\/\/uk-gb.net\/no\/forskjellige-britiske-visum\/\">britisk visum<\/a>. <\/p>\n\n<p><strong>Prosedyren er rask og 100 % nettbasert<\/strong> ved \u00e5 fylle ut <a href=\"https:\/\/uk-gb.net\/no\/online-skjema-eta-england\/\">ETA-skjemaet p\u00e5 nettet.<\/a><\/p>\n\n<div style=\"height:10px\" aria-hidden=\"true\" class=\"wp-block-spacer\"><\/div>\n\n<h2 class=\"wp-block-heading\">ETA-tariff for Storbritannia<\/h2>\n\n<p>Den offisielle prisen for en ETA har siden 8. april 2026 v\u00e6rt 20 <strong>pund<\/strong>, eller rundt <strong>23 euro.<\/strong> Dette er en <strong>fast sats<\/strong> som er identisk for alle s\u00f8kere, uansett alder eller opprinnelsesland. <\/p>\n\n<p>Dette er betydelig mindre enn kostnaden for et <a href=\"https:\/\/uk-gb.net\/no\/turist-besoker-england-forente-kongerikerike\/\">turistvisum<\/a>, som er p\u00e5 minst <strong>115 pund<\/strong> for et korttidsopphold.<\/p>\n\n<h2 class=\"wp-block-heading\">Hvordan stiller jeg inn ETA?<\/h2>\n\n<p>Betaling skjer <strong>direkte p\u00e5 nettet<\/strong> ved s\u00f8knadstidspunktet, med kredittkort (Visa, Mastercard osv.). Betaling er <strong>obligatorisk<\/strong> for at foresp\u00f8rselen skal bli tatt i betraktning: ingen behandling vil begynne f\u00f8r betalingen er validert. <\/p>\n\n<p>N\u00e5r betalingen er gjennomf\u00f8rt, begynner systemet umiddelbart \u00e5 unders\u00f8ke filen din, og svaret sendes vanligvis via e-post i l\u00f8pet av noen timer (eller opptil tre dager hvis det er behov for ytterligere analyse).<\/p>\n\n<h2 class=\"wp-block-heading\">Ingen refusjon mulig<\/h2>\n\n<p>Bel\u00f8pet du har betalt for et ETA kan <strong>ikke refunderes<\/strong>, selv om s\u00f8knaden din blir avsl\u00e5tt, kansellert eller hvis du endrer reiseplanene dine. Det er derfor viktig at du sjekker om du er <strong>kvalifisert<\/strong> f\u00f8r du starter prosedyren, s\u00e6rlig hvis du bytter pass eller ikke er statsborger i et <a href=\"https:\/\/uk-gb.net\/no\/land-som-kan-soke-om-eta-uk\/\">land som er kvalifisert for ETA-programmet<\/a>. <\/p>\n\n<h2 class=\"wp-block-heading\">En ETA er gyldig i to \u00e5r<\/h2>\n\n<p>ETA er <strong>gyldig i to \u00e5r<\/strong> eller til passet ditt utl\u00f8per, avhengig av hva som kommer f\u00f8rst. Du kan reise inn i Storbritannia flere ganger i l\u00f8pet av denne perioden, med opphold p\u00e5 <strong>mindre enn 6 m\u00e5neder<\/strong> hver gang. <\/p>\n","protected":false},"excerpt":{"rendered":"<p>Hvor mye koster en ETA-autorisasjon for Storbritannia? Hvis du er statsborger i et land som er kvalifisert for det britiske visumfritaksprogrammet, kan du s\u00f8ke om en ETA for \u00e5 reise inn i Storbritannia uten britisk visum. Prosedyren er rask og 100 % nettbasert ved \u00e5 fylle ut ETA-skjemaet p\u00e5 nettet. ETA-tariff for Storbritannia Den offisielle [&hellip;]<\/p>\n","protected":false},"author":1,"featured_media":0,"parent":0,"menu_order":0,"comment_status":"closed","ping_status":"closed","template":"","meta":{"footnotes":""},"class_list":["post-1660","page","type-page","status-publish","hentry"],"yoast_head":"<!-- This site is optimized with the Yoast SEO plugin v27.4 - https:\/\/yoast.com\/product\/yoast-seo-wordpress\/ -->\n<title>ETA-prisen for Storbritannia - UK GB<\/title>\n<meta name=\"description\" content=\"Hva er det administrative gebyret som m\u00e5 betales p\u00e5 nett for \u00e5 validere en s\u00f8knad om elektronisk reisetillatelse ETA?\" \/>\n<meta name=\"robots\" content=\"index, follow, max-snippet:-1, max-image-preview:large, max-video-preview:-1\" \/>\n<link rel=\"canonical\" href=\"https:\/\/uk-gb.net\/no\/eta-pris-storbritannia\/\" \/>\n<meta property=\"og:locale\" content=\"nb_NO\" \/>\n<meta property=\"og:type\" content=\"article\" \/>\n<meta property=\"og:title\" content=\"ETA-prisen for Storbritannia - UK GB\" \/>\n<meta property=\"og:description\" content=\"Hva er det administrative gebyret som m\u00e5 betales p\u00e5 nett for \u00e5 validere en s\u00f8knad om elektronisk reisetillatelse ETA?\" \/>\n<meta property=\"og:url\" content=\"https:\/\/uk-gb.net\/no\/eta-pris-storbritannia\/\" \/>\n<meta property=\"og:site_name\" content=\"UK GB\" \/>\n<meta property=\"article:modified_time\" content=\"2026-04-02T10:10:49+00:00\" \/>\n<meta name=\"twitter:card\" content=\"summary_large_image\" \/>\n<meta name=\"twitter:label1\" content=\"Ansl. lesetid\" \/>\n\t<meta name=\"twitter:data1\" content=\"1 minutt\" \/>\n<script type=\"application\/ld+json\" class=\"yoast-schema-graph\">{\"@context\":\"https:\\\/\\\/schema.org\",\"@graph\":[{\"@type\":\"WebPage\",\"@id\":\"https:\\\/\\\/uk-gb.net\\\/no\\\/eta-pris-storbritannia\\\/\",\"url\":\"https:\\\/\\\/uk-gb.net\\\/no\\\/eta-pris-storbritannia\\\/\",\"name\":\"ETA-prisen for Storbritannia - UK GB\",\"isPartOf\":{\"@id\":\"https:\\\/\\\/uk-gb.net\\\/no\\\/#website\"},\"datePublished\":\"2024-02-25T10:29:22+00:00\",\"dateModified\":\"2026-04-02T10:10:49+00:00\",\"description\":\"Hva er det administrative gebyret som m\u00e5 betales p\u00e5 nett for \u00e5 validere en s\u00f8knad om elektronisk reisetillatelse ETA?\",\"inLanguage\":\"nb-NO\",\"potentialAction\":[{\"@type\":\"ReadAction\",\"target\":[\"https:\\\/\\\/uk-gb.net\\\/no\\\/eta-pris-storbritannia\\\/\"]}]},{\"@type\":\"WebSite\",\"@id\":\"https:\\\/\\\/uk-gb.net\\\/no\\\/#website\",\"url\":\"https:\\\/\\\/uk-gb.net\\\/no\\\/\",\"name\":\"UK GB\",\"description\":\"Travel to the UK\",\"potentialAction\":[{\"@type\":\"SearchAction\",\"target\":{\"@type\":\"EntryPoint\",\"urlTemplate\":\"https:\\\/\\\/uk-gb.net\\\/no\\\/?s={search_term_string}\"},\"query-input\":{\"@type\":\"PropertyValueSpecification\",\"valueRequired\":true,\"valueName\":\"search_term_string\"}}],\"inLanguage\":\"nb-NO\"}]}<\/script>\n<!-- \/ Yoast SEO plugin. -->","yoast_head_json":{"title":"ETA-prisen for Storbritannia - UK GB","description":"Hva er det administrative gebyret som m\u00e5 betales p\u00e5 nett for \u00e5 validere en s\u00f8knad om elektronisk reisetillatelse ETA?","robots":{"index":"index","follow":"follow","max-snippet":"max-snippet:-1","max-image-preview":"max-image-preview:large","max-video-preview":"max-video-preview:-1"},"canonical":"https:\/\/uk-gb.net\/no\/eta-pris-storbritannia\/","og_locale":"nb_NO","og_type":"article","og_title":"ETA-prisen for Storbritannia - UK GB","og_description":"Hva er det administrative gebyret som m\u00e5 betales p\u00e5 nett for \u00e5 validere en s\u00f8knad om elektronisk reisetillatelse ETA?","og_url":"https:\/\/uk-gb.net\/no\/eta-pris-storbritannia\/","og_site_name":"UK GB","article_modified_time":"2026-04-02T10:10:49+00:00","twitter_card":"summary_large_image","twitter_misc":{"Ansl. lesetid":"1 minutt"},"schema":{"@context":"https:\/\/schema.org","@graph":[{"@type":"WebPage","@id":"https:\/\/uk-gb.net\/no\/eta-pris-storbritannia\/","url":"https:\/\/uk-gb.net\/no\/eta-pris-storbritannia\/","name":"ETA-prisen for Storbritannia - UK GB","isPartOf":{"@id":"https:\/\/uk-gb.net\/no\/#website"},"datePublished":"2024-02-25T10:29:22+00:00","dateModified":"2026-04-02T10:10:49+00:00","description":"Hva er det administrative gebyret som m\u00e5 betales p\u00e5 nett for \u00e5 validere en s\u00f8knad om elektronisk reisetillatelse ETA?","inLanguage":"nb-NO","potentialAction":[{"@type":"ReadAction","target":["https:\/\/uk-gb.net\/no\/eta-pris-storbritannia\/"]}]},{"@type":"WebSite","@id":"https:\/\/uk-gb.net\/no\/#website","url":"https:\/\/uk-gb.net\/no\/","name":"UK GB","description":"Travel to the UK","potentialAction":[{"@type":"SearchAction","target":{"@type":"EntryPoint","urlTemplate":"https:\/\/uk-gb.net\/no\/?s={search_term_string}"},"query-input":{"@type":"PropertyValueSpecification","valueRequired":true,"valueName":"search_term_string"}}],"inLanguage":"nb-NO"}]}},"_links":{"self":[{"href":"https:\/\/uk-gb.net\/no\/wp-json\/wp\/v2\/pages\/1660","targetHints":{"allow":["GET"]}}],"collection":[{"href":"https:\/\/uk-gb.net\/no\/wp-json\/wp\/v2\/pages"}],"about":[{"href":"https:\/\/uk-gb.net\/no\/wp-json\/wp\/v2\/types\/page"}],"author":[{"embeddable":true,"href":"https:\/\/uk-gb.net\/no\/wp-json\/wp\/v2\/users\/1"}],"replies":[{"embeddable":true,"href":"https:\/\/uk-gb.net\/no\/wp-json\/wp\/v2\/comments?post=1660"}],"version-history":[{"count":0,"href":"https:\/\/uk-gb.net\/no\/wp-json\/wp\/v2\/pages\/1660\/revisions"}],"wp:attachment":[{"href":"https:\/\/uk-gb.net\/no\/wp-json\/wp\/v2\/media?parent=1660"}],"curies":[{"name":"wp","href":"https:\/\/api.w.org\/{rel}","templated":true}]}}