{"id":1618,"date":"2023-12-07T16:56:29","date_gmt":"2023-12-07T16:56:29","guid":{"rendered":"https:\/\/uk-gb.net\/visum-for-edinburgh\/"},"modified":"2026-04-02T11:18:56","modified_gmt":"2026-04-02T10:18:56","slug":"visum-for-edinburgh","status":"publish","type":"page","link":"https:\/\/uk-gb.net\/no\/visum-for-edinburgh\/","title":{"rendered":"Visum for \u00e5 reise til Edinburgh"},"content":{"rendered":"\n<p><a href=\"https:\/\/uk-gb.net\/no\/edinburgh\/\" type=\"page\" id=\"4933\">Edinburgh<\/a> er en by s\u00f8r\u00f8st i Skottland, ved bredden av Firth of Forth. Byen har v\u00e6rt Skottlands hovedstad siden 1400-tallet, og den er kjent for sin historiske arv, sin bemerkelsesverdige arkitektur og sin kulturelle rolle, s\u00e6rlig gjennom anerkjente festivaler som Edinburgh International Festival og Fringe. <\/p>\n\n<h1 class=\"wp-block-heading\">Visum for \u00e5 reise til Edinburgh<\/h1>\n\n<p><br\/>Utenlandske statsborgere som \u00f8nsker \u00e5 reise til Edinburgh, m\u00e5 ha en reisetillatelse utstedt av Storbritannia. Det finnes flere typer reisetillatelser for reiser til Edinburgh. <\/p>\n\n<h2 class=\"wp-block-heading\">Trenger jeg visum til Edinburgh?<\/h2>\n\n<p><a href=\"https:\/\/uk-gb.net\/no\/edinburgh\/\" type=\"page\" id=\"4933\">Edinburgh<\/a> er hovedstaden i Skottland, s\u00e5 alle utenlandske statsborgere som \u00f8nsker \u00e5 reise inn i Storbritannia via Edinburgh, m\u00e5 v\u00e6re i besittelse av en gyldig reisetillatelse. Avhengig av form\u00e5let med oppholdet i Edinburgh kan bes\u00f8kende s\u00f8ke om <a href=\"https:\/\/uk-gb.net\/no\/turist-besoker-england-forente-kongerikerike\/\">turistvisum<\/a>. <\/p>\n\n<p><strong>For opphold p\u00e5 under 6 m\u00e5neder<\/strong>: Det er ikke n\u00f8dvendig med visum til Edinburgh, da de fleste europeiske land har visumfrihet for sine statsborgere. Nylig har ogs\u00e5 enkelte land i Midt\u00f8sten kunnet f\u00e5 <a href=\"https:\/\/uk-gb.net\/no\/online-skjema-eta-england\/\">ETA-reisetillatelse<\/a> enkelt og greit p\u00e5 nettet. <\/p>\n\n<div style=\"height:10px\" aria-hidden=\"true\" class=\"wp-block-spacer\"><\/div>\n\n<h2 class=\"wp-block-heading\">Trenger jeg visum for \u00e5 overnatte i Edinburgh?<\/h2>\n\n<p>Det er to m\u00e5ter \u00e5 mellomlande i Edinburgh p\u00e5:<\/p>\n\n<ul class=\"wp-block-list\">\n<li>Reisende kan s\u00f8ke om <a href=\"https:\/\/uk-gb.net\/no\/transitvisumstopp-storbritannia\/\">transittvisum<\/a> for en mellomlanding i Edinburgh ;<\/li>\n\n\n\n<li>Hvis den reisende er statsborger i et <a href=\"https:\/\/uk-gb.net\/no\/land-som-kan-soke-om-eta-uk\/\">land som er medlem av Storbritannias visumfritaksprogram<\/a>, kan han eller hun <a href=\"https:\/\/uk-gb.net\/no\/online-skjema-eta-england\/\">s\u00f8ke om en britisk ETA<\/a> for \u00e5 overnatte i Edinburgh uten visum.<\/li>\n<\/ul>\n\n<div style=\"height:10px\" aria-hidden=\"true\" class=\"wp-block-spacer\"><\/div>\n\n<h2 class=\"wp-block-heading\">Hvor mye koster et visum til Edinburgh?<\/h2>\n\n<p>Prisen p\u00e5 visum til Edinburgh avhenger av hvilken type visum du trenger for \u00e5 reise til Storbritannia. Administrasjonsgebyret for et turistbes\u00f8ksvisum p\u00e5 opptil 6 m\u00e5neder er 115 pund. Ved lengre opphold er de <a href=\"https:\/\/uk-gb.net\/no\/hvor-koster-visum-reise-storbritannia\/\">administrative kostnadene for visumet<\/a> h\u00f8yere. Hvis den reisende er kvalifisert til \u00e5 f\u00e5 en <a href=\"https:\/\/uk-gb.net\/no\/eta-storbritannia-forente-kongerike\/\">ETA for Storbritannia<\/a>, blir prisen lavere: Prisen for <a href=\"https:\/\/uk-gb.net\/no\/eta-pris-storbritannia\/\">en ETA<\/a> er n\u00e5 \u00a320.<\/p>\n\n<h2 class=\"wp-block-heading\">Hvordan f\u00e5r jeg visum til Edinburgh?<\/h2>\n\n<p>For \u00e5 f\u00e5 visum til Edinburgh m\u00e5 utenlandske statsborgere f\u00f8lge en <a href=\"https:\/\/uk-gb.net\/no\/soknadsprosedyre-visa-forente-stater\/\">online visums\u00f8knadsprosedyre<\/a>. Denne prosessen best\u00e5r av flere trinn: <\/p>\n\n<ul class=\"wp-block-list\">\n<li>Velg visumtype i henhold til form\u00e5let med reisen;<\/li>\n\n\n\n<li>Samle inn n\u00f8dvendig dokumentasjon;<\/li>\n\n\n\n<li>Fyll ut det elektroniske visums\u00f8knadsskjemaet ;<\/li>\n\n\n\n<li>Betal <a href=\"https:\/\/uk-gb.net\/no\/hvor-koster-visum-reise-storbritannia\/\">visumavgiften<\/a>;<\/li>\n\n\n\n<li>Gj\u00f8r en avtale med en <a href=\"https:\/\/uk-gb.net\/no\/ambassade-england-storbritannias-norge\/\">britisk ambassade<\/a>;<\/li>\n\n\n\n<li>Innlevering av dokumenter for \u00e5 fullf\u00f8re visums\u00f8knaden;<\/li>\n\n\n\n<li>Delta p\u00e5 et <a href=\"https:\/\/uk-gb.net\/no\/visumavtale-ved-den-britiske-ambassaden\/\">visumintervju<\/a> hvis s\u00f8knaden din krever det.<\/li>\n<\/ul>\n\n<div style=\"height:10px\" aria-hidden=\"true\" class=\"wp-block-spacer\"><\/div>\n\n<h2 class=\"wp-block-heading\">Trenger jeg ETA-godkjenning for Edinburgh?<\/h2>\n\n<p>En kvalifisert utenlandsk statsborger kan s\u00f8ke om ETA for \u00e5 reise til Edinburgh. Det tar sv\u00e6rt kort tid \u00e5 f\u00e5 tak i. ETA for Edinburgh er gyldig i 2 \u00e5r for opphold p\u00e5 inntil 6 sammenhengende m\u00e5neder i Storbritannia.  <\/p>\n","protected":false},"excerpt":{"rendered":"<p>Edinburgh er en by s\u00f8r\u00f8st i Skottland, ved bredden av Firth of Forth. Byen har v\u00e6rt Skottlands hovedstad siden 1400-tallet, og den er kjent for sin historiske arv, sin bemerkelsesverdige arkitektur og sin kulturelle rolle, s\u00e6rlig gjennom anerkjente festivaler som Edinburgh International Festival og Fringe. Visum for \u00e5 reise til Edinburgh Utenlandske statsborgere som \u00f8nsker [&hellip;]<\/p>\n","protected":false},"author":1,"featured_media":0,"parent":0,"menu_order":0,"comment_status":"closed","ping_status":"closed","template":"","meta":{"footnotes":""},"class_list":["post-1618","page","type-page","status-publish","hentry"],"yoast_head":"<!-- This site is optimized with the Yoast SEO plugin v27.3 - https:\/\/yoast.com\/product\/yoast-seo-wordpress\/ -->\n<title>Visum for \u00e5 reise til Edinburgh - UK GB<\/title>\n<meta name=\"description\" content=\"Skaff deg visum eller reisedokument til Edinburgh. Det kreves tillatelse for \u00e5 reise til eller mellomlande i Edinburgh.\" \/>\n<meta name=\"robots\" content=\"index, follow, max-snippet:-1, max-image-preview:large, max-video-preview:-1\" \/>\n<link rel=\"canonical\" href=\"https:\/\/uk-gb.net\/no\/visum-for-edinburgh\/\" \/>\n<meta property=\"og:locale\" content=\"nb_NO\" \/>\n<meta property=\"og:type\" content=\"article\" \/>\n<meta property=\"og:title\" content=\"Visum for \u00e5 reise til Edinburgh - UK GB\" \/>\n<meta property=\"og:description\" content=\"Skaff deg visum eller reisedokument til Edinburgh. Det kreves tillatelse for \u00e5 reise til eller mellomlande i Edinburgh.\" \/>\n<meta property=\"og:url\" content=\"https:\/\/uk-gb.net\/no\/visum-for-edinburgh\/\" \/>\n<meta property=\"og:site_name\" content=\"UK GB\" \/>\n<meta property=\"article:modified_time\" content=\"2026-04-02T10:18:56+00:00\" \/>\n<meta name=\"twitter:card\" content=\"summary_large_image\" \/>\n<meta name=\"twitter:label1\" content=\"Ansl. lesetid\" \/>\n\t<meta name=\"twitter:data1\" content=\"2 minutter\" \/>\n<script type=\"application\/ld+json\" class=\"yoast-schema-graph\">{\"@context\":\"https:\\\/\\\/schema.org\",\"@graph\":[{\"@type\":\"WebPage\",\"@id\":\"https:\\\/\\\/uk-gb.net\\\/no\\\/visum-for-edinburgh\\\/\",\"url\":\"https:\\\/\\\/uk-gb.net\\\/no\\\/visum-for-edinburgh\\\/\",\"name\":\"Visum for \u00e5 reise til Edinburgh - UK GB\",\"isPartOf\":{\"@id\":\"https:\\\/\\\/uk-gb.net\\\/no\\\/#website\"},\"datePublished\":\"2023-12-07T16:56:29+00:00\",\"dateModified\":\"2026-04-02T10:18:56+00:00\",\"description\":\"Skaff deg visum eller reisedokument til Edinburgh. Det kreves tillatelse for \u00e5 reise til eller mellomlande i Edinburgh.\",\"inLanguage\":\"nb-NO\",\"potentialAction\":[{\"@type\":\"ReadAction\",\"target\":[\"https:\\\/\\\/uk-gb.net\\\/no\\\/visum-for-edinburgh\\\/\"]}]},{\"@type\":\"WebSite\",\"@id\":\"https:\\\/\\\/uk-gb.net\\\/no\\\/#website\",\"url\":\"https:\\\/\\\/uk-gb.net\\\/no\\\/\",\"name\":\"UK GB\",\"description\":\"Travel to the UK\",\"potentialAction\":[{\"@type\":\"SearchAction\",\"target\":{\"@type\":\"EntryPoint\",\"urlTemplate\":\"https:\\\/\\\/uk-gb.net\\\/no\\\/?s={search_term_string}\"},\"query-input\":{\"@type\":\"PropertyValueSpecification\",\"valueRequired\":true,\"valueName\":\"search_term_string\"}}],\"inLanguage\":\"nb-NO\"}]}<\/script>\n<!-- \/ Yoast SEO plugin. -->","yoast_head_json":{"title":"Visum for \u00e5 reise til Edinburgh - UK GB","description":"Skaff deg visum eller reisedokument til Edinburgh. Det kreves tillatelse for \u00e5 reise til eller mellomlande i Edinburgh.","robots":{"index":"index","follow":"follow","max-snippet":"max-snippet:-1","max-image-preview":"max-image-preview:large","max-video-preview":"max-video-preview:-1"},"canonical":"https:\/\/uk-gb.net\/no\/visum-for-edinburgh\/","og_locale":"nb_NO","og_type":"article","og_title":"Visum for \u00e5 reise til Edinburgh - UK GB","og_description":"Skaff deg visum eller reisedokument til Edinburgh. Det kreves tillatelse for \u00e5 reise til eller mellomlande i Edinburgh.","og_url":"https:\/\/uk-gb.net\/no\/visum-for-edinburgh\/","og_site_name":"UK GB","article_modified_time":"2026-04-02T10:18:56+00:00","twitter_card":"summary_large_image","twitter_misc":{"Ansl. lesetid":"2 minutter"},"schema":{"@context":"https:\/\/schema.org","@graph":[{"@type":"WebPage","@id":"https:\/\/uk-gb.net\/no\/visum-for-edinburgh\/","url":"https:\/\/uk-gb.net\/no\/visum-for-edinburgh\/","name":"Visum for \u00e5 reise til Edinburgh - UK GB","isPartOf":{"@id":"https:\/\/uk-gb.net\/no\/#website"},"datePublished":"2023-12-07T16:56:29+00:00","dateModified":"2026-04-02T10:18:56+00:00","description":"Skaff deg visum eller reisedokument til Edinburgh. Det kreves tillatelse for \u00e5 reise til eller mellomlande i Edinburgh.","inLanguage":"nb-NO","potentialAction":[{"@type":"ReadAction","target":["https:\/\/uk-gb.net\/no\/visum-for-edinburgh\/"]}]},{"@type":"WebSite","@id":"https:\/\/uk-gb.net\/no\/#website","url":"https:\/\/uk-gb.net\/no\/","name":"UK GB","description":"Travel to the UK","potentialAction":[{"@type":"SearchAction","target":{"@type":"EntryPoint","urlTemplate":"https:\/\/uk-gb.net\/no\/?s={search_term_string}"},"query-input":{"@type":"PropertyValueSpecification","valueRequired":true,"valueName":"search_term_string"}}],"inLanguage":"nb-NO"}]}},"_links":{"self":[{"href":"https:\/\/uk-gb.net\/no\/wp-json\/wp\/v2\/pages\/1618","targetHints":{"allow":["GET"]}}],"collection":[{"href":"https:\/\/uk-gb.net\/no\/wp-json\/wp\/v2\/pages"}],"about":[{"href":"https:\/\/uk-gb.net\/no\/wp-json\/wp\/v2\/types\/page"}],"author":[{"embeddable":true,"href":"https:\/\/uk-gb.net\/no\/wp-json\/wp\/v2\/users\/1"}],"replies":[{"embeddable":true,"href":"https:\/\/uk-gb.net\/no\/wp-json\/wp\/v2\/comments?post=1618"}],"version-history":[{"count":0,"href":"https:\/\/uk-gb.net\/no\/wp-json\/wp\/v2\/pages\/1618\/revisions"}],"wp:attachment":[{"href":"https:\/\/uk-gb.net\/no\/wp-json\/wp\/v2\/media?parent=1618"}],"curies":[{"name":"wp","href":"https:\/\/api.w.org\/{rel}","templated":true}]}}