{"id":1608,"date":"2023-12-07T17:29:32","date_gmt":"2023-12-07T17:29:32","guid":{"rendered":"https:\/\/uk-gb.net\/visum-for-glasgow\/"},"modified":"2026-01-15T16:22:24","modified_gmt":"2026-01-15T16:22:24","slug":"visum-for-glasgow","status":"publish","type":"page","link":"https:\/\/uk-gb.net\/no\/visum-for-glasgow\/","title":{"rendered":"Visum for \u00e5 reise til Glasgow"},"content":{"rendered":"\n<h1 class=\"wp-block-heading\">Trenger du visum for \u00e5 reise til Glasgow?<\/h1>\n\n<p>Glasgow er en by vest i Skottland, ved bredden av elven Clyde. Utenlandske statsborgere som \u00f8nsker \u00e5 reise til Glasgow, m\u00e5 ha britisk reisetillatelse. Det finnes flere typer reisetillatelser for reiser til Glasgow. La oss ta en titt p\u00e5 de ulike alternativene.   <\/p>\n\n<h2 class=\"wp-block-heading\">Hvilken type reisetillatelse trenger jeg til Glasgow?<\/h2>\n\n<p><a href=\"https:\/\/www.visitscotland.com\/places-to-go\/glasgow\">Glasgow<\/a> er hovedstaden i Skottland, s\u00e5 alle utenlandske statsborgere som \u00f8nsker \u00e5 reise inn i Storbritannia via Glasgow, m\u00e5 v\u00e6re i besittelse av en gyldig reisetillatelse. Avhengig av form\u00e5let med oppholdet i Glasgow kan bes\u00f8kende s\u00f8ke om <a href=\"https:\/\/uk-gb.net\/no\/turist-besoker-england-forente-kongerikerike\/\">turistvisum<\/a>.<\/p>\n\n<p><strong>For opphold under 6 m\u00e5neder<\/strong>: Du trenger ikke visum til Glasgow, da de fleste europeiske land har visumfrihet for sine statsborgere. Siden mars 2025 har imidlertid disse visumfrie statsborgerne v\u00e6rt p\u00e5lagt \u00e5 innhente <a href=\"https:\/\/uk-gb.net\/no\/online-skjema-eta-england\/\">ETA-godkjenning p\u00e5 nettet<\/a> f\u00f8r de reiser til Storbritannia. <\/p>\n\n<div style=\"height:10px\" aria-hidden=\"true\" class=\"wp-block-spacer\"><\/div>\n\n<h2 class=\"wp-block-heading\">Trenger jeg visum for \u00e5 overnatte i Glasgow?<\/h2>\n\n<p>Det er to m\u00e5ter \u00e5 mellomlande i Glasgow p\u00e5:<\/p>\n\n<ul class=\"wp-block-list\">\n<li>Reisende kan s\u00f8ke om <a href=\"https:\/\/uk-gb.net\/no\/transitvisumstopp-storbritannia\/\">transittvisum<\/a> for en mellomlanding i Glasgow ;<\/li>\n\n\n\n<li>Hvis den reisende er statsborger i et <a href=\"https:\/\/uk-gb.net\/no\/land-som-kan-soke-om-eta-uk\/\">land som er med i Storbritannias visumfritaksprogram<\/a>, kan de <a href=\"https:\/\/uk-gb.net\/no\/online-skjema-eta-england\/\">s\u00f8ke om en britisk ETA<\/a> for \u00e5 overnatte i Glasgow uten visum.<\/li>\n<\/ul>\n\n<div style=\"height:10px\" aria-hidden=\"true\" class=\"wp-block-spacer\"><\/div>\n\n<h2 class=\"wp-block-heading\">Hvor mye koster et visum til Glasgow?<\/h2>\n\n<p>Prisen p\u00e5 et visum til Glasgow avhenger av hvilken type visum du trenger for \u00e5 reise til Storbritannia. Administrasjonsgebyret for et turistbes\u00f8ksvisum p\u00e5 opptil 6 m\u00e5neder er 115 pund. Ved lengre opphold er de <a href=\"https:\/\/uk-gb.net\/no\/hvor-koster-visum-reise-storbritannia\/\">administrative kostnadene for visumet<\/a> h\u00f8yere. Hvis den reisende er kvalifisert til \u00e5 f\u00e5 en <a href=\"https:\/\/uk-gb.net\/no\/eta-storbritannia-forente-kongerike\/\">ETA for Storbritannia<\/a>, vil prisen v\u00e6re lavere: <a href=\"https:\/\/uk-gb.net\/no\/eta-pris-storbritannia\/\">Prisen for en ETA<\/a> er 16 pund (ca. 19 euro) per person.   <\/p>\n\n<h2 class=\"wp-block-heading\">Hvordan f\u00e5r jeg visum til Glasgow?<\/h2>\n\n<p>For \u00e5 f\u00e5 visum til Glasgow m\u00e5 utenlandske statsborgere f\u00f8lge en <a href=\"https:\/\/uk-gb.net\/no\/soknadsprosedyre-visa-forente-stater\/\">online visums\u00f8knadsprosedyre<\/a>. Denne prosessen best\u00e5r av flere trinn:<\/p>\n\n<ul class=\"wp-block-list\">\n<li>Velg visumtype i henhold til form\u00e5let med reisen;<\/li>\n\n\n\n<li>Samle inn n\u00f8dvendig dokumentasjon;<\/li>\n\n\n\n<li>Fyll ut det elektroniske visums\u00f8knadsskjemaet ;<\/li>\n\n\n\n<li>Betal <a href=\"https:\/\/uk-gb.net\/no\/hvor-koster-visum-reise-storbritannia\/\">visumavgiften<\/a>;<\/li>\n\n\n\n<li>Gj\u00f8r en avtale med en <a href=\"https:\/\/uk-gb.net\/no\/ambassade-england-storbritannias-norge\/\">britisk ambassade<\/a>;<\/li>\n\n\n\n<li>Innlevering av dokumenter for \u00e5 fullf\u00f8re visums\u00f8knaden;<\/li>\n\n\n\n<li>Delta p\u00e5 et <a href=\"https:\/\/uk-gb.net\/no\/visumavtale-ved-den-britiske-ambassaden\/\">visumintervju<\/a> hvis s\u00f8knaden din krever det.<\/li>\n<\/ul>\n\n<div style=\"height:10px\" aria-hidden=\"true\" class=\"wp-block-spacer\"><\/div>\n\n<h2 class=\"wp-block-heading\">Bruk en ETA-autorisasjon for \u00e5 reise til Glasgow<\/h2>\n\n<p>En kvalifisert utenlandsk statsborger kan s\u00f8ke om ETA for \u00e5 reise til Glasgow. Det tar sv\u00e6rt kort tid \u00e5 f\u00e5 tak i. ETA for Glasgow er gyldig i 2 \u00e5r for opphold p\u00e5 inntil 6 sammenhengende m\u00e5neder i Storbritannia.  <\/p>\n\n<p><\/p>\n","protected":false},"excerpt":{"rendered":"<p>Trenger du visum for \u00e5 reise til Glasgow? Glasgow er en by vest i Skottland, ved bredden av elven Clyde. Utenlandske statsborgere som \u00f8nsker \u00e5 reise til Glasgow, m\u00e5 ha britisk reisetillatelse. Det finnes flere typer reisetillatelser for reiser til Glasgow. La oss ta en titt p\u00e5 de ulike alternativene. Hvilken type reisetillatelse trenger jeg [&hellip;]<\/p>\n","protected":false},"author":1,"featured_media":0,"parent":0,"menu_order":0,"comment_status":"closed","ping_status":"closed","template":"","meta":{"footnotes":""},"class_list":["post-1608","page","type-page","status-publish","hentry"],"yoast_head":"<!-- This site is optimized with the Yoast SEO plugin v27.4 - https:\/\/yoast.com\/product\/yoast-seo-wordpress\/ -->\n<title>Visum for \u00e5 reise til Glasgow - UK GB<\/title>\n<meta name=\"description\" content=\"Skaffe reisevisum til Glasgow. Det kreves reisetillatelse for \u00e5 reise til eller mellomlande i Glasgow.\" \/>\n<meta name=\"robots\" content=\"index, follow, max-snippet:-1, max-image-preview:large, max-video-preview:-1\" \/>\n<link rel=\"canonical\" href=\"https:\/\/uk-gb.net\/no\/visum-for-glasgow\/\" \/>\n<meta property=\"og:locale\" content=\"nb_NO\" \/>\n<meta property=\"og:type\" content=\"article\" \/>\n<meta property=\"og:title\" content=\"Visum for \u00e5 reise til Glasgow - UK GB\" \/>\n<meta property=\"og:description\" content=\"Skaffe reisevisum til Glasgow. Det kreves reisetillatelse for \u00e5 reise til eller mellomlande i Glasgow.\" \/>\n<meta property=\"og:url\" content=\"https:\/\/uk-gb.net\/no\/visum-for-glasgow\/\" \/>\n<meta property=\"og:site_name\" content=\"UK GB\" \/>\n<meta property=\"article:modified_time\" content=\"2026-01-15T16:22:24+00:00\" \/>\n<meta name=\"twitter:card\" content=\"summary_large_image\" \/>\n<meta name=\"twitter:label1\" content=\"Ansl. lesetid\" \/>\n\t<meta name=\"twitter:data1\" content=\"2 minutter\" \/>\n<script type=\"application\/ld+json\" class=\"yoast-schema-graph\">{\"@context\":\"https:\\\/\\\/schema.org\",\"@graph\":[{\"@type\":\"WebPage\",\"@id\":\"https:\\\/\\\/uk-gb.net\\\/no\\\/visum-for-glasgow\\\/\",\"url\":\"https:\\\/\\\/uk-gb.net\\\/no\\\/visum-for-glasgow\\\/\",\"name\":\"Visum for \u00e5 reise til Glasgow - UK GB\",\"isPartOf\":{\"@id\":\"https:\\\/\\\/uk-gb.net\\\/no\\\/#website\"},\"datePublished\":\"2023-12-07T17:29:32+00:00\",\"dateModified\":\"2026-01-15T16:22:24+00:00\",\"description\":\"Skaffe reisevisum til Glasgow. Det kreves reisetillatelse for \u00e5 reise til eller mellomlande i Glasgow.\",\"inLanguage\":\"nb-NO\",\"potentialAction\":[{\"@type\":\"ReadAction\",\"target\":[\"https:\\\/\\\/uk-gb.net\\\/no\\\/visum-for-glasgow\\\/\"]}]},{\"@type\":\"WebSite\",\"@id\":\"https:\\\/\\\/uk-gb.net\\\/no\\\/#website\",\"url\":\"https:\\\/\\\/uk-gb.net\\\/no\\\/\",\"name\":\"UK GB\",\"description\":\"Travel to the UK\",\"potentialAction\":[{\"@type\":\"SearchAction\",\"target\":{\"@type\":\"EntryPoint\",\"urlTemplate\":\"https:\\\/\\\/uk-gb.net\\\/no\\\/?s={search_term_string}\"},\"query-input\":{\"@type\":\"PropertyValueSpecification\",\"valueRequired\":true,\"valueName\":\"search_term_string\"}}],\"inLanguage\":\"nb-NO\"}]}<\/script>\n<!-- \/ Yoast SEO plugin. -->","yoast_head_json":{"title":"Visum for \u00e5 reise til Glasgow - UK GB","description":"Skaffe reisevisum til Glasgow. Det kreves reisetillatelse for \u00e5 reise til eller mellomlande i Glasgow.","robots":{"index":"index","follow":"follow","max-snippet":"max-snippet:-1","max-image-preview":"max-image-preview:large","max-video-preview":"max-video-preview:-1"},"canonical":"https:\/\/uk-gb.net\/no\/visum-for-glasgow\/","og_locale":"nb_NO","og_type":"article","og_title":"Visum for \u00e5 reise til Glasgow - UK GB","og_description":"Skaffe reisevisum til Glasgow. Det kreves reisetillatelse for \u00e5 reise til eller mellomlande i Glasgow.","og_url":"https:\/\/uk-gb.net\/no\/visum-for-glasgow\/","og_site_name":"UK GB","article_modified_time":"2026-01-15T16:22:24+00:00","twitter_card":"summary_large_image","twitter_misc":{"Ansl. lesetid":"2 minutter"},"schema":{"@context":"https:\/\/schema.org","@graph":[{"@type":"WebPage","@id":"https:\/\/uk-gb.net\/no\/visum-for-glasgow\/","url":"https:\/\/uk-gb.net\/no\/visum-for-glasgow\/","name":"Visum for \u00e5 reise til Glasgow - UK GB","isPartOf":{"@id":"https:\/\/uk-gb.net\/no\/#website"},"datePublished":"2023-12-07T17:29:32+00:00","dateModified":"2026-01-15T16:22:24+00:00","description":"Skaffe reisevisum til Glasgow. Det kreves reisetillatelse for \u00e5 reise til eller mellomlande i Glasgow.","inLanguage":"nb-NO","potentialAction":[{"@type":"ReadAction","target":["https:\/\/uk-gb.net\/no\/visum-for-glasgow\/"]}]},{"@type":"WebSite","@id":"https:\/\/uk-gb.net\/no\/#website","url":"https:\/\/uk-gb.net\/no\/","name":"UK GB","description":"Travel to the UK","potentialAction":[{"@type":"SearchAction","target":{"@type":"EntryPoint","urlTemplate":"https:\/\/uk-gb.net\/no\/?s={search_term_string}"},"query-input":{"@type":"PropertyValueSpecification","valueRequired":true,"valueName":"search_term_string"}}],"inLanguage":"nb-NO"}]}},"_links":{"self":[{"href":"https:\/\/uk-gb.net\/no\/wp-json\/wp\/v2\/pages\/1608","targetHints":{"allow":["GET"]}}],"collection":[{"href":"https:\/\/uk-gb.net\/no\/wp-json\/wp\/v2\/pages"}],"about":[{"href":"https:\/\/uk-gb.net\/no\/wp-json\/wp\/v2\/types\/page"}],"author":[{"embeddable":true,"href":"https:\/\/uk-gb.net\/no\/wp-json\/wp\/v2\/users\/1"}],"replies":[{"embeddable":true,"href":"https:\/\/uk-gb.net\/no\/wp-json\/wp\/v2\/comments?post=1608"}],"version-history":[{"count":0,"href":"https:\/\/uk-gb.net\/no\/wp-json\/wp\/v2\/pages\/1608\/revisions"}],"wp:attachment":[{"href":"https:\/\/uk-gb.net\/no\/wp-json\/wp\/v2\/media?parent=1608"}],"curies":[{"name":"wp","href":"https:\/\/api.w.org\/{rel}","templated":true}]}}