{"id":1598,"date":"2023-12-07T17:06:53","date_gmt":"2023-12-07T17:06:53","guid":{"rendered":"https:\/\/uk-gb.net\/visum-for-liverpool\/"},"modified":"2026-01-15T16:22:50","modified_gmt":"2026-01-15T16:22:50","slug":"visum-for-liverpool","status":"publish","type":"page","link":"https:\/\/uk-gb.net\/no\/visum-for-liverpool\/","title":{"rendered":"Visum for \u00e5 reise til Liverpool"},"content":{"rendered":"\n<h1 class=\"wp-block-heading\">Visum for reiser til eller mellomlandinger i Liverpool<\/h1>\n\n<p><a href=\"https:\/\/uk-gb.net\/no\/liverpool\/\">Liverpool<\/a>, som er ber\u00f8mt for sin maritime historie, sine kulturminner og sin musikalske arv, tiltrekker seg mange internasjonale bes\u00f8kende hvert \u00e5r. Enten du skal oppdage Beatles-byen, delta p\u00e5 et sportsarrangement eller bare mellomlande p\u00e5 Liverpool lufthavn, er det viktig \u00e5 v\u00e6re kjent med innreiseformalitetene. Avhengig av nasjonalitet og form\u00e5let med bes\u00f8ket ditt, trenger du enten et <a href=\"https:\/\/uk-gb.net\/no\/turist-besoker-england-forente-kongerikerike\/\">britisk visum<\/a> eller en <a href=\"https:\/\/uk-gb.net\/no\/eta-storbritannia-forente-kongerike\/\">elektronisk reisetillatelse (ETA)<\/a>.  <\/p>\n\n<p><strong>For opphold p\u00e5 mindre enn 6 m\u00e5neder<\/strong>: Det er ikke n\u00f8dvendig \u00e5 skaffe turistvisum til Liverpool. Statsborgere fra visumfrie europeiske land trenger bare \u00e5 skaffe seg en reisetillatelse ved \u00e5 fylle ut <a href=\"https:\/\/uk-gb.net\/no\/online-skjema-eta-england\/\">ETA-skjemaet p\u00e5 nettet.<\/a> <\/p>\n\n<h2 class=\"wp-block-heading\">Trenger jeg visum for \u00e5 reise til Liverpool?<\/h2>\n\n<h3 class=\"wp-block-heading\">Du trenger ikke visum hvis :<\/h3>\n\n<ul class=\"wp-block-list\">\n<li>Du er <strong>irsk statsborger<\/strong>;<\/li>\n\n\n\n<li>Du er statsborger i et <strong>land som er fritatt for visum<\/strong> for et kortvarig opphold (turisme, forretninger, familiebes\u00f8k eller korte studier p\u00e5 mindre enn 6 m\u00e5neder).<br\/>Siden 2025 har disse reisende m\u00e5ttet innhente <a href=\"https:\/\/uk-gb.net\/no\/eta-storbritannia-forente-kongerike\/\">ETA-autorisasjon<\/a> f\u00f8r avreise.<\/li>\n<\/ul>\n\n<h3 class=\"wp-block-heading\">Du trenger visum hvis :<\/h3>\n\n<ul class=\"wp-block-list\">\n<li>Du er statsborger i et land som er underlagt visumplikt, for eksempel India, Kina, Algerie, Nigeria, Pakistan &#8230; ;<\/li>\n\n\n\n<li>Hvis du \u00f8nsker \u00e5 <strong>jobbe<\/strong>, <strong>studere i lang tid<\/strong> eller <strong>bosette<\/strong> deg i Liverpool ;<\/li>\n\n\n\n<li>Du kommer til Storbritannia for \u00e5 flytte sammen med et familiemedlem for en lengre periode.<\/li>\n<\/ul>\n\n<div style=\"height:10px\" aria-hidden=\"true\" class=\"wp-block-spacer\"><\/div>\n\n<h2 class=\"wp-block-heading\">ETA: forenklet tillatelse til \u00e5 reise til Liverpool<\/h2>\n\n<p><a href=\"https:\/\/uk-gb.net\/no\/eta-storbritannia-forente-kongerike\/\">ETA<\/a> er en obligatorisk reisetillatelse for statsborgere fra visse <a href=\"https:\/\/uk-gb.net\/no\/land-som-kan-soke-om-eta-uk\/\">visumfrie land til Storbritannia.<\/a><\/p>\n\n<ul class=\"wp-block-list\">\n<li><a href=\"https:\/\/uk-gb.net\/no\/eta-pris-storbritannia\/\">ETA-pris<\/a>: \u00a316 (ca. \u20ac19)<\/li>\n\n\n\n<li>Gyldighet: 2 \u00e5r eller til passet utl\u00f8per<\/li>\n\n\n\n<li>Maksimalt opphold: 6 m\u00e5neder<\/li>\n\n\n\n<li>Bruksomr\u00e5de: turisme, forretninger, korte studier eller transitt<\/li>\n<\/ul>\n\n<p>Siden april 2025 har EU-borgere m\u00e5ttet skaffe seg en <strong>ETA for Liverpool f\u00f8r ombordstigning<\/strong>.<\/p>\n\n<h2 class=\"wp-block-heading\">Trenger jeg visum for \u00e5 mellomlande i Liverpool?<\/h2>\n\n<p><a href=\"https:\/\/uk-gb.net\/no\/liverpool\/\">Liverpool<\/a> har en internasjonal flyplass (Liverpool John Lennon Airport), men noen passasjerer benytter ogs\u00e5 den n\u00e6rliggende Manchester Airport.<\/p>\n\n<h3 class=\"wp-block-heading\">Transitt uten \u00e5 krysse den britiske grensen:<\/h3>\n\n<ul class=\"wp-block-list\">\n<li>Hvis du oppholder deg i en internasjonal transitt-sone og ikke g\u00e5r gjennom grensekontrollen, kan du i visse tilfeller v\u00e6re fritatt fra visumplikten.<\/li>\n\n\n\n<li>I de fleste tilfeller <strong>kreves det<\/strong> imidlertid en <strong>ETA<\/strong>, selv for enkel transitt.<\/li>\n<\/ul>\n\n<h3 class=\"wp-block-heading\">Transitt med grensepassering (bytte av flyplass eller lengre mellomlanding) :<\/h3>\n\n<ul class=\"wp-block-list\">\n<li>Avhengig av nasjonalitet og reiserute m\u00e5 du ha et <a href=\"https:\/\/uk-gb.net\/no\/transitvisumstopp-storbritannia\/\">britisk transittvisum<\/a> eller <strong>ETA.<\/strong> Reglene er strenge, selv for korte transitter. Sjekk alltid situasjonen din f\u00f8r avreise.  <\/li>\n<\/ul>\n\n<div style=\"height:10px\" aria-hidden=\"true\" class=\"wp-block-spacer\"><\/div>\n\n<h2 class=\"wp-block-heading\">Priser p\u00e5 forskjellige visum for Liverpool?<\/h2>\n\n<p>Prisen p\u00e5 et visum til Liverpool avhenger av hvilken type visum du trenger for \u00e5 reise til Storbritannia. Ved lengre opphold er de <a href=\"https:\/\/uk-gb.net\/no\/hvor-koster-visum-reise-storbritannia\/\">administrative kostnadene for visumet<\/a> h\u00f8yere. Hvis den reisende er kvalifisert til \u00e5 f\u00e5 en <a href=\"https:\/\/uk-gb.net\/no\/eta-storbritannia-forente-kongerike\/\">ETA for Storbritannia<\/a>, vil prisen v\u00e6re lavere: Prisen for <a href=\"https:\/\/uk-gb.net\/no\/eta-pris-storbritannia\/\">en ETA<\/a> er \u00a316.  <\/p>\n\n<figure class=\"wp-block-table\"><table><thead><tr><th class=\"has-text-align-center\" data-align=\"center\">Type dokument<\/th><th class=\"has-text-align-center\" data-align=\"center\">Pris<\/th><\/tr><\/thead><tbody><tr><td class=\"has-text-align-center\" data-align=\"center\">ETA<\/td><td class=\"has-text-align-center\" data-align=\"center\">16 \u00a3<\/td><\/tr><tr><td class=\"has-text-align-center\" data-align=\"center\">Turistvisum (6 m\u00e5neder)<\/td><td class=\"has-text-align-center\" data-align=\"center\">115 \u00a3<\/td><\/tr><tr><td class=\"has-text-align-center\" data-align=\"center\">Transitvisum<\/td><td class=\"has-text-align-center\" data-align=\"center\">64 \u00a3<\/td><\/tr><tr><td class=\"has-text-align-center\" data-align=\"center\">Studentvisum<\/td><td class=\"has-text-align-center\" data-align=\"center\">fra \u00a3490<\/td><\/tr><tr><td class=\"has-text-align-center\" data-align=\"center\">Arbeids- eller familievisum<\/td><td class=\"has-text-align-center\" data-align=\"center\">fra \u00a31,846<\/td><\/tr><\/tbody><\/table><\/figure>\n\n<h2 class=\"wp-block-heading\">Hvordan s\u00f8ker jeg om visum til Liverpool?<\/h2>\n\n<p>For \u00e5 f\u00e5 visum til <a href=\"https:\/\/uk-gb.net\/no\/liverpool\/\">Liverpool<\/a> m\u00e5 utenlandske statsborgere f\u00f8lge en <a href=\"https:\/\/uk-gb.net\/no\/soknadsprosedyre-visa-forente-stater\/\">visums\u00f8knadsprosedyre p\u00e5 nett<\/a>. Denne prosessen best\u00e5r av flere trinn:<\/p>\n\n<ul class=\"wp-block-list\">\n<li>Velg visumtype i henhold til form\u00e5let med reisen;<\/li>\n\n\n\n<li>Samle inn n\u00f8dvendig dokumentasjon;<\/li>\n\n\n\n<li>Fyll ut visums\u00f8knadsskjemaet p\u00e5 nettet p\u00e5 <a href=\"https:\/\/www.gov.uk\/standard-visitor\/apply-standard-visitor-visa\">gov.uk<\/a>;<\/li>\n\n\n\n<li>Betal <a href=\"https:\/\/uk-gb.net\/no\/hvor-koster-visum-reise-storbritannia\/\">visumavgiften<\/a>;<\/li>\n\n\n\n<li>Gj\u00f8r en avtale med en <a href=\"https:\/\/uk-gb.net\/no\/ambassade-england-storbritannias-norge\/\">britisk ambassade<\/a>;<\/li>\n\n\n\n<li>Innlevering av dokumenter for \u00e5 fullf\u00f8re visums\u00f8knaden;<\/li>\n\n\n\n<li>Delta p\u00e5 et <a href=\"https:\/\/uk-gb.net\/no\/visumavtale-ved-den-britiske-ambassaden\/\">visumintervju<\/a> hvis s\u00f8knaden din krever det.<\/li>\n<\/ul>\n\n<div style=\"height:10px\" aria-hidden=\"true\" class=\"wp-block-spacer\"><\/div>\n\n<h2 class=\"wp-block-heading\">Sammendrag<\/h2>\n\n<p>Etter at innreiseformalitetene ble reformert, er det viktig at du forbereder s\u00f8knaden din n\u00f8ye f\u00f8r du reiser til Liverpool. <strong>ETA er n\u00e5 obligatorisk<\/strong> for de fleste visumfrie statsborgere. Hvis du ikke oppfyller vilk\u00e5rene for ETA, trenger du et standard visum.  <\/p>\n\n<p>F\u00f8r du reiser til Liverpool, b\u00f8r du sjekke den offisielle statusen din p\u00e5 nettstedet til britiske myndigheter: <a href=\"https:\/\/www.gov.uk\/check-uk-visa\">gov.uk\/check-uk-visa<\/a>.<\/p>\n\n<p><\/p>\n","protected":false},"excerpt":{"rendered":"<p>Visum for reiser til eller mellomlandinger i Liverpool Liverpool, som er ber\u00f8mt for sin maritime historie, sine kulturminner og sin musikalske arv, tiltrekker seg mange internasjonale bes\u00f8kende hvert \u00e5r. Enten du skal oppdage Beatles-byen, delta p\u00e5 et sportsarrangement eller bare mellomlande p\u00e5 Liverpool lufthavn, er det viktig \u00e5 v\u00e6re kjent med innreiseformalitetene. Avhengig av nasjonalitet [&hellip;]<\/p>\n","protected":false},"author":1,"featured_media":0,"parent":0,"menu_order":0,"comment_status":"closed","ping_status":"closed","template":"","meta":{"footnotes":""},"class_list":["post-1598","page","type-page","status-publish","hentry"],"yoast_head":"<!-- This site is optimized with the Yoast SEO plugin v27.4 - https:\/\/yoast.com\/product\/yoast-seo-wordpress\/ -->\n<title>Visum for \u00e5 reise til Liverpool - UK GB<\/title>\n<meta name=\"description\" content=\"Trenger du visum eller reisedokument for \u00e5 reise til Liverpool? Vi tar en titt p\u00e5 formalitetene som er involvert\" \/>\n<meta name=\"robots\" content=\"index, follow, max-snippet:-1, max-image-preview:large, max-video-preview:-1\" \/>\n<link rel=\"canonical\" href=\"https:\/\/uk-gb.net\/no\/visum-for-liverpool\/\" \/>\n<meta property=\"og:locale\" content=\"nb_NO\" \/>\n<meta property=\"og:type\" content=\"article\" \/>\n<meta property=\"og:title\" content=\"Visum for \u00e5 reise til Liverpool - UK GB\" \/>\n<meta property=\"og:description\" content=\"Trenger du visum eller reisedokument for \u00e5 reise til Liverpool? Vi tar en titt p\u00e5 formalitetene som er involvert\" \/>\n<meta property=\"og:url\" content=\"https:\/\/uk-gb.net\/no\/visum-for-liverpool\/\" \/>\n<meta property=\"og:site_name\" content=\"UK GB\" \/>\n<meta property=\"article:modified_time\" content=\"2026-01-15T16:22:50+00:00\" \/>\n<meta name=\"twitter:card\" content=\"summary_large_image\" \/>\n<meta name=\"twitter:label1\" content=\"Ansl. lesetid\" \/>\n\t<meta name=\"twitter:data1\" content=\"3 minutter\" \/>\n<script type=\"application\/ld+json\" class=\"yoast-schema-graph\">{\"@context\":\"https:\\\/\\\/schema.org\",\"@graph\":[{\"@type\":\"WebPage\",\"@id\":\"https:\\\/\\\/uk-gb.net\\\/no\\\/visum-for-liverpool\\\/\",\"url\":\"https:\\\/\\\/uk-gb.net\\\/no\\\/visum-for-liverpool\\\/\",\"name\":\"Visum for \u00e5 reise til Liverpool - UK GB\",\"isPartOf\":{\"@id\":\"https:\\\/\\\/uk-gb.net\\\/no\\\/#website\"},\"datePublished\":\"2023-12-07T17:06:53+00:00\",\"dateModified\":\"2026-01-15T16:22:50+00:00\",\"description\":\"Trenger du visum eller reisedokument for \u00e5 reise til Liverpool? Vi tar en titt p\u00e5 formalitetene som er involvert\",\"inLanguage\":\"nb-NO\",\"potentialAction\":[{\"@type\":\"ReadAction\",\"target\":[\"https:\\\/\\\/uk-gb.net\\\/no\\\/visum-for-liverpool\\\/\"]}]},{\"@type\":\"WebSite\",\"@id\":\"https:\\\/\\\/uk-gb.net\\\/no\\\/#website\",\"url\":\"https:\\\/\\\/uk-gb.net\\\/no\\\/\",\"name\":\"UK GB\",\"description\":\"Travel to the UK\",\"potentialAction\":[{\"@type\":\"SearchAction\",\"target\":{\"@type\":\"EntryPoint\",\"urlTemplate\":\"https:\\\/\\\/uk-gb.net\\\/no\\\/?s={search_term_string}\"},\"query-input\":{\"@type\":\"PropertyValueSpecification\",\"valueRequired\":true,\"valueName\":\"search_term_string\"}}],\"inLanguage\":\"nb-NO\"}]}<\/script>\n<!-- \/ Yoast SEO plugin. -->","yoast_head_json":{"title":"Visum for \u00e5 reise til Liverpool - UK GB","description":"Trenger du visum eller reisedokument for \u00e5 reise til Liverpool? Vi tar en titt p\u00e5 formalitetene som er involvert","robots":{"index":"index","follow":"follow","max-snippet":"max-snippet:-1","max-image-preview":"max-image-preview:large","max-video-preview":"max-video-preview:-1"},"canonical":"https:\/\/uk-gb.net\/no\/visum-for-liverpool\/","og_locale":"nb_NO","og_type":"article","og_title":"Visum for \u00e5 reise til Liverpool - UK GB","og_description":"Trenger du visum eller reisedokument for \u00e5 reise til Liverpool? Vi tar en titt p\u00e5 formalitetene som er involvert","og_url":"https:\/\/uk-gb.net\/no\/visum-for-liverpool\/","og_site_name":"UK GB","article_modified_time":"2026-01-15T16:22:50+00:00","twitter_card":"summary_large_image","twitter_misc":{"Ansl. lesetid":"3 minutter"},"schema":{"@context":"https:\/\/schema.org","@graph":[{"@type":"WebPage","@id":"https:\/\/uk-gb.net\/no\/visum-for-liverpool\/","url":"https:\/\/uk-gb.net\/no\/visum-for-liverpool\/","name":"Visum for \u00e5 reise til Liverpool - UK GB","isPartOf":{"@id":"https:\/\/uk-gb.net\/no\/#website"},"datePublished":"2023-12-07T17:06:53+00:00","dateModified":"2026-01-15T16:22:50+00:00","description":"Trenger du visum eller reisedokument for \u00e5 reise til Liverpool? Vi tar en titt p\u00e5 formalitetene som er involvert","inLanguage":"nb-NO","potentialAction":[{"@type":"ReadAction","target":["https:\/\/uk-gb.net\/no\/visum-for-liverpool\/"]}]},{"@type":"WebSite","@id":"https:\/\/uk-gb.net\/no\/#website","url":"https:\/\/uk-gb.net\/no\/","name":"UK GB","description":"Travel to the UK","potentialAction":[{"@type":"SearchAction","target":{"@type":"EntryPoint","urlTemplate":"https:\/\/uk-gb.net\/no\/?s={search_term_string}"},"query-input":{"@type":"PropertyValueSpecification","valueRequired":true,"valueName":"search_term_string"}}],"inLanguage":"nb-NO"}]}},"_links":{"self":[{"href":"https:\/\/uk-gb.net\/no\/wp-json\/wp\/v2\/pages\/1598","targetHints":{"allow":["GET"]}}],"collection":[{"href":"https:\/\/uk-gb.net\/no\/wp-json\/wp\/v2\/pages"}],"about":[{"href":"https:\/\/uk-gb.net\/no\/wp-json\/wp\/v2\/types\/page"}],"author":[{"embeddable":true,"href":"https:\/\/uk-gb.net\/no\/wp-json\/wp\/v2\/users\/1"}],"replies":[{"embeddable":true,"href":"https:\/\/uk-gb.net\/no\/wp-json\/wp\/v2\/comments?post=1598"}],"version-history":[{"count":0,"href":"https:\/\/uk-gb.net\/no\/wp-json\/wp\/v2\/pages\/1598\/revisions"}],"wp:attachment":[{"href":"https:\/\/uk-gb.net\/no\/wp-json\/wp\/v2\/media?parent=1598"}],"curies":[{"name":"wp","href":"https:\/\/api.w.org\/{rel}","templated":true}]}}