{"id":1582,"date":"2023-12-07T16:52:56","date_gmt":"2023-12-07T16:52:56","guid":{"rendered":"https:\/\/uk-gb.net\/visum-for-london\/"},"modified":"2026-01-15T16:23:19","modified_gmt":"2026-01-15T16:23:19","slug":"visum-for-london","status":"publish","type":"page","link":"https:\/\/uk-gb.net\/no\/visum-for-london\/","title":{"rendered":"Visum for \u00e5 reise til London eller foreta en mellomlanding"},"content":{"rendered":"\n<h1 class=\"wp-block-heading\">Visum for \u00e5 reise til eller mellomlande i London<\/h1>\n\n<p><a href=\"https:\/\/uk-gb.net\/no\/london\/\">London<\/a> er den viktigste innfallsporten til Storbritannia for turister, studenter, fagfolk og reisende p\u00e5 gjennomreise. Etter at Storbritannia forlot EU, har <a href=\"https:\/\/uk-gb.net\/no\/visum-forente-kongerike\/\">formalitetene for innreise<\/a> til Storbritannia endret seg. Avhengig av nasjonalitet, oppholdets varighet eller reisegrunn, kan det hende du trenger visum eller ETA. Her er alt du trenger \u00e5 vite for \u00e5 reise eller mellomlande i London p\u00e5 lovlig vis.   <\/p>\n\n<h2 class=\"wp-block-heading\">Trenger jeg visum til London?<\/h2>\n\n<p>Hvorvidt du trenger visum for \u00e5 bes\u00f8ke London, avhenger av nasjonaliteten din og \u00e5rsaken til bes\u00f8ket.<\/p>\n\n<p><strong>Du trenger ikke visum hvis<\/strong>:<\/p>\n\n<ul class=\"wp-block-list\">\n<li>Du er irsk statsborger.<\/li>\n\n\n\n<li>Du er statsborger i et land som er fritatt for visum, og oppholdet ditt er kortvarig (mindre enn 6 m\u00e5neder) i forbindelse med turisme, familiebes\u00f8k, et kort forretningsoppdrag eller kortvarige studier.  <\/li>\n<\/ul>\n\n<p>Siden 2025 har disse reisende m\u00e5ttet skaffe seg en elektronisk reisetillatelse ved \u00e5 fylle ut <a href=\"https:\/\/uk-gb.net\/no\/online-skjema-eta-england\/\">ETA-skjemaet p\u00e5 nettet.<\/a><\/p>\n\n<p><strong>Du trenger visum hvis<\/strong>:<\/p>\n\n<ul class=\"wp-block-list\">\n<li>Du er statsborger i et land som ikke krever visum, heller ikke for et kort opphold.<\/li>\n\n\n\n<li>Du \u00f8nsker \u00e5 jobbe, studere over lengre tid, bosette deg eller gifte deg i Storbritannia.<\/li>\n\n\n\n<li>Du \u00f8nsker \u00e5 bli med et familiemedlem til London for en lengre periode.<\/li>\n<\/ul>\n\n<p>Turister som \u00f8nsker \u00e5 oppholde seg i Storbritannia i mer enn 6 m\u00e5neder, m\u00e5 skaffe seg et <a href=\"https:\/\/uk-gb.net\/no\/turist-besoker-england-forente-kongerikerike\/\">engelsk turistvisum<\/a>.<\/p>\n\n<div style=\"height:10px\" aria-hidden=\"true\" class=\"wp-block-spacer\"><\/div>\n\n<h2 class=\"wp-block-heading\">ETA: et alternativ til visum for \u00e5 bes\u00f8ke London<\/h2>\n\n<p><a href=\"https:\/\/uk-gb.net\/no\/eta-storbritannia-forente-kongerike\/\">Elektronisk reisetillatelse<\/a> (ETA) er en obligatorisk reisetillatelse for statsborgere fra visse visumfrie land n\u00e5r de bes\u00f8ker Storbritannia.<\/p>\n\n<ul class=\"wp-block-list\">\n<li><a href=\"https:\/\/uk-gb.net\/no\/eta-pris-storbritannia\/\">ETA-pris<\/a>: \u00a316 (ca. \u20ac19)<\/li>\n\n\n\n<li>Gyldighet: 2 \u00e5r eller til passet utl\u00f8per<\/li>\n\n\n\n<li>Maksimalt opphold: 6 m\u00e5neder<\/li>\n\n\n\n<li>Bruksomr\u00e5de: turisme, forretninger, korte studier eller transitt<\/li>\n<\/ul>\n\n<p>Siden april 2025 har det v\u00e6rt obligatorisk for europeiske borgere \u00e5 skaffe seg en <strong>ETA for London f\u00f8r de reiser.<\/strong><\/p>\n\n<h2 class=\"wp-block-heading\">Trenger jeg visum for \u00e5 overnatte i London?<\/h2>\n\n<p>Hvis du mellomlander p\u00e5 en flyplass i London (Heathrow, Gatwick, Stansted, Luton), varierer formalitetene avhengig av om du passerer gjennom britisk grensekontroll eller ikke.<\/p>\n\n<h3 class=\"wp-block-heading\">Tilfelle 1: transitt uten flyplassutgang<\/h3>\n\n<p>Hvis du oppholder deg i en internasjonal sone og ikke bytter flyplass: Hvis du er statsborger i et <a href=\"https:\/\/uk-gb.net\/no\/land-som-kan-soke-om-eta-uk\/\">land som er medlem av Storbritannias program for visumfritak<\/a>, kan du s\u00f8ke om en britisk ETA for \u00e5 mellomlande i London uten visum.<\/p>\n\n<h3 class=\"wp-block-heading\">Case 2: transitt med grensepassering<\/h3>\n\n<p>Hvis du m\u00e5 bytte flyplass eller g\u00e5 gjennom tollen (f.eks. ved en lengre mellomlanding): Du trenger et <a href=\"https:\/\/uk-gb.net\/no\/transitvisumstopp-storbritannia\/\">transittvisum eller et ETA-visum<\/a>, avhengig av hvilken nasjonalitet du har.<\/p>\n\n<p>Godt \u00e5 vite: Selv for enkel transitt m\u00e5 enkelte statsborgere skaffe seg et britisk transittvisum (Visitor in Transit Visa).<\/p>\n\n<div style=\"height:10px\" aria-hidden=\"true\" class=\"wp-block-spacer\"><\/div>\n\n<h2 class=\"wp-block-heading\">Hvordan f\u00e5r jeg visum eller ETA til London?<\/h2>\n\n<p>Her er en forenklet oppsummering av prosedyren avhengig av din situasjon som reisende.<\/p>\n\n<figure class=\"wp-block-table\"><table class=\"has-fixed-layout\"><thead><tr><th>Situasjon<\/th><th class=\"has-text-align-center\" data-align=\"center\">Type dokument som kreves<\/th><th class=\"has-text-align-left\" data-align=\"left\">Fremgangsm\u00e5te<\/th><\/tr><\/thead><tbody><tr><td>Kortferier for turisme, forretninger eller studier<\/td><td class=\"has-text-align-center\" data-align=\"center\">ETA<\/td><td class=\"has-text-align-left\" data-align=\"left\">Online s\u00f8knad p\u00e5 <a href=\"https:\/\/www.gov.uk\/eta\">gov.uk<\/a>, betaling med kredittkort<\/td><\/tr><tr><td>Opphold i mer enn 6 m\u00e5neder, arbeid, familiegjenforening<\/td><td class=\"has-text-align-center\" data-align=\"center\">Britisk visum<\/td><td class=\"has-text-align-left\" data-align=\"left\">S\u00f8knad p\u00e5 nett + avtale p\u00e5 ambassaden<\/td><\/tr><tr><td>Transitt med utkj\u00f8ring fra internasjonal sone<\/td><td class=\"has-text-align-center\" data-align=\"center\">ETA eller transittvisum<\/td><td class=\"has-text-align-left\" data-align=\"left\">Avhengig av nasjonalitet og flyplass<\/td><\/tr><\/tbody><\/table><\/figure>\n\n<p>For \u00e5 f\u00e5 visum til London m\u00e5 utenlandske statsborgere f\u00f8lge en <a href=\"https:\/\/uk-gb.net\/no\/soknadsprosedyre-visa-forente-stater\/\">online visums\u00f8knadsprosedyre<\/a>. Denne prosessen best\u00e5r av flere trinn:<\/p>\n\n<ul class=\"wp-block-list\">\n<li>Velg visumtype i henhold til form\u00e5let med reisen;<\/li>\n\n\n\n<li>Samle inn n\u00f8dvendig dokumentasjon;<\/li>\n\n\n\n<li>Fyll ut det elektroniske visums\u00f8knadsskjemaet ;<\/li>\n\n\n\n<li>Betal <a href=\"https:\/\/uk-gb.net\/no\/hvor-koster-visum-reise-storbritannia\/\">visumavgiften<\/a>;<\/li>\n\n\n\n<li>Gj\u00f8r en avtale med en <a href=\"https:\/\/uk-gb.net\/no\/ambassade-england-storbritannias-norge\/\">britisk ambassade<\/a>;<\/li>\n\n\n\n<li>Innlevering av dokumenter for \u00e5 fullf\u00f8re visums\u00f8knaden;<\/li>\n\n\n\n<li>Delta p\u00e5 et <a href=\"https:\/\/uk-gb.net\/no\/visumavtale-ved-den-britiske-ambassaden\/\">visumintervju<\/a> hvis s\u00f8knaden din krever det.<\/li>\n<\/ul>\n\n<div style=\"height:10px\" aria-hidden=\"true\" class=\"wp-block-spacer\"><\/div>\n\n<h2 class=\"wp-block-heading\">Hvilke dokumenter trenger jeg for \u00e5 reise til London?<\/h2>\n\n<p>Her er de vanligste dokumentene som kreves ved ankomst til Storbritannia:<\/p>\n\n<ul class=\"wp-block-list\">\n<li>Etter brexit er det igjen obligatorisk med <strong>gyldig pass<\/strong>;<\/li>\n\n\n\n<li>Gyldig <strong>ETA eller visum<\/strong>;<\/li>\n\n\n\n<li><strong>Bevis p\u00e5 at du har tilstrekkelige midler<\/strong> til oppholdet ;<\/li>\n\n\n\n<li><strong>Bevis p\u00e5 innkvartering<\/strong>, for eksempel en hotellreservasjon eller invitasjon;<\/li>\n\n\n\n<li>En <strong>retur- eller viderebillett<\/strong> i tilfelle transitt.<\/li>\n<\/ul>\n\n<div style=\"height:10px\" aria-hidden=\"true\" class=\"wp-block-spacer\"><\/div>\n\n<h2 class=\"wp-block-heading\">Konklusjon<\/h2>\n\n<p>Hvis du skal reise til eller gjennom London, m\u00e5 du sjekke din personlige situasjon n\u00f8ye. <strong>ETA er n\u00e5 obligatorisk<\/strong> for mange reisende, ogs\u00e5 for europeere, mens andre m\u00e5 g\u00e5 via den tradisjonelle <a href=\"https:\/\/uk-gb.net\/no\/forskjellige-britiske-visum\/\">britiske visumruten<\/a>. Hvis du er i tvil, er det best \u00e5 kj\u00f8re en simulering p\u00e5 de <a href=\"https:\/\/www.gov.uk\/check-uk-visa\">britiske myndighetenes offisielle nettsted<\/a>.  <\/p>\n","protected":false},"excerpt":{"rendered":"<p>Visum for \u00e5 reise til eller mellomlande i London London er den viktigste innfallsporten til Storbritannia for turister, studenter, fagfolk og reisende p\u00e5 gjennomreise. Etter at Storbritannia forlot EU, har formalitetene for innreise til Storbritannia endret seg. Avhengig av nasjonalitet, oppholdets varighet eller reisegrunn, kan det hende du trenger visum eller ETA. Her er alt [&hellip;]<\/p>\n","protected":false},"author":1,"featured_media":0,"parent":0,"menu_order":0,"comment_status":"closed","ping_status":"closed","template":"","meta":{"footnotes":""},"class_list":["post-1582","page","type-page","status-publish","hentry"],"yoast_head":"<!-- This site is optimized with the Yoast SEO plugin v27.4 - https:\/\/yoast.com\/product\/yoast-seo-wordpress\/ -->\n<title>Visum for \u00e5 reise til London eller foreta en mellomlanding - UK GB<\/title>\n<meta name=\"description\" content=\"For \u00e5 reise til Storbritannia n\u00e5r du lander i London, m\u00e5 du skaffe deg et visum eller reisedokument for London.\" \/>\n<meta name=\"robots\" content=\"index, follow, max-snippet:-1, max-image-preview:large, max-video-preview:-1\" \/>\n<link rel=\"canonical\" href=\"https:\/\/uk-gb.net\/no\/visum-for-london\/\" \/>\n<meta property=\"og:locale\" content=\"nb_NO\" \/>\n<meta property=\"og:type\" content=\"article\" \/>\n<meta property=\"og:title\" content=\"Visum for \u00e5 reise til London eller foreta en mellomlanding - UK GB\" \/>\n<meta property=\"og:description\" content=\"For \u00e5 reise til Storbritannia n\u00e5r du lander i London, m\u00e5 du skaffe deg et visum eller reisedokument for London.\" \/>\n<meta property=\"og:url\" content=\"https:\/\/uk-gb.net\/no\/visum-for-london\/\" \/>\n<meta property=\"og:site_name\" content=\"UK GB\" \/>\n<meta property=\"article:modified_time\" content=\"2026-01-15T16:23:19+00:00\" \/>\n<meta name=\"twitter:card\" content=\"summary_large_image\" \/>\n<meta name=\"twitter:label1\" content=\"Ansl. lesetid\" \/>\n\t<meta name=\"twitter:data1\" content=\"3 minutter\" \/>\n<script type=\"application\/ld+json\" class=\"yoast-schema-graph\">{\"@context\":\"https:\\\/\\\/schema.org\",\"@graph\":[{\"@type\":\"WebPage\",\"@id\":\"https:\\\/\\\/uk-gb.net\\\/no\\\/visum-for-london\\\/\",\"url\":\"https:\\\/\\\/uk-gb.net\\\/no\\\/visum-for-london\\\/\",\"name\":\"Visum for \u00e5 reise til London eller foreta en mellomlanding - UK GB\",\"isPartOf\":{\"@id\":\"https:\\\/\\\/uk-gb.net\\\/no\\\/#website\"},\"datePublished\":\"2023-12-07T16:52:56+00:00\",\"dateModified\":\"2026-01-15T16:23:19+00:00\",\"description\":\"For \u00e5 reise til Storbritannia n\u00e5r du lander i London, m\u00e5 du skaffe deg et visum eller reisedokument for London.\",\"inLanguage\":\"nb-NO\",\"potentialAction\":[{\"@type\":\"ReadAction\",\"target\":[\"https:\\\/\\\/uk-gb.net\\\/no\\\/visum-for-london\\\/\"]}]},{\"@type\":\"WebSite\",\"@id\":\"https:\\\/\\\/uk-gb.net\\\/no\\\/#website\",\"url\":\"https:\\\/\\\/uk-gb.net\\\/no\\\/\",\"name\":\"UK GB\",\"description\":\"Travel to the UK\",\"potentialAction\":[{\"@type\":\"SearchAction\",\"target\":{\"@type\":\"EntryPoint\",\"urlTemplate\":\"https:\\\/\\\/uk-gb.net\\\/no\\\/?s={search_term_string}\"},\"query-input\":{\"@type\":\"PropertyValueSpecification\",\"valueRequired\":true,\"valueName\":\"search_term_string\"}}],\"inLanguage\":\"nb-NO\"}]}<\/script>\n<!-- \/ Yoast SEO plugin. -->","yoast_head_json":{"title":"Visum for \u00e5 reise til London eller foreta en mellomlanding - UK GB","description":"For \u00e5 reise til Storbritannia n\u00e5r du lander i London, m\u00e5 du skaffe deg et visum eller reisedokument for London.","robots":{"index":"index","follow":"follow","max-snippet":"max-snippet:-1","max-image-preview":"max-image-preview:large","max-video-preview":"max-video-preview:-1"},"canonical":"https:\/\/uk-gb.net\/no\/visum-for-london\/","og_locale":"nb_NO","og_type":"article","og_title":"Visum for \u00e5 reise til London eller foreta en mellomlanding - UK GB","og_description":"For \u00e5 reise til Storbritannia n\u00e5r du lander i London, m\u00e5 du skaffe deg et visum eller reisedokument for London.","og_url":"https:\/\/uk-gb.net\/no\/visum-for-london\/","og_site_name":"UK GB","article_modified_time":"2026-01-15T16:23:19+00:00","twitter_card":"summary_large_image","twitter_misc":{"Ansl. lesetid":"3 minutter"},"schema":{"@context":"https:\/\/schema.org","@graph":[{"@type":"WebPage","@id":"https:\/\/uk-gb.net\/no\/visum-for-london\/","url":"https:\/\/uk-gb.net\/no\/visum-for-london\/","name":"Visum for \u00e5 reise til London eller foreta en mellomlanding - UK GB","isPartOf":{"@id":"https:\/\/uk-gb.net\/no\/#website"},"datePublished":"2023-12-07T16:52:56+00:00","dateModified":"2026-01-15T16:23:19+00:00","description":"For \u00e5 reise til Storbritannia n\u00e5r du lander i London, m\u00e5 du skaffe deg et visum eller reisedokument for London.","inLanguage":"nb-NO","potentialAction":[{"@type":"ReadAction","target":["https:\/\/uk-gb.net\/no\/visum-for-london\/"]}]},{"@type":"WebSite","@id":"https:\/\/uk-gb.net\/no\/#website","url":"https:\/\/uk-gb.net\/no\/","name":"UK GB","description":"Travel to the UK","potentialAction":[{"@type":"SearchAction","target":{"@type":"EntryPoint","urlTemplate":"https:\/\/uk-gb.net\/no\/?s={search_term_string}"},"query-input":{"@type":"PropertyValueSpecification","valueRequired":true,"valueName":"search_term_string"}}],"inLanguage":"nb-NO"}]}},"_links":{"self":[{"href":"https:\/\/uk-gb.net\/no\/wp-json\/wp\/v2\/pages\/1582","targetHints":{"allow":["GET"]}}],"collection":[{"href":"https:\/\/uk-gb.net\/no\/wp-json\/wp\/v2\/pages"}],"about":[{"href":"https:\/\/uk-gb.net\/no\/wp-json\/wp\/v2\/types\/page"}],"author":[{"embeddable":true,"href":"https:\/\/uk-gb.net\/no\/wp-json\/wp\/v2\/users\/1"}],"replies":[{"embeddable":true,"href":"https:\/\/uk-gb.net\/no\/wp-json\/wp\/v2\/comments?post=1582"}],"version-history":[{"count":0,"href":"https:\/\/uk-gb.net\/no\/wp-json\/wp\/v2\/pages\/1582\/revisions"}],"wp:attachment":[{"href":"https:\/\/uk-gb.net\/no\/wp-json\/wp\/v2\/media?parent=1582"}],"curies":[{"name":"wp","href":"https:\/\/api.w.org\/{rel}","templated":true}]}}