{"id":1576,"date":"2023-11-21T12:31:09","date_gmt":"2023-11-21T12:31:09","guid":{"rendered":"https:\/\/uk-gb.net\/turist-besoker-england-forente-kongerikerike\/"},"modified":"2026-01-15T16:24:54","modified_gmt":"2026-01-15T16:24:54","slug":"turist-besoker-england-forente-kongerikerike","status":"publish","type":"page","link":"https:\/\/uk-gb.net\/no\/turist-besoker-england-forente-kongerikerike\/","title":{"rendered":"Turistvisum til Storbritannia"},"content":{"rendered":"\n<h1 class=\"wp-block-heading\">Turistvisum for reiser til England<\/h1>\n\n<p>Hvis du \u00f8nsker \u00e5 bes\u00f8ke <a href=\"https:\/\/uk-gb.net\/no\/london\/\">London<\/a>, <a href=\"https:\/\/uk-gb.net\/no\/manchester\/\">Manchester<\/a>, <a href=\"https:\/\/uk-gb.net\/no\/glasgow\/\">Glasgow<\/a> eller utforske landsbygda i Wales, kan du trenge et <strong>turistvisum<\/strong> til <strong>Storbritannia<\/strong>. Dette visumet gir reisende mulighet til \u00e5 oppholde seg midlertidig i Storbritannia for \u00e5 feriere, bes\u00f8ke slektninger eller avlegge kulturelle eller medisinske bes\u00f8k. <\/p>\n\n<p><strong>For turistopphold p\u00e5 mindre enn 6 m\u00e5neder<\/strong>: Det er ikke n\u00f8dvendig \u00e5 skaffe seg et britisk turistvisum. Alt du trenger \u00e5 gj\u00f8re er \u00e5 s\u00f8ke om en elektronisk reisetillatelse (ETA) ved \u00e5 fylle ut <a href=\"https:\/\/uk-gb.net\/no\/online-skjema-eta-england\/\">ETA-skjemaet p\u00e5 nettet.<\/a><\/p>\n\n<div style=\"height:10px\" aria-hidden=\"true\" class=\"wp-block-spacer\"><\/div>\n\n<h2 class=\"wp-block-heading\">Hva er et britisk turistvisum?<\/h2>\n\n<p>Turistvisumet, som offisielt kalles <strong>Standard Visitor Visa<\/strong>, er beregnet p\u00e5 personer som \u00f8nsker \u00e5 reise inn i Storbritannia for :<\/p>\n\n<ul class=\"wp-block-list\">\n<li><strong>ferie<\/strong> eller <strong>turisme<\/strong><\/li>\n\n\n\n<li><strong>bes\u00f8ke slektninger eller venner<\/strong><\/li>\n\n\n\n<li>delta p\u00e5 et <strong>kulturelt, musikalsk eller sportslig arrangement<\/strong><\/li>\n\n\n\n<li>motta ikke-akutt <strong>medisinsk behandling<\/strong> <\/li>\n\n\n\n<li>f\u00f8lge et <strong>kort kurs<\/strong> (maksimalt 30 dager)<\/li>\n<\/ul>\n\n<div style=\"height:10px\" aria-hidden=\"true\" class=\"wp-block-spacer\"><\/div>\n\n<p>Dette visumet gir ikke rett til <strong>arbeid<\/strong>, langtidsstudier eller permanent opphold i Storbritannia.<\/p>\n\n<h2 class=\"wp-block-heading\">Trenger du turistvisum?<\/h2>\n\n<p>Hvorvidt du trenger turistvisum til Storbritannia, avhenger av <strong>nasjonaliteten din:<\/strong> <\/p>\n\n<p><strong>Du trenger ikke turistvisum<\/strong>: Hvis du er statsborger i et <a href=\"https:\/\/uk-gb.net\/no\/land-som-kan-soke-om-eta-uk\/\">land som er kvalifisert for ETA<\/a> Electronic Travel Authorisation, for eksempel: Canada, USA, Japan, Australia og EU-land.<\/p>\n\n<p><strong>Du trenger turistvisum<\/strong> hvis :<\/p>\n\n<ul class=\"wp-block-list\">\n<li>Du er statsborger i et land som krever visum (f.eks. India, Marokko, Algerie, Tunisia, Kina, Pakistan osv.)<\/li>\n\n\n\n<li>Du oppfyller ikke vilk\u00e5rene for fritak<\/li>\n\n\n\n<li>Du kan ikke s\u00f8ke om ETA eller har allerede f\u00e5tt avslag<\/li>\n<\/ul>\n\n<blockquote class=\"wp-block-quote is-layout-flow wp-block-quote-is-layout-flow\">\n<p>For \u00e5 sjekke om du trenger visum eller ETA, bes\u00f8k det offisielle nettstedet <a href=\"https:\/\/www.gov.uk\/check-uk-visa\">gov.uk\/check-uk-visa<\/a><\/p>\n<\/blockquote>\n\n<h2 class=\"wp-block-heading\">Hvordan s\u00f8ker jeg om visum til Storbritannia?<\/h2>\n\n<p><a href=\"https:\/\/uk-gb.net\/no\/soknadsprosedyre-visa-forente-stater\/\">Visums\u00f8knaden behandles<\/a> p\u00e5 nettet p\u00e5 nettstedet til UK Border Agency. Her er fremgangsm\u00e5ten for \u00e5 s\u00f8ke om britisk visum p\u00e5 nettet:<\/p>\n\n<ol class=\"wp-block-list\">\n<li>Bes\u00f8k det offisielle nettstedet <a href=\"http:\/\/www.gov.uk\">www.gov.uk<\/a><\/li>\n\n\n\n<li>Velg din type visum<\/li>\n\n\n\n<li>Opprett en konto og fyll ut det elektroniske skjemaet<\/li>\n\n\n\n<li>Betale <a href=\"https:\/\/uk-gb.net\/no\/hvor-koster-visum-reise-storbritannia\/\">visumavgiften<\/a><\/li>\n\n\n\n<li>Gj\u00f8r en avtale p\u00e5 et godkjent senter for \u00e5 oppgi biometriske data<\/li>\n\n\n\n<li>Send inn dokumentasjon og vent p\u00e5 avgj\u00f8relsen<\/li>\n<\/ol>\n\n<div style=\"height:10px\" aria-hidden=\"true\" class=\"wp-block-spacer\"><\/div>\n\n<h2 class=\"wp-block-heading\">Hvor mye koster et turistvisum til Storbritannia?<\/h2>\n\n<p>Det administrative gebyret for \u00e5 f\u00e5 visum til Storbritannia er :<\/p>\n\n<figure class=\"wp-block-table\"><table><tbody><tr><td><strong>Type britisk visum<\/strong><\/td><td class=\"has-text-align-center\" data-align=\"center\"><strong>Avgifter som skal betales<\/strong><\/td><\/tr><tr><td>Standard visum opp til 6 m\u00e5neder<\/td><td class=\"has-text-align-center\" data-align=\"center\">\u00a3 115<\/td><\/tr><tr><td>Visum for flere innreiser (2 \u00e5r), men maksimalt 6 m\u00e5neder per opphold<\/td><td class=\"has-text-align-center\" data-align=\"center\">\u00a3 400<\/td><\/tr><tr><td>Visum for flere innreiser (5 \u00e5r), men maksimalt 6 m\u00e5neder per opphold<\/td><td class=\"has-text-align-center\" data-align=\"center\">\u00a3 771<\/td><\/tr><tr><td>Visum for flere innreiser (10 \u00e5r), men maksimalt 6 m\u00e5neder per opphold<\/td><td class=\"has-text-align-center\" data-align=\"center\">\u00a3 963<\/td><\/tr><\/tbody><\/table><figcaption class=\"wp-element-caption\">Avgifter for turistvisum<\/figcaption><\/figure>\n\n<h2 class=\"wp-block-heading\">ETA eller turistvisum: hva er forskjellen?<\/h2>\n\n<figure class=\"wp-block-table\"><table class=\"has-fixed-layout\"><thead><tr><th class=\"has-text-align-center\" data-align=\"center\">Kriterier<\/th><th class=\"has-text-align-center\" data-align=\"center\">ETA<\/th><th class=\"has-text-align-center\" data-align=\"center\">Turistvisum<\/th><\/tr><\/thead><tbody><tr><td class=\"has-text-align-center\" data-align=\"center\">Kostnader<\/td><td class=\"has-text-align-center\" data-align=\"center\">16 \u00a3<\/td><td class=\"has-text-align-center\" data-align=\"center\">Fra \u00a3115<\/td><\/tr><tr><td class=\"has-text-align-center\" data-align=\"center\">Tidsfrist<\/td><td class=\"has-text-align-center\" data-align=\"center\">Svar innen 72 timer<\/td><td class=\"has-text-align-center\" data-align=\"center\">Omtrent 3 uker<\/td><\/tr><tr><td class=\"has-text-align-center\" data-align=\"center\">Gyldighetsperiode<\/td><td class=\"has-text-align-center\" data-align=\"center\">2 \u00e5r<\/td><td class=\"has-text-align-center\" data-align=\"center\">Opptil 10 \u00e5r (flere innganger)<\/td><\/tr><tr><td class=\"has-text-align-center\" data-align=\"center\">Fremgangsm\u00e5te<\/td><td class=\"has-text-align-center\" data-align=\"center\">100 % online<\/td><td class=\"has-text-align-center\" data-align=\"center\">Online + konsul\u00e6r avtale<\/td><\/tr><tr><td class=\"has-text-align-center\" data-align=\"center\">Ber\u00f8rte nasjonaliteter<\/td><td class=\"has-text-align-center\" data-align=\"center\">Visumfrie land<\/td><td class=\"has-text-align-center\" data-align=\"center\">Visumpliktige land<\/td><\/tr><\/tbody><\/table><\/figure>\n\n<h2 class=\"wp-block-heading\">Hvor lang tid tar det \u00e5 s\u00f8ke om visum til Storbritannia?<\/h2>\n\n<ul class=\"wp-block-list\">\n<li>Gjennomsnittlig behandlingstid er <strong>3 uker<\/strong> fra biometribes\u00f8ket.<\/li>\n\n\n\n<li>I enkelte land er det mulig \u00e5 f\u00e5 svar <strong>innen<\/strong> fem dager eller mindre (mot en ekstra kostnad).<\/li>\n<\/ul>\n\n<div style=\"height:10px\" aria-hidden=\"true\" class=\"wp-block-spacer\"><\/div>\n\n<h2 class=\"wp-block-heading\">Bilde av et turistvisum til Storbritannia<\/h2>\n\n<p>Turistvisumet til Storbritannia har form av en passside med et bilde av innehaveren som oppfyller bestemte m\u00e5l. Passbildet m\u00e5 v\u00e6re mindre enn 6 m\u00e5neder gammelt n\u00e5r det leveres inn for visumet. <\/p>\n\n<figure class=\"wp-block-image size-full is-resized\" id=\"image-visa-uk-c\"><img fetchpriority=\"high\" decoding=\"async\" width=\"564\" height=\"338\" src=\"https:\/\/uk-gb.net\/wp-content\/uploads\/2024\/03\/UK-visa-C.jpg\" alt=\"Foto visum Storbritannia\" class=\"wp-image-1890\" style=\"width:800px;height:auto\" title=\"Bilde av visum til Storbritannia\" srcset=\"https:\/\/uk-gb.net\/wp-content\/uploads\/2024\/03\/UK-visa-C.jpg 564w, https:\/\/uk-gb.net\/wp-content\/uploads\/2024\/03\/UK-visa-C-300x180.jpg 300w\" sizes=\"(max-width: 564px) 100vw, 564px\" \/><\/figure>\n","protected":false},"excerpt":{"rendered":"<p>Turistvisum for reiser til England Hvis du \u00f8nsker \u00e5 bes\u00f8ke London, Manchester, Glasgow eller utforske landsbygda i Wales, kan du trenge et turistvisum til Storbritannia. Dette visumet gir reisende mulighet til \u00e5 oppholde seg midlertidig i Storbritannia for \u00e5 feriere, bes\u00f8ke slektninger eller avlegge kulturelle eller medisinske bes\u00f8k. For turistopphold p\u00e5 mindre enn 6 m\u00e5neder: [&hellip;]<\/p>\n","protected":false},"author":1,"featured_media":0,"parent":0,"menu_order":0,"comment_status":"closed","ping_status":"closed","template":"","meta":{"footnotes":""},"class_list":["post-1576","page","type-page","status-publish","hentry"],"yoast_head":"<!-- This site is optimized with the Yoast SEO plugin v27.4 - https:\/\/yoast.com\/product\/yoast-seo-wordpress\/ -->\n<title>Turistvisum til Storbritannia<\/title>\n<meta name=\"description\" content=\"Finn ut alle reglene for \u00e5 f\u00e5 turistvisum til Storbritannia\" \/>\n<meta name=\"robots\" content=\"index, follow, max-snippet:-1, max-image-preview:large, max-video-preview:-1\" \/>\n<link rel=\"canonical\" href=\"https:\/\/uk-gb.net\/no\/turist-besoker-england-forente-kongerikerike\/\" \/>\n<meta property=\"og:locale\" content=\"nb_NO\" \/>\n<meta property=\"og:type\" content=\"article\" \/>\n<meta property=\"og:title\" content=\"Turistvisum til Storbritannia\" \/>\n<meta property=\"og:description\" content=\"Finn ut alle reglene for \u00e5 f\u00e5 turistvisum til Storbritannia\" \/>\n<meta property=\"og:url\" content=\"https:\/\/uk-gb.net\/no\/turist-besoker-england-forente-kongerikerike\/\" \/>\n<meta property=\"og:site_name\" content=\"UK GB\" \/>\n<meta property=\"article:modified_time\" content=\"2026-01-15T16:24:54+00:00\" \/>\n<meta property=\"og:image\" content=\"https:\/\/uk-gb.net\/wp-content\/uploads\/2024\/03\/UK-visa-C.jpg\" \/>\n\t<meta property=\"og:image:width\" content=\"564\" \/>\n\t<meta property=\"og:image:height\" content=\"338\" \/>\n\t<meta property=\"og:image:type\" content=\"image\/jpeg\" \/>\n<meta name=\"twitter:card\" content=\"summary_large_image\" \/>\n<meta name=\"twitter:label1\" content=\"Ansl. lesetid\" \/>\n\t<meta name=\"twitter:data1\" content=\"2 minutter\" \/>\n<script type=\"application\/ld+json\" class=\"yoast-schema-graph\">{\"@context\":\"https:\\\/\\\/schema.org\",\"@graph\":[{\"@type\":\"WebPage\",\"@id\":\"https:\\\/\\\/uk-gb.net\\\/no\\\/turist-besoker-england-forente-kongerikerike\\\/\",\"url\":\"https:\\\/\\\/uk-gb.net\\\/no\\\/turist-besoker-england-forente-kongerikerike\\\/\",\"name\":\"Turistvisum til Storbritannia\",\"isPartOf\":{\"@id\":\"https:\\\/\\\/uk-gb.net\\\/no\\\/#website\"},\"primaryImageOfPage\":{\"@id\":\"https:\\\/\\\/uk-gb.net\\\/no\\\/turist-besoker-england-forente-kongerikerike\\\/#primaryimage\"},\"image\":{\"@id\":\"https:\\\/\\\/uk-gb.net\\\/no\\\/turist-besoker-england-forente-kongerikerike\\\/#primaryimage\"},\"thumbnailUrl\":\"https:\\\/\\\/uk-gb.net\\\/wp-content\\\/uploads\\\/2024\\\/03\\\/UK-visa-C.jpg\",\"datePublished\":\"2023-11-21T12:31:09+00:00\",\"dateModified\":\"2026-01-15T16:24:54+00:00\",\"description\":\"Finn ut alle reglene for \u00e5 f\u00e5 turistvisum til Storbritannia\",\"inLanguage\":\"nb-NO\",\"potentialAction\":[{\"@type\":\"ReadAction\",\"target\":[\"https:\\\/\\\/uk-gb.net\\\/no\\\/turist-besoker-england-forente-kongerikerike\\\/\"]}]},{\"@type\":\"ImageObject\",\"inLanguage\":\"nb-NO\",\"@id\":\"https:\\\/\\\/uk-gb.net\\\/no\\\/turist-besoker-england-forente-kongerikerike\\\/#primaryimage\",\"url\":\"https:\\\/\\\/uk-gb.net\\\/wp-content\\\/uploads\\\/2024\\\/03\\\/UK-visa-C.jpg\",\"contentUrl\":\"https:\\\/\\\/uk-gb.net\\\/wp-content\\\/uploads\\\/2024\\\/03\\\/UK-visa-C.jpg\"},{\"@type\":\"WebSite\",\"@id\":\"https:\\\/\\\/uk-gb.net\\\/no\\\/#website\",\"url\":\"https:\\\/\\\/uk-gb.net\\\/no\\\/\",\"name\":\"UK GB\",\"description\":\"Travel to the UK\",\"potentialAction\":[{\"@type\":\"SearchAction\",\"target\":{\"@type\":\"EntryPoint\",\"urlTemplate\":\"https:\\\/\\\/uk-gb.net\\\/no\\\/?s={search_term_string}\"},\"query-input\":{\"@type\":\"PropertyValueSpecification\",\"valueRequired\":true,\"valueName\":\"search_term_string\"}}],\"inLanguage\":\"nb-NO\"}]}<\/script>\n<!-- \/ Yoast SEO plugin. -->","yoast_head_json":{"title":"Turistvisum til Storbritannia","description":"Finn ut alle reglene for \u00e5 f\u00e5 turistvisum til Storbritannia","robots":{"index":"index","follow":"follow","max-snippet":"max-snippet:-1","max-image-preview":"max-image-preview:large","max-video-preview":"max-video-preview:-1"},"canonical":"https:\/\/uk-gb.net\/no\/turist-besoker-england-forente-kongerikerike\/","og_locale":"nb_NO","og_type":"article","og_title":"Turistvisum til Storbritannia","og_description":"Finn ut alle reglene for \u00e5 f\u00e5 turistvisum til Storbritannia","og_url":"https:\/\/uk-gb.net\/no\/turist-besoker-england-forente-kongerikerike\/","og_site_name":"UK GB","article_modified_time":"2026-01-15T16:24:54+00:00","og_image":[{"width":564,"height":338,"url":"https:\/\/uk-gb.net\/wp-content\/uploads\/2024\/03\/UK-visa-C.jpg","type":"image\/jpeg"}],"twitter_card":"summary_large_image","twitter_misc":{"Ansl. lesetid":"2 minutter"},"schema":{"@context":"https:\/\/schema.org","@graph":[{"@type":"WebPage","@id":"https:\/\/uk-gb.net\/no\/turist-besoker-england-forente-kongerikerike\/","url":"https:\/\/uk-gb.net\/no\/turist-besoker-england-forente-kongerikerike\/","name":"Turistvisum til Storbritannia","isPartOf":{"@id":"https:\/\/uk-gb.net\/no\/#website"},"primaryImageOfPage":{"@id":"https:\/\/uk-gb.net\/no\/turist-besoker-england-forente-kongerikerike\/#primaryimage"},"image":{"@id":"https:\/\/uk-gb.net\/no\/turist-besoker-england-forente-kongerikerike\/#primaryimage"},"thumbnailUrl":"https:\/\/uk-gb.net\/wp-content\/uploads\/2024\/03\/UK-visa-C.jpg","datePublished":"2023-11-21T12:31:09+00:00","dateModified":"2026-01-15T16:24:54+00:00","description":"Finn ut alle reglene for \u00e5 f\u00e5 turistvisum til Storbritannia","inLanguage":"nb-NO","potentialAction":[{"@type":"ReadAction","target":["https:\/\/uk-gb.net\/no\/turist-besoker-england-forente-kongerikerike\/"]}]},{"@type":"ImageObject","inLanguage":"nb-NO","@id":"https:\/\/uk-gb.net\/no\/turist-besoker-england-forente-kongerikerike\/#primaryimage","url":"https:\/\/uk-gb.net\/wp-content\/uploads\/2024\/03\/UK-visa-C.jpg","contentUrl":"https:\/\/uk-gb.net\/wp-content\/uploads\/2024\/03\/UK-visa-C.jpg"},{"@type":"WebSite","@id":"https:\/\/uk-gb.net\/no\/#website","url":"https:\/\/uk-gb.net\/no\/","name":"UK GB","description":"Travel to the UK","potentialAction":[{"@type":"SearchAction","target":{"@type":"EntryPoint","urlTemplate":"https:\/\/uk-gb.net\/no\/?s={search_term_string}"},"query-input":{"@type":"PropertyValueSpecification","valueRequired":true,"valueName":"search_term_string"}}],"inLanguage":"nb-NO"}]}},"_links":{"self":[{"href":"https:\/\/uk-gb.net\/no\/wp-json\/wp\/v2\/pages\/1576","targetHints":{"allow":["GET"]}}],"collection":[{"href":"https:\/\/uk-gb.net\/no\/wp-json\/wp\/v2\/pages"}],"about":[{"href":"https:\/\/uk-gb.net\/no\/wp-json\/wp\/v2\/types\/page"}],"author":[{"embeddable":true,"href":"https:\/\/uk-gb.net\/no\/wp-json\/wp\/v2\/users\/1"}],"replies":[{"embeddable":true,"href":"https:\/\/uk-gb.net\/no\/wp-json\/wp\/v2\/comments?post=1576"}],"version-history":[{"count":0,"href":"https:\/\/uk-gb.net\/no\/wp-json\/wp\/v2\/pages\/1576\/revisions"}],"wp:attachment":[{"href":"https:\/\/uk-gb.net\/no\/wp-json\/wp\/v2\/media?parent=1576"}],"curies":[{"name":"wp","href":"https:\/\/api.w.org\/{rel}","templated":true}]}}