{"id":1481,"date":"2023-11-13T17:36:02","date_gmt":"2023-11-13T17:36:02","guid":{"rendered":"https:\/\/uk-gb.net\/juridisk-varsel\/"},"modified":"2026-01-15T15:12:15","modified_gmt":"2026-01-15T15:12:15","slug":"juridisk-varsel","status":"publish","type":"page","link":"https:\/\/uk-gb.net\/no\/juridisk-varsel\/","title":{"rendered":"Juridisk informasjon"},"content":{"rendered":"\n<h1 class=\"wp-block-heading\">Juridisk varsel<\/h1>\n\n<p>Vi utgir et nettsted med informasjon om turistopphold i Storbritannia. Nettstedet og driftsselskapet er uavhengig av offentlig forvaltning. De har ingen tilknytning til den britiske administrasjonen.  <\/p>\n\n<h2 class=\"wp-block-heading\">Redakt\u00f8r for nettstedet<\/h2>\n\n<p>Nettstedet utgis av et konsulentselskap registrert p\u00e5 Malta innenfor Det europeiske fellesskap. V\u00e5r publiseringsansvarlige er Manuel Borg.  Bruk <a href=\"https:\/\/uk-gb.net\/no\/contact\/\">kontakt skjemaet<\/a> for \u00e5 kontakte oss.<\/p>\n\n<p>Vi er et privat nettsted som er dedikert til \u00e5 gi informasjon.\nNettstedet tilbyr ingen kommersielle tjenester p\u00e5 nettet. <\/p>\n\n<p>Nettstedet inneholder reklamehyperlenker som kan lede brukerne til eksterne tredjepartsnettsteder: Vi er ikke ansvarlige for deres retningslinjer for konfidensialitet eller deres kommersielle praksis.<\/p>\n\n<h2 class=\"wp-block-heading\">Behandling av personopplysninger<\/h2>\n\n<p>Vi samler ikke inn personopplysninger via elektroniske skjemaer.\nDet eneste skjemaet p\u00e5 nettstedet v\u00e5rt er et enkelt kontaktskjema.\nInformasjonen som oppgis for \u00e5 kontakte oss, slettes regelmessig.\nBes\u00f8kende har rett til \u00e5 f\u00e5 tilgang til, endre, korrigere og slette disse opplysningene.    Hvis du vil ut\u00f8ve denne retten, kan du kontakte oss via <a href=\"https:\/\/uk-gb.net\/no\/contact\/\">kontakt skjemaet<\/a>.<\/p>\n","protected":false},"excerpt":{"rendered":"<p>Juridisk varsel Vi utgir et nettsted med informasjon om turistopphold i Storbritannia. Nettstedet og driftsselskapet er uavhengig av offentlig forvaltning. De har ingen tilknytning til den britiske administrasjonen. Redakt\u00f8r for nettstedet Nettstedet utgis av et konsulentselskap registrert p\u00e5 Malta innenfor Det europeiske fellesskap. V\u00e5r publiseringsansvarlige er Manuel Borg. Bruk kontakt skjemaet for \u00e5 kontakte oss. [&hellip;]<\/p>\n","protected":false},"author":1,"featured_media":0,"parent":0,"menu_order":0,"comment_status":"closed","ping_status":"closed","template":"","meta":{"footnotes":""},"class_list":["post-1481","page","type-page","status-publish","hentry"],"yoast_head":"<!-- This site is optimized with the Yoast SEO plugin v27.4 - https:\/\/yoast.com\/product\/yoast-seo-wordpress\/ -->\n<title>Juridisk informasjon - UK GB<\/title>\n<meta name=\"description\" content=\"Juridisk merknad for nettstedet uk-gb.net\" \/>\n<meta name=\"robots\" content=\"noindex, nofollow\" \/>\n<meta property=\"og:locale\" content=\"nb_NO\" \/>\n<meta property=\"og:type\" content=\"article\" \/>\n<meta property=\"og:title\" content=\"Juridisk informasjon - UK GB\" \/>\n<meta property=\"og:description\" content=\"Juridisk merknad for nettstedet uk-gb.net\" \/>\n<meta property=\"og:url\" content=\"https:\/\/uk-gb.net\/no\/juridisk-varsel\/\" \/>\n<meta property=\"og:site_name\" content=\"UK GB\" \/>\n<meta property=\"article:modified_time\" content=\"2026-01-15T15:12:15+00:00\" \/>\n<meta name=\"twitter:card\" content=\"summary_large_image\" \/>\n<meta name=\"twitter:label1\" content=\"Ansl. lesetid\" \/>\n\t<meta name=\"twitter:data1\" content=\"1 minutt\" \/>\n<script type=\"application\/ld+json\" class=\"yoast-schema-graph\">{\"@context\":\"https:\\\/\\\/schema.org\",\"@graph\":[{\"@type\":\"WebPage\",\"@id\":\"https:\\\/\\\/uk-gb.net\\\/no\\\/juridisk-varsel\\\/\",\"url\":\"https:\\\/\\\/uk-gb.net\\\/no\\\/juridisk-varsel\\\/\",\"name\":\"Juridisk informasjon - UK GB\",\"isPartOf\":{\"@id\":\"https:\\\/\\\/uk-gb.net\\\/no\\\/#website\"},\"datePublished\":\"2023-11-13T17:36:02+00:00\",\"dateModified\":\"2026-01-15T15:12:15+00:00\",\"description\":\"Juridisk merknad for nettstedet uk-gb.net\",\"inLanguage\":\"nb-NO\",\"potentialAction\":[{\"@type\":\"ReadAction\",\"target\":[\"https:\\\/\\\/uk-gb.net\\\/no\\\/juridisk-varsel\\\/\"]}]},{\"@type\":\"WebSite\",\"@id\":\"https:\\\/\\\/uk-gb.net\\\/no\\\/#website\",\"url\":\"https:\\\/\\\/uk-gb.net\\\/no\\\/\",\"name\":\"UK GB\",\"description\":\"Travel to the UK\",\"potentialAction\":[{\"@type\":\"SearchAction\",\"target\":{\"@type\":\"EntryPoint\",\"urlTemplate\":\"https:\\\/\\\/uk-gb.net\\\/no\\\/?s={search_term_string}\"},\"query-input\":{\"@type\":\"PropertyValueSpecification\",\"valueRequired\":true,\"valueName\":\"search_term_string\"}}],\"inLanguage\":\"nb-NO\"}]}<\/script>\n<!-- \/ Yoast SEO plugin. -->","yoast_head_json":{"title":"Juridisk informasjon - UK GB","description":"Juridisk merknad for nettstedet uk-gb.net","robots":{"index":"noindex","follow":"nofollow"},"og_locale":"nb_NO","og_type":"article","og_title":"Juridisk informasjon - UK GB","og_description":"Juridisk merknad for nettstedet uk-gb.net","og_url":"https:\/\/uk-gb.net\/no\/juridisk-varsel\/","og_site_name":"UK GB","article_modified_time":"2026-01-15T15:12:15+00:00","twitter_card":"summary_large_image","twitter_misc":{"Ansl. lesetid":"1 minutt"},"schema":{"@context":"https:\/\/schema.org","@graph":[{"@type":"WebPage","@id":"https:\/\/uk-gb.net\/no\/juridisk-varsel\/","url":"https:\/\/uk-gb.net\/no\/juridisk-varsel\/","name":"Juridisk informasjon - UK GB","isPartOf":{"@id":"https:\/\/uk-gb.net\/no\/#website"},"datePublished":"2023-11-13T17:36:02+00:00","dateModified":"2026-01-15T15:12:15+00:00","description":"Juridisk merknad for nettstedet uk-gb.net","inLanguage":"nb-NO","potentialAction":[{"@type":"ReadAction","target":["https:\/\/uk-gb.net\/no\/juridisk-varsel\/"]}]},{"@type":"WebSite","@id":"https:\/\/uk-gb.net\/no\/#website","url":"https:\/\/uk-gb.net\/no\/","name":"UK GB","description":"Travel to the UK","potentialAction":[{"@type":"SearchAction","target":{"@type":"EntryPoint","urlTemplate":"https:\/\/uk-gb.net\/no\/?s={search_term_string}"},"query-input":{"@type":"PropertyValueSpecification","valueRequired":true,"valueName":"search_term_string"}}],"inLanguage":"nb-NO"}]}},"_links":{"self":[{"href":"https:\/\/uk-gb.net\/no\/wp-json\/wp\/v2\/pages\/1481","targetHints":{"allow":["GET"]}}],"collection":[{"href":"https:\/\/uk-gb.net\/no\/wp-json\/wp\/v2\/pages"}],"about":[{"href":"https:\/\/uk-gb.net\/no\/wp-json\/wp\/v2\/types\/page"}],"author":[{"embeddable":true,"href":"https:\/\/uk-gb.net\/no\/wp-json\/wp\/v2\/users\/1"}],"replies":[{"embeddable":true,"href":"https:\/\/uk-gb.net\/no\/wp-json\/wp\/v2\/comments?post=1481"}],"version-history":[{"count":0,"href":"https:\/\/uk-gb.net\/no\/wp-json\/wp\/v2\/pages\/1481\/revisions"}],"wp:attachment":[{"href":"https:\/\/uk-gb.net\/no\/wp-json\/wp\/v2\/media?parent=1481"}],"curies":[{"name":"wp","href":"https:\/\/api.w.org\/{rel}","templated":true}]}}