{"id":1475,"date":"2023-11-21T14:40:24","date_gmt":"2023-11-21T14:40:24","guid":{"rendered":"https:\/\/uk-gb.net\/online-skjema-eta-england\/"},"modified":"2026-01-16T09:49:45","modified_gmt":"2026-01-16T09:49:45","slug":"online-skjema-eta-england","status":"publish","type":"page","link":"https:\/\/uk-gb.net\/no\/online-skjema-eta-england\/","title":{"rendered":"Online ETA-skjema for England"},"content":{"rendered":"\t\t<div data-elementor-type=\"wp-page\" data-elementor-id=\"1475\" class=\"elementor elementor-1475 elementor-520\" data-elementor-post-type=\"page\">\n\t\t\t\t\t\t<section class=\"elementor-section elementor-top-section elementor-element elementor-element-c2dd1d6 elementor-section-boxed elementor-section-height-default elementor-section-height-default\" data-id=\"c2dd1d6\" data-element_type=\"section\" data-e-type=\"section\">\n\t\t\t\t\t\t<div class=\"elementor-container elementor-column-gap-default\">\n\t\t\t\t\t<div class=\"elementor-column elementor-col-100 elementor-top-column elementor-element elementor-element-cbe591\" data-id=\"cbe591\" data-element_type=\"column\" data-e-type=\"column\">\n\t\t\t<div class=\"elementor-widget-wrap elementor-element-populated\">\n\t\t\t\t\t\t<div class=\"elementor-element elementor-element-2213ec2d elementor-widget elementor-widget-heading\" data-id=\"2213ec2d\" data-element_type=\"widget\" data-e-type=\"widget\" data-widget_type=\"heading.default\">\n\t\t\t\t<div class=\"elementor-widget-container\">\n\t\t\t\t\t<h1 class=\"elementor-heading-title elementor-size-default\">ETA-skjema p\u00e5 nett<\/h1>\t\t\t\t<\/div>\n\t\t\t\t<\/div>\n\t\t\t\t\t<\/div>\n\t\t<\/div>\n\t\t\t\t\t<\/div>\n\t\t<\/section>\n\t\t\t\t<section class=\"elementor-section elementor-top-section elementor-element elementor-element-70d757c3 elementor-section-boxed elementor-section-height-default elementor-section-height-default\" data-id=\"70d757c3\" data-element_type=\"section\" data-e-type=\"section\">\n\t\t\t\t\t\t<div class=\"elementor-container elementor-column-gap-default\">\n\t\t\t\t\t<div class=\"elementor-column elementor-col-100 elementor-top-column elementor-element elementor-element-411bf69e\" data-id=\"411bf69e\" data-element_type=\"column\" data-e-type=\"column\">\n\t\t\t<div class=\"elementor-widget-wrap elementor-element-populated\">\n\t\t\t\t\t\t<div class=\"elementor-element elementor-element-225ba8f6 elementor-widget elementor-widget-text-editor\" data-id=\"225ba8f6\" data-element_type=\"widget\" data-e-type=\"widget\" data-widget_type=\"text-editor.default\">\n\t\t\t\t<div class=\"elementor-widget-container\">\n\t\t\t\t\t\t\t\t\t<p>For opphold p\u00e5 mindre enn 6 m\u00e5neder i Storbritannia kan innreiseformalitetene fullf\u00f8res helt og holdent p\u00e5 nettet. Det er ikke n\u00f8dvendig \u00e5 bestille time p\u00e5 en ambassade: En enkel elektronisk reisetillatelse (ETA) er alt du trenger. Sjekk om <a href=\"https:\/\/uk-gb.net\/no\/land-som-kan-soke-om-eta-uk\/\">landet ditt er et av de landene som er kvalifisert for ETA.<\/a>  <\/p>\t\t\t\t\t\t\t\t<\/div>\n\t\t\t\t<\/div>\n\t\t\t\t\t<\/div>\n\t\t<\/div>\n\t\t\t\t\t<\/div>\n\t\t<\/section>\n\t\t\t\t<section class=\"elementor-section elementor-top-section elementor-element elementor-element-70a7e55 elementor-section-boxed elementor-section-height-default elementor-section-height-default\" data-id=\"70a7e55\" data-element_type=\"section\" data-e-type=\"section\">\n\t\t\t\t\t\t<div class=\"elementor-container elementor-column-gap-default\">\n\t\t\t\t\t<div class=\"elementor-column elementor-col-100 elementor-top-column elementor-element elementor-element-8b7d2c5\" data-id=\"8b7d2c5\" data-element_type=\"column\" data-e-type=\"column\">\n\t\t\t<div class=\"elementor-widget-wrap elementor-element-populated\">\n\t\t\t\t\t\t<div class=\"elementor-element elementor-element-ef71c78 elementor-mobile-align-center elementor-widget elementor-widget-button\" data-id=\"ef71c78\" data-element_type=\"widget\" data-e-type=\"widget\" data-widget_type=\"button.default\">\n\t\t\t\t<div class=\"elementor-widget-container\">\n\t\t\t\t\t\t\t\t\t<div class=\"elementor-button-wrapper\">\n\t\t\t\t\t<a class=\"elementor-button elementor-button-link elementor-size-sm\" href=\"https:\/\/uk-gb.net\/fr\/recommends\/eta-uk-en\/\">\n\t\t\t\t\t\t<span class=\"elementor-button-content-wrapper\">\n\t\t\t\t\t\t\t\t\t<span class=\"elementor-button-text\">Fyll ut skjemaet<\/span>\n\t\t\t\t\t<\/span>\n\t\t\t\t\t<\/a>\n\t\t\t\t<\/div>\n\t\t\t\t\t\t\t\t<\/div>\n\t\t\t\t<\/div>\n\t\t\t\t\t<\/div>\n\t\t<\/div>\n\t\t\t\t\t<\/div>\n\t\t<\/section>\n\t\t\t\t<section class=\"elementor-section elementor-top-section elementor-element elementor-element-8041bbd elementor-section-boxed elementor-section-height-default elementor-section-height-default\" data-id=\"8041bbd\" data-element_type=\"section\" data-e-type=\"section\">\n\t\t\t\t\t\t<div class=\"elementor-container elementor-column-gap-default\">\n\t\t\t\t\t<div class=\"elementor-column elementor-col-100 elementor-top-column elementor-element elementor-element-c8c4ad6\" data-id=\"c8c4ad6\" data-element_type=\"column\" data-e-type=\"column\">\n\t\t\t<div class=\"elementor-widget-wrap elementor-element-populated\">\n\t\t\t\t\t\t<div class=\"elementor-element elementor-element-3b0a135 elementor-widget elementor-widget-spacer\" data-id=\"3b0a135\" data-element_type=\"widget\" data-e-type=\"widget\" data-widget_type=\"spacer.default\">\n\t\t\t\t<div class=\"elementor-widget-container\">\n\t\t\t\t\t\t\t<div class=\"elementor-spacer\">\n\t\t\t<div class=\"elementor-spacer-inner\"><\/div>\n\t\t<\/div>\n\t\t\t\t\t\t<\/div>\n\t\t\t\t<\/div>\n\t\t\t\t\t<\/div>\n\t\t<\/div>\n\t\t\t\t\t<\/div>\n\t\t<\/section>\n\t\t\t\t<section class=\"elementor-section elementor-top-section elementor-element elementor-element-38d3e578 elementor-section-boxed elementor-section-height-default elementor-section-height-default\" data-id=\"38d3e578\" data-element_type=\"section\" data-e-type=\"section\">\n\t\t\t\t\t\t<div class=\"elementor-container elementor-column-gap-default\">\n\t\t\t\t\t<div class=\"elementor-column elementor-col-100 elementor-top-column elementor-element elementor-element-1f487c15\" data-id=\"1f487c15\" data-element_type=\"column\" data-e-type=\"column\">\n\t\t\t<div class=\"elementor-widget-wrap elementor-element-populated\">\n\t\t\t\t\t\t<div class=\"elementor-element elementor-element-7ae26322 elementor-widget elementor-widget-text-editor\" data-id=\"7ae26322\" data-element_type=\"widget\" data-e-type=\"widget\" data-widget_type=\"text-editor.default\">\n\t\t\t\t<div class=\"elementor-widget-container\">\n\t\t\t\t\t\t\t\t\t<p>Den elektroniske s\u00f8knaden kan fylles ut p\u00e5 bare noen f\u00e5 minutter hvis du har reisedokumentene dine.\nDu m\u00e5 fylle ut personopplysningene som kreves for \u00e5 f\u00e5 ETA.\nBetaling skjer online n\u00e5r skjemaet er validert.\nDu vil deretter motta en bekreftelse p\u00e5 forventet ankomsttid via e-post.   <\/p>\t\t\t\t\t\t\t\t<\/div>\n\t\t\t\t<\/div>\n\t\t\t\t<div class=\"elementor-element elementor-element-7e392ed elementor-widget elementor-widget-text-editor\" data-id=\"7e392ed\" data-element_type=\"widget\" data-e-type=\"widget\" data-widget_type=\"text-editor.default\">\n\t\t\t\t<div class=\"elementor-widget-container\">\n\t\t\t\t\t\t\t\t\t<p><strong>Hvis du er statsborger i et europeisk land<\/strong> <span style=\"font-weight: 400;\">, m\u00e5 du siden april 2025<\/span> ha en <a href=\"https:\/\/uk-gb.net\/no\/eta-storbritannia-forente-kongerike\/\">ETA UK-reisetillatelse<\/a> f\u00f8r du g\u00e5r om bord p\u00e5 et fly til Storbritannia. Du m\u00e5 logge deg inn p\u00e5 det offisielle nettstedet <a href=\"https:\/\/www.gov.uk\/\">gov.uk<\/a> for \u00e5 s\u00f8ke om elektronisk reisetillatelse.<\/p><p>Du kan ogs\u00e5 laste ned <a href=\"https:\/\/uk-gb.net\/no\/applikasjon-iphone-visum-eta-storbritannia\/\">ETA-s\u00f8knaden<\/a> for \u00e5 administrere foresp\u00f8rselen din om tillatelse til \u00e5 reise til Storbritannia.<\/p>\t\t\t\t\t\t\t\t<\/div>\n\t\t\t\t<\/div>\n\t\t\t\t\t<\/div>\n\t\t<\/div>\n\t\t\t\t\t<\/div>\n\t\t<\/section>\n\t\t\t\t<section class=\"elementor-section elementor-top-section elementor-element elementor-element-622708a2 elementor-section-boxed elementor-section-height-default elementor-section-height-default\" data-id=\"622708a2\" data-element_type=\"section\" data-e-type=\"section\">\n\t\t\t\t\t\t<div class=\"elementor-container elementor-column-gap-default\">\n\t\t\t\t\t<div class=\"elementor-column elementor-col-100 elementor-top-column elementor-element elementor-element-579ef83\" data-id=\"579ef83\" data-element_type=\"column\" data-e-type=\"column\">\n\t\t\t<div class=\"elementor-widget-wrap elementor-element-populated\">\n\t\t\t\t\t\t<div class=\"elementor-element elementor-element-198e42c1 elementor-widget elementor-widget-heading\" data-id=\"198e42c1\" data-element_type=\"widget\" data-e-type=\"widget\" data-widget_type=\"heading.default\">\n\t\t\t\t<div class=\"elementor-widget-container\">\n\t\t\t\t\t<h2 class=\"elementor-heading-title elementor-size-default\">Hvor lang tid tar det \u00e5 behandle en ETA-s\u00f8knad?<\/h2>\t\t\t\t<\/div>\n\t\t\t\t<\/div>\n\t\t\t\t\t<\/div>\n\t\t<\/div>\n\t\t\t\t\t<\/div>\n\t\t<\/section>\n\t\t\t\t<section class=\"elementor-section elementor-top-section elementor-element elementor-element-7152df9 elementor-section-boxed elementor-section-height-default elementor-section-height-default\" data-id=\"7152df9\" data-element_type=\"section\" data-e-type=\"section\">\n\t\t\t\t\t\t<div class=\"elementor-container elementor-column-gap-default\">\n\t\t\t\t\t<div class=\"elementor-column elementor-col-100 elementor-top-column elementor-element elementor-element-3c28bea1\" data-id=\"3c28bea1\" data-element_type=\"column\" data-e-type=\"column\">\n\t\t\t<div class=\"elementor-widget-wrap elementor-element-populated\">\n\t\t\t\t\t\t<div class=\"elementor-element elementor-element-39ba44df elementor-widget elementor-widget-text-editor\" data-id=\"39ba44df\" data-element_type=\"widget\" data-e-type=\"widget\" data-widget_type=\"text-editor.default\">\n\t\t\t\t<div class=\"elementor-widget-container\">\n\t\t\t\t\t\t\t\t\t<p>N\u00e5r betalingen er gjennomf\u00f8rt, blir ETA-foresp\u00f8rselen automatisk videresendt til behandling. I de fleste tilfeller er prosedyren fullstendig datastyrt, og svaret <strong>sendes per e-post i l\u00f8pet av f\u00e5 minutter<\/strong>. <\/p><p>Noen s\u00f8knader kan imidlertid kreve ytterligere unders\u00f8kelser. De britiske myndighetene gir maksimalt tre dager til \u00e5 behandle en s\u00f8knad. Det anbefales derfor p\u00e5 det sterkeste at du sender inn s\u00f8knaden din minst 72 timer f\u00f8r du reiser til Storbritannia.  <\/p>\t\t\t\t\t\t\t\t<\/div>\n\t\t\t\t<\/div>\n\t\t\t\t\t<\/div>\n\t\t<\/div>\n\t\t\t\t\t<\/div>\n\t\t<\/section>\n\t\t\t\t<section class=\"elementor-section elementor-top-section elementor-element elementor-element-3490f9f1 elementor-section-boxed elementor-section-height-default elementor-section-height-default\" data-id=\"3490f9f1\" data-element_type=\"section\" data-e-type=\"section\">\n\t\t\t\t\t\t<div class=\"elementor-container elementor-column-gap-default\">\n\t\t\t\t\t<div class=\"elementor-column elementor-col-100 elementor-top-column elementor-element elementor-element-4f4a9e0d\" data-id=\"4f4a9e0d\" data-element_type=\"column\" data-e-type=\"column\">\n\t\t\t<div class=\"elementor-widget-wrap elementor-element-populated\">\n\t\t\t\t\t\t<div class=\"elementor-element elementor-element-3d9782f1 elementor-widget elementor-widget-heading\" data-id=\"3d9782f1\" data-element_type=\"widget\" data-e-type=\"widget\" data-widget_type=\"heading.default\">\n\t\t\t\t<div class=\"elementor-widget-container\">\n\t\t\t\t\t<h2 class=\"elementor-heading-title elementor-size-default\">Hvor lenge er en ETA gyldig?<\/h2>\t\t\t\t<\/div>\n\t\t\t\t<\/div>\n\t\t\t\t\t<\/div>\n\t\t<\/div>\n\t\t\t\t\t<\/div>\n\t\t<\/section>\n\t\t\t\t<section class=\"elementor-section elementor-top-section elementor-element elementor-element-305c39ac elementor-section-boxed elementor-section-height-default elementor-section-height-default\" data-id=\"305c39ac\" data-element_type=\"section\" data-e-type=\"section\">\n\t\t\t\t\t\t<div class=\"elementor-container elementor-column-gap-default\">\n\t\t\t\t\t<div class=\"elementor-column elementor-col-100 elementor-top-column elementor-element elementor-element-4a39538\" data-id=\"4a39538\" data-element_type=\"column\" data-e-type=\"column\">\n\t\t\t<div class=\"elementor-widget-wrap elementor-element-populated\">\n\t\t\t\t\t\t<div class=\"elementor-element elementor-element-4fa20db5 elementor-widget elementor-widget-text-editor\" data-id=\"4fa20db5\" data-element_type=\"widget\" data-e-type=\"widget\" data-widget_type=\"text-editor.default\">\n\t\t\t\t<div class=\"elementor-widget-container\">\n\t\t\t\t\t\t\t\t\t<p><strong>ETA-godkjenningen<\/strong> <a href=\"https:\/\/uk-gb.net\/no\/eta-storbritannia-forente-kongerike\/\">for Storbritannia<\/a> er <strong>gyldig i to \u00e5r<\/strong> fra godkjenningsdatoen. I l\u00f8pet av denne perioden kan du gj\u00f8re s\u00e5 mange bes\u00f8k du vil, s\u00e5 lenge <strong>hvert bes\u00f8k ikke overstiger 6 m\u00e5neder.<\/strong><\/p><p>ETA er knyttet til passet som ble brukt ved s\u00f8knadstidspunktet. Hvis passet ditt utl\u00f8per eller fornyes, m\u00e5 du s\u00f8ke om et nytt ETA. For opphold p\u00e5 mer enn 6 m\u00e5neder m\u00e5 det s\u00f8kes om <a href=\"https:\/\/uk-gb.net\/no\/forskjellige-britiske-visum\/\">visum til Storbritannia.<\/a>   <\/p>\t\t\t\t\t\t\t\t<\/div>\n\t\t\t\t<\/div>\n\t\t\t\t\t<\/div>\n\t\t<\/div>\n\t\t\t\t\t<\/div>\n\t\t<\/section>\n\t\t\t\t<section class=\"elementor-section elementor-top-section elementor-element elementor-element-c525af0 elementor-section-boxed elementor-section-height-default elementor-section-height-default\" data-id=\"c525af0\" data-element_type=\"section\" data-e-type=\"section\">\n\t\t\t\t\t\t<div class=\"elementor-container elementor-column-gap-default\">\n\t\t\t\t\t<div class=\"elementor-column elementor-col-100 elementor-top-column elementor-element elementor-element-0665078\" data-id=\"0665078\" data-element_type=\"column\" data-e-type=\"column\">\n\t\t\t<div class=\"elementor-widget-wrap elementor-element-populated\">\n\t\t\t\t\t\t<div class=\"elementor-element elementor-element-74c424d elementor-widget-divider--view-line elementor-widget elementor-widget-divider\" data-id=\"74c424d\" data-element_type=\"widget\" data-e-type=\"widget\" data-widget_type=\"divider.default\">\n\t\t\t\t<div class=\"elementor-widget-container\">\n\t\t\t\t\t\t\t<div class=\"elementor-divider\">\n\t\t\t<span class=\"elementor-divider-separator\">\n\t\t\t\t\t\t<\/span>\n\t\t<\/div>\n\t\t\t\t\t\t<\/div>\n\t\t\t\t<\/div>\n\t\t\t\t\t<\/div>\n\t\t<\/div>\n\t\t\t\t\t<\/div>\n\t\t<\/section>\n\t\t\t\t<\/div>\n\t\t","protected":false},"excerpt":{"rendered":"<p>ETA-skjema p\u00e5 nett For opphold p\u00e5 mindre enn 6 m\u00e5neder i Storbritannia kan innreiseformalitetene fullf\u00f8res helt og holdent p\u00e5 nettet. Det er ikke n\u00f8dvendig \u00e5 bestille time p\u00e5 en ambassade: En enkel elektronisk reisetillatelse (ETA) er alt du trenger. Sjekk om landet ditt er et av de landene som er kvalifisert for ETA. Fyll ut [&hellip;]<\/p>\n","protected":false},"author":1,"featured_media":0,"parent":0,"menu_order":0,"comment_status":"closed","ping_status":"closed","template":"","meta":{"footnotes":""},"class_list":["post-1475","page","type-page","status-publish","hentry"],"yoast_head":"<!-- This site is optimized with the Yoast SEO plugin v27.4 - https:\/\/yoast.com\/product\/yoast-seo-wordpress\/ -->\n<title>Online ETA-skjema for England - UK GB<\/title>\n<meta name=\"description\" content=\"Online ETA-s\u00f8knadsskjema for opphold i England eller Storbritannia i turist- eller forretnings\u00f8yemed\" \/>\n<meta name=\"robots\" content=\"index, follow, max-snippet:-1, max-image-preview:large, max-video-preview:-1\" \/>\n<link rel=\"canonical\" href=\"https:\/\/uk-gb.net\/no\/online-skjema-eta-england\/\" \/>\n<meta property=\"og:locale\" content=\"nb_NO\" \/>\n<meta property=\"og:type\" content=\"article\" \/>\n<meta property=\"og:title\" content=\"Online ETA-skjema for England - UK GB\" \/>\n<meta property=\"og:description\" content=\"Online ETA-s\u00f8knadsskjema for opphold i England eller Storbritannia i turist- eller forretnings\u00f8yemed\" \/>\n<meta property=\"og:url\" content=\"https:\/\/uk-gb.net\/no\/online-skjema-eta-england\/\" \/>\n<meta property=\"og:site_name\" content=\"UK GB\" \/>\n<meta property=\"article:modified_time\" content=\"2026-01-16T09:49:45+00:00\" \/>\n<meta name=\"twitter:card\" content=\"summary_large_image\" \/>\n<meta name=\"twitter:label1\" content=\"Ansl. lesetid\" \/>\n\t<meta name=\"twitter:data1\" content=\"2 minutter\" \/>\n<script type=\"application\/ld+json\" class=\"yoast-schema-graph\">{\"@context\":\"https:\\\/\\\/schema.org\",\"@graph\":[{\"@type\":\"WebPage\",\"@id\":\"https:\\\/\\\/uk-gb.net\\\/no\\\/online-skjema-eta-england\\\/\",\"url\":\"https:\\\/\\\/uk-gb.net\\\/no\\\/online-skjema-eta-england\\\/\",\"name\":\"Online ETA-skjema for England - UK GB\",\"isPartOf\":{\"@id\":\"https:\\\/\\\/uk-gb.net\\\/no\\\/#website\"},\"datePublished\":\"2023-11-21T14:40:24+00:00\",\"dateModified\":\"2026-01-16T09:49:45+00:00\",\"description\":\"Online ETA-s\u00f8knadsskjema for opphold i England eller Storbritannia i turist- eller forretnings\u00f8yemed\",\"inLanguage\":\"nb-NO\",\"potentialAction\":[{\"@type\":\"ReadAction\",\"target\":[\"https:\\\/\\\/uk-gb.net\\\/no\\\/online-skjema-eta-england\\\/\"]}]},{\"@type\":\"WebSite\",\"@id\":\"https:\\\/\\\/uk-gb.net\\\/no\\\/#website\",\"url\":\"https:\\\/\\\/uk-gb.net\\\/no\\\/\",\"name\":\"UK GB\",\"description\":\"Travel to the UK\",\"potentialAction\":[{\"@type\":\"SearchAction\",\"target\":{\"@type\":\"EntryPoint\",\"urlTemplate\":\"https:\\\/\\\/uk-gb.net\\\/no\\\/?s={search_term_string}\"},\"query-input\":{\"@type\":\"PropertyValueSpecification\",\"valueRequired\":true,\"valueName\":\"search_term_string\"}}],\"inLanguage\":\"nb-NO\"}]}<\/script>\n<!-- \/ Yoast SEO plugin. -->","yoast_head_json":{"title":"Online ETA-skjema for England - UK GB","description":"Online ETA-s\u00f8knadsskjema for opphold i England eller Storbritannia i turist- eller forretnings\u00f8yemed","robots":{"index":"index","follow":"follow","max-snippet":"max-snippet:-1","max-image-preview":"max-image-preview:large","max-video-preview":"max-video-preview:-1"},"canonical":"https:\/\/uk-gb.net\/no\/online-skjema-eta-england\/","og_locale":"nb_NO","og_type":"article","og_title":"Online ETA-skjema for England - UK GB","og_description":"Online ETA-s\u00f8knadsskjema for opphold i England eller Storbritannia i turist- eller forretnings\u00f8yemed","og_url":"https:\/\/uk-gb.net\/no\/online-skjema-eta-england\/","og_site_name":"UK GB","article_modified_time":"2026-01-16T09:49:45+00:00","twitter_card":"summary_large_image","twitter_misc":{"Ansl. lesetid":"2 minutter"},"schema":{"@context":"https:\/\/schema.org","@graph":[{"@type":"WebPage","@id":"https:\/\/uk-gb.net\/no\/online-skjema-eta-england\/","url":"https:\/\/uk-gb.net\/no\/online-skjema-eta-england\/","name":"Online ETA-skjema for England - UK GB","isPartOf":{"@id":"https:\/\/uk-gb.net\/no\/#website"},"datePublished":"2023-11-21T14:40:24+00:00","dateModified":"2026-01-16T09:49:45+00:00","description":"Online ETA-s\u00f8knadsskjema for opphold i England eller Storbritannia i turist- eller forretnings\u00f8yemed","inLanguage":"nb-NO","potentialAction":[{"@type":"ReadAction","target":["https:\/\/uk-gb.net\/no\/online-skjema-eta-england\/"]}]},{"@type":"WebSite","@id":"https:\/\/uk-gb.net\/no\/#website","url":"https:\/\/uk-gb.net\/no\/","name":"UK GB","description":"Travel to the UK","potentialAction":[{"@type":"SearchAction","target":{"@type":"EntryPoint","urlTemplate":"https:\/\/uk-gb.net\/no\/?s={search_term_string}"},"query-input":{"@type":"PropertyValueSpecification","valueRequired":true,"valueName":"search_term_string"}}],"inLanguage":"nb-NO"}]}},"_links":{"self":[{"href":"https:\/\/uk-gb.net\/no\/wp-json\/wp\/v2\/pages\/1475","targetHints":{"allow":["GET"]}}],"collection":[{"href":"https:\/\/uk-gb.net\/no\/wp-json\/wp\/v2\/pages"}],"about":[{"href":"https:\/\/uk-gb.net\/no\/wp-json\/wp\/v2\/types\/page"}],"author":[{"embeddable":true,"href":"https:\/\/uk-gb.net\/no\/wp-json\/wp\/v2\/users\/1"}],"replies":[{"embeddable":true,"href":"https:\/\/uk-gb.net\/no\/wp-json\/wp\/v2\/comments?post=1475"}],"version-history":[{"count":0,"href":"https:\/\/uk-gb.net\/no\/wp-json\/wp\/v2\/pages\/1475\/revisions"}],"wp:attachment":[{"href":"https:\/\/uk-gb.net\/no\/wp-json\/wp\/v2\/media?parent=1475"}],"curies":[{"name":"wp","href":"https:\/\/api.w.org\/{rel}","templated":true}]}}