{"id":1463,"date":"2023-11-21T14:15:17","date_gmt":"2023-11-21T14:15:17","guid":{"rendered":"https:\/\/uk-gb.net\/eta-storbritannia-forente-kongerike\/"},"modified":"2026-04-02T11:53:27","modified_gmt":"2026-04-02T10:53:27","slug":"eta-storbritannia-forente-kongerike","status":"publish","type":"page","link":"https:\/\/uk-gb.net\/no\/eta-storbritannia-forente-kongerike\/","title":{"rendered":"ETA England for reiser til Storbritannia"},"content":{"rendered":"\n<h1 class=\"wp-block-heading\">ETA Britisk elektronisk reisetillatelse<\/h1>\n\n<p>Electronic Travel Authorisation (ETA) er et system som Storbritannia har innf\u00f8rt for \u00e5 gi visse utenlandske statsborgere mulighet til \u00e5 oppholde seg i landet uten \u00e5 m\u00e5tte ha et tradisjonelt visum. ETA er beregnet p\u00e5 korte opphold, og er rettet mot reisende fra land som nyter godt av visumfritak. <\/p>\n\n<p><strong>For \u00e5 f\u00e5 denne reisetillatelsen p\u00e5 bare noen f\u00e5 minutter<\/strong>, fyller du ut <a href=\"https:\/\/uk-gb.net\/no\/online-skjema-eta-england\/\">ETA-skjemaet p\u00e5 nettet.<\/a><\/p>\n\n<div style=\"height:10px\" aria-hidden=\"true\" class=\"wp-block-spacer\"><\/div>\n\n<h2 class=\"wp-block-heading\">Hva betyr ETA for Storbritannia?<\/h2>\n\n<p>ETA er en digital tillatelse som er obligatorisk for statsborgere fra visse land som \u00f8nsker \u00e5 bes\u00f8ke Storbritannia i forbindelse med turisme, forretninger eller mellomlanding. Tillatelsen er gyldig for korte opphold og erstatter delvis tradisjonelle visumprosedyrer. S\u00f8knaden gj\u00f8res p\u00e5 nettet via en sikker portal og gir raskt svar, noe som forenkler formalitetene ved innreise til Storbritannia.  <\/p>\n\n<h2 class=\"wp-block-heading\">Hvem kan f\u00e5 ETA til Storbritannia?<\/h2>\n\n<p>ETA er rettet mot statsborgere fra land som er fritatt for visum for innreise til Storbritannia. <a href=\"https:\/\/uk-gb.net\/no\/land-som-kan-soke-om-eta-uk\/\">Listen over kvalifiserte land<\/a> oppdateres jevnlig av britiske myndigheter. Det er derfor viktig \u00e5 sjekke om nasjonaliteten din gj\u00f8r det mulig for deg \u00e5 s\u00f8ke om ETA f\u00f8r du planlegger oppholdet.  <\/p>\n\n<p>Hver passasjer m\u00e5 s\u00f8ke individuelt, ogs\u00e5 mindre\u00e5rige og spedbarn. Ingen passasjerer har adgang uten forh\u00e5ndstillatelse. <\/p>\n\n<h2 class=\"wp-block-heading\">Hvordan s\u00f8ker jeg om ETA i Storbritannia?<\/h2>\n\n<p>ETA-s\u00f8knaden gj\u00f8res online via den <a href=\"https:\/\/www.gov.uk\/guidance\/apply-for-an-electronic-travel-authorisation-eta\">britiske regjeringens offisielle nettside.<\/a> Skjemaet m\u00e5 fylles ut n\u00f8ye og inneholde f\u00f8lgende informasjon: <\/p>\n\n<ul class=\"wp-block-list\">\n<li>Personopplysninger (navn, f\u00f8dselsdato osv.)<\/li>\n\n\n\n<li>Opplysninger om passet som ble brukt p\u00e5 reisen<\/li>\n\n\n\n<li>Informasjon om oppholdet ditt (form\u00e5l, varighet osv.)<\/li>\n<\/ul>\n\n<p>N\u00e5r det <a href=\"https:\/\/uk-gb.net\/no\/online-skjema-eta-england\/\">elektroniske skjemaet<\/a> er sendt inn, m\u00e5 du betale gebyret for \u00e5 godkjenne s\u00f8knaden.<\/p>\n\n<h2 class=\"wp-block-heading\">Last ned ETA-applikasjonen for iPhone?<\/h2>\n\n<p>For \u00e5 gj\u00f8re prosessen enklere har den britiske regjeringen lansert en <a href=\"https:\/\/uk-gb.net\/no\/applikasjon-iphone-visum-eta-storbritannia\/\">egen ETA-mobilapp<\/a> som er tilgjengelig p\u00e5<strong>App Store (iOS)<\/strong> i land som er kvalifisert for Visa Waiver-programmet.  <\/p>\n\n<p>Med applikasjonen kan du fylle ut, sende inn og spore s\u00f8knaden din direkte fra telefonen din, i full sikkerhet. S\u00f8k etter &laquo;UK ETA&raquo; i App Store og installer den gratis for \u00e5 starte prosedyren fra iPhone. <\/p>\n\n<h2 class=\"wp-block-heading\">N\u00e5r b\u00f8r jeg s\u00f8ke p\u00e5 nett?<\/h2>\n\n<p>Det er viktig \u00e5 s\u00f8ke om ETA <strong>f\u00f8r<\/strong> du reiser til Storbritannia. Selv om de fleste s\u00f8knadene behandles i l\u00f8pet av f\u00e5 timer, anbefaler myndighetene at du sender inn s\u00f8knaden <strong>minst tre dager f\u00f8r<\/strong> du <strong>reiser<\/strong>. Dette er for \u00e5 ta h\u00f8yde for eventuelle forsinkelser i behandlingen.  <\/p>\n\n<p>Det er i teorien mulig \u00e5 reise mens s\u00f8knaden er under behandling, forutsatt at den er gyldig innlevert f\u00f8r ombordstigning. Det er imidlertid en risiko hvis tillatelsen blir forsinket eller avsl\u00e5tt. <\/p>\n\n<h2 class=\"wp-block-heading\">Hvor mye koster ETA i Storbritannia?<\/h2>\n\n<p>Kostnaden for en ETA til Storbritannia er fast, uavhengig av den reisendes alder. Gebyret dekker administrative behandlingskostnader og m\u00e5 betales direkte p\u00e5 den offisielle nettsiden ved s\u00f8knadstidspunktet. <\/p>\n\n<p>Prisen du betaler, endres regelmessig, s\u00e5 sjekk den siste <a href=\"https:\/\/uk-gb.net\/no\/eta-pris-storbritannia\/\">ETA UK-prisen<\/a>.<\/p>\n\n<p>Denne avgiften er betydelig lavere enn for et <a href=\"https:\/\/uk-gb.net\/no\/hvor-koster-visum-reise-storbritannia\/\">britisk visum<\/a>, noe som gj\u00f8r ETA mer tilgjengelig for kortvarige turist- eller forretningsopphold.<\/p>\n\n<h2 class=\"wp-block-heading\">Hvor lang tid tar det \u00e5 f\u00e5 en ETA?<\/h2>\n\n<p>ETA-s\u00f8knader behandles vanligvis raskt. I de fleste tilfeller f\u00e5r du svar innen f\u00e5 timer etter at du har sendt inn <a href=\"https:\/\/uk-gb.net\/no\/online-skjema-eta-england\/\">ETA-skjemaet p\u00e5 nettet.<\/a> Noen s\u00f8knader kan imidlertid kreve ytterligere unders\u00f8kelser. Det anbefales derfor \u00e5 sende inn s\u00f8knaden <strong>minst 72 timer f\u00f8r avreise<\/strong>, for \u00e5 begrense risikoen for forsinkelser eller avslag i siste liten.   <\/p>\n\n<h2 class=\"wp-block-heading\">Hva skal jeg gj\u00f8re hvis jeg f\u00e5r avslag p\u00e5 ETA?<\/h2>\n\n<p>Hvis du f\u00e5r avslag p\u00e5 ETA-s\u00f8knaden din, kan det skyldes en feil i informasjonen du har oppgitt. I s\u00e5 fall kan du sende inn en <strong>ny, korrigert s\u00f8knad<\/strong>. <\/p>\n\n<p>Hvis du <strong>ikke er kvalifisert<\/strong> for ETA-programmet, m\u00e5 du imidlertid s\u00f8ke om <a href=\"https:\/\/uk-gb.net\/no\/turist-besoker-england-forente-kongerikerike\/\">visum til Storbritannia.<\/a> Denne prosedyren tar lengre tid og inkluderer et <a href=\"https:\/\/uk-gb.net\/no\/visumavtale-ved-den-britiske-ambassaden\/\">obligatorisk konsul\u00e6rt intervju<\/a> ved n\u00e6rmeste britiske ambassade eller visums\u00f8knadssenter. <\/p>\n","protected":false},"excerpt":{"rendered":"<p>ETA Britisk elektronisk reisetillatelse Electronic Travel Authorisation (ETA) er et system som Storbritannia har innf\u00f8rt for \u00e5 gi visse utenlandske statsborgere mulighet til \u00e5 oppholde seg i landet uten \u00e5 m\u00e5tte ha et tradisjonelt visum. ETA er beregnet p\u00e5 korte opphold, og er rettet mot reisende fra land som nyter godt av visumfritak. For \u00e5 [&hellip;]<\/p>\n","protected":false},"author":1,"featured_media":0,"parent":0,"menu_order":0,"comment_status":"closed","ping_status":"closed","template":"","meta":{"footnotes":""},"class_list":["post-1463","page","type-page","status-publish","hentry"],"yoast_head":"<!-- This site is optimized with the Yoast SEO plugin v27.4 - https:\/\/yoast.com\/product\/yoast-seo-wordpress\/ -->\n<title>ETA England for reiser til Storbritannia<\/title>\n<meta name=\"description\" content=\"S\u00f8k om ETA p\u00e5 nettet for \u00e5 f\u00e5 reisetillatelse til Storbritannia raskt.\" \/>\n<meta name=\"robots\" content=\"index, follow, max-snippet:-1, max-image-preview:large, max-video-preview:-1\" \/>\n<link rel=\"canonical\" href=\"https:\/\/uk-gb.net\/no\/eta-storbritannia-forente-kongerike\/\" \/>\n<meta property=\"og:locale\" content=\"nb_NO\" \/>\n<meta property=\"og:type\" content=\"article\" \/>\n<meta property=\"og:title\" content=\"ETA England for reiser til Storbritannia\" \/>\n<meta property=\"og:description\" content=\"S\u00f8k om ETA p\u00e5 nettet for \u00e5 f\u00e5 reisetillatelse til Storbritannia raskt.\" \/>\n<meta property=\"og:url\" content=\"https:\/\/uk-gb.net\/no\/eta-storbritannia-forente-kongerike\/\" \/>\n<meta property=\"og:site_name\" content=\"UK GB\" \/>\n<meta property=\"article:modified_time\" content=\"2026-04-02T10:53:27+00:00\" \/>\n<meta name=\"twitter:card\" content=\"summary_large_image\" \/>\n<meta name=\"twitter:label1\" content=\"Ansl. lesetid\" \/>\n\t<meta name=\"twitter:data1\" content=\"3 minutter\" \/>\n<script type=\"application\/ld+json\" class=\"yoast-schema-graph\">{\"@context\":\"https:\\\/\\\/schema.org\",\"@graph\":[{\"@type\":\"WebPage\",\"@id\":\"https:\\\/\\\/uk-gb.net\\\/no\\\/eta-storbritannia-forente-kongerike\\\/\",\"url\":\"https:\\\/\\\/uk-gb.net\\\/no\\\/eta-storbritannia-forente-kongerike\\\/\",\"name\":\"ETA England for reiser til Storbritannia\",\"isPartOf\":{\"@id\":\"https:\\\/\\\/uk-gb.net\\\/no\\\/#website\"},\"datePublished\":\"2023-11-21T14:15:17+00:00\",\"dateModified\":\"2026-04-02T10:53:27+00:00\",\"description\":\"S\u00f8k om ETA p\u00e5 nettet for \u00e5 f\u00e5 reisetillatelse til Storbritannia raskt.\",\"inLanguage\":\"nb-NO\",\"potentialAction\":[{\"@type\":\"ReadAction\",\"target\":[\"https:\\\/\\\/uk-gb.net\\\/no\\\/eta-storbritannia-forente-kongerike\\\/\"]}]},{\"@type\":\"WebSite\",\"@id\":\"https:\\\/\\\/uk-gb.net\\\/no\\\/#website\",\"url\":\"https:\\\/\\\/uk-gb.net\\\/no\\\/\",\"name\":\"UK GB\",\"description\":\"Travel to the UK\",\"potentialAction\":[{\"@type\":\"SearchAction\",\"target\":{\"@type\":\"EntryPoint\",\"urlTemplate\":\"https:\\\/\\\/uk-gb.net\\\/no\\\/?s={search_term_string}\"},\"query-input\":{\"@type\":\"PropertyValueSpecification\",\"valueRequired\":true,\"valueName\":\"search_term_string\"}}],\"inLanguage\":\"nb-NO\"}]}<\/script>\n<!-- \/ Yoast SEO plugin. -->","yoast_head_json":{"title":"ETA England for reiser til Storbritannia","description":"S\u00f8k om ETA p\u00e5 nettet for \u00e5 f\u00e5 reisetillatelse til Storbritannia raskt.","robots":{"index":"index","follow":"follow","max-snippet":"max-snippet:-1","max-image-preview":"max-image-preview:large","max-video-preview":"max-video-preview:-1"},"canonical":"https:\/\/uk-gb.net\/no\/eta-storbritannia-forente-kongerike\/","og_locale":"nb_NO","og_type":"article","og_title":"ETA England for reiser til Storbritannia","og_description":"S\u00f8k om ETA p\u00e5 nettet for \u00e5 f\u00e5 reisetillatelse til Storbritannia raskt.","og_url":"https:\/\/uk-gb.net\/no\/eta-storbritannia-forente-kongerike\/","og_site_name":"UK GB","article_modified_time":"2026-04-02T10:53:27+00:00","twitter_card":"summary_large_image","twitter_misc":{"Ansl. lesetid":"3 minutter"},"schema":{"@context":"https:\/\/schema.org","@graph":[{"@type":"WebPage","@id":"https:\/\/uk-gb.net\/no\/eta-storbritannia-forente-kongerike\/","url":"https:\/\/uk-gb.net\/no\/eta-storbritannia-forente-kongerike\/","name":"ETA England for reiser til Storbritannia","isPartOf":{"@id":"https:\/\/uk-gb.net\/no\/#website"},"datePublished":"2023-11-21T14:15:17+00:00","dateModified":"2026-04-02T10:53:27+00:00","description":"S\u00f8k om ETA p\u00e5 nettet for \u00e5 f\u00e5 reisetillatelse til Storbritannia raskt.","inLanguage":"nb-NO","potentialAction":[{"@type":"ReadAction","target":["https:\/\/uk-gb.net\/no\/eta-storbritannia-forente-kongerike\/"]}]},{"@type":"WebSite","@id":"https:\/\/uk-gb.net\/no\/#website","url":"https:\/\/uk-gb.net\/no\/","name":"UK GB","description":"Travel to the UK","potentialAction":[{"@type":"SearchAction","target":{"@type":"EntryPoint","urlTemplate":"https:\/\/uk-gb.net\/no\/?s={search_term_string}"},"query-input":{"@type":"PropertyValueSpecification","valueRequired":true,"valueName":"search_term_string"}}],"inLanguage":"nb-NO"}]}},"_links":{"self":[{"href":"https:\/\/uk-gb.net\/no\/wp-json\/wp\/v2\/pages\/1463","targetHints":{"allow":["GET"]}}],"collection":[{"href":"https:\/\/uk-gb.net\/no\/wp-json\/wp\/v2\/pages"}],"about":[{"href":"https:\/\/uk-gb.net\/no\/wp-json\/wp\/v2\/types\/page"}],"author":[{"embeddable":true,"href":"https:\/\/uk-gb.net\/no\/wp-json\/wp\/v2\/users\/1"}],"replies":[{"embeddable":true,"href":"https:\/\/uk-gb.net\/no\/wp-json\/wp\/v2\/comments?post=1463"}],"version-history":[{"count":0,"href":"https:\/\/uk-gb.net\/no\/wp-json\/wp\/v2\/pages\/1463\/revisions"}],"wp:attachment":[{"href":"https:\/\/uk-gb.net\/no\/wp-json\/wp\/v2\/media?parent=1463"}],"curies":[{"name":"wp","href":"https:\/\/api.w.org\/{rel}","templated":true}]}}