{"id":1457,"date":"2023-12-19T16:07:33","date_gmt":"2023-12-19T16:07:33","guid":{"rendered":"https:\/\/uk-gb.net\/applikasjon-iphone-visum-eta-storbritannia\/"},"modified":"2026-01-15T14:42:08","modified_gmt":"2026-01-15T14:42:08","slug":"applikasjon-iphone-visum-eta-storbritannia","status":"publish","type":"page","link":"https:\/\/uk-gb.net\/no\/applikasjon-iphone-visum-eta-storbritannia\/","title":{"rendered":"Offisiell ETA-s\u00f8knad fra Storbritannia"},"content":{"rendered":"\n<h1 class=\"wp-block-heading\">ETA-s\u00f8knad Storbritannia<\/h1>\n\n<p>Storbritannia har lansert en mobilapplikasjon for h\u00e5ndtering <a href=\"https:\/\/uk-gb.net\/no\/eta-storbritannia-forente-kongerike\/\">av eTA-foresp\u00f8rsler til Storbritannia<\/a>. Denne digitale s\u00f8knaden tilbyr en praktisk og effektiv l\u00f8sning for reisende fra <a href=\"https:\/\/uk-gb.net\/no\/land-som-kan-soke-om-eta-uk\/\">land som er kvalifisert for eTA til Storbritannia.<\/a><\/p>\n\n<p><strong>For \u00e5 f\u00e5 denne reisetillatelsen p\u00e5 bare noen f\u00e5 minutter<\/strong>, fyller du ut <a href=\"https:\/\/uk-gb.net\/no\/online-skjema-eta-england\/\">ETA-skjemaet p\u00e5 nettet.<\/a><\/p>\n\n<h2 class=\"wp-block-heading\">Hva er en ETA-s\u00f8knad i Storbritannia?<\/h2>\n\n<p>Programmet er opprettet av britiske myndigheter for \u00e5 gj\u00f8re det enklere \u00e5 s\u00f8ke om ETA for innreise til Storbritannia. Den er rettet mot <g id=\"gid_0\">reisende som er kvalifisert for visumfritak<\/g> og som \u00f8nsker \u00e5 oppholde seg i Storbritannia i en kort periode. Applikasjonen er enkel \u00e5 bruke og 100 % mobil, og den ble lansert i 2024.  <\/p>\n\n<h2 class=\"wp-block-heading\">Hvordan fungerer ETA-s\u00f8knaden i Storbritannia?<\/h2>\n\n<p>Applikasjonen kan lastes ned gratis fra Android- og iOS-butikkene. Med den kan du sende inn en foresp\u00f8rsel om reisetillatelse p\u00e5 bare noen f\u00e5 minutter. Reisende m\u00e5 :  <\/p>\n\n<ul class=\"wp-block-list\">\n<li>Fyll inn personopplysninger og passopplysninger<\/li>\n\n\n\n<li>Svar p\u00e5 et kort sikkerhetssp\u00f8rreskjema<\/li>\n\n\n\n<li>Sikker betaling av ETA-avgifter<\/li>\n<\/ul>\n\n<div style=\"height:10px\" aria-hidden=\"true\" class=\"wp-block-spacer\"><\/div>\n\n<p>N\u00e5r s\u00f8knaden er validert, utstedes ETA vanligvis i <strong>l\u00f8pet av tre virkedager<\/strong> og legges ved elektronisk i passet til den reisende. Det kreves ingen papirdokumenter. <\/p>\n\n<h2 class=\"wp-block-heading\">Hva er fordelene med en ETA-s\u00f8knad i Storbritannia?<\/h2>\n\n<p>ETA-s\u00f8knaden for Storbritannia er rask, intuitiv og helt papirl\u00f8s. Du slipper de tidkrevende prosedyrene som er forbundet med \u00e5 f\u00e5 et <a href=\"https:\/\/uk-gb.net\/no\/turist-besoker-england-forente-kongerikerike\/\">britisk visum for turistbes\u00f8k<\/a>.  <\/p>\n\n<p>Reisende kan f\u00f8lge med p\u00e5 statusen til s\u00f8knaden sin i sanntid, motta varsler og f\u00f8re en digital oversikt over reisetillatelsen sin. Det reduserer ventetiden betydelig og forenkler <a href=\"https:\/\/uk-gb.net\/no\/visum-forente-kongerike\/\">formalitetene ved innreise til Storbritannia.<\/a> <\/p>\n\n<h2 class=\"wp-block-heading\">Finnes det kundesupport p\u00e5 nett?<\/h2>\n\n<p>Applikasjonen tilbyr nettbasert brukerst\u00f8tte for \u00e5 hjelpe brukerne i alle faser av prosessen. En integrert FAQ besvarer de vanligste sp\u00f8rsm\u00e5lene, og en chatbot er tilgjengelig for \u00e5 gi umiddelbare svar i sanntid. <\/p>\n\n<p>Disse funksjonene gj\u00f8r eTA-applikasjonen til et viktig verkt\u00f8y for reisende, forenkler s\u00f8knadsprosessen og gir en sikker og effektiv brukeropplevelse. Dette er mye enklere enn \u00e5 s\u00f8ke om <a href=\"https:\/\/uk-gb.net\/no\/soknadsprosedyre-visa-forente-stater\/\">visum til Storbritannia<\/a>. <\/p>\n\n<h2 class=\"wp-block-heading\">UK eTA-appen i Apple App Store<\/h2>\n\n<p>Dette er den offisielle applikasjonen fra britiske myndigheter som gj\u00f8r det mulig for reisende \u00e5 s\u00f8ke om eTA p\u00e5 mobilen.<\/p>\n\n<figure class=\"wp-block-image size-full\"><img fetchpriority=\"high\" decoding=\"async\" width=\"486\" height=\"822\" src=\"https:\/\/uk-gb.net\/wp-content\/uploads\/2024\/05\/uk-esta-app.jpg\" alt=\"eTA UK iPhone-applikasjon\" class=\"wp-image-2351\" srcset=\"https:\/\/uk-gb.net\/wp-content\/uploads\/2024\/05\/uk-esta-app.jpg 486w, https:\/\/uk-gb.net\/wp-content\/uploads\/2024\/05\/uk-esta-app-177x300.jpg 177w\" sizes=\"(max-width: 486px) 100vw, 486px\" \/><figcaption class=\"wp-element-caption\">Bilde av iPhone-applikasjonen i App Store for \u00e5 s\u00f8ke om eTA UK<\/figcaption><\/figure>\n\n<p><\/p>\n","protected":false},"excerpt":{"rendered":"<p>ETA-s\u00f8knad Storbritannia Storbritannia har lansert en mobilapplikasjon for h\u00e5ndtering av eTA-foresp\u00f8rsler til Storbritannia. Denne digitale s\u00f8knaden tilbyr en praktisk og effektiv l\u00f8sning for reisende fra land som er kvalifisert for eTA til Storbritannia. For \u00e5 f\u00e5 denne reisetillatelsen p\u00e5 bare noen f\u00e5 minutter, fyller du ut ETA-skjemaet p\u00e5 nettet. Hva er en ETA-s\u00f8knad i Storbritannia? [&hellip;]<\/p>\n","protected":false},"author":1,"featured_media":0,"parent":0,"menu_order":0,"comment_status":"closed","ping_status":"closed","template":"","meta":{"footnotes":""},"class_list":["post-1457","page","type-page","status-publish","hentry"],"yoast_head":"<!-- This site is optimized with the Yoast SEO plugin v27.4 - https:\/\/yoast.com\/product\/yoast-seo-wordpress\/ -->\n<title>Offisiell ETA-s\u00f8knad fra Storbritannia - UK GB<\/title>\n<meta name=\"description\" content=\"Oppdag iPhone-applikasjonen som lar deg administrere eTA-s\u00f8knaden din for \u00e5 reise til Storbritannia\" \/>\n<meta name=\"robots\" content=\"index, follow, max-snippet:-1, max-image-preview:large, max-video-preview:-1\" \/>\n<link rel=\"canonical\" href=\"https:\/\/uk-gb.net\/no\/applikasjon-iphone-visum-eta-storbritannia\/\" \/>\n<meta property=\"og:locale\" content=\"nb_NO\" \/>\n<meta property=\"og:type\" content=\"article\" \/>\n<meta property=\"og:title\" content=\"Offisiell ETA-s\u00f8knad fra Storbritannia - UK GB\" \/>\n<meta property=\"og:description\" content=\"Oppdag iPhone-applikasjonen som lar deg administrere eTA-s\u00f8knaden din for \u00e5 reise til Storbritannia\" \/>\n<meta property=\"og:url\" content=\"https:\/\/uk-gb.net\/no\/applikasjon-iphone-visum-eta-storbritannia\/\" \/>\n<meta property=\"og:site_name\" content=\"UK GB\" \/>\n<meta property=\"article:modified_time\" content=\"2026-01-15T14:42:08+00:00\" \/>\n<meta property=\"og:image\" content=\"https:\/\/uk-gb.net\/wp-content\/uploads\/2024\/05\/uk-esta-app.jpg\" \/>\n\t<meta property=\"og:image:width\" content=\"486\" \/>\n\t<meta property=\"og:image:height\" content=\"822\" \/>\n\t<meta property=\"og:image:type\" content=\"image\/jpeg\" \/>\n<meta name=\"twitter:card\" content=\"summary_large_image\" \/>\n<meta name=\"twitter:label1\" content=\"Ansl. lesetid\" \/>\n\t<meta name=\"twitter:data1\" content=\"2 minutter\" \/>\n<script type=\"application\/ld+json\" class=\"yoast-schema-graph\">{\"@context\":\"https:\\\/\\\/schema.org\",\"@graph\":[{\"@type\":\"WebPage\",\"@id\":\"https:\\\/\\\/uk-gb.net\\\/no\\\/applikasjon-iphone-visum-eta-storbritannia\\\/\",\"url\":\"https:\\\/\\\/uk-gb.net\\\/no\\\/applikasjon-iphone-visum-eta-storbritannia\\\/\",\"name\":\"Offisiell ETA-s\u00f8knad fra Storbritannia - UK GB\",\"isPartOf\":{\"@id\":\"https:\\\/\\\/uk-gb.net\\\/no\\\/#website\"},\"primaryImageOfPage\":{\"@id\":\"https:\\\/\\\/uk-gb.net\\\/no\\\/applikasjon-iphone-visum-eta-storbritannia\\\/#primaryimage\"},\"image\":{\"@id\":\"https:\\\/\\\/uk-gb.net\\\/no\\\/applikasjon-iphone-visum-eta-storbritannia\\\/#primaryimage\"},\"thumbnailUrl\":\"https:\\\/\\\/uk-gb.net\\\/wp-content\\\/uploads\\\/2024\\\/05\\\/uk-esta-app.jpg\",\"datePublished\":\"2023-12-19T16:07:33+00:00\",\"dateModified\":\"2026-01-15T14:42:08+00:00\",\"description\":\"Oppdag iPhone-applikasjonen som lar deg administrere eTA-s\u00f8knaden din for \u00e5 reise til Storbritannia\",\"inLanguage\":\"nb-NO\",\"potentialAction\":[{\"@type\":\"ReadAction\",\"target\":[\"https:\\\/\\\/uk-gb.net\\\/no\\\/applikasjon-iphone-visum-eta-storbritannia\\\/\"]}]},{\"@type\":\"ImageObject\",\"inLanguage\":\"nb-NO\",\"@id\":\"https:\\\/\\\/uk-gb.net\\\/no\\\/applikasjon-iphone-visum-eta-storbritannia\\\/#primaryimage\",\"url\":\"https:\\\/\\\/uk-gb.net\\\/wp-content\\\/uploads\\\/2024\\\/05\\\/uk-esta-app.jpg\",\"contentUrl\":\"https:\\\/\\\/uk-gb.net\\\/wp-content\\\/uploads\\\/2024\\\/05\\\/uk-esta-app.jpg\"},{\"@type\":\"WebSite\",\"@id\":\"https:\\\/\\\/uk-gb.net\\\/no\\\/#website\",\"url\":\"https:\\\/\\\/uk-gb.net\\\/no\\\/\",\"name\":\"UK GB\",\"description\":\"Travel to the UK\",\"potentialAction\":[{\"@type\":\"SearchAction\",\"target\":{\"@type\":\"EntryPoint\",\"urlTemplate\":\"https:\\\/\\\/uk-gb.net\\\/no\\\/?s={search_term_string}\"},\"query-input\":{\"@type\":\"PropertyValueSpecification\",\"valueRequired\":true,\"valueName\":\"search_term_string\"}}],\"inLanguage\":\"nb-NO\"}]}<\/script>\n<!-- \/ Yoast SEO plugin. -->","yoast_head_json":{"title":"Offisiell ETA-s\u00f8knad fra Storbritannia - UK GB","description":"Oppdag iPhone-applikasjonen som lar deg administrere eTA-s\u00f8knaden din for \u00e5 reise til Storbritannia","robots":{"index":"index","follow":"follow","max-snippet":"max-snippet:-1","max-image-preview":"max-image-preview:large","max-video-preview":"max-video-preview:-1"},"canonical":"https:\/\/uk-gb.net\/no\/applikasjon-iphone-visum-eta-storbritannia\/","og_locale":"nb_NO","og_type":"article","og_title":"Offisiell ETA-s\u00f8knad fra Storbritannia - UK GB","og_description":"Oppdag iPhone-applikasjonen som lar deg administrere eTA-s\u00f8knaden din for \u00e5 reise til Storbritannia","og_url":"https:\/\/uk-gb.net\/no\/applikasjon-iphone-visum-eta-storbritannia\/","og_site_name":"UK GB","article_modified_time":"2026-01-15T14:42:08+00:00","og_image":[{"width":486,"height":822,"url":"https:\/\/uk-gb.net\/wp-content\/uploads\/2024\/05\/uk-esta-app.jpg","type":"image\/jpeg"}],"twitter_card":"summary_large_image","twitter_misc":{"Ansl. lesetid":"2 minutter"},"schema":{"@context":"https:\/\/schema.org","@graph":[{"@type":"WebPage","@id":"https:\/\/uk-gb.net\/no\/applikasjon-iphone-visum-eta-storbritannia\/","url":"https:\/\/uk-gb.net\/no\/applikasjon-iphone-visum-eta-storbritannia\/","name":"Offisiell ETA-s\u00f8knad fra Storbritannia - UK GB","isPartOf":{"@id":"https:\/\/uk-gb.net\/no\/#website"},"primaryImageOfPage":{"@id":"https:\/\/uk-gb.net\/no\/applikasjon-iphone-visum-eta-storbritannia\/#primaryimage"},"image":{"@id":"https:\/\/uk-gb.net\/no\/applikasjon-iphone-visum-eta-storbritannia\/#primaryimage"},"thumbnailUrl":"https:\/\/uk-gb.net\/wp-content\/uploads\/2024\/05\/uk-esta-app.jpg","datePublished":"2023-12-19T16:07:33+00:00","dateModified":"2026-01-15T14:42:08+00:00","description":"Oppdag iPhone-applikasjonen som lar deg administrere eTA-s\u00f8knaden din for \u00e5 reise til Storbritannia","inLanguage":"nb-NO","potentialAction":[{"@type":"ReadAction","target":["https:\/\/uk-gb.net\/no\/applikasjon-iphone-visum-eta-storbritannia\/"]}]},{"@type":"ImageObject","inLanguage":"nb-NO","@id":"https:\/\/uk-gb.net\/no\/applikasjon-iphone-visum-eta-storbritannia\/#primaryimage","url":"https:\/\/uk-gb.net\/wp-content\/uploads\/2024\/05\/uk-esta-app.jpg","contentUrl":"https:\/\/uk-gb.net\/wp-content\/uploads\/2024\/05\/uk-esta-app.jpg"},{"@type":"WebSite","@id":"https:\/\/uk-gb.net\/no\/#website","url":"https:\/\/uk-gb.net\/no\/","name":"UK GB","description":"Travel to the UK","potentialAction":[{"@type":"SearchAction","target":{"@type":"EntryPoint","urlTemplate":"https:\/\/uk-gb.net\/no\/?s={search_term_string}"},"query-input":{"@type":"PropertyValueSpecification","valueRequired":true,"valueName":"search_term_string"}}],"inLanguage":"nb-NO"}]}},"_links":{"self":[{"href":"https:\/\/uk-gb.net\/no\/wp-json\/wp\/v2\/pages\/1457","targetHints":{"allow":["GET"]}}],"collection":[{"href":"https:\/\/uk-gb.net\/no\/wp-json\/wp\/v2\/pages"}],"about":[{"href":"https:\/\/uk-gb.net\/no\/wp-json\/wp\/v2\/types\/page"}],"author":[{"embeddable":true,"href":"https:\/\/uk-gb.net\/no\/wp-json\/wp\/v2\/users\/1"}],"replies":[{"embeddable":true,"href":"https:\/\/uk-gb.net\/no\/wp-json\/wp\/v2\/comments?post=1457"}],"version-history":[{"count":0,"href":"https:\/\/uk-gb.net\/no\/wp-json\/wp\/v2\/pages\/1457\/revisions"}],"wp:attachment":[{"href":"https:\/\/uk-gb.net\/no\/wp-json\/wp\/v2\/media?parent=1457"}],"curies":[{"name":"wp","href":"https:\/\/api.w.org\/{rel}","templated":true}]}}