{"id":1304,"date":"2023-11-13T16:38:13","date_gmt":"2023-11-13T16:38:13","guid":{"rendered":"https:\/\/uk-gb.net\/visum-forente-kongerike\/"},"modified":"2026-03-03T09:58:23","modified_gmt":"2026-03-03T09:58:23","slug":"visum-forente-kongerike","status":"publish","type":"page","link":"https:\/\/uk-gb.net\/no\/visum-forente-kongerike\/","title":{"rendered":"Reiseformaliteter for Storbritannia"},"content":{"rendered":"\n<h1 class=\"wp-block-heading\">Innreiseformaliteter til Storbritannia for internasjonale reisende<\/h1>\n\n<p>Storbritannia har innf\u00f8rt et system med <strong>elektronisk reisetillatelse<\/strong> (ETA) for statsborgere fra visse visumfrie land. Denne forenklede prosedyren gj\u00f8r det mulig \u00e5 reise inn i Storbritannia for et kort opphold uten et tradisjonelt visum. ETA er p\u00e5krevd i f\u00f8lgende tilfeller: Turistopphold, bes\u00f8k hos slektninger, forretningsreiser, kortvarige studier eller mellomlandinger i Storbritannia.  <\/p>\n\n<p><strong>For \u00e5 s\u00f8ke p\u00e5 <strong>bare noen f\u00e5 minutter<\/strong><\/strong> fyller du bare ut <a href=\"https:\/\/uk-gb.net\/no\/online-skjema-eta-england\/\">ETA-skjemaet p\u00e5 nettet.<\/a><\/p>\n\n<div style=\"height:10px\" aria-hidden=\"true\" class=\"wp-block-spacer\"><\/div>\n\n<h2 class=\"wp-block-heading\">Hvem ber\u00f8res av Storbritannias ETA?<\/h2>\n\n<p>Antallet <a href=\"https:\/\/uk-gb.net\/no\/land-som-kan-soke-om-eta-uk\/\">land som er kvalifisert for Storbritannias ETA<\/a>, \u00f8ker gradvis.<\/p>\n\n<p>Programmet ble f\u00f8rst tatt i bruk i Midt\u00f8sten, med f\u00f8lgende innledende faser:<\/p>\n\n<ul class=\"wp-block-list\">\n<li>Siden 2023 har ETA gjort det mulig for qatarske statsborgere \u00e5 slippe \u00e5 s\u00f8ke om visum til England fra Qatar.<\/li>\n\n\n\n<li>Fra februar 2024 <a href=\"https:\/\/uk-gb.net\/no\/visum-england-fra-arabia-saudi\/\">kan saudiarabiske statsborgere f\u00e5 en ETA<\/a> i stedet for visum til Storbritannia.<\/li>\n<\/ul>\n\n<div style=\"height:10px\" aria-hidden=\"true\" class=\"wp-block-spacer\"><\/div>\n\n<p>Alle europeiske land har blitt lagt til i det britiske ETA-systemet. Europeiske statsborgere kan n\u00e5 <a href=\"https:\/\/uk-gb.net\/no\/online-skjema-eta-england\/\">s\u00f8ke om ETA p\u00e5 nettet<\/a> f\u00f8r de reiser til Storbritannia. <\/p>\n\n<h2 class=\"wp-block-heading\">Hvilke visum og tillatelser kreves for \u00e5 reise til Storbritannia?<\/h2>\n\n<p>Storbritannia tilbyr <a href=\"https:\/\/uk-gb.net\/no\/forskjellige-britiske-visum\/\">flere typer visum<\/a> eller tillatelser, avhengig av den reisendes profil, \u00e5rsaken til oppholdet og oppholdets varighet. For korttidsopphold kan visse statsborgere unng\u00e5 den tradisjonelle visumprosedyren ved \u00e5 bruke den elektroniske ETA-tillatelsen. Her er en oversiktlig guide til de tilgjengelige alternativene.  <\/p>\n\n<h3 class=\"wp-block-heading\">Trenger jeg visum for \u00e5 reise til Storbritannia?<\/h3>\n\n<p>Alt avhenger av nasjonaliteten din og form\u00e5let med reisen. Her er de viktigste scenariene: <\/p>\n\n<ul class=\"wp-block-list\">\n<li><strong>Hvis du er irsk statsborger: Du<\/strong> trenger ikke visum eller ETA.<\/li>\n\n\n\n<li><strong>Du er statsborger i et land som var unntatt fra visumplikten<\/strong>: Dette gjelder for borgere fra Europa, USA og andre partnerland. Siden 2025 har det v\u00e6rt p\u00e5krevd med <a href=\"https:\/\/uk-gb.net\/no\/eta-storbritannia-forente-kongerike\/\">et britisk ETA<\/a> for \u00e5 reise inn i Storbritannia.  <\/li>\n\n\n\n<li><strong>Du kommer fra et land som allerede er en del av ETA-systemet (Qatar, Saudi-Arabia osv.):<\/strong> Du m\u00e5 <a href=\"https:\/\/uk-gb.net\/no\/online-skjema-eta-england\/\">s\u00f8ke om ETA p\u00e5 nettet<\/a>.<\/li>\n\n\n\n<li>Hvis <strong>du er statsborger i et visumpliktig land<\/strong>, m\u00e5 du s\u00f8ke om <a href=\"https:\/\/uk-gb.net\/no\/turist-besoker-england-forente-kongerikerike\/\">turistvisum<\/a> p\u00e5 nettet og deretter fullf\u00f8re s\u00f8knaden din ved et m\u00f8te p\u00e5 <a href=\"https:\/\/uk-gb.net\/no\/visumavtale-ved-den-britiske-ambassaden\/\">den britiske ambassaden<\/a>.<\/li>\n\n\n\n<li><strong>Eksempel<\/strong>: <a href=\"https:\/\/uk-gb.net\/no\/visum-england-fra-norge\/\" type=\"page\" id=\"972\">eTA fra Norge<\/a>.<\/li>\n<\/ul>\n\n<div style=\"height:10px\" aria-hidden=\"true\" class=\"wp-block-spacer\"><\/div>\n\n<h3 class=\"wp-block-heading\">Hvilke typer visum er tilgjengelige for Storbritannia?<\/h3>\n\n<p>Visumtypen avhenger av \u00e5rsaken til bes\u00f8ket:<\/p>\n\n<figure class=\"wp-block-table\"><table><thead><tr><th>Type visum<\/th><th>Hovedapplikasjon<\/th><\/tr><\/thead><tbody><tr><td><a href=\"https:\/\/uk-gb.net\/no\/turist-besoker-england-forente-kongerikerike\/\">Turistvisum<\/a><\/td><td>Fritidsreiser eller bes\u00f8k hos slektninger<\/td><\/tr><tr><td><a href=\"https:\/\/uk-gb.net\/no\/visum-for-virksomhet-til-england-forente-rike\/\">Forretningsvisum<\/a><\/td><td>M\u00f8ter, konferanser, faglige oppdrag<\/td><\/tr><tr><td><a href=\"https:\/\/uk-gb.net\/no\/studentvisum-england-forente-kongerike\/\">Studentvisum<\/a><\/td><td>Langvarige studier eller spesifikk oppl\u00e6ring<\/td><\/tr><tr><td><a href=\"https:\/\/uk-gb.net\/no\/transitvisumstopp-storbritannia\/\">Transitvisum<\/a><\/td><td>Midlertidig passering gjennom en britisk flyplass<\/td><\/tr><tr><td><a href=\"https:\/\/uk-gb.net\/no\/storbritannia-familievisum\/\">Familievisum<\/a><\/td><td>Familiereiser i Storbritannia<\/td><\/tr><\/tbody><\/table><\/figure>\n\n<h3 class=\"wp-block-heading\">Transitt i Storbritannia: ETA eller visum?<\/h3>\n\n<p>Selv om du <strong>bare skal mellomlande p\u00e5 en flyplass<\/strong>, <strong>trenger du en reisetillatelse<\/strong>. Avhengig av nasjonaliteten din kan dette v\u00e6re et <a href=\"https:\/\/uk-gb.net\/no\/eta-storbritannia-forente-kongerike\/\">britisk ETA<\/a> eller et <a href=\"https:\/\/uk-gb.net\/no\/transitvisumstopp-storbritannia\/\">transittvisum<\/a>. Dette kravet gjelder selv om du ikke passerer gjennom grensekontrollen.  <\/p>\n\n<h3 class=\"wp-block-heading\">Kan jeg reise med ETA i stedet for visum?<\/h3>\n\n<p>Den<strong>elektroniske ETA-godkjenningen<\/strong> er tilstrekkelig hvis oppholdet ditt oppfyller disse vilk\u00e5rene:<\/p>\n\n<p>\u2705 Turistopphold, familiebes\u00f8k, korte studier, forretningsreise<br\/>\u2705 Maksimal varighet p\u00e5 6 m\u00e5neder<br\/>\u2705 Transitt gjennom Storbritannia<br\/>\u2705 Betalt kunstneroppdrag p\u00e5 mindre enn 3 m\u00e5neder (i visse s\u00e6rskilte tilfeller)<\/p>\n\n<h3 class=\"wp-block-heading\">Grensene for ETA-godkjenning<\/h3>\n\n<p>\u274c ETA tillater ikke :<\/p>\n\n<ul class=\"wp-block-list\">\n<li>Opphold i mer enn 6 m\u00e5neder<\/li>\n\n\n\n<li>\u00c5 jobbe for et britisk selskap<\/li>\n\n\n\n<li>Etablering av egen virksomhet eller \u00e5 bli selvstendig n\u00e6ringsdrivende<\/li>\n\n\n\n<li>Motta offentlig finansiering<\/li>\n\n\n\n<li>\u00c5 gifte seg eller registrere partnerskap<\/li>\n\n\n\n<li>For \u00e5 sette opp permanent<\/li>\n<\/ul>\n\n<p>I alle disse tilfellene kreves det <a href=\"https:\/\/uk-gb.net\/no\/forskjellige-britiske-visum\/\">britisk visum<\/a>.<\/p>\n\n<h3 class=\"wp-block-heading\">Hvilke destinasjoner er de mest popul\u00e6re for visums\u00f8knader?<\/h3>\n\n<p>London er fortsatt landets viktigste innfallsport, men ogs\u00e5 andre byer tiltrekker seg mange bes\u00f8kende. Reisende s\u00f8ker om <a href=\"https:\/\/uk-gb.net\/no\/visum-for-london\/\">visum til London<\/a> for \u00e5 lande i England. Utenlandske turister bes\u00f8ker ogs\u00e5 Englands andre storbyer ved \u00e5 s\u00f8ke om <a href=\"https:\/\/uk-gb.net\/no\/visum-for-liverpool\/\">visum til Liverpool.<\/a> Det er ogs\u00e5 mange som s\u00f8ker om visum <a href=\"https:\/\/uk-gb.net\/no\/visum-for-manchester\/\">til Manchester.<\/a>    <\/p>\n\n<p>Englands store universitetsbyer tiltrekker seg ogs\u00e5 mange turister for akademiske opphold, med <a href=\"https:\/\/uk-gb.net\/no\/visum-for-oxford\/\">Oxford som krever visum<\/a>, og Cambridge lenger nord i London.<\/p>\n\n<p>I den nordlige delen av Storbritannia s\u00f8ker reisende om visum til Birmingham. Noen reiser enda lenger nordover til Skottland, og s\u00f8ker om visum til Edinburgh eller <a href=\"https:\/\/uk-gb.net\/no\/visum-for-glasgow\/\">visum til Glasgow.<\/a> <\/p>\n\n<p>Wales er ogs\u00e5 et popul\u00e6rt reisem\u00e5l for utenlandske reisende. Turister trenger visum til Cardiff. <\/p>\n","protected":false},"excerpt":{"rendered":"<p>Innreiseformaliteter til Storbritannia for internasjonale reisende Storbritannia har innf\u00f8rt et system med elektronisk reisetillatelse (ETA) for statsborgere fra visse visumfrie land. Denne forenklede prosedyren gj\u00f8r det mulig \u00e5 reise inn i Storbritannia for et kort opphold uten et tradisjonelt visum. ETA er p\u00e5krevd i f\u00f8lgende tilfeller: Turistopphold, bes\u00f8k hos slektninger, forretningsreiser, kortvarige studier eller mellomlandinger [&hellip;]<\/p>\n","protected":false},"author":1,"featured_media":0,"parent":0,"menu_order":0,"comment_status":"closed","ping_status":"closed","template":"","meta":{"footnotes":""},"class_list":["post-1304","page","type-page","status-publish","hentry"],"yoast_head":"<!-- This site is optimized with the Yoast SEO plugin v27.4 - https:\/\/yoast.com\/product\/yoast-seo-wordpress\/ -->\n<title>Reiseformaliteter for Storbritannia<\/title>\n<meta name=\"description\" content=\"Reglene for utenlandske reisende som reiser inn i Storbritannia, har endret seg med innf\u00f8ringen av en britisk eTA.\" \/>\n<meta name=\"robots\" content=\"index, follow, max-snippet:-1, max-image-preview:large, max-video-preview:-1\" \/>\n<link rel=\"canonical\" href=\"https:\/\/uk-gb.net\/no\/visum-forente-kongerike\/\" \/>\n<meta property=\"og:locale\" content=\"nb_NO\" \/>\n<meta property=\"og:type\" content=\"article\" \/>\n<meta property=\"og:title\" content=\"Reiseformaliteter for Storbritannia\" \/>\n<meta property=\"og:description\" content=\"Reglene for utenlandske reisende som reiser inn i Storbritannia, har endret seg med innf\u00f8ringen av en britisk eTA.\" \/>\n<meta property=\"og:url\" content=\"https:\/\/uk-gb.net\/no\/visum-forente-kongerike\/\" \/>\n<meta property=\"og:site_name\" content=\"UK GB\" \/>\n<meta property=\"article:modified_time\" content=\"2026-03-03T09:58:23+00:00\" \/>\n<meta name=\"twitter:card\" content=\"summary_large_image\" \/>\n<meta name=\"twitter:label1\" content=\"Ansl. lesetid\" \/>\n\t<meta name=\"twitter:data1\" content=\"3 minutter\" \/>\n<script type=\"application\/ld+json\" class=\"yoast-schema-graph\">{\"@context\":\"https:\\\/\\\/schema.org\",\"@graph\":[{\"@type\":\"WebPage\",\"@id\":\"https:\\\/\\\/uk-gb.net\\\/no\\\/visum-forente-kongerike\\\/\",\"url\":\"https:\\\/\\\/uk-gb.net\\\/no\\\/visum-forente-kongerike\\\/\",\"name\":\"Reiseformaliteter for Storbritannia\",\"isPartOf\":{\"@id\":\"https:\\\/\\\/uk-gb.net\\\/no\\\/#website\"},\"datePublished\":\"2023-11-13T16:38:13+00:00\",\"dateModified\":\"2026-03-03T09:58:23+00:00\",\"description\":\"Reglene for utenlandske reisende som reiser inn i Storbritannia, har endret seg med innf\u00f8ringen av en britisk eTA.\",\"inLanguage\":\"nb-NO\",\"potentialAction\":[{\"@type\":\"ReadAction\",\"target\":[\"https:\\\/\\\/uk-gb.net\\\/no\\\/visum-forente-kongerike\\\/\"]}]},{\"@type\":\"WebSite\",\"@id\":\"https:\\\/\\\/uk-gb.net\\\/no\\\/#website\",\"url\":\"https:\\\/\\\/uk-gb.net\\\/no\\\/\",\"name\":\"UK GB\",\"description\":\"Travel to the UK\",\"potentialAction\":[{\"@type\":\"SearchAction\",\"target\":{\"@type\":\"EntryPoint\",\"urlTemplate\":\"https:\\\/\\\/uk-gb.net\\\/no\\\/?s={search_term_string}\"},\"query-input\":{\"@type\":\"PropertyValueSpecification\",\"valueRequired\":true,\"valueName\":\"search_term_string\"}}],\"inLanguage\":\"nb-NO\"}]}<\/script>\n<!-- \/ Yoast SEO plugin. -->","yoast_head_json":{"title":"Reiseformaliteter for Storbritannia","description":"Reglene for utenlandske reisende som reiser inn i Storbritannia, har endret seg med innf\u00f8ringen av en britisk eTA.","robots":{"index":"index","follow":"follow","max-snippet":"max-snippet:-1","max-image-preview":"max-image-preview:large","max-video-preview":"max-video-preview:-1"},"canonical":"https:\/\/uk-gb.net\/no\/visum-forente-kongerike\/","og_locale":"nb_NO","og_type":"article","og_title":"Reiseformaliteter for Storbritannia","og_description":"Reglene for utenlandske reisende som reiser inn i Storbritannia, har endret seg med innf\u00f8ringen av en britisk eTA.","og_url":"https:\/\/uk-gb.net\/no\/visum-forente-kongerike\/","og_site_name":"UK GB","article_modified_time":"2026-03-03T09:58:23+00:00","twitter_card":"summary_large_image","twitter_misc":{"Ansl. lesetid":"3 minutter"},"schema":{"@context":"https:\/\/schema.org","@graph":[{"@type":"WebPage","@id":"https:\/\/uk-gb.net\/no\/visum-forente-kongerike\/","url":"https:\/\/uk-gb.net\/no\/visum-forente-kongerike\/","name":"Reiseformaliteter for Storbritannia","isPartOf":{"@id":"https:\/\/uk-gb.net\/no\/#website"},"datePublished":"2023-11-13T16:38:13+00:00","dateModified":"2026-03-03T09:58:23+00:00","description":"Reglene for utenlandske reisende som reiser inn i Storbritannia, har endret seg med innf\u00f8ringen av en britisk eTA.","inLanguage":"nb-NO","potentialAction":[{"@type":"ReadAction","target":["https:\/\/uk-gb.net\/no\/visum-forente-kongerike\/"]}]},{"@type":"WebSite","@id":"https:\/\/uk-gb.net\/no\/#website","url":"https:\/\/uk-gb.net\/no\/","name":"UK GB","description":"Travel to the UK","potentialAction":[{"@type":"SearchAction","target":{"@type":"EntryPoint","urlTemplate":"https:\/\/uk-gb.net\/no\/?s={search_term_string}"},"query-input":{"@type":"PropertyValueSpecification","valueRequired":true,"valueName":"search_term_string"}}],"inLanguage":"nb-NO"}]}},"_links":{"self":[{"href":"https:\/\/uk-gb.net\/no\/wp-json\/wp\/v2\/pages\/1304","targetHints":{"allow":["GET"]}}],"collection":[{"href":"https:\/\/uk-gb.net\/no\/wp-json\/wp\/v2\/pages"}],"about":[{"href":"https:\/\/uk-gb.net\/no\/wp-json\/wp\/v2\/types\/page"}],"author":[{"embeddable":true,"href":"https:\/\/uk-gb.net\/no\/wp-json\/wp\/v2\/users\/1"}],"replies":[{"embeddable":true,"href":"https:\/\/uk-gb.net\/no\/wp-json\/wp\/v2\/comments?post=1304"}],"version-history":[{"count":0,"href":"https:\/\/uk-gb.net\/no\/wp-json\/wp\/v2\/pages\/1304\/revisions"}],"wp:attachment":[{"href":"https:\/\/uk-gb.net\/no\/wp-json\/wp\/v2\/media?parent=1304"}],"curies":[{"name":"wp","href":"https:\/\/api.w.org\/{rel}","templated":true}]}}