{"id":9880,"date":"2026-02-25T16:17:50","date_gmt":"2026-02-25T16:17:50","guid":{"rendered":"https:\/\/uk-gb.net\/causeway-coastal-route-it\/"},"modified":"2026-03-02T15:09:53","modified_gmt":"2026-03-02T15:09:53","slug":"causeway-coastal-route-it","status":"publish","type":"page","link":"https:\/\/uk-gb.net\/it\/causeway-coastal-route-it\/","title":{"rendered":"Causeway Coastal Route: itinerario completo in Irlanda del Nord, mappa e consigli"},"content":{"rendered":"\n<h1 class=\"wp-block-heading\">Scopri la Causeway Coastal Route nell&#8217;Irlanda del Nord<\/h1>\n\n<p>La Causeway Coastal Route \u00e8 uno dei percorsi stradali pi\u00f9 belli d&#8217;Europa. Tra scogliere spettacolari, castelli in rovina, spiagge selvagge e villaggi pittoreschi, questo percorso collega <a href=\"https:\/\/uk-gb.net\/it\/belfast\/\" type=\"page\" id=\"5344\">Belfast<\/a> a Derry (Londonderry) per circa 200 km. <\/p>\n\n<p>\u00c8 una tappa obbligata per <strong>scoprire l&#8217;Irlanda del Nord<\/strong>.<\/p>\n\n<figure class=\"wp-block-image size-large\"><img fetchpriority=\"high\" decoding=\"async\" width=\"1024\" height=\"458\" src=\"https:\/\/uk-gb.net\/wp-content\/uploads\/2026\/02\/causeway-carrick-a-rede-rope-bridge-1024x458.jpg\" alt=\"\" class=\"wp-image-9843\" srcset=\"https:\/\/uk-gb.net\/wp-content\/uploads\/2026\/02\/causeway-carrick-a-rede-rope-bridge-1024x458.jpg 1024w, https:\/\/uk-gb.net\/wp-content\/uploads\/2026\/02\/causeway-carrick-a-rede-rope-bridge-300x134.jpg 300w, https:\/\/uk-gb.net\/wp-content\/uploads\/2026\/02\/causeway-carrick-a-rede-rope-bridge-768x344.jpg 768w, https:\/\/uk-gb.net\/wp-content\/uploads\/2026\/02\/causeway-carrick-a-rede-rope-bridge.jpg 1050w\" sizes=\"(max-width: 1024px) 100vw, 1024px\" \/><\/figure>\n\n<h2 class=\"wp-block-heading\">Percorso della Via Costiera delle Causeway<\/h2>\n\n<p>Il percorso segue la costa settentrionale dell&#8217;Irlanda del Nord e pu\u00f2 essere completato in 1 o 3 giorni, a seconda del tuo ritmo.<\/p>\n\n<p>\ud83d\udccd Fasi principali:<\/p>\n\n<ol class=\"wp-block-list\">\n<li>Belfast &#8211; punto di partenza<\/li>\n\n\n\n<li>Castello di Carrickfergus<\/li>\n\n\n\n<li>Carnlough &#8211; villaggio autentico<\/li>\n\n\n\n<li>Ponte di corda di Carrick-a-Rede<\/li>\n\n\n\n<li>Giant&#8217;s Causeway (sito UNESCO)<\/li>\n\n\n\n<li>Castello di Dunluce<\/li>\n\n\n\n<li>Portrush e Portstewart<\/li>\n\n\n\n<li>Tempio di Mussenden<\/li>\n\n\n\n<li>Derry \/ Londonderry<\/li>\n<\/ol>\n\n<div style=\"height:10px\" aria-hidden=\"true\" class=\"wp-block-spacer\"><\/div>\n\n<h2 class=\"wp-block-heading\">Luoghi da non perdere<\/h2>\n\n<p><strong>Giant&#8217;s Causeway<\/strong>: questo sito Patrimonio dell&#8217;Umanit\u00e0 dell&#8217;UNESCO \u00e8 famoso per le sue colonne di basalto esagonali formate da un&#8217;eruzione vulcanica. Si tratta di un sito naturale unico al mondo, composto da 40.000 colonne di basalto formate da un&#8217;antica attivit\u00e0 vulcanica. Esplora i sentieri escursionistici, ammira le formazioni rocciose e visita il centro visitatori per saperne di pi\u00f9 sulla leggenda che circonda il sito.  <\/p>\n\n<figure class=\"wp-block-gallery has-nested-images columns-default is-cropped wp-block-gallery-1 is-layout-flex wp-block-gallery-is-layout-flex\">\n<figure class=\"wp-block-image size-large\"><img decoding=\"async\" width=\"1024\" height=\"566\" data-id=\"9845\" src=\"https:\/\/uk-gb.net\/wp-content\/uploads\/2026\/02\/giant-causeway-1-1024x566.jpg\" alt=\"\" class=\"wp-image-9845\" srcset=\"https:\/\/uk-gb.net\/wp-content\/uploads\/2026\/02\/giant-causeway-1-1024x566.jpg 1024w, https:\/\/uk-gb.net\/wp-content\/uploads\/2026\/02\/giant-causeway-1-300x166.jpg 300w, https:\/\/uk-gb.net\/wp-content\/uploads\/2026\/02\/giant-causeway-1-768x424.jpg 768w, https:\/\/uk-gb.net\/wp-content\/uploads\/2026\/02\/giant-causeway-1-1536x849.jpg 1536w, https:\/\/uk-gb.net\/wp-content\/uploads\/2026\/02\/giant-causeway-1.jpg 1549w\" sizes=\"(max-width: 1024px) 100vw, 1024px\" \/><figcaption class=\"wp-element-caption\"><strong>Giant&#8217;s Causeway<\/strong><\/figcaption><\/figure>\n<\/figure>\n\n<p><strong>Ponte di corda di Carrick-a-Rede<\/strong>: questo ponte sospeso offre una vista spettacolare sul mare e sulle scogliere circostanti. Attraversa il ponte per una scarica di adrenalina e goditi la bellezza naturale dell&#8217;area circostante. <\/p>\n\n<figure class=\"wp-block-image size-full\"><img decoding=\"async\" width=\"964\" height=\"522\" src=\"https:\/\/uk-gb.net\/wp-content\/uploads\/2026\/03\/carrick-a-rede-rope-bridge.jpg\" alt=\"\" class=\"wp-image-9849\" srcset=\"https:\/\/uk-gb.net\/wp-content\/uploads\/2026\/03\/carrick-a-rede-rope-bridge.jpg 964w, https:\/\/uk-gb.net\/wp-content\/uploads\/2026\/03\/carrick-a-rede-rope-bridge-300x162.jpg 300w, https:\/\/uk-gb.net\/wp-content\/uploads\/2026\/03\/carrick-a-rede-rope-bridge-768x416.jpg 768w\" sizes=\"(max-width: 964px) 100vw, 964px\" \/><figcaption class=\"wp-element-caption\"><strong>Ponte di corda di Carrick-a-Rede<\/strong><\/figcaption><\/figure>\n\n<p><strong>Castello di Dunluce<\/strong>: arroccato su una scogliera, questo castello medievale offre una vista mozzafiato sull&#8217;Oceano Atlantico. Visita le rovine, scopri la sua affascinante storia e goditi la campagna circostante. <\/p>\n\n<figure class=\"wp-block-image size-large\"><img loading=\"lazy\" decoding=\"async\" width=\"1024\" height=\"509\" src=\"https:\/\/uk-gb.net\/wp-content\/uploads\/2026\/03\/Dunluce-castle-1024x509.jpg\" alt=\"\" class=\"wp-image-9848\" srcset=\"https:\/\/uk-gb.net\/wp-content\/uploads\/2026\/03\/Dunluce-castle-1024x509.jpg 1024w, https:\/\/uk-gb.net\/wp-content\/uploads\/2026\/03\/Dunluce-castle-300x149.jpg 300w, https:\/\/uk-gb.net\/wp-content\/uploads\/2026\/03\/Dunluce-castle-768x382.jpg 768w, https:\/\/uk-gb.net\/wp-content\/uploads\/2026\/03\/Dunluce-castle.jpg 1142w\" sizes=\"(max-width: 1024px) 100vw, 1024px\" \/><figcaption class=\"wp-element-caption\"><strong>Castello di Dunluce<\/strong><\/figcaption><\/figure>\n\n<p>Consigli pratici per il tuo viaggio in auto<\/p>\n\n<ul class=\"wp-block-list\">\n<li><strong>Il periodo migliore per visitarla<\/strong>: Da maggio a settembre il clima \u00e8 pi\u00f9 mite e le giornate pi\u00f9 lunghe.<\/li>\n\n\n\n<li><strong>Noleggio auto<\/strong>: scegli un&#8217;auto comoda per goderti al meglio il paesaggio. Ricorda di prenotare in anticipo, soprattutto in alta stagione. <\/li>\n\n\n\n<li><strong>Alloggio<\/strong>: Scegli tra B&amp;B, hotel o campeggi lungo il percorso per vivere un&#8217;esperienza autentica.<\/li>\n\n\n\n<li><strong>Rispetta l&#8217;ambiente<\/strong>: Abbi cura dei siti che visiti, porta con te i rifiuti e rispetta la fauna locale.<\/li>\n\n\n\n<li><strong>Formalit\u00e0 di viaggio<\/strong>: ricorda di anticipare le <a href=\"https:\/\/uk-gb.net\/it\/visto-regno-unito\/\" type=\"page\" id=\"373\">formalit\u00e0 per il Regno Unito<\/a>.<\/li>\n<\/ul>\n\n<div style=\"height:10px\" aria-hidden=\"true\" class=\"wp-block-spacer\"><\/div>\n\n<h2 class=\"wp-block-heading\">Perch\u00e9 percorrere la Causeway Coastal Route?<\/h2>\n\n<p>Un viaggio lungo la Causeway Coastal Route \u00e8 un&#8217;esperienza indimenticabile che unisce bellezza naturale, storia e avventura. Sia che tu voglia esplorare siti iconici o semplicemente goderti il paesaggio, questo percorso \u00e8 una tappa obbligata quando visiti l&#8217;Irlanda del Nord.   <\/p>\n\n<p>Pianifica il tuo itinerario, prendi la macchina fotografica e parti alla scoperta di questo tesoro nascosto.<\/p>\n","protected":false},"excerpt":{"rendered":"<p>Scopri la Causeway Coastal Route nell&#8217;Irlanda del Nord La Causeway Coastal Route \u00e8 uno dei percorsi stradali pi\u00f9 belli d&#8217;Europa. Tra scogliere spettacolari, castelli in rovina, spiagge selvagge e villaggi pittoreschi, questo percorso collega Belfast a Derry (Londonderry) per circa 200 km. \u00c8 una tappa obbligata per scoprire l&#8217;Irlanda del Nord. Percorso della Via Costiera [&hellip;]<\/p>\n","protected":false},"author":1,"featured_media":0,"parent":0,"menu_order":0,"comment_status":"closed","ping_status":"closed","template":"","meta":{"footnotes":""},"class_list":["post-9880","page","type-page","status-publish","hentry"],"yoast_head":"<!-- This site is optimized with the Yoast SEO plugin v27.4 - https:\/\/yoast.com\/product\/yoast-seo-wordpress\/ -->\n<title>Causeway Coastal Route: itinerario completo in Irlanda del Nord, mappa e consigli - UK GB<\/title>\n<meta name=\"description\" content=\"Causeway Coastal Route in Irlanda del Nord: itinerario dettagliato, mappa, tappe fondamentali e luoghi da vedere tra Belfast e Derry.\" \/>\n<meta name=\"robots\" content=\"index, follow, max-snippet:-1, max-image-preview:large, max-video-preview:-1\" \/>\n<link rel=\"canonical\" href=\"https:\/\/uk-gb.net\/it\/causeway-coastal-route-it\/\" \/>\n<meta property=\"og:locale\" content=\"it_IT\" \/>\n<meta property=\"og:type\" content=\"article\" \/>\n<meta property=\"og:title\" content=\"Causeway Coastal Route: itinerario completo in Irlanda del Nord, mappa e consigli - UK GB\" \/>\n<meta property=\"og:description\" content=\"Causeway Coastal Route in Irlanda del Nord: itinerario dettagliato, mappa, tappe fondamentali e luoghi da vedere tra Belfast e Derry.\" \/>\n<meta property=\"og:url\" content=\"https:\/\/uk-gb.net\/it\/causeway-coastal-route-it\/\" \/>\n<meta property=\"og:site_name\" content=\"UK GB\" \/>\n<meta property=\"article:modified_time\" content=\"2026-03-02T15:09:53+00:00\" \/>\n<meta property=\"og:image\" content=\"https:\/\/uk-gb.net\/wp-content\/uploads\/2026\/02\/causeway-carrick-a-rede-rope-bridge.jpg\" \/>\n\t<meta property=\"og:image:width\" content=\"1050\" \/>\n\t<meta property=\"og:image:height\" content=\"470\" \/>\n\t<meta property=\"og:image:type\" content=\"image\/jpeg\" \/>\n<meta name=\"twitter:card\" content=\"summary_large_image\" \/>\n<meta name=\"twitter:label1\" content=\"Tempo di lettura stimato\" \/>\n\t<meta name=\"twitter:data1\" content=\"2 minuti\" \/>\n<script type=\"application\/ld+json\" class=\"yoast-schema-graph\">{\"@context\":\"https:\\\/\\\/schema.org\",\"@graph\":[{\"@type\":\"WebPage\",\"@id\":\"https:\\\/\\\/uk-gb.net\\\/it\\\/causeway-coastal-route-it\\\/\",\"url\":\"https:\\\/\\\/uk-gb.net\\\/it\\\/causeway-coastal-route-it\\\/\",\"name\":\"Causeway Coastal Route: itinerario completo in Irlanda del Nord, mappa e consigli - UK GB\",\"isPartOf\":{\"@id\":\"https:\\\/\\\/uk-gb.net\\\/it\\\/#website\"},\"primaryImageOfPage\":{\"@id\":\"https:\\\/\\\/uk-gb.net\\\/it\\\/causeway-coastal-route-it\\\/#primaryimage\"},\"image\":{\"@id\":\"https:\\\/\\\/uk-gb.net\\\/it\\\/causeway-coastal-route-it\\\/#primaryimage\"},\"thumbnailUrl\":\"https:\\\/\\\/uk-gb.net\\\/wp-content\\\/uploads\\\/2026\\\/02\\\/causeway-carrick-a-rede-rope-bridge-1024x458.jpg\",\"datePublished\":\"2026-02-25T16:17:50+00:00\",\"dateModified\":\"2026-03-02T15:09:53+00:00\",\"description\":\"Causeway Coastal Route in Irlanda del Nord: itinerario dettagliato, mappa, tappe fondamentali e luoghi da vedere tra Belfast e Derry.\",\"inLanguage\":\"it-IT\",\"potentialAction\":[{\"@type\":\"ReadAction\",\"target\":[\"https:\\\/\\\/uk-gb.net\\\/it\\\/causeway-coastal-route-it\\\/\"]}]},{\"@type\":\"ImageObject\",\"inLanguage\":\"it-IT\",\"@id\":\"https:\\\/\\\/uk-gb.net\\\/it\\\/causeway-coastal-route-it\\\/#primaryimage\",\"url\":\"https:\\\/\\\/uk-gb.net\\\/wp-content\\\/uploads\\\/2026\\\/02\\\/causeway-carrick-a-rede-rope-bridge-1024x458.jpg\",\"contentUrl\":\"https:\\\/\\\/uk-gb.net\\\/wp-content\\\/uploads\\\/2026\\\/02\\\/causeway-carrick-a-rede-rope-bridge-1024x458.jpg\"},{\"@type\":\"WebSite\",\"@id\":\"https:\\\/\\\/uk-gb.net\\\/it\\\/#website\",\"url\":\"https:\\\/\\\/uk-gb.net\\\/it\\\/\",\"name\":\"UK GB\",\"description\":\"Travel to the UK\",\"potentialAction\":[{\"@type\":\"SearchAction\",\"target\":{\"@type\":\"EntryPoint\",\"urlTemplate\":\"https:\\\/\\\/uk-gb.net\\\/it\\\/?s={search_term_string}\"},\"query-input\":{\"@type\":\"PropertyValueSpecification\",\"valueRequired\":true,\"valueName\":\"search_term_string\"}}],\"inLanguage\":\"it-IT\"}]}<\/script>\n<!-- \/ Yoast SEO plugin. -->","yoast_head_json":{"title":"Causeway Coastal Route: itinerario completo in Irlanda del Nord, mappa e consigli - UK GB","description":"Causeway Coastal Route in Irlanda del Nord: itinerario dettagliato, mappa, tappe fondamentali e luoghi da vedere tra Belfast e Derry.","robots":{"index":"index","follow":"follow","max-snippet":"max-snippet:-1","max-image-preview":"max-image-preview:large","max-video-preview":"max-video-preview:-1"},"canonical":"https:\/\/uk-gb.net\/it\/causeway-coastal-route-it\/","og_locale":"it_IT","og_type":"article","og_title":"Causeway Coastal Route: itinerario completo in Irlanda del Nord, mappa e consigli - UK GB","og_description":"Causeway Coastal Route in Irlanda del Nord: itinerario dettagliato, mappa, tappe fondamentali e luoghi da vedere tra Belfast e Derry.","og_url":"https:\/\/uk-gb.net\/it\/causeway-coastal-route-it\/","og_site_name":"UK GB","article_modified_time":"2026-03-02T15:09:53+00:00","og_image":[{"width":1050,"height":470,"url":"https:\/\/uk-gb.net\/wp-content\/uploads\/2026\/02\/causeway-carrick-a-rede-rope-bridge.jpg","type":"image\/jpeg"}],"twitter_card":"summary_large_image","twitter_misc":{"Tempo di lettura stimato":"2 minuti"},"schema":{"@context":"https:\/\/schema.org","@graph":[{"@type":"WebPage","@id":"https:\/\/uk-gb.net\/it\/causeway-coastal-route-it\/","url":"https:\/\/uk-gb.net\/it\/causeway-coastal-route-it\/","name":"Causeway Coastal Route: itinerario completo in Irlanda del Nord, mappa e consigli - UK GB","isPartOf":{"@id":"https:\/\/uk-gb.net\/it\/#website"},"primaryImageOfPage":{"@id":"https:\/\/uk-gb.net\/it\/causeway-coastal-route-it\/#primaryimage"},"image":{"@id":"https:\/\/uk-gb.net\/it\/causeway-coastal-route-it\/#primaryimage"},"thumbnailUrl":"https:\/\/uk-gb.net\/wp-content\/uploads\/2026\/02\/causeway-carrick-a-rede-rope-bridge-1024x458.jpg","datePublished":"2026-02-25T16:17:50+00:00","dateModified":"2026-03-02T15:09:53+00:00","description":"Causeway Coastal Route in Irlanda del Nord: itinerario dettagliato, mappa, tappe fondamentali e luoghi da vedere tra Belfast e Derry.","inLanguage":"it-IT","potentialAction":[{"@type":"ReadAction","target":["https:\/\/uk-gb.net\/it\/causeway-coastal-route-it\/"]}]},{"@type":"ImageObject","inLanguage":"it-IT","@id":"https:\/\/uk-gb.net\/it\/causeway-coastal-route-it\/#primaryimage","url":"https:\/\/uk-gb.net\/wp-content\/uploads\/2026\/02\/causeway-carrick-a-rede-rope-bridge-1024x458.jpg","contentUrl":"https:\/\/uk-gb.net\/wp-content\/uploads\/2026\/02\/causeway-carrick-a-rede-rope-bridge-1024x458.jpg"},{"@type":"WebSite","@id":"https:\/\/uk-gb.net\/it\/#website","url":"https:\/\/uk-gb.net\/it\/","name":"UK GB","description":"Travel to the UK","potentialAction":[{"@type":"SearchAction","target":{"@type":"EntryPoint","urlTemplate":"https:\/\/uk-gb.net\/it\/?s={search_term_string}"},"query-input":{"@type":"PropertyValueSpecification","valueRequired":true,"valueName":"search_term_string"}}],"inLanguage":"it-IT"}]}},"_links":{"self":[{"href":"https:\/\/uk-gb.net\/it\/wp-json\/wp\/v2\/pages\/9880","targetHints":{"allow":["GET"]}}],"collection":[{"href":"https:\/\/uk-gb.net\/it\/wp-json\/wp\/v2\/pages"}],"about":[{"href":"https:\/\/uk-gb.net\/it\/wp-json\/wp\/v2\/types\/page"}],"author":[{"embeddable":true,"href":"https:\/\/uk-gb.net\/it\/wp-json\/wp\/v2\/users\/1"}],"replies":[{"embeddable":true,"href":"https:\/\/uk-gb.net\/it\/wp-json\/wp\/v2\/comments?post=9880"}],"version-history":[{"count":0,"href":"https:\/\/uk-gb.net\/it\/wp-json\/wp\/v2\/pages\/9880\/revisions"}],"wp:attachment":[{"href":"https:\/\/uk-gb.net\/it\/wp-json\/wp\/v2\/media?parent=9880"}],"curies":[{"name":"wp","href":"https:\/\/api.w.org\/{rel}","templated":true}]}}