{"id":913,"date":"2023-12-07T17:06:53","date_gmt":"2023-12-07T17:06:53","guid":{"rendered":"https:\/\/uk-gb.net\/visto-per-liverpool\/"},"modified":"2025-06-12T08:58:44","modified_gmt":"2025-06-12T07:58:44","slug":"visto-per-liverpool","status":"publish","type":"page","link":"https:\/\/uk-gb.net\/it\/visto-per-liverpool\/","title":{"rendered":"Visto per viaggiare a Liverpool"},"content":{"rendered":"\n<h1 class=\"wp-block-heading\">Visti per viaggi o scali a Liverpool<\/h1>\n\n<p><a href=\"https:\/\/uk-gb.net\/it\/liverpool\/\">Liverpool<\/a>, famosa per la sua storia marittima, i suoi monumenti culturali e il suo patrimonio musicale, attira ogni anno molti visitatori internazionali. Che tu stia scoprendo la citt\u00e0 dei Beatles, partecipando a un evento sportivo o semplicemente facendo scalo all \u201caeroporto di Liverpool, \u00e8 fondamentale conoscere le formalit\u00e0 di ingresso. A seconda della tua nazionalit\u00e0 e dello scopo della tua visita, avrai bisogno di un <a href=\"https:\/\/uk-gb.net\/it\/visto-turistico-inghilterra-regno-unito\/\">visto per il Regno Unito<\/a> o di un\u201d<a href=\"https:\/\/uk-gb.net\/it\/eta-inghilterra-regno-unito\/\">autorizzazione elettronica di viaggio (ETA<\/a>).  <\/p>\n\n<p><strong>Per soggiorni inferiori a 6 mesi<\/strong>: non \u00e8 necessario ottenere un visto turistico per Liverpool. I cittadini di paesi europei esenti da visto devono semplicemente ottenere un&#8217;autorizzazione al viaggio compilando il <a href=\"https:\/\/uk-gb.net\/it\/visto-eta-online-inghilterra\/\">modulo ETA online<\/a>. <\/p>\n\n<h2 class=\"wp-block-heading\">Ho bisogno di un visto per recarmi a Liverpool?<\/h2>\n\n<h3 class=\"wp-block-heading\">Non hai bisogno di un visto se :<\/h3>\n\n<ul class=\"wp-block-list\">\n<li>Sei un <strong>cittadino irlandese<\/strong>;<\/li>\n\n\n\n<li>Sei un cittadino di un <strong>paese esente da visto<\/strong> per un breve soggiorno (turismo, affari, visite familiari o brevi studi di durata inferiore a 6 mesi).<br\/>Dal 2025, questi viaggiatori devono ottenere l <a href=\"https:\/\/uk-gb.net\/it\/eta-inghilterra-regno-unito\/\">&#8216;autorizzazione ETA<\/a> prima della partenza.<\/li>\n<\/ul>\n\n<h3 class=\"wp-block-heading\">Hai bisogno di un visto se :<\/h3>\n\n<ul class=\"wp-block-list\">\n<li>Sei un cittadino di un paese soggetto all&#8217;obbligo di visto, come India, Cina, Algeria, Nigeria, Pakistan&#8230; ;<\/li>\n\n\n\n<li>Vuoi <strong>lavorare<\/strong>, <strong>studiare a lungo<\/strong> o <strong>stabilirti a<\/strong> Liverpool?<\/li>\n\n\n\n<li>Stai per raggiungere un membro della tua famiglia nel Regno Unito per un trasferimento a lungo termine.<\/li>\n<\/ul>\n\n<div style=\"height:10px\" aria-hidden=\"true\" class=\"wp-block-spacer\"><\/div>\n\n<h2 class=\"wp-block-heading\">ETA: autorizzazione semplificata per il viaggio a Liverpool<\/h2>\n\n<p>L<a href=\"https:\/\/uk-gb.net\/it\/eta-inghilterra-regno-unito\/\">\u201cETA<\/a> \u00e8 un\u201d autorizzazione di viaggio obbligatoria per i cittadini di alcuni <a href=\"https:\/\/uk-gb.net\/it\/paesi-che-possono-richiedere-eta-regno-unito\/\">paesi esenti da visto per il Regno Unito<\/a>.<\/p>\n\n<ul class=\"wp-block-list\">\n<li><a href=\"https:\/\/uk-gb.net\/it\/prezzo-eta-regno-unito\/\">Prezzo previsto<\/a>: \u00a316 (circa \u20ac19)<\/li>\n\n\n\n<li>Validit\u00e0: 2 anni o fino alla scadenza del passaporto<\/li>\n\n\n\n<li>Soggiorno massimo: 6 mesi<\/li>\n\n\n\n<li>Uso: turismo, affari, studi brevi o transito<\/li>\n<\/ul>\n\n<p>Dall \u201caprile 2025, i cittadini dell\u201d UE devono ottenere un <strong>ETA per Liverpool prima di imbarcarsi<\/strong>.<\/p>\n\n<h2 class=\"wp-block-heading\">Ho bisogno di un visto per fare uno scalo a Liverpool?<\/h2>\n\n<p><a href=\"https:\/\/uk-gb.net\/it\/liverpool\/\">Liverpool<\/a> ha un aeroporto internazionale (Liverpool John Lennon Airport), ma alcuni passeggeri utilizzano anche il vicino aeroporto di Manchester.<\/p>\n\n<h3 class=\"wp-block-heading\">Transitare senza attraversare il confine britannico:<\/h3>\n\n<ul class=\"wp-block-list\">\n<li>Se soggiorni in una zona di transito internazionale e non passi il controllo di frontiera, in alcuni casi puoi essere esonerato dall&#8217;obbligo del visto.<\/li>\n\n\n\n<li>Tuttavia, nella maggior parte dei casi <strong>\u00e8 necessario<\/strong> un <strong>ETA,<\/strong> anche per il semplice transito.<\/li>\n<\/ul>\n\n<h3 class=\"wp-block-heading\">Transito con attraversamento della frontiera (cambio di aeroporto o scalo prolungato) :<\/h3>\n\n<ul class=\"wp-block-list\">\n<li>A seconda della tua nazionalit\u00e0 e del tuo itinerario, sar\u00e0 necessario un <a href=\"https:\/\/uk-gb.net\/it\/visto-transito-con-scalo-inghilterra-regno-unito\/\">visto di transito per il Regno Unito<\/a> o un <strong>ETA<\/strong>. Le regole sono severe, anche per i transiti brevi. Controlla sempre la tua situazione prima della partenza.  <\/li>\n<\/ul>\n\n<div style=\"height:10px\" aria-hidden=\"true\" class=\"wp-block-spacer\"><\/div>\n\n<h2 class=\"wp-block-heading\">Prezzi dei vari visti per Liverpool?<\/h2>\n\n<p>Il prezzo del visto per Liverpool dipende dal tipo di visto necessario per recarsi nel Regno Unito. Per soggiorni pi\u00f9 lunghi, i <a href=\"https:\/\/uk-gb.net\/it\/prezzo-del-visto-per-inghilterra\/\">costi amministrativi del visto<\/a> sono pi\u00f9 elevati. Se il viaggiatore ha diritto a ottenere un <a href=\"https:\/\/uk-gb.net\/it\/eta-inghilterra-regno-unito\/\">ETA per il Regno Unito<\/a>, il prezzo sar\u00e0 inferiore: Il <a href=\"https:\/\/uk-gb.net\/it\/prezzo-eta-regno-unito\/\">prezzo di un ETA<\/a> \u00e8 di \u00a316.<\/p>\n\n<figure class=\"wp-block-table\"><table><thead><tr><th class=\"has-text-align-center\" data-align=\"center\">Tipo di documento<\/th><th class=\"has-text-align-center\" data-align=\"center\">Tariffa<\/th><\/tr><\/thead><tbody><tr><td class=\"has-text-align-center\" data-align=\"center\">ETA<\/td><td class=\"has-text-align-center\" data-align=\"center\">16 \u00a3<\/td><\/tr><tr><td class=\"has-text-align-center\" data-align=\"center\">Visto turistico (6 mesi)<\/td><td class=\"has-text-align-center\" data-align=\"center\">115 \u00a3<\/td><\/tr><tr><td class=\"has-text-align-center\" data-align=\"center\">Visto di transito<\/td><td class=\"has-text-align-center\" data-align=\"center\">64 \u00a3<\/td><\/tr><tr><td class=\"has-text-align-center\" data-align=\"center\">Visto per studenti<\/td><td class=\"has-text-align-center\" data-align=\"center\">a partire da \u00a3490<\/td><\/tr><tr><td class=\"has-text-align-center\" data-align=\"center\">Visto di lavoro o familiare<\/td><td class=\"has-text-align-center\" data-align=\"center\">a partire da 1.846 euro<\/td><\/tr><\/tbody><\/table><\/figure>\n\n<h2 class=\"wp-block-heading\">Come posso richiedere un visto per Liverpool?<\/h2>\n\n<p>Per ottenere un visto per <a href=\"https:\/\/uk-gb.net\/it\/liverpool\/\">Liverpool<\/a>, i cittadini stranieri devono seguire una <a href=\"https:\/\/uk-gb.net\/it\/procedura-visto-il-regno-unito\/\">procedura di richiesta del visto online<\/a>. Questo processo comprende diverse fasi:<\/p>\n\n<ul class=\"wp-block-list\">\n<li>Scegliete il tipo di visto in base allo scopo del viaggio;<\/li>\n\n\n\n<li>Raccogliere i documenti di supporto necessari;<\/li>\n\n\n\n<li>Compila il modulo di richiesta del visto online sul sito <a href=\"https:\/\/www.gov.uk\/standard-visitor\/apply-standard-visitor-visa\">gov.uk<\/a>;<\/li>\n\n\n\n<li>Pagare la <a href=\"https:\/\/uk-gb.net\/it\/prezzo-del-visto-per-inghilterra\/\">tassa per il visto<\/a>;<\/li>\n\n\n\n<li>Prendete appuntamento con un&#8217;<a href=\"https:\/\/uk-gb.net\/it\/ambasciata-britannica-in-italia\/\">ambasciata britannica<\/a>;<\/li>\n\n\n\n<li>Presentazione dei documenti per finalizzare la domanda di visto;<\/li>\n\n\n\n<li>Partecipare a un <a href=\"https:\/\/uk-gb.net\/it\/appuntamento-per-il-visto-ambasciata-in-inghilterra\/\">colloquio per il rilascio del visto<\/a>, se la domanda lo richiede.<\/li>\n<\/ul>\n\n<div style=\"height:10px\" aria-hidden=\"true\" class=\"wp-block-spacer\"><\/div>\n\n<h2 class=\"wp-block-heading\">Sommario<\/h2>\n\n<p>Dopo la riforma delle formalit\u00e0 d&#8217;ingresso, \u00e8 essenziale preparare con cura la tua domanda prima di recarti a Liverpool. L&#8217;<strong>ETA \u00e8 ora obbligatorio<\/strong> per la maggior parte dei cittadini esenti da visto. Se non soddisfi le condizioni per l&#8217;ETA, dovrai ottenere un visto standard.  <\/p>\n\n<p>Prima di partire per Liverpool, controlla il tuo stato ufficiale sul sito del governo britannico: <a href=\"https:\/\/www.gov.uk\/check-uk-visa\">gov.uk\/check-uk-visa<\/a>.<\/p>\n\n<p><\/p>\n","protected":false},"excerpt":{"rendered":"<p>Visti per viaggi o scali a Liverpool Liverpool, famosa per la sua storia marittima, i suoi monumenti culturali e il suo patrimonio musicale, attira ogni anno molti visitatori internazionali. Che tu stia scoprendo la citt\u00e0 dei Beatles, partecipando a un evento sportivo o semplicemente facendo scalo all \u201caeroporto di Liverpool, \u00e8 fondamentale conoscere le formalit\u00e0 [&hellip;]<\/p>\n","protected":false},"author":1,"featured_media":0,"parent":0,"menu_order":0,"comment_status":"closed","ping_status":"closed","template":"","meta":{"footnotes":""},"class_list":["post-913","page","type-page","status-publish","hentry"],"yoast_head":"<!-- This site is optimized with the Yoast SEO plugin v27.3 - https:\/\/yoast.com\/product\/yoast-seo-wordpress\/ -->\n<title>Visto per viaggiare a Liverpool - UK GB<\/title>\n<meta name=\"description\" content=\"Hai bisogno di un visto o di un documento di viaggio per recarti a Liverpool? Diamo un&#039;occhiata alle formalit\u00e0 da seguire\" \/>\n<meta name=\"robots\" content=\"index, follow, max-snippet:-1, max-image-preview:large, max-video-preview:-1\" \/>\n<link rel=\"canonical\" href=\"https:\/\/uk-gb.net\/it\/visto-per-liverpool\/\" \/>\n<meta property=\"og:locale\" content=\"it_IT\" \/>\n<meta property=\"og:type\" content=\"article\" \/>\n<meta property=\"og:title\" content=\"Visto per viaggiare a Liverpool - UK GB\" \/>\n<meta property=\"og:description\" content=\"Hai bisogno di un visto o di un documento di viaggio per recarti a Liverpool? Diamo un&#039;occhiata alle formalit\u00e0 da seguire\" \/>\n<meta property=\"og:url\" content=\"https:\/\/uk-gb.net\/it\/visto-per-liverpool\/\" \/>\n<meta property=\"og:site_name\" content=\"UK GB\" \/>\n<meta property=\"article:modified_time\" content=\"2025-06-12T07:58:44+00:00\" \/>\n<meta name=\"twitter:card\" content=\"summary_large_image\" \/>\n<meta name=\"twitter:label1\" content=\"Tempo di lettura stimato\" \/>\n\t<meta name=\"twitter:data1\" content=\"3 minuti\" \/>\n<script type=\"application\/ld+json\" class=\"yoast-schema-graph\">{\"@context\":\"https:\\\/\\\/schema.org\",\"@graph\":[{\"@type\":\"WebPage\",\"@id\":\"https:\\\/\\\/uk-gb.net\\\/it\\\/visto-per-liverpool\\\/\",\"url\":\"https:\\\/\\\/uk-gb.net\\\/it\\\/visto-per-liverpool\\\/\",\"name\":\"Visto per viaggiare a Liverpool - UK GB\",\"isPartOf\":{\"@id\":\"https:\\\/\\\/uk-gb.net\\\/it\\\/#website\"},\"datePublished\":\"2023-12-07T17:06:53+00:00\",\"dateModified\":\"2025-06-12T07:58:44+00:00\",\"description\":\"Hai bisogno di un visto o di un documento di viaggio per recarti a Liverpool? Diamo un'occhiata alle formalit\u00e0 da seguire\",\"inLanguage\":\"it-IT\",\"potentialAction\":[{\"@type\":\"ReadAction\",\"target\":[\"https:\\\/\\\/uk-gb.net\\\/it\\\/visto-per-liverpool\\\/\"]}]},{\"@type\":\"WebSite\",\"@id\":\"https:\\\/\\\/uk-gb.net\\\/it\\\/#website\",\"url\":\"https:\\\/\\\/uk-gb.net\\\/it\\\/\",\"name\":\"UK GB\",\"description\":\"Travel to the UK\",\"potentialAction\":[{\"@type\":\"SearchAction\",\"target\":{\"@type\":\"EntryPoint\",\"urlTemplate\":\"https:\\\/\\\/uk-gb.net\\\/it\\\/?s={search_term_string}\"},\"query-input\":{\"@type\":\"PropertyValueSpecification\",\"valueRequired\":true,\"valueName\":\"search_term_string\"}}],\"inLanguage\":\"it-IT\"}]}<\/script>\n<!-- \/ Yoast SEO plugin. -->","yoast_head_json":{"title":"Visto per viaggiare a Liverpool - UK GB","description":"Hai bisogno di un visto o di un documento di viaggio per recarti a Liverpool? Diamo un'occhiata alle formalit\u00e0 da seguire","robots":{"index":"index","follow":"follow","max-snippet":"max-snippet:-1","max-image-preview":"max-image-preview:large","max-video-preview":"max-video-preview:-1"},"canonical":"https:\/\/uk-gb.net\/it\/visto-per-liverpool\/","og_locale":"it_IT","og_type":"article","og_title":"Visto per viaggiare a Liverpool - UK GB","og_description":"Hai bisogno di un visto o di un documento di viaggio per recarti a Liverpool? Diamo un'occhiata alle formalit\u00e0 da seguire","og_url":"https:\/\/uk-gb.net\/it\/visto-per-liverpool\/","og_site_name":"UK GB","article_modified_time":"2025-06-12T07:58:44+00:00","twitter_card":"summary_large_image","twitter_misc":{"Tempo di lettura stimato":"3 minuti"},"schema":{"@context":"https:\/\/schema.org","@graph":[{"@type":"WebPage","@id":"https:\/\/uk-gb.net\/it\/visto-per-liverpool\/","url":"https:\/\/uk-gb.net\/it\/visto-per-liverpool\/","name":"Visto per viaggiare a Liverpool - UK GB","isPartOf":{"@id":"https:\/\/uk-gb.net\/it\/#website"},"datePublished":"2023-12-07T17:06:53+00:00","dateModified":"2025-06-12T07:58:44+00:00","description":"Hai bisogno di un visto o di un documento di viaggio per recarti a Liverpool? Diamo un'occhiata alle formalit\u00e0 da seguire","inLanguage":"it-IT","potentialAction":[{"@type":"ReadAction","target":["https:\/\/uk-gb.net\/it\/visto-per-liverpool\/"]}]},{"@type":"WebSite","@id":"https:\/\/uk-gb.net\/it\/#website","url":"https:\/\/uk-gb.net\/it\/","name":"UK GB","description":"Travel to the UK","potentialAction":[{"@type":"SearchAction","target":{"@type":"EntryPoint","urlTemplate":"https:\/\/uk-gb.net\/it\/?s={search_term_string}"},"query-input":{"@type":"PropertyValueSpecification","valueRequired":true,"valueName":"search_term_string"}}],"inLanguage":"it-IT"}]}},"_links":{"self":[{"href":"https:\/\/uk-gb.net\/it\/wp-json\/wp\/v2\/pages\/913","targetHints":{"allow":["GET"]}}],"collection":[{"href":"https:\/\/uk-gb.net\/it\/wp-json\/wp\/v2\/pages"}],"about":[{"href":"https:\/\/uk-gb.net\/it\/wp-json\/wp\/v2\/types\/page"}],"author":[{"embeddable":true,"href":"https:\/\/uk-gb.net\/it\/wp-json\/wp\/v2\/users\/1"}],"replies":[{"embeddable":true,"href":"https:\/\/uk-gb.net\/it\/wp-json\/wp\/v2\/comments?post=913"}],"version-history":[{"count":0,"href":"https:\/\/uk-gb.net\/it\/wp-json\/wp\/v2\/pages\/913\/revisions"}],"wp:attachment":[{"href":"https:\/\/uk-gb.net\/it\/wp-json\/wp\/v2\/media?parent=913"}],"curies":[{"name":"wp","href":"https:\/\/api.w.org\/{rel}","templated":true}]}}