{"id":897,"date":"2023-12-07T16:56:29","date_gmt":"2023-12-07T16:56:29","guid":{"rendered":"https:\/\/uk-gb.net\/visto-per-edimburgo\/"},"modified":"2026-04-02T11:17:41","modified_gmt":"2026-04-02T10:17:41","slug":"visto-per-edimburgo","status":"publish","type":"page","link":"https:\/\/uk-gb.net\/it\/visto-per-edimburgo\/","title":{"rendered":"Visto per recarsi a Edimburgo"},"content":{"rendered":"\n<p><a href=\"https:\/\/uk-gb.net\/it\/edimburgo\/\" type=\"page\" id=\"4933\">Edimburgo<\/a> \u00e8 una citt\u00e0 situata nel sud-est della Scozia, sulle rive del Firth of Forth. Capitale della Scozia dal XV secolo, \u00e8 rinomata per il suo patrimonio storico, la sua notevole architettura e il suo ruolo culturale, in particolare grazie a rinomati festival come l&#8217;Edinburgh International Festival e il Fringe. <\/p>\n\n<h1 class=\"wp-block-heading\">Visto per recarsi a Edimburgo<\/h1>\n\n<p><br\/>I cittadini stranieri che desiderano recarsi a Edimburgo devono essere in possesso di un permesso di viaggio rilasciato dal Regno Unito. Sono disponibili diversi tipi di autorizzazione al viaggio per recarsi a Edimburgo. <\/p>\n\n<h2 class=\"wp-block-heading\">Ho bisogno di un visto per Edimburgo?<\/h2>\n\n<p><a href=\"https:\/\/uk-gb.net\/it\/edimburgo\/\" type=\"page\" id=\"4933\">Edimburgo<\/a> \u00e8 la capitale della Scozia, pertanto tutti i cittadini stranieri che desiderano entrare nel Regno Unito attraverso Edimburgo devono essere in possesso di un&#8217;autorizzazione di viaggio valida. A seconda dello scopo del soggiorno a Edimburgo, i visitatori possono richiedere un <a href=\"https:\/\/uk-gb.net\/it\/visto-turistico-inghilterra-regno-unito\/\">visto turistico<\/a>. <\/p>\n\n<p><strong>Per soggiorni inferiori a 6 mesi<\/strong>: non \u00e8 necessario ottenere un visto per Edimburgo, poich\u00e9 la maggior parte dei Paesi europei esenta i propri cittadini dall&#8217;obbligo di visto. Recentemente, anche alcuni Paesi del Medio Oriente hanno potuto ottenere un&#8217;<a href=\"https:\/\/uk-gb.net\/it\/visto-eta-online-inghilterra\/\">autorizzazione di viaggio ETA<\/a> in modo semplice e online. <\/p>\n\n<div style=\"height:10px\" aria-hidden=\"true\" class=\"wp-block-spacer\"><\/div>\n\n<h2 class=\"wp-block-heading\">Ho bisogno di un visto per fermarmi a Edimburgo?<\/h2>\n\n<p>Ci sono due modi per fermarsi a Edimburgo:<\/p>\n\n<ul class=\"wp-block-list\">\n<li>I viaggiatori possono richiedere un <a href=\"https:\/\/uk-gb.net\/it\/visto-transito-con-scalo-inghilterra-regno-unito\/\">visto di transito<\/a> per uno scalo a Edimburgo;<\/li>\n\n\n\n<li>Se il viaggiatore \u00e8 cittadino di un <a href=\"https:\/\/uk-gb.net\/it\/paesi-che-possono-richiedere-eta-regno-unito\/\">Paese membro del Programma di esenzione dal visto del Regno Unito<\/a>, pu\u00f2 <a href=\"https:\/\/uk-gb.net\/it\/visto-eta-online-inghilterra\/\">richiedere un&#8217;ETA britannica<\/a> per fare scalo a Edimburgo senza visto.<\/li>\n<\/ul>\n\n<div style=\"height:10px\" aria-hidden=\"true\" class=\"wp-block-spacer\"><\/div>\n\n<h2 class=\"wp-block-heading\">Quanto costa un visto per Edimburgo?<\/h2>\n\n<p>Il prezzo del visto per Edimburgo dipende dal tipo di visto necessario per recarsi nel Regno Unito. La tassa amministrativa per un visto turistico per visitatori fino a 6 mesi \u00e8 di 115 sterline. Per soggiorni pi\u00f9 lunghi, i <a href=\"https:\/\/uk-gb.net\/it\/prezzo-del-visto-per-inghilterra\/\">costi amministrativi del visto<\/a> sono pi\u00f9 elevati. Se il viaggiatore ha diritto a ottenere un <a href=\"https:\/\/uk-gb.net\/it\/eta-inghilterra-regno-unito\/\">ETA per il Regno Unito<\/a>, il prezzo sar\u00e0 inferiore: Il <a href=\"https:\/\/uk-gb.net\/it\/prezzo-eta-regno-unito\/\">prezzo di un ETA<\/a> \u00e8 ora di 20 sterline.<\/p>\n\n<h2 class=\"wp-block-heading\">Come si ottiene un visto per Edimburgo?<\/h2>\n\n<p>Per ottenere un visto per Edimburgo, i cittadini stranieri devono seguire una <a href=\"https:\/\/uk-gb.net\/it\/procedura-visto-il-regno-unito\/\">procedura di richiesta del visto online<\/a>. Questo processo comprende diverse fasi: <\/p>\n\n<ul class=\"wp-block-list\">\n<li>Scegliete il tipo di visto in base allo scopo del viaggio;<\/li>\n\n\n\n<li>Raccogliere i documenti di supporto necessari;<\/li>\n\n\n\n<li>Compilare il modulo di richiesta del visto online;<\/li>\n\n\n\n<li>Pagare la <a href=\"https:\/\/uk-gb.net\/it\/prezzo-del-visto-per-inghilterra\/\">tassa per il visto<\/a>;<\/li>\n\n\n\n<li>Prendete appuntamento con un&#8217;<a href=\"https:\/\/uk-gb.net\/it\/ambasciata-britannica-in-italia\/\">ambasciata britannica<\/a>;<\/li>\n\n\n\n<li>Presentazione dei documenti per finalizzare la domanda di visto;<\/li>\n\n\n\n<li>Partecipare a un <a href=\"https:\/\/uk-gb.net\/it\/appuntamento-per-il-visto-ambasciata-in-inghilterra\/\">colloquio per il rilascio del visto<\/a>, se la domanda lo richiede.<\/li>\n<\/ul>\n\n<div style=\"height:10px\" aria-hidden=\"true\" class=\"wp-block-spacer\"><\/div>\n\n<h2 class=\"wp-block-heading\">Ho bisogno di un&#8217;autorizzazione ETA per Edimburgo?<\/h2>\n\n<p>Un cittadino straniero idoneo pu\u00f2 richiedere un&#8217;ETA per recarsi a Edimburgo. L&#8217;ottenimento richiede pochissimo tempo. L&#8217;ETA per Edimburgo \u00e8 valido per 2 anni per soggiorni fino a 6 mesi consecutivi nel Regno Unito.  <\/p>\n","protected":false},"excerpt":{"rendered":"<p>Edimburgo \u00e8 una citt\u00e0 situata nel sud-est della Scozia, sulle rive del Firth of Forth. Capitale della Scozia dal XV secolo, \u00e8 rinomata per il suo patrimonio storico, la sua notevole architettura e il suo ruolo culturale, in particolare grazie a rinomati festival come l&#8217;Edinburgh International Festival e il Fringe. Visto per recarsi a Edimburgo [&hellip;]<\/p>\n","protected":false},"author":1,"featured_media":0,"parent":0,"menu_order":0,"comment_status":"closed","ping_status":"closed","template":"","meta":{"footnotes":""},"class_list":["post-897","page","type-page","status-publish","hentry"],"yoast_head":"<!-- This site is optimized with the Yoast SEO plugin v27.3 - https:\/\/yoast.com\/product\/yoast-seo-wordpress\/ -->\n<title>Visto per recarsi a Edimburgo - UK GB<\/title>\n<meta name=\"description\" content=\"Ottenere un visto o un documento di viaggio per Edimburgo. Per recarsi o fermarsi a Edimburgo \u00e8 necessaria un&#039;autorizzazione.\" \/>\n<meta name=\"robots\" content=\"index, follow, max-snippet:-1, max-image-preview:large, max-video-preview:-1\" \/>\n<link rel=\"canonical\" href=\"https:\/\/uk-gb.net\/it\/visto-per-edimburgo\/\" \/>\n<meta property=\"og:locale\" content=\"it_IT\" \/>\n<meta property=\"og:type\" content=\"article\" \/>\n<meta property=\"og:title\" content=\"Visto per recarsi a Edimburgo - UK GB\" \/>\n<meta property=\"og:description\" content=\"Ottenere un visto o un documento di viaggio per Edimburgo. Per recarsi o fermarsi a Edimburgo \u00e8 necessaria un&#039;autorizzazione.\" \/>\n<meta property=\"og:url\" content=\"https:\/\/uk-gb.net\/it\/visto-per-edimburgo\/\" \/>\n<meta property=\"og:site_name\" content=\"UK GB\" \/>\n<meta property=\"article:modified_time\" content=\"2026-04-02T10:17:41+00:00\" \/>\n<meta name=\"twitter:card\" content=\"summary_large_image\" \/>\n<meta name=\"twitter:label1\" content=\"Tempo di lettura stimato\" \/>\n\t<meta name=\"twitter:data1\" content=\"2 minuti\" \/>\n<script type=\"application\/ld+json\" class=\"yoast-schema-graph\">{\"@context\":\"https:\\\/\\\/schema.org\",\"@graph\":[{\"@type\":\"WebPage\",\"@id\":\"https:\\\/\\\/uk-gb.net\\\/it\\\/visto-per-edimburgo\\\/\",\"url\":\"https:\\\/\\\/uk-gb.net\\\/it\\\/visto-per-edimburgo\\\/\",\"name\":\"Visto per recarsi a Edimburgo - UK GB\",\"isPartOf\":{\"@id\":\"https:\\\/\\\/uk-gb.net\\\/it\\\/#website\"},\"datePublished\":\"2023-12-07T16:56:29+00:00\",\"dateModified\":\"2026-04-02T10:17:41+00:00\",\"description\":\"Ottenere un visto o un documento di viaggio per Edimburgo. Per recarsi o fermarsi a Edimburgo \u00e8 necessaria un'autorizzazione.\",\"inLanguage\":\"it-IT\",\"potentialAction\":[{\"@type\":\"ReadAction\",\"target\":[\"https:\\\/\\\/uk-gb.net\\\/it\\\/visto-per-edimburgo\\\/\"]}]},{\"@type\":\"WebSite\",\"@id\":\"https:\\\/\\\/uk-gb.net\\\/it\\\/#website\",\"url\":\"https:\\\/\\\/uk-gb.net\\\/it\\\/\",\"name\":\"UK GB\",\"description\":\"Travel to the UK\",\"potentialAction\":[{\"@type\":\"SearchAction\",\"target\":{\"@type\":\"EntryPoint\",\"urlTemplate\":\"https:\\\/\\\/uk-gb.net\\\/it\\\/?s={search_term_string}\"},\"query-input\":{\"@type\":\"PropertyValueSpecification\",\"valueRequired\":true,\"valueName\":\"search_term_string\"}}],\"inLanguage\":\"it-IT\"}]}<\/script>\n<!-- \/ Yoast SEO plugin. -->","yoast_head_json":{"title":"Visto per recarsi a Edimburgo - UK GB","description":"Ottenere un visto o un documento di viaggio per Edimburgo. Per recarsi o fermarsi a Edimburgo \u00e8 necessaria un'autorizzazione.","robots":{"index":"index","follow":"follow","max-snippet":"max-snippet:-1","max-image-preview":"max-image-preview:large","max-video-preview":"max-video-preview:-1"},"canonical":"https:\/\/uk-gb.net\/it\/visto-per-edimburgo\/","og_locale":"it_IT","og_type":"article","og_title":"Visto per recarsi a Edimburgo - UK GB","og_description":"Ottenere un visto o un documento di viaggio per Edimburgo. Per recarsi o fermarsi a Edimburgo \u00e8 necessaria un'autorizzazione.","og_url":"https:\/\/uk-gb.net\/it\/visto-per-edimburgo\/","og_site_name":"UK GB","article_modified_time":"2026-04-02T10:17:41+00:00","twitter_card":"summary_large_image","twitter_misc":{"Tempo di lettura stimato":"2 minuti"},"schema":{"@context":"https:\/\/schema.org","@graph":[{"@type":"WebPage","@id":"https:\/\/uk-gb.net\/it\/visto-per-edimburgo\/","url":"https:\/\/uk-gb.net\/it\/visto-per-edimburgo\/","name":"Visto per recarsi a Edimburgo - UK GB","isPartOf":{"@id":"https:\/\/uk-gb.net\/it\/#website"},"datePublished":"2023-12-07T16:56:29+00:00","dateModified":"2026-04-02T10:17:41+00:00","description":"Ottenere un visto o un documento di viaggio per Edimburgo. Per recarsi o fermarsi a Edimburgo \u00e8 necessaria un'autorizzazione.","inLanguage":"it-IT","potentialAction":[{"@type":"ReadAction","target":["https:\/\/uk-gb.net\/it\/visto-per-edimburgo\/"]}]},{"@type":"WebSite","@id":"https:\/\/uk-gb.net\/it\/#website","url":"https:\/\/uk-gb.net\/it\/","name":"UK GB","description":"Travel to the UK","potentialAction":[{"@type":"SearchAction","target":{"@type":"EntryPoint","urlTemplate":"https:\/\/uk-gb.net\/it\/?s={search_term_string}"},"query-input":{"@type":"PropertyValueSpecification","valueRequired":true,"valueName":"search_term_string"}}],"inLanguage":"it-IT"}]}},"_links":{"self":[{"href":"https:\/\/uk-gb.net\/it\/wp-json\/wp\/v2\/pages\/897","targetHints":{"allow":["GET"]}}],"collection":[{"href":"https:\/\/uk-gb.net\/it\/wp-json\/wp\/v2\/pages"}],"about":[{"href":"https:\/\/uk-gb.net\/it\/wp-json\/wp\/v2\/types\/page"}],"author":[{"embeddable":true,"href":"https:\/\/uk-gb.net\/it\/wp-json\/wp\/v2\/users\/1"}],"replies":[{"embeddable":true,"href":"https:\/\/uk-gb.net\/it\/wp-json\/wp\/v2\/comments?post=897"}],"version-history":[{"count":0,"href":"https:\/\/uk-gb.net\/it\/wp-json\/wp\/v2\/pages\/897\/revisions"}],"wp:attachment":[{"href":"https:\/\/uk-gb.net\/it\/wp-json\/wp\/v2\/media?parent=897"}],"curies":[{"name":"wp","href":"https:\/\/api.w.org\/{rel}","templated":true}]}}