{"id":846,"date":"2023-12-07T15:07:43","date_gmt":"2023-12-07T15:07:43","guid":{"rendered":"https:\/\/uk-gb.net\/visto-studentesco-per-inghilterra\/"},"modified":"2025-06-05T10:33:59","modified_gmt":"2025-06-05T09:33:59","slug":"visto-studentesco-per-inghilterra","status":"publish","type":"page","link":"https:\/\/uk-gb.net\/it\/visto-studentesco-per-inghilterra\/","title":{"rendered":"Visto per studenti per il Regno Unito"},"content":{"rendered":"\n<h1 class=\"wp-block-heading\">Visto per studiare nel Regno Unito<\/h1>\n\n<p>Il <strong>visto per studenti del Regno Unito<\/strong>, ufficialmente noto come <strong>visto per studenti<\/strong>, \u00e8 obbligatorio per tutti gli studenti internazionali che desiderano studiare nel Regno Unito per pi\u00f9 di 6 mesi. Studiare in Inghilterra, Scozia, Galles o Irlanda del Nord ti d\u00e0 l&#8217;opportunit\u00e0 di studiare in universit\u00e0 di fama mondiale come Oxford, Cambridge, Edimburgo o UCL. <\/p>\n\n<p><strong>Per un soggiorno scolastico inferiore a 6 mesi<\/strong>: non \u00e8 necessario ottenere un visto studentesco britannico; \u00e8 sufficiente richiedere un&#8217;autorizzazione al viaggio compilando il <a href=\"https:\/\/uk-gb.net\/it\/visto-eta-online-inghilterra\/\">modulo ETA online<\/a>.<\/p>\n\n<div style=\"height:10px\" aria-hidden=\"true\" class=\"wp-block-spacer\"><\/div>\n\n<h2 class=\"wp-block-heading\">Chi ha bisogno di un visto per studenti per il Regno Unito?<\/h2>\n\n<p>Devi richiedere un visto per studenti se :<\/p>\n\n<ul class=\"wp-block-list\">\n<li>Hanno 16 anni o pi\u00f9<\/li>\n\n\n\n<li>Essere stati accettati in un istituto di istruzione accreditato nel Regno Unito<\/li>\n\n\n\n<li>Desidera seguire un <strong>programma di studio della durata di pi\u00f9 di 6 mesi<\/strong><\/li>\n\n\n\n<li><strong>Non sono cittadini britannici o irlandesi<\/strong><\/li>\n\n\n\n<li>Non sono idonei a ricevere un <a href=\"https:\/\/uk-gb.net\/it\/eta-inghilterra-regno-unito\/\">ETA per il Regno Unito<\/a><\/li>\n<\/ul>\n\n<blockquote class=\"wp-block-quote is-layout-flow wp-block-quote-is-layout-flow\">\n<p>Anche i cittadini dell&#8217;UE devono richiedere un visto per studenti dopo l&#8217;uscita del Regno Unito dall&#8217;UE.<\/p>\n<\/blockquote>\n\n<h2 class=\"wp-block-heading\">Condizioni per ottenere un visto per studenti nel Regno Unito<\/h2>\n\n<p>Affinch\u00e9 la tua domanda venga accettata, devi :<\/p>\n\n<p>\u2705 Ricevere una <strong>Conferma di Accettazione agli Studi (CAS)<\/strong>, rilasciata dalla tua universit\u00e0 o istituto<br\/>\u2705 Dimostrare di avere un <strong>livello di inglese sufficiente<\/strong> (generalmente il livello B2 per l&#8217;istruzione superiore)<br\/>\u2705 Dimostrare di avere <strong>risorse finanziarie<\/strong> sufficienti per coprire i costi delle lezioni, dell&#8217;alloggio e delle spese di vita nel luogo di destinazione<br\/>\u2705 Pagare il <strong>Supplemento Sanitario per l&#8217;Immigrazione<\/strong> per usufruire del Servizio Sanitario Nazionale durante gli studi.<\/p>\n\n<div style=\"height:10px\" aria-hidden=\"true\" class=\"wp-block-spacer\"><\/div>\n\n<h2 class=\"wp-block-heading\">Periodo di validit\u00e0 del visto per studenti<\/h2>\n\n<p>La durata del visto dipende dalla durata del programma scolastico:<\/p>\n\n<ul class=\"wp-block-list\">\n<li><strong>Per corsi da 6 a 11 mesi<\/strong>: visto di durata equivalente<\/li>\n\n\n\n<li><strong>Laurea, Master o Dottorato<\/strong>: durata del programma + 1 o 2 mesi aggiuntivi.<\/li>\n\n\n\n<li>Possibilit\u00e0 di estendere o rinnovare il visto in caso di proseguimento degli studi o di cambio di sede.<\/li>\n<\/ul>\n\n<p>I laureati possono quindi richiedere un <strong>visto per laureati<\/strong>, per rimanere fino a 2 anni dopo aver completato gli studi (3 anni per un dottorato).<\/p>\n\n<h2 class=\"wp-block-heading\">Quanto costa un visto per studenti nel Regno Unito?<\/h2>\n\n<figure class=\"wp-block-table\"><table><tbody><tr><td>Visto per studenti (standard)<\/td><td>490 \u00a3<\/td><\/tr><tr><td>Supplemento sanitario per l&#8217;immigrazione (IHS)<\/td><td>776 all&#8217;anno (o 388\u20ac per 6 mesi)<\/td><\/tr><\/tbody><\/table><\/figure>\n\n<p>La <a href=\"https:\/\/uk-gb.net\/it\/prezzo-del-visto-per-inghilterra\/\">tassa per il visto<\/a> viene pagata online al momento della richiesta. Questa tassa <strong>non \u00e8 rimborsabile<\/strong>, nemmeno in caso di rifiuto. <\/p>\n\n<h2 class=\"wp-block-heading\">Come richiedere un visto per studenti<\/h2>\n\n<ol class=\"wp-block-list\">\n<li><strong>Ricevi un CAS<\/strong> dall&#8217;istituto scelto<\/li>\n\n\n\n<li><strong>Crea un account sul sito gov.uk<\/strong> e compila il modulo di iscrizione<\/li>\n\n\n\n<li><strong>Pagare le tasse per il visto + IHS<\/strong><\/li>\n\n\n\n<li><strong>Prendi un appuntamento presso un centro per la richiesta di visto<\/strong> per i dati biometrici<\/li>\n\n\n\n<li><strong>Invio di<\/strong> documenti di supporto<\/li>\n\n\n\n<li>In attesa della decisione<\/li>\n<\/ol>\n\n<blockquote class=\"wp-block-quote is-layout-flow wp-block-quote-is-layout-flow\">\n<p>Una volta approvato, il tuo visto ti permetter\u00e0 di <strong>lavorare fino a 20 ore a settimana<\/strong> durante i periodi di corso e a tempo pieno durante le vacanze.<\/p>\n<\/blockquote>\n\n<h2 class=\"wp-block-heading\">Posso studiare nel Regno Unito con un ETA e senza visto?<\/h2>\n\n<p>S\u00ec, <strong>in alcuni casi<\/strong> \u00e8 possibile effettuare una visita scolastica nel Regno Unito per alcuni mesi con un <a href=\"https:\/\/uk-gb.net\/it\/eta-inghilterra-regno-unito\/\">ETA per il Regno Unito<\/a>, ma questo dipende dalla natura esatta della visita. Ecco i dettagli: <\/p>\n\n<ul class=\"wp-block-list\">\n<li>Il soggiorno \u00e8 <strong>inferiore a 6 mesi<\/strong><\/li>\n\n\n\n<li>Si tratta di uno <strong>scambio scolastico<\/strong> o di un programma <strong>non retribuito<\/strong>.<\/li>\n\n\n\n<li>La struttura ospitante \u00e8 <strong>accreditata<\/strong> nel Regno Unito<\/li>\n\n\n\n<li>Lo studente \u00e8 cittadino di un <a href=\"https:\/\/uk-gb.net\/it\/paesi-che-possono-richiedere-eta-regno-unito\/\">paese eleggibile per l&#8217;ETA<\/a> (UE, Canada, Giappone, ecc.).<\/li>\n\n\n\n<li>Il programma non prevede <strong>lavoro, stage retribuiti o istruzione formale a lungo termine.<\/strong><\/li>\n<\/ul>\n\n<blockquote class=\"wp-block-quote is-layout-flow wp-block-quote-is-layout-flow\">\n<p>Esempio: uno studente europeo si reca in una scuola britannica per un trimestre nell&#8217;ambito di un programma di scambio \u2192 \u00e8 sufficiente un ETA.<\/p>\n<\/blockquote>\n","protected":false},"excerpt":{"rendered":"<p>Visto per studiare nel Regno Unito Il visto per studenti del Regno Unito, ufficialmente noto come visto per studenti, \u00e8 obbligatorio per tutti gli studenti internazionali che desiderano studiare nel Regno Unito per pi\u00f9 di 6 mesi. Studiare in Inghilterra, Scozia, Galles o Irlanda del Nord ti d\u00e0 l&#8217;opportunit\u00e0 di studiare in universit\u00e0 di fama [&hellip;]<\/p>\n","protected":false},"author":1,"featured_media":0,"parent":0,"menu_order":0,"comment_status":"closed","ping_status":"closed","template":"","meta":{"footnotes":""},"class_list":["post-846","page","type-page","status-publish","hentry"],"yoast_head":"<!-- This site is optimized with the Yoast SEO plugin v27.3 - https:\/\/yoast.com\/product\/yoast-seo-wordpress\/ -->\n<title>Visto per studenti per il Regno Unito - UK GB<\/title>\n<meta name=\"description\" content=\"Ecco le informazioni principali sui visti per studenti per studiare e soggiornare nel Regno Unito nell&#039;ambito del tuo corso di studi.\" \/>\n<meta name=\"robots\" content=\"index, follow, max-snippet:-1, max-image-preview:large, max-video-preview:-1\" \/>\n<link rel=\"canonical\" href=\"https:\/\/uk-gb.net\/it\/visto-studentesco-per-inghilterra\/\" \/>\n<meta property=\"og:locale\" content=\"it_IT\" \/>\n<meta property=\"og:type\" content=\"article\" \/>\n<meta property=\"og:title\" content=\"Visto per studenti per il Regno Unito - UK GB\" \/>\n<meta property=\"og:description\" content=\"Ecco le informazioni principali sui visti per studenti per studiare e soggiornare nel Regno Unito nell&#039;ambito del tuo corso di studi.\" \/>\n<meta property=\"og:url\" content=\"https:\/\/uk-gb.net\/it\/visto-studentesco-per-inghilterra\/\" \/>\n<meta property=\"og:site_name\" content=\"UK GB\" \/>\n<meta property=\"article:modified_time\" content=\"2025-06-05T09:33:59+00:00\" \/>\n<meta name=\"twitter:card\" content=\"summary_large_image\" \/>\n<meta name=\"twitter:label1\" content=\"Tempo di lettura stimato\" \/>\n\t<meta name=\"twitter:data1\" content=\"3 minuti\" \/>\n<script type=\"application\/ld+json\" class=\"yoast-schema-graph\">{\"@context\":\"https:\\\/\\\/schema.org\",\"@graph\":[{\"@type\":\"WebPage\",\"@id\":\"https:\\\/\\\/uk-gb.net\\\/it\\\/visto-studentesco-per-inghilterra\\\/\",\"url\":\"https:\\\/\\\/uk-gb.net\\\/it\\\/visto-studentesco-per-inghilterra\\\/\",\"name\":\"Visto per studenti per il Regno Unito - UK GB\",\"isPartOf\":{\"@id\":\"https:\\\/\\\/uk-gb.net\\\/it\\\/#website\"},\"datePublished\":\"2023-12-07T15:07:43+00:00\",\"dateModified\":\"2025-06-05T09:33:59+00:00\",\"description\":\"Ecco le informazioni principali sui visti per studenti per studiare e soggiornare nel Regno Unito nell'ambito del tuo corso di studi.\",\"inLanguage\":\"it-IT\",\"potentialAction\":[{\"@type\":\"ReadAction\",\"target\":[\"https:\\\/\\\/uk-gb.net\\\/it\\\/visto-studentesco-per-inghilterra\\\/\"]}]},{\"@type\":\"WebSite\",\"@id\":\"https:\\\/\\\/uk-gb.net\\\/it\\\/#website\",\"url\":\"https:\\\/\\\/uk-gb.net\\\/it\\\/\",\"name\":\"UK GB\",\"description\":\"Travel to the UK\",\"potentialAction\":[{\"@type\":\"SearchAction\",\"target\":{\"@type\":\"EntryPoint\",\"urlTemplate\":\"https:\\\/\\\/uk-gb.net\\\/it\\\/?s={search_term_string}\"},\"query-input\":{\"@type\":\"PropertyValueSpecification\",\"valueRequired\":true,\"valueName\":\"search_term_string\"}}],\"inLanguage\":\"it-IT\"}]}<\/script>\n<!-- \/ Yoast SEO plugin. -->","yoast_head_json":{"title":"Visto per studenti per il Regno Unito - UK GB","description":"Ecco le informazioni principali sui visti per studenti per studiare e soggiornare nel Regno Unito nell'ambito del tuo corso di studi.","robots":{"index":"index","follow":"follow","max-snippet":"max-snippet:-1","max-image-preview":"max-image-preview:large","max-video-preview":"max-video-preview:-1"},"canonical":"https:\/\/uk-gb.net\/it\/visto-studentesco-per-inghilterra\/","og_locale":"it_IT","og_type":"article","og_title":"Visto per studenti per il Regno Unito - UK GB","og_description":"Ecco le informazioni principali sui visti per studenti per studiare e soggiornare nel Regno Unito nell'ambito del tuo corso di studi.","og_url":"https:\/\/uk-gb.net\/it\/visto-studentesco-per-inghilterra\/","og_site_name":"UK GB","article_modified_time":"2025-06-05T09:33:59+00:00","twitter_card":"summary_large_image","twitter_misc":{"Tempo di lettura stimato":"3 minuti"},"schema":{"@context":"https:\/\/schema.org","@graph":[{"@type":"WebPage","@id":"https:\/\/uk-gb.net\/it\/visto-studentesco-per-inghilterra\/","url":"https:\/\/uk-gb.net\/it\/visto-studentesco-per-inghilterra\/","name":"Visto per studenti per il Regno Unito - UK GB","isPartOf":{"@id":"https:\/\/uk-gb.net\/it\/#website"},"datePublished":"2023-12-07T15:07:43+00:00","dateModified":"2025-06-05T09:33:59+00:00","description":"Ecco le informazioni principali sui visti per studenti per studiare e soggiornare nel Regno Unito nell'ambito del tuo corso di studi.","inLanguage":"it-IT","potentialAction":[{"@type":"ReadAction","target":["https:\/\/uk-gb.net\/it\/visto-studentesco-per-inghilterra\/"]}]},{"@type":"WebSite","@id":"https:\/\/uk-gb.net\/it\/#website","url":"https:\/\/uk-gb.net\/it\/","name":"UK GB","description":"Travel to the UK","potentialAction":[{"@type":"SearchAction","target":{"@type":"EntryPoint","urlTemplate":"https:\/\/uk-gb.net\/it\/?s={search_term_string}"},"query-input":{"@type":"PropertyValueSpecification","valueRequired":true,"valueName":"search_term_string"}}],"inLanguage":"it-IT"}]}},"_links":{"self":[{"href":"https:\/\/uk-gb.net\/it\/wp-json\/wp\/v2\/pages\/846","targetHints":{"allow":["GET"]}}],"collection":[{"href":"https:\/\/uk-gb.net\/it\/wp-json\/wp\/v2\/pages"}],"about":[{"href":"https:\/\/uk-gb.net\/it\/wp-json\/wp\/v2\/types\/page"}],"author":[{"embeddable":true,"href":"https:\/\/uk-gb.net\/it\/wp-json\/wp\/v2\/users\/1"}],"replies":[{"embeddable":true,"href":"https:\/\/uk-gb.net\/it\/wp-json\/wp\/v2\/comments?post=846"}],"version-history":[{"count":0,"href":"https:\/\/uk-gb.net\/it\/wp-json\/wp\/v2\/pages\/846\/revisions"}],"wp:attachment":[{"href":"https:\/\/uk-gb.net\/it\/wp-json\/wp\/v2\/media?parent=846"}],"curies":[{"name":"wp","href":"https:\/\/api.w.org\/{rel}","templated":true}]}}