{"id":831,"date":"2023-12-07T14:57:24","date_gmt":"2023-12-07T14:57:24","guid":{"rendered":"https:\/\/uk-gb.net\/visto-affari-per-inghilterra-regno-unito\/"},"modified":"2025-06-11T13:08:29","modified_gmt":"2025-06-11T12:08:29","slug":"visto-affari-per-inghilterra-regno-unito","status":"publish","type":"page","link":"https:\/\/uk-gb.net\/it\/visto-affari-per-inghilterra-regno-unito\/","title":{"rendered":"Visto d&#8217;affari britannico per soggiornare nel Regno Unito"},"content":{"rendered":"\n<h1 class=\"wp-block-heading\">Visto per affari per il Regno Unito<\/h1>\n\n<p>Il <strong>visto per affari per il Regno Unito<\/strong> (Standard Visitor Visa &#8211; Business category) consente ai professionisti stranieri di soggiornare temporaneamente nel Regno Unito per motivi di lavoro, accademici o di cooperazione. Non consente al titolare di lavorare per un&#8217;azienda britannica, ma autorizza alcuni incarichi ben definiti. <\/p>\n\n<p><strong>Per un soggiorno inferiore a 6 mesi<\/strong>: non \u00e8 necessario ottenere un visto per affari; \u00e8 sufficiente richiedere un&#8217;Autorizzazione Elettronica di Viaggio (ETA) compilando il <a href=\"https:\/\/uk-gb.net\/it\/visto-eta-online-inghilterra\/\">modulo ETA online<\/a>.<\/p>\n\n<div style=\"height:10px\" aria-hidden=\"true\" class=\"wp-block-spacer\"><\/div>\n\n<h2 class=\"wp-block-heading\">Qual \u00e8 lo scopo del visto per affari nel Regno Unito?<\/h2>\n\n<p>Il visto per affari \u00e8 pensato per i visitatori che desiderano recarsi nel Regno Unito <strong>a titolo professionale<\/strong>, senza svolgere un&#8217;attivit\u00e0 lavorativa retribuita in loco. \u00c8 destinato a direttori di societ\u00e0, rappresentanti, ricercatori, docenti, investitori o membri di una societ\u00e0 straniera con legami con enti britannici. <\/p>\n\n<p>In particolare, ti permette di :<\/p>\n\n<ul class=\"wp-block-list\">\n<li>Partecipa a <strong>riunioni<\/strong>, <strong>conferenze<\/strong> o <strong>fiere<\/strong><\/li>\n\n\n\n<li>Firma di <strong>contratti commerciali<\/strong><\/li>\n\n\n\n<li>Esecuzione di <strong>audit<\/strong>, <strong>ispezioni<\/strong> e <strong>trattative<\/strong><\/li>\n\n\n\n<li>Tieni una <strong>conferenza<\/strong> o partecipa a un seminario<\/li>\n\n\n\n<li>Partecipa a un <strong>corso breve<\/strong> (non retribuito da un datore di lavoro del Regno Unito)<\/li>\n\n\n\n<li>Svolgere determinati <strong>incarichi scientifici o accademici<\/strong> per universit\u00e0 o istituti riconosciuti<\/li>\n<\/ul>\n\n<div style=\"height:10px\" aria-hidden=\"true\" class=\"wp-block-spacer\"><\/div>\n\n<h2 class=\"wp-block-heading\">Chi pu\u00f2 richiedere un visto per affari nel Regno Unito?<\/h2>\n\n<p>Il visto per affari \u00e8 aperto a tutti i cittadini stranieri che non hanno diritto a un&#8217;<a href=\"https:\/\/uk-gb.net\/it\/eta-inghilterra-regno-unito\/\">autorizzazione elettronica di viaggio ETA<\/a> o che desiderano ottenere un quadro giuridico per specifiche attivit\u00e0 commerciali.<\/p>\n\n<p>I cittadini dell&#8217;Unione Europea, degli Stati Uniti, del Canada e di altri paesi esenti da visto possono, in alcuni casi, entrare senza visto per attivit\u00e0 commerciali limitate, ma <strong>\u00e8 consigliabile<\/strong> un <strong>visto<\/strong> per missioni ripetute, lunghe o delicate.<\/p>\n\n<h2 class=\"wp-block-heading\">Come faccio a candidarmi?<\/h2>\n\n<p>Le fasi principali della <a href=\"https:\/\/uk-gb.net\/it\/procedura-visto-il-regno-unito\/\">procedura di rilascio del visto per il Regno Unito<\/a> sono le seguenti:<\/p>\n\n<ol class=\"wp-block-list\">\n<li>Visita il sito ufficiale <a href=\"https:\/\/www.gov.uk\/uk-expansion-worker-visa\">gov.uk<\/a><\/li>\n\n\n\n<li>Compila il <strong>modulo online<\/strong><\/li>\n\n\n\n<li><a href=\"https:\/\/uk-gb.net\/it\/prezzo-del-visto-per-inghilterra\/\">Paga le spese per il visto<\/a> online<\/li>\n\n\n\n<li>Fissa <strong>un appuntamento presso un centro per la richiesta del visto<\/strong> per la registrazione biometrica<\/li>\n\n\n\n<li>Fornisci i tuoi <strong>documenti di supporto<\/strong><\/li>\n\n\n\n<li>Segui la tua domanda fino alla decisione finale<\/li>\n<\/ol>\n\n<div style=\"height:10px\" aria-hidden=\"true\" class=\"wp-block-spacer\"><\/div>\n\n<h2 class=\"wp-block-heading\">Costo di un visto per affari per il Regno Unito<\/h2>\n\n<figure class=\"wp-block-table\"><table><tbody><tr><td><strong>Visto standard per visitatori<\/strong><\/td><td class=\"has-text-align-center\" data-align=\"center\"><strong>Spese per il visto<\/strong><\/td><\/tr><tr><td>Visto per un soggiorno massimo di 6 mesi<\/td><td class=\"has-text-align-center\" data-align=\"center\">115 \u00a3<\/td><\/tr><tr><td>Visto di 2 anni<\/td><td class=\"has-text-align-center\" data-align=\"center\">400 \u00a3<\/td><\/tr><tr><td>Visto di 5 anni<\/td><td class=\"has-text-align-center\" data-align=\"center\">771 \u00a3<\/td><\/tr><tr><td>Visto di 10 anni<\/td><td class=\"has-text-align-center\" data-align=\"center\">963 \u00a3<\/td><\/tr><\/tbody><\/table><figcaption class=\"wp-element-caption\">Tabella dei costi dei visti per affari<\/figcaption><\/figure>\n\n<p>Per maggiori informazioni, consulta la nostra pagina con l&#8217;elenco completo delle <a href=\"https:\/\/uk-gb.net\/it\/prezzo-del-visto-per-inghilterra\/\">tariffe dei visti per il Regno Unito<\/a>.<\/p>\n\n<h2 class=\"wp-block-heading\">Posso lavorare nel Regno Unito con un visto per affari?<\/h2>\n\n<p>No. Il visto per affari <strong>non autorizza un impiego retribuito<\/strong> presso un&#8217;azienda britannica. Non ti permette nemmeno di cercare un impiego o di stabilirti in modo permanente nel Regno Unito. <\/p>\n\n<p>Per qualsiasi attivit\u00e0 professionale regolare, retribuita o prolungata \u00e8 necessario ottenere un <strong>visto di lavoro<\/strong> specifico (ad esempio il visto Skilled Worker).<\/p>\n\n<h2 class=\"wp-block-heading\">Che cos&#8217;\u00e8 il sistema di visti a punti PBS?<\/h2>\n\n<p>Il <a href=\"https:\/\/uk-gb.net\/it\/sistema-di-punti-visto-per-inghilterra-pbs\/\">sistema a punti<\/a> del Regno Unito (PBS) \u00e8 rivolto principalmente a <strong>lavoratori qualificati<\/strong>, <strong>studenti internazionali<\/strong> e <strong>profili innovativi<\/strong> in grado di soddisfare le esigenze economiche del Regno Unito. Non permette alle persone di venire per lavori non qualificati o per soggiorni prolungati senza un&#8217;offerta di lavoro convalidata. <\/p>\n\n<p>Prima di presentare la domanda, \u00e8 fondamentale :<\/p>\n\n<ul class=\"wp-block-list\">\n<li>Prevedere i tempi e i costi necessari per la richiesta di un visto<\/li>\n\n\n\n<li>Verifica di aver raggiunto il minimo di 70 punti.<\/li>\n\n\n\n<li>Se la tua situazione \u00e8 complessa, consulta un consulente per l&#8217;immigrazione.<\/li>\n<\/ul>\n\n<div style=\"height:10px\" aria-hidden=\"true\" class=\"wp-block-spacer\"><\/div>\n\n<p><\/p>\n","protected":false},"excerpt":{"rendered":"<p>Visto per affari per il Regno Unito Il visto per affari per il Regno Unito (Standard Visitor Visa &#8211; Business category) consente ai professionisti stranieri di soggiornare temporaneamente nel Regno Unito per motivi di lavoro, accademici o di cooperazione. Non consente al titolare di lavorare per un&#8217;azienda britannica, ma autorizza alcuni incarichi ben definiti. Per [&hellip;]<\/p>\n","protected":false},"author":1,"featured_media":0,"parent":0,"menu_order":0,"comment_status":"closed","ping_status":"closed","template":"","meta":{"footnotes":""},"class_list":["post-831","page","type-page","status-publish","hentry"],"yoast_head":"<!-- This site is optimized with the Yoast SEO plugin v27.3 - https:\/\/yoast.com\/product\/yoast-seo-wordpress\/ -->\n<title>Visto d&#039;affari britannico per soggiornare nel Regno Unito - UK GB<\/title>\n<meta name=\"description\" content=\"Quali sono le condizioni per ottenere un visto d&#039;affari per recarsi nel Regno Unito per motivi di lavoro?\" \/>\n<meta name=\"robots\" content=\"index, follow, max-snippet:-1, max-image-preview:large, max-video-preview:-1\" \/>\n<link rel=\"canonical\" href=\"https:\/\/uk-gb.net\/it\/visto-affari-per-inghilterra-regno-unito\/\" \/>\n<meta property=\"og:locale\" content=\"it_IT\" \/>\n<meta property=\"og:type\" content=\"article\" \/>\n<meta property=\"og:title\" content=\"Visto d&#039;affari britannico per soggiornare nel Regno Unito - UK GB\" \/>\n<meta property=\"og:description\" content=\"Quali sono le condizioni per ottenere un visto d&#039;affari per recarsi nel Regno Unito per motivi di lavoro?\" \/>\n<meta property=\"og:url\" content=\"https:\/\/uk-gb.net\/it\/visto-affari-per-inghilterra-regno-unito\/\" \/>\n<meta property=\"og:site_name\" content=\"UK GB\" \/>\n<meta property=\"article:modified_time\" content=\"2025-06-11T12:08:29+00:00\" \/>\n<meta name=\"twitter:card\" content=\"summary_large_image\" \/>\n<meta name=\"twitter:label1\" content=\"Tempo di lettura stimato\" \/>\n\t<meta name=\"twitter:data1\" content=\"3 minuti\" \/>\n<script type=\"application\/ld+json\" class=\"yoast-schema-graph\">{\"@context\":\"https:\\\/\\\/schema.org\",\"@graph\":[{\"@type\":\"WebPage\",\"@id\":\"https:\\\/\\\/uk-gb.net\\\/it\\\/visto-affari-per-inghilterra-regno-unito\\\/\",\"url\":\"https:\\\/\\\/uk-gb.net\\\/it\\\/visto-affari-per-inghilterra-regno-unito\\\/\",\"name\":\"Visto d'affari britannico per soggiornare nel Regno Unito - UK GB\",\"isPartOf\":{\"@id\":\"https:\\\/\\\/uk-gb.net\\\/it\\\/#website\"},\"datePublished\":\"2023-12-07T14:57:24+00:00\",\"dateModified\":\"2025-06-11T12:08:29+00:00\",\"description\":\"Quali sono le condizioni per ottenere un visto d'affari per recarsi nel Regno Unito per motivi di lavoro?\",\"inLanguage\":\"it-IT\",\"potentialAction\":[{\"@type\":\"ReadAction\",\"target\":[\"https:\\\/\\\/uk-gb.net\\\/it\\\/visto-affari-per-inghilterra-regno-unito\\\/\"]}]},{\"@type\":\"WebSite\",\"@id\":\"https:\\\/\\\/uk-gb.net\\\/it\\\/#website\",\"url\":\"https:\\\/\\\/uk-gb.net\\\/it\\\/\",\"name\":\"UK GB\",\"description\":\"Travel to the UK\",\"potentialAction\":[{\"@type\":\"SearchAction\",\"target\":{\"@type\":\"EntryPoint\",\"urlTemplate\":\"https:\\\/\\\/uk-gb.net\\\/it\\\/?s={search_term_string}\"},\"query-input\":{\"@type\":\"PropertyValueSpecification\",\"valueRequired\":true,\"valueName\":\"search_term_string\"}}],\"inLanguage\":\"it-IT\"}]}<\/script>\n<!-- \/ Yoast SEO plugin. -->","yoast_head_json":{"title":"Visto d'affari britannico per soggiornare nel Regno Unito - UK GB","description":"Quali sono le condizioni per ottenere un visto d'affari per recarsi nel Regno Unito per motivi di lavoro?","robots":{"index":"index","follow":"follow","max-snippet":"max-snippet:-1","max-image-preview":"max-image-preview:large","max-video-preview":"max-video-preview:-1"},"canonical":"https:\/\/uk-gb.net\/it\/visto-affari-per-inghilterra-regno-unito\/","og_locale":"it_IT","og_type":"article","og_title":"Visto d'affari britannico per soggiornare nel Regno Unito - UK GB","og_description":"Quali sono le condizioni per ottenere un visto d'affari per recarsi nel Regno Unito per motivi di lavoro?","og_url":"https:\/\/uk-gb.net\/it\/visto-affari-per-inghilterra-regno-unito\/","og_site_name":"UK GB","article_modified_time":"2025-06-11T12:08:29+00:00","twitter_card":"summary_large_image","twitter_misc":{"Tempo di lettura stimato":"3 minuti"},"schema":{"@context":"https:\/\/schema.org","@graph":[{"@type":"WebPage","@id":"https:\/\/uk-gb.net\/it\/visto-affari-per-inghilterra-regno-unito\/","url":"https:\/\/uk-gb.net\/it\/visto-affari-per-inghilterra-regno-unito\/","name":"Visto d'affari britannico per soggiornare nel Regno Unito - UK GB","isPartOf":{"@id":"https:\/\/uk-gb.net\/it\/#website"},"datePublished":"2023-12-07T14:57:24+00:00","dateModified":"2025-06-11T12:08:29+00:00","description":"Quali sono le condizioni per ottenere un visto d'affari per recarsi nel Regno Unito per motivi di lavoro?","inLanguage":"it-IT","potentialAction":[{"@type":"ReadAction","target":["https:\/\/uk-gb.net\/it\/visto-affari-per-inghilterra-regno-unito\/"]}]},{"@type":"WebSite","@id":"https:\/\/uk-gb.net\/it\/#website","url":"https:\/\/uk-gb.net\/it\/","name":"UK GB","description":"Travel to the UK","potentialAction":[{"@type":"SearchAction","target":{"@type":"EntryPoint","urlTemplate":"https:\/\/uk-gb.net\/it\/?s={search_term_string}"},"query-input":{"@type":"PropertyValueSpecification","valueRequired":true,"valueName":"search_term_string"}}],"inLanguage":"it-IT"}]}},"_links":{"self":[{"href":"https:\/\/uk-gb.net\/it\/wp-json\/wp\/v2\/pages\/831","targetHints":{"allow":["GET"]}}],"collection":[{"href":"https:\/\/uk-gb.net\/it\/wp-json\/wp\/v2\/pages"}],"about":[{"href":"https:\/\/uk-gb.net\/it\/wp-json\/wp\/v2\/types\/page"}],"author":[{"embeddable":true,"href":"https:\/\/uk-gb.net\/it\/wp-json\/wp\/v2\/users\/1"}],"replies":[{"embeddable":true,"href":"https:\/\/uk-gb.net\/it\/wp-json\/wp\/v2\/comments?post=831"}],"version-history":[{"count":0,"href":"https:\/\/uk-gb.net\/it\/wp-json\/wp\/v2\/pages\/831\/revisions"}],"wp:attachment":[{"href":"https:\/\/uk-gb.net\/it\/wp-json\/wp\/v2\/media?parent=831"}],"curies":[{"name":"wp","href":"https:\/\/api.w.org\/{rel}","templated":true}]}}