{"id":817,"date":"2023-12-07T16:48:46","date_gmt":"2023-12-07T16:48:46","guid":{"rendered":"https:\/\/uk-gb.net\/appuntamento-per-il-visto-ambasciata-in-inghilterra\/"},"modified":"2025-11-28T11:00:28","modified_gmt":"2025-11-28T11:00:28","slug":"appuntamento-per-il-visto-ambasciata-in-inghilterra","status":"publish","type":"page","link":"https:\/\/uk-gb.net\/it\/appuntamento-per-il-visto-ambasciata-in-inghilterra\/","title":{"rendered":"Colloquio presso l&#8217;ambasciata del Regno Unito per la richiesta del visto"},"content":{"rendered":"\n<h1 class=\"wp-block-heading\">Visita l&#8217;ambasciata britannica per richiedere il visto<\/h1>\n\n<p>I cittadini stranieri che desiderano recarsi nel Regno Unito e che non hanno diritto all \u201cETA devono ottenere un visto. Di solito si tratta di <strong>un colloquio consolare<\/strong>. Questo si svolge presso un <strong>centro autorizzato per la richiesta del visto<\/strong> o direttamente presso un\u201d<a href=\"https:\/\/uk-gb.net\/it\/ambasciata-britannica-in-italia\/\">ambasciata britannica<\/a>, a seconda del paese di residenza.   Puoi consultare l&#8217;<a href=\"https:\/\/www.gov.uk\/find-a-visa-application-centre\">elenco dei centri per la richiesta del visto suddivisi per paese<\/a> per fissare un appuntamento presso il centro pi\u00f9 vicino a te.<\/p>\n\n<p><strong>Per un soggiorno di breve durata<\/strong>: non \u00e8 necessario ottenere un visto; \u00e8 sufficiente compilare il <a href=\"https:\/\/uk-gb.net\/it\/visto-eta-online-inghilterra\/\">modulo ETA online<\/a>.<\/p>\n\n<div style=\"height:10px\" aria-hidden=\"true\" class=\"wp-block-spacer\"><\/div>\n\n<h2 class=\"wp-block-heading\">Perch\u00e9 \u00e8 necessaria la manutenzione?<\/h2>\n\n<p>Il colloquio consolare \u00e8 una fase cruciale del processo di richiesta del visto. Permette alle autorit\u00e0 britanniche di : <\/p>\n\n<ul class=\"wp-block-list\">\n<li>Verifica l&#8217;identit\u00e0 del richiedente<\/li>\n\n\n\n<li>Valutare la sincerit\u00e0 dei tuoi piani di viaggio<\/li>\n\n\n\n<li>Assicurati che il richiedente rispetti le condizioni di ingresso e che lascer\u00e0 il Regno Unito alla scadenza del visto.<\/li>\n<\/ul>\n\n<p>Questo colloquio aiuta a <strong>prevenire le frodi<\/strong> e a garantire che solo le persone che soddisfano i criteri di idoneit\u00e0 ottengano il visto.<\/p>\n\n<h2 class=\"wp-block-heading\">Documenti da portare con s\u00e9 il giorno del colloquio<\/h2>\n\n<p>Il giorno dell&#8217;appuntamento dovrai portare con te i seguenti documenti:<\/p>\n\n<ul class=\"wp-block-list\">\n<li><strong>Conferma stampata dell&#8217;appuntamento<\/strong> ricevuta via e-mail<\/li>\n\n\n\n<li><strong>Ricevuta di pagamento<\/strong> delle <a href=\"https:\/\/uk-gb.net\/it\/prezzo-del-visto-per-inghilterra\/\">spese di richiesta del visto<\/a><\/li>\n\n\n\n<li>Un <strong>passaporto valido<\/strong> (o il permesso di soggiorno originale, se applicabile)<\/li>\n\n\n\n<li>Tutti i <strong>documenti di supporto richiesti<\/strong>, con copie per il file<\/li>\n\n\n\n<li>La <strong>copertina<\/strong> stampata <strong>del modulo di richiesta del visto<\/strong> <\/li>\n<\/ul>\n\n<div style=\"height:10px\" aria-hidden=\"true\" class=\"wp-block-spacer\"><\/div>\n\n<p>Assicurati che tutti i documenti siano <strong>originali<\/strong>, chiari e aggiornati. I documenti mancanti possono ritardare o addirittura annullare la procedura. <\/p>\n\n<h2 class=\"wp-block-heading\">Come funziona un appuntamento all&#8217;ambasciata?<\/h2>\n\n<p>\u00c8 consigliabile arrivare al centro <strong>almeno 15 minuti prima dell \u201corario dell\u201d appuntamento<\/strong>, in modo da superare i controlli di sicurezza. Una volta entrati nel centro, in genere si seguono i seguenti passi: <\/p>\n\n<ol class=\"wp-block-list\">\n<li><strong>Verifica dell&#8217;identit\u00e0 e dei documenti<\/strong><\/li>\n\n\n\n<li><strong>Impronte digitali e fotografia biometrica<\/strong><\/li>\n\n\n\n<li><strong>Colloquio con un funzionario consolare<\/strong><\/li>\n<\/ol>\n\n<div style=\"height:10px\" aria-hidden=\"true\" class=\"wp-block-spacer\"><\/div>\n\n<p>Il colloquio viene solitamente condotto in <strong>inglese<\/strong>. In alcuni casi, l&#8217;agente pu\u00f2 esprimersi nella lingua locale se la conosce bene. Le domande poste hanno lo scopo di chiarire:  <\/p>\n\n<ul class=\"wp-block-list\">\n<li>Il <strong>motivo del tuo soggiorno<\/strong> nel Regno Unito<\/li>\n\n\n\n<li>Il <strong>programma di viaggio<\/strong>: date, luoghi, alloggi<\/li>\n\n\n\n<li><strong>Capacit\u00e0 finanziaria<\/strong> per coprire i costi del soggiorno e del viaggio di ritorno.<\/li>\n<\/ul>\n\n<div style=\"height:10px\" aria-hidden=\"true\" class=\"wp-block-spacer\"><\/div>\n\n<h2 class=\"wp-block-heading\">Quanto dura il colloquio?<\/h2>\n\n<p>Il colloquio medio per un visto per il Regno Unito dura circa <strong>30 minuti<\/strong>, ma pu\u00f2 variare a seconda della complessit\u00e0 del caso. Se il funzionario consolare ritiene necessario approfondire alcuni punti, il colloquio pu\u00f2 durare <strong>anche un&#8217;ora o pi\u00f9<\/strong>. <\/p>\n\n<h2 class=\"wp-block-heading\">E dopo l&#8217;appuntamento?<\/h2>\n\n<p>Una volta terminato il colloquio, il centro tratterr\u00e0 il tuo passaporto mentre la domanda viene elaborata. Riceverai <g id=\"gid_0\">una notifica via e-mail o SMS<\/g> non appena la decisione sar\u00e0 stata presa. Il passaporto ti verr\u00e0 poi restituito per posta o ritirato presso il centro, a seconda dell \u201copzione che hai scelto al momento della prenotazione dell\u201d appuntamento.  <\/p>\n\n<p><strong>Nota bene<\/strong>: per le emergenze o le scadenze ravvicinate, alcuni centri offrono <strong>servizi accelerati<\/strong> a un costo aggiuntivo.<\/p>\n","protected":false},"excerpt":{"rendered":"<p>Visita l&#8217;ambasciata britannica per richiedere il visto I cittadini stranieri che desiderano recarsi nel Regno Unito e che non hanno diritto all \u201cETA devono ottenere un visto. Di solito si tratta di un colloquio consolare. Questo si svolge presso un centro autorizzato per la richiesta del visto o direttamente presso un\u201dambasciata britannica, a seconda del [&hellip;]<\/p>\n","protected":false},"author":1,"featured_media":0,"parent":0,"menu_order":0,"comment_status":"closed","ping_status":"closed","template":"","meta":{"footnotes":""},"class_list":["post-817","page","type-page","status-publish","hentry"],"yoast_head":"<!-- This site is optimized with the Yoast SEO plugin v27.3 - https:\/\/yoast.com\/product\/yoast-seo-wordpress\/ -->\n<title>Colloquio presso l&#039;ambasciata del Regno Unito per la richiesta del visto - UK GB<\/title>\n<meta name=\"description\" content=\"Come fissare un appuntamento con l&#039;Ambasciata britannica per finalizzare la domanda di visto per il Regno Unito\" \/>\n<meta name=\"robots\" content=\"index, follow, max-snippet:-1, max-image-preview:large, max-video-preview:-1\" \/>\n<link rel=\"canonical\" href=\"https:\/\/uk-gb.net\/it\/appuntamento-per-il-visto-ambasciata-in-inghilterra\/\" \/>\n<meta property=\"og:locale\" content=\"it_IT\" \/>\n<meta property=\"og:type\" content=\"article\" \/>\n<meta property=\"og:title\" content=\"Colloquio presso l&#039;ambasciata del Regno Unito per la richiesta del visto - UK GB\" \/>\n<meta property=\"og:description\" content=\"Come fissare un appuntamento con l&#039;Ambasciata britannica per finalizzare la domanda di visto per il Regno Unito\" \/>\n<meta property=\"og:url\" content=\"https:\/\/uk-gb.net\/it\/appuntamento-per-il-visto-ambasciata-in-inghilterra\/\" \/>\n<meta property=\"og:site_name\" content=\"UK GB\" \/>\n<meta property=\"article:modified_time\" content=\"2025-11-28T11:00:28+00:00\" \/>\n<meta name=\"twitter:card\" content=\"summary_large_image\" \/>\n<meta name=\"twitter:label1\" content=\"Tempo di lettura stimato\" \/>\n\t<meta name=\"twitter:data1\" content=\"2 minuti\" \/>\n<script type=\"application\/ld+json\" class=\"yoast-schema-graph\">{\"@context\":\"https:\\\/\\\/schema.org\",\"@graph\":[{\"@type\":\"WebPage\",\"@id\":\"https:\\\/\\\/uk-gb.net\\\/it\\\/appuntamento-per-il-visto-ambasciata-in-inghilterra\\\/\",\"url\":\"https:\\\/\\\/uk-gb.net\\\/it\\\/appuntamento-per-il-visto-ambasciata-in-inghilterra\\\/\",\"name\":\"Colloquio presso l'ambasciata del Regno Unito per la richiesta del visto - UK GB\",\"isPartOf\":{\"@id\":\"https:\\\/\\\/uk-gb.net\\\/it\\\/#website\"},\"datePublished\":\"2023-12-07T16:48:46+00:00\",\"dateModified\":\"2025-11-28T11:00:28+00:00\",\"description\":\"Come fissare un appuntamento con l'Ambasciata britannica per finalizzare la domanda di visto per il Regno Unito\",\"inLanguage\":\"it-IT\",\"potentialAction\":[{\"@type\":\"ReadAction\",\"target\":[\"https:\\\/\\\/uk-gb.net\\\/it\\\/appuntamento-per-il-visto-ambasciata-in-inghilterra\\\/\"]}]},{\"@type\":\"WebSite\",\"@id\":\"https:\\\/\\\/uk-gb.net\\\/it\\\/#website\",\"url\":\"https:\\\/\\\/uk-gb.net\\\/it\\\/\",\"name\":\"UK GB\",\"description\":\"Travel to the UK\",\"potentialAction\":[{\"@type\":\"SearchAction\",\"target\":{\"@type\":\"EntryPoint\",\"urlTemplate\":\"https:\\\/\\\/uk-gb.net\\\/it\\\/?s={search_term_string}\"},\"query-input\":{\"@type\":\"PropertyValueSpecification\",\"valueRequired\":true,\"valueName\":\"search_term_string\"}}],\"inLanguage\":\"it-IT\"}]}<\/script>\n<!-- \/ Yoast SEO plugin. -->","yoast_head_json":{"title":"Colloquio presso l'ambasciata del Regno Unito per la richiesta del visto - UK GB","description":"Come fissare un appuntamento con l'Ambasciata britannica per finalizzare la domanda di visto per il Regno Unito","robots":{"index":"index","follow":"follow","max-snippet":"max-snippet:-1","max-image-preview":"max-image-preview:large","max-video-preview":"max-video-preview:-1"},"canonical":"https:\/\/uk-gb.net\/it\/appuntamento-per-il-visto-ambasciata-in-inghilterra\/","og_locale":"it_IT","og_type":"article","og_title":"Colloquio presso l'ambasciata del Regno Unito per la richiesta del visto - UK GB","og_description":"Come fissare un appuntamento con l'Ambasciata britannica per finalizzare la domanda di visto per il Regno Unito","og_url":"https:\/\/uk-gb.net\/it\/appuntamento-per-il-visto-ambasciata-in-inghilterra\/","og_site_name":"UK GB","article_modified_time":"2025-11-28T11:00:28+00:00","twitter_card":"summary_large_image","twitter_misc":{"Tempo di lettura stimato":"2 minuti"},"schema":{"@context":"https:\/\/schema.org","@graph":[{"@type":"WebPage","@id":"https:\/\/uk-gb.net\/it\/appuntamento-per-il-visto-ambasciata-in-inghilterra\/","url":"https:\/\/uk-gb.net\/it\/appuntamento-per-il-visto-ambasciata-in-inghilterra\/","name":"Colloquio presso l'ambasciata del Regno Unito per la richiesta del visto - UK GB","isPartOf":{"@id":"https:\/\/uk-gb.net\/it\/#website"},"datePublished":"2023-12-07T16:48:46+00:00","dateModified":"2025-11-28T11:00:28+00:00","description":"Come fissare un appuntamento con l'Ambasciata britannica per finalizzare la domanda di visto per il Regno Unito","inLanguage":"it-IT","potentialAction":[{"@type":"ReadAction","target":["https:\/\/uk-gb.net\/it\/appuntamento-per-il-visto-ambasciata-in-inghilterra\/"]}]},{"@type":"WebSite","@id":"https:\/\/uk-gb.net\/it\/#website","url":"https:\/\/uk-gb.net\/it\/","name":"UK GB","description":"Travel to the UK","potentialAction":[{"@type":"SearchAction","target":{"@type":"EntryPoint","urlTemplate":"https:\/\/uk-gb.net\/it\/?s={search_term_string}"},"query-input":{"@type":"PropertyValueSpecification","valueRequired":true,"valueName":"search_term_string"}}],"inLanguage":"it-IT"}]}},"_links":{"self":[{"href":"https:\/\/uk-gb.net\/it\/wp-json\/wp\/v2\/pages\/817","targetHints":{"allow":["GET"]}}],"collection":[{"href":"https:\/\/uk-gb.net\/it\/wp-json\/wp\/v2\/pages"}],"about":[{"href":"https:\/\/uk-gb.net\/it\/wp-json\/wp\/v2\/types\/page"}],"author":[{"embeddable":true,"href":"https:\/\/uk-gb.net\/it\/wp-json\/wp\/v2\/users\/1"}],"replies":[{"embeddable":true,"href":"https:\/\/uk-gb.net\/it\/wp-json\/wp\/v2\/comments?post=817"}],"version-history":[{"count":0,"href":"https:\/\/uk-gb.net\/it\/wp-json\/wp\/v2\/pages\/817\/revisions"}],"wp:attachment":[{"href":"https:\/\/uk-gb.net\/it\/wp-json\/wp\/v2\/media?parent=817"}],"curies":[{"name":"wp","href":"https:\/\/api.w.org\/{rel}","templated":true}]}}