{"id":541,"date":"2023-11-21T14:15:17","date_gmt":"2023-11-21T14:15:17","guid":{"rendered":"https:\/\/uk-gb.net\/eta-inghilterra-regno-unito\/"},"modified":"2026-04-02T11:40:48","modified_gmt":"2026-04-02T10:40:48","slug":"eta-inghilterra-regno-unito","status":"publish","type":"page","link":"https:\/\/uk-gb.net\/it\/eta-inghilterra-regno-unito\/","title":{"rendered":"ETA Inghilterra per i viaggi nel Regno Unito"},"content":{"rendered":"\n<h1 class=\"wp-block-heading\">ETA Autorizzazione elettronica di viaggio britannica<\/h1>\n\n<p>L&#8217;Electronic Travel Authorisation (ETA) \u00e8 un sistema introdotto dal Regno Unito per consentire ad alcuni cittadini stranieri di soggiornare nel Paese senza dover richiedere un visto tradizionale. Destinato a soggiorni di breve durata, l&#8217;ETA \u00e8 rivolto ai viaggiatori provenienti da paesi che beneficiano dell&#8217;esenzione dal visto. <\/p>\n\n<p><strong>Per ottenere questa autorizzazione al viaggio in pochi minuti<\/strong>, compila il <a href=\"https:\/\/uk-gb.net\/it\/visto-eta-online-inghilterra\/\">modulo ETA online<\/a>.<\/p>\n\n<div style=\"height:10px\" aria-hidden=\"true\" class=\"wp-block-spacer\"><\/div>\n\n<h2 class=\"wp-block-heading\">Cosa significa ETA per il Regno Unito?<\/h2>\n\n<p>L&#8217;ETA \u00e8 un&#8217; autorizzazione digitale obbligatoria per i cittadini di alcuni Paesi che desiderano visitare il Regno Unito per turismo, affari o per una sosta. Valida per soggiorni di breve durata, questa autorizzazione sostituisce in parte le tradizionali procedure di visto. La richiesta viene effettuata online tramite un portale sicuro e fornisce una risposta rapida, semplificando le formalit\u00e0 di ingresso nel Regno Unito.  <\/p>\n\n<h2 class=\"wp-block-heading\">Chi pu\u00f2 ottenere un ETA per il Regno Unito?<\/h2>\n\n<p>L&#8217;ETA \u00e8 rivolto ai cittadini di paesi che sono esenti da visto per entrare nel Regno Unito. L&#8217;<a href=\"https:\/\/uk-gb.net\/it\/paesi-che-possono-richiedere-eta-regno-unito\/\">elenco dei Paesi idonei<\/a> viene aggiornato regolarmente dalle autorit\u00e0 britanniche. \u00c8 quindi fondamentale verificare se la tua nazionalit\u00e0 ti permette di richiedere un ETA prima di pianificare il tuo soggiorno.  <\/p>\n\n<p>Ogni passeggero deve fare domanda individualmente, compresi i minori e i neonati. Nessun passeggero pu\u00f2 entrare senza previa autorizzazione. <\/p>\n\n<h2 class=\"wp-block-heading\">Come faccio a richiedere un ETA per il Regno Unito?<\/h2>\n\n<p>La richiesta di ETA si effettua online tramite il <a href=\"https:\/\/www.gov.uk\/guidance\/apply-for-an-electronic-travel-authorisation-eta\">sito ufficiale del governo britannico<\/a>. Il modulo deve essere compilato con cura e deve contenere le seguenti informazioni: <\/p>\n\n<ul class=\"wp-block-list\">\n<li>Dati personali (nome, data di nascita, ecc.)<\/li>\n\n\n\n<li>Dettagli del passaporto utilizzato per il viaggio<\/li>\n\n\n\n<li>Informazioni sul tuo soggiorno (scopo, durata, ecc.)<\/li>\n<\/ul>\n\n<p>Una volta inviato il <a href=\"https:\/\/uk-gb.net\/it\/visto-eta-online-inghilterra\/\">modulo online<\/a>, per convalidare la domanda \u00e8 necessario pagare la tassa.<\/p>\n\n<h2 class=\"wp-block-heading\">Scarica l&#8217;applicazione ETA per iPhone?<\/h2>\n\n<p>Per semplificare la procedura, il governo britannico ha lanciato un&#8217;<a href=\"https:\/\/uk-gb.net\/it\/app-iphone-visto-eta-inghilterra\/\">app mobile dedicata all&#8217;ETA<\/a>, disponibile sull&#8217;<strong>App Store (iOS)<\/strong> nei paesi idonei al Visa Waiver Programme.  <\/p>\n\n<p>L &#8220;applicazione ti permette di completare, inviare e monitorare la tua domanda direttamente dal tuo telefono, in tutta sicurezza. Basta cercare \u2018UK ETA\u2019 nell&#8221; App Store e installarla gratuitamente per iniziare la procedura dal tuo iPhone. <\/p>\n\n<h2 class=\"wp-block-heading\">Quando devo fare domanda online?<\/h2>\n\n<p>\u00c8 fondamentale richiedere un ETA <strong>prima di partire<\/strong> per il Regno Unito. Anche se la maggior parte delle richieste viene elaborata nel giro di poche ore, le autorit\u00e0 consigliano di presentare la domanda <strong>almeno 3 giorni prima del viaggio<\/strong>. Questo per tenere conto di eventuali ritardi nell&#8217;elaborazione.  <\/p>\n\n<p>In teoria \u00e8 possibile viaggiare mentre la domanda \u00e8 in corso, a condizione che sia stata validamente presentata prima dell&#8217;imbarco. Tuttavia, c&#8217;\u00e8 il rischio che l&#8217;autorizzazione venga ritardata o rifiutata. <\/p>\n\n<h2 class=\"wp-block-heading\">Quanto costa l&#8217;ETA del Regno Unito?<\/h2>\n\n<p>Il costo di un ETA per il Regno Unito \u00e8 fisso, indipendentemente dall&#8217;et\u00e0 del viaggiatore. La tassa copre i costi amministrativi e deve essere pagata direttamente sul sito ufficiale al momento della richiesta. <\/p>\n\n<p>Il prezzo da pagare cambia regolarmente, quindi controlla l&#8217;ultimo <a href=\"https:\/\/uk-gb.net\/it\/prezzo-eta-regno-unito\/\">prezzo ETA UK<\/a>.<\/p>\n\n<p>Questa tariffa \u00e8 notevolmente inferiore a quella di un <a href=\"https:\/\/uk-gb.net\/it\/prezzo-del-visto-per-inghilterra\/\">visto per il Regno Unito<\/a>, rendendo l&#8217;ETA pi\u00f9 accessibile per soggiorni turistici o di lavoro di breve durata.<\/p>\n\n<h2 class=\"wp-block-heading\">Quanto tempo ci vuole per ottenere un ETA?<\/h2>\n\n<p>Le richieste di ETA vengono generalmente elaborate in tempi brevi. Nella maggior parte dei casi, la risposta viene inviata entro poche ore dall \u201cinvio del <a href=\"https:\/\/uk-gb.net\/it\/visto-eta-online-inghilterra\/\">modulo ETA online<\/a>. Tuttavia, alcune domande potrebbero richiedere un ulteriore esame. \u00c8 quindi consigliabile inviare la domanda <strong>almeno 72 ore prima della partenza<\/strong>, per limitare il rischio di ritardi o rifiuti dell\u201d ultimo minuto.   <\/p>\n\n<h2 class=\"wp-block-heading\">Cosa devo fare se il mio ETA viene rifiutato?<\/h2>\n\n<p>Se la tua richiesta di ETA viene rifiutata, \u00e8 possibile che ci\u00f2 sia dovuto a un errore nelle informazioni fornite. In questo caso, puoi presentare una <strong>nuova domanda corretta<\/strong>. <\/p>\n\n<p>Tuttavia, se <strong>non sei idoneo al<\/strong> programma ETA, dovrai richiedere un <a href=\"https:\/\/uk-gb.net\/it\/visto-turistico-inghilterra-regno-unito\/\">visto per il Regno Unito<\/a>. Questa procedura richiede pi\u00f9 tempo e prevede un <a href=\"https:\/\/uk-gb.net\/it\/appuntamento-per-il-visto-ambasciata-in-inghilterra\/\">colloquio consolare obbligatorio<\/a> presso l&#8217;ambasciata britannica o il centro per la richiesta del visto pi\u00f9 vicino. <\/p>\n","protected":false},"excerpt":{"rendered":"<p>ETA Autorizzazione elettronica di viaggio britannica L&#8217;Electronic Travel Authorisation (ETA) \u00e8 un sistema introdotto dal Regno Unito per consentire ad alcuni cittadini stranieri di soggiornare nel Paese senza dover richiedere un visto tradizionale. Destinato a soggiorni di breve durata, l&#8217;ETA \u00e8 rivolto ai viaggiatori provenienti da paesi che beneficiano dell&#8217;esenzione dal visto. Per ottenere questa [&hellip;]<\/p>\n","protected":false},"author":1,"featured_media":0,"parent":0,"menu_order":0,"comment_status":"closed","ping_status":"closed","template":"","meta":{"footnotes":""},"class_list":["post-541","page","type-page","status-publish","hentry"],"yoast_head":"<!-- This site is optimized with the Yoast SEO plugin v27.3 - https:\/\/yoast.com\/product\/yoast-seo-wordpress\/ -->\n<title>ETA Inghilterra per i viaggi nel Regno Unito<\/title>\n<meta name=\"description\" content=\"Richiedete l&#039;ETA online per ottenere rapidamente l&#039;autorizzazione al viaggio nel Regno Unito.\" \/>\n<meta name=\"robots\" content=\"index, follow, max-snippet:-1, max-image-preview:large, max-video-preview:-1\" \/>\n<link rel=\"canonical\" href=\"https:\/\/uk-gb.net\/it\/eta-inghilterra-regno-unito\/\" \/>\n<meta property=\"og:locale\" content=\"it_IT\" \/>\n<meta property=\"og:type\" content=\"article\" \/>\n<meta property=\"og:title\" content=\"ETA Inghilterra per i viaggi nel Regno Unito\" \/>\n<meta property=\"og:description\" content=\"Richiedete l&#039;ETA online per ottenere rapidamente l&#039;autorizzazione al viaggio nel Regno Unito.\" \/>\n<meta property=\"og:url\" content=\"https:\/\/uk-gb.net\/it\/eta-inghilterra-regno-unito\/\" \/>\n<meta property=\"og:site_name\" content=\"UK GB\" \/>\n<meta property=\"article:modified_time\" content=\"2026-04-02T10:40:48+00:00\" \/>\n<meta name=\"twitter:card\" content=\"summary_large_image\" \/>\n<meta name=\"twitter:label1\" content=\"Tempo di lettura stimato\" \/>\n\t<meta name=\"twitter:data1\" content=\"3 minuti\" \/>\n<script type=\"application\/ld+json\" class=\"yoast-schema-graph\">{\"@context\":\"https:\\\/\\\/schema.org\",\"@graph\":[{\"@type\":\"WebPage\",\"@id\":\"https:\\\/\\\/uk-gb.net\\\/it\\\/eta-inghilterra-regno-unito\\\/\",\"url\":\"https:\\\/\\\/uk-gb.net\\\/it\\\/eta-inghilterra-regno-unito\\\/\",\"name\":\"ETA Inghilterra per i viaggi nel Regno Unito\",\"isPartOf\":{\"@id\":\"https:\\\/\\\/uk-gb.net\\\/it\\\/#website\"},\"datePublished\":\"2023-11-21T14:15:17+00:00\",\"dateModified\":\"2026-04-02T10:40:48+00:00\",\"description\":\"Richiedete l'ETA online per ottenere rapidamente l'autorizzazione al viaggio nel Regno Unito.\",\"inLanguage\":\"it-IT\",\"potentialAction\":[{\"@type\":\"ReadAction\",\"target\":[\"https:\\\/\\\/uk-gb.net\\\/it\\\/eta-inghilterra-regno-unito\\\/\"]}]},{\"@type\":\"WebSite\",\"@id\":\"https:\\\/\\\/uk-gb.net\\\/it\\\/#website\",\"url\":\"https:\\\/\\\/uk-gb.net\\\/it\\\/\",\"name\":\"UK GB\",\"description\":\"Travel to the UK\",\"potentialAction\":[{\"@type\":\"SearchAction\",\"target\":{\"@type\":\"EntryPoint\",\"urlTemplate\":\"https:\\\/\\\/uk-gb.net\\\/it\\\/?s={search_term_string}\"},\"query-input\":{\"@type\":\"PropertyValueSpecification\",\"valueRequired\":true,\"valueName\":\"search_term_string\"}}],\"inLanguage\":\"it-IT\"}]}<\/script>\n<!-- \/ Yoast SEO plugin. -->","yoast_head_json":{"title":"ETA Inghilterra per i viaggi nel Regno Unito","description":"Richiedete l'ETA online per ottenere rapidamente l'autorizzazione al viaggio nel Regno Unito.","robots":{"index":"index","follow":"follow","max-snippet":"max-snippet:-1","max-image-preview":"max-image-preview:large","max-video-preview":"max-video-preview:-1"},"canonical":"https:\/\/uk-gb.net\/it\/eta-inghilterra-regno-unito\/","og_locale":"it_IT","og_type":"article","og_title":"ETA Inghilterra per i viaggi nel Regno Unito","og_description":"Richiedete l'ETA online per ottenere rapidamente l'autorizzazione al viaggio nel Regno Unito.","og_url":"https:\/\/uk-gb.net\/it\/eta-inghilterra-regno-unito\/","og_site_name":"UK GB","article_modified_time":"2026-04-02T10:40:48+00:00","twitter_card":"summary_large_image","twitter_misc":{"Tempo di lettura stimato":"3 minuti"},"schema":{"@context":"https:\/\/schema.org","@graph":[{"@type":"WebPage","@id":"https:\/\/uk-gb.net\/it\/eta-inghilterra-regno-unito\/","url":"https:\/\/uk-gb.net\/it\/eta-inghilterra-regno-unito\/","name":"ETA Inghilterra per i viaggi nel Regno Unito","isPartOf":{"@id":"https:\/\/uk-gb.net\/it\/#website"},"datePublished":"2023-11-21T14:15:17+00:00","dateModified":"2026-04-02T10:40:48+00:00","description":"Richiedete l'ETA online per ottenere rapidamente l'autorizzazione al viaggio nel Regno Unito.","inLanguage":"it-IT","potentialAction":[{"@type":"ReadAction","target":["https:\/\/uk-gb.net\/it\/eta-inghilterra-regno-unito\/"]}]},{"@type":"WebSite","@id":"https:\/\/uk-gb.net\/it\/#website","url":"https:\/\/uk-gb.net\/it\/","name":"UK GB","description":"Travel to the UK","potentialAction":[{"@type":"SearchAction","target":{"@type":"EntryPoint","urlTemplate":"https:\/\/uk-gb.net\/it\/?s={search_term_string}"},"query-input":{"@type":"PropertyValueSpecification","valueRequired":true,"valueName":"search_term_string"}}],"inLanguage":"it-IT"}]}},"_links":{"self":[{"href":"https:\/\/uk-gb.net\/it\/wp-json\/wp\/v2\/pages\/541","targetHints":{"allow":["GET"]}}],"collection":[{"href":"https:\/\/uk-gb.net\/it\/wp-json\/wp\/v2\/pages"}],"about":[{"href":"https:\/\/uk-gb.net\/it\/wp-json\/wp\/v2\/types\/page"}],"author":[{"embeddable":true,"href":"https:\/\/uk-gb.net\/it\/wp-json\/wp\/v2\/users\/1"}],"replies":[{"embeddable":true,"href":"https:\/\/uk-gb.net\/it\/wp-json\/wp\/v2\/comments?post=541"}],"version-history":[{"count":0,"href":"https:\/\/uk-gb.net\/it\/wp-json\/wp\/v2\/pages\/541\/revisions"}],"wp:attachment":[{"href":"https:\/\/uk-gb.net\/it\/wp-json\/wp\/v2\/media?parent=541"}],"curies":[{"name":"wp","href":"https:\/\/api.w.org\/{rel}","templated":true}]}}