{"id":5362,"date":"2025-03-11T07:41:33","date_gmt":"2025-03-11T07:41:33","guid":{"rendered":"https:\/\/uk-gb.net\/belfast\/"},"modified":"2025-06-06T07:53:10","modified_gmt":"2025-06-06T06:53:10","slug":"belfast","status":"publish","type":"page","link":"https:\/\/uk-gb.net\/it\/belfast\/","title":{"rendered":"Citt\u00e0 di Belfast in Irlanda del Nord"},"content":{"rendered":"\n<h1 class=\"wp-block-heading\">Visita Belfast, la capitale dell&#8217;Irlanda del Nord<\/h1>\n\n<p>Belfast, la vivace capitale dell&#8217;Irlanda del Nord, \u00e8 una citt\u00e0 in piena trasformazione, che fonde patrimonio industriale, cultura contemporanea e paesaggi marini. A lungo segnata dai conflitti del passato, oggi si \u00e8 affermata come una destinazione turistica dinamica, ricca di storia, arte e ospitalit\u00e0. <\/p>\n\n<figure class=\"wp-block-image size-large\"><img fetchpriority=\"high\" decoding=\"async\" width=\"1044\" height=\"410\" src=\"https:\/\/uk-gb.net\/wp-content\/uploads\/2025\/03\/Belfast-e1748001959444.jpg\" alt=\"\" class=\"wp-image-5393\" srcset=\"https:\/\/uk-gb.net\/wp-content\/uploads\/2025\/03\/Belfast-e1748001959444.jpg 1044w, https:\/\/uk-gb.net\/wp-content\/uploads\/2025\/03\/Belfast-e1748001959444-300x118.jpg 300w, https:\/\/uk-gb.net\/wp-content\/uploads\/2025\/03\/Belfast-e1748001959444-1024x402.jpg 1024w, https:\/\/uk-gb.net\/wp-content\/uploads\/2025\/03\/Belfast-e1748001959444-768x302.jpg 768w\" sizes=\"(max-width: 1044px) 100vw, 1044px\" \/><figcaption class=\"wp-element-caption\">Foto del porto di Belfast<\/figcaption><\/figure>\n\n<h2 class=\"wp-block-heading\">Perch\u00e9 visitare Belfast?<\/h2>\n\n<p>Belfast \u00e8 una miscela unica di storia, energia creativa e calore umano. Con i suoi ex cantieri navali trasformati in luoghi di cultura, i suoi murales pieni di ricordi e la sua atmosfera amichevole, la citt\u00e0 offre un viaggio accattivante nel cuore dell&#8217;Irlanda del Nord. Accessibile e a misura d&#8217;uomo, \u00e8 anche il punto di partenza ideale per esplorare il Giant&#8217;s Causeway o la Antrim Coast.  <\/p>\n\n<h2 class=\"wp-block-heading\">I must-have<\/h2>\n\n<ul class=\"wp-block-list\">\n<li><a href=\"https:\/\/www.titanicbelfast.com\/\">Titanic Belfast<\/a>: centro interattivo che racconta la storia del famoso transatlantico costruito a Belfast.<\/li>\n\n\n\n<li><a href=\"https:\/\/www.belfastcity.gov.uk\/Things-to-Do\/City-Hall\">City Hall<\/a>: un imponente municipio nel cuore di Belfast, con una spettacolare architettura vittoriana.<\/li>\n\n\n\n<li><a href=\"https:\/\/www.crumlinroadgaol.com\/\">Crumlin Road Gaol<\/a>: ex prigione trasformata in museo, testimone degli sconvolgimenti politici del XX secolo.<\/li>\n\n\n\n<li><a href=\"https:\/\/www.ireland.com\/en-us\/things-to-do\/attractions\/st-georges-market\/\">Mercato di San Giorgio <\/a>  Storico mercato coperto, ideale per assaggiare le specialit\u00e0 locali e scoprire l&#8217;artigianato.<\/li>\n\n\n\n<li><a href=\"https:\/\/www.ulstermuseum.org\/\">Giardini botanici e Ulster Museum<\/a>: la combinazione perfetta per passeggiare nella natura ed esplorare la storia dell&#8217;Irlanda del Nord.<\/li>\n\n\n\n<li><a href=\"https:\/\/www.irlanda.net\/fr\/destinations\/nord\/belfast\/que-faire-belfast\/peintures-murales-belfast\/\">Muri della pace e murales<\/a>: murales emblematici che rappresentano la storia politica della citt\u00e0.<\/li>\n<\/ul>\n\n<div style=\"height:20px\" aria-hidden=\"true\" class=\"wp-block-spacer\"><\/div>\n\n<h2 class=\"wp-block-heading\">Quartieri da esplorare<\/h2>\n\n<ul class=\"wp-block-list\">\n<li><strong>Quartiere della Cattedrale<\/strong>: un quartiere culturale e alla moda, rinomato per l&#8217;arte di strada, i pub e i festival.<\/li>\n\n\n\n<li><strong>Quartiere del Titanic<\/strong>: un&#8217;area riqualificata attorno alla storia della marina, con musei e passeggiate lungo il fiume.<\/li>\n\n\n\n<li><strong>Queen \u201cs Quarter<\/strong>: vivace quartiere studentesco intorno alla Queen\u201d s University, con caff\u00e8 e spazi verdi.<\/li>\n\n\n\n<li><strong>Lisburn Road<\/strong>: ideale per lo shopping, il brunch e un&#8217;atmosfera residenziale chic.<\/li>\n<\/ul>\n\n<div style=\"height:20px\" aria-hidden=\"true\" class=\"wp-block-spacer\"><\/div>\n\n<h2 class=\"wp-block-heading\">Consigli pratici<\/h2>\n\n<figure class=\"wp-block-table\"><table><tbody><tr><td><strong>Trasporto<\/strong><\/td><td>Belfast \u00e8 ben servita dagli autobus e ha molte stazioni di taxi.<\/td><\/tr><tr><td><strong>Alloggio<\/strong><\/td><td>Numerosi hotel e B&amp;B dal centro ai quartieri pi\u00f9 tranquilli.<\/td><\/tr><tr><td><strong>Valuta<\/strong><\/td><td>Si accettano sterline (\u00a3) e banconote nordirlandesi.<\/td><\/tr><tr><td><strong>Lingua<\/strong><\/td><td>Inglese, con l&#8217;irlandese su alcuni cartelli.<\/td><\/tr><tr><td><strong>Il tempo<\/strong><\/td><td>Clima oceanico fresco; indossa giacche a vento tutto l&#8217;anno.<\/td><\/tr><tr><td><strong>Formalit\u00e0<\/strong><\/td><td>Le <a href=\"https:\/\/uk-gb.net\/it\/visto-regno-unito\/\">formalit\u00e0 di ingresso nel Regno Unito<\/a> sono cambiate, quindi controlla in anticipo.<\/td><\/tr><\/tbody><\/table><\/figure>\n\n<h2 class=\"wp-block-heading\">Dove mangiare?<\/h2>\n\n<ul class=\"wp-block-list\">\n<li><a href=\"https:\/\/oxbelfast.com\/\">Ox<\/a>: ristorante stellato Michelin che offre cucina moderna e locale.<\/li>\n\n\n\n<li><a href=\"https:\/\/www.mourneseafood.com\/restaurants\/belfast\/\">Mourne Seafood Bar<\/a>: rinomato per i suoi frutti di mare freschi e i suoi piatti abbondanti.<\/li>\n\n\n\n<li><a href=\"https:\/\/www.nicholsonspubs.co.uk\/restaurants\/scotlandandnorthernireland\/thecrownliquorsaloonbelfast\">The Crown Liquor Saloon<\/a>: un pub classificato con un inconfondibile fascino vittoriano.<\/li>\n\n\n\n<li><a href=\"https:\/\/established.coffee\/\">Established Coffee<\/a>: un indirizzo popolare per i suoi caff\u00e8 artigianali e i brunch gourmet.<\/li>\n<\/ul>\n\n<div style=\"height:10px\" aria-hidden=\"true\" class=\"wp-block-spacer\"><\/div>\n\n<h2 class=\"wp-block-heading\">Quando partire?<\/h2>\n\n<p>Belfast pu\u00f2 essere visitata tutto l \u201canno, ma i mesi da aprile a settembre offrono il clima migliore per esplorare la citt\u00e0 a piedi o in bicicletta. L\u201d estate \u00e8 il momento dei festival e degli eventi all \u201caperto, mentre l\u201d autunno regala splendide tonalit\u00e0 ai giardini pubblici. In inverno, la citt\u00e0 \u00e8 addobbata con luci e mercati festosi.  <\/p>\n\n<h2 class=\"wp-block-heading\">Quali sono le formalit\u00e0 per visitare Belfast?<\/h2>\n\n<p>I cittadini dell \u201cUnione Europea, degli Stati Uniti, del Canada e di molti altri paesi devono ora ottenere un <a href=\"https:\/\/uk-gb.net\/it\/eta-inghilterra-regno-unito\/\">ETA<\/a> se non hanno un visto per l\u201d Inghilterra.<\/p>\n\n<p>L&#8217;ETA pu\u00f2 essere richiesto online o tramite l&#8217;<a href=\"https:\/\/uk-gb.net\/it\/app-iphone-visto-eta-inghilterra\/\">applicazione ufficiale ETA del Regno Unito<\/a>. Valido per soggiorni turistici di breve durata, l&#8217;ETA pu\u00f2 essere richiesto solo online tramite il sito <a href=\"https:\/\/www.gov.uk\/\">gov.uk<\/a>. Non si applica ai cittadini irlandesi, ai residenti nel Regno Unito o ai titolari di visti gi\u00e0 esistenti.  <\/p>\n\n<h2 class=\"wp-block-heading\">Conclusione<\/h2>\n\n<p><a href=\"https:\/\/visitbelfast.com\/\">Belfast<\/a> combina patrimonio storico, dinamismo culturale e calda ospitalit\u00e0. Rispetto ad altre grandi citt\u00e0 britanniche come <a href=\"https:\/\/uk-gb.net\/it\/londra\/\">Londra<\/a>, con la sua vivacit\u00e0 cosmopolita, o Edimburgo, famosa per il suo festival internazionale, Belfast si distingue per la sua autenticit\u00e0 e il suo patrimonio marittimo unico. <\/p>\n\n<p>A differenza di <a href=\"https:\/\/uk-gb.net\/it\/manchester\/\">Manchester<\/a> e <a href=\"https:\/\/uk-gb.net\/it\/liverpool\/\">Liverpool<\/a>, famose per le loro scene musicali e calcistiche, il fascino di Belfast risiede nel suo paesaggio costiero e nella sua atmosfera intima. Visitando Belfast scoprirai una citt\u00e0 in piena rinascita, che offre un&#8217;esperienza indimenticabile che fonde tradizione e modernit\u00e0. <\/p>\n","protected":false},"excerpt":{"rendered":"<p>Visita Belfast, la capitale dell&#8217;Irlanda del Nord Belfast, la vivace capitale dell&#8217;Irlanda del Nord, \u00e8 una citt\u00e0 in piena trasformazione, che fonde patrimonio industriale, cultura contemporanea e paesaggi marini. A lungo segnata dai conflitti del passato, oggi si \u00e8 affermata come una destinazione turistica dinamica, ricca di storia, arte e ospitalit\u00e0. Perch\u00e9 visitare Belfast? Belfast [&hellip;]<\/p>\n","protected":false},"author":1,"featured_media":0,"parent":0,"menu_order":0,"comment_status":"closed","ping_status":"closed","template":"","meta":{"footnotes":""},"class_list":["post-5362","page","type-page","status-publish","hentry"],"yoast_head":"<!-- This site is optimized with the Yoast SEO plugin v27.3 - https:\/\/yoast.com\/product\/yoast-seo-wordpress\/ -->\n<title>Citt\u00e0 di Belfast in Irlanda del Nord - UK GB<\/title>\n<meta name=\"description\" content=\"Scopri Belfast, la capitale dell&#039;Irlanda del Nord, una citt\u00e0 che unisce patrimonio industriale, cultura contemporanea e paesaggi marini.\" \/>\n<meta name=\"robots\" content=\"index, follow, max-snippet:-1, max-image-preview:large, max-video-preview:-1\" \/>\n<link rel=\"canonical\" href=\"https:\/\/uk-gb.net\/it\/belfast\/\" \/>\n<meta property=\"og:locale\" content=\"it_IT\" \/>\n<meta property=\"og:type\" content=\"article\" \/>\n<meta property=\"og:title\" content=\"Citt\u00e0 di Belfast in Irlanda del Nord - UK GB\" \/>\n<meta property=\"og:description\" content=\"Scopri Belfast, la capitale dell&#039;Irlanda del Nord, una citt\u00e0 che unisce patrimonio industriale, cultura contemporanea e paesaggi marini.\" \/>\n<meta property=\"og:url\" content=\"https:\/\/uk-gb.net\/it\/belfast\/\" \/>\n<meta property=\"og:site_name\" content=\"UK GB\" \/>\n<meta property=\"article:modified_time\" content=\"2025-06-06T06:53:10+00:00\" \/>\n<meta property=\"og:image\" content=\"https:\/\/uk-gb.net\/wp-content\/uploads\/2025\/03\/Belfast-e1748001959444.jpg\" \/>\n\t<meta property=\"og:image:width\" content=\"1044\" \/>\n\t<meta property=\"og:image:height\" content=\"410\" \/>\n\t<meta property=\"og:image:type\" content=\"image\/jpeg\" \/>\n<meta name=\"twitter:card\" content=\"summary_large_image\" \/>\n<meta name=\"twitter:label1\" content=\"Tempo di lettura stimato\" \/>\n\t<meta name=\"twitter:data1\" content=\"3 minuti\" \/>\n<script type=\"application\/ld+json\" class=\"yoast-schema-graph\">{\"@context\":\"https:\\\/\\\/schema.org\",\"@graph\":[{\"@type\":\"WebPage\",\"@id\":\"https:\\\/\\\/uk-gb.net\\\/it\\\/belfast\\\/\",\"url\":\"https:\\\/\\\/uk-gb.net\\\/it\\\/belfast\\\/\",\"name\":\"Citt\u00e0 di Belfast in Irlanda del Nord - UK GB\",\"isPartOf\":{\"@id\":\"https:\\\/\\\/uk-gb.net\\\/it\\\/#website\"},\"primaryImageOfPage\":{\"@id\":\"https:\\\/\\\/uk-gb.net\\\/it\\\/belfast\\\/#primaryimage\"},\"image\":{\"@id\":\"https:\\\/\\\/uk-gb.net\\\/it\\\/belfast\\\/#primaryimage\"},\"thumbnailUrl\":\"https:\\\/\\\/uk-gb.net\\\/wp-content\\\/uploads\\\/2025\\\/03\\\/Belfast-e1748001959444.jpg\",\"datePublished\":\"2025-03-11T07:41:33+00:00\",\"dateModified\":\"2025-06-06T06:53:10+00:00\",\"description\":\"Scopri Belfast, la capitale dell'Irlanda del Nord, una citt\u00e0 che unisce patrimonio industriale, cultura contemporanea e paesaggi marini.\",\"inLanguage\":\"it-IT\",\"potentialAction\":[{\"@type\":\"ReadAction\",\"target\":[\"https:\\\/\\\/uk-gb.net\\\/it\\\/belfast\\\/\"]}]},{\"@type\":\"ImageObject\",\"inLanguage\":\"it-IT\",\"@id\":\"https:\\\/\\\/uk-gb.net\\\/it\\\/belfast\\\/#primaryimage\",\"url\":\"https:\\\/\\\/uk-gb.net\\\/wp-content\\\/uploads\\\/2025\\\/03\\\/Belfast-e1748001959444.jpg\",\"contentUrl\":\"https:\\\/\\\/uk-gb.net\\\/wp-content\\\/uploads\\\/2025\\\/03\\\/Belfast-e1748001959444.jpg\"},{\"@type\":\"WebSite\",\"@id\":\"https:\\\/\\\/uk-gb.net\\\/it\\\/#website\",\"url\":\"https:\\\/\\\/uk-gb.net\\\/it\\\/\",\"name\":\"UK GB\",\"description\":\"Travel to the UK\",\"potentialAction\":[{\"@type\":\"SearchAction\",\"target\":{\"@type\":\"EntryPoint\",\"urlTemplate\":\"https:\\\/\\\/uk-gb.net\\\/it\\\/?s={search_term_string}\"},\"query-input\":{\"@type\":\"PropertyValueSpecification\",\"valueRequired\":true,\"valueName\":\"search_term_string\"}}],\"inLanguage\":\"it-IT\"}]}<\/script>\n<!-- \/ Yoast SEO plugin. -->","yoast_head_json":{"title":"Citt\u00e0 di Belfast in Irlanda del Nord - UK GB","description":"Scopri Belfast, la capitale dell'Irlanda del Nord, una citt\u00e0 che unisce patrimonio industriale, cultura contemporanea e paesaggi marini.","robots":{"index":"index","follow":"follow","max-snippet":"max-snippet:-1","max-image-preview":"max-image-preview:large","max-video-preview":"max-video-preview:-1"},"canonical":"https:\/\/uk-gb.net\/it\/belfast\/","og_locale":"it_IT","og_type":"article","og_title":"Citt\u00e0 di Belfast in Irlanda del Nord - UK GB","og_description":"Scopri Belfast, la capitale dell'Irlanda del Nord, una citt\u00e0 che unisce patrimonio industriale, cultura contemporanea e paesaggi marini.","og_url":"https:\/\/uk-gb.net\/it\/belfast\/","og_site_name":"UK GB","article_modified_time":"2025-06-06T06:53:10+00:00","og_image":[{"width":1044,"height":410,"url":"https:\/\/uk-gb.net\/wp-content\/uploads\/2025\/03\/Belfast-e1748001959444.jpg","type":"image\/jpeg"}],"twitter_card":"summary_large_image","twitter_misc":{"Tempo di lettura stimato":"3 minuti"},"schema":{"@context":"https:\/\/schema.org","@graph":[{"@type":"WebPage","@id":"https:\/\/uk-gb.net\/it\/belfast\/","url":"https:\/\/uk-gb.net\/it\/belfast\/","name":"Citt\u00e0 di Belfast in Irlanda del Nord - UK GB","isPartOf":{"@id":"https:\/\/uk-gb.net\/it\/#website"},"primaryImageOfPage":{"@id":"https:\/\/uk-gb.net\/it\/belfast\/#primaryimage"},"image":{"@id":"https:\/\/uk-gb.net\/it\/belfast\/#primaryimage"},"thumbnailUrl":"https:\/\/uk-gb.net\/wp-content\/uploads\/2025\/03\/Belfast-e1748001959444.jpg","datePublished":"2025-03-11T07:41:33+00:00","dateModified":"2025-06-06T06:53:10+00:00","description":"Scopri Belfast, la capitale dell'Irlanda del Nord, una citt\u00e0 che unisce patrimonio industriale, cultura contemporanea e paesaggi marini.","inLanguage":"it-IT","potentialAction":[{"@type":"ReadAction","target":["https:\/\/uk-gb.net\/it\/belfast\/"]}]},{"@type":"ImageObject","inLanguage":"it-IT","@id":"https:\/\/uk-gb.net\/it\/belfast\/#primaryimage","url":"https:\/\/uk-gb.net\/wp-content\/uploads\/2025\/03\/Belfast-e1748001959444.jpg","contentUrl":"https:\/\/uk-gb.net\/wp-content\/uploads\/2025\/03\/Belfast-e1748001959444.jpg"},{"@type":"WebSite","@id":"https:\/\/uk-gb.net\/it\/#website","url":"https:\/\/uk-gb.net\/it\/","name":"UK GB","description":"Travel to the UK","potentialAction":[{"@type":"SearchAction","target":{"@type":"EntryPoint","urlTemplate":"https:\/\/uk-gb.net\/it\/?s={search_term_string}"},"query-input":{"@type":"PropertyValueSpecification","valueRequired":true,"valueName":"search_term_string"}}],"inLanguage":"it-IT"}]}},"_links":{"self":[{"href":"https:\/\/uk-gb.net\/it\/wp-json\/wp\/v2\/pages\/5362","targetHints":{"allow":["GET"]}}],"collection":[{"href":"https:\/\/uk-gb.net\/it\/wp-json\/wp\/v2\/pages"}],"about":[{"href":"https:\/\/uk-gb.net\/it\/wp-json\/wp\/v2\/types\/page"}],"author":[{"embeddable":true,"href":"https:\/\/uk-gb.net\/it\/wp-json\/wp\/v2\/users\/1"}],"replies":[{"embeddable":true,"href":"https:\/\/uk-gb.net\/it\/wp-json\/wp\/v2\/comments?post=5362"}],"version-history":[{"count":0,"href":"https:\/\/uk-gb.net\/it\/wp-json\/wp\/v2\/pages\/5362\/revisions"}],"wp:attachment":[{"href":"https:\/\/uk-gb.net\/it\/wp-json\/wp\/v2\/media?parent=5362"}],"curies":[{"name":"wp","href":"https:\/\/api.w.org\/{rel}","templated":true}]}}