{"id":4481,"date":"2025-01-14T10:24:28","date_gmt":"2025-01-14T10:24:28","guid":{"rendered":"https:\/\/uk-gb.net\/oxford\/"},"modified":"2025-08-28T13:59:51","modified_gmt":"2025-08-28T12:59:51","slug":"oxford","status":"publish","type":"page","link":"https:\/\/uk-gb.net\/it\/oxford\/","title":{"rendered":"Visita Oxford"},"content":{"rendered":"\n<h1 class=\"wp-block-heading\">Visita la citt\u00e0 universitaria di Oxford<\/h1>\n\n<p>Immersa nel cuore dell&#8217;Inghilterra, Oxford \u00e8 famosa in tutto il mondo per la sua prestigiosa universit\u00e0, la ricca architettura e l&#8217;atmosfera intellettuale. Una citt\u00e0 a misura d&#8217;uomo, che unisce storia, cultura e verde, offrendo una fuga tanto arricchente quanto esotica, a meno di due ore da Londra. <\/p>\n\n<h2 class=\"wp-block-heading\">Perch\u00e9 visitare Oxford?<\/h2>\n\n<p>Oxford attira visitatori da tutto il mondo grazie al suo patrimonio universitario di 800 anni. La citt\u00e0 offre un \u201cesperienza unica: passeggiare per le strade medievali, visitare college storici, esplorare musei eccezionali, il tutto in un\u201d atmosfera tranquilla ed elegante. Oxford offre qualcosa per tutti, dagli appassionati di cultura ai curiosi in cerca di storia o di paesaggi pittoreschi.  <\/p>\n\n<h2 class=\"wp-block-heading\">I luoghi imperdibili di Oxford<\/h2>\n\n<ul class=\"wp-block-list\">\n<li><a href=\"https:\/\/www.ox.ac.uk\/\">Universit\u00e0 di Oxford<\/a>: una delle pi\u00f9 antiche universit\u00e0 del mondo, composta da college dall&#8217;architettura spettacolare.<\/li>\n\n\n\n<li><a href=\"https:\/\/www.bodleian.ox.ac.uk\/home\">Bodleian Library<\/a>: una biblioteca storica dal fascino ineguagliabile, spesso utilizzata come set cinematografico.<\/li>\n\n\n\n<li><a href=\"https:\/\/www.bodleian.ox.ac.uk\/libraries\/radcliffe-camera\">Radcliffe Camera<\/a>: Simbolo iconico della citt\u00e0, questo edificio circolare \u00e8 un capolavoro architettonico.<\/li>\n\n\n\n<li><a href=\"https:\/\/www.ashmolean.org\/\">Ashmolean Museum<\/a>: il pi\u00f9 importante museo universitario del mondo, con collezioni che spaziano dall \u201cantico Egitto all\u201d arte moderna.<\/li>\n\n\n\n<li><a href=\"https:\/\/oxford-coveredmarket.co.uk\/\">Mercato coperto di Oxford<\/a>: un vivace mercato coperto, ideale per assaggiare le specialit\u00e0 locali.<\/li>\n\n\n\n<li><a href=\"https:\/\/www.chch.ox.ac.uk\/cathedral\">Christ Church Cathedral<\/a>: famosa per i suoi legami con <em>Harry Potter<\/em> e per i suoi magnifici giardini.<\/li>\n\n\n\n<li><a href=\"https:\/\/www.magd.ox.ac.uk\/about-magdalen-college\/\">Magdalen College &amp; Deer Park<\/a>: un luogo tranquillo dove si incontrano natura, storia e fauna locale.<\/li>\n<\/ul>\n\n<div style=\"height:10px\" aria-hidden=\"true\" class=\"wp-block-spacer\"><\/div>\n\n<h2 class=\"wp-block-heading\">Quartieri da esplorare<\/h2>\n\n<ul class=\"wp-block-list\">\n<li><strong>Centro citt\u00e0<\/strong>: Il cuore vivace di Oxford, con le sue librerie, i caff\u00e8 degli studenti e gli edifici storici.<\/li>\n\n\n\n<li><strong>Jericho<\/strong>: un quartiere boh\u00e9mien con piccoli teatri, pub accoglienti e ristoranti alla moda.<\/li>\n\n\n\n<li><strong>Cowley Road<\/strong>: rinomata per la sua diversit\u00e0 culturale e la sua vivace vita notturna.<\/li>\n\n\n\n<li><strong>North Oxford<\/strong>: un&#8217;area residenziale verdeggiante, molto frequentata da insegnanti e famiglie.<\/li>\n<\/ul>\n\n<div style=\"height:10px\" aria-hidden=\"true\" class=\"wp-block-spacer\"><\/div>\n\n<h2 class=\"wp-block-heading\">Consigli pratici per visitare Oxford<\/h2>\n\n<figure class=\"wp-block-table\"><table><tbody><tr><td><strong>Trasporto<\/strong><\/td><td>Facilmente raggiungibile in <a href=\"https:\/\/www.nationalrail.co.uk\/\">treno da Londra<\/a>; usa gli autobus e le biciclette per spostarti in citt\u00e0.<\/td><\/tr><tr><td><strong>Alloggio<\/strong><\/td><td>C&#8217;\u00e8 un&#8217;ampia scelta di opzioni, dai caratteristici B&amp;B agli hotel di lusso.<\/td><\/tr><tr><td><strong>Valuta<\/strong><\/td><td>Sterlina (\u00a3). I pagamenti contactless sono ampiamente accettati. <\/td><\/tr><tr><td><strong>Lingua<\/strong><\/td><td>Inglese.<\/td><\/tr><tr><td><strong>Il tempo<\/strong><\/td><td>Porta con te un ombrello, perch\u00e9 la pioggia \u00e8 frequente, in qualsiasi stagione.<\/td><\/tr><tr><td><strong>Formalit\u00e0<\/strong><\/td><td>Verifica se hai bisogno di un <a href=\"https:\/\/uk-gb.net\/it\/visto-per-oxford\/\">visto per Oxford<\/a> o di un <a href=\"https:\/\/uk-gb.net\/it\/eta-inghilterra-regno-unito\/\">ETA per il Regno Unito<\/a>.<\/td><\/tr><\/tbody><\/table><\/figure>\n\n<h2 class=\"wp-block-heading\">Dove mangiare a Oxford<\/h2>\n\n<ul class=\"wp-block-list\">\n<li><a href=\"https:\/\/www.handlebaroxford.co.uk\/\">The Handle Bar Caf\u00e9 &amp; Kitchen<\/a>: cucina locale, prodotti biologici, atmosfera accogliente.<\/li>\n\n\n\n<li><a href=\"https:\/\/oldbookbinders.co.uk\/\">The Old Bookbinders<\/a>: un tipico pub franco-britannico nel quartiere di Jericho.<\/li>\n\n\n\n<li><a href=\"https:\/\/www.thevaultsandgarden.com\/\">Vaults &amp; Garden Caf\u00e9<\/a>: un pranzo tranquillo in un ex edificio universitario.<\/li>\n\n\n\n<li><a href=\"https:\/\/www.quod.co.uk\/\">Quod Restaurant &amp; Bar<\/a>: un elegante ristorante ospitato in un&#8217;ex banca.<\/li>\n\n\n\n<li><a href=\"https:\/\/www.gdcafe.com\/web\/\">G&amp;D \u201cs Ice Cream Caf\u00e9<\/a>: un\u201d istituzione locale per il gelato artigianale.<\/li>\n<\/ul>\n\n<div style=\"height:10px\" aria-hidden=\"true\" class=\"wp-block-spacer\"><\/div>\n\n<h2 class=\"wp-block-heading\">Quando visitare Oxford?<\/h2>\n\n<p>Il periodo migliore per visitare Oxford va da maggio a settembre, quando le temperature sono piacevoli e i Giardini dell&#8217;Universit\u00e0 sono in fiore. L&#8217;estate offre un&#8217;atmosfera vivace grazie agli eventi studenteschi, ai festival culturali e ai concerti all&#8217;aperto. Anche la primavera e l&#8217;autunno sono periodi pi\u00f9 tranquilli per esplorare la citt\u00e0, con meno turisti. Preparati al clima mutevole tipico dell&#8217;Inghilterra e non dimenticare l&#8217;ombrello!   <\/p>\n\n<h2 class=\"wp-block-heading\">Conclusione<\/h2>\n\n<p>Oxford \u00e8 una destinazione ideale per chi vuole combinare cultura, storia e tranquillit\u00e0 in un ambiente incantevole. Meno affollata di <a href=\"https:\/\/uk-gb.net\/it\/londra\/\">Londra<\/a>, ma altrettanto ricca di patrimonio, Oxford ha un \u201celeganza discreta, una vivace vita universitaria e passeggiate bucoliche. Se ti piace l\u201d atmosfera intellettuale di Cambridge, il fascino di <a href=\"https:\/\/uk-gb.net\/it\/manchester\/\">Manchester<\/a> o la campagna di Edimburgo, Oxford \u00e8 una meta imperdibile.    <\/p>\n\n<p>Le formalit\u00e0 per visitare Oxford dipendono dalla tua nazionalit\u00e0. I cittadini dell&#8217;Unione Europea e di molti altri Paesi devono ottenere un&#8217;<a href=\"https:\/\/uk-gb.net\/it\/eta-inghilterra-regno-unito\/\">autorizzazione elettronica di viaggio (ETA)<\/a> se non hanno un <a href=\"https:\/\/uk-gb.net\/it\/visto-regno-unito\/\">visto per l&#8217;Inghilterra<\/a>. <\/p>\n\n<p>L&#8217;ETA per il Regno Unito deve essere richiesto online tramite <a href=\"https:\/\/uk-gb.net\/it\/app-iphone-visto-eta-inghilterra\/\">l&#8217;applicazione ufficiale per iPhone<\/a>. I cittadini irlandesi e i residenti nel Regno Unito non sono interessati. <\/p>\n","protected":false},"excerpt":{"rendered":"<p>Visita la citt\u00e0 universitaria di Oxford Immersa nel cuore dell&#8217;Inghilterra, Oxford \u00e8 famosa in tutto il mondo per la sua prestigiosa universit\u00e0, la ricca architettura e l&#8217;atmosfera intellettuale. Una citt\u00e0 a misura d&#8217;uomo, che unisce storia, cultura e verde, offrendo una fuga tanto arricchente quanto esotica, a meno di due ore da Londra. Perch\u00e9 visitare [&hellip;]<\/p>\n","protected":false},"author":1,"featured_media":0,"parent":0,"menu_order":0,"comment_status":"closed","ping_status":"closed","template":"","meta":{"footnotes":""},"class_list":["post-4481","page","type-page","status-publish","hentry"],"yoast_head":"<!-- This site is optimized with the Yoast SEO plugin v27.3 - https:\/\/yoast.com\/product\/yoast-seo-wordpress\/ -->\n<title>Visita Oxford - UK GB<\/title>\n<meta name=\"description\" content=\"Clicca qui per scoprire tutti i nostri migliori consigli per visitare la superba citt\u00e0 inglese di Oxford durante la tua vacanza.\" \/>\n<meta name=\"robots\" content=\"index, follow, max-snippet:-1, max-image-preview:large, max-video-preview:-1\" \/>\n<link rel=\"canonical\" href=\"https:\/\/uk-gb.net\/it\/oxford\/\" \/>\n<meta property=\"og:locale\" content=\"it_IT\" \/>\n<meta property=\"og:type\" content=\"article\" \/>\n<meta property=\"og:title\" content=\"Visita Oxford - UK GB\" \/>\n<meta property=\"og:description\" content=\"Clicca qui per scoprire tutti i nostri migliori consigli per visitare la superba citt\u00e0 inglese di Oxford durante la tua vacanza.\" \/>\n<meta property=\"og:url\" content=\"https:\/\/uk-gb.net\/it\/oxford\/\" \/>\n<meta property=\"og:site_name\" content=\"UK GB\" \/>\n<meta property=\"article:modified_time\" content=\"2025-08-28T12:59:51+00:00\" \/>\n<meta name=\"twitter:card\" content=\"summary_large_image\" \/>\n<meta name=\"twitter:label1\" content=\"Tempo di lettura stimato\" \/>\n\t<meta name=\"twitter:data1\" content=\"3 minuti\" \/>\n<script type=\"application\/ld+json\" class=\"yoast-schema-graph\">{\"@context\":\"https:\\\/\\\/schema.org\",\"@graph\":[{\"@type\":\"WebPage\",\"@id\":\"https:\\\/\\\/uk-gb.net\\\/it\\\/oxford\\\/\",\"url\":\"https:\\\/\\\/uk-gb.net\\\/it\\\/oxford\\\/\",\"name\":\"Visita Oxford - UK GB\",\"isPartOf\":{\"@id\":\"https:\\\/\\\/uk-gb.net\\\/it\\\/#website\"},\"datePublished\":\"2025-01-14T10:24:28+00:00\",\"dateModified\":\"2025-08-28T12:59:51+00:00\",\"description\":\"Clicca qui per scoprire tutti i nostri migliori consigli per visitare la superba citt\u00e0 inglese di Oxford durante la tua vacanza.\",\"inLanguage\":\"it-IT\",\"potentialAction\":[{\"@type\":\"ReadAction\",\"target\":[\"https:\\\/\\\/uk-gb.net\\\/it\\\/oxford\\\/\"]}]},{\"@type\":\"WebSite\",\"@id\":\"https:\\\/\\\/uk-gb.net\\\/it\\\/#website\",\"url\":\"https:\\\/\\\/uk-gb.net\\\/it\\\/\",\"name\":\"UK GB\",\"description\":\"Travel to the UK\",\"potentialAction\":[{\"@type\":\"SearchAction\",\"target\":{\"@type\":\"EntryPoint\",\"urlTemplate\":\"https:\\\/\\\/uk-gb.net\\\/it\\\/?s={search_term_string}\"},\"query-input\":{\"@type\":\"PropertyValueSpecification\",\"valueRequired\":true,\"valueName\":\"search_term_string\"}}],\"inLanguage\":\"it-IT\"}]}<\/script>\n<!-- \/ Yoast SEO plugin. -->","yoast_head_json":{"title":"Visita Oxford - UK GB","description":"Clicca qui per scoprire tutti i nostri migliori consigli per visitare la superba citt\u00e0 inglese di Oxford durante la tua vacanza.","robots":{"index":"index","follow":"follow","max-snippet":"max-snippet:-1","max-image-preview":"max-image-preview:large","max-video-preview":"max-video-preview:-1"},"canonical":"https:\/\/uk-gb.net\/it\/oxford\/","og_locale":"it_IT","og_type":"article","og_title":"Visita Oxford - UK GB","og_description":"Clicca qui per scoprire tutti i nostri migliori consigli per visitare la superba citt\u00e0 inglese di Oxford durante la tua vacanza.","og_url":"https:\/\/uk-gb.net\/it\/oxford\/","og_site_name":"UK GB","article_modified_time":"2025-08-28T12:59:51+00:00","twitter_card":"summary_large_image","twitter_misc":{"Tempo di lettura stimato":"3 minuti"},"schema":{"@context":"https:\/\/schema.org","@graph":[{"@type":"WebPage","@id":"https:\/\/uk-gb.net\/it\/oxford\/","url":"https:\/\/uk-gb.net\/it\/oxford\/","name":"Visita Oxford - UK GB","isPartOf":{"@id":"https:\/\/uk-gb.net\/it\/#website"},"datePublished":"2025-01-14T10:24:28+00:00","dateModified":"2025-08-28T12:59:51+00:00","description":"Clicca qui per scoprire tutti i nostri migliori consigli per visitare la superba citt\u00e0 inglese di Oxford durante la tua vacanza.","inLanguage":"it-IT","potentialAction":[{"@type":"ReadAction","target":["https:\/\/uk-gb.net\/it\/oxford\/"]}]},{"@type":"WebSite","@id":"https:\/\/uk-gb.net\/it\/#website","url":"https:\/\/uk-gb.net\/it\/","name":"UK GB","description":"Travel to the UK","potentialAction":[{"@type":"SearchAction","target":{"@type":"EntryPoint","urlTemplate":"https:\/\/uk-gb.net\/it\/?s={search_term_string}"},"query-input":{"@type":"PropertyValueSpecification","valueRequired":true,"valueName":"search_term_string"}}],"inLanguage":"it-IT"}]}},"_links":{"self":[{"href":"https:\/\/uk-gb.net\/it\/wp-json\/wp\/v2\/pages\/4481","targetHints":{"allow":["GET"]}}],"collection":[{"href":"https:\/\/uk-gb.net\/it\/wp-json\/wp\/v2\/pages"}],"about":[{"href":"https:\/\/uk-gb.net\/it\/wp-json\/wp\/v2\/types\/page"}],"author":[{"embeddable":true,"href":"https:\/\/uk-gb.net\/it\/wp-json\/wp\/v2\/users\/1"}],"replies":[{"embeddable":true,"href":"https:\/\/uk-gb.net\/it\/wp-json\/wp\/v2\/comments?post=4481"}],"version-history":[{"count":0,"href":"https:\/\/uk-gb.net\/it\/wp-json\/wp\/v2\/pages\/4481\/revisions"}],"wp:attachment":[{"href":"https:\/\/uk-gb.net\/it\/wp-json\/wp\/v2\/media?parent=4481"}],"curies":[{"name":"wp","href":"https:\/\/api.w.org\/{rel}","templated":true}]}}