{"id":4157,"date":"2025-01-11T14:38:52","date_gmt":"2025-01-11T14:38:52","guid":{"rendered":"https:\/\/uk-gb.net\/liverpool\/"},"modified":"2025-07-17T14:02:56","modified_gmt":"2025-07-17T13:02:56","slug":"liverpool","status":"publish","type":"page","link":"https:\/\/uk-gb.net\/it\/liverpool\/","title":{"rendered":"Guida della citt\u00e0 di Liverpool"},"content":{"rendered":"\n<h1 class=\"wp-block-heading\">Visita Liverpool nel Nord Ovest dell&#8217;Inghilterra<\/h1>\n\n<p>Liverpool \u00e8 una citt\u00e0 portuale nel nord-ovest dell&#8217;Inghilterra. Liverpool \u00e8 un&#8217;importante destinazione culturale, conosciuta in tutto il mondo come luogo di nascita dei Beatles. Ricca di storia, orgogliosa della sua identit\u00e0 marittima e con una passione per l&#8217;arte, la musica e il calcio, Liverpool \u00e8 una citt\u00e0 vivace, amichevole ed emozionante da esplorare.  <\/p>\n\n<figure class=\"wp-block-image size-large\"><img fetchpriority=\"high\" decoding=\"async\" width=\"1024\" height=\"386\" src=\"https:\/\/uk-gb.net\/wp-content\/uploads\/2025\/01\/Liverpool-1024x386.jpg\" alt=\"\" class=\"wp-image-4137\" srcset=\"https:\/\/uk-gb.net\/wp-content\/uploads\/2025\/01\/Liverpool-1024x386.jpg 1024w, https:\/\/uk-gb.net\/wp-content\/uploads\/2025\/01\/Liverpool-300x113.jpg 300w, https:\/\/uk-gb.net\/wp-content\/uploads\/2025\/01\/Liverpool-768x289.jpg 768w, https:\/\/uk-gb.net\/wp-content\/uploads\/2025\/01\/Liverpool-1536x578.jpg 1536w, https:\/\/uk-gb.net\/wp-content\/uploads\/2025\/01\/Liverpool.jpg 2013w\" sizes=\"(max-width: 1024px) 100vw, 1024px\" \/><figcaption class=\"wp-element-caption\">Cattedrale di Liverpool<\/figcaption><\/figure>\n\n<div style=\"height:10px\" aria-hidden=\"true\" class=\"wp-block-spacer\"><\/div>\n\n<h2 class=\"wp-block-heading\">Perch\u00e9 visitare Liverpool?<\/h2>\n\n<p>Liverpool \u00e8 una citt\u00e0 dal&#8217;atmosfera unica. Il suo passato marittimo, visibile nei suoi moli riabilitati, la sua ricchezza culturale, con i suoi numerosi musei, e l&#8217;atmosfera musicale che permea le sue strade, contribuiscono ad accrescere il suo fascino. Dalle gallerie d&#8217;arte ai leggendari stadi, fino alle crociere sul Mersey, Liverpool offre un\u201d esperienza urbana dinamica e profondamente radicata nella storia britannica.  <\/p>\n\n<div style=\"height:10px\" aria-hidden=\"true\" class=\"wp-block-spacer\"><\/div>\n\n<h2 class=\"wp-block-heading\">I must-have<\/h2>\n\n<ul class=\"wp-block-list\">\n<li><a href=\"https:\/\/www.beatlesstory.com\/\">The Beatles Story<\/a>: un museo interattivo che ripercorre la storia della leggendaria band.<\/li>\n\n\n\n<li><a href=\"https:\/\/albertdock.com\/\">Royal Albert Dock<\/a>: un ex porto trasformato in una zona culturale con musei, negozi e ristoranti.<\/li>\n\n\n\n<li><a href=\"https:\/\/liverpoolcathedral.org.uk\/\">Cattedrale di Liverpool<\/a>: una delle pi\u00f9 grandi cattedrali del mondo, dall&#8217;architettura imponente.<\/li>\n\n\n\n<li><a href=\"https:\/\/www.tate.org.uk\/visit\/tate-liverpool\">Tate Liverpool<\/a>: una sede del museo di arte contemporanea situata sui moli.<\/li>\n\n\n\n<li><a href=\"https:\/\/www.liverpoolfc.com\/info\/anfield\">Stadio di Anfield<\/a>: il leggendario stadio del Liverpool FC, un luogo di pellegrinaggio per gli appassionati di calcio.<\/li>\n\n\n\n<li><a href=\"https:\/\/liverbuildingtour.com\/\">Royal Liver Building<\/a>: un capolavoro dell&#8217;architettura edoardiana e un simbolo della citt\u00e0.<\/li>\n<\/ul>\n\n<div style=\"height:10px\" aria-hidden=\"true\" class=\"wp-block-spacer\"><\/div>\n\n<h2 class=\"wp-block-heading\">Quartieri da esplorare<\/h2>\n\n<ul class=\"wp-block-list\">\n<li><strong>Il quartiere georgiano<\/strong>: un quartiere storico con strade eleganti e splendidi edifici antichi.<\/li>\n\n\n\n<li><strong>Triangolo Baltico<\/strong>: una zona alla moda e in rapida evoluzione, famosa per l&#8217;arte di strada, i bar e gli eventi culturali.<\/li>\n\n\n\n<li><strong>Ropewalks<\/strong>: una zona vivace con caff\u00e8, ristoranti e locali indipendenti.<\/li>\n\n\n\n<li><strong><strong>Lungomare<\/strong><\/strong> Lungo il Mersey, uno spazio aperto che unisce storia e modernit\u00e0.<\/li>\n<\/ul>\n\n<div style=\"height:10px\" aria-hidden=\"true\" class=\"wp-block-spacer\"><\/div>\n\n<h2 class=\"wp-block-heading\">Consigli pratici<\/h2>\n\n<figure class=\"wp-block-table is-style-regular\"><table><tbody><tr><td><strong>Trasporto<\/strong><\/td><td>La citt\u00e0 \u00e8 ben servita da treni e autobus e il centro \u00e8 facilmente raggiungibile a piedi.<\/td><\/tr><tr><td><strong>Alloggio<\/strong><\/td><td>Hotel per tutte le tasche, soprattutto nei dintorni del porto o del centro storico.<\/td><\/tr><tr><td><strong>Valuta<\/strong><\/td><td>Sterlina (\u00a3). I pagamenti contactless sono ampiamente accettati. <\/td><\/tr><tr><td><strong>Lingua<\/strong><\/td><td>Inglese, con un accento locale pronunciato e altamente identificabile.<\/td><\/tr><tr><td><strong>Formalit\u00e0<\/strong><\/td><td>Devi ottenere un <a href=\"https:\/\/uk-gb.net\/it\/eta-inghilterra-regno-unito\/\">ETA per il Regno Unito<\/a> o un <a href=\"https:\/\/uk-gb.net\/it\/visto-per-liverpool\/\">visto per Liverpool<\/a>.<\/td><\/tr><tr><td><strong>Il tempo<\/strong><\/td><td>Clima oceanico, spesso mutevole; porta con te un mackintosh.<\/td><\/tr><\/tbody><\/table><\/figure>\n\n<div style=\"height:10px\" aria-hidden=\"true\" class=\"wp-block-spacer\"><\/div>\n\n<h2 class=\"wp-block-heading\">Dove mangiare?<\/h2>\n\n<ul class=\"wp-block-list\">\n<li><a href=\"https:\/\/www.mowglistreetfood.com\/restaurants\/liverpool-water-street\/\">Mowgli Street Food<\/a>: offre un&#8217;esperienza culinaria indiana moderna e deliziosa.<\/li>\n\n\n\n<li><a href=\"https:\/\/www.panoramic34.com\/\">Panoramic 34<\/a>: Ristorante panoramico con vista sulla citt\u00e0 e sul Mersey.<\/li>\n\n\n\n<li><a href=\"https:\/\/www.cavernclub.com\/\">The Cavern Club<\/a>: per un drink in un locale musicale leggendario.<\/li>\n\n\n\n<li><a href=\"https:\/\/theartschoolrestaurant.co.uk\/\">The Art School<\/a>: gastronomia raffinata in un ambiente intimo e chic.<\/li>\n\n\n\n<li><a href=\"https:\/\/lunya.co.uk\/liverpool\/\">Lunya<\/a>: Tapas e prodotti catalani in un&#8217;atmosfera accogliente.<\/li>\n<\/ul>\n\n<div style=\"height:10px\" aria-hidden=\"true\" class=\"wp-block-spacer\"><\/div>\n\n<h2 class=\"wp-block-heading\">Quando partire?<\/h2>\n\n<p>Liverpool \u00e8 un luogo fantastico da visitare dalla primavera all&#8217;autunno. L&#8217;estate \u00e8 perfetta per i festival e le passeggiate lungo il Mersey. La primavera offre un clima mite ideale per le visite culturali, mentre l&#8217;autunno delizia gli amanti dei musei e delle atmosfere accoglienti. In inverno, i mercatini di Natale e le decorazioni festive aggiungono un tocco magico.   <\/p>\n\n<div style=\"height:10px\" aria-hidden=\"true\" class=\"wp-block-spacer\"><\/div>\n\n<h2 class=\"wp-block-heading\">Quali sono le formalit\u00e0 per visitare Liverpool?<\/h2>\n\n<p>Come per qualsiasi ingresso nel Regno Unito, le formalit\u00e0 per visitare Liverpool dipendono dalla tua nazionalit\u00e0. I cittadini dell&#8217;Unione Europea, degli Stati Uniti, del Canada e di molti altri Paesi devono ottenere l&#8217;<a href=\"https:\/\/uk-gb.net\/it\/eta-inghilterra-regno-unito\/\">autorizzazione ETA<\/a> se non hanno un visto. <\/p>\n\n<p>Questa misura si applica ai soggiorni turistici di durata inferiore a sei mesi. Il <a href=\"https:\/\/uk-gb.net\/it\/visto-eta-online-inghilterra\/\">modulo ETA pu\u00f2 essere compilato online<\/a> o tramite l&#8217;<a href=\"https:\/\/uk-gb.net\/it\/app-iphone-visto-eta-inghilterra\/\">applicazione digitale UK ETA<\/a>. I cittadini irlandesi o i residenti nel Regno Unito non sono interessati. Assicurati di controllare le condizioni prima di partire per evitare spiacevoli sorprese.   <\/p>\n\n<p>Per ulteriori consigli o raccomandazioni personalizzate, non esitare a consultare le nostre altre guide sulle principali citt\u00e0 inglesi. Le nostre guide coprono <a href=\"https:\/\/uk-gb.net\/it\/londra\/\">Londra<\/a>, <a href=\"https:\/\/uk-gb.net\/it\/oxford\/\">Oxford<\/a> e <a href=\"https:\/\/uk-gb.net\/it\/manchester\/\">Manchester<\/a>. <\/p>\n","protected":false},"excerpt":{"rendered":"<p>Visita Liverpool nel Nord Ovest dell&#8217;Inghilterra Liverpool \u00e8 una citt\u00e0 portuale nel nord-ovest dell&#8217;Inghilterra. Liverpool \u00e8 un&#8217;importante destinazione culturale, conosciuta in tutto il mondo come luogo di nascita dei Beatles. Ricca di storia, orgogliosa della sua identit\u00e0 marittima e con una passione per l&#8217;arte, la musica e il calcio, Liverpool \u00e8 una citt\u00e0 vivace, amichevole [&hellip;]<\/p>\n","protected":false},"author":1,"featured_media":0,"parent":0,"menu_order":0,"comment_status":"closed","ping_status":"closed","template":"","meta":{"footnotes":""},"class_list":["post-4157","page","type-page","status-publish","hentry"],"yoast_head":"<!-- This site is optimized with the Yoast SEO plugin v27.4 - https:\/\/yoast.com\/product\/yoast-seo-wordpress\/ -->\n<title>Guida della citt\u00e0 di Liverpool - UK GB<\/title>\n<meta name=\"description\" content=\"Scopri la magica citt\u00e0 inglese di Liverpool. Tutti i migliori luoghi elencati per un fantastico soggiorno a Liverpool.\" \/>\n<meta name=\"robots\" content=\"index, follow, max-snippet:-1, max-image-preview:large, max-video-preview:-1\" \/>\n<link rel=\"canonical\" href=\"https:\/\/uk-gb.net\/it\/liverpool\/\" \/>\n<meta property=\"og:locale\" content=\"it_IT\" \/>\n<meta property=\"og:type\" content=\"article\" \/>\n<meta property=\"og:title\" content=\"Guida della citt\u00e0 di Liverpool - UK GB\" \/>\n<meta property=\"og:description\" content=\"Scopri la magica citt\u00e0 inglese di Liverpool. Tutti i migliori luoghi elencati per un fantastico soggiorno a Liverpool.\" \/>\n<meta property=\"og:url\" content=\"https:\/\/uk-gb.net\/it\/liverpool\/\" \/>\n<meta property=\"og:site_name\" content=\"UK GB\" \/>\n<meta property=\"article:modified_time\" content=\"2025-07-17T13:02:56+00:00\" \/>\n<meta property=\"og:image\" content=\"https:\/\/uk-gb.net\/wp-content\/uploads\/2025\/01\/Liverpool.jpg\" \/>\n\t<meta property=\"og:image:width\" content=\"2013\" \/>\n\t<meta property=\"og:image:height\" content=\"758\" \/>\n\t<meta property=\"og:image:type\" content=\"image\/jpeg\" \/>\n<meta name=\"twitter:card\" content=\"summary_large_image\" \/>\n<meta name=\"twitter:label1\" content=\"Tempo di lettura stimato\" \/>\n\t<meta name=\"twitter:data1\" content=\"3 minuti\" \/>\n<script type=\"application\/ld+json\" class=\"yoast-schema-graph\">{\"@context\":\"https:\\\/\\\/schema.org\",\"@graph\":[{\"@type\":\"WebPage\",\"@id\":\"https:\\\/\\\/uk-gb.net\\\/it\\\/liverpool\\\/\",\"url\":\"https:\\\/\\\/uk-gb.net\\\/it\\\/liverpool\\\/\",\"name\":\"Guida della citt\u00e0 di Liverpool - UK GB\",\"isPartOf\":{\"@id\":\"https:\\\/\\\/uk-gb.net\\\/it\\\/#website\"},\"primaryImageOfPage\":{\"@id\":\"https:\\\/\\\/uk-gb.net\\\/it\\\/liverpool\\\/#primaryimage\"},\"image\":{\"@id\":\"https:\\\/\\\/uk-gb.net\\\/it\\\/liverpool\\\/#primaryimage\"},\"thumbnailUrl\":\"https:\\\/\\\/uk-gb.net\\\/wp-content\\\/uploads\\\/2025\\\/01\\\/Liverpool-1024x386.jpg\",\"datePublished\":\"2025-01-11T14:38:52+00:00\",\"dateModified\":\"2025-07-17T13:02:56+00:00\",\"description\":\"Scopri la magica citt\u00e0 inglese di Liverpool. Tutti i migliori luoghi elencati per un fantastico soggiorno a Liverpool.\",\"inLanguage\":\"it-IT\",\"potentialAction\":[{\"@type\":\"ReadAction\",\"target\":[\"https:\\\/\\\/uk-gb.net\\\/it\\\/liverpool\\\/\"]}]},{\"@type\":\"ImageObject\",\"inLanguage\":\"it-IT\",\"@id\":\"https:\\\/\\\/uk-gb.net\\\/it\\\/liverpool\\\/#primaryimage\",\"url\":\"https:\\\/\\\/uk-gb.net\\\/wp-content\\\/uploads\\\/2025\\\/01\\\/Liverpool-1024x386.jpg\",\"contentUrl\":\"https:\\\/\\\/uk-gb.net\\\/wp-content\\\/uploads\\\/2025\\\/01\\\/Liverpool-1024x386.jpg\"},{\"@type\":\"WebSite\",\"@id\":\"https:\\\/\\\/uk-gb.net\\\/it\\\/#website\",\"url\":\"https:\\\/\\\/uk-gb.net\\\/it\\\/\",\"name\":\"UK GB\",\"description\":\"Travel to the UK\",\"potentialAction\":[{\"@type\":\"SearchAction\",\"target\":{\"@type\":\"EntryPoint\",\"urlTemplate\":\"https:\\\/\\\/uk-gb.net\\\/it\\\/?s={search_term_string}\"},\"query-input\":{\"@type\":\"PropertyValueSpecification\",\"valueRequired\":true,\"valueName\":\"search_term_string\"}}],\"inLanguage\":\"it-IT\"}]}<\/script>\n<!-- \/ Yoast SEO plugin. -->","yoast_head_json":{"title":"Guida della citt\u00e0 di Liverpool - UK GB","description":"Scopri la magica citt\u00e0 inglese di Liverpool. Tutti i migliori luoghi elencati per un fantastico soggiorno a Liverpool.","robots":{"index":"index","follow":"follow","max-snippet":"max-snippet:-1","max-image-preview":"max-image-preview:large","max-video-preview":"max-video-preview:-1"},"canonical":"https:\/\/uk-gb.net\/it\/liverpool\/","og_locale":"it_IT","og_type":"article","og_title":"Guida della citt\u00e0 di Liverpool - UK GB","og_description":"Scopri la magica citt\u00e0 inglese di Liverpool. Tutti i migliori luoghi elencati per un fantastico soggiorno a Liverpool.","og_url":"https:\/\/uk-gb.net\/it\/liverpool\/","og_site_name":"UK GB","article_modified_time":"2025-07-17T13:02:56+00:00","og_image":[{"width":2013,"height":758,"url":"https:\/\/uk-gb.net\/wp-content\/uploads\/2025\/01\/Liverpool.jpg","type":"image\/jpeg"}],"twitter_card":"summary_large_image","twitter_misc":{"Tempo di lettura stimato":"3 minuti"},"schema":{"@context":"https:\/\/schema.org","@graph":[{"@type":"WebPage","@id":"https:\/\/uk-gb.net\/it\/liverpool\/","url":"https:\/\/uk-gb.net\/it\/liverpool\/","name":"Guida della citt\u00e0 di Liverpool - UK GB","isPartOf":{"@id":"https:\/\/uk-gb.net\/it\/#website"},"primaryImageOfPage":{"@id":"https:\/\/uk-gb.net\/it\/liverpool\/#primaryimage"},"image":{"@id":"https:\/\/uk-gb.net\/it\/liverpool\/#primaryimage"},"thumbnailUrl":"https:\/\/uk-gb.net\/wp-content\/uploads\/2025\/01\/Liverpool-1024x386.jpg","datePublished":"2025-01-11T14:38:52+00:00","dateModified":"2025-07-17T13:02:56+00:00","description":"Scopri la magica citt\u00e0 inglese di Liverpool. Tutti i migliori luoghi elencati per un fantastico soggiorno a Liverpool.","inLanguage":"it-IT","potentialAction":[{"@type":"ReadAction","target":["https:\/\/uk-gb.net\/it\/liverpool\/"]}]},{"@type":"ImageObject","inLanguage":"it-IT","@id":"https:\/\/uk-gb.net\/it\/liverpool\/#primaryimage","url":"https:\/\/uk-gb.net\/wp-content\/uploads\/2025\/01\/Liverpool-1024x386.jpg","contentUrl":"https:\/\/uk-gb.net\/wp-content\/uploads\/2025\/01\/Liverpool-1024x386.jpg"},{"@type":"WebSite","@id":"https:\/\/uk-gb.net\/it\/#website","url":"https:\/\/uk-gb.net\/it\/","name":"UK GB","description":"Travel to the UK","potentialAction":[{"@type":"SearchAction","target":{"@type":"EntryPoint","urlTemplate":"https:\/\/uk-gb.net\/it\/?s={search_term_string}"},"query-input":{"@type":"PropertyValueSpecification","valueRequired":true,"valueName":"search_term_string"}}],"inLanguage":"it-IT"}]}},"_links":{"self":[{"href":"https:\/\/uk-gb.net\/it\/wp-json\/wp\/v2\/pages\/4157","targetHints":{"allow":["GET"]}}],"collection":[{"href":"https:\/\/uk-gb.net\/it\/wp-json\/wp\/v2\/pages"}],"about":[{"href":"https:\/\/uk-gb.net\/it\/wp-json\/wp\/v2\/types\/page"}],"author":[{"embeddable":true,"href":"https:\/\/uk-gb.net\/it\/wp-json\/wp\/v2\/users\/1"}],"replies":[{"embeddable":true,"href":"https:\/\/uk-gb.net\/it\/wp-json\/wp\/v2\/comments?post=4157"}],"version-history":[{"count":0,"href":"https:\/\/uk-gb.net\/it\/wp-json\/wp\/v2\/pages\/4157\/revisions"}],"wp:attachment":[{"href":"https:\/\/uk-gb.net\/it\/wp-json\/wp\/v2\/media?parent=4157"}],"curies":[{"name":"wp","href":"https:\/\/api.w.org\/{rel}","templated":true}]}}