{"id":408,"date":"2023-11-13T17:36:02","date_gmt":"2023-11-13T17:36:02","guid":{"rendered":"https:\/\/uk-gb.net\/avviso-legale\/"},"modified":"2025-07-17T15:11:17","modified_gmt":"2025-07-17T14:11:17","slug":"avviso-legale","status":"publish","type":"page","link":"https:\/\/uk-gb.net\/it\/avviso-legale\/","title":{"rendered":"Informazioni legali"},"content":{"rendered":"\n<h1 class=\"wp-block-heading\">Avviso legale<\/h1>\n\n<p>Pubblichiamo un sito web informativo sui soggiorni turistici nel Regno Unito. Il sito e la societ\u00e0 operativa sono indipendenti da qualsiasi amministrazione pubblica. Non hanno alcun legame con l&#8217;amministrazione britannica.  <\/p>\n\n<h2 class=\"wp-block-heading\">Editore di siti web<\/h2>\n\n<p>Il sito \u00e8 pubblicato da una societ\u00e0 di consulenza registrata a Malta all&#8217;interno della Comunit\u00e0 Europea. Il nostro responsabile delle pubblicazioni \u00e8 il sig. Manuel Borg.  Per contattarci, utilizzate il <a href=\"https:\/\/uk-gb.net\/it\/contact\/\">modulo di contatto<\/a>.<\/p>\n\n<p>Siamo un sito web privato dedicato a fornire informazioni.\nIl sito non offre servizi commerciali online. <\/p>\n\n<p>Il sito contiene collegamenti ipertestuali pubblicitari che possono indirizzare gli utenti a siti web esterni di terzi: non siamo responsabili delle loro politiche di riservatezza o delle loro pratiche commerciali.<\/p>\n\n<h2 class=\"wp-block-heading\">Trattamento dei dati personali<\/h2>\n\n<p>Non raccogliamo dati personali tramite moduli online.\nL&#8217;unico modulo presente sul nostro sito \u00e8 un semplice modulo di contatto.\nLe informazioni inserite per contattarci vengono regolarmente cancellate.\nI visitatori hanno il diritto di accedere, modificare, rettificare e cancellare questi dati.    Per esercitare questo diritto, vi preghiamo di contattarci utilizzando il <a href=\"https:\/\/uk-gb.net\/it\/contact\/\">modulo di contatto<\/a>.<\/p>\n","protected":false},"excerpt":{"rendered":"<p>Avviso legale Pubblichiamo un sito web informativo sui soggiorni turistici nel Regno Unito. Il sito e la societ\u00e0 operativa sono indipendenti da qualsiasi amministrazione pubblica. Non hanno alcun legame con l&#8217;amministrazione britannica. Editore di siti web Il sito \u00e8 pubblicato da una societ\u00e0 di consulenza registrata a Malta all&#8217;interno della Comunit\u00e0 Europea. Il nostro responsabile [&hellip;]<\/p>\n","protected":false},"author":1,"featured_media":0,"parent":0,"menu_order":0,"comment_status":"closed","ping_status":"closed","template":"","meta":{"footnotes":""},"class_list":["post-408","page","type-page","status-publish","hentry"],"yoast_head":"<!-- This site is optimized with the Yoast SEO plugin v27.3 - https:\/\/yoast.com\/product\/yoast-seo-wordpress\/ -->\n<title>Informazioni legali - UK GB<\/title>\n<meta name=\"description\" content=\"Nota legale per il sito web uk-gb.net\" \/>\n<meta name=\"robots\" content=\"noindex, nofollow\" \/>\n<meta property=\"og:locale\" content=\"it_IT\" \/>\n<meta property=\"og:type\" content=\"article\" \/>\n<meta property=\"og:title\" content=\"Informazioni legali - UK GB\" \/>\n<meta property=\"og:description\" content=\"Nota legale per il sito web uk-gb.net\" \/>\n<meta property=\"og:url\" content=\"https:\/\/uk-gb.net\/it\/avviso-legale\/\" \/>\n<meta property=\"og:site_name\" content=\"UK GB\" \/>\n<meta property=\"article:modified_time\" content=\"2025-07-17T14:11:17+00:00\" \/>\n<meta name=\"twitter:card\" content=\"summary_large_image\" \/>\n<meta name=\"twitter:label1\" content=\"Tempo di lettura stimato\" \/>\n\t<meta name=\"twitter:data1\" content=\"1 minuto\" \/>\n<script type=\"application\/ld+json\" class=\"yoast-schema-graph\">{\"@context\":\"https:\\\/\\\/schema.org\",\"@graph\":[{\"@type\":\"WebPage\",\"@id\":\"https:\\\/\\\/uk-gb.net\\\/it\\\/avviso-legale\\\/\",\"url\":\"https:\\\/\\\/uk-gb.net\\\/it\\\/avviso-legale\\\/\",\"name\":\"Informazioni legali - UK GB\",\"isPartOf\":{\"@id\":\"https:\\\/\\\/uk-gb.net\\\/it\\\/#website\"},\"datePublished\":\"2023-11-13T17:36:02+00:00\",\"dateModified\":\"2025-07-17T14:11:17+00:00\",\"description\":\"Nota legale per il sito web uk-gb.net\",\"inLanguage\":\"it-IT\",\"potentialAction\":[{\"@type\":\"ReadAction\",\"target\":[\"https:\\\/\\\/uk-gb.net\\\/it\\\/avviso-legale\\\/\"]}]},{\"@type\":\"WebSite\",\"@id\":\"https:\\\/\\\/uk-gb.net\\\/it\\\/#website\",\"url\":\"https:\\\/\\\/uk-gb.net\\\/it\\\/\",\"name\":\"UK GB\",\"description\":\"Travel to the UK\",\"potentialAction\":[{\"@type\":\"SearchAction\",\"target\":{\"@type\":\"EntryPoint\",\"urlTemplate\":\"https:\\\/\\\/uk-gb.net\\\/it\\\/?s={search_term_string}\"},\"query-input\":{\"@type\":\"PropertyValueSpecification\",\"valueRequired\":true,\"valueName\":\"search_term_string\"}}],\"inLanguage\":\"it-IT\"}]}<\/script>\n<!-- \/ Yoast SEO plugin. -->","yoast_head_json":{"title":"Informazioni legali - UK GB","description":"Nota legale per il sito web uk-gb.net","robots":{"index":"noindex","follow":"nofollow"},"og_locale":"it_IT","og_type":"article","og_title":"Informazioni legali - UK GB","og_description":"Nota legale per il sito web uk-gb.net","og_url":"https:\/\/uk-gb.net\/it\/avviso-legale\/","og_site_name":"UK GB","article_modified_time":"2025-07-17T14:11:17+00:00","twitter_card":"summary_large_image","twitter_misc":{"Tempo di lettura stimato":"1 minuto"},"schema":{"@context":"https:\/\/schema.org","@graph":[{"@type":"WebPage","@id":"https:\/\/uk-gb.net\/it\/avviso-legale\/","url":"https:\/\/uk-gb.net\/it\/avviso-legale\/","name":"Informazioni legali - UK GB","isPartOf":{"@id":"https:\/\/uk-gb.net\/it\/#website"},"datePublished":"2023-11-13T17:36:02+00:00","dateModified":"2025-07-17T14:11:17+00:00","description":"Nota legale per il sito web uk-gb.net","inLanguage":"it-IT","potentialAction":[{"@type":"ReadAction","target":["https:\/\/uk-gb.net\/it\/avviso-legale\/"]}]},{"@type":"WebSite","@id":"https:\/\/uk-gb.net\/it\/#website","url":"https:\/\/uk-gb.net\/it\/","name":"UK GB","description":"Travel to the UK","potentialAction":[{"@type":"SearchAction","target":{"@type":"EntryPoint","urlTemplate":"https:\/\/uk-gb.net\/it\/?s={search_term_string}"},"query-input":{"@type":"PropertyValueSpecification","valueRequired":true,"valueName":"search_term_string"}}],"inLanguage":"it-IT"}]}},"_links":{"self":[{"href":"https:\/\/uk-gb.net\/it\/wp-json\/wp\/v2\/pages\/408","targetHints":{"allow":["GET"]}}],"collection":[{"href":"https:\/\/uk-gb.net\/it\/wp-json\/wp\/v2\/pages"}],"about":[{"href":"https:\/\/uk-gb.net\/it\/wp-json\/wp\/v2\/types\/page"}],"author":[{"embeddable":true,"href":"https:\/\/uk-gb.net\/it\/wp-json\/wp\/v2\/users\/1"}],"replies":[{"embeddable":true,"href":"https:\/\/uk-gb.net\/it\/wp-json\/wp\/v2\/comments?post=408"}],"version-history":[{"count":0,"href":"https:\/\/uk-gb.net\/it\/wp-json\/wp\/v2\/pages\/408\/revisions"}],"wp:attachment":[{"href":"https:\/\/uk-gb.net\/it\/wp-json\/wp\/v2\/media?parent=408"}],"curies":[{"name":"wp","href":"https:\/\/api.w.org\/{rel}","templated":true}]}}