{"id":1029,"date":"2023-12-31T15:10:49","date_gmt":"2023-12-31T15:10:49","guid":{"rendered":"https:\/\/uk-gb.net\/visto-inghilterra-dalla-italia\/"},"modified":"2026-03-02T14:32:38","modified_gmt":"2026-03-02T14:32:38","slug":"visto-inghilterra-dalla-italia","status":"publish","type":"page","link":"https:\/\/uk-gb.net\/it\/visto-inghilterra-dalla-italia\/","title":{"rendered":"Visto per l&#8217;Inghilterra dalla Italia"},"content":{"rendered":"\n<h1 class=\"wp-block-heading\">Formalit\u00e0 per recarsi in Inghilterra dalla Italia<\/h1>\n\n<h2 class=\"wp-block-heading\">I cittadini italiano hanno bisogno di un visto per recarsi in Inghilterra?<\/h2>\n\n<p><strong>Un cittadino italiano non ha bisogno di un visto per il Regno Unito per un soggiorno inferiore a 6 mesi<\/strong> grazie al programma britannico di esenzione dal visto. Tutto ci\u00f2 che devono fare \u00e8 richiedere un&#8217;autorizzazione di viaggio elettronica compilando il <a href=\"https:\/\/uk-gb.net\/it\/visto-eta-online-inghilterra\/\">modulo eTA UK online<\/a>.<\/p>\n\n<div style=\"height:20px\" aria-hidden=\"true\" class=\"wp-block-spacer\"><\/div>\n\n<h2 class=\"wp-block-heading\">I cittadini stranieri che vivono in Italia hanno bisogno di un visto per il Regno Unito?<\/h2>\n\n<p>Le formalit\u00e0 necessarie per entrare nel Regno Unito dipendono dalla nazionalit\u00e0 del viaggiatore:<\/p>\n\n<ul class=\"wp-block-list\">\n<li>Se lo straniero residente in Italia \u00e8 cittadino di un <a href=\"https:\/\/uk-gb.net\/it\/paesi-che-possono-richiedere-eta-regno-unito\/\">Paese che beneficia del Visa Waiver Programme<\/a>, pu\u00f2 richiedere un <a href=\"https:\/\/uk-gb.net\/it\/eta-inghilterra-regno-unito\/\">ETA britannico<\/a> per un soggiorno inferiore a 6 mesi.<\/li>\n\n\n\n<li>In caso contrario, dovranno ottenere un <a href=\"https:\/\/uk-gb.net\/it\/diversi-tipi-di-visti-britannici\/\">visto per recarsi in Inghilterra<\/a>.<\/li>\n<\/ul>\n\n<p>Un cittadino straniero che vive in Italia pu\u00f2 quindi ottenere un ETA se il suo Paese di origine beneficia dell&#8217;esenzione dal visto britannico.<\/p>\n\n<h2 class=\"wp-block-heading\">Come si richiede un visto per l&#8217;Inghilterra dalla Italia?<\/h2>\n\n<p>Per ottenere un visto per il Regno Unito, \u00e8 necessario compilare il modulo online sul sito web della UK Border Agency. Il processo si svolge in pi\u00f9 fasi, interamente online. <\/p>\n\n<p>La procedura per l&#8217;ottenimento del <a href=\"https:\/\/uk-gb.net\/it\/prezzo-del-visto-per-inghilterra\/\">visto e le tasse da pagare<\/a> dipendono dal motivo del soggiorno nel Regno Unito.<\/p>\n\n<h3 class=\"wp-block-heading\">Come si richiede un visto turistico per l&#8217;Inghilterra in Italia?<\/h3>\n\n<p>Se il vostro soggiorno nel Regno Unito dura pi\u00f9 di 6 mesi, dovrete richiedere un <a href=\"https:\/\/uk-gb.net\/it\/visto-turistico-inghilterra-regno-unito\/\">visto turistico per il Regno Unito<\/a>. La domanda verr\u00e0 elaborata dall&#8217;<a href=\"https:\/\/uk-gb.net\/it\/ambasciata-britannica-in-italia\/\">Ambasciata britannica<\/a>. <\/p>\n\n<h3 class=\"wp-block-heading\">Come pu\u00f2 un cittadino francese ottenere un visto di lavoro per l&#8217;Inghilterra?<\/h3>\n\n<p>Per ottenere un visto di lavoro per il Regno Unito, \u00e8 necessario prima ottenere un&#8217;offerta di lavoro da parte di un&#8217;azienda britannica. Questa societ\u00e0 dovr\u00e0 quindi ottenere la certificazione del vostro incarico e sponsorizzare il vostro visto per il Regno Unito. <\/p>\n\n<h3 class=\"wp-block-heading\">Come posso ottenere un appuntamento per un visto per il Regno Unito?<\/h3>\n\n<p>Se la vostra domanda richiede una procedura diversa, potreste ottenere un <a href=\"https:\/\/uk-gb.net\/it\/appuntamento-per-il-visto-ambasciata-in-inghilterra\/\">appuntamento presso l&#8217;Ambasciata britannica<\/a>.<\/p>\n\n<p><\/p>\n","protected":false},"excerpt":{"rendered":"<p>Formalit\u00e0 per recarsi in Inghilterra dalla Italia I cittadini italiano hanno bisogno di un visto per recarsi in Inghilterra? Un cittadino italiano non ha bisogno di un visto per il Regno Unito per un soggiorno inferiore a 6 mesi grazie al programma britannico di esenzione dal visto. Tutto ci\u00f2 che devono fare \u00e8 richiedere un&#8217;autorizzazione [&hellip;]<\/p>\n","protected":false},"author":1,"featured_media":0,"parent":0,"menu_order":0,"comment_status":"closed","ping_status":"closed","template":"","meta":{"footnotes":""},"class_list":["post-1029","page","type-page","status-publish","hentry"],"yoast_head":"<!-- This site is optimized with the Yoast SEO plugin v27.4 - https:\/\/yoast.com\/product\/yoast-seo-wordpress\/ -->\n<title>Visto per l&#039;Inghilterra dalla Italia - UK GB<\/title>\n<meta name=\"description\" content=\"Come ottenere un visto online per recarsi nel Regno Unito dalla Italia in pochi minuti utilizzando il proprio passaporto\" \/>\n<meta name=\"robots\" content=\"index, follow, max-snippet:-1, max-image-preview:large, max-video-preview:-1\" \/>\n<link rel=\"canonical\" href=\"https:\/\/uk-gb.net\/it\/visto-inghilterra-dalla-italia\/\" \/>\n<meta property=\"og:locale\" content=\"it_IT\" \/>\n<meta property=\"og:type\" content=\"article\" \/>\n<meta property=\"og:title\" content=\"Visto per l&#039;Inghilterra dalla Italia - UK GB\" \/>\n<meta property=\"og:description\" content=\"Come ottenere un visto online per recarsi nel Regno Unito dalla Italia in pochi minuti utilizzando il proprio passaporto\" \/>\n<meta property=\"og:url\" content=\"https:\/\/uk-gb.net\/it\/visto-inghilterra-dalla-italia\/\" \/>\n<meta property=\"og:site_name\" content=\"UK GB\" \/>\n<meta property=\"article:modified_time\" content=\"2026-03-02T14:32:38+00:00\" \/>\n<meta name=\"twitter:card\" content=\"summary_large_image\" \/>\n<meta name=\"twitter:label1\" content=\"Tempo di lettura stimato\" \/>\n\t<meta name=\"twitter:data1\" content=\"2 minuti\" \/>\n<script type=\"application\/ld+json\" class=\"yoast-schema-graph\">{\"@context\":\"https:\\\/\\\/schema.org\",\"@graph\":[{\"@type\":\"WebPage\",\"@id\":\"https:\\\/\\\/uk-gb.net\\\/it\\\/visto-inghilterra-dalla-italia\\\/\",\"url\":\"https:\\\/\\\/uk-gb.net\\\/it\\\/visto-inghilterra-dalla-italia\\\/\",\"name\":\"Visto per l'Inghilterra dalla Italia - UK GB\",\"isPartOf\":{\"@id\":\"https:\\\/\\\/uk-gb.net\\\/it\\\/#website\"},\"datePublished\":\"2023-12-31T15:10:49+00:00\",\"dateModified\":\"2026-03-02T14:32:38+00:00\",\"description\":\"Come ottenere un visto online per recarsi nel Regno Unito dalla Italia in pochi minuti utilizzando il proprio passaporto\",\"inLanguage\":\"it-IT\",\"potentialAction\":[{\"@type\":\"ReadAction\",\"target\":[\"https:\\\/\\\/uk-gb.net\\\/it\\\/visto-inghilterra-dalla-italia\\\/\"]}]},{\"@type\":\"WebSite\",\"@id\":\"https:\\\/\\\/uk-gb.net\\\/it\\\/#website\",\"url\":\"https:\\\/\\\/uk-gb.net\\\/it\\\/\",\"name\":\"UK GB\",\"description\":\"Travel to the UK\",\"potentialAction\":[{\"@type\":\"SearchAction\",\"target\":{\"@type\":\"EntryPoint\",\"urlTemplate\":\"https:\\\/\\\/uk-gb.net\\\/it\\\/?s={search_term_string}\"},\"query-input\":{\"@type\":\"PropertyValueSpecification\",\"valueRequired\":true,\"valueName\":\"search_term_string\"}}],\"inLanguage\":\"it-IT\"}]}<\/script>\n<!-- \/ Yoast SEO plugin. -->","yoast_head_json":{"title":"Visto per l'Inghilterra dalla Italia - UK GB","description":"Come ottenere un visto online per recarsi nel Regno Unito dalla Italia in pochi minuti utilizzando il proprio passaporto","robots":{"index":"index","follow":"follow","max-snippet":"max-snippet:-1","max-image-preview":"max-image-preview:large","max-video-preview":"max-video-preview:-1"},"canonical":"https:\/\/uk-gb.net\/it\/visto-inghilterra-dalla-italia\/","og_locale":"it_IT","og_type":"article","og_title":"Visto per l'Inghilterra dalla Italia - UK GB","og_description":"Come ottenere un visto online per recarsi nel Regno Unito dalla Italia in pochi minuti utilizzando il proprio passaporto","og_url":"https:\/\/uk-gb.net\/it\/visto-inghilterra-dalla-italia\/","og_site_name":"UK GB","article_modified_time":"2026-03-02T14:32:38+00:00","twitter_card":"summary_large_image","twitter_misc":{"Tempo di lettura stimato":"2 minuti"},"schema":{"@context":"https:\/\/schema.org","@graph":[{"@type":"WebPage","@id":"https:\/\/uk-gb.net\/it\/visto-inghilterra-dalla-italia\/","url":"https:\/\/uk-gb.net\/it\/visto-inghilterra-dalla-italia\/","name":"Visto per l'Inghilterra dalla Italia - UK GB","isPartOf":{"@id":"https:\/\/uk-gb.net\/it\/#website"},"datePublished":"2023-12-31T15:10:49+00:00","dateModified":"2026-03-02T14:32:38+00:00","description":"Come ottenere un visto online per recarsi nel Regno Unito dalla Italia in pochi minuti utilizzando il proprio passaporto","inLanguage":"it-IT","potentialAction":[{"@type":"ReadAction","target":["https:\/\/uk-gb.net\/it\/visto-inghilterra-dalla-italia\/"]}]},{"@type":"WebSite","@id":"https:\/\/uk-gb.net\/it\/#website","url":"https:\/\/uk-gb.net\/it\/","name":"UK GB","description":"Travel to the UK","potentialAction":[{"@type":"SearchAction","target":{"@type":"EntryPoint","urlTemplate":"https:\/\/uk-gb.net\/it\/?s={search_term_string}"},"query-input":{"@type":"PropertyValueSpecification","valueRequired":true,"valueName":"search_term_string"}}],"inLanguage":"it-IT"}]}},"_links":{"self":[{"href":"https:\/\/uk-gb.net\/it\/wp-json\/wp\/v2\/pages\/1029","targetHints":{"allow":["GET"]}}],"collection":[{"href":"https:\/\/uk-gb.net\/it\/wp-json\/wp\/v2\/pages"}],"about":[{"href":"https:\/\/uk-gb.net\/it\/wp-json\/wp\/v2\/types\/page"}],"author":[{"embeddable":true,"href":"https:\/\/uk-gb.net\/it\/wp-json\/wp\/v2\/users\/1"}],"replies":[{"embeddable":true,"href":"https:\/\/uk-gb.net\/it\/wp-json\/wp\/v2\/comments?post=1029"}],"version-history":[{"count":0,"href":"https:\/\/uk-gb.net\/it\/wp-json\/wp\/v2\/pages\/1029\/revisions"}],"wp:attachment":[{"href":"https:\/\/uk-gb.net\/it\/wp-json\/wp\/v2\/media?parent=1029"}],"curies":[{"name":"wp","href":"https:\/\/api.w.org\/{rel}","templated":true}]}}