{"id":9838,"date":"2026-02-25T16:17:50","date_gmt":"2026-02-25T16:17:50","guid":{"rendered":"https:\/\/uk-gb.net\/?page_id=9838"},"modified":"2026-03-02T14:48:10","modified_gmt":"2026-03-02T14:48:10","slug":"causeway-coastal-route","status":"publish","type":"page","link":"https:\/\/uk-gb.net\/fr\/causeway-coastal-route\/","title":{"rendered":"Causeway Coastal Route : itin\u00e9raire complet en Irlande du Nord, carte et conseils"},"content":{"rendered":"\n<h1 class=\"wp-block-heading\">D\u00e9couvrir la Causeway Coastal Route en Irlande du Nord<\/h1>\n\n\n\n<p>La Causeway Coastal Route est l\u2019un des plus beaux road trips d\u2019Europe. Entre falaises spectaculaires, ch\u00e2teaux en ruine, plages sauvages et villages pittoresques, cette route relie <a href=\"https:\/\/uk-gb.net\/fr\/belfast\/\" type=\"page\" id=\"5344\">Belfast<\/a> \u00e0 Derry (Londonderry) sur environ 200 km.<\/p>\n\n\n\n<p>C\u2019est un itin\u00e9raire incontournable pour <strong>d\u00e9couvrir l\u2019Irlande du Nord<\/strong> de mani\u00e8re immersive.<\/p>\n\n\n\n<figure class=\"wp-block-image size-large\"><img fetchpriority=\"high\" decoding=\"async\" width=\"1024\" height=\"458\" src=\"https:\/\/uk-gb.net\/wp-content\/uploads\/2026\/02\/causeway-carrick-a-rede-rope-bridge-1024x458.jpg\" alt=\"\" class=\"wp-image-9843\" srcset=\"https:\/\/uk-gb.net\/wp-content\/uploads\/2026\/02\/causeway-carrick-a-rede-rope-bridge-1024x458.jpg 1024w, https:\/\/uk-gb.net\/wp-content\/uploads\/2026\/02\/causeway-carrick-a-rede-rope-bridge-300x134.jpg 300w, https:\/\/uk-gb.net\/wp-content\/uploads\/2026\/02\/causeway-carrick-a-rede-rope-bridge-768x344.jpg 768w, https:\/\/uk-gb.net\/wp-content\/uploads\/2026\/02\/causeway-carrick-a-rede-rope-bridge.jpg 1050w\" sizes=\"(max-width: 1024px) 100vw, 1024px\" \/><\/figure>\n\n\n\n<h2 class=\"wp-block-heading\">Itin\u00e9raire de la Causeway Coastal Route<\/h2>\n\n\n\n<p>La route suit la c\u00f4te nord de l\u2019Irlande du Nord et se parcourt en 1 \u00e0 3 jours selon votre rythme.<\/p>\n\n\n\n<p>\ud83d\udccd \u00c9tapes principales :<\/p>\n\n\n\n<ol class=\"wp-block-list\">\n<li>Belfast \u2013 point de d\u00e9part<\/li>\n\n\n\n<li>Carrickfergus Castle<\/li>\n\n\n\n<li>Carnlough \u2013 village authentique<\/li>\n\n\n\n<li>Carrick-a-Rede Rope Bridge<\/li>\n\n\n\n<li>Giant\u2019s Causeway (site UNESCO)<\/li>\n\n\n\n<li>Dunluce Castle<\/li>\n\n\n\n<li>Portrush &amp; Portstewart<\/li>\n\n\n\n<li>Mussenden Temple<\/li>\n\n\n\n<li>Derry \/ Londonderry<\/li>\n<\/ol>\n\n\n\n<div style=\"height:10px\" aria-hidden=\"true\" class=\"wp-block-spacer\"><\/div>\n\n\n\n<h2 class=\"wp-block-heading\">Les incontournables \u00e0 voir<\/h2>\n\n\n\n<p><strong>Giant\u2019s Causeway<\/strong> : Ce site class\u00e9 au patrimoine mondial de l&rsquo;UNESCO est c\u00e9l\u00e8bre pour ses colonnes de basalte hexagonales form\u00e9es par une \u00e9ruption volcanique. Il s&rsquo;agit d&rsquo;un site naturel unique au monde, compos\u00e9 de 40 000 colonnes de basalte form\u00e9es par une ancienne activit\u00e9 volcanique. Explorez les sentiers de randonn\u00e9e, admirez les formations rocheuses et visitez le centre d&rsquo;accueil pour en apprendre davantage sur la l\u00e9gende qui entoure ce lieu.<\/p>\n\n\n\n<figure class=\"wp-block-gallery has-nested-images columns-default is-cropped wp-block-gallery-1 is-layout-flex wp-block-gallery-is-layout-flex\">\n<figure class=\"wp-block-image size-large\"><img decoding=\"async\" width=\"1024\" height=\"566\" data-id=\"9845\" src=\"https:\/\/uk-gb.net\/wp-content\/uploads\/2026\/02\/giant-causeway-1-1024x566.jpg\" alt=\"\" class=\"wp-image-9845\" srcset=\"https:\/\/uk-gb.net\/wp-content\/uploads\/2026\/02\/giant-causeway-1-1024x566.jpg 1024w, https:\/\/uk-gb.net\/wp-content\/uploads\/2026\/02\/giant-causeway-1-300x166.jpg 300w, https:\/\/uk-gb.net\/wp-content\/uploads\/2026\/02\/giant-causeway-1-768x424.jpg 768w, https:\/\/uk-gb.net\/wp-content\/uploads\/2026\/02\/giant-causeway-1-1536x849.jpg 1536w, https:\/\/uk-gb.net\/wp-content\/uploads\/2026\/02\/giant-causeway-1.jpg 1549w\" sizes=\"(max-width: 1024px) 100vw, 1024px\" \/><figcaption class=\"wp-element-caption\"><strong>Giant\u2019s Causeway<\/strong><\/figcaption><\/figure>\n<\/figure>\n\n\n\n<p><strong>Carrick-a-Rede Rope Bridge<\/strong> : Ce pont suspendu offre une vue spectaculaire sur la mer et les falaises environnantes. Traversez le pont pour une mont\u00e9e d&rsquo;adr\u00e9naline et profitez de la beaut\u00e9 naturelle des environs.<\/p>\n\n\n\n<figure class=\"wp-block-image size-full\"><img decoding=\"async\" width=\"964\" height=\"522\" src=\"https:\/\/uk-gb.net\/wp-content\/uploads\/2026\/03\/carrick-a-rede-rope-bridge.jpg\" alt=\"\" class=\"wp-image-9849\" srcset=\"https:\/\/uk-gb.net\/wp-content\/uploads\/2026\/03\/carrick-a-rede-rope-bridge.jpg 964w, https:\/\/uk-gb.net\/wp-content\/uploads\/2026\/03\/carrick-a-rede-rope-bridge-300x162.jpg 300w, https:\/\/uk-gb.net\/wp-content\/uploads\/2026\/03\/carrick-a-rede-rope-bridge-768x416.jpg 768w\" sizes=\"(max-width: 964px) 100vw, 964px\" \/><figcaption class=\"wp-element-caption\"><strong>Carrick-a-Rede Rope Bridge<\/strong><\/figcaption><\/figure>\n\n\n\n<p><strong>Dunluce Castle<\/strong> : Perch\u00e9 sur des falaises, ce ch\u00e2teau m\u00e9di\u00e9val offre une vue imprenable sur l&rsquo;oc\u00e9an Atlantique. Visitez les ruines, d\u00e9couvrez son histoire fascinante, et profitez des paysages environnants.<\/p>\n\n\n\n<figure class=\"wp-block-image size-large\"><img loading=\"lazy\" decoding=\"async\" width=\"1024\" height=\"509\" src=\"https:\/\/uk-gb.net\/wp-content\/uploads\/2026\/03\/Dunluce-castle-1024x509.jpg\" alt=\"\" class=\"wp-image-9848\" srcset=\"https:\/\/uk-gb.net\/wp-content\/uploads\/2026\/03\/Dunluce-castle-1024x509.jpg 1024w, https:\/\/uk-gb.net\/wp-content\/uploads\/2026\/03\/Dunluce-castle-300x149.jpg 300w, https:\/\/uk-gb.net\/wp-content\/uploads\/2026\/03\/Dunluce-castle-768x382.jpg 768w, https:\/\/uk-gb.net\/wp-content\/uploads\/2026\/03\/Dunluce-castle.jpg 1142w\" sizes=\"(max-width: 1024px) 100vw, 1024px\" \/><figcaption class=\"wp-element-caption\"><strong>Dunluce Castle<\/strong><\/figcaption><\/figure>\n\n\n\n<p>Conseils Pratiques pour Votre Road Trip<\/p>\n\n\n\n<ul class=\"wp-block-list\">\n<li><strong>Meilleure P\u00e9riode pour Visiter<\/strong> : Les mois de mai \u00e0 septembre offrent un climat plus cl\u00e9ment et des journ\u00e9es plus longues.<\/li>\n\n\n\n<li><strong>Location de Voiture<\/strong> : Choisissez une voiture confortable pour profiter pleinement des paysages. Pensez \u00e0 r\u00e9server \u00e0 l&rsquo;avance, surtout en haute saison.<\/li>\n\n\n\n<li><strong>H\u00e9bergement<\/strong> : Optez pour des B&amp;B, des h\u00f4tels ou des campings le long de l&rsquo;itin\u00e9raire pour une exp\u00e9rience authentique.<\/li>\n\n\n\n<li><strong>Respectez l\u2019Environnement<\/strong> : Prenez soin des sites que vous visitez, emportez vos d\u00e9chets et respectez la faune locale.<\/li>\n\n\n\n<li><strong>Formalit\u00e9s de voyage<\/strong> : Pensez \u00e0 anticiper vos <a href=\"https:\/\/uk-gb.net\/fr\/visa-royaume-uni\/\" type=\"page\" id=\"373\">formalit\u00e9s pour le Royaume Uni<\/a>.<\/li>\n<\/ul>\n\n\n\n<div style=\"height:10px\" aria-hidden=\"true\" class=\"wp-block-spacer\"><\/div>\n\n\n\n<h2 class=\"wp-block-heading\">Pourquoi faire la Causeway Coastal Route ?<\/h2>\n\n\n\n<p>Le road trip le long de la Causeway Coastal Route est une exp\u00e9rience inoubliable qui allie beaut\u00e9 naturelle, histoire et aventure. Que vous souhaitiez explorer des sites embl\u00e9matiques ou simplement profiter du paysage, cet itin\u00e9raire est un incontournable lors de votre visite en Irlande du Nord. <\/p>\n\n\n\n<p>Pr\u00e9parez votre itin\u00e9raire, saisissez votre appareil photo et partez \u00e0 la d\u00e9couverte de ce tr\u00e9sor cach\u00e9.<\/p>\n","protected":false},"excerpt":{"rendered":"<p>D\u00e9couvrir la Causeway Coastal Route en Irlande du Nord La Causeway Coastal Route est l\u2019un des plus beaux road trips d\u2019Europe. Entre falaises spectaculaires, ch\u00e2teaux en ruine, plages sauvages et villages pittoresques, cette route relie Belfast \u00e0 Derry (Londonderry) sur environ 200 km. C\u2019est un itin\u00e9raire incontournable pour d\u00e9couvrir l\u2019Irlande du Nord de mani\u00e8re immersive. [&hellip;]<\/p>\n","protected":false},"author":1,"featured_media":0,"parent":0,"menu_order":0,"comment_status":"closed","ping_status":"closed","template":"","meta":{"footnotes":""},"class_list":["post-9838","page","type-page","status-publish","hentry"],"yoast_head":"<!-- This site is optimized with the Yoast SEO plugin v27.4 - https:\/\/yoast.com\/product\/yoast-seo-wordpress\/ -->\n<title>Causeway Coastal Route : itin\u00e9raire complet en Irlande du Nord, carte et conseils - UK GB<\/title>\n<meta name=\"description\" content=\"Causeway Coastal Route en Irlande du Nord : itin\u00e9raire d\u00e9taill\u00e9, carte, \u00e9tapes incontournables et lieux \u00e0 voir entre Belfast et Derry.\" \/>\n<meta name=\"robots\" content=\"index, follow, max-snippet:-1, max-image-preview:large, max-video-preview:-1\" \/>\n<link rel=\"canonical\" href=\"https:\/\/uk-gb.net\/fr\/causeway-coastal-route\/\" \/>\n<meta property=\"og:locale\" content=\"fr_FR\" \/>\n<meta property=\"og:type\" content=\"article\" \/>\n<meta property=\"og:title\" content=\"Causeway Coastal Route : itin\u00e9raire complet en Irlande du Nord, carte et conseils - UK GB\" \/>\n<meta property=\"og:description\" content=\"Causeway Coastal Route en Irlande du Nord : itin\u00e9raire d\u00e9taill\u00e9, carte, \u00e9tapes incontournables et lieux \u00e0 voir entre Belfast et Derry.\" \/>\n<meta property=\"og:url\" content=\"https:\/\/uk-gb.net\/fr\/causeway-coastal-route\/\" \/>\n<meta property=\"og:site_name\" content=\"UK GB\" \/>\n<meta property=\"article:modified_time\" content=\"2026-03-02T14:48:10+00:00\" \/>\n<meta property=\"og:image\" content=\"https:\/\/uk-gb.net\/wp-content\/uploads\/2026\/02\/causeway-carrick-a-rede-rope-bridge.jpg\" \/>\n\t<meta property=\"og:image:width\" content=\"1050\" \/>\n\t<meta property=\"og:image:height\" content=\"470\" \/>\n\t<meta property=\"og:image:type\" content=\"image\/jpeg\" \/>\n<meta name=\"twitter:card\" content=\"summary_large_image\" \/>\n<meta name=\"twitter:label1\" content=\"Dur\u00e9e de lecture estim\u00e9e\" \/>\n\t<meta name=\"twitter:data1\" content=\"3 minutes\" \/>\n<script type=\"application\/ld+json\" class=\"yoast-schema-graph\">{\"@context\":\"https:\\\/\\\/schema.org\",\"@graph\":[{\"@type\":\"WebPage\",\"@id\":\"https:\\\/\\\/uk-gb.net\\\/fr\\\/causeway-coastal-route\\\/\",\"url\":\"https:\\\/\\\/uk-gb.net\\\/fr\\\/causeway-coastal-route\\\/\",\"name\":\"Causeway Coastal Route : itin\u00e9raire complet en Irlande du Nord, carte et conseils - UK GB\",\"isPartOf\":{\"@id\":\"https:\\\/\\\/uk-gb.net\\\/fr\\\/#website\"},\"primaryImageOfPage\":{\"@id\":\"https:\\\/\\\/uk-gb.net\\\/fr\\\/causeway-coastal-route\\\/#primaryimage\"},\"image\":{\"@id\":\"https:\\\/\\\/uk-gb.net\\\/fr\\\/causeway-coastal-route\\\/#primaryimage\"},\"thumbnailUrl\":\"https:\\\/\\\/uk-gb.net\\\/wp-content\\\/uploads\\\/2026\\\/02\\\/causeway-carrick-a-rede-rope-bridge-1024x458.jpg\",\"datePublished\":\"2026-02-25T16:17:50+00:00\",\"dateModified\":\"2026-03-02T14:48:10+00:00\",\"description\":\"Causeway Coastal Route en Irlande du Nord : itin\u00e9raire d\u00e9taill\u00e9, carte, \u00e9tapes incontournables et lieux \u00e0 voir entre Belfast et Derry.\",\"inLanguage\":\"fr-FR\",\"potentialAction\":[{\"@type\":\"ReadAction\",\"target\":[\"https:\\\/\\\/uk-gb.net\\\/fr\\\/causeway-coastal-route\\\/\"]}]},{\"@type\":\"ImageObject\",\"inLanguage\":\"fr-FR\",\"@id\":\"https:\\\/\\\/uk-gb.net\\\/fr\\\/causeway-coastal-route\\\/#primaryimage\",\"url\":\"https:\\\/\\\/uk-gb.net\\\/wp-content\\\/uploads\\\/2026\\\/02\\\/causeway-carrick-a-rede-rope-bridge-1024x458.jpg\",\"contentUrl\":\"https:\\\/\\\/uk-gb.net\\\/wp-content\\\/uploads\\\/2026\\\/02\\\/causeway-carrick-a-rede-rope-bridge-1024x458.jpg\"},{\"@type\":\"WebSite\",\"@id\":\"https:\\\/\\\/uk-gb.net\\\/fr\\\/#website\",\"url\":\"https:\\\/\\\/uk-gb.net\\\/fr\\\/\",\"name\":\"UK GB\",\"description\":\"Travel to the UK\",\"potentialAction\":[{\"@type\":\"SearchAction\",\"target\":{\"@type\":\"EntryPoint\",\"urlTemplate\":\"https:\\\/\\\/uk-gb.net\\\/fr\\\/?s={search_term_string}\"},\"query-input\":{\"@type\":\"PropertyValueSpecification\",\"valueRequired\":true,\"valueName\":\"search_term_string\"}}],\"inLanguage\":\"fr-FR\"}]}<\/script>\n<!-- \/ Yoast SEO plugin. -->","yoast_head_json":{"title":"Causeway Coastal Route : itin\u00e9raire complet en Irlande du Nord, carte et conseils - UK GB","description":"Causeway Coastal Route en Irlande du Nord : itin\u00e9raire d\u00e9taill\u00e9, carte, \u00e9tapes incontournables et lieux \u00e0 voir entre Belfast et Derry.","robots":{"index":"index","follow":"follow","max-snippet":"max-snippet:-1","max-image-preview":"max-image-preview:large","max-video-preview":"max-video-preview:-1"},"canonical":"https:\/\/uk-gb.net\/fr\/causeway-coastal-route\/","og_locale":"fr_FR","og_type":"article","og_title":"Causeway Coastal Route : itin\u00e9raire complet en Irlande du Nord, carte et conseils - UK GB","og_description":"Causeway Coastal Route en Irlande du Nord : itin\u00e9raire d\u00e9taill\u00e9, carte, \u00e9tapes incontournables et lieux \u00e0 voir entre Belfast et Derry.","og_url":"https:\/\/uk-gb.net\/fr\/causeway-coastal-route\/","og_site_name":"UK GB","article_modified_time":"2026-03-02T14:48:10+00:00","og_image":[{"width":1050,"height":470,"url":"https:\/\/uk-gb.net\/wp-content\/uploads\/2026\/02\/causeway-carrick-a-rede-rope-bridge.jpg","type":"image\/jpeg"}],"twitter_card":"summary_large_image","twitter_misc":{"Dur\u00e9e de lecture estim\u00e9e":"3 minutes"},"schema":{"@context":"https:\/\/schema.org","@graph":[{"@type":"WebPage","@id":"https:\/\/uk-gb.net\/fr\/causeway-coastal-route\/","url":"https:\/\/uk-gb.net\/fr\/causeway-coastal-route\/","name":"Causeway Coastal Route : itin\u00e9raire complet en Irlande du Nord, carte et conseils - UK GB","isPartOf":{"@id":"https:\/\/uk-gb.net\/fr\/#website"},"primaryImageOfPage":{"@id":"https:\/\/uk-gb.net\/fr\/causeway-coastal-route\/#primaryimage"},"image":{"@id":"https:\/\/uk-gb.net\/fr\/causeway-coastal-route\/#primaryimage"},"thumbnailUrl":"https:\/\/uk-gb.net\/wp-content\/uploads\/2026\/02\/causeway-carrick-a-rede-rope-bridge-1024x458.jpg","datePublished":"2026-02-25T16:17:50+00:00","dateModified":"2026-03-02T14:48:10+00:00","description":"Causeway Coastal Route en Irlande du Nord : itin\u00e9raire d\u00e9taill\u00e9, carte, \u00e9tapes incontournables et lieux \u00e0 voir entre Belfast et Derry.","inLanguage":"fr-FR","potentialAction":[{"@type":"ReadAction","target":["https:\/\/uk-gb.net\/fr\/causeway-coastal-route\/"]}]},{"@type":"ImageObject","inLanguage":"fr-FR","@id":"https:\/\/uk-gb.net\/fr\/causeway-coastal-route\/#primaryimage","url":"https:\/\/uk-gb.net\/wp-content\/uploads\/2026\/02\/causeway-carrick-a-rede-rope-bridge-1024x458.jpg","contentUrl":"https:\/\/uk-gb.net\/wp-content\/uploads\/2026\/02\/causeway-carrick-a-rede-rope-bridge-1024x458.jpg"},{"@type":"WebSite","@id":"https:\/\/uk-gb.net\/fr\/#website","url":"https:\/\/uk-gb.net\/fr\/","name":"UK GB","description":"Travel to the UK","potentialAction":[{"@type":"SearchAction","target":{"@type":"EntryPoint","urlTemplate":"https:\/\/uk-gb.net\/fr\/?s={search_term_string}"},"query-input":{"@type":"PropertyValueSpecification","valueRequired":true,"valueName":"search_term_string"}}],"inLanguage":"fr-FR"}]}},"_links":{"self":[{"href":"https:\/\/uk-gb.net\/fr\/wp-json\/wp\/v2\/pages\/9838","targetHints":{"allow":["GET"]}}],"collection":[{"href":"https:\/\/uk-gb.net\/fr\/wp-json\/wp\/v2\/pages"}],"about":[{"href":"https:\/\/uk-gb.net\/fr\/wp-json\/wp\/v2\/types\/page"}],"author":[{"embeddable":true,"href":"https:\/\/uk-gb.net\/fr\/wp-json\/wp\/v2\/users\/1"}],"replies":[{"embeddable":true,"href":"https:\/\/uk-gb.net\/fr\/wp-json\/wp\/v2\/comments?post=9838"}],"version-history":[{"count":0,"href":"https:\/\/uk-gb.net\/fr\/wp-json\/wp\/v2\/pages\/9838\/revisions"}],"wp:attachment":[{"href":"https:\/\/uk-gb.net\/fr\/wp-json\/wp\/v2\/media?parent=9838"}],"curies":[{"name":"wp","href":"https:\/\/api.w.org\/{rel}","templated":true}]}}